{"id":792,"date":"2024-07-02T16:38:36","date_gmt":"2024-07-02T16:38:36","guid":{"rendered":"http:\/\/localhost\/hommywp\/m-sm-400-commercial-thai-fried-ice-cream-maker-equipment\/"},"modified":"2025-08-01T09:57:42","modified_gmt":"2025-08-01T09:57:42","slug":"m-sm-400-heladora-frita","status":"publish","type":"product","link":"https:\/\/www.hommy.com\/es\/p\/m-sm-400-heladora-frita\/","title":{"rendered":"M-Sm-400 Equipo comercial de fabricaci\u00f3n de helados fritos tailandeses"},"content":{"rendered":"<div>\n<p style=\"text-align: center\"><span style=\"letter-spacing: 0px;text-align: center;text-indent: 205px;font-family: Helvetica;font-size: 29px\"><br \/><\/span><\/p>\n<h2 style=\"text-align: center\"><strong><span style=\"letter-spacing: 0px;text-align: center;text-indent: 205px;font-family: Helvetica;font-size: 29px\"><a name=\"Ice Cream Roll Machine\"><\/a>M\u00e1quina de rollos de helado<\/span><\/strong><\/h2>\n<p style=\"text-align: center\"><span style=\"letter-spacing: 0px;text-align: center;text-indent: 205px;font-family: arial, helvetica, sans-serif;font-size: 16px\"><a href=\"#Ice Cream Roll Machine\" target=\"_self\" data-lv=\"0\" rel=\"noopener\">M\u00e1quina de rollos de helado<\/a>|<a href=\"#Product specification\" target=\"_self\" data-lv=\"0\" rel=\"noopener\">Especificaci\u00f3n del producto<\/a>|<a href=\"#Product Features\" target=\"_self\" data-lv=\"0\" rel=\"noopener\">Caracter\u00edsticas del producto<\/a>|<a href=\"#Product Description\" target=\"_self\" data-lv=\"0\" rel=\"noopener\">Descripci\u00f3n del producto<\/a>|<a href=\"#Operation Demonstration\" target=\"_self\" data-lv=\"0\" rel=\"noopener\">Demostraci\u00f3n de la operaci\u00f3n<\/a><\/span><\/p>\n<p style=\"text-indent: 205px;padding: 0px;vertical-align: baseline;text-align: center\"><\/p>\n<p style=\"text-align: center\">\n<p>Este frito <a style=\"color:blue\" href=\"\/es\/\">heladora<\/a> est\u00e1 disponible en el mercado en diferentes modelos y dise\u00f1os. Ofrecemos esta heladora en varias capacidades y modelos seg\u00fan las necesidades de los clientes.<\/p>\n<p><\/p>\n<h2 style=\"margin: 0px;text-indent: 0px;text-align: justify\"><span style=\"font-family: arial, helvetica, sans-serif;font-size: 24px\"><strong><span style=\"font-family: arial, helvetica, sans-serif;letter-spacing: 0px\"><strong><span style=\"font-family: arial, helvetica, sans-serif\"><a name=\"Product specification\"><\/a>Especificaci\u00f3n del producto<\/span><\/strong>:<\/span><\/strong><\/span><\/h2>\n<p><span style=\"font-family:Calibri;font-size:16px\">Par\u00e1metros t\u00e9cnicos:<\/span><\/p>\n<p><span style=\"font-family:Calibri;font-size:16px\"><br \/><\/span><\/p>\n<p style=\"text-align: center\"><img decoding=\"async\" src=\"https:\/\/www.hommy.com\/wp-content\/uploads\/16006565339830.png\" alt=\"producto-M-SM-400 heladera frita-Hommy-img\" title=\"\"><\/p>\n<p><span style=\"font-family:\u5b8b\u4f53;font-size:29px\"><br \/><\/span><\/p>\n<h2><span style=\"font-size: 24px;font-family: arial, helvetica, sans-serif\"><strong><span style=\"font-size: 24px\"><a name=\"Product Features\"><\/a>Caracter\u00edsticas del producto:<\/span><\/strong><\/span><\/h2>\n<p><span style=\"font-family:Calibri;font-size:16px\">La sart\u00e9n es de acero inoxidable, puede utilizar agua pura, adem\u00e1s de una f\u00f3rmula preparada<\/span><span style=\"font-family:\u5b8b\u4f53;font-size:16px\">&nbsp;<\/span><span style=\"font-family:Calibri;font-size:16px\">y bebidas de frutas, puede crear una gran variedad de tipos de hielo blando y duro.<\/span><span style=\"font-family:\u5b8b\u4f53;font-size:16px\">&nbsp;<\/span><span style=\"font-family:Calibri;font-size:16px\">nata, batidos, hielo, barro helado, granizado, hielo de nieve, hielo de fruta, gachas de hielo, fruta, etc.<\/span><\/p>\n<p><span style=\"font-family:Calibri;font-size:16px\"><br \/><\/span><\/p>\n<h2><span style=\"font-family: arial, helvetica, sans-serif\"><strong><span style=\"font-size: 24px\"><strong style=\"font-size: 24px\"><a name=\"Product Description\"><\/a>Descripci\u00f3n del producto:<\/strong><\/span><\/strong><\/span><\/h2>\n<p><span style=\"font-family:Calibri;font-size:16px\">1. Alta eficiencia y efecto de baja temperatura es excelente que puede pasar la temperatura -25 \u00b0 C.<\/span><\/p>\n<p><span style=\"font-family:Calibri;font-size:16px\">2. Sistema de control humanizado: en funci\u00f3n de su material para configurar el control de temperatura de los l\u00edmites superior e inferior de -19'C a -22C.<\/span><\/p>\n<p><span style=\"font-family:Calibri;font-size:16px\">3. Funci\u00f3n de descongelaci\u00f3n por el pie que es f\u00e1cil de controlador para el trabajador .<\/span><\/p>\n<p style=\"margin-top:0;margin-right:0;margin-bottom:0;margin-left:0;text-indent:0;text-align:justify\"><\/p>\n<h2><span style=\"font-size: 24px;font-family: arial, helvetica, sans-serif\"><strong><span style=\"font-size: 24px\"><a name=\"Operation Demonstration\"><\/a>Demostraci\u00f3n de la operaci\u00f3n:<\/span><\/strong><\/span><\/h2>\n<p><strong><span style=\"font-family:\u5b8b\u4f53;font-size:29px\"><br \/><\/span><\/strong><\/p>\n<p style=\"text-align: center\"><strong><span style=\"font-family:\u5b8b\u4f53;font-size:29px\"><img loading=\"lazy\" decoding=\"async\" src=\"https:\/\/www.hommy.com\/wp-content\/uploads\/16006569426595.jpg\" title=\"\" alt=\"producto-Hommy-img\" width=\"1000\" height=\"311\" border=\"0\" vspace=\"0\" style=\"width: 1000px;height: 311px\"><\/span><\/strong><\/p>\n<p><\/p>\n<p>Documento\uff1a<img decoding=\"async\" src=\"https:\/\/www.hommy.com\/wp-content\/uploads\/icon_pdf-49.gif\" style=\"margin-right: 2px\" alt=\"producto-Hommy-img\" title=\"\"><a href=\"https:\/\/img80002414.weyesimg.com\/uploads\/www.hommy.com\/addon\/16027296552707.pdf\" title=\"16027296552707.pdf\" style=\"font-size: 12px\">16027296552707.pdf<\/a><\/p>\n<h2>\u00bfC\u00f3mo es posible el helado frito?<\/h2>\n<p style=\"margin-top: 5px;margin-bottom: 5px\"><\/p>\n<p style=\"margin-top: 5px;margin-bottom: 5px\">Si eres como yo, habr\u00e1s o\u00eddo hablar del helado frito. Se trata b\u00e1sicamente de una delicia fr\u00eda rebozada y frita. Esta receta es el resultado de un divertido experimento que hice con un amigo.<\/p>\n<p style=\"margin-top: 5px;margin-bottom: 5px\"><\/p>\n<p style=\"margin-top: 5px;margin-bottom: 5px\"><\/p>\n<h2>\u00bfC\u00f3mo se hace el helado frito Reddit?<\/h2>\n<p style=\"margin-top: 5px;margin-bottom: 5px\"><\/p>\n<p style=\"margin-top: 5px;margin-bottom: 5px\">El s\u00e1ndwich de helado es un postre que se elabora con dos tipos diferentes de helado, normalmente de vainilla y chocolate, intercalados entre dos galletas.<\/p>\n<p style=\"margin-top: 5px;margin-bottom: 5px\"><\/p>\n<p style=\"margin-top: 5px;margin-bottom: 5px\">Se llama as\u00ed porque supuso una gran innovaci\u00f3n en la industria de los postres helados.<\/p>\n<p style=\"margin-top: 5px;margin-bottom: 5px\"><\/p>\n<p style=\"margin-top: 5px;margin-bottom: 5px\">Vamos a hablar de c\u00f3mo hacer helado frito.<\/p>\n<p style=\"margin-top: 5px;margin-bottom: 5px\"><\/p>\n<h2>\u00bfCu\u00e1nto cuesta una m\u00e1quina de batidos de McDonald's?<\/h2>\n<p style=\"margin-top: 5px;margin-bottom: 5px\"><\/p>\n<p style=\"margin-top: 5px;margin-bottom: 5px\">A:<\/p>\n<p style=\"margin-top: 5px;margin-bottom: 5px\"><\/p>\n<p style=\"margin-top: 5px;margin-bottom: 5px\">El coste de la maquinaria no es tanto. El coste de la maquinaria es una fracci\u00f3n del precio del producto, as\u00ed que seguro que se podr\u00eda fabricar una m\u00e1quina por tan s\u00f3lo $15.000. El coste de los ingredientes es bastante mayor. Cuesta mucho dinero comprar leche, porque hay que alimentar y cuidar a las vacas. Si compras un gal\u00f3n de leche en una tienda de comestibles, te costar\u00e1 $3,50, pero si compras un gal\u00f3n de leche en una granja lechera te costar\u00e1 alrededor de $4,50.&nbsp;<\/p>\n<\/div><\/div>","protected":false},"excerpt":{"rendered":"<p>Ice&nbsp;Cream&nbsp;Roll&nbsp;Machine Ice Cream Roll Machine|Product specification|Product Features|Product Description|Operation Demonstration This fried ice cream maker is available in the market in different models and designs. We offer this ice cream maker in various capacities and models according to the needs of the customers. Product specification: Technical Parameters: Product Features: The pans is made of stainless steel, [&hellip;]<\/p>\n","protected":false},"featured_media":1937,"comment_status":"open","ping_status":"open","template":"","meta":{"_swt_meta_header_display":false,"_swt_meta_footer_display":false,"_swt_meta_site_title_display":false,"_swt_meta_sticky_header":false,"_swt_meta_transparent_header":false},"product_brand":[],"product_cat":[83,77],"product_tag":[],"class_list":{"0":"post-792","1":"product","2":"type-product","3":"status-publish","4":"has-post-thumbnail","6":"product_cat-fried-ice-cream-machine","7":"product_cat-ice-cream-machine","9":"first","10":"instock","11":"shipping-taxable","12":"product-type-simple"},"_links":{"self":[{"href":"https:\/\/www.hommy.com\/es\/wp-json\/wp\/v2\/product\/792","targetHints":{"allow":["GET"]}}],"collection":[{"href":"https:\/\/www.hommy.com\/es\/wp-json\/wp\/v2\/product"}],"about":[{"href":"https:\/\/www.hommy.com\/es\/wp-json\/wp\/v2\/types\/product"}],"replies":[{"embeddable":true,"href":"https:\/\/www.hommy.com\/es\/wp-json\/wp\/v2\/comments?post=792"}],"wp:featuredmedia":[{"embeddable":true,"href":"https:\/\/www.hommy.com\/es\/wp-json\/wp\/v2\/media\/1937"}],"wp:attachment":[{"href":"https:\/\/www.hommy.com\/es\/wp-json\/wp\/v2\/media?parent=792"}],"wp:term":[{"taxonomy":"product_brand","embeddable":true,"href":"https:\/\/www.hommy.com\/es\/wp-json\/wp\/v2\/product_brand?post=792"},{"taxonomy":"product_cat","embeddable":true,"href":"https:\/\/www.hommy.com\/es\/wp-json\/wp\/v2\/product_cat?post=792"},{"taxonomy":"product_tag","embeddable":true,"href":"https:\/\/www.hommy.com\/es\/wp-json\/wp\/v2\/product_tag?post=792"}],"curies":[{"name":"wp","href":"https:\/\/api.w.org\/{rel}","templated":true}]}}