{"id":788,"date":"2024-07-02T16:23:28","date_gmt":"2024-07-02T16:23:28","guid":{"rendered":"http:\/\/localhost\/hommywp\/hm18-table-top-digital-control-panel-hard-ice-cream-machine\/"},"modified":"2025-08-01T09:57:42","modified_gmt":"2025-08-01T09:57:42","slug":"hm18-maquina-de-helados-duros-de-sobremesa","status":"publish","type":"product","link":"https:\/\/www.hommy.com\/es\/p\/hm18-maquina-de-helados-duros-de-sobremesa\/","title":{"rendered":"Hm18 Mesa Panel de Control Digital M\u00e1quina de helado duro"},"content":{"rendered":"<div>\n<p style=\"text-align: center\"><a href=\"#Table top Gelato Freezer\" target=\"_self\" data-lv=\"0\" style=\"font-family: inherit\" rel=\"noopener\"><span style=\"font-size: 16px\"><span style=\"font-family: arial, helvetica, sans-serif\">Congelador de helado de sobremesa<\/span><\/span><\/a><span style=\"color: inherit;font-family: inherit;font-size: 16px\"><span style=\"font-family: arial, helvetica, sans-serif\">|<a href=\"#Product specification\" target=\"_self\" data-lv=\"0\" rel=\"noopener\">Especificaci\u00f3n del producto<\/a>|<a href=\"#Product Features\" target=\"_self\" data-lv=\"0\" rel=\"noopener\">Caracter\u00edsticas del producto<\/a>|<a href=\"#Product Advantage\" target=\"_self\" data-lv=\"0\" rel=\"noopener\">Ventajas del producto<\/a>&nbsp;<\/span><\/span><\/p>\n<p><\/p>\n<p style=\"text-align: center\">\n<p>Somos l\u00edderes en el suministro de <a style=\"color:blue\" href=\"\/es\/\">equipo para helados<\/a> y se dedican a la fabricaci\u00f3n de M\u00e1quinas de helados de la materia prima m\u00e1s confiable, que se obtiene de los fabricantes m\u00e1s populares del mercado. Con el fin de satisfacer las diversas necesidades de nuestros clientes, nos mantenemos actualizados mediante la lectura de nuevos productos en el mercado. Adem\u00e1s, ofrecemos m\u00e1quinas de helados de gama alta y son conocidos por tener productos de calidad en nuestra gama. Estos productos incluyen m\u00e1quinas de helados, m\u00e1quinas de helados para uso dom\u00e9stico, m\u00e1quinas de helados para restaurantes y congeladores de helados.<\/p>\n<p style=\"margin-top:0;margin-right:0;margin-bottom:0;margin-left:0;text-indent:0;text-align:justify\"><span style=\"letter-spacing: 0px;font-size: 24px;font-family: arial, helvetica, sans-serif\"><span style=\"font-family: arial, helvetica, sans-serif;font-size: 24px;text-align: justify\">&nbsp; &nbsp;<\/span><\/span><\/p>\n<h2 style=\"margin: 0px;text-indent: 0px;text-align: justify\"><strong><span style=\"letter-spacing: 0px;font-size: 24px;font-family: arial, helvetica, sans-serif\"><span style=\"font-family: arial, helvetica, sans-serif;font-size: 24px;text-align: justify\">&nbsp;<a name=\"Product specification\"><\/a>Especificaciones del producto\uff1a<\/span><\/span><\/strong><\/h2>\n<p style=\"margin-top:0;margin-right:0;margin-bottom:0;margin-left:0;text-indent:0;text-align:justify\"><span style=\"letter-spacing: 0px;font-size: 24px;font-family: arial, helvetica, sans-serif\"><span style=\"font-family: arial, helvetica, sans-serif;font-size: 24px;text-align: justify\"><br \/><\/span><\/span><\/p>\n<p style=\"margin-top:0;margin-right:0;margin-bottom:0;margin-left:0;text-indent:0;text-align:justify\"><span style=\"letter-spacing: 0px;font-size: 24px;font-family: arial, helvetica, sans-serif\"><br \/><\/span><\/p>\n<p style=\"text-align: center\"><img decoding=\"async\" src=\"https:\/\/www.hommy.com\/wp-content\/uploads\/16009386442698.png\" alt=\"producto-Hommy-img\" title=\"\"><\/p>\n<p><\/p>\n<p><\/p>\n<div class=\"d-tem01-graphic tem01-graphic mockup\" data-detail=\"wrap\">\n<div class=\"cont-section clearfix d-clearfix\">\n<div class=\"col-md-6 col-sm-6 col-xs-6\">\n<div class=\"right-p\">\n<div class=\"h2 heading\" style=\"text-align: left\">\n<p style=\"text-align:center\"><img loading=\"lazy\" decoding=\"async\" src=\"https:\/\/www.hommy.com\/wp-content\/uploads\/16009958245964.jpg\" alt=\"producto-Hommy-img\" style=\"font-size: 14px;width: 400px;height: 500px\" title=\"\" width=\"400\" height=\"500\" border=\"0\" vspace=\"0\"><\/p>\n<p><span style=\"font-size: 14px\">&nbsp; &nbsp; &nbsp; &nbsp;<\/span><\/p>\n<p><span style=\"font-size: 14px\"><br \/><\/span><\/p>\n<p><span style=\"font-size: 14px\"><br \/><\/span><\/p>\n<p><span style=\"font-size: 14px\"> <\/span><\/p>\n<p style=\"margin-bottom: 0px;text-align: justify\"><span style=\"letter-spacing: 0px;font-size: 24px;font-family: arial, helvetica, sans-serif\"><\/span><\/p>\n<h2><span style=\"font-size: 24px\"><strong><span style=\"letter-spacing: 0px;font-family: arial, helvetica, sans-serif\"><a name=\"Product Advantage\"><\/a>Ventaja del producto:<\/span><\/strong><\/span><\/h2>\n<\/div>\n<\/div>\n<\/div>\n<div class=\"col-md-6 col-sm-6 col-xs-6\">\n<div class=\"right-p\">\n<div class=\"h2 heading\">\n<p style=\"text-align:justify\"><span style=\"font-size: 16px;font-family: arial, helvetica, sans-serif\"><\/span><\/p>\n<p style=\"margin-top:0;margin-right:0;margin-bottom:0;margin-left:0;text-indent:0;text-align:justify\"><strong><span style=\"letter-spacing: 0px;font-size: 29px;font-family: arial, helvetica, sans-serif\"><br \/><\/span><\/strong><\/p>\n<p style=\"margin-top:0;margin-right:0;margin-bottom:0;margin-left:0;text-indent:0;text-align:justify\"><strong><span style=\"letter-spacing: 0px;font-size: 29px;font-family: arial, helvetica, sans-serif\"><br \/><\/span><\/strong><\/p>\n<h2 style=\"margin: 0px;text-indent: 0px;text-align: justify\"><span style=\"font-size: 24px\"><strong><span style=\"letter-spacing: 0px;font-family: arial, helvetica, sans-serif\"><a name=\"Product Features\"><\/a>Caracter\u00edsticas del producto:<\/span><\/strong><\/span><span style=\"font-family:\u5b8b\u4f53;letter-spacing:0;font-size:29px\"> <\/span><\/h2>\n<p style=\"margin-top:0;margin-right:0;margin-bottom:0;margin-left:0;text-indent:0;text-align:justify\"><span style=\"font-family:\u5b8b\u4f53;letter-spacing:0;font-size:29px\"><br \/><\/span><\/p>\n<p style=\"text-align:justify\"><span style=\"font-size: 16px;font-family: arial, helvetica, sans-serif\">Racionalizar el lujoso aspecto exterior.<\/span><\/p>\n<p style=\"text-align:justify\"><span style=\"font-size: 16px;font-family: arial, helvetica, sans-serif\">Chapa de acero inoxidable como cubierta exterior para mayor durabilidad.<\/span><\/p>\n<p style=\"text-align:justify\"><span style=\"font-size: 16px;font-family: arial, helvetica, sans-serif\">Cilindro y eje agitador \u00fanicos.<\/span><\/p>\n<p style=\"text-align:justify\"><span style=\"font-size: 16px;font-family: arial, helvetica, sans-serif\">Sistema de control electr\u00f3nico de f\u00e1cil manejo. <\/span><\/p>\n<p style=\"text-align:justify\"><span style=\"font-size: 16px;font-family: arial, helvetica, sans-serif\">Panel de control digital con interruptor t\u00e1ctil.<\/span><\/p>\n<p style=\"text-align:justify\"><span style=\"font-size: 16px;font-family: arial, helvetica, sans-serif\">El sistema inteligente de control totalmente informatizado supervisa continuamente la consistencia para garantizar el producto deseado.<\/span><\/p>\n<p style=\"text-align:justify\"><span style=\"font-size: 16px;font-family: arial, helvetica, sans-serif\">El tiempo de producci\u00f3n es ajustable. <\/span><\/p>\n<p style=\"text-align:justify\"><span style=\"font-size: 16px;font-family: arial, helvetica, sans-serif\">F\u00e1cil de manejar.<\/span><\/p>\n<p style=\"text-align:justify\"><span style=\"font-size: 16px;font-family: arial, helvetica, sans-serif\"><\/span><\/p>\n<\/div>\n<\/div>\n<\/div>\n<\/div>\n<\/div>\n<div class=\"d-tem01-graphic tem01-graphic mockup\" data-detail=\"wrap\">\n<div class=\"cont-section clearfix d-clearfix\">\n<div class=\"col-md-6 col-sm-6 col-xs-6\">\n<div class=\"right-p\">\n<div class=\"h2 heading\">\n<p style=\"text-indent: 0;padding: 0;vertical-align: baseline\"><span style=\"letter-spacing: 0px;font-size: 20px;font-family: arial, helvetica, sans-serif\">1. El bloque tromat de cubierta de pl\u00e1stico es limpio e higi\u00e9nico, con alto grado de sellado, operaci\u00f3n simple y bella apariencia.<\/span><\/p>\n<p style=\"text-indent: 0;padding: 0;vertical-align: baseline\"><span style=\"font-family: \u5b8b\u4f53;letter-spacing: 0px;font-size: 20px\"><br \/><\/span><\/p>\n<p style=\"text-indent: 0;padding: 0;vertical-align: baseline\"><span style=\"font-family: \u5b8b\u4f53;letter-spacing: 0px;font-size: 20px\"><br \/><\/span><\/p>\n<\/div>\n<\/div>\n<div class=\"graphic_pic animated wow bounceIn\" data-wow-delay=\".7s\">\n<p style=\"text-align:center\"><img loading=\"lazy\" decoding=\"async\" src=\"https:\/\/www.hommy.com\/wp-content\/uploads\/16009964333073.png\" alt=\"producto-HM18B m\u00e1quina de helados duros de sobremesa-Hommy-img\" title=\"\" width=\"350\" height=\"246\" border=\"0\" vspace=\"0\" style=\"width: 350px;height: 246px\"><\/p>\n<\/div>\n<\/div>\n<div class=\"col-md-6 col-sm-6 col-xs-6\">\n<div class=\"right-p\">\n<div class=\"h2 heading\">\n<p style=\"text-indent: 0;padding: 0;vertical-align: baseline\"><span style=\"letter-spacing: 0px;font-size: 20px;font-family: arial, helvetica, sans-serif\"><span style=\"letter-spacing: 0px;font-size: 20px\">2.&nbsp;<\/span>El panel de control muestra claramente el progreso de la producci\u00f3n, y se puede ajustar el tiempo de cada producci\u00f3n.<\/span><\/p>\n<p style=\"text-indent: 0;padding: 0;vertical-align: baseline\"><span style=\"letter-spacing: 0px;font-size: 20px;font-family: arial, helvetica, sans-serif\"><br \/><\/span><\/p>\n<p style=\"text-indent: 0;padding: 0;vertical-align: baseline\"><span style=\"letter-spacing: 0px;font-size: 20px;font-family: arial, helvetica, sans-serif\"><br \/><\/span><\/p>\n<p style=\"text-indent: 0;padding: 0;vertical-align: baseline\"><span style=\"letter-spacing: 0px;font-size: 20px;font-family: arial, helvetica, sans-serif\"><br \/><\/span><\/p>\n<\/div>\n<\/div>\n<div class=\"graphic_pic animated wow bounceIn\" data-wow-delay=\".7s\">\n<p style=\"text-align:center\"><img loading=\"lazy\" decoding=\"async\" src=\"https:\/\/www.hommy.com\/wp-content\/uploads\/16009974133673.jpg\" alt=\"producto-Hommy-img\" title=\"\" width=\"250\" height=\"500\" border=\"0\" vspace=\"0\" style=\"width: 250px;height: 500px\"><\/p>\n<\/div>\n<\/div>\n<\/div>\n<\/div>\n<p>Documento\uff1a<img decoding=\"async\" src=\"https:\/\/www.hommy.com\/wp-content\/uploads\/icon_pdf-48.gif\" style=\"margin-right: 2px\" alt=\"producto-Hommy-img\" title=\"\"><a href=\"https:\/\/img80002414.weyesimg.com\/uploads\/www.hommy.com\/addon\/16026603438776.pdf\" title=\"16026603438776.pdf\" style=\"font-size: 12px\">16026603438776.pdf<\/a><\/p>\n<div>\n<div>\n<h2 class=\"otl-heading\" style=\"text-indent: 0em;padding-left: 0em\"><\/h2>\n<\/div>\n<h2>\u00bfPor qu\u00e9 se reblandece el helado en mi congelador?<\/h2>\n<p>El helado se ablanda en el congelador debido al cambio de temperatura. Cuando la temperatura del helado desciende por debajo del punto de congelaci\u00f3n, los cristales de hielo se ablandan y el helado se derrite m\u00e1s r\u00e1pidamente. Cuanto m\u00e1s se derrite, m\u00e1s l\u00edquido absorbe. Si la temperatura desciende por debajo del punto de congelaci\u00f3n, el helado absorbe l\u00edquido del aire que lo rodea. Esto hace que el helado se ablande y se derrita m\u00e1s deprisa.<\/p>\n<p><\/p>\n<h2>\u00bfC\u00f3mo se llama el helado en Francia?<\/h2>\n<p>El helado es un tipo de postre helado elaborado con nata y leche o nata y otros ingredientes. El helado se elabora con nata y leche, y otros ingredientes como az\u00facar y otros aditivos, que pueden incluir frutas, frutos secos o chocolate.En Francia, el helado se denomina glace. Glace es tambi\u00e9n el t\u00e9rmino utilizado en muchos otros pa\u00edses para designar los postres helados elaborados con leche, nata o ambas. En ingl\u00e9s, el t\u00e9rmino ice cream es m\u00e1s com\u00fan.<\/p>\n<p><\/p>\n<h2>\u00bfC\u00f3mo llaman los italianos al helado?<\/h2>\n<p>Gelato es la palabra italiana para helado. (El nombre italiano de una peque\u00f1a tienda que vende helados es, de hecho, \"gelateria\"). La palabra para helado es, por supuesto, \"gelato\". Hay una diferencia en la forma de escribir la \"a\" italiana. El sonido italiano de la \"a\" es una a \"corta\", que suena como la a de la palabra inglesa \"father\".<\/p>\n<\/div>\n<\/div><\/div>","protected":false},"excerpt":{"rendered":"<p>Table top Gelato Freezer|Product specification|Product Features|Product Advantage&nbsp; We are the leaders in providing high-end ice cream equipment and are engaged in manufacturing Ice Cream Machines from the most reliable raw material, which is sourced from the most popular manufacturers of the market. In order to satisfy the varied requirements of our clients, we keep ourselves [&hellip;]<\/p>\n","protected":false},"featured_media":1936,"comment_status":"open","ping_status":"open","template":"","meta":{"_swt_meta_header_display":false,"_swt_meta_footer_display":false,"_swt_meta_site_title_display":false,"_swt_meta_sticky_header":false,"_swt_meta_transparent_header":false},"product_brand":[],"product_cat":[82],"product_tag":[],"class_list":{"0":"post-788","1":"product","2":"type-product","3":"status-publish","4":"has-post-thumbnail","6":"product_cat-hard-ice-cream-machine","8":"first","9":"instock","10":"shipping-taxable","11":"product-type-simple"},"_links":{"self":[{"href":"https:\/\/www.hommy.com\/es\/wp-json\/wp\/v2\/product\/788","targetHints":{"allow":["GET"]}}],"collection":[{"href":"https:\/\/www.hommy.com\/es\/wp-json\/wp\/v2\/product"}],"about":[{"href":"https:\/\/www.hommy.com\/es\/wp-json\/wp\/v2\/types\/product"}],"replies":[{"embeddable":true,"href":"https:\/\/www.hommy.com\/es\/wp-json\/wp\/v2\/comments?post=788"}],"wp:featuredmedia":[{"embeddable":true,"href":"https:\/\/www.hommy.com\/es\/wp-json\/wp\/v2\/media\/1936"}],"wp:attachment":[{"href":"https:\/\/www.hommy.com\/es\/wp-json\/wp\/v2\/media?parent=788"}],"wp:term":[{"taxonomy":"product_brand","embeddable":true,"href":"https:\/\/www.hommy.com\/es\/wp-json\/wp\/v2\/product_brand?post=788"},{"taxonomy":"product_cat","embeddable":true,"href":"https:\/\/www.hommy.com\/es\/wp-json\/wp\/v2\/product_cat?post=788"},{"taxonomy":"product_tag","embeddable":true,"href":"https:\/\/www.hommy.com\/es\/wp-json\/wp\/v2\/product_tag?post=788"}],"curies":[{"name":"wp","href":"https:\/\/api.w.org\/{rel}","templated":true}]}}