{"id":782,"date":"2024-07-02T16:13:47","date_gmt":"2024-07-02T16:13:47","guid":{"rendered":"http:\/\/localhost\/hommywp\/hm38-best-sale-tecumseh-compressor-italy-gelato-maker-factory-cost\/"},"modified":"2025-08-01T09:57:42","modified_gmt":"2025-08-01T09:57:42","slug":"heladera-hm38","status":"publish","type":"product","link":"https:\/\/www.hommy.com\/es\/p\/heladera-hm38\/","title":{"rendered":"Hm38 Mejor Venta Tecumseh Compresor Italia Gelato Maker Costo de F\u00e1brica"},"content":{"rendered":"<div>\n<p>&nbsp;&nbsp;&nbsp;&nbsp;<\/p>\n<p style=\"text-align: center\"><\/p>\n<h2 style=\"text-align: center\"><span style=\"font-family: arial, helvetica, sans-serif\"><strong><span style=\"letter-spacing: 0px;font-size: 29px\"><a name=\"Gelato Maker\"><\/a>Heladero<\/span><\/strong><\/span><\/h2>\n<p style=\"text-align: center\"><a href=\"#Gelato Maker\" target=\"_self\" data-lv=\"0\" rel=\"noopener\"><span style=\"font-family: arial, helvetica, sans-serif;font-size: 16px\"><span style=\"font-family: arial, helvetica, sans-serif;letter-spacing: 0px\">Heladero<\/span><\/span><\/a><span style=\"font-family: arial, helvetica, sans-serif;font-size: 16px\"><span style=\"font-family: arial, helvetica, sans-serif;letter-spacing: 0px\">|<a href=\"#Product specification\" target=\"_self\" data-lv=\"0\" rel=\"noopener\">Especificaci\u00f3n del producto<\/a>|<a href=\"#Product Features\" target=\"_self\" data-lv=\"0\" rel=\"noopener\">Caracter\u00edsticas del producto<\/a>|<a href=\"#Product Advantage\" target=\"_self\" data-lv=\"0\" rel=\"noopener\">Ventajas del producto<\/a><\/span><\/span><\/p>\n<p><\/p>\n<p style=\"text-align: center\">\n<p>El Gelato Maker es una herramienta f\u00e1cil de usar que le permitir\u00e1 crear su propio gelato de sabores. No tienes que ir a la helader\u00eda o esperar en la cola para un helado para hacer tu propio helado. El Gelato Maker le permitir\u00e1 crear su propio helado. En el Gelato Maker hay un peque\u00f1o dep\u00f3sito de su elecci\u00f3n (puede ser leche sola, cualquier tipo de leche aromatizada, cualquier tipo de zumo aromatizado, cualquier tipo de leche aromatizada y\/o cualquier otro l\u00edquido\/crema que cree el sabor que desee) y un recipiente que contendr\u00e1 cualquier otro l\u00edquido que desee utilizar para ello.<\/p>\n<p><span style=\"font-family: arial, helvetica, sans-serif;font-size: 24px;font-weight: 700\"><\/span><\/p>\n<h2 style=\"margin-bottom: 0px\"><span style=\"font-size: 24px\"><span style=\"font-weight: 700\"><span style=\"letter-spacing: 0px;font-family: arial, helvetica, sans-serif\"><a name=\"Product specification\"><\/a>Especificaciones del producto\uff1a<\/span><\/span><\/span><\/h2>\n<p style=\"margin-bottom: 0px\"><span style=\"font-size: 24px\"><span style=\"font-weight: 700\"><span style=\"letter-spacing: 0px;font-family: arial, helvetica, sans-serif\"><br \/><\/span><\/span><\/span><\/p>\n<p style=\"margin-bottom: 0px\"><span style=\"font-size: 24px\"><span style=\"font-weight: 700\"><span style=\"letter-spacing: 0px;font-family: arial, helvetica, sans-serif\"><br \/><\/span><\/span><\/span><\/p>\n<p style=\"margin-bottom: 0px;text-align: center\"><img decoding=\"async\" src=\"https:\/\/www.hommy.com\/wp-content\/uploads\/16008297565343-2.png\" alt=\"producto-Hommy-img\" title=\"\"><\/p>\n<p style=\"margin-bottom: 0px\"><\/p>\n<p style=\"margin-bottom: 0px\"><\/p>\n<p style=\"margin-bottom: 0px\"><span style=\"font-family: arial, helvetica, sans-serif;font-size: 24px;font-weight: 700\"><\/span><\/p>\n<div class=\"d-tem01-graphic tem01-graphic mockup\" data-detail=\"wrap\">\n<div class=\"cont-section clearfix d-clearfix\">\n<div class=\"col-md-6 col-sm-6 col-xs-6\"><\/p>\n<div class=\"graphic_pic animated wow bounceIn\" data-wow-delay=\".7s\">\n<p style=\"text-align:center\"><img decoding=\"async\" src=\"https:\/\/www.hommy.com\/wp-content\/uploads\/16008380342603.jpg\" alt=\"producto-Hommy-img\" title=\"\"><\/p>\n<\/div>\n<\/div>\n<div class=\"col-md-6 col-sm-6 col-xs-6\">\n<div class=\"right-p\">\n<p><span style=\"font-family: arial, helvetica, sans-serif;font-size: 24px;font-weight: 700;text-align: justify\"><br \/><\/span><\/p>\n<p><span style=\"font-family: arial, helvetica, sans-serif;font-size: 24px;font-weight: 700;text-align: justify\"><br \/><\/span><\/p>\n<h2><span style=\"font-family: arial, helvetica, sans-serif;font-size: 24px;font-weight: 700;text-align: justify\"><a name=\"Product Features\"><\/a>Caracter\u00edsticas del producto:<\/span><\/h2>\n<div class=\"description\">\n<p style=\"text-indent: 0;padding: 0;vertical-align: baseline\"><span style=\"font-family: Calibri;letter-spacing: 0px;font-size: 19px\">\u25c6 Compresores de marca mundial Tecumseh , funcionan en estado estacionario.<\/span><\/p>\n<p style=\"text-indent: 0;padding: 0;vertical-align: baseline\"><span><span style=\"letter-spacing: 0px;font-family: Calibri;font-size: 19px\">\u25c6<\/span><span style=\"font-family: Calibri;letter-spacing: 0px;font-size: 19px\">&nbsp;Potente electromotor, potencia hasta 5000W.<\/span><\/span><\/p>\n<p style=\"text-indent: 0;padding: 0;vertical-align: baseline\"><span><span style=\"letter-spacing: 0px;font-family: Calibri;font-size: 19px\">\u25c6<\/span><span style=\"font-family: Calibri;letter-spacing: 0px;font-size: 19px\">&nbsp;Nuevo dise\u00f1o de polea de doble ranura, rotaci\u00f3n estable, bajo ruido, baja vibraci\u00f3n, sin deslizamiento.  La vida \u00fatil de la correa es 75% m\u00e1s larga que el dise\u00f1o antiguo.  Y la <a style=\"color:blue\" href=\"\/es\/\">m\u00e1quina de helados<\/a> funci\u00f3n es mucho m\u00e1s estable que la norma nacional.<\/span><\/span><\/p>\n<p style=\"text-indent: 0;padding: 0;vertical-align: baseline\"><span><span style=\"letter-spacing: 0px;font-family: Calibri;font-size: 19px\">\u25c6<\/span><span style=\"font-family: Calibri;letter-spacing: 0px;font-size: 19px\">&nbsp;Aplicar \u00faltimo <\/span><span style=\"font-family: \u5b8b\u4f53;letter-spacing: 0px;font-size: 19px\">investigaci\u00f3n<\/span><span style=\"font-family: Calibri;letter-spacing: 0px;font-size: 19px\">&nbsp;logro, fortalecer el espesor de la capa de espuma, proporcionar un mejor aislamiento y ahorrar m\u00e1s energ\u00eda, mantiene el helado en cierta temperatura, <\/span><span style=\"font-family: \u5b8b\u4f53;letter-spacing: 0px;font-size: 19px\">mantener<\/span><span style=\"font-family: Calibri;letter-spacing: 0px;font-size: 19px\">&nbsp;el sabor original.<\/span><\/span><\/p>\n<p style=\"text-indent: 0;padding: 0;vertical-align: baseline\"><span><span style=\"letter-spacing: 0px;font-family: Calibri;font-size: 19px\">\u25c6&nbsp;<\/span><span style=\"font-family: Calibri;letter-spacing: 0px;font-size: 19px\">El evaporador de cobre puro acelera la transferencia de calor y mejora la eficiencia.<\/span><\/span><\/p>\n<p style=\"text-indent: 0;padding: 0;vertical-align: baseline\"><span><span style=\"letter-spacing: 0px;font-family: Calibri;font-size: 19px\">\u25c6&nbsp;<\/span><span style=\"font-family: Calibri;letter-spacing: 0px;font-size: 19px\">Las grandes aspas del ventilador mantienen el ruido en el nivel m\u00e1s bajo a la vez que proporcionan suficiente volumen de aire.<\/span><\/span><\/p>\n<p style=\"text-indent: 0;padding: 0;vertical-align: baseline\"><span><span style=\"letter-spacing: 0px;font-family: Calibri;font-size: 19px\">\u25c6&nbsp;<\/span><span style=\"font-family: Calibri;letter-spacing: 0px;font-size: 19px\">Sistema operativo de \u00faltima generaci\u00f3n, el funcionamiento de la m\u00e1quina de un vistazo.<\/span><\/span><\/p>\n<\/div>\n<\/div>\n<p><span>&nbsp; &nbsp; &nbsp; &nbsp; &nbsp; &nbsp; &nbsp;<\/span><\/div>\n<\/div>\n<\/div>\n<p style=\"margin-bottom: 0px\"><span style=\"font-family: arial, helvetica, sans-serif;font-size: 24px;font-weight: 700\"><br \/><\/span><\/p>\n<h2 style=\"margin-bottom: 0px\"><span style=\"font-family: arial, helvetica, sans-serif;font-size: 24px;font-weight: 700\"><a name=\"Product Advantage\"><\/a>Ventaja del producto:<\/span><\/h2>\n<div class=\"d-tem01-graphic tem01-graphic mockup\" data-detail=\"wrap\">\n<div class=\"cont-section clearfix d-clearfix\">\n<div class=\"col-md-6 col-sm-6 col-xs-6\">\n<div class=\"right-p\">\n<p><span style=\"letter-spacing: 0px;font-size: 20px;font-family: arial, helvetica, sans-serif\">1.&nbsp;<\/span><span style=\"font-family: arial, helvetica, sans-serif\"><span style=\"font-family: Calibri;letter-spacing: 0px;font-size: 20px\">Varilla agitadora de alta resistencia al desgaste, material importado de calidad alimentaria, pone fin a la expansi\u00f3n y contracci\u00f3n t\u00e9rmica, reduce el vac\u00edo del cilindro rascador, hace que el sabor del helado sea m\u00e1s delicado y suave<\/span><span style=\"font-family: \u5b8b\u4f53;letter-spacing: 0px;font-size: 20px\">.<\/span><\/span><\/p>\n<p><span style=\"font-family: arial, helvetica, sans-serif\"><span style=\"font-family: \u5b8b\u4f53;letter-spacing: 0px;font-size: 20px\"><br \/><\/span><\/span><\/p>\n<p><span style=\"font-family: arial, helvetica, sans-serif\"><span style=\"font-family: \u5b8b\u4f53;letter-spacing: 0px;font-size: 20px\"><br \/><\/span><\/span><\/p>\n<\/div>\n<div class=\"graphic_pic animated wow bounceIn\" data-wow-delay=\".7s\">\n<p style=\"text-align:center\"><img loading=\"lazy\" decoding=\"async\" src=\"https:\/\/www.hommy.com\/wp-content\/uploads\/16008387863584.png\" alt=\"product-Hommy-HM38 Heladera-img\" title=\"\" width=\"330\" height=\"362\" border=\"0\" vspace=\"0\" style=\"width: 330px;height: 362px\"><\/p>\n<\/div>\n<\/div>\n<div class=\"col-md-6 col-sm-6 col-xs-6\">\n<div class=\"right-p\">\n<p><span style=\"font-family: arial, helvetica, sans-serif;font-size: 20px\">2.El bloque tromat de acero inoxidable es limpio e higi\u00e9nico, con un alto grado de sellado, un funcionamiento sencillo y un bonito aspecto.<\/span><\/p>\n<p><span style=\"font-family: arial, helvetica, sans-serif;font-size: 20px\"><br \/><\/span><\/p>\n<p><span style=\"font-family: arial, helvetica, sans-serif;font-size: 20px\"><br \/><\/span><\/p>\n<\/div>\n<div class=\"graphic_pic animated wow bounceIn\" data-wow-delay=\".7s\">\n<p style=\"text-align:center\"><img loading=\"lazy\" decoding=\"async\" src=\"https:\/\/www.hommy.com\/wp-content\/uploads\/16008388628220.png\" alt=\"producto-Hommy-img\" title=\"\" width=\"350\" height=\"279\" border=\"0\" vspace=\"0\" style=\"width: 350px;height: 279px\"><\/p>\n<\/div>\n<\/div>\n<\/div>\n<\/div>\n<div class=\"d-tem01-graphic tem01-graphic mockup\" data-detail=\"wrap\">\n<div class=\"cont-section clearfix d-clearfix\">\n<div class=\"col-md-6 col-sm-6 col-xs-6\">\n<div class=\"right-p\">\n<div class=\"h2 heading\"><span style=\"font-family: arial, helvetica, sans-serif;font-size: 20px\">3. El panel de control muestra claramente el progreso de la producci\u00f3n, y se puede ajustar el tiempo para cada producci\u00f3n.<\/span><\/div>\n<\/div>\n<div class=\"graphic_pic animated wow bounceIn\" data-wow-delay=\".7s\">\n<p style=\"text-align:center\"><img decoding=\"async\" src=\"https:\/\/www.hommy.com\/wp-content\/uploads\/16008389169004.png\" alt=\"producto-Hommy-img\" title=\"\"><\/p>\n<\/div>\n<\/div>\n<p>&nbsp; &nbsp; &nbsp; &nbsp; &nbsp; &nbsp;<\/div>\n<\/div>\n<p>Documento\uff1a<img decoding=\"async\" src=\"https:\/\/www.hommy.com\/wp-content\/uploads\/icon_pdf-47.gif\" style=\"margin-right: 2px\" alt=\"producto-HM38 Heladera-Hommy-img\" title=\"\"><a href=\"https:\/\/img80002414.weyesimg.com\/uploads\/www.hommy.com\/addon\/16027245511513.pdf\" title=\"16027245511513.pdf\" style=\"font-size: 12px\">16027245511513.pdf<\/a><\/p>\n<h2 style=\"font-family: sans-serif\">\u00bfQu\u00e9 es el <a style=\"color:blue\" href=\"https:\/\/www.hommy.com\/es\/maquina-de-helados-duros\/\">m\u00e1quina de helados<\/a> \u00bfLlamado?<\/h2>\n<p style=\"margin-top: 5px;margin-bottom: 5px;font-family: sans-serif;font-size: 16px\"><\/p>\n<p style=\"margin-top: 5px;margin-bottom: 5px;font-family: sans-serif;font-size: 16px\">Un gelatore es la peque\u00f1a m\u00e1quina en la que se preparan helados y batidos. No tiene tanta prensa como una m\u00e1quina para hacer helados, porque cuando no se puede hacer un buen helado, a veces lo mejor es una m\u00e1quina para hacer batidos. Pero si se hace bien, no hace falta una m\u00e1quina de helados.<\/p>\n<p style=\"margin-top: 5px;margin-bottom: 5px;font-family: sans-serif;font-size: 16px\"><\/p>\n<p style=\"margin-top: 5px;margin-bottom: 5px;font-family: sans-serif;font-size: 16px\">Servir leche actualizada. Es una forma de decir que la leche ha cambiado con el tiempo. La norma actual para la leche es la pasteurizaci\u00f3n ultra alta, o UHT. Pero la verdadera pregunta es si la leche ha sido ultrapasteurizada antes de ser homogeneizada y despu\u00e9s envasada y entregada en un punto de venta. La respuesta es no. Al menos no a menos que<\/p>\n<p style=\"margin-top: 5px;margin-bottom: 5px;font-family: sans-serif;font-size: 16px\"><\/p>\n<h2 style=\"font-family: sans-serif\">\u00bfEs necesario congelar el helado?<\/h2>\n<p style=\"margin-top: 5px;margin-bottom: 5px;font-family: sans-serif;font-size: 16px\"><\/p>\n<p style=\"margin-top: 5px;margin-bottom: 5px;font-family: sans-serif;font-size: 16px\">S\u00ed. El helado est\u00e1 en su punto \u00f3ptimo cuando se sirve a unos 35\u00baC o 72\u00baF, pero puede servirse ligeramente m\u00e1s caliente (a 60\u00baC o 140\u00baF). En verano, el helado debe servirse fr\u00edo y muy por debajo del punto de congelaci\u00f3n.<\/p>\n<p style=\"margin-top: 5px;margin-bottom: 5px;font-family: sans-serif;font-size: 16px\"><\/p>\n<p style=\"margin-top: 5px;margin-bottom: 5px;font-family: sans-serif;font-size: 16px\">El helado se consum\u00eda tradicionalmente en verano, pero ahora se est\u00e1 produciendo un gran renacimiento del helado en la zona mediterr\u00e1nea. En algunos pa\u00edses, sobre todo en el norte de Italia, las helader\u00edas siguen funcionando pr\u00e1cticamente igual que hace unas d\u00e9cadas.<\/p>\n<p style=\"margin-top: 5px;margin-bottom: 5px;font-family: sans-serif;font-size: 16px\"><\/p>\n<p style=\"margin-top: 5px;margin-bottom: 5px;font-family: sans-serif;font-size: 16px\"><\/p>\n<h2 style=\"font-family: sans-serif\">\u00bfQu\u00e9 hace que el helado sea el\u00e1stico?<\/h2>\n<p style=\"margin-top: 5px;margin-bottom: 5px;font-family: sans-serif;font-size: 16px\"><\/p>\n<p style=\"margin-top: 5px;margin-bottom: 5px;font-family: sans-serif;font-size: 16px\">El helado no se estira, sino que fluye como la nata.Aunque el helado no se estira, puede seguir utiliz\u00e1ndose, ya que est\u00e1 hecho para un solo consumo.Como resultado, se estirar\u00e1 al cabo de unos d\u00edas si se conserva a temperatura ambiente.Por lo tanto, si va a conservarlo m\u00e1s de una semana, envu\u00e9lvalo bien (tambi\u00e9n puede utilizar una bolsa de congelaci\u00f3n). Si el helado no mantiene su forma, puede a\u00f1adirle un poco de nata o nata montada para que vuelva a estirarse.<\/p>\n<\/div><\/div>","protected":false},"excerpt":{"rendered":"<p>&nbsp;&nbsp;&nbsp;&nbsp; Gelato Maker Gelato Maker|Product specification|Product Features|Product Advantage The Gelato Maker is an easy to use tool that will allow you to create your own flavor gelato. You do not have to go to the gelato shop or wait in line for a gelato to make your own gelato. The Gelato Maker will allow you [&hellip;]<\/p>\n","protected":false},"featured_media":1935,"comment_status":"open","ping_status":"open","template":"","meta":{"_swt_meta_header_display":false,"_swt_meta_footer_display":false,"_swt_meta_site_title_display":false,"_swt_meta_sticky_header":false,"_swt_meta_transparent_header":false},"product_brand":[],"product_cat":[82],"product_tag":[],"class_list":{"0":"post-782","1":"product","2":"type-product","3":"status-publish","4":"has-post-thumbnail","6":"product_cat-hard-ice-cream-machine","8":"first","9":"instock","10":"shipping-taxable","11":"product-type-simple"},"_links":{"self":[{"href":"https:\/\/www.hommy.com\/es\/wp-json\/wp\/v2\/product\/782","targetHints":{"allow":["GET"]}}],"collection":[{"href":"https:\/\/www.hommy.com\/es\/wp-json\/wp\/v2\/product"}],"about":[{"href":"https:\/\/www.hommy.com\/es\/wp-json\/wp\/v2\/types\/product"}],"replies":[{"embeddable":true,"href":"https:\/\/www.hommy.com\/es\/wp-json\/wp\/v2\/comments?post=782"}],"wp:featuredmedia":[{"embeddable":true,"href":"https:\/\/www.hommy.com\/es\/wp-json\/wp\/v2\/media\/1935"}],"wp:attachment":[{"href":"https:\/\/www.hommy.com\/es\/wp-json\/wp\/v2\/media?parent=782"}],"wp:term":[{"taxonomy":"product_brand","embeddable":true,"href":"https:\/\/www.hommy.com\/es\/wp-json\/wp\/v2\/product_brand?post=782"},{"taxonomy":"product_cat","embeddable":true,"href":"https:\/\/www.hommy.com\/es\/wp-json\/wp\/v2\/product_cat?post=782"},{"taxonomy":"product_tag","embeddable":true,"href":"https:\/\/www.hommy.com\/es\/wp-json\/wp\/v2\/product_tag?post=782"}],"curies":[{"name":"wp","href":"https:\/\/api.w.org\/{rel}","templated":true}]}}