{"id":775,"date":"2024-07-02T16:03:57","date_gmt":"2024-07-02T16:03:57","guid":{"rendered":"http:\/\/localhost\/hommywp\/commercial-big-fan-blades-gelato-maker-hard-ice-cream-maker\/"},"modified":"2025-08-01T09:57:42","modified_gmt":"2025-08-01T09:57:42","slug":"maquina-de-hacer-rollos-de-helado-duro-comercial","status":"publish","type":"product","link":"https:\/\/www.hommy.com\/es\/p\/maquina-de-hacer-rollos-de-helado-duro-comercial\/","title":{"rendered":"Heladera Comercial de Palas Grandes con Ventilador, Fabricadora de Helado Duro"},"content":{"rendered":"<div>\n<p>&nbsp;<\/p>\n<h2 style=\"text-align: center\"><strong><span style=\"font-family: arial, helvetica, sans-serif;font-size: 24px\"><a name=\"Hard ice cream making machine\/Gelato maker\"><\/a>M\u00e1quina para hacer helados duros\/Gelatinas<\/span><\/strong><\/h2>\n<p style=\"text-align: center\"><span style=\"font-size: 16px;font-family: arial, helvetica, sans-serif\">&nbsp;<a href=\"#Hard ice cream making machine\/Gelato maker\" target=\"_self\" data-lv=\"0\" rel=\"noopener\">M\u00e1quina para hacer helados duros\/Gelatinas<\/a>|<a href=\"#PRODUCT FEATURES\" target=\"_self\" data-lv=\"0\" rel=\"noopener\">CARACTER\u00cdSTICAS DEL PRODUCTO<\/a>|<a href=\"#Hard Ice Cream Making Machine\" target=\"_self\" data-lv=\"0\" rel=\"noopener\">M\u00e1quina para hacer helado duro<\/a>|<a href=\"#PRODUCT SPECIFICATION\" target=\"_self\" data-lv=\"0\" rel=\"noopener\">ESPECIFICACI\u00d3N DEL PRODUCTO<\/a>|<a href=\"#PRODUCT ADVANTAGE\" target=\"_self\" data-lv=\"0\" rel=\"noopener\">VENTAJA DEL PRODUCTO<\/a><\/span><\/p>\n<p style=\"text-align: center\"><video src=\"https:\/\/img80002414.weyesimg.com\/uploads\/wij2rdgc.allweyes.com\/video\/15553982036329.mp4\" preload=\"none\" controls=\"\" poster=\"https:\/\/img80002414.weyesimg.com\/uploads\/wij2rdgc.allweyes.com\/images\/15553981902577.jpg\" data-setup=\"{}\" width=\"900\" height=\"640\"><\/video><\/p>\n<p>&nbsp;Estamos encantados de ofrecer Gelato Maker a nuestros clientes. Es una m\u00e1quina utilizada para hacer gelato de diferentes sabores como mango, vainilla, fresa, etc. Es muy popular en todo el mundo. Con ella, podr\u00e1 crear f\u00e1cilmente helados perfectos para cualquier ocasi\u00f3n. Es una alternativa asequible a las m\u00e1quinas m\u00e1s caras y es f\u00e1cil de usar.<\/p>\n<div class=\"text-left d-tem09-title d-interval\" data-detail=\"wrap\">\n<div class=\"title-header\">\n<h2><strong><span style=\"font-family: arial, helvetica, sans-serif;font-size: 24px\"><a name=\"PRODUCT FEATURES\"><\/a>CARACTER\u00cdSTICAS DEL PRODUCTO<\/span><\/strong><\/h2>\n<div class=\"subtitle\"><span>La planta de Hommy ocupa una superficie de 30.500 metros cuadrados en la ciudad de Xinhui Jiangmen, y consta de l\u00edneas de producci\u00f3n flexibles, laboratorio de I+D, centro de aprendizaje y taller equipado con equipos de vanguardia.<\/span><\/div>\n<\/div>\n<\/div>\n<p>&nbsp;<\/p>\n<div class=\"d-tem11-graphic tem11-graphic mockup\" data-detail=\"wrap\">\n<div class=\"tab_row\">\n<div class=\"img\" style=\"width: 50%\"><img decoding=\"async\" title=\"\" alt=\"producto-Hommy-img\" src=\"https:\/\/www.hommy.com\/wp-content\/uploads\/15553985425937.jpg\"><\/div>\n<div class=\"text_box\" style=\"width: 50%\">\n<div class=\"txt\">\n<div class=\"title\">\n<h2>&nbsp;<strong><span style=\"font-family: arial, helvetica, sans-serif;font-size: 24px\"><a name=\"Hard Ice Cream Making Machine\"><\/a>M\u00e1quina para hacer helado duro<\/span><\/strong><\/h2>\n<\/div>\n<p>&nbsp;<\/p>\n<p style=\"line-height: 1.5em\">Compresores de la marca mundial Tecumseh , funcionan en estado estacionario.<br \/>Potente electromotor, potencia de hasta5000W.<br \/>Nuevo dise\u00f1o de polea de doble ranura, rotaci\u00f3n estable, bajo ruido, baja vibraci\u00f3n, sin deslizamiento. La vida \u00fatil de la correa es 75% m\u00e1s larga que el dise\u00f1o antiguo.  Y la <a style=\"color:blue\" href=\"\/es\/\">m\u00e1quina de helados<\/a> funci\u00f3n es mucho m\u00e1s estable que la norma nacional.<br \/>Aplicar los \u00faltimos logros de la investigaci\u00f3n, fortalecer el espesor de la capa de espuma, proporcionar un mejor aislamiento y ahorrar m\u00e1s energ\u00eda, mantiene el helado en cierta temperatura, mantener el sabor original.<br \/>El evaporador de cobre puro acelera la transferencia de calor y mejora la eficiencia.<br \/>Las grandes aspas del ventilador mantienen el ruido en el nivel m\u00e1s bajo a la vez que proporcionan suficiente volumen de aire.<br \/>Sistema operativo de \u00faltima generaci\u00f3n, el funcionamiento de la m\u00e1quina de un vistazo.<\/p>\n<p>&nbsp;<\/p>\n<\/div>\n<\/div>\n<\/div>\n<\/div>\n<p>&nbsp;<\/p>\n<div class=\"text-left d-tem09-title d-interval\" data-detail=\"wrap\">\n<div class=\"title-header\">\n<h2><strong><span style=\"font-size: 24px;font-family: arial, helvetica, sans-serif\"><a name=\"PRODUCT SPECIFICATION\"><\/a>ESPECIFICACI\u00d3N DEL PRODUCTO<\/span><\/strong><\/h2>\n<div class=\"subtitle\"><span>La excelente experiencia del cliente es el punto de partida de Hommy.<\/span><\/div>\n<\/div>\n<\/div>\n<p>&nbsp;<\/p>\n<div class=\"table-responsive\">\n<table class=\"table table-bordered table-hover\">\n<tbody>\n<tr class=\"firstRow\">\n<td rowspan=\"2\" width=\"71\" valign=\"center\">\n<p style=\"text-align:center\">N\u00ba de art\u00edculo<\/p>\n<\/td>\n<td rowspan=\"2\" width=\"138\" valign=\"center\">\n<p style=\"text-align:center\">Control por pantalla t\u00e1ctil<\/p>\n<\/td>\n<td rowspan=\"2\" width=\"71\" valign=\"center\">\n<p style=\"text-align:center\">Capacidad de producci\u00f3n<\/p>\n<\/td>\n<td rowspan=\"2\" width=\"82\" valign=\"center\">\n<p style=\"text-align:center\">Cilindrada<\/p>\n<\/td>\n<td rowspan=\"2\" width=\"92\" valign=\"center\">\n<p style=\"text-align:center\">Alimentaci\u00f3n<\/p>\n<\/td>\n<td colspan=\"2\" width=\"144\" valign=\"center\">\n<p style=\"text-align:center\">Sistema de refrigeraci\u00f3n<\/p>\n<\/td>\n<td colspan=\"3\" width=\"216\" valign=\"center\">\n<p style=\"text-align:center\">Neto Dimensiones (mm)<\/p>\n<\/td>\n<td rowspan=\"2\" width=\"72\" valign=\"center\">\n<p style=\"text-align:center\">N.W(kg)<\/p>\n<\/td>\n<\/tr>\n<tr>\n<td width=\"72\" valign=\"center\">\n<p style=\"text-align:center\">congelaci\u00f3n<\/p>\n<\/td>\n<td width=\"72\" valign=\"center\">\n<p style=\"text-align:center\">Condensador de refrigeraci\u00f3n<\/p>\n<\/td>\n<td width=\"72\" valign=\"center\">\n<p style=\"text-align:center\">anchura<\/p>\n<\/td>\n<td width=\"72\" valign=\"center\">\n<p style=\"text-align:center\">profundidad<\/p>\n<\/td>\n<td width=\"72\" valign=\"center\">\n<p style=\"text-align:center\">altura<\/p>\n<\/td>\n<\/tr>\n<tr>\n<td rowspan=\"2\" width=\"71\" valign=\"center\">\n<p style=\"text-align:center\">HM28S<\/p>\n<\/td>\n<td rowspan=\"2\" width=\"138\" valign=\"center\">\n<p style=\"text-align:center\">Panel de control electr\u00f3nico<\/p>\n<\/td>\n<td rowspan=\"2\" width=\"71\" valign=\"center\">\n<p style=\"text-align:center\">80L\/H<\/p>\n<\/td>\n<td rowspan=\"2\" width=\"82\" valign=\"center\">\n<p style=\"text-align:center\">15L<\/p>\n<\/td>\n<td width=\"92\" valign=\"center\">\n<p style=\"text-align:center\">220~380V<\/p>\n<\/td>\n<td rowspan=\"2\" width=\"72\" valign=\"center\">\n<p style=\"text-align:center\">R404A<\/p>\n<\/td>\n<td rowspan=\"2\" width=\"72\" valign=\"center\">\n<p style=\"text-align:center\">Aire\/agua<\/p>\n<\/td>\n<td rowspan=\"2\" width=\"72\" valign=\"center\">\n<p style=\"text-align:center\">550<\/p>\n<\/td>\n<td rowspan=\"2\" width=\"72\" valign=\"center\">\n<p style=\"text-align:center\">700<\/p>\n<\/td>\n<td rowspan=\"2\" width=\"72\" valign=\"center\">\n<p style=\"text-align:center\">1420<\/p>\n<\/td>\n<td rowspan=\"2\" width=\"72\" valign=\"center\">\n<p style=\"text-align:center\">186<\/p>\n<\/td>\n<\/tr>\n<tr>\n<td width=\"92\" valign=\"center\">\n<p style=\"text-align:center\">50HZ\/60HZ<\/p>\n<\/td>\n<\/tr>\n<\/tbody>\n<\/table>\n<\/div>\n<p>&nbsp;<\/p>\n<div class=\"text-left d-tem09-title d-interval\" data-detail=\"wrap\">\n<div class=\"title-header\">\n<h2><strong><span style=\"font-size: 24px;font-family: arial, helvetica, sans-serif\"><a name=\"PRODUCT ADVANTAGE\"><\/a>VENTAJA DEL PRODUCTO<\/span><\/strong><\/h2>\n<p><span>Adem\u00e1s, los ingenieros m\u00e1s cualificados, los tecn\u00f3logos m\u00e1s h\u00e1biles y el personal con m\u00e1s conocimientos contribuyen en gran medida al desarrollo de la empresa.<\/span><\/p>\n<p><span><img loading=\"lazy\" decoding=\"async\" title=\"\" alt=\"producto-Hommy-img\" src=\"https:\/\/www.hommy.com\/wp-content\/uploads\/15553986958665.jpg\" style=\"font-size: 0px;width: 300px;height: 600px\" width=\"300\" height=\"600\" border=\"0\" vspace=\"0\"><\/span><\/p>\n<\/div>\n<\/div>\n<p><span style=\"text-align: center\">1. Cuerpo completo de acero inoxidable, para un uso duradero y un aspecto lujoso.<\/span><\/p>\n<p><img loading=\"lazy\" decoding=\"async\" title=\"\" alt=\"producto-Hommy-img\" src=\"https:\/\/www.hommy.com\/wp-content\/uploads\/15553987016618.jpg\" style=\"font-size: 0px;width: 200px;height: 600px\" width=\"200\" height=\"600\" border=\"0\" vspace=\"0\"><\/p>\n<p><span style=\"text-align: center\">2.Varilla agitadora altamente resistente al desgaste, material importado de calidad alimentaria, pone fin a la expansi\u00f3n y contracci\u00f3n t\u00e9rmica, reduce el vac\u00edo del cilindro rascador, hace que el sabor del helado sea m\u00e1s delicado y suave.<\/span><\/p>\n<p><br style=\"text-align: center\" \/><span style=\"text-align: center\">3.Boca de entrada de ingredientes.Ponga la mezcla proporcional de helado en polvo y agua en el recipiente de ingredientes,Tenga en cuenta que el volumen total de la papilla no puede exceder el nivel MAX del recipiente.<\/span><\/p>\n<p><\/p>\n<p><span style=\"text-align: center\"><br \/><\/span><\/p>\n<p><span style=\"text-align: center\"><br \/><\/span><\/p>\n<p><span style=\"text-align: center\">Documento:<\/span><img decoding=\"async\" src=\"https:\/\/www.hommy.com\/wp-content\/uploads\/icon_pdf-46.gif\" style=\"margin-right: 2px\" alt=\"producto-Gelato makercomercial helado duro m\u00e1quina-Hommy-img\" title=\"\"><a href=\"https:\/\/img80002414.weyesimg.com\/uploads\/www.hommy.com\/addon\/16028363831459.pdf\" title=\"16028363831459.pdf\" style=\"font-size: 12px\">16028363831459.pdf<\/a><\/p>\n<p><span style=\"text-align: center\"><\/span><\/p>\n<h2>\u00bfCu\u00e1nto cuesta un <a style=\"color:blue\" href=\"https:\/\/www.hommy.com\/es\/maquina-de-helados-duros\/\">m\u00e1quina de helados duros<\/a>?<\/h2>\n<p style=\"margin-top: 5px;margin-bottom: 5px\"><\/p>\n<p style=\"margin-top: 5px;margin-bottom: 5px\">La m\u00e1quina de helados es la parte m\u00e1s importante de una helader\u00eda. Si vas a comprar una nueva, tendr\u00e1s que asegurarte de comprar la adecuada para tu negocio. Por eso, te explicamos cu\u00e1nto cuesta exactamente una m\u00e1quina de helados y qu\u00e9 debes tener en cuenta a la hora de comprarla.<\/p>\n<p style=\"margin-top: 5px;margin-bottom: 5px\"><\/p>\n<p style=\"margin-top: 5px;margin-bottom: 5px\">Como ocurre con muchas otras cosas en la vida, existe una amplia gama de precios a la hora de comprar m\u00e1quinas de helados. Depende del tipo de m\u00e1quina, la marca y las caracter\u00edsticas que desee.<\/p>\n<p style=\"margin-top: 5px;margin-bottom: 5px\"><\/p>\n<h2>\u00bfC\u00f3mo se hace un helado duro?<\/h2>\n<p style=\"margin-top: 5px;margin-bottom: 5px\"><\/p>\n<p style=\"margin-top: 5px;margin-bottom: 5px\">Estoy buscando una forma de hacer helado duro que no requiera mucha energ\u00eda. Tengo una enfriadora al vac\u00edo y una embolsadora, as\u00ed que no necesito hacer nada con el helado. Me gustar\u00eda poder coger un cart\u00f3n de leche y hacer un helado. Tambi\u00e9n busco un m\u00e9todo que no cambie la textura.<\/p>\n<p style=\"margin-top: 5px;margin-bottom: 5px\"><\/p>\n<p style=\"margin-top: 5px;margin-bottom: 5px\">\u00bfExiste el helado duro? Hace unos meses prob\u00e9 el helado duro y la verdad es que era incre\u00edble. No ten\u00eda ni idea de lo dif\u00edcil que era hacerlo.<\/p>\n<p style=\"margin-top: 5px;margin-bottom: 5px\"><\/p>\n<p style=\"margin-top: 5px;margin-bottom: 5px\">Cuando digo servir duro, me refiero a que tienes que golpear el helado con el palo. No el palo del helado. El palo de la cuchara.<\/p>\n<\/div><\/div>","protected":false},"excerpt":{"rendered":"<p>&nbsp; Hard ice cream making machine\/Gelato maker &nbsp;Hard ice cream making machine\/Gelato maker|PRODUCT FEATURES|Hard Ice Cream Making Machine|PRODUCT SPECIFICATION|PRODUCT ADVANTAGE &nbsp;We are excited to offer Gelato Maker to our customers. It is a machine used for making gelato in different flavors like mango, vanilla, strawberry, etc. It is highly popular in all over the world. [&hellip;]<\/p>\n","protected":false},"featured_media":771,"comment_status":"open","ping_status":"open","template":"","meta":{"_swt_meta_header_display":false,"_swt_meta_footer_display":false,"_swt_meta_site_title_display":false,"_swt_meta_sticky_header":false,"_swt_meta_transparent_header":false},"product_brand":[],"product_cat":[82],"product_tag":[],"class_list":{"0":"post-775","1":"product","2":"type-product","3":"status-publish","4":"has-post-thumbnail","6":"product_cat-hard-ice-cream-machine","8":"first","9":"instock","10":"shipping-taxable","11":"product-type-simple"},"_links":{"self":[{"href":"https:\/\/www.hommy.com\/es\/wp-json\/wp\/v2\/product\/775","targetHints":{"allow":["GET"]}}],"collection":[{"href":"https:\/\/www.hommy.com\/es\/wp-json\/wp\/v2\/product"}],"about":[{"href":"https:\/\/www.hommy.com\/es\/wp-json\/wp\/v2\/types\/product"}],"replies":[{"embeddable":true,"href":"https:\/\/www.hommy.com\/es\/wp-json\/wp\/v2\/comments?post=775"}],"wp:featuredmedia":[{"embeddable":true,"href":"https:\/\/www.hommy.com\/es\/wp-json\/wp\/v2\/media\/771"}],"wp:attachment":[{"href":"https:\/\/www.hommy.com\/es\/wp-json\/wp\/v2\/media?parent=775"}],"wp:term":[{"taxonomy":"product_brand","embeddable":true,"href":"https:\/\/www.hommy.com\/es\/wp-json\/wp\/v2\/product_brand?post=775"},{"taxonomy":"product_cat","embeddable":true,"href":"https:\/\/www.hommy.com\/es\/wp-json\/wp\/v2\/product_cat?post=775"},{"taxonomy":"product_tag","embeddable":true,"href":"https:\/\/www.hommy.com\/es\/wp-json\/wp\/v2\/product_tag?post=775"}],"curies":[{"name":"wp","href":"https:\/\/api.w.org\/{rel}","templated":true}]}}