{"id":770,"date":"2024-07-02T16:03:54","date_gmt":"2024-07-02T16:03:54","guid":{"rendered":"http:\/\/localhost\/hommywp\/hm-ma-20-hard-ice-cream-pasteurization-machine-wholesale\/"},"modified":"2025-08-01T09:57:42","modified_gmt":"2025-08-01T09:57:42","slug":"maquina-de-pasteurizacion-de-helados-hm-ma-20","status":"publish","type":"product","link":"https:\/\/www.hommy.com\/es\/p\/maquina-de-pasteurizacion-de-helados-hm-ma-20\/","title":{"rendered":"M\u00e1quina de pasteurizaci\u00f3n de helado duro Hm-Ma 20 al por mayor"},"content":{"rendered":"<div>\n<p><\/p>\n<p><\/p>\n<h2 style=\"text-align: center\"><strong><span style=\"font-family: arial, helvetica, sans-serif\"><span style=\"font-size: 29px\"><a name=\"Ice Cream Pasteurization Machine\"><\/a>I<\/span><span style=\"letter-spacing: 0px;font-size: 29px\">ce M\u00e1quina pasteurizadora de nata<\/span><\/span><\/strong><\/h2>\n<p style=\"text-align: center\"><a href=\"#Ice Cream Pasteurization Machine\" target=\"_self\" data-lv=\"0\" rel=\"noopener\"><span style=\"letter-spacing: 0px;font-family: arial, helvetica, sans-serif;font-size: 16px\">M\u00e1quina de pasteurizaci\u00f3n de helados<\/span><\/a><span style=\"letter-spacing: 0px;font-family: arial, helvetica, sans-serif;font-size: 16px\">|<a href=\"#Product specification\" target=\"_self\" data-lv=\"0\" rel=\"noopener\">Especificaci\u00f3n del producto<\/a>|<a href=\"#Product Features\" target=\"_self\" data-lv=\"0\" rel=\"noopener\">Caracter\u00edsticas del producto<\/a>|<a href=\"#Product Advantage\" target=\"_self\" data-lv=\"0\" rel=\"noopener\">Ventajas del producto<\/a><\/span><\/p>\n<p>Nuestra m\u00e1quina ofrecida se fabrica utilizando la mejor materia prima de calidad y tecnolog\u00eda avanzada en sinton\u00eda con las normas internacionales de calidad. Esta m\u00e1quina es compacta y f\u00e1cil de operar.<\/p>\n<h2 style=\"margin: 0px;text-indent: 0px;text-align: justify\"><span style=\"font-size: 24px\"><strong><span style=\"letter-spacing: 0px;font-family: arial, helvetica, sans-serif\"><a name=\"Product specification\"><\/a>Especificaci\u00f3n del producto:<\/span><\/strong><\/span><\/h2>\n<p style=\"text-align:justify\"><span style=\"font-family: arial, helvetica, sans-serif\"><span style=\"font-size: 16px\">Se puede utilizar en cualquier sala de trabajo de helados para producir varios tipos de helado y mezcla de helado, en condiciones totalmente higi\u00e9nicas.<\/span><\/span><\/p>\n<p style=\"text-align:justify\"><span style=\"font-family: arial, helvetica, sans-serif\"><span style=\"font-size: 16px\">La temperatura sube a 85\u2103\uff08o cualquier temperatura necesaria\uff09\uff0cy se mantiene a 85 (o cualquier temperatura necesaria).<\/span><span style=\"font-size: 16px\">&nbsp;<span style=\"font-size: 16px\">durante cinco minutos para matar las bacterias, luego se enfr\u00eda r\u00e1pidamente y se mantiene a una temperatura de 4 \u2103 para el envejecimiento durante un per\u00edodo de tiempo determinado o incluso durante la noche para<\/span> hacer la mezcla m\u00e1s cremosa.<\/span><\/span><\/p>\n<p style=\"text-align:justify\"><span style=\"font-family: arial, helvetica, sans-serif\"><span style=\"font-size: 16px\"><br \/><\/span><\/span><\/p>\n<p style=\"text-align:justify\"><span style=\"font-family: arial, helvetica, sans-serif\"><span style=\"font-size: 16px\"><br \/><\/span><\/span><\/p>\n<p style=\"text-align: center\"><img decoding=\"async\" src=\"https:\/\/www.hommy.com\/wp-content\/uploads\/16009987091450.png\" alt=\"producto-Hommy-img\" title=\"\"><\/p>\n<p><\/p>\n<p><\/p>\n<div class=\"d-tem01-graphic tem01-graphic mockup\" data-detail=\"wrap\">\n<div class=\"cont-section clearfix d-clearfix\">\n<div class=\"col-md-6 col-sm-6 col-xs-6\"><\/p>\n<div class=\"graphic_pic animated wow bounceIn\" data-wow-delay=\".7s\">\n<p style=\"text-align:center\"><img loading=\"lazy\" decoding=\"async\" src=\"https:\/\/www.hommy.com\/wp-content\/uploads\/16009989147980.png\" alt=\"producto-Hommy-img\" title=\"\" width=\"350\" height=\"557\" border=\"0\" vspace=\"0\" style=\"width: 350px;height: 557px\"><\/p>\n<\/div>\n<\/div>\n<div class=\"col-md-6 col-sm-6 col-xs-6\">\n<div class=\"right-p\">\n<div class=\"h2 heading\">\n<p style=\"margin-top:0;margin-right:0;margin-bottom:0;margin-left:0;text-indent:0;text-align:justify\"><strong><span style=\"letter-spacing: 0px;font-size: 29px;font-family: arial, helvetica, sans-serif\"><br \/><\/span><\/strong><\/p>\n<h2 style=\"margin: 0px;text-indent: 0px;text-align: justify\"><span style=\"font-size: 24px\"><strong><span style=\"letter-spacing: 0px;font-family: arial, helvetica, sans-serif\"><a name=\"Product Features\"><\/a>Caracter\u00edsticas del producto:<\/span><\/strong><\/span><span style=\"font-family:\u5b8b\u4f53;letter-spacing:0;font-size:29px\"> <\/span><\/h2>\n<p style=\"text-align:justify\"><span style=\"font-family:\u5b8b\u4f53;font-size:32px\">&nbsp;<\/span><\/p>\n<p style=\"text-align:justify\"><span style=\"font-size: 16px;font-family: arial, helvetica, sans-serif\">1. Funcionamiento sencillo y f\u00e1cil de usar.<\/span><\/p>\n<p style=\"margin-left:0;text-indent:0;text-align:justify\"><span style=\"font-size: 16px;font-family: arial, helvetica, sans-serif\">2. M\u00e1quina controlada por ordenador dise\u00f1ada para regular tanto la pasteurizaci\u00f3n a alta temperatura al 85<span style=\"font-size: 16px;font-family: \u5b8b\u4f53\">\u2103 <\/span><span style=\"font-size: 16px;font-family: Tahoma\">y pasteurizaci\u00f3n a baja temperatura a 65<\/span><span style=\"font-size: 16px;font-family: \u5b8b\u4f53\">\u2103<\/span><span style=\"font-size: 16px;font-family: Tahoma\">.<\/span><\/span><\/p>\n<p style=\"margin-left:0;text-indent:0;text-align:justify\"><span style=\"font-size: 16px;font-family: arial, helvetica, sans-serif\">3. Adem\u00e1s de garantizar que la mezcla de helado est\u00e1 libre de bacterias, el proceso de pasteurizaci\u00f3n y maduraci\u00f3n activa y estabiliza los ingredientes para mejorar el sabor y la textura del producto acabado.<\/span><\/p>\n<p style=\"margin-left:0;text-indent:0;text-align:justify\"><span style=\"font-size: 16px;font-family: arial, helvetica, sans-serif\">4. Utilizamos la mezcla de turbina para hacer la temperatura de calentamiento bien proporcionada de todos los pasteurizadores de cuba.<\/span><\/p>\n<p style=\"margin-left:0;text-indent:0;text-align:justify\"><span style=\"font-family: arial, helvetica, sans-serif\"><span style=\"font-size: 16px\">5. Se adoptan turbinas de diferentes tama\u00f1os para las m\u00e1quinas de 20L y 35L, por lo que usted no<\/span><span style=\"font-size: 16px\">'<\/span><span style=\"font-size: 16px\">No hay que preocuparse por el funcionamiento de la mezcla mientras se calienta.<\/span><\/span><\/p>\n<p style=\"margin-left:0;text-indent:0;text-align:justify\"><span style=\"font-size: 16px;font-family: arial, helvetica, sans-serif\">6. El proceso de pasteurizaci\u00f3n y envejecimiento dura unas 2 horas.<\/span><\/p>\n<p style=\"margin-left:0;text-indent:0;text-align:justify\"><span style=\"font-size: 16px;font-family: arial, helvetica, sans-serif\">7. La pasteurizadora es tambi\u00e9n una m\u00e1quina de envejecimiento, por lo que termina con una mezcla m\u00e1s cremosa y se puede mantener fr\u00eda en la m\u00e1quina hasta que se necesite.<\/span><\/p>\n<p style=\"margin-left:0;text-indent:0;text-align:justify\"><span style=\"font-size: 16px;font-family: arial, helvetica, sans-serif\">8. La se\u00f1al sonora avisar\u00e1 al operador cuando haya finalizado todo el ciclo de pasteurizaci\u00f3n.<\/span><\/p>\n<\/div>\n<\/div>\n<p>&nbsp; &nbsp; &nbsp; &nbsp; &nbsp; &nbsp;<\/p><\/div>\n<\/div>\n<\/div>\n<p><\/p>\n<p><strong><span style=\"letter-spacing: 0px;font-size: 29px;font-family: arial, helvetica, sans-serif\"><br \/><\/span><\/strong><\/p>\n<h2><span style=\"font-size: 24px\"><strong><span style=\"letter-spacing: 0px;font-family: arial, helvetica, sans-serif\"><a name=\"Product Advantage\"><\/a>Ventaja del producto:<\/span><\/strong><\/span><\/h2>\n<p><\/p>\n<div class=\"d-tem01-graphic tem01-graphic mockup\" data-detail=\"wrap\">\n<div class=\"cont-section clearfix d-clearfix\">\n<div class=\"col-md-6 col-sm-6 col-xs-6\">\n<div class=\"right-p\">\n<div class=\"h2 heading\">\n<p style=\"margin: 0 0 15px;text-indent: 0\"><span style=\"font-family: Helvetica;letter-spacing: 0;font-size: 22px\">1.&nbsp;<\/span><span style=\"font-family: Helvetica;letter-spacing: 0;font-size: 22px\">Pasteurizaci\u00f3n<\/span><\/p>\n<\/div>\n<div class=\"description\">\n<p><span><span style=\"font-family: arial, helvetica, sans-serif;letter-spacing: 0px;font-size: 16px\">Si usted vende hacia fuera el helado en la noche la configuraci\u00f3n autom\u00e1tica del sistema Pasteurizaci\u00f3n : Puede matar a las bacterias que producen dentro de la m\u00e1quina de -5\u2103 \u2192 65\u2103\u2192 -5\u2103process ( desinfectar el cilindro de carga y la materia prima en el interior , a continuaci\u00f3n, refrigerar a reservar estado ) . por lo que puede mantener la m\u00e1quina cada 14 d\u00edas una vez.<\/span><\/span><\/p>\n<p><span><span style=\"font-family: arial, helvetica, sans-serif;letter-spacing: 0px;font-size: 16px\"><br \/><\/span><\/span><\/p>\n<p><span><span style=\"font-family: arial, helvetica, sans-serif;letter-spacing: 0px;font-size: 16px\"><br \/><\/span><\/span><\/p>\n<p><span><span style=\"font-family: arial, helvetica, sans-serif;letter-spacing: 0px;font-size: 16px\"><br \/><\/span><\/span><\/p>\n<\/div>\n<\/div>\n<div class=\"graphic_pic animated wow bounceIn\" data-wow-delay=\".7s\">\n<p style=\"text-align:center\"><img loading=\"lazy\" decoding=\"async\" src=\"https:\/\/www.hommy.com\/wp-content\/uploads\/16009990101811.png\" alt=\"producto-HM-MA 20 m\u00e1quina de pasteurizaci\u00f3n de helados-Hommy-img\" title=\"\" width=\"400\" height=\"202\" border=\"0\" vspace=\"0\" style=\"width: 400px;height: 202px\"><\/p>\n<\/div>\n<\/div>\n<div class=\"col-md-6 col-sm-6 col-xs-6\">\n<div class=\"right-p\">\n<div class=\"h2 heading\">\n<p><span style=\"font-family: Helvetica;letter-spacing: 0;font-size: 22px\">2. Controlador<\/span><\/p>\n<\/div>\n<div class=\"description\">\n<p><span style=\"letter-spacing: 0px;font-size: 16px;font-family: arial, helvetica, sans-serif\">El panel de control muestra claramente las funciones internas de la m\u00e1quina. Puede borrar la m\u00e1quina dentro de la temperatura y oportuna.<\/span><\/p>\n<p><span style=\"letter-spacing: 0px;font-size: 16px;font-family: arial, helvetica, sans-serif\"><br \/><\/span><\/p>\n<p><span style=\"letter-spacing: 0px;font-size: 16px;font-family: arial, helvetica, sans-serif\"><br \/><\/span><\/p>\n<p><span style=\"letter-spacing: 0px;font-size: 16px;font-family: arial, helvetica, sans-serif\"><br \/><\/span><\/p>\n<p><span style=\"letter-spacing: 0px;font-size: 16px;font-family: arial, helvetica, sans-serif\"><br \/><\/span><\/p>\n<p><span style=\"letter-spacing: 0px;font-size: 16px;font-family: arial, helvetica, sans-serif\"><br \/><\/span><\/p>\n<\/div>\n<\/div>\n<div class=\"graphic_pic animated wow bounceIn\" data-wow-delay=\".7s\">\n<p style=\"text-align:center\"><img loading=\"lazy\" decoding=\"async\" src=\"https:\/\/www.hommy.com\/wp-content\/uploads\/16009990387116.png\" alt=\"producto-Hommy-img\" title=\"\" width=\"350\" height=\"224\" border=\"0\" vspace=\"0\" style=\"width: 350px;height: 224px\"><\/p>\n<\/div>\n<\/div>\n<\/div>\n<\/div>\n<p>Documento\uff1a<img decoding=\"async\" src=\"https:\/\/www.hommy.com\/wp-content\/uploads\/icon_pdf-45.gif\" style=\"margin-right: 2px\" alt=\"producto-Hommy-img\" title=\"\"><a href=\"https:\/\/img80002414.weyesimg.com\/uploads\/www.hommy.com\/addon\/16027242109694.pdf\" title=\"16027242109694.pdf\" style=\"font-size: 12px\">16027242109694.pdf<\/a><\/p>\n<h2>\u00bfPor qu\u00e9 se utiliza soja en los helados?<\/h2>\n<p style=\"margin-top: 5px;margin-bottom: 5px\">La respuesta es sencilla. En primer lugar, la soja tiene un alto contenido en prote\u00ednas. Por eso se utiliza en los helados de soja. La segunda raz\u00f3n es que puede reducir el nivel de colesterol en el organismo. Esto se debe a que la soja es rica en fitoestr\u00f3genos, que pueden reducir el nivel de colesterol del organismo.<\/p>\n<p style=\"margin-top: 5px;margin-bottom: 5px\"><\/p>\n<h2>\u00bfPor qu\u00e9 se utiliza jarabe de ma\u00edz en los helados?<\/h2>\n<p style=\"margin-top: 5px;margin-bottom: 5px\">El jarabe de ma\u00edz se utiliza como edulcorante y emulsionante.  Suele utilizarse en combinaci\u00f3n con s\u00f3lidos l\u00e1cteos, y tiene un punto de congelaci\u00f3n mucho m\u00e1s bajo que el de los s\u00f3lidos l\u00e1cteos.  Al a\u00f1adir jarabe de ma\u00edz a los s\u00f3lidos l\u00e1cteos, se reduce el punto de congelaci\u00f3n de la mezcla, lo que permite que se congele m\u00e1s r\u00e1pidamente.&nbsp;&nbsp;<\/p>\n<p style=\"margin-top: 5px;margin-bottom: 5px\"><\/p>\n<h2>\u00bfEs seguro utilizar huevos crudos en los helados?<\/h2>\n<p style=\"margin-top: 5px;margin-bottom: 5px\">Cuando hago helado, suelo utilizar huevos pasteurizados, lo que significa que los huevos se han calentado a una temperatura determinada y luego se han enfriado. No es seguro comer huevos crudos, pero un poco de calor no les har\u00e1 da\u00f1o.<\/p>\n<\/div><\/div>","protected":false},"excerpt":{"rendered":"<p>Ice Cream Pasteurization Machine Ice Cream Pasteurization Machine|Product specification|Product Features|Product Advantage Our offered machine is manufactured using best quality raw material and advanced technology in tune with international quality norms. This machine is compact and easy to operate. Product specification: It can be used in any ice cream workroom for producing various kinds of ice [&hellip;]<\/p>\n","protected":false},"featured_media":1934,"comment_status":"open","ping_status":"open","template":"","meta":{"_swt_meta_header_display":false,"_swt_meta_footer_display":false,"_swt_meta_site_title_display":false,"_swt_meta_sticky_header":false,"_swt_meta_transparent_header":false},"product_brand":[],"product_cat":[82],"product_tag":[],"class_list":{"0":"post-770","1":"product","2":"type-product","3":"status-publish","4":"has-post-thumbnail","6":"product_cat-hard-ice-cream-machine","8":"first","9":"instock","10":"shipping-taxable","11":"product-type-simple"},"_links":{"self":[{"href":"https:\/\/www.hommy.com\/es\/wp-json\/wp\/v2\/product\/770","targetHints":{"allow":["GET"]}}],"collection":[{"href":"https:\/\/www.hommy.com\/es\/wp-json\/wp\/v2\/product"}],"about":[{"href":"https:\/\/www.hommy.com\/es\/wp-json\/wp\/v2\/types\/product"}],"replies":[{"embeddable":true,"href":"https:\/\/www.hommy.com\/es\/wp-json\/wp\/v2\/comments?post=770"}],"wp:featuredmedia":[{"embeddable":true,"href":"https:\/\/www.hommy.com\/es\/wp-json\/wp\/v2\/media\/1934"}],"wp:attachment":[{"href":"https:\/\/www.hommy.com\/es\/wp-json\/wp\/v2\/media?parent=770"}],"wp:term":[{"taxonomy":"product_brand","embeddable":true,"href":"https:\/\/www.hommy.com\/es\/wp-json\/wp\/v2\/product_brand?post=770"},{"taxonomy":"product_cat","embeddable":true,"href":"https:\/\/www.hommy.com\/es\/wp-json\/wp\/v2\/product_cat?post=770"},{"taxonomy":"product_tag","embeddable":true,"href":"https:\/\/www.hommy.com\/es\/wp-json\/wp\/v2\/product_tag?post=770"}],"curies":[{"name":"wp","href":"https:\/\/api.w.org\/{rel}","templated":true}]}}