{"id":764,"date":"2024-07-02T16:03:50","date_gmt":"2024-07-02T16:03:50","guid":{"rendered":"http:\/\/localhost\/hommywp\/ds-1200-automatic-defogging-hard-ice-cream-display-showcase\/"},"modified":"2025-08-01T09:57:42","modified_gmt":"2025-08-01T09:57:42","slug":"ds-1200-vitrina-para-helados-duros","status":"publish","type":"product","link":"https:\/\/www.hommy.com\/es\/p\/ds-1200-vitrina-para-helados-duros\/","title":{"rendered":"Ds-1200 Desempa\u00f1ador autom\u00e1tico de helados duros Vitrina expositora"},"content":{"rendered":"<div>\n<p style=\"text-align: center\"><span style=\"font-family: arial, helvetica, sans-serif\"><strong><span style=\"letter-spacing: 0px;font-size: 29px\"><br \/><\/span><\/strong><\/span><\/p>\n<h2 style=\"text-align: center\"><span style=\"font-family: arial, helvetica, sans-serif\"><strong><span style=\"letter-spacing: 0px;font-size: 29px\"><a name=\"Gelato ice cream freezer\"><\/a>Congelador de helados&nbsp;<\/span><\/strong><\/span><\/h2>\n<p style=\"text-align: center\"><span style=\"font-family: arial, helvetica, sans-serif;font-size: 16px\"><span style=\"font-family: arial, helvetica, sans-serif;letter-spacing: 0px\"><a href=\"#Gelato ice cream freezer\" target=\"_self\" data-lv=\"0\" rel=\"noopener\">Congelador de helados<\/a>|<a href=\"#Product specification\" target=\"_self\" data-lv=\"0\" rel=\"noopener\">Especificaci\u00f3n del producto<\/a>|<a href=\"#Product Features\" target=\"_self\" data-lv=\"0\" rel=\"noopener\">Caracter\u00edsticas del producto<\/a>|<a href=\"#Product Advantage\" target=\"_self\" data-lv=\"0\" rel=\"noopener\">Ventajas del producto<\/a><\/span><\/span><\/p>\n<p><span style=\"font-family: arial, helvetica, sans-serif\"><strong><span style=\"letter-spacing: 0px;font-size: 29px\"><\/span><\/strong><\/span><\/p>\n<p>En el mundo empresarial actual, un duro <a style=\"color:blue\" href=\"https:\/\/www.hommy.com\/es\/escaparate\/\">vitrina para helados<\/a> puede marcar la diferencia. Es un hecho que los clientes son m\u00e1s propensos a comprar en un negocio que tiene un buen escaparate que muestra su producto de una manera atractiva. Por eso, invertir en una vitrina de alta calidad es imprescindible para cualquier negocio que venda helados duros.<\/p>\n<p>En nuestra empresa, nos enorgullecemos de ofrecer las mejores vitrinas para helados duros del mercado. Somos conscientes de la importancia de causar una buena impresi\u00f3n a los clientes, y nuestras vitrinas est\u00e1n dise\u00f1adas precisamente para eso. Tanto si busca una vitrina elegante y moderna como una m\u00e1s tradicional, tenemos una gran variedad de opciones entre las que elegir.<\/p>\n<p>Si est\u00e1 listo para llevar su negocio al siguiente nivel, invertir en una vitrina expositora para helados duros es un buen punto de partida. P\u00f3ngase en contacto con nosotros hoy mismo para obtener m\u00e1s informaci\u00f3n sobre nuestros productos y c\u00f3mo podemos ayudarle a aumentar sus ventas.<\/p>\n<p><\/p>\n<h2><span style=\"letter-spacing: 0px;font-weight: 700;text-align: justify;font-size: 24px\"><a name=\"Product specification\"><\/a>Especificaci\u00f3n del producto:<\/span><\/h2>\n<p><span style=\"font-weight: 700;text-align: justify\"><span style=\"letter-spacing: 0px;font-size: 29px;font-family: arial, helvetica, sans-serif\"><br \/><\/span><\/span><\/p>\n<p style=\"text-align: center\"><img decoding=\"async\" src=\"https:\/\/www.hommy.com\/wp-content\/uploads\/16009998067572.png\" alt=\"producto-Hommy-img\" title=\"\"><\/p>\n<p><\/p>\n<div class=\"d-tem01-graphic tem01-graphic mockup\" data-detail=\"wrap\">\n<div class=\"cont-section clearfix d-clearfix\">\n<div class=\"col-md-6 col-sm-6 col-xs-6\">\n<div class=\"right-p\">\n<div class=\"h2 heading\">\n<p style=\"text-align:center\"><\/p>\n<p><\/p>\n<p><\/p>\n<p style=\"text-align:center\"><img loading=\"lazy\" decoding=\"async\" src=\"https:\/\/www.hommy.com\/wp-content\/uploads\/16009999027341.jpg\" alt=\"producto-Hommy-img\" style=\"font-size: 14px;width: 500px;height: 250px\" title=\"\" width=\"500\" height=\"250\" border=\"0\" vspace=\"0\"><\/p>\n<p><span style=\"font-size: 14px\">&nbsp; &nbsp; &nbsp; &nbsp; &nbsp; &nbsp; &nbsp;<\/span><\/div>\n<\/div>\n<\/div>\n<div class=\"col-md-6 col-sm-6 col-xs-6\">\n<div class=\"right-p\">\n<div class=\"h2 heading\">\n<p style=\"margin-top:0;margin-right:0;margin-bottom:0;margin-left:0;text-indent:0;text-align:justify\"><strong><span style=\"letter-spacing: 0px;font-size: 29px;font-family: arial, helvetica, sans-serif\"><br \/><\/span><\/strong><\/p>\n<h2 style=\"margin: 0px;text-indent: 0px;text-align: justify\"><span style=\"font-size: 24px\"><strong><span style=\"letter-spacing: 0px;font-family: arial, helvetica, sans-serif\"><a name=\"Product Features\"><\/a>Caracter\u00edsticas del producto\uff1a<\/span><\/strong><\/span><span style=\"font-family:\u5b8b\u4f53;letter-spacing:0;font-size:29px\"> <\/span><\/h2>\n<p style=\"margin-top:0;margin-right:0;margin-bottom:0;margin-left:0;text-indent:0;text-align:justify\"><span style=\"font-family:\u5b8b\u4f53;letter-spacing:0;font-size:29px\"><br \/><\/span><\/p>\n<p style=\"margin-top:0;margin-right:0;margin-bottom:0;margin-left:0;text-indent:0;text-align:justify\"><span style=\"font-family: arial, helvetica, sans-serif\"><span style=\"color:#000000\"><span style=\"font-size: 20px\">\u25c6&nbsp;<\/span><\/span><span style=\"font-size: 19px\">Aspecto exterior lujoso y aerodin\u00e1mico .<\/span><\/span><\/p>\n<p style=\"margin-top:0;margin-right:0;margin-bottom:0;margin-left:0;text-indent:0;text-align:justify\"><span style=\"font-family: arial, helvetica, sans-serif\"><span style=\"font-size: 19px\"><br \/><\/span><\/span><\/p>\n<p style=\"margin-top:0;margin-right:0;margin-bottom:0;margin-left:0;text-indent:0;text-align:justify\"><span style=\"font-family: arial, helvetica, sans-serif\"><span style=\"font-family: Calibri;letter-spacing: 0px;font-size: 19px\"><span style=\"font-family: arial, helvetica, sans-serif;font-size: 20px;text-align: justify\">\u25c6&nbsp;<\/span><\/span><span style=\"font-family: Calibri;font-size: 19px\">Sistema de control el\u00e9ctrico para templado de f\u00e1cil manejo .<\/span><\/span><\/p>\n<p style=\"margin-top:0;margin-right:0;margin-bottom:0;margin-left:0;text-indent:0;text-align:justify\"><span style=\"font-family: arial, helvetica, sans-serif\"><span style=\"font-family: Calibri;font-size: 19px\"><br \/><\/span><\/span><\/p>\n<p style=\"text-align:justify\"><span style=\"font-family: arial, helvetica, sans-serif\"><span style=\"font-family: Calibri;letter-spacing: 0px;font-size: 19px\"><span style=\"font-family: arial, helvetica, sans-serif;font-size: 20px;text-align: justify\">\u25c6&nbsp;<\/span><\/span><span style=\"font-family: Calibri;font-size: 19px\">Sartenes duraderas de acero inoxidable .<\/span><\/span><\/p>\n<p style=\"text-align:justify\"><span style=\"font-family: arial, helvetica, sans-serif\"><span style=\"font-family: Calibri;font-size: 19px\"><br \/><\/span><\/span><\/p>\n<p style=\"text-align:justify\"><span style=\"font-family: arial, helvetica, sans-serif\"><span style=\"font-family: Calibri;letter-spacing: 0px;font-size: 19px\"><span style=\"font-family: arial, helvetica, sans-serif;font-size: 20px;text-align: justify\">\u25c6&nbsp;<\/span><\/span><span style=\"font-family: Calibri;font-size: 19px\">Grado de temperatura ajustable (de -12 a -22 grados cent\u00edgrados) .<\/span><\/span><\/p>\n<p style=\"text-align:justify\"><span style=\"font-family: arial, helvetica, sans-serif\"><span style=\"font-family: Calibri;font-size: 19px\"><br \/><\/span><\/span><\/p>\n<p style=\"text-align:justify\"><span style=\"font-family: arial, helvetica, sans-serif\"><span style=\"font-family: Calibri;letter-spacing: 0px;font-size: 19px\"><span style=\"font-family: arial, helvetica, sans-serif;font-size: 20px;text-align: justify\">\u25c6&nbsp;<\/span><\/span><span style=\"font-family: Calibri;font-size: 19px\">Funci\u00f3n autom\u00e1tica de desempa\u00f1ado y descongelado.<\/span><\/span><\/p>\n<p style=\"text-align:justify\"><span style=\"font-family: arial, helvetica, sans-serif\"><span style=\"font-family: Calibri;font-size: 19px\"><br \/><\/span><\/span><\/p>\n<p style=\"text-align:justify\"><span style=\"font-family: arial, helvetica, sans-serif\"><span style=\"font-family: Calibri;letter-spacing: 0px;font-size: 19px\"><span style=\"font-family: arial, helvetica, sans-serif;font-size: 20px;text-align: justify\">\u25c6&nbsp;<\/span><\/span><span style=\"font-family: Calibri;font-size: 19px\">Cristal curvado y calefactado de 5 capas con funci\u00f3n de desempa\u00f1ado autom\u00e1tico .<\/span><\/span><\/p>\n<p style=\"text-align:justify\"><span style=\"font-family: arial, helvetica, sans-serif\"><span style=\"font-family: Calibri;font-size: 19px\"><br \/><\/span><\/span><\/p>\n<p style=\"text-align:justify\"><span style=\"font-family: arial, helvetica, sans-serif\"><span style=\"font-family: Calibri;letter-spacing: 0px;font-size: 19px\"><span style=\"font-family: arial, helvetica, sans-serif;font-size: 20px;text-align: justify\">\u25c6&nbsp;<\/span><\/span><span style=\"font-family: Calibri;font-size: 19px\">Bajo consumo .<\/span><\/span><\/p>\n<p style=\"text-align:justify\"><span style=\"font-family: arial, helvetica, sans-serif\"><span style=\"font-family: Calibri;font-size: 19px\"><br \/><\/span><\/span><\/p>\n<p style=\"text-align:justify\"><span style=\"font-family: arial, helvetica, sans-serif\"><span style=\"font-family: Calibri;letter-spacing: 0px;font-size: 19px\"><span style=\"font-family: arial, helvetica, sans-serif;font-size: 20px;text-align: justify\">\u25c6&nbsp;<\/span><\/span><span style=\"font-family: Calibri;font-size: 19px\">Diferentes colores a petici\u00f3n disponible .<\/span><\/span><\/p>\n<\/div>\n<\/div>\n<p>&nbsp; &nbsp; &nbsp; &nbsp; &nbsp; &nbsp;<\/p><\/div>\n<\/div>\n<\/div>\n<p><\/p>\n<h2><span style=\"letter-spacing: 0px;font-weight: 700;font-size: 24px\"><a name=\"Product Advantage\"><\/a>Ventaja del producto:<\/span><\/h2>\n<p><\/p>\n<div class=\"d-tem01-graphic tem01-graphic mockup\" data-detail=\"wrap\">\n<div class=\"cont-section clearfix d-clearfix\">\n<div class=\"col-md-6 col-sm-6 col-xs-6\">\n<div class=\"right-p\">\n<div class=\"h2 heading\">\n<p style=\"text-indent: 0;padding: 0;vertical-align: baseline\"><span style=\"letter-spacing: 0px;font-size: 19px;font-family: arial, helvetica, sans-serif\">1.  Vidrio templado con arco aislante, perspectiva perfecta;<\/span><\/p>\n<p style=\"text-indent: 0;padding: 0;vertical-align: baseline\"><span style=\"letter-spacing: 0px;font-size: 19px;font-family: arial, helvetica, sans-serif\"><br \/><\/span><\/p>\n<p style=\"text-indent: 0;padding: 0;vertical-align: baseline\"><span style=\"letter-spacing: 0px;font-size: 19px;font-family: arial, helvetica, sans-serif\"><br \/><\/span><\/p>\n<\/div>\n<\/div>\n<div class=\"graphic_pic animated wow bounceIn\" data-wow-delay=\".7s\">\n<p style=\"text-align:center\"><img loading=\"lazy\" decoding=\"async\" src=\"https:\/\/www.hommy.com\/wp-content\/uploads\/16010000888677.png\" alt=\"producto-Hommy-img\" title=\"\" width=\"300\" height=\"388\" border=\"0\" vspace=\"0\" style=\"width: 300px;height: 388px\"><\/p>\n<\/div>\n<\/div>\n<div class=\"col-md-6 col-sm-6 col-xs-6\">\n<div class=\"right-p\">\n<div class=\"h2 heading\">\n<p style=\"margin-left:0;text-indent:0\"><span style=\"letter-spacing: 0px;font-size: 19px;font-family: arial, helvetica, sans-serif\">2. Que tienen 4 tipo de color de la carrocer\u00eda para que usted elija.&nbsp;<\/span><\/p>\n<p style=\"margin-left:0;text-indent:0\"><span style=\"letter-spacing: 0px;font-size: 19px;font-family: arial, helvetica, sans-serif\"><br \/><\/span><\/p>\n<p style=\"margin-left:0;text-indent:0\"><span style=\"letter-spacing: 0px;font-size: 19px;font-family: arial, helvetica, sans-serif\"><br \/><\/span><\/p>\n<\/div>\n<\/div>\n<div class=\"graphic_pic animated wow bounceIn\" data-wow-delay=\".7s\"><img decoding=\"async\" src=\"https:\/\/www.hommy.com\/wp-content\/uploads\/16010001223531.png\" alt=\"product-DS-1200 Vitrina para helados duros-Hommy-img\" title=\"\"><br \/>\n &nbsp; &nbsp; &nbsp; &nbsp; &nbsp; &nbsp;<\/div>\n<\/div>\n<\/div>\n<\/div>\n<p>Documento\uff1a<img decoding=\"async\" src=\"https:\/\/www.hommy.com\/wp-content\/uploads\/icon_pdf-44.gif\" style=\"margin-right: 2px\" alt=\"producto-Hommy-img\" title=\"\"><a href=\"https:\/\/img80002414.weyesimg.com\/uploads\/www.hommy.com\/addon\/16026616839424.pdf\" title=\"16026616839424.pdf\" style=\"font-size: 12px\">16026616839424.pdf<\/a><\/p>\n<h2>\u00bfCu\u00e1nto cuesta un <a style=\"color:blue\" href=\"https:\/\/www.hommy.com\/es\/maquina-de-helados-duros\/\">m\u00e1quina de helados duros<\/a>?<\/h2>\n<p style=\"margin-top: 5px;margin-bottom: 5px\"><\/p>\n<p style=\"margin-top: 5px;margin-bottom: 5px\">R: No tengo mucha experiencia con las heladeras, pero la mayor\u00eda tienen un precio asequible. Muchas incluyen tambi\u00e9n un recipiente de almacenamiento y una cuchara de helado manual. Una buena <a style=\"color:blue\" href=\"\/es\/\">m\u00e1quina de helados<\/a> es una inversi\u00f3n inteligente.<\/p>\n<p style=\"margin-top: 5px;margin-bottom: 5px\"><\/p>\n<h2>He estado pensando en conseguir un <a style=\"color:blue\" href=\"\/es\/\">heladora<\/a>. \u00bfQu\u00e9 talla debo comprar?<\/h2>\n<p style=\"margin-top: 5px;margin-bottom: 5px\"><\/p>\n<p style=\"margin-top: 5px;margin-bottom: 5px\">R: Esta es una pregunta personal. Cada casa es diferente, por lo que debes sopesar el espacio necesario para el almacenamiento y el uso. Si tiene hijos que quieren participar en la elaboraci\u00f3n del helado, querr\u00e1 una m\u00e1quina m\u00e1s grande que quepa en el frigor\u00edfico. Pero si s\u00f3lo va a hacer helado para usted, una m\u00e1quina m\u00e1s peque\u00f1a ser\u00e1 suficiente.<\/p>\n<p style=\"margin-top: 5px;margin-bottom: 5px\"><\/p>\n<p style=\"margin-top: 5px;margin-bottom: 5px\"><\/p>\n<h2>\u00bfEs mejor un helado m\u00e1s duro?<\/h2>\n<p style=\"margin-top: 5px;margin-bottom: 5px\"><\/p>\n<p style=\"margin-top: 5px;margin-bottom: 5px\">Hay una nueva helader\u00eda en la ciudad. A\u00fan no tiene nombre. El propietario ha comprado recientemente la antigua helader\u00eda de una zona comercial, la ha cerrado y la ha reformado para convertirla en helader\u00eda. Ahora que la vieja helader\u00eda, estrecha y mal iluminada, se ha transformado en un nuevo y ostentoso negocio, es hora de que la nueva helader\u00eda de la ciudad tenga su propio nombre.<\/p>\n<p style=\"margin-top: 5px;margin-bottom: 5px\"><\/p>\n<h2>\u00bfCu\u00e1nto cuesta una m\u00e1quina de hielo?<\/h2>\n<p style=\"margin-top: 5px;margin-bottom: 5px\"><\/p>\n<p style=\"margin-top: 5px;margin-bottom: 5px\">R:El coste de una m\u00e1quina de hacer hielo depende de varios factores, como el tama\u00f1o de la m\u00e1quina, el n\u00famero de cubitos que necesita producir y la capacidad de la m\u00e1quina.<\/p>\n<p style=\"margin-top: 5px;margin-bottom: 5px\">El coste de una m\u00e1quina de hacer hielo tambi\u00e9n puede variar en funci\u00f3n de la marca que elijas.<\/p>\n<\/div><\/div>","protected":false},"excerpt":{"rendered":"<p>Gelato ice cream freezer&nbsp; Gelato ice cream freezer|Product specification|Product Features|Product Advantage In today&#039;s business world, a hard ice cream display showcase can make all the difference. It&#039;s a fact that customers are more likely to purchase from a business that has a good display showcase that shows off their product in an appealing way. That&#039;s [&hellip;]<\/p>\n","protected":false},"featured_media":1933,"comment_status":"open","ping_status":"open","template":"","meta":{"_swt_meta_header_display":false,"_swt_meta_footer_display":false,"_swt_meta_site_title_display":false,"_swt_meta_sticky_header":false,"_swt_meta_transparent_header":false},"product_brand":[],"product_cat":[82],"product_tag":[],"class_list":{"0":"post-764","1":"product","2":"type-product","3":"status-publish","4":"has-post-thumbnail","6":"product_cat-hard-ice-cream-machine","8":"first","9":"instock","10":"shipping-taxable","11":"product-type-simple"},"_links":{"self":[{"href":"https:\/\/www.hommy.com\/es\/wp-json\/wp\/v2\/product\/764","targetHints":{"allow":["GET"]}}],"collection":[{"href":"https:\/\/www.hommy.com\/es\/wp-json\/wp\/v2\/product"}],"about":[{"href":"https:\/\/www.hommy.com\/es\/wp-json\/wp\/v2\/types\/product"}],"replies":[{"embeddable":true,"href":"https:\/\/www.hommy.com\/es\/wp-json\/wp\/v2\/comments?post=764"}],"wp:featuredmedia":[{"embeddable":true,"href":"https:\/\/www.hommy.com\/es\/wp-json\/wp\/v2\/media\/1933"}],"wp:attachment":[{"href":"https:\/\/www.hommy.com\/es\/wp-json\/wp\/v2\/media?parent=764"}],"wp:term":[{"taxonomy":"product_brand","embeddable":true,"href":"https:\/\/www.hommy.com\/es\/wp-json\/wp\/v2\/product_brand?post=764"},{"taxonomy":"product_cat","embeddable":true,"href":"https:\/\/www.hommy.com\/es\/wp-json\/wp\/v2\/product_cat?post=764"},{"taxonomy":"product_tag","embeddable":true,"href":"https:\/\/www.hommy.com\/es\/wp-json\/wp\/v2\/product_tag?post=764"}],"curies":[{"name":"wp","href":"https:\/\/api.w.org\/{rel}","templated":true}]}}