{"id":758,"date":"2024-07-02T16:03:45","date_gmt":"2024-07-02T16:03:45","guid":{"rendered":"http:\/\/localhost\/hommywp\/hm28b-stainless-steel-user-friendly-ice-cream-batch-freezer\/"},"modified":"2025-08-01T09:57:40","modified_gmt":"2025-08-01T09:57:40","slug":"hm28b-congelador-de-lotes-de-helado","status":"publish","type":"product","link":"https:\/\/www.hommy.com\/es\/p\/hm28b-congelador-de-lotes-de-helado\/","title":{"rendered":"Hm28b Congelador de lotes de helado de acero inoxidable de f\u00e1cil manejo"},"content":{"rendered":"<div>\n<p>&nbsp;&nbsp;&nbsp;&nbsp;<\/p>\n<p><\/p>\n<h2 style=\"text-align: center\"><strong><span style=\"letter-spacing: 0px;font-size: 29px;font-family: arial, helvetica, sans-serif\"><a name=\"Gelato Machine\"><\/a>M\u00e1quina de helado<\/span><\/strong><\/h2>\n<p style=\"text-align: center\"><span style=\"letter-spacing: 0px;font-family: arial, helvetica, sans-serif;font-size: 16px\"><a href=\"#Gelato Machine\" target=\"_self\" data-lv=\"0\" rel=\"noopener\">M\u00e1quina de helado<\/a>|<a href=\"#Product specification\" target=\"_self\" data-lv=\"0\" rel=\"noopener\">Especificaci\u00f3n del producto<\/a>|<a href=\"#Product Features\" target=\"_self\" data-lv=\"0\" rel=\"noopener\">Caracter\u00edsticas del producto<\/a>|<a href=\"#Product Advantage\" target=\"_self\" data-lv=\"0\" rel=\"noopener\">Ventajas del producto<\/a><\/span><\/p>\n<p><\/p>\n<p style=\"text-align: center\">\n<p><\/p>\n<p style=\"margin: 0px;text-indent: 0px;text-align: justify\"><strong><span style=\"letter-spacing: 0px;font-size: 29px;font-family: arial, helvetica, sans-serif\"><\/span><\/strong><\/p>\n<p>Si busca un helado <a style=\"color:blue\" href=\"https:\/\/www.hommy.com\/es\/maquina-de-helados-duros\/\">congelador de lotes<\/a> que le ayudar\u00e1 a llevar su negocio al siguiente nivel, usted ha venido al lugar correcto. En Ice Cream Batch Freezer, nos enorgullecemos de ofrecer a nuestros clientes productos de la mayor calidad posible. Creemos que nuestro congelador de lotes le ayudar\u00e1 a producir el mejor helado posible, y estamos comprometidos a ayudarle a hacer crecer su negocio.<\/p>\n<p>Sabemos que la clave del \u00e9xito en el negocio de los helados es tener un producto de alta calidad. Por eso hemos dise\u00f1ado nuestro congelador de lotes para producir los mejores resultados posibles. Sabemos que podr\u00e1 elaborar un producto que encantar\u00e1 a sus clientes, y estamos aqu\u00ed para ayudarle en cada paso del camino.<\/p>\n<p>Si est\u00e1 listo para llevar su negocio de helados al siguiente nivel, nos encantar\u00eda ayudarle. P\u00f3ngase en contacto con nosotros hoy mismo para obtener m\u00e1s informaci\u00f3n sobre nuestro congelador por lotes de alta calidad.<\/p>\n<p style=\"margin: 0px;text-indent: 0px;text-align: justify\"><strong><span style=\"letter-spacing: 0px;font-size: 29px;font-family: arial, helvetica, sans-serif\"><br \/><\/span><\/strong><\/p>\n<h2 style=\"margin: 0px;text-indent: 0px;text-align: justify\"><span style=\"font-size: 24px\"><strong><span style=\"letter-spacing: 0px;font-family: arial, helvetica, sans-serif\"><a name=\"Product specification\"><\/a>Especificaci\u00f3n del producto:<\/span><\/strong><\/span><\/h2>\n<p style=\"margin: 0px;text-indent: 0px;text-align: justify\"><strong><span style=\"letter-spacing: 0px;font-size: 29px;font-family: arial, helvetica, sans-serif\"><br \/><\/span><\/strong><\/p>\n<p style=\"text-align: center\"><strong><span style=\"letter-spacing: 0px;font-size: 29px;font-family: arial, helvetica, sans-serif\"><img decoding=\"async\" src=\"https:\/\/www.hommy.com\/wp-content\/uploads\/16009978652692.png\" alt=\"producto-Hommy-img\" title=\"\"><\/span><\/strong><\/p>\n<p><strong><span style=\"letter-spacing: 0px;font-size: 29px;font-family: arial, helvetica, sans-serif\"><br \/><\/span><\/strong><\/p>\n<p><strong><span style=\"letter-spacing: 0px;font-size: 29px;font-family: arial, helvetica, sans-serif\"><\/span><\/strong><\/p>\n<div class=\"d-tem01-graphic tem01-graphic mockup\" data-detail=\"wrap\">\n<div class=\"cont-section clearfix d-clearfix\">\n<div class=\"col-md-6 col-sm-6 col-xs-6\">\n<div class=\"graphic_pic animated wow bounceIn\" data-wow-delay=\".7s\">\n<p style=\"text-align:center\"><img loading=\"lazy\" decoding=\"async\" src=\"https:\/\/www.hommy.com\/wp-content\/uploads\/16009979395040.png\" alt=\"producto-Hommy-img\" title=\"\" width=\"350\" height=\"667\" border=\"0\" vspace=\"0\" style=\"width: 350px;height: 667px\"><\/p>\n<\/div>\n<\/div>\n<div class=\"col-md-6 col-sm-6 col-xs-6\">\n<div class=\"right-p\">\n<div class=\"h2 heading\">\n<p style=\"margin-top:0;margin-right:0;margin-bottom:0;margin-left:0;text-indent:0;text-align:justify\"><strong><span style=\"letter-spacing: 0px;font-size: 29px;font-family: arial, helvetica, sans-serif\"><br \/><\/span><\/strong><\/p>\n<p style=\"margin-top:0;margin-right:0;margin-bottom:0;margin-left:0;text-indent:0;text-align:justify\"><strong><span style=\"letter-spacing: 0px;font-size: 29px;font-family: arial, helvetica, sans-serif\"><br \/><\/span><\/strong><\/p>\n<h2 style=\"margin: 0px;text-indent: 0px;text-align: justify\"><span style=\"font-size: 24px\"><strong><span style=\"letter-spacing: 0px;font-family: arial, helvetica, sans-serif\"><a name=\"Product Features\"><\/a>Caracter\u00edsticas del producto:<\/span><\/strong><\/span><\/h2>\n<p style=\"margin-top:0;margin-right:0;margin-bottom:0;margin-left:0;text-indent:0;text-align:justify\"><span style=\"font-family:\u5b8b\u4f53;letter-spacing:0;font-size:29px\"><br \/><\/span><\/p>\n<p style=\"text-align:justify\"><span style=\"font-size: 16px;font-family: arial, helvetica, sans-serif\">Racionalizar el lujoso aspecto exterior.<\/span><\/p>\n<p style=\"text-align:justify\"><span style=\"font-size: 16px;font-family: arial, helvetica, sans-serif\">Chapa de acero inoxidable como cubierta exterior para mayor durabilidad.<\/span><\/p>\n<p style=\"text-align:justify\"><span style=\"font-size: 16px;font-family: arial, helvetica, sans-serif\">Cilindro y eje agitador \u00fanicos.<\/span><\/p>\n<p style=\"text-align:justify\"><span style=\"font-size: 16px;font-family: arial, helvetica, sans-serif\">Sistema de control electr\u00f3nico de f\u00e1cil manejo. <\/span><\/p>\n<p style=\"text-align:justify\"><span style=\"font-size: 16px;font-family: arial, helvetica, sans-serif\">Panel de control digital con interruptor t\u00e1ctil.<\/span><\/p>\n<p style=\"text-align:justify\"><span style=\"font-size: 16px;font-family: arial, helvetica, sans-serif\">El sistema inteligente de control totalmente informatizado supervisa continuamente la consistencia para garantizar el producto deseado.<\/span><\/p>\n<p style=\"text-align:justify\"><span style=\"font-size: 16px;font-family: arial, helvetica, sans-serif\">El tiempo de producci\u00f3n es ajustable. <\/span><\/p>\n<p style=\"text-align:justify\"><span style=\"font-size: 16px;font-family: arial, helvetica, sans-serif\">F\u00e1cil de manejar .<\/span><\/p>\n<\/div>\n<\/div>\n<p>&nbsp; &nbsp; &nbsp; &nbsp; &nbsp; &nbsp;<\/p><\/div>\n<\/div>\n<\/div>\n<p><strong><span style=\"letter-spacing: 0px;font-size: 29px;font-family: arial, helvetica, sans-serif\"><\/span><\/strong><\/p>\n<h2><span style=\"font-size: 24px\"><strong><span style=\"letter-spacing: 0px;font-family: arial, helvetica, sans-serif\"><a name=\"Product Advantage\"><\/a>Ventaja del producto:<\/span><\/strong><\/span><\/h2>\n<div class=\"d-tem01-graphic tem01-graphic mockup\" data-detail=\"wrap\">\n<div class=\"cont-section clearfix d-clearfix\">\n<div class=\"col-md-6 col-sm-6 col-xs-6\">\n<div class=\"right-p\">\n<div class=\"h2 heading\">\n<p style=\"text-indent: 0;padding: 0;vertical-align: baseline\"><span style=\"letter-spacing: 0px;font-size: 20px;font-family: arial, helvetica, sans-serif\">1. El bloque tromat de cubierta de pl\u00e1stico es limpio e higi\u00e9nico, con alto grado de sellado, operaci\u00f3n simple y bella apariencia.<\/span><\/p>\n<p style=\"text-indent: 0;padding: 0;vertical-align: baseline\"><span style=\"letter-spacing: 0px;font-size: 20px;font-family: arial, helvetica, sans-serif\"><br \/><\/span><\/p>\n<p style=\"text-indent: 0;padding: 0;vertical-align: baseline\"><span style=\"letter-spacing: 0px;font-size: 20px;font-family: arial, helvetica, sans-serif\"><br \/><\/span><\/p>\n<\/div>\n<\/div>\n<div class=\"graphic_pic animated wow bounceIn\" data-wow-delay=\".7s\">\n<p style=\"text-align:center\"><img loading=\"lazy\" decoding=\"async\" src=\"https:\/\/www.hommy.com\/wp-content\/uploads\/16009980421729.png\" alt=\"producto-Hommy-img\" title=\"\" width=\"350\" height=\"246\" border=\"0\" vspace=\"0\" style=\"width: 350px;height: 246px\"><\/p>\n<\/div>\n<\/div>\n<div class=\"col-md-6 col-sm-6 col-xs-6\">\n<div class=\"right-p\">\n<div class=\"h2 heading\">\n<p><span style=\"letter-spacing: 0px;font-size: 20px;font-family: arial, helvetica, sans-serif\">2. El panel de control muestra claramente el progreso de la producci\u00f3n, y se puede ajustar el tiempo para cada producci\u00f3n.<\/span><\/p>\n<p><span style=\"letter-spacing: 0px;font-size: 20px;font-family: arial, helvetica, sans-serif\"><br \/><\/span><\/p>\n<p><span style=\"letter-spacing: 0px;font-size: 20px;font-family: arial, helvetica, sans-serif\"><br \/><\/span><\/p>\n<p><span style=\"letter-spacing: 0px;font-size: 20px;font-family: arial, helvetica, sans-serif\"><br \/><\/span><\/p>\n<\/div>\n<\/div>\n<div class=\"graphic_pic animated wow bounceIn\" data-wow-delay=\".7s\">\n<p style=\"text-align:center\"><img loading=\"lazy\" decoding=\"async\" src=\"https:\/\/www.hommy.com\/wp-content\/uploads\/16009980857125.png\" alt=\"producto-Hommy-img\" title=\"\" width=\"250\" height=\"438\" border=\"0\" vspace=\"0\" style=\"width: 250px;height: 438px\"><\/p>\n<\/div>\n<\/div>\n<\/div>\n<\/div>\n<p><strong><span style=\"letter-spacing: 0px;font-size: 29px;font-family: arial, helvetica, sans-serif\"><\/span><\/strong><\/p>\n<p>Documento\uff1a<img decoding=\"async\" src=\"http:\/\/admin.allweyes.com\/templates\/admin\/default\/assets\/library\/ueditor\/dialogs\/attachment\/fileTypeImages\/icon_pdf.gif\" style=\"margin-right: 2px\" alt=\"producto-HM28B Congelador de helados por lotes-Hommy-img\" title=\"\"><a href=\"https:\/\/img80002414.weyesimg.com\/uploads\/www.hommy.com\/addon\/16026610416862.pdf\" title=\"16026610416862.pdf\" style=\"font-size: 12px\">16026610416862.pdf<\/a><\/p>\n<h2>\u00bfC\u00f3mo se sabe cu\u00e1ndo el helado est\u00e1 suficientemente batido?&nbsp;<\/h2>\n<p style=\"margin-top: 5px;margin-bottom: 5px\">La mejor forma de saber si est\u00e1 hecho es introducir una cuchara larga. El helado debe estar suave y cremoso, pero no demasiado blando. Si el helado est\u00e1 demasiado blando, a\u00fan no est\u00e1 hecho.<\/p>\n<p style=\"margin-top: 5px;margin-bottom: 5px\"><\/p>\n<h2>\u00bfC\u00f3mo es que el helado Breyers no se derrite?<\/h2>\n<p style=\"margin-top: 5px;margin-bottom: 5px\">Se elabora con ingredientes que se congelan a altas temperaturas.<\/p>\n<p style=\"margin-top: 5px;margin-bottom: 5px\">El helado Breyers se elabora congelando a muy baja temperatura una mezcla base de leche, az\u00facar y huevos.&nbsp;<\/p>\n<p style=\"margin-top: 5px;margin-bottom: 5px\">A continuaci\u00f3n, se mezcla con un concentrado de sabor y se vuelve a congelar a muy baja temperatura.<\/p>\n<p style=\"margin-top: 5px;margin-bottom: 5px\"><\/p>\n<h2>\u00bfC\u00f3mo se endurece un helado casero?<\/h2>\n<p style=\"margin-top: 5px;margin-bottom: 5px\">La cantidad de az\u00facar variar\u00e1 en funci\u00f3n del tipo de helado que prepare. Para empezar, el az\u00facar se a\u00f1ade a un m\u00ednimo de 14% en peso, y puede llegar hasta 20% o incluso 30%. Los helados con un alto contenido de az\u00facar mantendr\u00e1n mejor su forma que los que tienen un contenido de az\u00facar m\u00e1s bajo.<\/p>\n<\/div><\/div>","protected":false},"excerpt":{"rendered":"<p>&nbsp;&nbsp;&nbsp;&nbsp; Gelato Machine Gelato Machine|Product specification|Product Features|Product Advantage If you&#039;re looking for an ice cream batch freezer that will help you take your business to the next level, you&#039;ve come to the right place. At Ice Cream Batch Freezer, we pride ourselves on providing our customers with the highest quality product possible. We believe that [&hellip;]<\/p>\n","protected":false},"featured_media":1932,"comment_status":"open","ping_status":"open","template":"","meta":{"_swt_meta_header_display":false,"_swt_meta_footer_display":false,"_swt_meta_site_title_display":false,"_swt_meta_sticky_header":false,"_swt_meta_transparent_header":false},"product_brand":[],"product_cat":[82],"product_tag":[],"class_list":{"0":"post-758","1":"product","2":"type-product","3":"status-publish","4":"has-post-thumbnail","6":"product_cat-hard-ice-cream-machine","8":"first","9":"instock","10":"shipping-taxable","11":"product-type-simple"},"_links":{"self":[{"href":"https:\/\/www.hommy.com\/es\/wp-json\/wp\/v2\/product\/758","targetHints":{"allow":["GET"]}}],"collection":[{"href":"https:\/\/www.hommy.com\/es\/wp-json\/wp\/v2\/product"}],"about":[{"href":"https:\/\/www.hommy.com\/es\/wp-json\/wp\/v2\/types\/product"}],"replies":[{"embeddable":true,"href":"https:\/\/www.hommy.com\/es\/wp-json\/wp\/v2\/comments?post=758"}],"wp:featuredmedia":[{"embeddable":true,"href":"https:\/\/www.hommy.com\/es\/wp-json\/wp\/v2\/media\/1932"}],"wp:attachment":[{"href":"https:\/\/www.hommy.com\/es\/wp-json\/wp\/v2\/media?parent=758"}],"wp:term":[{"taxonomy":"product_brand","embeddable":true,"href":"https:\/\/www.hommy.com\/es\/wp-json\/wp\/v2\/product_brand?post=758"},{"taxonomy":"product_cat","embeddable":true,"href":"https:\/\/www.hommy.com\/es\/wp-json\/wp\/v2\/product_cat?post=758"},{"taxonomy":"product_tag","embeddable":true,"href":"https:\/\/www.hommy.com\/es\/wp-json\/wp\/v2\/product_tag?post=758"}],"curies":[{"name":"wp","href":"https:\/\/api.w.org\/{rel}","templated":true}]}}