{"id":753,"date":"2024-07-02T16:03:42","date_gmt":"2024-07-02T16:03:42","guid":{"rendered":"http:\/\/localhost\/hommywp\/hm28-hot-sale-copper-evaporator-hard-ice-cream-machine-maker-price\/"},"modified":"2025-08-01T09:57:40","modified_gmt":"2025-08-01T09:57:40","slug":"hm28-maquina-de-helados-duros","status":"publish","type":"product","link":"https:\/\/www.hommy.com\/es\/p\/hm28-maquina-de-helados-duros\/","title":{"rendered":"Hm28 Venta caliente Evaporador de cobre duro Helado M\u00e1quina Maker Precio"},"content":{"rendered":"<div>\n<p>&nbsp;&nbsp;&nbsp;&nbsp;<\/p>\n<h2 style=\"text-align: center\"><strong><span style=\"letter-spacing: 0px;font-size: 29px;font-family: arial, helvetica, sans-serif\"><a name=\"Gelato Ice Cream Maker\"><\/a>Heladera Gelato<\/span><\/strong><\/h2>\n<p style=\"text-align: center\"><a href=\"#Gelato Ice Cream Maker\" target=\"_self\" data-lv=\"0\" rel=\"noopener\"><span style=\"font-size: 16px\"><span style=\"letter-spacing: 0px;font-family: arial, helvetica, sans-serif\">Heladera Gelato<\/span><\/span><\/a><span style=\"font-size: 16px\"><span style=\"letter-spacing: 0px;font-family: arial, helvetica, sans-serif\">|<a href=\"#Product specification\" target=\"_self\" data-lv=\"0\" rel=\"noopener\">Especificaci\u00f3n del producto<\/a>|<a href=\"#Product Features\" target=\"_self\" data-lv=\"0\" rel=\"noopener\">Caracter\u00edsticas del producto<\/a>|<\/span><a href=\"#Product Advantage\" target=\"_self\" data-lv=\"0\" rel=\"noopener\"><span style=\"letter-spacing: 0px;font-family: arial, helvetica, sans-serif\">Ventajas del producto<\/span><span style=\"letter-spacing: 0px;font-family: arial, helvetica, sans-serif\">e<\/span><\/a><\/span><\/p>\n<p><strong><span style=\"letter-spacing: 0px;font-size: 29px;font-family: arial, helvetica, sans-serif\"><br \/><\/span><\/strong><\/p>\n<p style=\"text-align: center\">\n<p>A <a style=\"color:blue\" href=\"https:\/\/www.hommy.com\/es\/maquina-de-helados-duros\/\">m\u00e1quina de helados duros<\/a> tambi\u00e9n se conoce con el nombre de congelador por lotes. Nos cuentan entre los principales fabricantes y proveedores de m\u00e1quinas de helado duro, que est\u00e1n disponibles en diferentes capacidades, tama\u00f1os, precios y dise\u00f1os. Estas m\u00e1quinas son adecuadas para la producci\u00f3n a peque\u00f1a y gran escala de helado duro.<\/p>\n<p>Duro directo de f\u00e1brica <a style=\"color:blue\" href=\"\/es\/\">m\u00e1quina de helados<\/a>ya est\u00e1n a disposici\u00f3n del p\u00fablico. Estas m\u00e1quinas son perfectas para quienes desean disfrutar de un helado duro y delicioso sin complicaciones.<\/p>\n<p>Nuestras m\u00e1quinas de helados duros son f\u00e1ciles de usar y no requieren habilidades o conocimientos especiales para funcionar. \u00bfPor qu\u00e9 esperar? Pida su propia m\u00e1quina de helados duros hoy mismo y empiece a disfrutar de deliciosos helados duros ma\u00f1ana mismo.<\/p>\n<p style=\"margin-bottom: 0px\"><span style=\"font-size: 24px\"><span style=\"font-weight: 700\"><span style=\"letter-spacing: 0px;font-family: arial, helvetica, sans-serif\"><br \/><\/span><\/span><\/span><\/p>\n<h2 style=\"margin-bottom: 0px\"><span style=\"font-size: 24px\"><span style=\"font-weight: 700\"><span style=\"letter-spacing: 0px;font-family: arial, helvetica, sans-serif\"><a name=\"Product specification\"><\/a>Especificaciones del producto\uff1a<\/span><\/span><\/span><\/h2>\n<p style=\"margin-bottom: 0px\"><span style=\"font-size: 24px\"><span style=\"font-weight: 700\"><span style=\"letter-spacing: 0px;font-family: arial, helvetica, sans-serif\"><br \/><\/span><\/span><\/span><\/p>\n<p style=\"margin-bottom: 0px\"><span style=\"font-size: 24px\"><span style=\"font-weight: 700\"><span style=\"letter-spacing: 0px;font-family: arial, helvetica, sans-serif\"><br \/><\/span><\/span><\/span><\/p>\n<p style=\"margin-bottom: 0px;text-align: center\"><img decoding=\"async\" src=\"https:\/\/www.hommy.com\/wp-content\/uploads\/16008297565343-1.png\" alt=\"producto-Hommy-img\" title=\"\"><\/p>\n<p><\/p>\n<p><span style=\"font-weight: 700\"><span style=\"letter-spacing: 0px;font-size: 24px;font-family: arial, helvetica, sans-serif\"><\/span><\/span><\/p>\n<div class=\"d-tem01-graphic tem01-graphic mockup\" data-detail=\"wrap\">\n<div class=\"cont-section clearfix d-clearfix\">\n<div class=\"col-md-6 col-sm-6 col-xs-6\"><\/p>\n<div class=\"graphic_pic animated wow bounceIn\" data-wow-delay=\".7s\">\n<p style=\"text-align:center\"><img loading=\"lazy\" decoding=\"async\" src=\"https:\/\/www.hommy.com\/wp-content\/uploads\/16008314161224.jpg\" alt=\"producto-Hommy-img\" title=\"\" width=\"300\" height=\"627\" border=\"0\" vspace=\"0\" style=\"width: 300px;height: 627px\"><\/p>\n<\/div>\n<\/div>\n<div class=\"col-md-6 col-sm-6 col-xs-6\">\n<div class=\"right-p\">\n<div class=\"h2 heading\">\n<p style=\"margin-bottom: 0px;font-size: 22px;text-align: justify\"><span style=\"font-weight: 700\"><span style=\"letter-spacing: 0px;font-size: 24px;font-family: arial, helvetica, sans-serif\"><br \/><\/span><\/span><\/p>\n<p style=\"margin-bottom: 0px;font-size: 22px;text-align: justify\"><span style=\"font-weight: 700\"><span style=\"letter-spacing: 0px;font-size: 24px;font-family: arial, helvetica, sans-serif\"><br \/><\/span><\/span><\/p>\n<p style=\"margin-bottom: 0px;font-size: 22px;text-align: justify\"><span style=\"font-weight: 700\"><span style=\"letter-spacing: 0px;font-size: 24px;font-family: arial, helvetica, sans-serif\"><br \/><\/span><\/span><\/p>\n<h2 style=\"margin-bottom: 0px;font-size: 22px;text-align: justify\"><span style=\"font-weight: 700\"><span style=\"letter-spacing: 0px;font-size: 24px;font-family: arial, helvetica, sans-serif\"><a name=\"Product Features\"><\/a>Caracter\u00edsticas del producto:<\/span><\/span><\/h2>\n<p style=\"margin-bottom: 0px;font-size: 22px;text-align: justify\"><span style=\"font-weight: 700\"><span style=\"letter-spacing: 0px;font-size: 24px;font-family: arial, helvetica, sans-serif\"><br \/><\/span><\/span><\/p>\n<p style=\"margin-bottom: 0px;font-size: 22px;padding: 0px;vertical-align: baseline\"><span style=\"font-family: arial, helvetica, sans-serif\"><span style=\"letter-spacing: 0px;font-size: 19px\"><\/span><span style=\"font-size: 20px\"><span style=\"font-family: Calibri\">\u25c6&nbsp;<\/span><span style=\"letter-spacing: 0px\">Compresores de la marca mundial Tecumseh , funcionan en estado estacionario.<\/span><\/span><\/span><\/p>\n<p style=\"margin-bottom: 0px;font-size: 22px;padding: 0px;vertical-align: baseline\"><span style=\"font-family: arial, helvetica, sans-serif;font-size: 20px\"><span style=\"font-family: Calibri;letter-spacing: 0px;font-size: 19px\"><\/span><span style=\"font-family: Calibri;font-size: 19px\">\u25c6&nbsp;<\/span><span style=\"font-family: Calibri;letter-spacing: 0px;font-size: 19px\">Potente electromotor, potencia de hasta5000W.<\/span><\/span><\/p>\n<p style=\"margin-bottom: 0px;font-size: 22px;padding: 0px;vertical-align: baseline\"><span style=\"font-family: arial, helvetica, sans-serif;font-size: 20px\"><span style=\"letter-spacing: 0px;font-family: Calibri;font-size: 19px\">\u25c6<\/span><span style=\"font-family: Calibri;letter-spacing: 0px;font-size: 19px\">&nbsp;Nuevo dise\u00f1o de polea de doble ranura, rotaci\u00f3n estable, bajo ruido, baja vibraci\u00f3n, sin deslizamiento.  La vida \u00fatil de la correa es 75% m\u00e1s largo que el dise\u00f1o antiguo.  Y la funci\u00f3n de la m\u00e1quina de helados es mucho m\u00e1s estable que el est\u00e1ndar nacional.<\/span><\/span><\/p>\n<p style=\"margin-bottom: 0px;font-size: 22px;padding: 0px;vertical-align: baseline\"><span style=\"font-family: arial, helvetica, sans-serif;font-size: 20px\"><span style=\"letter-spacing: 0px;font-family: Calibri;font-size: 19px\">\u25c6<\/span><span style=\"font-family: Calibri;letter-spacing: 0px;font-size: 19px\">&nbsp;Aplicar \u00faltimo&nbsp;<\/span><span style=\"font-family: \u5b8b\u4f53;letter-spacing: 0px;font-size: 19px\">investigaci\u00f3n<\/span><span style=\"font-family: Calibri;letter-spacing: 0px;font-size: 19px\">&nbsp;logro, fortalecer el espesor de la capa de espuma, proporcionar un mejor aislamiento y ahorrar m\u00e1s energ\u00eda, mantiene el helado en cierta temperatura,&nbsp;<\/span><span style=\"font-family: \u5b8b\u4f53;letter-spacing: 0px;font-size: 19px\">mantener<\/span><span style=\"font-family: Calibri;letter-spacing: 0px;font-size: 19px\">&nbsp;el sabor original.<\/span><\/span><\/p>\n<p style=\"margin-bottom: 0px;font-size: 22px;padding: 0px;vertical-align: baseline\"><span style=\"font-family: arial, helvetica, sans-serif;font-size: 20px\"><span style=\"letter-spacing: 0px;font-family: Calibri;font-size: 19px\">\u25c6&nbsp;<\/span><span style=\"font-family: Calibri;letter-spacing: 0px;font-size: 19px\">El evaporador de cobre puro acelera la transferencia de calor y mejora la eficiencia.<\/span><\/span><\/p>\n<p style=\"margin-bottom: 0px;font-size: 22px;padding: 0px;vertical-align: baseline\"><span style=\"font-family: arial, helvetica, sans-serif;font-size: 20px\"><span style=\"letter-spacing: 0px;font-family: Calibri;font-size: 19px\">\u25c6<\/span><span style=\"font-family: Calibri;letter-spacing: 0px;font-size: 19px\">&nbsp;Las grandes aspas del ventilador mantienen el ruido en el nivel m\u00e1s bajo a la vez que proporcionan suficiente volumen de aire.<\/span><\/span><\/p>\n<p style=\"margin-bottom: 0px;font-size: 22px;padding: 0px;vertical-align: baseline\"><span style=\"font-family: Calibri;letter-spacing: 0px;font-size: 20px\"><span style=\"letter-spacing: 0px;font-family: arial, helvetica, sans-serif\">\u25c6&nbsp;<\/span>Sistema operativo de \u00faltima generaci\u00f3n, el funcionamiento de la m\u00e1quina de un vistazo.<\/span><\/p>\n<\/div>\n<\/div>\n<p>&nbsp; &nbsp; &nbsp; &nbsp; &nbsp; &nbsp;<\/p><\/div>\n<\/div>\n<\/div>\n<p><span style=\"font-weight: 700\"><span style=\"letter-spacing: 0px;font-size: 24px;font-family: arial, helvetica, sans-serif\"><br \/><\/span><\/span><\/p>\n<h2><span style=\"font-weight: 700\"><span style=\"letter-spacing: 0px;font-size: 24px;font-family: arial, helvetica, sans-serif\"><a name=\"Product Advantage\"><\/a>Ventaja del producto:<\/span><\/span><\/h2>\n<p><span style=\"font-weight: 700\"><span style=\"letter-spacing: 0px;font-size: 24px;font-family: arial, helvetica, sans-serif\"><\/span><\/span><\/p>\n<div class=\"d-tem01-graphic tem01-graphic mockup\" data-detail=\"wrap\">\n<div class=\"cont-section clearfix d-clearfix\">\n<div class=\"col-md-6 col-sm-6 col-xs-6\">\n<div class=\"right-p\">\n<p><span style=\"letter-spacing: 0px;font-size: 20px;font-family: arial, helvetica, sans-serif\"><span style=\"color:#000000;font-family:arial, helvetica, sans-serif\">1.&nbsp;<\/span><\/span><span style=\"font-family: arial, helvetica, sans-serif\"><span style=\"font-family: Calibri;letter-spacing: 0px;font-size: 20px\">Varilla agitadora de alta resistencia al desgaste, material importado de calidad alimentaria, pone fin a la expansi\u00f3n y contracci\u00f3n t\u00e9rmica, reduce el vac\u00edo del cilindro rascador, hace que el sabor del helado sea m\u00e1s delicado y suave<\/span><span style=\"font-family: \u5b8b\u4f53;letter-spacing: 0px;font-size: 20px\">.<\/span><\/span><\/p>\n<p><span style=\"font-family: arial, helvetica, sans-serif\"><span style=\"font-family: \u5b8b\u4f53;letter-spacing: 0px;font-size: 20px\"><br \/><\/span><\/span><\/p>\n<p><span style=\"font-family: arial, helvetica, sans-serif;font-size: 20px\"><\/span><\/div>\n<div class=\"graphic_pic animated wow bounceIn\" data-wow-delay=\".7s\">\n<p style=\"text-align:center\"><img loading=\"lazy\" decoding=\"async\" src=\"https:\/\/www.hommy.com\/wp-content\/uploads\/16008316805808.png\" alt=\"producto-Hommy-img\" title=\"\" width=\"350\" height=\"177\" border=\"0\" vspace=\"0\" style=\"width: 350px;height: 177px\"><\/p>\n<\/div>\n<\/div>\n<div class=\"col-md-6 col-sm-6 col-xs-6\">\n<div class=\"right-p\">\n<p><span style=\"font-family: arial, helvetica, sans-serif;font-size: 20px\">2.El bloque tromat de acero inoxidable es limpio e higi\u00e9nico, con un alto grado de sellado, un funcionamiento sencillo y un bonito aspecto.<\/span><span style=\"font-size: 14px\"><\/span><\/p>\n<p><span style=\"font-size: 14px\"><br \/><\/span><\/p>\n<p><span style=\"font-size: 14px\"><br \/><\/span><\/p>\n<\/div>\n<div class=\"graphic_pic animated wow bounceIn\" data-wow-delay=\".7s\">\n<p style=\"text-align:center\"><img loading=\"lazy\" decoding=\"async\" src=\"https:\/\/www.hommy.com\/wp-content\/uploads\/16008316531897.png\" alt=\"product-Hommy-HM28 M\u00e1quina de helados duros-img\" title=\"\" width=\"350\" height=\"279\" border=\"0\" vspace=\"0\" style=\"width: 350px;height: 279px\"><\/p>\n<\/div>\n<\/div>\n<\/div>\n<\/div>\n<div class=\"d-tem01-graphic tem01-graphic mockup\" data-detail=\"wrap\">\n<div class=\"cont-section clearfix d-clearfix\">\n<div class=\"col-md-6 col-sm-6 col-xs-6\">\n<div class=\"right-p\">\n<div class=\"h2 heading\"><span style=\"font-family: arial, helvetica, sans-serif;font-size: 20px\">3. El panel de control muestra claramente el progreso de la producci\u00f3n, y se puede ajustar el tiempo para cada producci\u00f3n.<\/span><\/div>\n<\/div>\n<div class=\"graphic_pic animated wow bounceIn\" data-wow-delay=\".7s\">\n<p style=\"text-align:center\"><img loading=\"lazy\" decoding=\"async\" src=\"https:\/\/www.hommy.com\/wp-content\/uploads\/16008316138767.png\" alt=\"producto-HM28 M\u00e1quina de helados duros-Hommy-img\" title=\"\" width=\"350\" height=\"500\" border=\"0\" vspace=\"0\" style=\"width: 350px;height: 500px\"><\/p>\n<\/div>\n<\/div>\n<p>&nbsp; &nbsp; &nbsp; &nbsp; &nbsp; &nbsp;<\/div>\n<\/div>\n<p>Documento\uff1a<img decoding=\"async\" src=\"https:\/\/www.hommy.com\/wp-content\/uploads\/icon_pdf-43.gif\" style=\"margin-right: 2px\" alt=\"producto-Hommy-img\" title=\"\"><a href=\"https:\/\/img80002414.weyesimg.com\/uploads\/www.hommy.com\/addon\/16027247133039.pdf\" title=\"16027247133039.pdf\" style=\"font-size: 12px\">16027247133039.pdf<\/a><\/p>\n<h2>\u00bfEs malo el helado casero?<\/h2>\n<p style=\"margin-top: 5px;margin-bottom: 5px\"><\/p>\n<p style=\"margin-top: 5px;margin-bottom: 5px\">Como alguien que trabaja con alimentos todos los d\u00edas, siempre me intriga conocer las \u00faltimas tendencias diet\u00e9ticas y su impacto en la industria alimentaria.<\/p>\n<p style=\"margin-top: 5px;margin-bottom: 5px\"><\/p>\n<p style=\"margin-top: 5px;margin-bottom: 5px\">Incluso me han invitado a hablar de alimentaci\u00f3n sana en directo.<\/p>\n<p style=\"margin-top: 5px;margin-bottom: 5px\"><\/p>\n<p style=\"margin-top: 5px;margin-bottom: 5px\">Una tendencia diet\u00e9tica de la que he o\u00eddo hablar \u00faltimamente es la afirmaci\u00f3n de que la gente \"sabe mejor\" porque hace su propio helado casero.<\/p>\n<p style=\"margin-top: 5px;margin-bottom: 5px\"><\/p>\n<p style=\"margin-top: 5px;margin-bottom: 5px\">Entiendo que la gente quiera prepararse un helado mejor que el que puede comprar en una tienda o en un avi\u00f3n. Hacer helado en casa es m\u00e1s gratificante, y puedes controlar exactamente lo que entra en el producto.<\/p>\n<p style=\"margin-top: 5px;margin-bottom: 5px\"><\/p>\n<h2>\u00bfSe puede beber agua despu\u00e9s de comer helado?<\/h2>\n<p style=\"margin-top: 5px;margin-bottom: 5px\"><\/p>\n<p style=\"margin-top: 5px;margin-bottom: 5px\">Acabo de comerme un helado en la cena (de fresa y coco) y luego he bebido un poco de agua. No me sent\u00eda bien del est\u00f3mago. \u00bfPuedo beber agua despu\u00e9s de comer helado? Nunca hab\u00eda tenido este problema.<\/p>\n<p style=\"margin-top: 5px;margin-bottom: 5px\"><\/p>\n<p style=\"margin-top: 5px;margin-bottom: 5px\">Adem\u00e1s, \u00bfcu\u00e1l es el mejor tipo de helado? Me encanta el de pistacho por su textura crujiente, pero he o\u00eddo que no es bueno para la digesti\u00f3n.<\/p>\n<p style=\"margin-top: 5px;margin-bottom: 5px\"><\/p>\n<p style=\"margin-top: 5px;margin-bottom: 5px\"><\/p>\n<h2>\u00bfEs lo mismo helado que natillas?<\/h2>\n<p style=\"margin-top: 5px;margin-bottom: 5px\"><\/p>\n<p style=\"margin-top: 5px;margin-bottom: 5px\">A:<\/p>\n<p style=\"margin-top: 5px;margin-bottom: 5px\"><\/p>\n<p style=\"margin-top: 5px;margin-bottom: 5px\">El helado se elabora con leche helada parcialmente congelada y suele servirse con bolas de helado de vainilla y chocolate. Las natillas heladas suelen servirse directamente de la m\u00e1quina de helados o en un cucurucho de helado.&nbsp;<\/p>\n<\/div><\/div>","protected":false},"excerpt":{"rendered":"<p>&nbsp;&nbsp;&nbsp;&nbsp; Gelato Ice Cream Maker Gelato Ice Cream Maker|Product specification|Product Features|Product Advantage A hard ice cream machine is also known by the name as batch freezer. We are counted among the leading manufacturers and suppliers of hard ice cream machine, that are available in different capacities, sizes, prices, and designs. These machines are suitable for [&hellip;]<\/p>\n","protected":false},"featured_media":1931,"comment_status":"open","ping_status":"open","template":"","meta":{"_swt_meta_header_display":false,"_swt_meta_footer_display":false,"_swt_meta_site_title_display":false,"_swt_meta_sticky_header":false,"_swt_meta_transparent_header":false},"product_brand":[],"product_cat":[82],"product_tag":[],"class_list":{"0":"post-753","1":"product","2":"type-product","3":"status-publish","4":"has-post-thumbnail","6":"product_cat-hard-ice-cream-machine","8":"first","9":"instock","10":"shipping-taxable","11":"product-type-simple"},"_links":{"self":[{"href":"https:\/\/www.hommy.com\/es\/wp-json\/wp\/v2\/product\/753","targetHints":{"allow":["GET"]}}],"collection":[{"href":"https:\/\/www.hommy.com\/es\/wp-json\/wp\/v2\/product"}],"about":[{"href":"https:\/\/www.hommy.com\/es\/wp-json\/wp\/v2\/types\/product"}],"replies":[{"embeddable":true,"href":"https:\/\/www.hommy.com\/es\/wp-json\/wp\/v2\/comments?post=753"}],"wp:featuredmedia":[{"embeddable":true,"href":"https:\/\/www.hommy.com\/es\/wp-json\/wp\/v2\/media\/1931"}],"wp:attachment":[{"href":"https:\/\/www.hommy.com\/es\/wp-json\/wp\/v2\/media?parent=753"}],"wp:term":[{"taxonomy":"product_brand","embeddable":true,"href":"https:\/\/www.hommy.com\/es\/wp-json\/wp\/v2\/product_brand?post=753"},{"taxonomy":"product_cat","embeddable":true,"href":"https:\/\/www.hommy.com\/es\/wp-json\/wp\/v2\/product_cat?post=753"},{"taxonomy":"product_tag","embeddable":true,"href":"https:\/\/www.hommy.com\/es\/wp-json\/wp\/v2\/product_tag?post=753"}],"curies":[{"name":"wp","href":"https:\/\/api.w.org\/{rel}","templated":true}]}}