{"id":746,"date":"2024-07-02T16:03:38","date_gmt":"2024-07-02T16:03:38","guid":{"rendered":"http:\/\/localhost\/hommywp\/hm18-professional-batch-freezer-for-ice-cream-gelato\/"},"modified":"2025-08-01T09:57:40","modified_gmt":"2025-08-01T09:57:40","slug":"congelador-de-lotes-hm18","status":"publish","type":"product","link":"https:\/\/www.hommy.com\/es\/p\/congelador-de-lotes-hm18\/","title":{"rendered":"Hm18 Congelador profesional por lotes para helado y gelato"},"content":{"rendered":"<div>\n<p style=\"text-align: center\">&nbsp; &nbsp; &nbsp; &nbsp; &nbsp; &nbsp;<span style=\"font-family: inherit;font-size: 22px\"><br \/><\/span><\/p>\n<h2 style=\"text-align: center\"><span style=\"font-family: arial, helvetica, sans-serif\"><strong><span style=\"letter-spacing: 0px;font-size: 29px\"><a name=\"Table top Gelato Maker\"><\/a>Heladera de sobremesa<\/span><\/strong><\/span><\/h2>\n<p style=\"text-align: center\"><a href=\"#Table top Gelato Maker\" target=\"_self\" data-lv=\"0\" rel=\"noopener\"><span style=\"font-family: \u5b8b\u4f53;letter-spacing: 0px;font-size: 16px\">Heladera de sobremesa<\/span><\/a><span style=\"font-family: \u5b8b\u4f53;letter-spacing: 0px;font-size: 16px\">|<a href=\"#Product specification\" target=\"_self\" data-lv=\"0\" rel=\"noopener\">Especificaci\u00f3n del producto<\/a>|<a href=\"#Product Features\" target=\"_self\" data-lv=\"0\" rel=\"noopener\">Caracter\u00edsticas del producto<\/a>|<a href=\"#Product Advantage\" target=\"_self\" data-lv=\"0\" rel=\"noopener\">Ventajas del producto<\/a>&nbsp;<\/span><\/p>\n<p><\/p>\n<p style=\"text-align: center\"><div style=\"width: 640px;\" class=\"wp-video\"><video class=\"wp-video-shortcode\" id=\"video-746-1\" width=\"640\" height=\"360\" preload=\"metadata\" controls=\"controls\"><source type=\"video\/mp4\" src=\"https:\/\/img80002414.weyesimg.com\/uploads\/www.hommy.com\/video\/16008293811244.mp4?_=1\" \/><a href=\"https:\/\/img80002414.weyesimg.com\/uploads\/www.hommy.com\/video\/16008293811244.mp4\">https:\/\/img80002414.weyesimg.com\/uploads\/www.hommy.com\/video\/16008293811244.mp4<\/a><\/video><\/div><\/p>\n<p>La oferta <a style=\"color:blue\" href=\"https:\/\/www.hommy.com\/es\/maquina-de-helados-duros\/\">Congelador de lotes<\/a> se fabrica utilizando materiales y componentes de la mejor calidad bajo la direcci\u00f3n de profesionales cualificados. Adem\u00e1s, estas m\u00e1quinas son ampliamente utilizados para fines comerciales. Este congelador por lotes se proporciona en varios tama\u00f1os seg\u00fan los requisitos de los clientes. El congelador de lotes ofrecido est\u00e1 disponible a precios l\u00edderes en el mercado.<\/p>\n<h2><span style=\"font-size: 24px\"><strong><span style=\"letter-spacing: 0px;font-family: arial, helvetica, sans-serif\"><a name=\"Product specification\"><\/a>Especificaciones del producto\uff1a<\/span><\/strong><\/span><\/h2>\n<p><span style=\"font-size: 24px\"><strong><span style=\"letter-spacing: 0px;font-family: arial, helvetica, sans-serif\"><br \/><\/span><\/strong><\/span><\/p>\n<p style=\"text-align: center\"><img decoding=\"async\" src=\"https:\/\/www.hommy.com\/wp-content\/uploads\/16008297565343.png\" alt=\"producto-Hommy-img\" title=\"\"><\/p>\n<p><\/p>\n<p><\/p>\n<div class=\"d-tem01-graphic tem01-graphic mockup\" data-detail=\"wrap\">\n<div class=\"cont-section clearfix d-clearfix\">\n<div class=\"col-md-6 col-sm-6 col-xs-6\"><\/p>\n<div class=\"graphic_pic animated wow bounceIn\" data-wow-delay=\".7s\">\n<p style=\"text-align:center\"><img loading=\"lazy\" decoding=\"async\" src=\"https:\/\/www.hommy.com\/wp-content\/uploads\/16008300224037.jpg\" alt=\"producto-Hommy-img\" title=\"\" width=\"450\" height=\"500\" border=\"0\" vspace=\"0\" style=\"width: 450px;height: 500px\"><\/p>\n<\/div>\n<\/div>\n<div class=\"col-md-6 col-sm-6 col-xs-6\">\n<div class=\"right-p\">\n<div class=\"h2 heading\">\n<p style=\"margin-top:0;margin-right:0;margin-bottom:0;margin-left:0;text-indent:0;text-align:justify\"><strong><span style=\"letter-spacing: 0px;font-size: 24px;font-family: arial, helvetica, sans-serif\"><br \/><\/span><\/strong><\/p>\n<p style=\"margin-top:0;margin-right:0;margin-bottom:0;margin-left:0;text-indent:0;text-align:justify\"><strong><span style=\"letter-spacing: 0px;font-size: 24px;font-family: arial, helvetica, sans-serif\"><br \/><\/span><\/strong><\/p>\n<p style=\"margin-top:0;margin-right:0;margin-bottom:0;margin-left:0;text-indent:0;text-align:justify\"><strong><span style=\"letter-spacing: 0px;font-size: 24px;font-family: arial, helvetica, sans-serif\"><br \/><\/span><\/strong><\/p>\n<h2 style=\"margin: 0px;text-indent: 0px;text-align: justify\"><strong><span style=\"letter-spacing: 0px;font-size: 24px;font-family: arial, helvetica, sans-serif\"><a name=\"Product Features\"><\/a>Caracter\u00edsticas del producto:<\/span><\/strong><\/h2>\n<p style=\"margin-top:0;margin-right:0;margin-bottom:0;margin-left:0;text-indent:0;text-align:justify\"><strong><span style=\"letter-spacing: 0px;font-size: 24px;font-family: arial, helvetica, sans-serif\"><br \/><\/span><\/strong><\/p>\n<p style=\"text-indent: 0;padding: 0;vertical-align: baseline\"><span style=\"font-family: arial, helvetica, sans-serif\"><span style=\"letter-spacing: 0px;font-size: 19px\"><\/span><span style=\"font-family: arial, helvetica, sans-serif;font-size: 20px\"><span style=\"font-family: Calibri\">\u25c6&nbsp;<\/span><span style=\"font-family: arial, helvetica, sans-serif;letter-spacing: 0px\">Compresores de la marca mundial Tecumseh , funcionan en estado estacionario.<\/span><\/span><\/span><\/p>\n<p style=\"text-indent: 0;padding: 0;vertical-align: baseline\"><span style=\"font-family: arial, helvetica, sans-serif;font-size: 20px\"><span style=\"font-family: Calibri;letter-spacing: 0px;font-size: 19px\"><\/span><span style=\"font-family: Calibri;font-size: 19px\">\u25c6&nbsp;<\/span><span style=\"font-family: Calibri;letter-spacing: 0px;font-size: 19px\">Potente electromotor, potencia de hasta5000W.<\/span><\/span><\/p>\n<p style=\"text-indent: 0;padding: 0;vertical-align: baseline\"><span style=\"font-family: arial, helvetica, sans-serif;font-size: 20px\"><span style=\"letter-spacing: 0px;font-family: Calibri;font-size: 19px\">\u25c6<\/span><span style=\"font-family: Calibri;letter-spacing: 0px;font-size: 19px\">&nbsp;Nuevo dise\u00f1o de polea de doble ranura, rotaci\u00f3n estable, bajo ruido, baja vibraci\u00f3n, sin deslizamiento.  La vida \u00fatil de la correa es 75% m\u00e1s larga que el dise\u00f1o antiguo.  Y la <a style=\"color:blue\" href=\"\/es\/\">m\u00e1quina de helados<\/a> funci\u00f3n es mucho m\u00e1s estable que la norma nacional.<\/span><\/span><\/p>\n<p style=\"text-indent: 0;padding: 0;vertical-align: baseline\"><span style=\"font-family: arial, helvetica, sans-serif;font-size: 20px\"><span style=\"letter-spacing: 0px;font-family: Calibri;font-size: 19px\">\u25c6<\/span><span style=\"font-family: Calibri;letter-spacing: 0px;font-size: 19px\">&nbsp;Aplicar \u00faltimo <\/span><span style=\"font-family: \u5b8b\u4f53;letter-spacing: 0px;font-size: 19px\">investigaci\u00f3n<\/span><span style=\"font-family: Calibri;letter-spacing: 0px;font-size: 19px\">&nbsp;logro, fortalecer el espesor de la capa de espuma, proporcionar un mejor aislamiento y ahorrar m\u00e1s energ\u00eda, mantiene el helado en cierta temperatura, <\/span><span style=\"font-family: \u5b8b\u4f53;letter-spacing: 0px;font-size: 19px\">mantener<\/span><span style=\"font-family: Calibri;letter-spacing: 0px;font-size: 19px\">&nbsp;el sabor original.<\/span><\/span><\/p>\n<p style=\"text-indent: 0;padding: 0;vertical-align: baseline\"><span style=\"font-family: arial, helvetica, sans-serif;font-size: 20px\"><span style=\"letter-spacing: 0px;font-family: Calibri;font-size: 19px\">\u25c6&nbsp;<\/span><span style=\"font-family: Calibri;letter-spacing: 0px;font-size: 19px\">El evaporador de cobre puro acelera la transferencia de calor y mejora la eficiencia.<\/span><\/span><\/p>\n<p style=\"text-indent: 0;padding: 0;vertical-align: baseline\"><span style=\"font-family: arial, helvetica, sans-serif;font-size: 20px\"><span style=\"letter-spacing: 0px;font-family: Calibri;font-size: 19px\">\u25c6<\/span><span style=\"font-family: Calibri;letter-spacing: 0px;font-size: 19px\">&nbsp;Las grandes aspas del ventilador mantienen el ruido en el nivel m\u00e1s bajo a la vez que proporcionan suficiente volumen de aire.<\/span><\/span><\/p>\n<p style=\"text-indent: 0;padding: 0;vertical-align: baseline\"><span style=\"font-family: Calibri;letter-spacing: 0px;font-size: 20px\"><span style=\"letter-spacing: 0px;font-size: 20px;font-family: arial, helvetica, sans-serif\">\u25c6&nbsp;<\/span>Sistema operativo de \u00faltima generaci\u00f3n, el funcionamiento de la m\u00e1quina de un vistazo.<\/span><\/p>\n<p><span style=\"font-size: 14px;font-family: arial, helvetica, sans-serif\"><\/span><\/div>\n<\/div>\n<p><\/p>\n<p>&nbsp; &nbsp; &nbsp; &nbsp; &nbsp; &nbsp;<\/p>\n<\/div>\n<\/div>\n<\/div>\n<p><\/p>\n<h2><strong><span style=\"letter-spacing: 0px;font-size: 24px;font-family: arial, helvetica, sans-serif\"><a name=\"Product Advantage\"><\/a>Ventaja del producto:<\/span><\/strong><\/h2>\n<p><strong><span style=\"letter-spacing: 0px;font-size: 24px;font-family: arial, helvetica, sans-serif\"><\/span><\/strong><\/p>\n<div class=\"d-tem01-graphic tem01-graphic mockup\" data-detail=\"wrap\">\n<div class=\"cont-section clearfix d-clearfix\">\n<div class=\"col-md-6 col-sm-6 col-xs-6\">\n<div class=\"right-p\">\n<p><span style=\"font-family: arial, helvetica, sans-serif;letter-spacing: 0px;font-size: 20px\">1. Varilla agitadora altamente resistente al desgaste, material importado de calidad alimentaria, pone fin a la expansi\u00f3n y contracci\u00f3n t\u00e9rmica, reduce el vac\u00edo del cilindro rascador, hace que el sabor del helado sea m\u00e1s delicado y suave.<\/span><\/p>\n<p><span style=\"font-family: \u5b8b\u4f53;letter-spacing: 0px;font-size: 20px\"><br \/><\/span><\/p>\n<\/div>\n<div class=\"graphic_pic animated wow bounceIn\" data-wow-delay=\".7s\">\n<p style=\"text-align:center\"><img loading=\"lazy\" decoding=\"async\" src=\"https:\/\/www.hommy.com\/wp-content\/uploads\/16008302553521.png\" alt=\"product-Hommy-Congelador de lotes HM18-img\" title=\"\" width=\"350\" height=\"177\" border=\"0\" vspace=\"0\" style=\"width: 350px;height: 177px\"><\/p>\n<\/div>\n<\/div>\n<div class=\"col-md-6 col-sm-6 col-xs-6\">\n<div class=\"right-p\">\n<p><span style=\"letter-spacing: 0px;font-family: arial, helvetica, sans-serif;font-size: 20px\">2.El bloque tromat de acero inoxidable es limpio e higi\u00e9nico, con un alto grado de sellado, un funcionamiento sencillo y un bonito aspecto.<\/span><\/p>\n<p><span style=\"letter-spacing: 0px;font-family: arial, helvetica, sans-serif;font-size: 20px\"><br \/><\/span><\/p>\n<p><span style=\"letter-spacing: 0px;font-family: arial, helvetica, sans-serif;font-size: 20px\"><br \/><\/span><\/p>\n<\/div>\n<div class=\"graphic_pic animated wow bounceIn\" data-wow-delay=\".7s\">\n<p style=\"text-align:center\"><img loading=\"lazy\" decoding=\"async\" src=\"https:\/\/www.hommy.com\/wp-content\/uploads\/16008303362540.png\" alt=\"producto-Hommy-img\" title=\"\" width=\"350\" height=\"279\" border=\"0\" vspace=\"0\" style=\"width: 350px;height: 279px\"><\/p>\n<\/div>\n<\/div>\n<\/div>\n<\/div>\n<div class=\"d-tem01-graphic tem01-graphic mockup\" data-detail=\"wrap\">\n<div class=\"cont-section clearfix d-clearfix\">\n<div class=\"col-md-6 col-sm-6 col-xs-6\">\n<div class=\"right-p\">\n<div class=\"description\">\n<p style=\"text-indent: 0;padding: 0;vertical-align: baseline\"><span style=\"letter-spacing: 0px;font-size: 20px;font-family: arial, helvetica, sans-serif\">3. El panel de control muestra claramente el progreso de la producci\u00f3n, y se puede ajustar el tiempo para cada producci\u00f3n.<\/span><\/p>\n<p style=\"text-indent: 0;padding: 0;vertical-align: baseline\"><span style=\"font-family: \u5b8b\u4f53;letter-spacing: 0;font-size: 20px\"><\/span><\/p>\n<\/div>\n<\/div>\n<div class=\"graphic_pic animated wow bounceIn\" data-wow-delay=\".7s\">\n<p style=\"text-align:center\"><img loading=\"lazy\" decoding=\"async\" src=\"https:\/\/www.hommy.com\/wp-content\/uploads\/16008303755211.png\" alt=\"producto-Hommy-img\" title=\"\" width=\"350\" height=\"500\" border=\"0\" vspace=\"0\" style=\"width: 350px;height: 500px\"><\/p>\n<\/div>\n<\/div>\n<p>&nbsp; &nbsp; &nbsp; &nbsp; &nbsp; &nbsp;<\/div>\n<\/div>\n<p>Documento\uff1a<img decoding=\"async\" src=\"icon_pdf.gif\" style=\"margin-right: 2px\" alt=\"producto-Congelador por lotes HM18-Hommy-img\" title=\"\"><a href=\"https:\/\/img80002414.weyesimg.com\/uploads\/www.hommy.com\/addon\/16027255424095.pdf\" title=\"16027255424095.pdf\" style=\"font-size: 12px\">16027255424095.pdf<\/a><\/p>\n<h2 style=\"font-family: sans-serif\">\u00bfMerece la pena hacer tu propio helado?&nbsp;<\/h2>\n<p style=\"margin-top: 5px;margin-bottom: 5px;font-family: sans-serif;font-size: 16px\">Tal vez, pero s\u00f3lo si realmente valiera la pena. El helado no tiene por qu\u00e9 ser un negocio caro. S\u00f3lo es cuesti\u00f3n de saber preparar el producto.Hay muchas cosas que se necesitan para hacer el helado casero perfecto. Lo m\u00e1s importante son los ingredientes y el equipo. Se necesita un <a style=\"color:blue\" href=\"\/es\/\">heladora<\/a>, un congelador el\u00e9ctrico de mano y un frigor\u00edfico con congelador.<\/p>\n<p style=\"margin-top: 5px;margin-bottom: 5px;font-family: sans-serif;font-size: 16px\"><\/p>\n<h2 style=\"font-family: sans-serif\">\u00bfQu\u00e9 presidente populariz\u00f3 el helado?<\/h2>\n<p style=\"margin-top: 5px;margin-bottom: 5px;font-family: sans-serif;font-size: 16px\">Seg\u00fan el libro Strawberry Shortcake's Berry Bitty Adventures, fue el presidente Franklin Delano Roosevelt. FDR es quien llev\u00f3 el helado a la mesa de todas las familias y lo convirti\u00f3 en un elemento habitual de la sociedad. Esta imagen de Roosevelt parece hacer referencia a una de las medidas m\u00e1s importantes y controvertidas del New Deal, la Ley de Seguridad Social.<\/p>\n<p style=\"margin-top: 5px;margin-bottom: 5px;font-family: sans-serif;font-size: 16px\"><\/p>\n<h2 style=\"font-family: sans-serif\">\u00bfLos helados llevan carne de cerdo?<\/h2>\n<p style=\"margin-top: 5px;margin-bottom: 5px;font-family: sans-serif;font-size: 16px\">Ya s\u00e9 que lleva az\u00facar. Si tuviera que hacer un helado de chocolate, \u00bfutilizar\u00eda grasa de cerdo o simplemente manteca de cerdo? \u00bfY de ternera? Creo que no habr\u00eda problema en utilizar grasa de vacuno.<\/p>\n<\/div><\/div>","protected":false},"excerpt":{"rendered":"<p>&nbsp; &nbsp; &nbsp; &nbsp; &nbsp; &nbsp; Table top Gelato Maker Table top Gelato Maker|Product specification|Product Features|Product Advantage&nbsp; The offered Batch Freezer is manufactured using the finest quality material and components under the guidance of skilled professionals. In addition, this machines are widely used for commercial purposes. This Batch Freezer is provided in various sizes as [&hellip;]<\/p>\n","protected":false},"featured_media":1930,"comment_status":"open","ping_status":"open","template":"","meta":{"_swt_meta_header_display":false,"_swt_meta_footer_display":false,"_swt_meta_site_title_display":false,"_swt_meta_sticky_header":false,"_swt_meta_transparent_header":false},"product_brand":[],"product_cat":[82],"product_tag":[],"class_list":{"0":"post-746","1":"product","2":"type-product","3":"status-publish","4":"has-post-thumbnail","6":"product_cat-hard-ice-cream-machine","8":"first","9":"instock","10":"shipping-taxable","11":"product-type-simple"},"_links":{"self":[{"href":"https:\/\/www.hommy.com\/es\/wp-json\/wp\/v2\/product\/746","targetHints":{"allow":["GET"]}}],"collection":[{"href":"https:\/\/www.hommy.com\/es\/wp-json\/wp\/v2\/product"}],"about":[{"href":"https:\/\/www.hommy.com\/es\/wp-json\/wp\/v2\/types\/product"}],"replies":[{"embeddable":true,"href":"https:\/\/www.hommy.com\/es\/wp-json\/wp\/v2\/comments?post=746"}],"wp:featuredmedia":[{"embeddable":true,"href":"https:\/\/www.hommy.com\/es\/wp-json\/wp\/v2\/media\/1930"}],"wp:attachment":[{"href":"https:\/\/www.hommy.com\/es\/wp-json\/wp\/v2\/media?parent=746"}],"wp:term":[{"taxonomy":"product_brand","embeddable":true,"href":"https:\/\/www.hommy.com\/es\/wp-json\/wp\/v2\/product_brand?post=746"},{"taxonomy":"product_cat","embeddable":true,"href":"https:\/\/www.hommy.com\/es\/wp-json\/wp\/v2\/product_cat?post=746"},{"taxonomy":"product_tag","embeddable":true,"href":"https:\/\/www.hommy.com\/es\/wp-json\/wp\/v2\/product_tag?post=746"}],"curies":[{"name":"wp","href":"https:\/\/api.w.org\/{rel}","templated":true}]}}