{"id":740,"date":"2024-07-02T16:03:33","date_gmt":"2024-07-02T16:03:33","guid":{"rendered":"http:\/\/localhost\/hommywp\/ds-1500-defrosts-function-hard-ice-cream-display-freezer-for-sale\/"},"modified":"2025-08-01T09:57:40","modified_gmt":"2025-08-01T09:57:40","slug":"helado-duro-comercial-vitrina-tipo-auto-descongelacion-comercial-helado-duro-almacenamiento-refrigerador-pantalla-libre","status":"publish","type":"product","link":"https:\/\/www.hommy.com\/es\/p\/helado-duro-comercial-vitrina-tipo-auto-descongelacion-comercial-helado-duro-almacenamiento-refrigerador-pantalla-libre\/","title":{"rendered":"Ds-1500 Descongela Funci\u00f3n Helado Duro Display Congelador Para La Venta"},"content":{"rendered":"<div>\n<p>&nbsp;<\/p>\n<p><span style=\"font-size: 20px\"><\/span><\/p>\n<h2 style=\"text-align: center\"><strong><span style=\"letter-spacing: 0px;font-size: 29px;font-family: arial, helvetica, sans-serif\"><a name=\"Gelato ice cream freezer\"><\/a>Congelador de helados&nbsp;<\/span><\/strong><\/h2>\n<p style=\"text-align: center\"><a href=\"#Gelato ice cream freezer\" target=\"_self\" data-lv=\"0\" rel=\"noopener\"><span style=\"letter-spacing: 0px;font-family: arial, helvetica, sans-serif;font-size: 16px\">Congelador de helados<\/span><\/a><span style=\"letter-spacing: 0px;font-family: arial, helvetica, sans-serif;font-size: 16px\">|<a href=\"#Product specification\" target=\"_self\" data-lv=\"0\" rel=\"noopener\">Especificaci\u00f3n del producto<\/a>|<a href=\"#Product Features\" target=\"_self\" data-lv=\"0\" rel=\"noopener\">Caracter\u00edsticas del producto<\/a>|<a href=\"#Product Advantage\" target=\"_self\" data-lv=\"0\" rel=\"noopener\">Ventajas del producto<\/a><\/span><\/p>\n<p><strong><span style=\"letter-spacing: 0px;font-size: 29px;font-family: arial, helvetica, sans-serif\"><br \/><\/span><\/strong><\/p>\n<p><strong><span style=\"letter-spacing: 0px;font-size: 29px;font-family: arial, helvetica, sans-serif\"><\/span><\/strong><\/p>\n<h2 style=\"margin: 0px;text-indent: 0px;text-align: justify\"><strong><span style=\"letter-spacing: 0px;font-family: arial, helvetica, sans-serif;font-size: 24px\"><a name=\"Product specification\"><\/a>Especificaciones del producto\uff1a<\/span><\/strong><\/h2>\n<p style=\"margin-top:0;margin-right:0;margin-bottom:0;margin-left:0;text-indent:0;text-align:justify\"><strong><span style=\"letter-spacing: 0px;font-family: arial, helvetica, sans-serif;font-size: 24px\"><br \/><\/span><\/strong><\/p>\n<p style=\"margin-top:0;margin-right:0;margin-bottom:0;margin-left:0;text-indent:0;text-align:justify\"><strong><span style=\"letter-spacing: 0px;font-family: arial, helvetica, sans-serif;font-size: 24px\"><br \/><\/span><\/strong><\/p>\n<p style=\"text-align:center\"><strong><span style=\"letter-spacing: 0px;font-family: arial, helvetica, sans-serif;font-size: 24px\"><img decoding=\"async\" src=\"https:\/\/www.hommy.com\/wp-content\/uploads\/16010856489931.png\" alt=\"producto-Hommy-img\" title=\"\"><\/span><\/strong><\/p>\n<p>Si busca un congelador expositor de helados que d\u00e9 a su producto un aspecto lujoso, piense en nuestro modelo. Dispone de un sistema de control el\u00e9ctrico para un control preciso de la temperatura y un funcionamiento sencillo. Las bandejas de acero inoxidable duradero soportan un uso intensivo y la temperatura se puede ajustar de -12 a -22 grados cent\u00edgrados. La funci\u00f3n autom\u00e1tica de desempa\u00f1ado y descongelado mantiene su helado con el mejor aspecto.<\/p>\n<p>P\u00f3ngase en contacto con nosotros ahora, nuestro equipo de representantes de atenci\u00f3n al cliente est\u00e1 listo para ayudarle con todos sus <a style=\"color:blue\" href=\"https:\/\/www.hommy.com\/es\/escaparate\/\">congelador de helados<\/a> necesidades.<\/p>\n<div class=\"d-tem11-graphic tem11-graphic mockup\" data-detail=\"wrap\">\n<div class=\"tab_row\">\n<div class=\"img\" style=\"width: 50%\">\n<p style=\"text-align:center\"><\/p>\n<p style=\"text-align:center\"><img loading=\"lazy\" decoding=\"async\" title=\"\" alt=\"producto-Hommy-img\" src=\"https:\/\/www.hommy.com\/wp-content\/uploads\/16010859542291.jpg\" width=\"500\" height=\"532\" border=\"0\" vspace=\"0\" style=\"width: 500px;height: 532px\"><\/p>\n<\/div>\n<div class=\"text_box\" style=\"width: 50%\">\n<div class=\"txt\">\n<p>&nbsp;<\/p>\n<h2><strong><span style=\"font-size: 24px;font-family: arial, helvetica, sans-serif\"><a name=\"Product Features\"><\/a>Caracter\u00edsticas del producto<\/span><\/strong><\/h2>\n<p>&nbsp;<\/p>\n<p style=\"margin-top:0;margin-right:0;margin-bottom:0;margin-left:0;text-indent:0;text-align:justify\"><span style=\"font-family: Calibri;font-size: 20px\"><span style=\"color:#000000\">\u25c6&nbsp;<\/span><\/span><span style=\"font-family:Calibri;font-size:19px\">Aspecto exterior lujoso y aerodin\u00e1mico .<\/span><\/p>\n<p style=\"margin-top:0;margin-right:0;margin-bottom:0;margin-left:0;text-indent:0;text-align:justify\"><span style=\"font-family: Calibri;letter-spacing: 0;font-size: 19px\"><span style=\"font-family: Calibri;font-size: 20px;text-align: justify\">\u25c6&nbsp;<\/span><\/span><span style=\"font-family:Calibri;font-size:19px\">Sistema de control el\u00e9ctrico para templado de f\u00e1cil manejo .<\/span><\/p>\n<p style=\"text-align:justify\"><span style=\"font-family: Calibri;letter-spacing: 0;font-size: 19px\"><span style=\"font-family: Calibri;font-size: 20px;text-align: justify\">\u25c6&nbsp;<\/span><\/span><span style=\"font-family:Calibri;font-size:19px\">Sartenes duraderas de acero inoxidable .<\/span><\/p>\n<p style=\"text-align:justify\"><span style=\"font-family: Calibri;letter-spacing: 0;font-size: 19px\"><span style=\"font-family: Calibri;font-size: 20px;text-align: justify\">\u25c6&nbsp;<\/span><\/span><span style=\"font-family:Calibri;font-size:19px\">Grado de temperatura ajustable (de -12 a -22 grados cent\u00edgrados) .<\/span><\/p>\n<p style=\"text-align:justify\"><span style=\"font-family: Calibri;letter-spacing: 0;font-size: 19px\"><span style=\"font-family: Calibri;font-size: 20px;text-align: justify\">\u25c6&nbsp;<\/span><\/span><span style=\"font-family:Calibri;font-size:19px\">Funci\u00f3n autom\u00e1tica de desempa\u00f1ado y descongelado.<\/span><\/p>\n<p style=\"text-align:justify\"><span style=\"font-family: Calibri;letter-spacing: 0;font-size: 19px\"><span style=\"font-family: Calibri;font-size: 20px;text-align: justify\">\u25c6&nbsp;<\/span><\/span><span style=\"font-family:Calibri;font-size:19px\">Cristal curvado y calefactado de 5 capas con funci\u00f3n de desempa\u00f1ado autom\u00e1tico .<\/span><\/p>\n<p style=\"text-align:justify\"><span style=\"font-family: Calibri;letter-spacing: 0;font-size: 19px\"><span style=\"font-family: Calibri;font-size: 20px;text-align: justify\">\u25c6&nbsp;<\/span><\/span><span style=\"font-family:Calibri;font-size:19px\">Bajo consumo .<\/span><\/p>\n<p style=\"text-align:justify\"><span style=\"font-family: Calibri;letter-spacing: 0;font-size: 19px\"><span style=\"font-family: Calibri;font-size: 20px;text-align: justify\">\u25c6&nbsp;<\/span><\/span><span style=\"font-family:Calibri;font-size:19px\">Diferentes colores a petici\u00f3n disponible .<\/span><\/p>\n<p style=\"line-height: 1.75em\">&nbsp;<\/p>\n<\/div>\n<\/div>\n<\/div>\n<\/div>\n<p>&nbsp;<\/p>\n<div class=\"text-left d-tem09-title d-interval\" data-detail=\"wrap\">\n<div class=\"title-header\">\n<div class=\"title\">\n<h2><strong><span style=\"letter-spacing: 0px;font-family: arial, helvetica, sans-serif;font-size: 24px\"><a name=\"Product Advantage\"><\/a>Ventaja del producto:<\/span><\/strong><\/h2>\n<p><span style=\"font-size: 24px\"><\/span><\/div>\n<\/div>\n<\/div>\n<div class=\"d-tem01-graphic tem01-graphic mockup\" data-detail=\"wrap\">\n<div class=\"cont-section clearfix d-clearfix\">\n<div class=\"col-md-6 col-sm-6 col-xs-6\">\n<div class=\"right-p\">\n<div class=\"h2 heading\">\n<p style=\"text-indent: 0;padding: 0;vertical-align: baseline\"><span style=\"letter-spacing: 0px;font-size: 16px;font-family: arial, helvetica, sans-serif\">1. Vidrio templado con arco aislante, perspectiva perfecta;<\/span><\/p>\n<p><\/p>\n<p><\/p>\n<p><\/p>\n<\/div>\n<\/div>\n<div class=\"graphic_pic animated wow bounceIn\" data-wow-delay=\".7s\">\n<p style=\"text-align:center\"><img loading=\"lazy\" decoding=\"async\" src=\"https:\/\/www.hommy.com\/wp-content\/uploads\/16010859228968.png\" alt=\"producto-DS-1500 Congelador de helados duros-Hommy-img\" title=\"\" width=\"350\" height=\"636\" border=\"0\" vspace=\"0\" style=\"width: 350px;height: 636px\"><\/p>\n<\/div>\n<\/div>\n<div class=\"col-md-6 col-sm-6 col-xs-6\">\n<div class=\"right-p\">\n<div class=\"h2 heading\">\n<p style=\"margin-left:0;text-indent:0\"><span style=\"font-size: 16px\"><span style=\"letter-spacing: 0px;font-family: arial, helvetica, sans-serif\">2. que tienen 4 tipo de color de la carrocer\u00eda para que usted elija .<\/span><span style=\"font-family: \u5b8b\u4f53;letter-spacing: 0px\">&nbsp;<\/span><\/span><\/p>\n<p style=\"margin-left:0;text-indent:0\"><span style=\"font-size: 16px\"><span style=\"font-family: \u5b8b\u4f53;letter-spacing: 0px\"><br \/><\/span><\/span><\/p>\n<p style=\"margin-left:0;text-indent:0\"><span style=\"font-size: 16px\"><span style=\"font-family: \u5b8b\u4f53;letter-spacing: 0px\"><br \/><\/span><\/span><\/p>\n<p style=\"margin-left:0;text-indent:0\"><span style=\"font-size: 16px\"><span style=\"font-family: \u5b8b\u4f53;letter-spacing: 0px\"><br \/><\/span><\/span><\/p>\n<\/div>\n<\/div>\n<div class=\"graphic_pic animated wow bounceIn\" data-wow-delay=\".7s\"><img decoding=\"async\" src=\"https:\/\/www.hommy.com\/wp-content\/uploads\/16010859006405.png\" alt=\"producto-Hommy-img\" title=\"\"><br \/>\n &nbsp; &nbsp; &nbsp; &nbsp; &nbsp; &nbsp;<\/div>\n<\/div>\n<\/div>\n<\/div>\n<p>Documento\uff1a<img decoding=\"async\" src=\"https:\/\/www.hommy.com\/wp-content\/uploads\/icon_pdf-42.gif\" style=\"margin-right: 2px\" alt=\"producto-Hommy-img\" title=\"\"><a href=\"https:\/\/img80002414.weyesimg.com\/uploads\/www.hommy.com\/addon\/16026451843804.pdf\" title=\"16026451843804.pdf\" style=\"font-size: 12px\">16026451843804.pdf<\/a><\/p>\n<h2 style=\"font-family: sans-serif\">\u00bfQu\u00e9 es un estabilizante y un emulsionante en el helado?<\/h2>\n<p style=\"margin-top: 5px;margin-bottom: 5px;font-family: sans-serif;font-size: 16px\">Los t\u00e9rminos estabilizador y emulsionante se utilizan de forma diferente en la industria heladera. Esto suele hacerse a\u00f1adiendo el estabilizante como soluci\u00f3n en agua u otros disolventes y a\u00f1adiendo despu\u00e9s esa soluci\u00f3n a la base. El emulsionante, por su parte, suele a\u00f1adirse en forma de polvo o pasta. La funci\u00f3n del emulsionante es ayudar a romper las mol\u00e9culas de grasa de la base, que suelen ser grandes y no se mezclan f\u00e1cilmente.&nbsp;<\/p>\n<h2 style=\"font-family: sans-serif\">\u00bfQu\u00e9 m\u00e1quina necesito para hacer helado?<\/h2>\n<p style=\"margin-top: 5px;margin-bottom: 5px;font-family: sans-serif;font-size: 16px\">Las cl\u00e1sicas m\u00e1quinas italianas, que han sido utilizadas por generaciones de cocineros caseros italianos, permiten obtener los mejores resultados, pero si usted est\u00e1 haciendo helado en casa, tambi\u00e9n hay alternativas que son una fracci\u00f3n del precio de las m\u00e1quinas y se pueden utilizar para hacer el mismo tipo de helado rico y suave.Usted puede hacer helado en casa, con una m\u00e1quina de helado de manivela o un stand-alone <a style=\"color:blue\" href=\"\/es\/\">m\u00e1quina de helados<\/a>.<\/p>\n<h2 style=\"font-family: sans-serif\">\u00bfC\u00f3mo se utiliza una granizadora ZOKU?<\/h2>\n<p style=\"margin-top: 5px;margin-bottom: 5px;font-family: sans-serif;font-size: 16px\">La granizadora ZOKU es una m\u00e1quina japonesa de bolas de arroz. La m\u00e1quina puede hacer su granizado favorito. No hay necesidad de hervir el agua, s\u00f3lo hay que poner los ingredientes en la m\u00e1quina y pulsar un bot\u00f3n para hacerlo. Es muy c\u00f3modo y r\u00e1pido, incluso para que una sola persona haga un granizado.<\/p>\n<\/div><\/div>","protected":false},"excerpt":{"rendered":"<p>&nbsp; Gelato ice cream freezer&nbsp; Gelato ice cream freezer|Product specification|Product Features|Product Advantage Product specification\uff1a If you are in the market for an ice cream display freezer that will make your product look luxurious, then consider our model. It has an electrical controller system for precise temperate control and easy operation. The durable stainless steel pans [&hellip;]<\/p>\n","protected":false},"featured_media":1929,"comment_status":"open","ping_status":"open","template":"","meta":{"_swt_meta_header_display":false,"_swt_meta_footer_display":false,"_swt_meta_site_title_display":false,"_swt_meta_sticky_header":false,"_swt_meta_transparent_header":false},"product_brand":[],"product_cat":[82],"product_tag":[],"class_list":{"0":"post-740","1":"product","2":"type-product","3":"status-publish","4":"has-post-thumbnail","6":"product_cat-hard-ice-cream-machine","8":"first","9":"instock","10":"shipping-taxable","11":"product-type-simple"},"_links":{"self":[{"href":"https:\/\/www.hommy.com\/es\/wp-json\/wp\/v2\/product\/740","targetHints":{"allow":["GET"]}}],"collection":[{"href":"https:\/\/www.hommy.com\/es\/wp-json\/wp\/v2\/product"}],"about":[{"href":"https:\/\/www.hommy.com\/es\/wp-json\/wp\/v2\/types\/product"}],"replies":[{"embeddable":true,"href":"https:\/\/www.hommy.com\/es\/wp-json\/wp\/v2\/comments?post=740"}],"wp:featuredmedia":[{"embeddable":true,"href":"https:\/\/www.hommy.com\/es\/wp-json\/wp\/v2\/media\/1929"}],"wp:attachment":[{"href":"https:\/\/www.hommy.com\/es\/wp-json\/wp\/v2\/media?parent=740"}],"wp:term":[{"taxonomy":"product_brand","embeddable":true,"href":"https:\/\/www.hommy.com\/es\/wp-json\/wp\/v2\/product_brand?post=740"},{"taxonomy":"product_cat","embeddable":true,"href":"https:\/\/www.hommy.com\/es\/wp-json\/wp\/v2\/product_cat?post=740"},{"taxonomy":"product_tag","embeddable":true,"href":"https:\/\/www.hommy.com\/es\/wp-json\/wp\/v2\/product_tag?post=740"}],"curies":[{"name":"wp","href":"https:\/\/api.w.org\/{rel}","templated":true}]}}