{"id":710,"date":"2024-07-02T15:37:29","date_gmt":"2024-07-02T15:37:29","guid":{"rendered":"http:\/\/localhost\/hommywp\/hm260-ice-cream-maker\/"},"modified":"2025-08-01T09:57:40","modified_gmt":"2025-08-01T09:57:40","slug":"heladora-hm260","status":"publish","type":"product","link":"https:\/\/www.hommy.com\/es\/p\/heladora-hm260\/","title":{"rendered":"Heladera HM260"},"content":{"rendered":"<div>\n<p>&nbsp; &nbsp;&nbsp;<\/p>\n<h2 style=\"text-align: center\"><span style=\"font-family: arial, helvetica, sans-serif;font-size: 24px\"><strong><span style=\"font-family: arial, helvetica, sans-serif;letter-spacing: 0px\"><a name=\"Commercial Ice Cream Maker\"><\/a>C<\/span><\/strong><strong><span style=\"font-family: arial, helvetica, sans-serif;letter-spacing: 0px\">omercial <a style=\"color:blue\" href=\"\/es\/\">Heladera<\/a><\/span><\/strong><\/span><\/h2>\n<p style=\"text-align: center\"><span style=\"font-family: arial, helvetica, sans-serif;font-size: 16px\"><span style=\"font-family: arial, helvetica, sans-serif;letter-spacing: 0px\"><a href=\"#Commercial Ice Cream Maker\" target=\"_self\" data-lv=\"0\" rel=\"noopener\">Heladera comercial<\/a>|<a href=\"#Product Features\" target=\"_self\" data-lv=\"0\" rel=\"noopener\">Caracter\u00edsticas del producto<\/a>|<a href=\"#Soft Serve Freezer Twin Twist , Gravity Feed , Counter\" target=\"_self\" data-lv=\"0\" rel=\"noopener\">Congelador de helados cremosos Twin Twist , Alimentaci\u00f3n por gravedad , Mostrador<\/a>|<a href=\"#Product Specification\" target=\"_self\" data-lv=\"0\" rel=\"noopener\">Especificaci\u00f3n del producto<\/a>|<a href=\"#Product Advantage\" target=\"_self\" data-lv=\"0\" rel=\"noopener\">Ventajas del producto<\/a><\/span><\/span><\/p>\n<p><\/p>\n<p style=\"text-align: center\">&nbsp; &nbsp; &nbsp;<\/p>\n<p style=\"text-align: center\">&nbsp; &nbsp;&nbsp;<\/p>\n<p style=\"text-align: center\">&nbsp;&nbsp;&nbsp;&nbsp;<\/p>\n<p><\/p>\n<h2><span style=\"font-family: arial, helvetica, sans-serif;font-size: 24px\"><strong><span style=\"font-family: arial, helvetica, sans-serif;letter-spacing: 0px\"><a name=\"Product Features\"><\/a>Producto <\/span><\/strong><strong><span style=\"font-family: arial, helvetica, sans-serif;letter-spacing: 0px\">Caracter\u00edsticas<\/span><\/strong><\/span><strong><span style=\"font-family: \u5b8b\u4f53;letter-spacing: 0;font-size: 18px\"> <\/span><\/strong><strong><span style=\"font-family: \u5b8b\u4f53;letter-spacing: 0;font-size: 18px\">&nbsp;<\/span><\/strong><\/h2>\n<p style=\"margin-top:0;margin-right:0;margin-bottom:10px;margin-left:0;text-indent:0\"><span style=\"font-family: Helvetica;letter-spacing: 0;font-size: 16px\">Hommy cuenta con un equipo profesional para realizar el dise\u00f1o del producto. Hay ingenieros profesionales de refrigeraci\u00f3n, ingenieros de software e ingenieros estructurales para garantizar que la calidad del producto sea estable y duradera. Al mismo tiempo, se a\u00f1ade el dise\u00f1o personalizado para facilitar el futuro servicio posventa. Hommy <a style=\"color:blue\" href=\"\/es\/\">m\u00e1quina de helados<\/a> es digno de confianza.<\/span><\/p>\n<p style=\"margin-top:0;margin-right:0;margin-bottom:10px;margin-left:0;text-indent:0\"><span style=\"font-family: Helvetica;letter-spacing: 0;font-size: 16px\"><br \/><\/span><\/p>\n<p style=\"margin-top:0;margin-right:0;margin-bottom:10px;margin-left:0;text-indent:0\"><span style=\"font-family: Helvetica;letter-spacing: 0;font-size: 16px\"><\/span><\/p>\n<div class=\"d-tem01-graphic tem01-graphic mockup\" data-detail=\"wrap\">\n<div class=\"cont-section clearfix d-clearfix\">\n<div class=\"col-md-6 col-sm-6 col-xs-6\">\n<div class=\"right-p\">\n<div class=\"h2 heading\">\n<p style=\"text-align:center\"><\/p>\n<p style=\"text-align:center\"><img loading=\"lazy\" decoding=\"async\" src=\"https:\/\/www.hommy.com\/wp-content\/uploads\/16005012538166.png\" alt=\"producto-Hommy-img\" style=\"font-size: 14px;width: 400px;height: 1013px\" title=\"\" width=\"400\" height=\"1013\" border=\"0\" vspace=\"0\"><\/p>\n<p><span style=\"font-size: 14px\">&nbsp; &nbsp; &nbsp; &nbsp; &nbsp; &nbsp; &nbsp;<\/span><\/div>\n<\/div>\n<\/div>\n<div class=\"col-md-6 col-sm-6 col-xs-6\">\n<div class=\"right-p\">\n<div class=\"h2 heading\">\n<h2><span style=\"font-family: arial, helvetica, sans-serif;font-size: 24px\"><strong><span style=\"font-family: arial, helvetica, sans-serif\"><a name=\"Soft Serve Freezer Twin Twist , Gravity Feed , Counter\"><\/a>Congelador de helados cremosos Twin Twist , Alimentaci\u00f3n por gravedad , Mostrador<\/span><\/strong><\/span><\/h2>\n<p><span style=\"font-family:Calibri;font-size:16px\">Caracter\u00edsticas<\/span><\/p>\n<p style=\"margin-left:32px\"><span style=\"font-family:Calibri;font-size:16px\">-&nbsp;<\/span><span style=\"font-family:Calibri;font-size:16px\">Oferta de productos: ofrece todas las variantes populares de helados soft serve<\/span><\/p>\n<p style=\"margin-left:32px\"><span style=\"font-family:Calibri;font-size:16px\">-&nbsp;<\/span><span style=\"font-family:Calibri;font-size:16px\">Sabor: sirve dos sabores separados y uno retorcido<\/span><\/p>\n<p style=\"margin-left:32px\"><span style=\"font-family:Calibri;font-size:16px\">-&nbsp;<\/span><span style=\"font-family:Calibri;font-size:16px\">Tolva de mezcla: dos de 5,5 litros de capacidad<\/span><\/p>\n<p style=\"margin-left:32px\"><span style=\"font-family:Calibri;font-size:16px\">-&nbsp;<\/span><span style=\"font-family:Calibri;font-size:16px\">Cilindro de congelaci\u00f3n: dos <\/span><span style=\"font-family:\u5b8b\u4f53;font-size:16px\">1.7L <\/span><span style=\"font-family:Calibri;font-size:16px\">litros de capacidad<\/span><\/p>\n<p><span style=\"font-family:Calibri;font-size:16px\">Control electr\u00f3nico:<\/span><\/p>\n<p style=\"margin-left:32px\"><span style=\"font-family:Calibri;font-size:16px\">-&nbsp;<\/span><span style=\"font-family:Calibri;font-size:16px\">La temperatura de los cilindros de congelaci\u00f3n puede visualizarse en cualquier punto de la operaci\u00f3n.<\/span><\/p>\n<p style=\"margin-left:32px\"><span style=\"font-family:Calibri;font-size:16px\">-&nbsp;<\/span><span style=\"font-family:Calibri;font-size:16px\">Proporciona el nivel de viscosidad necesario para las raciones.<\/span><\/p>\n<p style=\"margin-left:32px\"><span style=\"font-family:Calibri;font-size:16px\">-&nbsp;<\/span><span style=\"font-family:Calibri;font-size:16px\">Indicador de nivel de mezcla y alarma. Cuando el indicador luminoso de mezcla agotada parpadea, la m\u00e1quina se apaga autom\u00e1ticamente para evitar da\u00f1os.<\/span><\/p>\n<p><span style=\"font-family:Calibri;font-size:16px\">Modo de espera:<\/span><\/p>\n<p style=\"margin-left:32px\"><span style=\"font-family:Calibri;font-size:16px\">-&nbsp;<\/span><span style=\"font-family:Calibri;font-size:16px\">Durante largos periodos sin uso, la funci\u00f3n de espera mantiene temperaturas seguras del producto en la tolva de mezcla y el cilindro de congelaci\u00f3n.<\/span><\/p>\n<p style=\"margin-left:32px\"><span style=\"font-family:Calibri;font-size:16px\">-&nbsp;<\/span><span style=\"font-family:Calibri;font-size:16px\">Funci\u00f3n de protecci\u00f3n de la presi\u00f3n del sistema de refrigeraci\u00f3n.<\/span><\/p>\n<p><span style=\"font-family:Calibri;font-size:16px\">Funciones opcionales:<\/span><\/p>\n<p style=\"margin-left:32px\"><span style=\"font-family:Calibri;font-size:16px\">-&nbsp;<\/span><span style=\"font-family:Calibri;font-size:16px\">El tubo de expansi\u00f3n alimentado por gravedad suministra la mezcla con un rebasamiento de unos 20-30% a los cilindros de congelaci\u00f3n.<\/span><\/p>\n<p style=\"margin-left:32px\"><span style=\"font-family:Calibri;font-size:16px\">-&nbsp;<\/span><span style=\"font-family:Calibri;font-size:16px\">El contador permite al operador ver el n\u00famero de raciones dispensadas.<\/span><\/p>\n<p style=\"margin-left:32px\"><span style=\"font-family:\u5b8b\u4f53;font-size:16px\">-&nbsp;<\/span><span style=\"font-family:\u5b8b\u4f53;font-size:16px\">Bomba de aire incorporada: Inyecta aire en el cilindro . Cuando la m\u00e1quina arranca, la bomba de aire funcionar\u00e1 autom\u00e1ticamente durante 12 segundos <\/span><\/p>\n<p style=\"margin-left:32px\"><span style=\"font-family:\u5b8b\u4f53;font-size:16px\">-&nbsp;<\/span><span style=\"font-family:\u5b8b\u4f53;font-size:16px\">y luego se apaga. Cada sacar helado , la bomba de aire se iniciar\u00e1 autom\u00e1ticamente durante 10 segundos para aumentar el rebasamiento .<\/span><\/p>\n<\/div>\n<\/div>\n<p>&nbsp; &nbsp; &nbsp; &nbsp; &nbsp; &nbsp;<\/p><\/div>\n<\/div>\n<\/div>\n<h4><strong><span style=\"font-family: \u5b8b\u4f53;letter-spacing: 0;font-size: 18px\"><\/span><\/strong><\/h4>\n<p><strong><span style=\"font-family: \u5b8b\u4f53;letter-spacing: 0;font-size: 18px\"><br \/><\/span><\/strong><\/p>\n<h2><span style=\"font-family: arial, helvetica, sans-serif;font-size: 24px\"><strong><span style=\"font-family: arial, helvetica, sans-serif;letter-spacing: 0px\"><a name=\"Product Specification\"><\/a>Especificaci\u00f3n del producto<\/span><\/strong><\/span><strong><span style=\"font-family: \u5b8b\u4f53;letter-spacing: 0;font-size: 18px\"> <\/span><\/strong><\/h2>\n<p><span style=\"font-family: Helvetica;letter-spacing: 0;font-size: 16px\">Hommy <\/span><span style=\"font-family: \u5b8b\u4f53;letter-spacing: 0;font-size: 16px\">m\u00e1quina de helados que es f\u00e1cil de operaci\u00f3n y la m\u00e1quina en el interior tienen la funci\u00f3n autom\u00e1tica claro, s\u00f3lo hay que poner el agua en el interior que se puede borrar. tenemos video para ense\u00f1arle c\u00f3mo la operaci\u00f3n.<\/span><\/p>\n<p style=\"text-align: center\"><span style=\"font-family: \u5b8b\u4f53;letter-spacing: 0;font-size: 16px\"><br \/><\/span><\/p>\n<p style=\"text-align: center\"><span style=\"font-family: \u5b8b\u4f53;letter-spacing: 0;font-size: 16px\"><img decoding=\"async\" src=\"https:\/\/www.hommy.com\/wp-content\/uploads\/16005007958262.png\" alt=\"producto-HM260 heladora-Hommy-img\" title=\"\"><\/span><\/p>\n<p><\/p>\n<h2><span style=\"font-family: arial, helvetica, sans-serif;font-size: 24px\"><strong><span style=\"font-family: arial, helvetica, sans-serif;letter-spacing: 0px\"><a name=\"Product Advantage\"><\/a>Ventajas del producto<\/span><\/strong><\/span><strong><span style=\"font-family: \u5b8b\u4f53;letter-spacing: 0;font-size: 18px\"> <\/span><\/strong><\/h2>\n<p><span style=\"font-family: Helvetica;letter-spacing: 0;font-size: 14px\">Hommy han producir m\u00e1quina de helados durante 20 a\u00f1os de experiencia, expendedora de m\u00e1quinas de helados a\u00f1adir m\u00e1s funci\u00f3n de helado suave, porque no hay hombre para el servicio todo el tiempo. nos basamos en esta a\u00f1adir m\u00e1s sensores y el uso de software para controlarlo que es de buena calidad y buena funci\u00f3n.<\/span>&nbsp; &nbsp; &nbsp; &nbsp; &nbsp; &nbsp; &nbsp;<\/p>\n<p><strong><span style=\"font-family: \u5b8b\u4f53;letter-spacing: 0;font-size: 18px\">&nbsp;<\/span><\/strong><\/p>\n<div class=\"d-tem01-graphic tem01-graphic mockup\" data-detail=\"wrap\">\n<div class=\"cont-section clearfix d-clearfix\">\n<div class=\"col-md-6 col-sm-6 col-xs-6\">\n<div class=\"right-p\">\n<div class=\"h2 heading\">1.&nbsp;<strong style=\"font-family: inherit\"><span style=\"font-family: \u5b8b\u4f53;letter-spacing: 0;font-size: 18px\">Controlador<\/span><\/strong><\/p>\n<p><span style=\"font-family: \u5b8b\u4f53;letter-spacing: 0px;font-size: 16px\"><br \/><\/span><\/p>\n<p><span style=\"font-family: \u5b8b\u4f53;letter-spacing: 0px;font-size: 16px\">El panel de control muestra claramente las funciones internas de la m\u00e1quina. <\/span><span style=\"font-family: \u5b8b\u4f53;letter-spacing: 0px;font-size: 16px\">Y<\/span><span style=\"font-family: \u5b8b\u4f53;letter-spacing: 0px;font-size: 16px\">ou puede ver la m\u00e1quina justo ahora estaci\u00f3n tambi\u00e9n vender helado cantidad.<\/span><\/p>\n<p><span style=\"font-family: \u5b8b\u4f53;letter-spacing: 0px;font-size: 16px\"><br \/><\/span><\/p>\n<p><span style=\"font-family: \u5b8b\u4f53;letter-spacing: 0px;font-size: 16px\"><br \/><\/span><\/p>\n<\/div>\n<\/div>\n<div class=\"graphic_pic animated wow bounceIn\" data-wow-delay=\".7s\">\n<p style=\"text-align:center\"><img loading=\"lazy\" decoding=\"async\" src=\"https:\/\/www.hommy.com\/wp-content\/uploads\/16005017927309.png\" alt=\"producto-Hommy-HM260 heladora-img\" title=\"\" width=\"450\" height=\"240\" border=\"0\" vspace=\"0\" style=\"width: 450px;height: 240px\"><\/p>\n<\/div>\n<\/div>\n<div class=\"col-md-6 col-sm-6 col-xs-6\">\n<div class=\"right-p\">\n<div class=\"h2 heading\">2. Bloqueo trom\u00e1tico<\/div>\n<p>Lorem ipsum dolor sit amet, consectetur adipisicing elit. Quidem, quos, facilis esse rem dicta dignissimos eligendi earum sapiente ipsam iure vel deserunt.Lorem ipsum dolor sit amet, consectetur adipisicing elit. Quidem, quos, facilis esse rem dicta dignissimos eligendi earum sapiente ipsam iure vel deserunt. Lorem ipsum dolor sit amet, consectetur adipisicing elit. Quidem, quos, facilis esse rem dicta dignissimos eligendi earum sapiente ipsam iure vel deserunt.<\/p>\n<p><\/p>\n<p><\/p>\n<\/div>\n<div class=\"graphic_pic animated wow bounceIn\" data-wow-delay=\".7s\">\n<p style=\"text-align:center\"><img loading=\"lazy\" decoding=\"async\" src=\"https:\/\/www.hommy.com\/wp-content\/uploads\/16005018935698.png\" alt=\"producto-Hommy-img\" title=\"\" width=\"450\" height=\"208\" border=\"0\" vspace=\"0\" style=\"width: 450px;height: 208px\"><\/p>\n<\/div>\n<\/div>\n<\/div>\n<\/div>\n<div class=\"d-tem01-graphic tem01-graphic mockup\" data-detail=\"wrap\">\n<div class=\"cont-section clearfix d-clearfix\">\n<div class=\"col-md-6 col-sm-6 col-xs-6\">\n<div class=\"right-p\">\n<div class=\"h2 heading\">3.&nbsp;<span style=\"font-family: Helvetica;letter-spacing: 0px\">Fuga<\/span><span style=\"font-family: Helvetica;letter-spacing: 0px\">ing <\/span><span style=\"font-family: Helvetica;letter-spacing: 0px\">pan<\/span><\/div>\n<div class=\"description\">\n<p style=\"margin-left: 0;text-indent: 0;padding: 0;line-height: 25px\"><span style=\"font-family: \u5b8b\u4f53;letter-spacing: 0px;font-size: 16px\">Sart\u00e9n con fugas, f\u00e1cil de operar.<\/span><\/p>\n<p style=\"margin-left: 0;text-indent: 0;padding: 0;line-height: 25px\"><span style=\"font-family: \u5b8b\u4f53;letter-spacing: 0;font-size: 16px\"><br \/><\/span><\/p>\n<p style=\"margin-left: 0;text-indent: 0;padding: 0;line-height: 25px\"><span style=\"font-family: \u5b8b\u4f53;letter-spacing: 0;font-size: 16px\"><br \/><\/span><\/p>\n<p style=\"margin-left: 0;text-indent: 0;padding: 0;line-height: 25px\"><span style=\"font-family: \u5b8b\u4f53;letter-spacing: 0;font-size: 16px\"><br \/><\/span><\/p>\n<p style=\"margin-left: 0;text-indent: 0;padding: 0;line-height: 25px\"><span style=\"font-family: \u5b8b\u4f53;letter-spacing: 0;font-size: 16px\"><br \/><\/span><\/p>\n<p style=\"margin-left: 0;text-indent: 0;padding: 0;line-height: 25px\"><span style=\"font-family: \u5b8b\u4f53;letter-spacing: 0;font-size: 16px\"><br \/><\/span><\/p>\n<\/div>\n<\/div>\n<div class=\"graphic_pic animated wow bounceIn\" data-wow-delay=\".7s\">\n<p style=\"text-align:center\"><img loading=\"lazy\" decoding=\"async\" src=\"https:\/\/www.hommy.com\/wp-content\/uploads\/16005019187867.png\" alt=\"producto-Hommy-img\" title=\"\" width=\"400\" height=\"176\" border=\"0\" vspace=\"0\" style=\"width: 400px;height: 176px\"><\/p>\n<\/div>\n<\/div>\n<div class=\"col-md-6 col-sm-6 col-xs-6\">\n<div class=\"right-p\">\n<div class=\"h2 heading\">4.&nbsp;<span style=\"font-family: Helvetica;letter-spacing: 0px\">C<\/span><span style=\"font-family: Helvetica;letter-spacing: 0px\">ounter<\/span><\/div>\n<div class=\"description\">\n<p><span style=\"font-family: \u5b8b\u4f53;letter-spacing: 0;font-size: 16px\">U<\/span><span style=\"font-family: \u5b8b\u4f53;letter-spacing: 0;font-size: 16px\">Se tecla especial para bloquear la cantidad, puede recordar la cantidad m\u00e1xima 1000pcs, se puede ver cada cantidad de vender desde el controlador.<\/span><\/p>\n<p><span style=\"font-family: \u5b8b\u4f53;letter-spacing: 0;font-size: 16px\"><br \/><\/span><\/p>\n<p><span style=\"font-family: \u5b8b\u4f53;letter-spacing: 0;font-size: 16px\"><br \/><\/span><\/p>\n<p><span style=\"font-family: \u5b8b\u4f53;letter-spacing: 0;font-size: 16px\"><br \/><\/span><\/p>\n<\/div>\n<\/div>\n<div class=\"graphic_pic animated wow bounceIn\" data-wow-delay=\".7s\">\n<p style=\"text-align:center\"><img loading=\"lazy\" decoding=\"async\" src=\"https:\/\/www.hommy.com\/wp-content\/uploads\/16005019749450.png\" alt=\"producto-Hommy-img\" title=\"\" width=\"450\" height=\"347\" border=\"0\" vspace=\"0\" style=\"width: 450px;height: 347px\"><\/p>\n<\/div>\n<\/div>\n<\/div>\n<\/div>\n<p><span style=\"font-family: \u5b8b\u4f53;letter-spacing: 0;font-size: 16px\"><br \/><\/span><\/p>\n<p><\/p>\n<p><\/p>\n<p><\/p>\n<p>Documento\uff1a<img decoding=\"async\" src=\"https:\/\/www.hommy.com\/wp-content\/uploads\/icon_pdf-38.gif\" style=\"margin-right: 2px\" alt=\"producto-Hommy-img-1\" title=\"\"><a href=\"https:\/\/img80002414.weyesimg.com\/uploads\/www.hommy.com\/addon\/16027373571851.pdf\" title=\"16027373571851.pdf\" style=\"font-size: 12px\">16027373571851.pdf<\/a><\/p>\n<p><\/p>\n<\/div><\/div>","protected":false},"excerpt":{"rendered":"<p>&nbsp; &nbsp;&nbsp; Commercial Ice Cream Maker Commercial Ice Cream Maker|Product Features|Soft Serve Freezer Twin Twist , Gravity Feed , Counter|Product Specification|Product Advantage &nbsp; &nbsp; &nbsp; &nbsp; &nbsp;&nbsp; &nbsp;&nbsp;&nbsp;&nbsp; Product Features &nbsp; Hommy has a professional team to do product design. There are professional refrigeration engineers, software engineers, and structural engineers to ensure that the product [&hellip;]<\/p>\n","protected":false},"featured_media":703,"comment_status":"open","ping_status":"open","template":"","meta":{"_swt_meta_header_display":false,"_swt_meta_footer_display":false,"_swt_meta_site_title_display":false,"_swt_meta_sticky_header":false,"_swt_meta_transparent_header":false},"product_brand":[],"product_cat":[81,77],"product_tag":[],"class_list":{"0":"post-710","1":"product","2":"type-product","3":"status-publish","4":"has-post-thumbnail","6":"product_cat-copper-ice-cream-machine","7":"product_cat-ice-cream-machine","9":"first","10":"instock","11":"shipping-taxable","12":"product-type-simple"},"_links":{"self":[{"href":"https:\/\/www.hommy.com\/es\/wp-json\/wp\/v2\/product\/710","targetHints":{"allow":["GET"]}}],"collection":[{"href":"https:\/\/www.hommy.com\/es\/wp-json\/wp\/v2\/product"}],"about":[{"href":"https:\/\/www.hommy.com\/es\/wp-json\/wp\/v2\/types\/product"}],"replies":[{"embeddable":true,"href":"https:\/\/www.hommy.com\/es\/wp-json\/wp\/v2\/comments?post=710"}],"wp:featuredmedia":[{"embeddable":true,"href":"https:\/\/www.hommy.com\/es\/wp-json\/wp\/v2\/media\/703"}],"wp:attachment":[{"href":"https:\/\/www.hommy.com\/es\/wp-json\/wp\/v2\/media?parent=710"}],"wp:term":[{"taxonomy":"product_brand","embeddable":true,"href":"https:\/\/www.hommy.com\/es\/wp-json\/wp\/v2\/product_brand?post=710"},{"taxonomy":"product_cat","embeddable":true,"href":"https:\/\/www.hommy.com\/es\/wp-json\/wp\/v2\/product_cat?post=710"},{"taxonomy":"product_tag","embeddable":true,"href":"https:\/\/www.hommy.com\/es\/wp-json\/wp\/v2\/product_tag?post=710"}],"curies":[{"name":"wp","href":"https:\/\/api.w.org\/{rel}","templated":true}]}}