{"id":694,"date":"2024-07-02T15:24:30","date_gmt":"2024-07-02T15:24:30","guid":{"rendered":"http:\/\/localhost\/hommywp\/hm706-buy-profitable-soft-frozen-yogurt-maker-wholesale\/"},"modified":"2025-08-01T09:57:40","modified_gmt":"2025-08-01T09:57:40","slug":"hm706-heladora-soft","status":"publish","type":"product","link":"https:\/\/www.hommy.com\/es\/p\/hm706-heladora-soft\/","title":{"rendered":"Hm706 Comprar Rentable Soft Frozen Yogurt Maker al por mayor"},"content":{"rendered":"<div>\n<h4 style=\"text-align: center\"><span style=\"font-size: 24px\"><strong><span style=\"font-family: \u5b8b\u4f53;letter-spacing: 0px\"><br \/><\/span><\/strong><\/span><\/h4>\n<h2 style=\"text-align: center\"><span style=\"font-size: 24px;font-family: arial, helvetica, sans-serif\"><strong><span style=\"font-size: 24px;letter-spacing: 0px\"><a name=\"Soft Serve Ice Cream Machine\"><\/a>M\u00e1quina de helados Soft Serve<\/span><\/strong><\/span><\/h2>\n<p style=\"text-align: center\"><a href=\"#Soft Serve Ice Cream Machine\" target=\"_self\" data-lv=\"0\" rel=\"noopener\"><span style=\"font-size: 16px;font-family: arial, helvetica, sans-serif;letter-spacing: 0px\">M\u00e1quina de helados Soft Serve<\/span><\/a><span style=\"font-size: 16px;font-family: arial, helvetica, sans-serif;letter-spacing: 0px\">|<a href=\"#Product Features\" target=\"_self\" data-lv=\"0\" rel=\"noopener\">Caracter\u00edsticas del producto<\/a>|<a href=\"#Table top Soft Serve Freezer, table top Frozen Yogurt Freezer\" target=\"_self\" data-lv=\"0\" rel=\"noopener\">Congelador de mesa para helados cremosos, Congelador de mesa para yogur helado<\/a>|<a href=\"#Product Specification\" target=\"_self\" data-lv=\"0\" rel=\"noopener\">Especificaci\u00f3n del producto<\/a>|<a href=\"#Product Advantage\" target=\"_self\" data-lv=\"0\" rel=\"noopener\">Ventajas del producto<\/a><\/span><\/p>\n<p><\/p>\n<p style=\"text-align: center\">\n<p style=\"text-align: center\">\n<p><span style=\"font-family: Helvetica;font-size: 16px;letter-spacing: 0px\">Contamos con un equipo de profesionales que tienen a\u00f1os de experiencia en este campo. El yogur helado Maker que ofrecemos tiene una alta eficiencia energ\u00e9tica y es muy duradero. La yogurtera congelada que proporcionamos es altamente eficaz y f\u00e1cil de utilizar.<\/span><\/p>\n<h2><span style=\"font-family: arial, helvetica, sans-serif;font-size: 24px\"><strong><span style=\"font-family: arial, helvetica, sans-serif;letter-spacing: 0px\">Producto <\/span><\/strong><strong><span style=\"font-family: arial, helvetica, sans-serif;letter-spacing: 0px\">Caracter\u00edsticas<\/span><\/strong><\/span><strong><span style=\"font-family: \u5b8b\u4f53;letter-spacing: 0;font-size: 18px\"> <\/span><\/strong><strong><span style=\"font-family: \u5b8b\u4f53;letter-spacing: 0;font-size: 18px\">&nbsp;<\/span><\/strong><\/h2>\n<p style=\"margin-top:0;margin-right:0;margin-bottom:10px;margin-left:0;text-indent:0\"><span style=\"font-family: Helvetica;letter-spacing: 0;font-size: 16px\"><\/span><\/p>\n<p><span style=\"font-family: Helvetica;letter-spacing: 0;font-size: 16px\">Hommy cuenta con un equipo profesional para el dise\u00f1o de productos. Hay ingenieros profesionales de refrigeraci\u00f3n, ingenieros de software e ingenieros estructurales para garantizar que la calidad del producto sea estable y duradera. Al mismo tiempo, se a\u00f1ade el dise\u00f1o personalizado para facilitar el futuro servicio posventa. <\/span><span style=\"font-family: Helvetica\"><span style=\"letter-spacing: 0px;font-size: 16px\">Hommy<\/span><span style=\"letter-spacing: 0px;font-size: 16px\">&nbsp;helado <a style=\"color:blue\" href=\"https:\/\/www.hommy.com\/es\/maquina-de-helados\/\">m\u00e1quina de helados cremosos<\/a> <\/span><\/span><span style=\"font-family: Helvetica;letter-spacing: 0;font-size: 16px\">es digno de confianza.<\/span><span style=\"font-family: \u5b8b\u4f53;letter-spacing: 0px;font-size: 16px\">&nbsp;<span style=\"letter-spacing: 0px;font-size: 16px;font-family: Helvetica\">Si desea m\u00e1s informaci\u00f3n sobre <a style=\"color:blue\" href=\"https:\/\/www.hommy.com\/es\/maquina-de-helados-blandos\/\">m\u00e1quina de helados blandos<\/a> y el precio por favor p\u00f3ngase en contacto con nosotros .<\/span><\/span><\/p>\n<p><span style=\"font-family: \u5b8b\u4f53;letter-spacing: 0;font-size: 16px\"><\/span><\/p>\n<div class=\"d-tem01-graphic tem01-graphic mockup\" data-detail=\"wrap\">\n<div class=\"cont-section clearfix d-clearfix\">\n<div class=\"col-md-6 col-sm-6 col-xs-6\"><\/p>\n<div class=\"graphic_pic animated wow bounceIn\" data-wow-delay=\".7s\"><img decoding=\"async\" src=\"https:\/\/www.hommy.com\/wp-content\/uploads\/16004078203526.jpg\" alt=\"producto-Hommy-img\" title=\"\"><br \/>\n &nbsp; &nbsp; &nbsp; &nbsp; &nbsp; &nbsp;<\/div>\n<\/div>\n<div class=\"col-md-6 col-sm-6 col-xs-6\">\n<div class=\"right-p\">\n<div class=\"h2 heading\">\n<h2><span style=\"font-size: 24px;font-family: arial, helvetica, sans-serif\"><strong><span style=\"font-size: 24px\"><a name=\"Table top Soft Serve Freezer, table top Frozen Yogurt Freezer\"><\/a>Tablero <\/span><\/strong><strong><span style=\"font-size: 24px\">Congelador de helados, <\/span><\/strong><strong><span style=\"font-size: 24px\">tablero <\/span><\/strong><strong><span style=\"font-size: 24px\">Congelador de yogur helado<\/span><\/strong><\/span><\/h2>\n<p><span style=\"font-family:Calibri;font-size:16px\">Twin Twist, Preenfriamiento, Mezclador, Mostrador, Ultra silencioso<\/span><\/p>\n<p><span style=\"font-size: 16px;font-family: Helvetica\">Caracter\u00edsticas<\/span><\/p>\n<p><span style=\"font-family:Calibri;font-size:16px\">Oferta de productos: Ofrezca todas las variantes populares de helados cremosos y yogur helado desnatado o desnatado.<\/span><\/p>\n<p><span style=\"font-family:Calibri;font-size:16px\">Sabor: Sirve dos sabores separados y uno girado.<\/span><\/p>\n<p><span style=\"font-family:Calibri;font-size:16px\">Tolva de mezcla: Dos de 13 litros de capacidad (13.7quart, 3.43gallons)<\/span><\/p>\n<p><span style=\"font-family:Calibri;font-size:16px\">Cilindro de congelaci\u00f3n: Dos de 1,8 litros de capacidad 1.63quart, 0.48gallons)<\/span><\/p>\n<p><span style=\"font-family:Calibri;font-size:16px\">Control por pantalla t\u00e1ctil:<\/span><\/p>\n<p style=\"margin-left:32px\"><span style=\"font-family:Calibri;font-size:16px\">- El sistema de control t\u00e1ctil por microprocesador est\u00e1 integrado en un resistente panel de cristal templado.<\/span><\/p>\n<p style=\"margin-left:32px\"><span style=\"font-family:Calibri;font-size:16px\">- Las temperaturas de las tolvas o de los cilindros de congelaci\u00f3n pueden visualizarse en cualquier punto de la operaci\u00f3n.<\/span><\/p>\n<p style=\"margin-left:32px\"><span style=\"font-family:Calibri;font-size:16px\">- Proporciona el nivel de viscosidad necesario para las raciones.<\/span><\/p>\n<p style=\"margin-left:32px\"><span style=\"font-family:Calibri;font-size:16px\">- Indicador de nivel de mezcla y alarma. Cuando el indicador luminoso de mezcla agotada parpadea, la m\u00e1quina se apaga autom\u00e1ticamente para evitar da\u00f1os.<\/span><\/p>\n<p><span style=\"font-family:Calibri;font-size:16px\">Modo de espera: Durante largos periodos sin uso, la funci\u00f3n de espera mantiene temperaturas seguras del producto en la tolva de mezcla y el cilindro de congelaci\u00f3n.<\/span><\/p>\n<p><span style=\"font-family:Calibri;font-size:16px\">Funci\u00f3n de protecci\u00f3n de la presi\u00f3n del sistema de refrigeraci\u00f3n.<\/span><\/p>\n<p><span style=\"font-family:Calibri;font-size:16px\">Su construcci\u00f3n duradera con cubierta de acero inoxidable hace que sea moderno y<\/span><span style=\"font-family:\u5b8b\u4f53;font-size:16px\">&nbsp;<\/span><span style=\"font-family:Calibri;font-size:16px\">lujosa apariencia exterior.<\/span><\/p>\n<p><span style=\"font-family:Calibri;font-size:16px\">Funciones: <\/span><\/p>\n<p><span style=\"font-family: Calibri;font-size: 16px\">El sistema de preenfriamiento mantiene la mezcla por debajo de 5\u00b0C durante los modos autom\u00e1tico y de espera. La bomba de aire suministra la mezcla con cierta cantidad de aire a los cilindros de congelaci\u00f3n. <\/span><\/p>\n<p><span style=\"font-family:Calibri;font-size:16px\">El mezclador mantiene la uniformidad de la mezcla en las tolvas. *El contador permite al operador ver el n\u00famero de raciones dispensadas.<\/span><\/p>\n<p><span style=\"font-family:Calibri;font-size:16px\">Ruido ultrasilencioso de 50-55 decibelios.<\/span><\/p>\n<p><span style=\"font-size: 14px\"><\/span><\/div>\n<\/div>\n<p>&nbsp; &nbsp; &nbsp; &nbsp; &nbsp; &nbsp;<\/p><\/div>\n<\/div>\n<\/div>\n<p><span style=\"font-family: \u5b8b\u4f53;letter-spacing: 0;font-size: 16px\"><br \/><\/span><\/p>\n<p><\/p>\n<h2><span style=\"font-family: arial, helvetica, sans-serif;font-size: 24px\"><strong><span style=\"font-family: arial, helvetica, sans-serif;letter-spacing: 0px\">Especificaci\u00f3n del producto<\/span><\/strong><\/span><\/h2>\n<h4><span style=\"font-family: \u5b8b\u4f53;letter-spacing: 0;font-size: 18px\"><\/span><\/h4>\n<p><span style=\"font-family: Helvetica;letter-spacing: 0;font-size: 16px\">Hommy tener m\u00e1s suave <a style=\"color:blue\" href=\"\/es\/\">m\u00e1quina de helados<\/a> para que usted elija, usted puede basar en su requiere elegir la m\u00e1quina del helado que basan en diversa capacidad y la funci\u00f3n. nuestro sistema de enfriamiento de la m\u00e1quina es muy fuerte que puede el helado y el yogur congelado, usted pone solamente diverso material dentro de eso ser\u00e1 aceptable, la m\u00e1quina utiliza corriente y temperatura para ajustar autom\u00e1ticamente el sistema interno. Cuando la pruebe, le gustar\u00e1 esta m\u00e1quina.&nbsp;<\/span><\/p>\n<p><span style=\"font-family: Helvetica;letter-spacing: 0;font-size: 16px\"><br \/><\/span><\/p>\n<p><span style=\"font-family: Helvetica;letter-spacing: 0;font-size: 16px\"><br \/><\/span><\/p>\n<p style=\"text-align: center\"><span style=\"font-family: Helvetica;letter-spacing: 0;font-size: 16px\"><img decoding=\"async\" src=\"https:\/\/www.hommy.com\/wp-content\/uploads\/16004079362483.png\" title=\"\" alt=\"producto-Hommy-img\"><\/span><\/p>\n<p><strong><span style=\"font-family: \u5b8b\u4f53;letter-spacing: 0;font-size: 18px\"><br \/><\/span><\/strong><\/p>\n<p><strong><span style=\"font-family: \u5b8b\u4f53;letter-spacing: 0;font-size: 18px\"><br \/><\/span><\/strong><\/p>\n<h2><span style=\"font-family: arial, helvetica, sans-serif;font-size: 24px\"><strong><span style=\"font-family: arial, helvetica, sans-serif;letter-spacing: 0px\">Ventajas del producto<\/span><\/strong><\/span><strong><span style=\"font-family: \u5b8b\u4f53;letter-spacing: 0;font-size: 18px\"> &nbsp;&nbsp;&nbsp;&nbsp;&nbsp;&nbsp;<\/span><\/strong><strong><span style=\"font-family: \u5b8b\u4f53;letter-spacing: 0;font-size: 18px\">&nbsp;<\/span><\/strong><br \/><\/h2>\n<p><span style=\"font-family: Helvetica;letter-spacing: 0;font-size: 16px\">Hommy han producir m\u00e1quina de helados durante 20 a\u00f1os de experiencia, expendedora de m\u00e1quinas de helados a\u00f1adir m\u00e1s funci\u00f3n de helado suave, porque no hay hombre para el servicio todo el tiempo. nos basamos en esta a\u00f1adir m\u00e1s sensores y el uso de software para controlarlo que es de buena calidad y buena funci\u00f3n.<\/span><\/p>\n<p><span style=\"font-family: Helvetica;letter-spacing: 0;font-size: 16px\"><\/span><\/p>\n<div class=\"d-tem01-graphic tem01-graphic mockup\" data-detail=\"wrap\">\n<div class=\"cont-section clearfix d-clearfix\">\n<div class=\"col-md-6 col-sm-6 col-xs-6\">\n<div class=\"right-p\">\n<div class=\"h2 heading\">\n<p style=\"margin-bottom:13px;margin-left:0;text-indent:0\"><span style=\"font-family: Helvetica;letter-spacing: 0;font-weight: bold;font-size: 18px\">1.&nbsp;<\/span><strong><span style=\"font-family: Helvetica;letter-spacing: 0;font-size: 18px\">Tubo de expansi\u00f3n<\/span><\/strong><\/p>\n<\/div>\n<p><span style=\"font-size: 16px;letter-spacing: 0px;font-family: Helvetica\">La funci\u00f3n del tubo de expansi\u00f3n es soplar aire en el cilindro y mezclar con el helado para aumentar la tasa de expansi\u00f3n del helado, que es m\u00e1s suave y m\u00e1s delicioso cuando se come. La tasa de expansi\u00f3n del tubo de expansi\u00f3n es 30%-45%, y tiene tres agujeros diferentes para que los clientes puedan ajustar la cantidad de entrada de aire, que es conveniente para limpiar y f\u00e1cil de operar.<\/span><\/p>\n<p><span style=\"font-family: \u5b8b\u4f53;font-size: 16px;letter-spacing: 0px\"><br \/><\/span><\/p>\n<p><span style=\"font-family: \u5b8b\u4f53;font-size: 16px;letter-spacing: 0px\"><br \/><\/span><\/p>\n<\/div>\n<div class=\"graphic_pic animated wow bounceIn\" data-wow-delay=\".7s\">\n<p style=\"text-align:center\"><img loading=\"lazy\" decoding=\"async\" src=\"https:\/\/www.hommy.com\/wp-content\/uploads\/16004833162473.jpg\" alt=\"product-Hommy-HM706 heladora soft-img\" title=\"\" width=\"250\" height=\"250\" border=\"0\" vspace=\"0\" style=\"width: 250px;height: 250px\"><\/p>\n<\/div>\n<\/div>\n<div class=\"col-md-6 col-sm-6 col-xs-6\">\n<div class=\"right-p\">\n<div class=\"h2 heading\"><span style=\"font-family: Helvetica;letter-spacing: 0px\">2. Deje el sensor<\/span><span style=\"font-family: \u5b8b\u4f53;letter-spacing: 0px\">&nbsp;<\/span><\/div>\n<p><span style=\"font-family: Helvetica\"><span style=\"letter-spacing: 0px;font-size: 16px\">Dejar sensor tienen&nbsp;<\/span><span style=\"letter-spacing: 0px;font-size: 16px\">Segunda etapa, la primera etapa de alarma de nivel de material faltante, la segunda etapa de apagado autom\u00e1tico.<\/span><span style=\"letter-spacing: 0px;font-size: 16px\">&nbsp;Cuando reciba el primer mensaje, tiene un tiempo para a\u00f1adir material, no es necesario que la m\u00e1quina se detenga para trabajar.<\/span><\/span><\/p>\n<p><span style=\"font-family: \u5b8b\u4f53;letter-spacing: 0px;font-size: 16px\"><br \/><\/span><\/p>\n<p><span style=\"font-family: \u5b8b\u4f53;letter-spacing: 0px;font-size: 16px\"><br \/><\/span><\/p>\n<p><span style=\"font-family: \u5b8b\u4f53;letter-spacing: 0px;font-size: 16px\"><br \/><\/span><\/p>\n<\/div>\n<div class=\"graphic_pic animated wow bounceIn\" data-wow-delay=\".7s\">\n<p style=\"text-align:center\"><img loading=\"lazy\" decoding=\"async\" src=\"https:\/\/www.hommy.com\/wp-content\/uploads\/16004087772397.jpg\" alt=\"producto-Hommy-img\" title=\"\" width=\"250\" height=\"1000\" border=\"0\" vspace=\"0\" style=\"width: 250px;height: 1000px\"><\/p>\n<\/div>\n<\/div>\n<\/div>\n<\/div>\n<div class=\"d-tem01-graphic tem01-graphic mockup\" data-detail=\"wrap\">\n<div class=\"cont-section clearfix d-clearfix\">\n<div class=\"col-md-6 col-sm-6 col-xs-6\">\n<div class=\"right-p\">\n<div class=\"h2 heading\"><span style=\"letter-spacing: 0px\">3.&nbsp;<\/span><span style=\"font-family: Helvetica;letter-spacing: 0px\">Controlador<\/span><\/div>\n<p><span style=\"font-size: 16px;letter-spacing: 0px;font-family: Helvetica\">El panel de control muestra claramente las funciones internas de la m\u00e1quina. Al mismo tiempo, la m\u00e1quina tambi\u00e9n recuerda la funci\u00f3n de limpieza, a\u00f1adiendo funciones m\u00e1s humanizadas, tambi\u00e9n somos bienvenidos a hacer OEM.<\/span><\/p>\n<p><\/p>\n<p><\/p>\n<p><\/p>\n<\/div>\n<div class=\"graphic_pic animated wow bounceIn\" data-wow-delay=\".7s\" style=\"text-align: center\"><img decoding=\"async\" src=\"https:\/\/www.hommy.com\/wp-content\/uploads\/16004090699722.jpg\" alt=\"producto-Hommy-img\" title=\"\" style=\"text-align: center\"><\/div>\n<\/div>\n<div class=\"col-md-6 col-sm-6 col-xs-6\">\n<div class=\"right-p\">\n<div class=\"h2 heading\"><span style=\"letter-spacing: 0px\">4.Mezclador en tolva<\/span><\/div>\n<p><span style=\"font-size: 16px;letter-spacing: 0px;font-family: Helvetica\">Mezcla uniforme. Mezclador de alta velocidad en hooper mantiene el material que fluye en la tolva en caso de helado. El helado ser\u00e1 m\u00e1s suave despu\u00e9s de mezclar completamente con aire.<\/span><\/p>\n<\/div>\n<div class=\"graphic_pic animated wow bounceIn\" data-wow-delay=\".7s\">\n<p style=\"text-align:center\"><\/p>\n<p><\/p>\n<p style=\"text-align:center\"><\/p>\n<p style=\"text-align:center\"><img decoding=\"async\" src=\"https:\/\/www.hommy.com\/wp-content\/uploads\/16004834973089.jpg\" alt=\"producto-HM706 heladora suave-Hommy-img\" title=\"\"><\/p>\n<\/div>\n<\/div>\n<\/div>\n<\/div>\n<div class=\"d-tem01-graphic tem01-graphic mockup\" data-detail=\"wrap\">\n<div class=\"cont-section clearfix d-clearfix\">\n<div class=\"col-md-6 col-sm-6 col-xs-6\">\n<div class=\"right-p\">\n<div class=\"h2 heading\">5. Accesorios opcionales escape<\/div>\n<p><span style=\"font-size: 16px;letter-spacing: 0px;font-family: Helvetica\">Instalar correctamente la m\u00e1quina de helados. La distancia entre el conducto de escape detr\u00e1s de la m\u00e1quina y la pared es de 1 metro para la ventilaci\u00f3n, pero de hecho, es imposible lograr esta situaci\u00f3n en nuestro lugar de almacenamiento. Hommy dise\u00f1ado un nuevo conducto de escape para el uso diario para extraer el aire caliente. En la parte superior, puede satisfacer m\u00e1s lugares sin ocupar espacio.<\/span><\/p>\n<p><span style=\"font-family: \u5b8b\u4f53;font-size: 16px;letter-spacing: 0px\"><br \/><\/span><\/p>\n<p><span style=\"font-family: \u5b8b\u4f53;font-size: 16px;letter-spacing: 0px\">&nbsp;<\/span><\/p>\n<\/div>\n<div class=\"graphic_pic animated wow bounceIn\" data-wow-delay=\".7s\">\n<p style=\"text-align:center\"><img decoding=\"async\" src=\"https:\/\/www.hommy.com\/wp-content\/uploads\/16004092538447.jpg\" style=\"text-align: center\" alt=\"producto-Hommy-img-1\" title=\"\"><\/p>\n<\/div>\n<\/div>\n<div class=\"col-md-6 col-sm-6 col-xs-6\">\n<div class=\"right-p\">\n<div class=\"h2 heading\"><span style=\"letter-spacing: 0px\">6. Rearme autom\u00e1tico del manipulador<\/span><\/div>\n<p><span style=\"letter-spacing: 0px;font-size: 16px;font-family: Helvetica\">Instale cuando usted saca el helado que el manipulante reajustar\u00e1 autom\u00e1tico que puede ahorrado cayendo accidentalmente el helado en la tierra.<\/span><\/p>\n<p><span style=\"font-family: \u5b8b\u4f53;letter-spacing: 0px;font-size: 16px\"><br \/><\/span><\/p>\n<p><\/p>\n<p><span style=\"font-family: \u5b8b\u4f53;letter-spacing: 0px;font-size: 16px\"><br \/><\/span><\/p>\n<\/div>\n<div class=\"graphic_pic animated wow bounceIn\" data-wow-delay=\".7s\">\n<p style=\"text-align:center\"><img loading=\"lazy\" decoding=\"async\" src=\"https:\/\/www.hommy.com\/wp-content\/uploads\/16004834208076.jpg\" title=\"\" alt=\"producto-Hommy-img-1\" width=\"350\" height=\"562\" border=\"0\" vspace=\"0\" style=\"width: 350px;height: 562px\"><\/p>\n<\/div>\n<\/div>\n<\/div>\n<\/div>\n<p style=\"text-align: center\"><\/p>\n<p>Documento:<img decoding=\"async\" src=\"https:\/\/www.hommy.com\/wp-content\/uploads\/icon_pdf-36.gif\" style=\"margin-right: 2px\" alt=\"producto-Hommy-HM706 heladora soft-img-1\" title=\"\"><a href=\"https:\/\/img80002414.weyesimg.com\/uploads\/www.hommy.com\/addon\/16027406495634.pdf\" title=\"16027406495634.pdf\" style=\"font-size: 12px\">16027406495634.pdf<\/a><\/p>\n<h2>\u00bfCu\u00e1nto tiempo se puede dejar el helado en la m\u00e1quina?<\/h2>\n<p style=\"margin-top: 5px;margin-bottom: 5px\">Esta es una gran pregunta, pero la respuesta depender\u00e1 de la marca y el modelo de su m\u00e1quina de helados. Cada marca y modelo es diferente, por lo que las respuestas variar\u00e1n.Si utiliza una m\u00e1quina de helados que tiene un compartimento congelador separado, puede mantener la m\u00e1quina en el congelador hasta una semana. Es una buena idea comprobar la consistencia del helado despu\u00e9s de 2 d\u00edas.<\/p>\n<p style=\"margin-top: 5px;margin-bottom: 5px\"><\/p>\n<h2>\u00bfPor qu\u00e9 el yogur helado no sabe a yogur?<\/h2>\n<p style=\"margin-top: 5px;margin-bottom: 5px\">El yogur helado es pr\u00e1cticamente igual que el yogur normal. El yogur helado es un tipo de yogur que se ha congelado antes de servirlo. Tiene la consistencia del yogur, pero sigue congelado. El yogur helado es delicioso y puede comerse solo o sobre otra cosa. Hay muchos tipos diferentes de yogur helado, y muchos de ellos est\u00e1n hechos con distintos tipos de yogur. A algunos yogures helados se les puede a\u00f1adir m\u00e1s az\u00facar, lo que los hace m\u00e1s dulces, y a otros se les a\u00f1aden ingredientes que les dan un sabor diferente.<\/p>\n<p style=\"margin-top: 5px;margin-bottom: 5px\"><\/p>\n<h2>\u00bfCu\u00e1les son las desventajas del yogur?<\/h2>\n<p style=\"margin-top: 5px;margin-bottom: 5px\">El yogur tiene numerosas ventajas para la salud. Tiene un alto contenido en calcio y es tambi\u00e9n una buena fuente de vitaminas. El yogur tambi\u00e9n es una buena fuente de prote\u00ednas, pero tiene algunos inconvenientes. A algunas personas no les gusta el sabor del yogur y es dif\u00edcil de digerir. Adem\u00e1s, puede que no te guste el olor del yogur despu\u00e9s de comerlo.<\/p>\n<\/div><\/div>","protected":false},"excerpt":{"rendered":"<p>Soft Serve Ice Cream Machine Soft Serve Ice Cream Machine|Product Features|Table top Soft Serve Freezer, table top Frozen Yogurt Freezer|Product Specification|Product Advantage We have a team of professionals who have years of experience in this field. They work with a team of professionals who are also well-versed in this field.The frozen yogurt Maker we provide [&hellip;]<\/p>\n","protected":false},"featured_media":1944,"comment_status":"open","ping_status":"open","template":"","meta":{"_swt_meta_header_display":false,"_swt_meta_footer_display":false,"_swt_meta_site_title_display":false,"_swt_meta_sticky_header":false,"_swt_meta_transparent_header":false},"product_brand":[],"product_cat":[80,77],"product_tag":[],"class_list":{"0":"post-694","1":"product","2":"type-product","3":"status-publish","4":"has-post-thumbnail","6":"product_cat-frozen-yogurt-machine","7":"product_cat-ice-cream-machine","9":"first","10":"instock","11":"shipping-taxable","12":"product-type-simple"},"_links":{"self":[{"href":"https:\/\/www.hommy.com\/es\/wp-json\/wp\/v2\/product\/694","targetHints":{"allow":["GET"]}}],"collection":[{"href":"https:\/\/www.hommy.com\/es\/wp-json\/wp\/v2\/product"}],"about":[{"href":"https:\/\/www.hommy.com\/es\/wp-json\/wp\/v2\/types\/product"}],"replies":[{"embeddable":true,"href":"https:\/\/www.hommy.com\/es\/wp-json\/wp\/v2\/comments?post=694"}],"wp:featuredmedia":[{"embeddable":true,"href":"https:\/\/www.hommy.com\/es\/wp-json\/wp\/v2\/media\/1944"}],"wp:attachment":[{"href":"https:\/\/www.hommy.com\/es\/wp-json\/wp\/v2\/media?parent=694"}],"wp:term":[{"taxonomy":"product_brand","embeddable":true,"href":"https:\/\/www.hommy.com\/es\/wp-json\/wp\/v2\/product_brand?post=694"},{"taxonomy":"product_cat","embeddable":true,"href":"https:\/\/www.hommy.com\/es\/wp-json\/wp\/v2\/product_cat?post=694"},{"taxonomy":"product_tag","embeddable":true,"href":"https:\/\/www.hommy.com\/es\/wp-json\/wp\/v2\/product_tag?post=694"}],"curies":[{"name":"wp","href":"https:\/\/api.w.org\/{rel}","templated":true}]}}