{"id":684,"date":"2024-07-02T15:24:26","date_gmt":"2024-07-02T15:24:26","guid":{"rendered":"http:\/\/localhost\/hommywp\/hm712-semi-automatic-frozen-yogurt-ice-cream-machine-supplier\/"},"modified":"2025-08-01T09:57:38","modified_gmt":"2025-08-01T09:57:38","slug":"hm712-maquina-de-helados-soft-serve","status":"publish","type":"product","link":"https:\/\/www.hommy.com\/es\/p\/hm712-maquina-de-helados-soft-serve\/","title":{"rendered":"Hm712 M\u00e1quina semiautom\u00e1tica de helado de yogur Proveedor"},"content":{"rendered":"<div>\n<p style=\"text-align: center\">&nbsp; &nbsp;&nbsp;<\/p>\n<h2 style=\"text-align: center\"><strong><span style=\"font-size: 24px;font-family: arial, helvetica, sans-serif\"><span style=\"font-size: 24px;letter-spacing: 0px\"><a name=\"2 flavour+mix soft ice cream machine\"><\/a>M\u00e1quina de helados blandos 2 sabores+mezcla<\/span><\/span><\/strong><span style=\"font-size: 24px;font-family: arial, helvetica, sans-serif\"><span style=\"font-size: 24px;letter-spacing: 0px\">&nbsp;<\/span><\/span><\/h2>\n<p style=\"text-align: center\"><span style=\"letter-spacing: 0px;font-family: arial, helvetica, sans-serif;font-size: 16px\"><a href=\"#2 flavour+mix soft ice cream machine\" target=\"_self\" data-lv=\"0\" rel=\"noopener\">M\u00e1quina de helados blandos 2 sabores+mezcla<\/a>|<a href=\"#Product Features\" target=\"_self\" data-lv=\"0\" rel=\"noopener\">Caracter\u00edsticas del producto<\/a>|<a href=\"#Soft Serve Freezer, Frozen Yogurt Freezer\" target=\"_self\" data-lv=\"0\" rel=\"noopener\">Congelador de helados cremosos, Congelador de yogur helado<\/a>|<\/span><a href=\"#Product Specification\" target=\"_self\" data-lv=\"0\" rel=\"noopener\"><span style=\"font-family: arial, helvetica, sans-serif;font-size: 16px\">Especificaci\u00f3n del producto<\/span><\/a><span style=\"font-family: arial, helvetica, sans-serif;font-size: 16px\">|<\/span><a href=\"#Product Advantage\" target=\"_self\" data-lv=\"0\" rel=\"noopener\"><span style=\"font-family: arial, helvetica, sans-serif;font-size: 16px;letter-spacing: 0px\">Ventajas del producto<\/span><\/a><\/p>\n<p style=\"text-align: center\"><strong><span style=\"font-family: \u5b8b\u4f53;letter-spacing: 0;font-size: 18px\"><br \/><\/span><\/strong><\/p>\n<p style=\"text-align: center\">&nbsp; &nbsp;&nbsp;<\/p>\n<p style=\"text-align: center\">&nbsp; &nbsp;&nbsp;<\/p>\n<h4><strong><span style=\"font-family: \u5b8b\u4f53;letter-spacing: 0;font-size: 18px\"><br \/><\/span><\/strong><\/h4>\n<h4><span style=\"letter-spacing: 0px;font-size: 18px;font-family: Helvetica\">Este yogur helado <a style=\"color:blue\" href=\"\/es\/\">M\u00e1quina de helados<\/a> est\u00e1 hecho de material de alta calidad y dise\u00f1ado seg\u00fan las normas internacionales de calidad. Nuestra m\u00e1quina ofrece se utiliza en varios restaurantes, hoteles, establecimientos de comida r\u00e1pida, y otras articulaciones de alimentos. Esta m\u00e1quina es muy popular entre los clientes debido a sus caracter\u00edsticas como el trabajo preciso, bajo mantenimiento, eficiencia energ\u00e9tica, durabilidad y f\u00e1cil mantenimiento. La m\u00e1quina ofrecida est\u00e1 disponible en varias especificaciones t\u00e9cnicas seg\u00fan las necesidades de los clientes.<\/span><\/h4>\n<h2><span style=\"font-family: arial, helvetica, sans-serif;font-size: 24px\"><strong><span style=\"font-family: arial, helvetica, sans-serif;letter-spacing: 0px\">Producto <\/span><\/strong><strong><span style=\"font-family: arial, helvetica, sans-serif;letter-spacing: 0px\">Caracter\u00edsticas <\/span><\/strong><\/span><strong><span style=\"font-family: \u5b8b\u4f53;letter-spacing: 0;font-size: 18px\">&nbsp;<\/span><\/strong><\/h2>\n<p style=\"margin-top:0;margin-right:0;margin-bottom:10px;margin-left:0;text-indent:0\"><span style=\"font-family: arial, helvetica, sans-serif\"><span style=\"letter-spacing: 0px;font-size: 16px\">Hommy cuenta con un equipo profesional para el dise\u00f1o de productos. Hay ingenieros profesionales de refrigeraci\u00f3n, ingenieros de software e ingenieros estructurales para garantizar que la calidad del producto sea estable y duradera. Al mismo tiempo, se a\u00f1ade el dise\u00f1o personalizado para facilitar el futuro servicio post-venta. La m\u00e1quina de helados Hommy es digna de confianza.<\/span><span style=\"letter-spacing: 0px;font-size: 16px\">&nbsp;Si desea m\u00e1s informaci\u00f3n sobre <a style=\"color:blue\" href=\"https:\/\/www.hommy.com\/es\/maquina-de-helados-blandos\/\">m\u00e1quina de helados blandos<\/a> y el precio por favor p\u00f3ngase en contacto con nosotros .&nbsp;<\/span><\/span><\/p>\n<p style=\"margin-top:0;margin-right:0;margin-bottom:10px;margin-left:0;text-indent:0\"><span style=\"font-family: \u5b8b\u4f53;letter-spacing: 0;font-size: 16px\"><\/span><\/p>\n<div class=\"d-tem01-graphic tem01-graphic mockup\" data-detail=\"wrap\">\n<div class=\"cont-section clearfix d-clearfix\">\n<div class=\"col-md-6 col-sm-6 col-xs-6\">\n<div class=\"right-p\">\n<div class=\"h2 heading\">\n<p style=\"text-align:center\"><img loading=\"lazy\" decoding=\"async\" src=\"https:\/\/www.hommy.com\/wp-content\/uploads\/16006483664846.jpg\" alt=\"producto-Hommy-img\" style=\"font-size: 14px;width: 450px;height: 542px\" title=\"\" width=\"450\" height=\"542\" border=\"0\" vspace=\"0\"><\/p>\n<p><span style=\"font-size: 14px\">&nbsp; &nbsp; &nbsp; &nbsp; &nbsp; &nbsp; &nbsp;<\/span><\/div>\n<\/div>\n<\/div>\n<div class=\"col-md-6 col-sm-6 col-xs-6\">\n<div class=\"right-p\">\n<div class=\"h2 heading\">\n<h2><span style=\"font-family: arial, helvetica, sans-serif;font-size: 24px\"><strong><span style=\"font-family: arial, helvetica, sans-serif\"><a name=\"Soft Serve Freezer, Frozen Yogurt Freezer\"><\/a>Congelador de helados cremosos, Congelador de yogur helado<\/span><\/strong><\/span><\/h2>\n<p><span style=\"font-size: 16px;font-family: arial, helvetica, sans-serif\">Twin Twist, Preenfriamiento, Mezclador, Mostrador, Ultra silencioso<\/span><\/p>\n<p><span style=\"font-size: 16px;font-family: arial, helvetica, sans-serif\">Caracter\u00edsticas<\/span><\/p>\n<p><span style=\"font-size: 16px;font-family: arial, helvetica, sans-serif\">Oferta de productos: Ofrezca todas las variantes populares de helados cremosos y yogur helado desnatado o desnatado.<\/span><\/p>\n<p><span style=\"font-size: 16px;font-family: arial, helvetica, sans-serif\">Sabor: Sirve dos sabores separados y uno girado.<\/span><\/p>\n<p><span style=\"font-size: 16px;font-family: arial, helvetica, sans-serif\">Tolva de mezcla: Dos de 13 litros de capacidad (13.7quart, 3.43gallons)<\/span><\/p>\n<p><span style=\"font-size: 16px;font-family: arial, helvetica, sans-serif\">Cilindro de congelaci\u00f3n: Dos de 1,8 litros de capacidad 1.63quart, 0.48gallons)<\/span><\/p>\n<p><span style=\"font-size: 16px;font-family: arial, helvetica, sans-serif\">Control por pantalla t\u00e1ctil:<\/span><\/p>\n<p style=\"margin-left:32px\"><span style=\"font-family: Calibri;font-size: 16px\">- El sistema de control t\u00e1ctil por microprocesador est\u00e1 integrado en un resistente panel de cristal templado.<\/span><\/p>\n<p style=\"margin-left:32px\"><span style=\"font-family: Calibri;font-size: 16px\">- Las temperaturas de las tolvas o de los cilindros de congelaci\u00f3n pueden visualizarse en cualquier punto de la operaci\u00f3n.<\/span><\/p>\n<p style=\"margin-left:32px\"><span style=\"font-family: Calibri;font-size: 16px\">- Proporciona el nivel de viscosidad necesario para las raciones.<\/span><\/p>\n<p style=\"margin-left:32px\"><span style=\"font-family: Calibri;font-size: 16px\">- Indicador de nivel de mezcla y alarma. Cuando el indicador luminoso de mezcla agotada parpadea, la m\u00e1quina se apaga autom\u00e1ticamente para evitar da\u00f1os.<\/span><\/p>\n<p><span style=\"font-size: 16px;font-family: arial, helvetica, sans-serif\">Modo de espera: Durante largos periodos sin uso, la funci\u00f3n de espera mantiene temperaturas seguras del producto en la tolva de mezcla y el cilindro de congelaci\u00f3n.<\/span><\/p>\n<p><span style=\"font-size: 16px;font-family: arial, helvetica, sans-serif\">Funci\u00f3n de protecci\u00f3n de la presi\u00f3n del sistema de refrigeraci\u00f3n.<\/span><\/p>\n<p><span style=\"font-family: arial, helvetica, sans-serif\"><span style=\"font-family: Calibri;font-size: 16px\">Su construcci\u00f3n duradera con cubierta de acero inoxidable hace que sea moderno y<\/span><span style=\"font-family: \u5b8b\u4f53;font-size: 16px\">&nbsp;<\/span><span style=\"font-family: Calibri;font-size: 16px\">lujosa apariencia exterior.<\/span><\/span><\/p>\n<p><span style=\"font-size: 16px;font-family: arial, helvetica, sans-serif\">Funciones: <\/span><\/p>\n<p><span style=\"font-family: Calibri;font-size: 16px\">El sistema de preenfriamiento mantiene la mezcla por debajo de 5\u00b0C durante los modos autom\u00e1tico y de espera. La bomba de aire suministra la mezcla con cierta cantidad de aire a los cilindros de congelaci\u00f3n. <\/span><\/p>\n<p><span style=\"font-size: 16px;font-family: arial, helvetica, sans-serif\">El mezclador mantiene la uniformidad de la mezcla en las tolvas. *El contador permite al operador ver el n\u00famero de raciones dispensadas.<\/span><\/p>\n<p><span style=\"font-size: 16px;font-family: arial, helvetica, sans-serif\">Ruido ultrasilencioso de 50-55 decibelios.<\/span><\/p>\n<\/div>\n<\/div>\n<p>&nbsp; &nbsp; &nbsp; &nbsp; &nbsp; &nbsp;<\/p><\/div>\n<\/div>\n<\/div>\n<h2><span style=\"font-size: 24px;font-family: arial, helvetica, sans-serif\"><strong><span style=\"font-size: 24px;letter-spacing: 0px\"><a name=\"Product Specification\"><\/a>Especificaci\u00f3n del producto<\/span><\/strong><\/span><strong><span style=\"font-family: \u5b8b\u4f53;letter-spacing: 0;font-size: 18px\"> <\/span><\/strong><\/h2>\n<p><span style=\"letter-spacing: 0px;font-size: 16px;font-family: arial, helvetica, sans-serif\">Hommy tiene m\u00e1s m\u00e1quina suave del helado para que usted elija, usted puede basar en su requiere elegir la m\u00e1quina del helado que basan en diversa capacidad y la funci\u00f3n. nuestro sistema de enfriamiento de la m\u00e1quina es muy fuerte que puede el helado y el yogur congelado, usted pone solamente diverso material dentro de eso ser\u00e1 aceptable, la m\u00e1quina utiliza corriente y temperatura para ajustar autom\u00e1ticamente el sistema interno. Cuando la pruebe, le gustar\u00e1 esta m\u00e1quina.&nbsp;<\/span><\/p>\n<p><span style=\"font-family: \u5b8b\u4f53;letter-spacing: 0;font-size: 16px\"><br \/><\/span><\/p>\n<p><span style=\"font-family: \u5b8b\u4f53;letter-spacing: 0;font-size: 16px\"><br \/><\/span><\/p>\n<p style=\"text-align: center\"><span style=\"font-family: \u5b8b\u4f53;letter-spacing: 0;font-size: 16px\"><img decoding=\"async\" src=\"https:\/\/www.hommy.com\/wp-content\/uploads\/16004936024783.png\" alt=\"producto-HM712 m\u00e1quina de helados soft serve-Hommy-img\" title=\"\"><\/span><\/p>\n<p><span style=\"font-family: \u5b8b\u4f53;letter-spacing: 0;font-size: 16px\"><\/span><\/p>\n<p><strong><span style=\"font-family: \u5b8b\u4f53;letter-spacing: 0;font-size: 18px\"><br \/><\/span><\/strong><\/p>\n<p><strong><span style=\"font-family: \u5b8b\u4f53;letter-spacing: 0;font-size: 18px\"><br \/><\/span><\/strong><\/p>\n<h2><span style=\"font-family: arial, helvetica, sans-serif;font-size: 24px\"><strong><span style=\"font-family: arial, helvetica, sans-serif;letter-spacing: 0px\"><a name=\"Product Advantage\"><\/a>Ventajas del producto<\/span><\/strong><\/span><strong><span style=\"font-family: \u5b8b\u4f53;letter-spacing: 0;font-size: 18px\"> &nbsp;&nbsp;&nbsp;&nbsp;&nbsp;&nbsp;<\/span><\/strong><strong><span style=\"font-family: \u5b8b\u4f53;letter-spacing: 0;font-size: 18px\">&nbsp;<\/span><\/strong><\/h2>\n<p><span style=\"font-family: Helvetica;letter-spacing: 0;font-size: 16px\">Hommy han producir m\u00e1quina de helados durante 20 a\u00f1os de experiencia, expendedora de m\u00e1quinas de helados a\u00f1adir m\u00e1s funci\u00f3n de helado suave, porque no hay hombre para el servicio todo el tiempo. nos basamos en esta a\u00f1adir m\u00e1s sensores y el uso de software para controlarlo que es de buena calidad y buena funci\u00f3n.<\/span><\/p>\n<p><span style=\"font-family: Helvetica;letter-spacing: 0;font-size: 16px\"><\/span><\/p>\n<div class=\"d-tem01-graphic tem01-graphic mockup\" data-detail=\"wrap\">\n<div class=\"cont-section clearfix d-clearfix\">\n<div class=\"col-md-6 col-sm-6 col-xs-6\">\n<div class=\"right-p\">\n<div class=\"h2 heading\">\n<p style=\"margin-bottom:13px;margin-left:0;text-indent:0\"><span style=\"font-family: Helvetica;letter-spacing: 0;font-weight: bold;font-size: 18px\">1.&nbsp;<\/span><strong><span style=\"font-family: Helvetica;letter-spacing: 0;font-size: 18px\">Tubo de expansi\u00f3n<\/span><\/strong><\/p>\n<p><span style=\"font-family: \u5b8b\u4f53;font-size: 16px;letter-spacing: 0px\">La funci\u00f3n del tubo de expansi\u00f3n es soplar aire en el cilindro y mezclar con el helado para aumentar la tasa de expansi\u00f3n del helado, que es m\u00e1s suave y m\u00e1s delicioso cuando se come. La tasa de expansi\u00f3n del tubo de expansi\u00f3n es 30%-45%, y tiene tres agujeros diferentes para que los clientes puedan ajustar la cantidad de entrada de aire, que es conveniente para limpiar y f\u00e1cil de operar.<\/span><\/p>\n<p><span style=\"font-family: \u5b8b\u4f53;font-size: 16px;letter-spacing: 0px\"><br \/><\/span><\/p>\n<p><span style=\"font-family: \u5b8b\u4f53;font-size: 16px;letter-spacing: 0px\"><br \/><\/span><\/p>\n<\/div>\n<\/div>\n<div class=\"graphic_pic animated wow bounceIn\" data-wow-delay=\".7s\">\n<p style=\"text-align:center\"><img loading=\"lazy\" decoding=\"async\" src=\"https:\/\/www.hommy.com\/wp-content\/uploads\/16004952538494.jpg\" alt=\"producto-Hommy-img\" title=\"\" width=\"250\" height=\"467\" border=\"0\" vspace=\"0\" style=\"width: 250px;height: 467px\"><\/p>\n<\/div>\n<\/div>\n<div class=\"col-md-6 col-sm-6 col-xs-6\">\n<div class=\"right-p\">\n<div class=\"h2 heading\">\n<p><span style=\"font-family: Helvetica;letter-spacing: 0;font-size: 22px\">2. Deje el sensor<\/span><\/p>\n<p><span><span style=\"font-family: \u5b8b\u4f53;letter-spacing: 0px;font-size: 16px\">Dejar sensor tienen&nbsp;<\/span><span style=\"font-family: Calibri;letter-spacing: 0px;font-size: 16px\">Segunda etapa, la primera etapa de alarma de nivel de material faltante, la segunda etapa de apagado autom\u00e1tico.<\/span><span style=\"font-family: \u5b8b\u4f53;letter-spacing: 0px;font-size: 16px\">&nbsp;Cuando reciba el primer mensaje, tiene un tiempo para a\u00f1adir material, no es necesario que la m\u00e1quina se detenga para trabajar.<\/span><\/span><\/p>\n<\/div>\n<\/div>\n<p style=\"text-align: center\"><\/p>\n<p><\/p>\n<p><\/p>\n<div class=\"graphic_pic animated wow bounceIn\" data-wow-delay=\".7s\" style=\"text-align: center\"><img loading=\"lazy\" decoding=\"async\" src=\"https:\/\/www.hommy.com\/wp-content\/uploads\/16004952155205.jpg\" alt=\"producto-Hommy-img\" title=\"\" width=\"300\" height=\"250\" border=\"0\" vspace=\"0\" style=\"width: 300px;height: 250px\"><br \/>\n &nbsp; &nbsp; &nbsp; &nbsp; &nbsp; &nbsp;<\/div>\n<\/div>\n<\/div>\n<\/div>\n<div class=\"d-tem01-graphic tem01-graphic mockup\" data-detail=\"wrap\">\n<div class=\"cont-section clearfix d-clearfix\">\n<div class=\"col-md-6 col-sm-6 col-xs-6\">\n<div class=\"right-p\">\n<div class=\"h2 heading\">\n<p><span style=\"font-family: Helvetica;letter-spacing: 0;font-size: 22px\">3. Controlador<\/span><\/p>\n<\/div>\n<p><span style=\"font-family: \u5b8b\u4f53;font-size: 16px;letter-spacing: 0px\">El panel de control muestra claramente las funciones internas de la m\u00e1quina. Al mismo tiempo, la m\u00e1quina tambi\u00e9n recuerda la funci\u00f3n de limpieza, a\u00f1adiendo funciones m\u00e1s humanizadas, tambi\u00e9n somos bienvenidos a hacer OEM.<\/span><\/p>\n<p><span style=\"font-family: \u5b8b\u4f53;font-size: 16px;letter-spacing: 0px\"><br \/><\/span><\/p>\n<p><span style=\"font-family: \u5b8b\u4f53;font-size: 16px;letter-spacing: 0px\"><br \/><\/span><\/p>\n<p><span style=\"font-family: \u5b8b\u4f53;font-size: 16px;letter-spacing: 0px\"><br \/><\/span><\/p>\n<\/div>\n<div class=\"graphic_pic animated wow bounceIn\" data-wow-delay=\".7s\">\n<p style=\"text-align:center\"><img loading=\"lazy\" decoding=\"async\" src=\"https:\/\/www.hommy.com\/wp-content\/uploads\/16004951735270.jpg\" alt=\"producto-Hommy-HM712 m\u00e1quina de helados soft serve-img\" title=\"\" width=\"350\" height=\"214\" border=\"0\" vspace=\"0\" style=\"width: 350px;height: 214px\"><\/p>\n<\/div>\n<\/div>\n<div class=\"col-md-6 col-sm-6 col-xs-6\">\n<div class=\"right-p\">\n<div class=\"h2 heading\"><span style=\"letter-spacing: 0px\">4. Mezclador en tolva<\/span><\/div>\n<div class=\"description\">\n<p><span style=\"font-family: \u5b8b\u4f53;letter-spacing: 0;font-size: 16px\">Mezcla uniforme. Mezclador de alta velocidad en hooper mantiene el material que fluye en la tolva en caso de helado. El helado ser\u00e1 m\u00e1s suave despu\u00e9s de mezclar completamente con aire.&nbsp;&nbsp;<\/span><\/p>\n<\/div>\n<\/div>\n<p style=\"text-align:center\"><\/p>\n<p><\/p>\n<p><\/p>\n<p style=\"text-align:center\"><img loading=\"lazy\" decoding=\"async\" src=\"https:\/\/www.hommy.com\/wp-content\/uploads\/16004951354709.jpg\" alt=\"producto-Hommy-img\" title=\"\" width=\"300\" height=\"250\" border=\"0\" vspace=\"0\" style=\"width: 300px;height: 250px\"><\/p>\n<p>&nbsp; &nbsp; &nbsp; &nbsp; &nbsp; &nbsp;<\/p>\n<\/div>\n<\/div>\n<\/div>\n<div class=\"d-tem01-graphic tem01-graphic mockup\" data-detail=\"wrap\">\n<div class=\"cont-section clearfix d-clearfix\">\n<div class=\"col-md-6 col-sm-6 col-xs-6\">\n<div class=\"right-p\">\n<div class=\"h2 heading\">5. Accesorios opcionales escape&nbsp;<\/div>\n<p><span style=\"font-family: \u5b8b\u4f53;font-size: 16px;letter-spacing: 0px\">Instalar correctamente la m\u00e1quina de helados. La distancia entre el conducto de escape detr\u00e1s de la m\u00e1quina y la pared es de 1 metro para la ventilaci\u00f3n, pero de hecho, es imposible lograr esta situaci\u00f3n en nuestro lugar de almacenamiento. Hommy dise\u00f1ado un nuevo conducto de escape para el uso diario para extraer el aire caliente. En la parte superior, puede satisfacer m\u00e1s lugares sin ocupar espacio.<\/span><\/p>\n<p><span style=\"font-family: \u5b8b\u4f53;font-size: 16px;letter-spacing: 0px\"><br \/><\/span><\/p>\n<p><span style=\"font-family: \u5b8b\u4f53;font-size: 16px;letter-spacing: 0px\"><br \/><\/span><\/p>\n<\/div>\n<div class=\"graphic_pic animated wow bounceIn\" data-wow-delay=\".7s\">\n<p style=\"text-align:center\"><img loading=\"lazy\" decoding=\"async\" src=\"https:\/\/www.hommy.com\/wp-content\/uploads\/16004951077504.jpg\" alt=\"producto-Hommy-img-1\" title=\"\" width=\"300\" height=\"250\" border=\"0\" vspace=\"0\" style=\"width: 300px;height: 250px\"><\/p>\n<\/div>\n<\/div>\n<div class=\"col-md-6 col-sm-6 col-xs-6\">\n<div class=\"right-p\">\n<div class=\"h2 heading\">6. Rearme autom\u00e1tico del manipulador<\/div>\n<div class=\"description\">\n<p style=\"margin-top: 0;margin-right: 0;margin-bottom: 15px\"><span style=\"font-family: \u5b8b\u4f53;letter-spacing: 0;font-size: 16px\">Instale <\/span><span style=\"font-family: \u5b8b\u4f53;letter-spacing: 0;font-size: 16px\">cuando saques el helado ese manipulador se reiniciara automaticamente que puede ahorrarse por dejar caer accidentalmente el helado al suelo.&nbsp;<\/span><\/p>\n<p style=\"margin-top: 0;margin-right: 0;margin-bottom: 15px\"><span style=\"font-family: \u5b8b\u4f53;letter-spacing: 0;font-size: 16px\"><br \/><\/span><\/p>\n<p style=\"margin-top: 0;margin-right: 0;margin-bottom: 15px\"><span style=\"font-family: \u5b8b\u4f53;letter-spacing: 0;font-size: 16px\"><br \/><\/span><\/p>\n<\/div>\n<\/div>\n<div class=\"graphic_pic animated wow bounceIn\" data-wow-delay=\".7s\">\n<p style=\"text-align:center\"><img loading=\"lazy\" decoding=\"async\" src=\"https:\/\/www.hommy.com\/wp-content\/uploads\/16004950696472.jpg\" alt=\"producto-HM712 m\u00e1quina de helados soft serve-Hommy-img-1\" title=\"\" width=\"350\" height=\"562\" border=\"0\" vspace=\"0\" style=\"width: 350px;height: 562px\"><\/p>\n<\/div>\n<\/div>\n<\/div>\n<\/div>\n<p><span style=\"font-family: \u5b8b\u4f53;letter-spacing: 0;font-size: 16px\"><br \/><\/span><\/p>\n<p><\/p>\n<p>Documento:<img decoding=\"async\" src=\"https:\/\/www.hommy.com\/wp-content\/uploads\/icon_pdf-35.gif\" style=\"margin-right: 2px\" alt=\"producto-Hommy-img-1\" title=\"\"><a href=\"https:\/\/img80002414.weyesimg.com\/uploads\/www.hommy.com\/addon\/16027303521680.pdf\" title=\"16027303521680.pdf\" style=\"font-size: 12px\">16027303521680.pdf<\/a><\/p>\n<h2 style=\"font-family: sans-serif\">\u00bfCu\u00e1l es la mejor leche para hacer yogur?&nbsp;<\/h2>\n<p style=\"margin-top: 5px;margin-bottom: 5px;font-family: sans-serif;font-size: 16px\">La mejor leche para el yogur es la leche entera homogeneizada u homogeneizada. La mejor leche para el yogur debe estar homogeneizada u homogeneizada para garantizar que la leche no tenga demasiados grumos ni sea demasiado espesa. Esto es importante para obtener la mejor textura del yogur.<\/p>\n<p style=\"margin-top: 5px;margin-bottom: 5px;font-family: sans-serif;font-size: 16px\"><\/p>\n<h2 style=\"font-family: sans-serif\">\u00bfQu\u00e9 es un profesional? <a style=\"color:blue\" href=\"\/es\/\">heladora<\/a> \u00bfLlamado?<\/h2>\n<p style=\"margin-top: 5px;margin-bottom: 5px;font-family: sans-serif;font-size: 16px\">A un heladero profesional se le llama \"artesano\". El helado de un heladero profesional sabr\u00e1 como el de un artesano: se trata del sabor de los ingredientes.La mayor\u00eda de los heladeros profesionales son de Estados Unidos, aunque tambi\u00e9n hemos encontrado heladeros de China,Astralia, Austria, Francia, Reino Unido, Canad\u00e1, Pa\u00edses Bajos y Suiza.<\/p>\n<p style=\"margin-top: 5px;margin-bottom: 5px;font-family: sans-serif;font-size: 16px\"><\/p>\n<h2 style=\"font-family: sans-serif\">\u00bfEs bueno el yogur helado para adelgazar?<\/h2>\n<p style=\"margin-top: 5px;margin-bottom: 5px;font-family: sans-serif;font-size: 16px\">El yogur helado es bueno para perder peso porque tiene menos grasa que otros postres. Tambi\u00e9n es rico en prote\u00ednas. El yogur helado es un postre c\u00f3modo porque se puede comer en una sola raci\u00f3n.<\/p>\n<\/div><\/div>","protected":false},"excerpt":{"rendered":"<p>&nbsp; &nbsp;&nbsp; 2 flavour+mix soft ice cream machine&nbsp; 2 flavour+mix soft ice cream machine|Product Features|Soft Serve Freezer, Frozen Yogurt Freezer|Product Specification|Product Advantage &nbsp; &nbsp;&nbsp; &nbsp; &nbsp;&nbsp; This Frozen yogurt Ice Cream Machine is made from high grade material and designed as per international quality standards. Our offered machine is used in various restaurants, hotels, fast [&hellip;]<\/p>\n","protected":false},"featured_media":675,"comment_status":"open","ping_status":"open","template":"","meta":{"_swt_meta_header_display":false,"_swt_meta_footer_display":false,"_swt_meta_site_title_display":false,"_swt_meta_sticky_header":false,"_swt_meta_transparent_header":false},"product_brand":[],"product_cat":[80,77],"product_tag":[],"class_list":{"0":"post-684","1":"product","2":"type-product","3":"status-publish","4":"has-post-thumbnail","6":"product_cat-frozen-yogurt-machine","7":"product_cat-ice-cream-machine","9":"first","10":"instock","11":"shipping-taxable","12":"product-type-simple"},"_links":{"self":[{"href":"https:\/\/www.hommy.com\/es\/wp-json\/wp\/v2\/product\/684","targetHints":{"allow":["GET"]}}],"collection":[{"href":"https:\/\/www.hommy.com\/es\/wp-json\/wp\/v2\/product"}],"about":[{"href":"https:\/\/www.hommy.com\/es\/wp-json\/wp\/v2\/types\/product"}],"replies":[{"embeddable":true,"href":"https:\/\/www.hommy.com\/es\/wp-json\/wp\/v2\/comments?post=684"}],"wp:featuredmedia":[{"embeddable":true,"href":"https:\/\/www.hommy.com\/es\/wp-json\/wp\/v2\/media\/675"}],"wp:attachment":[{"href":"https:\/\/www.hommy.com\/es\/wp-json\/wp\/v2\/media?parent=684"}],"wp:term":[{"taxonomy":"product_brand","embeddable":true,"href":"https:\/\/www.hommy.com\/es\/wp-json\/wp\/v2\/product_brand?post=684"},{"taxonomy":"product_cat","embeddable":true,"href":"https:\/\/www.hommy.com\/es\/wp-json\/wp\/v2\/product_cat?post=684"},{"taxonomy":"product_tag","embeddable":true,"href":"https:\/\/www.hommy.com\/es\/wp-json\/wp\/v2\/product_tag?post=684"}],"curies":[{"name":"wp","href":"https:\/\/api.w.org\/{rel}","templated":true}]}}