{"id":674,"date":"2024-07-02T15:24:21","date_gmt":"2024-07-02T15:24:21","guid":{"rendered":"http:\/\/localhost\/hommywp\/hm716-commercial-auto-frozen-yogurt-machine-manufacturer-cost\/"},"modified":"2025-08-01T09:57:38","modified_gmt":"2025-08-01T09:57:38","slug":"hm716-maquina-de-helados-comercial","status":"publish","type":"product","link":"https:\/\/www.hommy.com\/es\/p\/hm716-maquina-de-helados-comercial\/","title":{"rendered":"Hm716 Auto comercial m\u00e1quina de yogur congelado Costo del fabricante"},"content":{"rendered":"<div>\n<p>&nbsp;&nbsp;&nbsp;&nbsp;<\/p>\n<h2 style=\"text-align: center\"><span style=\"font-size: 24px;font-family: arial, helvetica, sans-serif\"><strong><span style=\"font-size: 24px;letter-spacing: 0px\"><a name=\"2 flavour+mix soft ice cream machine\"><\/a>M\u00e1quina de helados blandos 2 sabores+mezcla<\/span><\/strong><\/span><\/h2>\n<p style=\"text-align: center\"><a href=\"#2 flavour+mix soft ice cream machine\" target=\"_self\" data-lv=\"0\" rel=\"noopener\"><span style=\"font-family: arial, helvetica, sans-serif;font-size: 16px\"><span style=\"font-family: arial, helvetica, sans-serif;letter-spacing: 0px\">M\u00e1quina de helados blandos 2 sabores+mezcla<\/span><\/span><\/a><span style=\"font-family: arial, helvetica, sans-serif;font-size: 16px\"><span style=\"font-family: arial, helvetica, sans-serif;letter-spacing: 0px\">|<a href=\"#Product Features\" target=\"_self\" data-lv=\"0\" rel=\"noopener\">Caracter\u00edsticas del producto<\/a>|<a href=\"#Soft Serve Freezer, Frozen Yogurt Freezer\" target=\"_self\" data-lv=\"0\" rel=\"noopener\">Congelador de helados cremosos, Congelador de yogur helado<\/a>|<a href=\"#Product Specification\" target=\"_self\" data-lv=\"0\" rel=\"noopener\">Especificaci\u00f3n del producto<\/a>|<a href=\"#Product Advantage\" target=\"_self\" data-lv=\"0\" rel=\"noopener\">Ventajas del producto<\/a><\/span><\/span><\/p>\n<p><\/p>\n<p style=\"text-align: center\">\n<p style=\"text-align: center\">&nbsp;&nbsp;&nbsp;&nbsp;<\/p>\n<h4><strong><span style=\"font-family: \u5b8b\u4f53;letter-spacing: 0;font-size: 18px\"><\/span><\/strong><\/h4>\n<p>Un comercial <a style=\"color:blue\" href=\"https:\/\/www.hommy.com\/es\/maquina-de-yogur-helado\/\">m\u00e1quina de yogur helado<\/a> es una m\u00e1quina utilizada para hacer yogur helado. El yogur helado es un postre congelado a base de yogur, leche y otros ingredientes. Suele elaborarse en una m\u00e1quina de helado cremoso, que congela el yogur y lo dispensa en un vaso.<\/p>\n<p>Si usted est\u00e1 en el mercado para una m\u00e1quina comercial del yogur congelado, despu\u00e9s usted ha venido al lugar correcto. Nuestra f\u00e1brica se especializa en la venta de estas m\u00e1quinas y estamos seguros de que tenemos el perfecto para usted. Tenemos una amplia variedad de m\u00e1quinas para elegir, por lo que est\u00e1 seguro de encontrar el perfecto para sus necesidades. Tambi\u00e9n ofrecemos una garant\u00eda de satisfacci\u00f3n 100% en todos nuestros productos, por lo que puede estar seguro de que est\u00e1 haciendo una sabia inversi\u00f3n. Estamos seguros de que tenemos la m\u00e1quina perfecta para su negocio, as\u00ed que navegue por nuestra selecci\u00f3n y h\u00e1ganos saber si tiene alguna pregunta. Gracias por considerarnos como su fuente go-to para las m\u00e1quinas comerciales del yogur congelado.<\/p>\n<h4><strong><span style=\"font-family: \u5b8b\u4f53;letter-spacing: 0;font-size: 18px\"><br \/><\/span><\/strong><br \/><\/h4>\n<h2><span style=\"font-family: arial, helvetica, sans-serif;font-size: 24px\"><strong><span style=\"font-family: arial, helvetica, sans-serif;letter-spacing: 0px\"><a name=\"Product Features\"><\/a>Producto <\/span><\/strong><strong><span style=\"font-family: arial, helvetica, sans-serif;letter-spacing: 0px\">Caracter\u00edsticas<\/span><\/strong><\/span><strong><span style=\"font-family: \u5b8b\u4f53;letter-spacing: 0;font-size: 18px\"> <\/span><\/strong><strong><span style=\"font-family: \u5b8b\u4f53;letter-spacing: 0;font-size: 18px\">&nbsp;<\/span><\/strong><\/h2>\n<p style=\"margin-top:0;margin-right:0;margin-bottom:10px;margin-left:0;text-indent:0\"><span style=\"font-family: Helvetica;letter-spacing: 0;font-size: 16px\"><\/span><\/p>\n<p><span style=\"font-family: Helvetica;letter-spacing: 0;font-size: 16px\">Hommy tener m\u00e1s <a style=\"color:blue\" href=\"https:\/\/www.hommy.com\/es\/maquina-de-helados-blandos\/\">m\u00e1quina de helados blandos<\/a> para que usted elija, puede basarse en su necesidad de elegir la m\u00e1quina de helados <\/span><span style=\"font-family: Helvetica;letter-spacing: 0;font-size: 16px\">que se basan en diferentes capacidades y funciones . nuestro sistema de refrigeraci\u00f3n de la m\u00e1quina es muy fuerte que puede helados y yogures congelados , s\u00f3lo hay que poner material diferente en el interior que va a estar bien , El <a style=\"color:blue\" href=\"https:\/\/www.hommy.com\/es\/maquina-de-helados\/\">m\u00e1quina de helados cremosos<\/a> utiliza la corriente y la temperatura para ajustar autom\u00e1ticamente el sistema interno. <\/span><span style=\"font-family: Helvetica;letter-spacing: 0;font-size: 16px\">W<\/span><span style=\"font-family: Helvetica;letter-spacing: 0;font-size: 16px\">uando la pruebes, te gustar\u00e1 esta m\u00e1quina.&nbsp;<\/span><\/p>\n<p><span style=\"font-family: Helvetica;letter-spacing: 0;font-size: 16px\"><\/span><\/p>\n<div class=\"d-tem01-graphic tem01-graphic mockup\" data-detail=\"wrap\">\n<div class=\"cont-section clearfix d-clearfix\">\n<div class=\"col-md-6 col-sm-6 col-xs-6\"><\/p>\n<div class=\"graphic_pic animated wow bounceIn\" data-wow-delay=\".7s\"><img decoding=\"async\" src=\"https:\/\/www.hommy.com\/wp-content\/uploads\/16004108937389.jpg\" alt=\"producto-Hommy-HM716 m\u00e1quina comercial de helados-img\" title=\"\"><br \/>\n &nbsp; &nbsp; &nbsp; &nbsp; &nbsp; &nbsp;<\/div>\n<\/div>\n<div class=\"col-md-6 col-sm-6 col-xs-6\">\n<div class=\"right-p\">\n<div class=\"h2 heading\"><span style=\"font-family: \u5b8b\u4f53;letter-spacing: 0px;font-size: 16px\"><\/span><\/p>\n<h2 style=\", Helvetica, Arial, sans-serif\"><span style=\"font-family: arial, helvetica, sans-serif;font-size: 24px\"><strong><a name=\"Soft Serve Freezer, Frozen Yogurt Freezer\"><\/a>Congelador de helados cremosos, Congelador de yogur helado<\/strong><\/span><\/h2>\n<p><span style=\"font-family:Calibri;font-size:16px\">Twin Twist, Preenfriamiento, Mezclador, Mostrador, Ultra silencioso<\/span><\/p>\n<p><span style=\"font-family:\u5b8b\u4f53;font-size:16px\">Caracter\u00edsticas<\/span><\/p>\n<p><span style=\"font-family:Calibri;font-size:16px\">Oferta de productos: Ofrezca todas las variantes populares de helados cremosos y yogur helado desnatado o desnatado.<\/span><\/p>\n<p><span style=\"font-family:Calibri;font-size:16px\">Sabor: Sirve dos sabores separados y uno girado.<\/span><\/p>\n<p><span style=\"font-family:Calibri;font-size:16px\">Tolva de mezcla: Dos de 13 litros de capacidad (13.7quart, 3.43gallons)<\/span><\/p>\n<p><span style=\"font-family:Calibri;font-size:16px\">Cilindro de congelaci\u00f3n: Dos de 1,8 litros de capacidad 1.63quart, 0.48gallons)<\/span><\/p>\n<p><span style=\"font-family:Calibri;font-size:16px\">Control por pantalla t\u00e1ctil:<\/span><\/p>\n<p style=\"margin-left:32px\"><span style=\"font-family:Calibri;font-size:16px\">-&nbsp;<\/span><span style=\"font-family:Calibri;font-size:16px\">El sistema de control t\u00e1ctil por microprocesador est\u00e1 integrado en un resistente panel de cristal templado.<\/span><\/p>\n<p style=\"margin-left:32px\"><span style=\"font-family:Calibri;font-size:16px\">-&nbsp;<\/span><span style=\"font-family:Calibri;font-size:16px\">Las temperaturas de las tolvas o de los cilindros de congelaci\u00f3n pueden visualizarse en cualquier punto de la operaci\u00f3n.<\/span><\/p>\n<p style=\"margin-left:32px\"><span style=\"font-family:Calibri;font-size:16px\">-&nbsp;<\/span><span style=\"font-family:Calibri;font-size:16px\">Proporciona el nivel de viscosidad necesario para las raciones.<\/span><\/p>\n<p style=\"margin-left:32px\"><span style=\"font-family:Calibri;font-size:16px\">-&nbsp;<\/span><span style=\"font-family:Calibri;font-size:16px\">Indicador de nivel de mezcla y alarma. Cuando el indicador luminoso de mezcla agotada parpadea, la m\u00e1quina se apaga autom\u00e1ticamente para evitar da\u00f1os.<\/span><\/p>\n<p><span style=\"font-family:Calibri;font-size:16px\">Modo de espera: Durante largos periodos sin uso, la funci\u00f3n de espera mantiene temperaturas seguras del producto en la tolva de mezcla y el cilindro de congelaci\u00f3n.<\/span><\/p>\n<p><span style=\"font-family:Calibri;font-size:16px\">Funci\u00f3n de protecci\u00f3n de la presi\u00f3n del sistema de refrigeraci\u00f3n.<\/span><\/p>\n<p><span style=\"font-family:Calibri;font-size:16px\">Su construcci\u00f3n duradera con cubierta de acero inoxidable hace que sea moderno y<\/span><span style=\"font-family:\u5b8b\u4f53;font-size:16px\">&nbsp;<\/span><span style=\"font-family:Calibri;font-size:16px\">lujosa apariencia exterior.<\/span><\/p>\n<p><span style=\"font-family:Calibri;font-size:16px\">Funciones: <\/span><\/p>\n<p><span style=\"font-family: Calibri;font-size: 16px\">El sistema de preenfriamiento mantiene la mezcla por debajo de 5\u00b0C durante los modos autom\u00e1tico y de espera. La bomba de aire suministra la mezcla con cierta cantidad de aire <\/span><span style=\"font-family:Calibri;font-size:16px\">a los cilindros de congelaci\u00f3n. <\/span><\/p>\n<p><span style=\"font-family:Calibri;font-size:16px\">El mezclador mantiene la uniformidad de la mezcla en las tolvas. *El contador permite al operador ver el n\u00famero de raciones dispensadas.<\/span><\/p>\n<p><span style=\"font-family:Calibri;font-size:16px\">Ruido ultrasilencioso de 50-55 decibelios.<\/span><span style=\"font-size: 14px;font-family: inherit\">&nbsp; &nbsp; &nbsp; &nbsp;<\/span><\/p>\n<\/div>\n<\/div>\n<\/div>\n<\/div>\n<\/div>\n<p><span style=\"font-family: Helvetica;letter-spacing: 0;font-size: 16px\"><\/span><\/p>\n<h2><span style=\"font-family: arial, helvetica, sans-serif;font-size: 24px\"><strong><span style=\"font-family: arial, helvetica, sans-serif;letter-spacing: 0px\"><a name=\"Product Specification\"><\/a>Especificaci\u00f3n del producto<\/span><\/strong><\/span><strong><span style=\"font-family: \u5b8b\u4f53;letter-spacing: 0;font-size: 18px\"> <\/span><\/strong><\/h2>\n<p><span style=\"font-family: Helvetica;letter-spacing: 0;font-size: 16px\">Hommy tener m\u00e1s suave <a style=\"color:blue\" href=\"\/es\/\">m\u00e1quina de helados<\/a> para que usted elija, puede basarse en su necesidad de elegir la m\u00e1quina de helados <\/span><span style=\"font-family: Helvetica;letter-spacing: 0;font-size: 16px\">Nuestro sistema de refrigeraci\u00f3n de la m\u00e1quina es muy fuerte que puede helado y yogur congelado, s\u00f3lo hay que poner material diferente en el interior que va a estar bien, la m\u00e1quina soft serve utiliza la corriente y la temperatura para ajustar autom\u00e1ticamente el sistema interno. <\/span><span style=\"font-family: Helvetica;letter-spacing: 0;font-size: 16px\">W<\/span><span style=\"font-family: Helvetica;letter-spacing: 0;font-size: 16px\">uando la pruebes, te gustar\u00e1 esta m\u00e1quina.&nbsp;<\/span><\/p>\n<p><span style=\"font-family: Helvetica;letter-spacing: 0;font-size: 16px\"><br \/><\/span><\/p>\n<p style=\"text-align:center\"><img decoding=\"async\" src=\"https:\/\/www.hommy.com\/wp-content\/uploads\/16004104919672.png\" alt=\"producto-Hommy-img\" title=\"\"><\/p>\n<p><strong><span style=\"font-family: \u5b8b\u4f53;letter-spacing: 0;font-size: 18px\"><br \/><\/span><\/strong><\/p>\n<h2><span style=\"font-family: arial, helvetica, sans-serif;font-size: 24px\"><strong><span style=\"font-family: arial, helvetica, sans-serif;letter-spacing: 0px\"><a name=\"Product Advantage\"><\/a>Ventajas del producto<\/span><\/strong><\/span><strong><span style=\"font-family: \u5b8b\u4f53;letter-spacing: 0;font-size: 18px\"> &nbsp;&nbsp;&nbsp;&nbsp;&nbsp;&nbsp;<\/span><\/strong><\/h2>\n<p><span style=\"font-family: Helvetica;letter-spacing: 0;font-size: 16px\">Hommy han producir m\u00e1quina de helados durante 20 a\u00f1os de experiencia, expendedora de m\u00e1quinas de helados a\u00f1adir m\u00e1s funci\u00f3n de helado suave, porque no hay hombre para el servicio todo el tiempo. nos basamos en esta a\u00f1adir m\u00e1s sensores y el uso de software para controlarlo que es de buena calidad y buena funci\u00f3n.<\/span><\/p>\n<p><span style=\"font-family: Helvetica;letter-spacing: 0;font-size: 16px\"><\/span><\/p>\n<div class=\"d-tem01-graphic tem01-graphic mockup\" data-detail=\"wrap\">\n<div class=\"cont-section clearfix d-clearfix\">\n<div class=\"col-md-6 col-sm-6 col-xs-6\">\n<div class=\"right-p\">\n<div class=\"h2 heading\">\n<div class=\"h2 heading\" style=\", Helvetica, Arial, sans-serif;margin: 0px 0px 15px;font-size: 22px\"><span style=\"font-family: Helvetica;letter-spacing: 0px;font-weight: bold;font-size: 18px\">1.&nbsp;<\/span><strong style=\"font-family: inherit\"><span style=\"font-family: Helvetica;letter-spacing: 0px;font-size: 18px\">Tubo de expansi\u00f3n<\/span><\/strong><\/div>\n<div class=\"description\" style=\"line-height: 24.5px;padding-top: 10px\"><span style=\"font-family: \u5b8b\u4f53;font-size: 16px;letter-spacing: 0px\">La funci\u00f3n del tubo de expansi\u00f3n es soplar aire en el cilindro y mezclar con el helado para aumentar la tasa de expansi\u00f3n del helado, que es m\u00e1s suave y m\u00e1s delicioso cuando se come. La tasa de expansi\u00f3n del tubo de expansi\u00f3n es 30%-45%, y tiene tres agujeros diferentes para que los clientes puedan ajustar la cantidad de entrada de aire, que es conveniente para limpiar y f\u00e1cil de operar.<\/span><\/div>\n<\/div>\n<\/div>\n<div class=\"graphic_pic animated wow bounceIn\" data-wow-delay=\".7s\">\n<p style=\"text-align:center\"><img loading=\"lazy\" decoding=\"async\" src=\"https:\/\/www.hommy.com\/wp-content\/uploads\/16004115364443.jpg\" alt=\"producto-HM716 m\u00e1quina comercial de helados-Hommy-img\" title=\"\" width=\"300\" height=\"438\" border=\"0\" vspace=\"0\" style=\"width: 300px;height: 438px\"><\/p>\n<\/div>\n<\/div>\n<div class=\"col-md-6 col-sm-6 col-xs-6\">\n<div class=\"right-p\">\n<div class=\"h2 heading\">\n<div class=\"h2 heading\" style=\", Helvetica, Arial, sans-serif;margin: 0px 0px 15px;font-size: 22px\">2.&nbsp;<span style=\"font-family: Helvetica;letter-spacing: 0px\">Dejar sensor<\/span><\/div>\n<p style=\"line-height: 24.5px;padding-top: 10px\"><span style=\"font-family: \u5b8b\u4f53;letter-spacing: 0px;font-size: 16px\">Dejar sensor tienen&nbsp;<\/span><span style=\"font-family: Calibri;letter-spacing: 0px;font-size: 16px\">Segunda etapa, la primera etapa de alarma de nivel de material faltante, la segunda etapa de apagado autom\u00e1tico.<\/span><span style=\"font-family: \u5b8b\u4f53;letter-spacing: 0px;font-size: 16px\">&nbsp;Cuando reciba el primer mensaje, tiene un tiempo para a\u00f1adir material, no es necesario que la m\u00e1quina se detenga para trabajar.<\/span><\/p>\n<p style=\"line-height: 24.5px;padding-top: 10px\"><span style=\"font-family: \u5b8b\u4f53;letter-spacing: 0px;font-size: 16px\"><br \/><\/span><\/p>\n<\/div>\n<\/div>\n<div class=\"graphic_pic animated wow bounceIn\" data-wow-delay=\".7s\">\n<p style=\"text-align:center\"><img loading=\"lazy\" decoding=\"async\" src=\"https:\/\/www.hommy.com\/wp-content\/uploads\/16004115082069.jpg\" alt=\"producto-Hommy-img\" title=\"\" width=\"300\" height=\"438\" border=\"0\" vspace=\"0\" style=\"width: 300px;height: 438px\"><\/p>\n<\/div>\n<\/div>\n<\/div>\n<\/div>\n<div class=\"d-tem01-graphic tem01-graphic mockup\" data-detail=\"wrap\">\n<div class=\"cont-section clearfix d-clearfix\">\n<div class=\"col-md-6 col-sm-6 col-xs-6\">\n<div class=\"right-p\">\n<div class=\"h2 heading\">\n<p><span style=\"font-family: Helvetica;letter-spacing: 0;font-size: 22px\">3.Controlador<\/span><\/p>\n<\/div>\n<p><span style=\"font-family: \u5b8b\u4f53;font-size: 16px;letter-spacing: 0px\">El panel de control muestra claramente las funciones internas de la m\u00e1quina. Al mismo tiempo, la m\u00e1quina tambi\u00e9n recuerda la funci\u00f3n de limpieza, a\u00f1adiendo funciones m\u00e1s humanizadas, tambi\u00e9n somos bienvenidos a hacer OEM.<\/span><\/p>\n<p><span style=\"font-family: \u5b8b\u4f53;font-size: 16px;letter-spacing: 0px\"><br \/><\/span><\/p>\n<p><span style=\"font-family: \u5b8b\u4f53;font-size: 16px;letter-spacing: 0px\"><br \/><\/span><\/p>\n<\/div>\n<div class=\"graphic_pic animated wow bounceIn\" data-wow-delay=\".7s\">\n<p style=\"text-align:center\"><img loading=\"lazy\" decoding=\"async\" src=\"https:\/\/www.hommy.com\/wp-content\/uploads\/16004116331576.jpg\" alt=\"producto-Hommy-img\" title=\"\" width=\"400\" height=\"214\" border=\"0\" vspace=\"0\" style=\"height: 214px;text-align: center;width: 400px\"><\/p>\n<\/div>\n<\/div>\n<div class=\"col-md-6 col-sm-6 col-xs-6\">\n<div class=\"right-p\">\n<div class=\"h2 heading\">\n<p style=\"margin: 0 0 15px;text-indent: 0\"><span style=\"letter-spacing: 0px;font-size: 22px\">4.Mezclador en tolva<\/span><span style=\"font-family: \u5b8b\u4f53;letter-spacing: 0;font-size: 22px\">&nbsp;<\/span><\/p>\n<\/div>\n<p><span style=\"font-family: \u5b8b\u4f53;font-size: 16px;letter-spacing: 0px\">Mezcla uniforme. Mezclador de alta velocidad en hooper mantiene el material que fluye en la tolva en caso de helado. El helado ser\u00e1 m\u00e1s suave despu\u00e9s de mezclar completamente con aire.<\/span><\/p>\n<p><span style=\"font-family: \u5b8b\u4f53;font-size: 16px;letter-spacing: 0px\"><br \/><\/span><\/p>\n<p><span style=\"font-family: \u5b8b\u4f53;font-size: 16px;letter-spacing: 0px\"><br \/><\/span><\/p>\n<p><\/p>\n<\/div>\n<div class=\"graphic_pic animated wow bounceIn\" data-wow-delay=\".7s\">\n<p style=\"text-align:center\"><img loading=\"lazy\" decoding=\"async\" src=\"https:\/\/www.hommy.com\/wp-content\/uploads\/16004845644979.jpg\" alt=\"producto-Hommy-img\" title=\"\" width=\"250\" height=\"438\" border=\"0\" vspace=\"0\" style=\"width: 250px;height: 438px\"><\/p>\n<\/div>\n<\/div>\n<\/div>\n<\/div>\n<div class=\"d-tem01-graphic tem01-graphic mockup\" data-detail=\"wrap\">\n<div class=\"cont-section clearfix d-clearfix\">\n<div class=\"col-md-6 col-sm-6 col-xs-6\">\n<div class=\"right-p\">\n<div class=\"h2 heading\">5.Accesorios opcionales escape<\/div>\n<p><span style=\"font-family: \u5b8b\u4f53;font-size: 16px;letter-spacing: 0px\">Instalar correctamente la m\u00e1quina de helados. La distancia entre el conducto de escape detr\u00e1s de la m\u00e1quina y la pared es de 1 metro para la ventilaci\u00f3n, pero de hecho, es imposible lograr esta situaci\u00f3n en nuestro lugar de almacenamiento. Hommy dise\u00f1ado un nuevo conducto de escape para el uso diario para extraer el aire caliente. En la parte superior, puede satisfacer m\u00e1s lugares sin ocupar espacio.<\/span><\/p>\n<p><span style=\"font-family: \u5b8b\u4f53;font-size: 16px;letter-spacing: 0px\"><br \/><\/span><\/p>\n<p><span style=\"font-family: \u5b8b\u4f53;font-size: 16px;letter-spacing: 0px\"><br \/><\/span><\/p>\n<p><span style=\"font-family: \u5b8b\u4f53;font-size: 16px;letter-spacing: 0px\"><br \/><\/span><\/p>\n<\/div>\n<div class=\"graphic_pic animated wow bounceIn\" data-wow-delay=\".7s\">\n<p style=\"text-align:center\"><img decoding=\"async\" src=\"https:\/\/www.hommy.com\/wp-content\/uploads\/16004849602733.jpg\" alt=\"producto-Hommy-HM716 m\u00e1quina de helados comercial-img-1\" title=\"\"><\/p>\n<\/div>\n<\/div>\n<div class=\"col-md-6 col-sm-6 col-xs-6\">\n<div class=\"right-p\">\n<div class=\"h2 heading\">6.Restablecimiento autom\u00e1tico del manipulador<\/div>\n<div class=\"description\">\n<p style=\"margin-top: 0;margin-right: 0;margin-bottom: 15px\"><span style=\"font-family: \u5b8b\u4f53;letter-spacing: 0;font-size: 16px\">Instale <\/span><span style=\"font-family: \u5b8b\u4f53;letter-spacing: 0;font-size: 16px\">cuando saques el helado ese manipulador se reiniciara automaticamente que puede ahorrarse por dejar caer accidentalmente el helado al suelo.<\/span><\/p>\n<p style=\"margin-top: 0;margin-right: 0;margin-bottom: 15px\"><span style=\"font-family: \u5b8b\u4f53;letter-spacing: 0;font-size: 16px\"><br \/><\/span><\/p>\n<p style=\"margin-top: 0;margin-right: 0;margin-bottom: 15px\"><span style=\"font-family: \u5b8b\u4f53;letter-spacing: 0;font-size: 16px\"><br \/><\/span><\/p>\n<p style=\"margin-top: 0;margin-right: 0;margin-bottom: 15px\"><span style=\"font-family: \u5b8b\u4f53;letter-spacing: 0;font-size: 16px\">&nbsp;<\/span><\/p>\n<\/div>\n<\/div>\n<div class=\"graphic_pic animated wow bounceIn\" data-wow-delay=\".7s\">\n<p style=\"text-align:center\"><img loading=\"lazy\" decoding=\"async\" src=\"https:\/\/www.hommy.com\/wp-content\/uploads\/16004849914760.jpg\" alt=\"producto-Hommy-img-1\" title=\"\" width=\"350\" height=\"562\" border=\"0\" vspace=\"0\" style=\"width: 350px;height: 562px\"><\/p>\n<\/div>\n<\/div>\n<\/div>\n<\/div>\n<p><\/p>\n<p><\/p>\n<p>Documento\uff1a<img decoding=\"async\" src=\"https:\/\/www.hommy.com\/wp-content\/uploads\/icon_pdf-34.gif\" style=\"margin-right: 2px\" alt=\"producto-HM716 m\u00e1quina comercial de helados-Hommy-img-1\" title=\"\"><a href=\"https:\/\/img80002414.weyesimg.com\/uploads\/www.hommy.com\/addon\/16027399365015.pdf\" title=\"16027399365015.pdf\" style=\"font-size: 12px\">16027399365015.pdf<\/a><\/p>\n<h2>\u00bfC\u00f3mo puedo conseguir una franquicia Starbucks?<\/h2>\n<p style=\"margin-top: 5px;margin-bottom: 5px\">Starbucks es una cadena mundial de cafeter\u00edas que tiene franquicias en muchos pa\u00edses. La empresa tiene un modelo de negocio \u00fanico que le ha permitido expandirse con rapidez y \u00e9xito por todo el mundo. En esta gu\u00eda te contamos c\u00f3mo conseguir una franquicia Starbucks.\u00bfCu\u00e1les son las principales ventajas de una franquicia Starbucks? Tener una franquicia Starbucks tiene muchas ventajas. Ganar\u00e1s dinero vendiendo caf\u00e9, espresso, t\u00e9 y otras bebidas. Tambi\u00e9n podr\u00e1 utilizar el nombre de la marca para crear su propio negocio. Starbucks tiene un modelo de negocio \u00fanico que lo diferencia de los dem\u00e1s.<\/p>\n<p style=\"margin-top: 5px;margin-bottom: 5px\"><\/p>\n<h2>\u00bfCu\u00e1nto tiempo hay que meter el yogur en el congelador para hacer yogur helado?<\/h2>\n<p style=\"margin-top: 5px;margin-bottom: 5px\">Para hacer yogur helado, simplemente a\u00f1ade tu yogur favorito al congelador y s\u00e1calo cuando est\u00e9 s\u00f3lido. Nosotros utilizamos el tipo supercremoso porque ya tiene la consistencia y la temperatura perfectas.La cantidad de tiempo var\u00eda en funci\u00f3n de lo espeso que sea el yogur.<\/p>\n<p style=\"margin-top: 5px;margin-bottom: 5px\"><\/p>\n<h2>\u00bfQu\u00e9 puedo hacer con el yogur que est\u00e1 a punto de caducar?<\/h2>\n<p style=\"margin-top: 5px;margin-bottom: 5px\">Si no puedes utilizarla en unos d\u00edas, t\u00edrala y util\u00edzala para hacer una levadura madre, o cong\u00e9lala y util\u00edzala para hacer k\u00e9fir de leche.<\/p>\n<\/div><\/div>","protected":false},"excerpt":{"rendered":"<p>&nbsp;&nbsp;&nbsp;&nbsp; 2 flavour+mix soft ice cream machine 2 flavour+mix soft ice cream machine|Product Features|Soft Serve Freezer, Frozen Yogurt Freezer|Product Specification|Product Advantage &nbsp;&nbsp;&nbsp;&nbsp; A commercial frozen yogurt machine is a machine used to make frozen yogurt. Frozen yogurt is a frozen dessert made from yogurt, milk, and other ingredients. It is usually made in a soft [&hellip;]<\/p>\n","protected":false},"featured_media":665,"comment_status":"open","ping_status":"open","template":"","meta":{"_swt_meta_header_display":false,"_swt_meta_footer_display":false,"_swt_meta_site_title_display":false,"_swt_meta_sticky_header":false,"_swt_meta_transparent_header":false},"product_brand":[],"product_cat":[80,77],"product_tag":[],"class_list":{"0":"post-674","1":"product","2":"type-product","3":"status-publish","4":"has-post-thumbnail","6":"product_cat-frozen-yogurt-machine","7":"product_cat-ice-cream-machine","9":"first","10":"instock","11":"shipping-taxable","12":"product-type-simple"},"_links":{"self":[{"href":"https:\/\/www.hommy.com\/es\/wp-json\/wp\/v2\/product\/674","targetHints":{"allow":["GET"]}}],"collection":[{"href":"https:\/\/www.hommy.com\/es\/wp-json\/wp\/v2\/product"}],"about":[{"href":"https:\/\/www.hommy.com\/es\/wp-json\/wp\/v2\/types\/product"}],"replies":[{"embeddable":true,"href":"https:\/\/www.hommy.com\/es\/wp-json\/wp\/v2\/comments?post=674"}],"wp:featuredmedia":[{"embeddable":true,"href":"https:\/\/www.hommy.com\/es\/wp-json\/wp\/v2\/media\/665"}],"wp:attachment":[{"href":"https:\/\/www.hommy.com\/es\/wp-json\/wp\/v2\/media?parent=674"}],"wp:term":[{"taxonomy":"product_brand","embeddable":true,"href":"https:\/\/www.hommy.com\/es\/wp-json\/wp\/v2\/product_brand?post=674"},{"taxonomy":"product_cat","embeddable":true,"href":"https:\/\/www.hommy.com\/es\/wp-json\/wp\/v2\/product_cat?post=674"},{"taxonomy":"product_tag","embeddable":true,"href":"https:\/\/www.hommy.com\/es\/wp-json\/wp\/v2\/product_tag?post=674"}],"curies":[{"name":"wp","href":"https:\/\/api.w.org\/{rel}","templated":true}]}}