{"id":67,"date":"2024-07-02T11:51:56","date_gmt":"2024-07-02T11:51:56","guid":{"rendered":"http:\/\/localhost\/hommywp\/hm160d-stand-alone-floor-style-refrigerated-fruit-smoothie-machine\/"},"modified":"2025-08-01T09:52:44","modified_gmt":"2025-08-01T09:52:44","slug":"hm160d-maquina-de-batidos-de-frutas-refrigerada-independiente-de-pie","status":"publish","type":"product","link":"https:\/\/www.hommy.com\/es\/p\/hm160d-maquina-de-batidos-de-frutas-refrigerada-independiente-de-pie\/","title":{"rendered":"HM160D M\u00e1quina independiente de batidos de frutas refrigerada de pie"},"content":{"rendered":"<h2 class=\"wp-block-heading\"><strong>Aumente sus ventas e impulse su negocio con la Hommy HM160D: M\u00e1quina Autom\u00e1tica de Batidos Congelados<\/strong><\/h2>\r\n\r\n\r\n\r\n<p>\u00bfQuiere a\u00f1adir una opci\u00f3n sana y rentable a su negocio?<\/p>\r\n\r\n\r\n\r\n<div class=\"wp-block-group is-content-justification-center is-nowrap is-layout-flex wp-container-core-group-is-layout-23441af8 wp-block-group-is-layout-flex\">\r\n<figure class=\"wp-block-image aligncenter\"><img decoding=\"async\" title=\"m\u00e1quina de batidos HM160D\" src=\"https:\/\/www.hommy.com\/wp-content\/uploads\/17105145929159.jpg\" alt=\"m\u00e1quina de batidos HM160D\" \/><\/figure>\r\n<\/div>\r\n\r\n\r\n\r\n<div class=\"wp-block-group is-horizontal is-content-justification-center is-nowrap is-layout-flex wp-container-core-group-is-layout-2256e7f1 wp-block-group-is-layout-flex\">\r\n<div class=\"wp-block-group is-vertical is-layout-flex wp-container-core-group-is-layout-fe9cc265 wp-block-group-is-layout-flex\">\r\n<figure class=\"wp-block-image\"><img decoding=\"async\" src=\"https:\/\/www.hommy.com\/wp-content\/uploads\/17105175559625-2.jpg\" alt=\"\" title=\"\">\r\n<figcaption class=\"wp-element-caption\">1.esc\u00e1ner<\/figcaption>\r\n<\/figure>\r\n<\/div>\r\n\r\n\r\n\r\n<div class=\"wp-block-group is-vertical is-layout-flex wp-container-core-group-is-layout-fe9cc265 wp-block-group-is-layout-flex\">\r\n<figure class=\"wp-block-image size-large\"><img decoding=\"async\" src=\"https:\/\/www.hommy.com\/wp-content\/uploads\/17105175558461-2.jpg\" alt=\"\" title=\"\">\r\n<figcaption class=\"wp-element-caption\">2.Un clic<\/figcaption>\r\n<\/figure>\r\n<\/div>\r\n\r\n\r\n\r\n<div class=\"wp-block-group is-vertical is-layout-flex wp-container-core-group-is-layout-fe9cc265 wp-block-group-is-layout-flex\">\r\n<figure class=\"wp-block-image size-large\"><img decoding=\"async\" src=\"https:\/\/www.hommy.com\/wp-content\/uploads\/17105175531218-2.jpg\" alt=\"\" title=\"\">\r\n<figcaption class=\"wp-element-caption\">3.limpieza<\/figcaption>\r\n<\/figure>\r\n<\/div>\r\n<\/div>\r\n\r\n\r\n\r\n<div class=\"wp-block-group is-horizontal is-content-justification-center is-nowrap is-layout-flex wp-container-core-group-is-layout-2256e7f1 wp-block-group-is-layout-flex\">\r\n<div class=\"wp-block-group is-vertical is-layout-flex wp-container-core-group-is-layout-fe9cc265 wp-block-group-is-layout-flex\">\r\n<figure class=\"wp-block-image size-large\"><img decoding=\"async\" src=\"https:\/\/www.hommy.com\/wp-content\/uploads\/17105175522157-2.jpg\" alt=\"\" title=\"\">\r\n<figcaption class=\"wp-element-caption\">4.Seguro<\/figcaption>\r\n<\/figure>\r\n<\/div>\r\n\r\n\r\n\r\n<div class=\"wp-block-group is-vertical is-layout-flex wp-container-core-group-is-layout-fe9cc265 wp-block-group-is-layout-flex\">\r\n<figure class=\"wp-block-image size-large\"><img decoding=\"async\" src=\"https:\/\/www.hommy.com\/wp-content\/uploads\/17105175543965-2.jpg\" alt=\"\" title=\"\">\r\n<figcaption class=\"wp-element-caption\">5.lanugage<\/figcaption>\r\n<\/figure>\r\n<\/div>\r\n\r\n\r\n\r\n<div class=\"wp-block-group is-vertical is-layout-flex wp-container-core-group-is-layout-fe9cc265 wp-block-group-is-layout-flex\">\r\n<figure class=\"wp-block-image size-large\"><img decoding=\"async\" src=\"https:\/\/www.hommy.com\/wp-content\/uploads\/17105175576781-1.jpg\" alt=\"\" title=\"\">\r\n<figcaption class=\"wp-element-caption\">6.Dep\u00f3sitos de agua<\/figcaption>\r\n<\/figure>\r\n<\/div>\r\n<\/div>\r\n\r\n\r\n\r\n<p>La m\u00e1quina de batidos Hommy HM160D puede ser la soluci\u00f3n perfecta. Esta <strong>independiente, refrigerado<\/strong> La m\u00e1quina de batidos dispensa batidos sanos y refrescantes en cualquier momento utilizando frutas como pl\u00e1tano, fresa, ar\u00e1ndanos, mango y pi\u00f1a.<\/p>\r\n\r\n\r\n\r\n<h2 class=\"wp-block-heading\"><strong>V\u00eddeo:<\/strong><\/h2>\r\n\r\n\r\n<p><iframe loading=\"lazy\" title=\"M\u00e1quina de batidos 24 horas\" width=\"500\" height=\"281\" src=\"https:\/\/www.youtube.com\/embed\/izlN4mk533U?feature=oembed\" frameborder=\"0\" allow=\"accelerometer; autoplay; clipboard-write; encrypted-media; gyroscope; picture-in-picture; web-share\" referrerpolicy=\"strict-origin-when-cross-origin\" allowfullscreen><\/iframe><\/p>\n\r\n\r\n\r\n<h2 class=\"wp-block-heading\"><strong><strong>Especificaciones:<\/strong><\/strong><\/h2>\r\n\r\n\r\n\r\n<div class=\"wp-block-group is-content-justification-center is-nowrap is-layout-flex wp-container-core-group-is-layout-23441af8 wp-block-group-is-layout-flex\">\r\n<figure class=\"wp-block-image\"><img decoding=\"async\" title=\"M\u00e1quina de batidos Especificaciones\" src=\"https:\/\/www.hommy.com\/wp-content\/uploads\/17105175578638-1.jpg\" alt=\"M\u00e1quina de batidos Especificaciones\" \/><\/figure>\r\n<\/div>\r\n\r\n\r\n\r\n<p class=\"has-text-align-center\">\u00a0<\/p>\r\n\r\n\r\n\r\n<h2 class=\"wp-block-heading\"><strong><span style=\"font-size: 16px;\">Selecci\u00f3n de frigor\u00edficos:<\/span><\/strong><\/h2>\r\n\r\n\r\n\r\n<div class=\"wp-block-group is-nowrap is-layout-flex wp-container-core-group-is-layout-6c531013 wp-block-group-is-layout-flex\">\r\n<figure class=\"wp-block-image size-large\"><img decoding=\"async\" src=\"https:\/\/www.hommy.com\/wp-content\/uploads\/17107557283856-1.jpg\" alt=\"\" title=\"\"><\/figure>\r\n\r\n\r\n\r\n<figure class=\"wp-block-image size-large\"><img decoding=\"async\" src=\"https:\/\/www.hommy.com\/wp-content\/uploads\/17107557284443-1.jpg\" alt=\"\" title=\"\"><\/figure>\r\n\r\n\r\n\r\n<figure class=\"wp-block-image size-large\"><img decoding=\"async\" src=\"https:\/\/www.hommy.com\/wp-content\/uploads\/17107557297480-1.jpg\" alt=\"\" title=\"\"><\/figure>\r\n\r\n\r\n\r\n<figure class=\"wp-block-image size-large\"><img decoding=\"async\" src=\"https:\/\/www.hommy.com\/wp-content\/uploads\/17107557277036-1.jpg\" alt=\"\" title=\"\"><\/figure>\r\n<\/div>\r\n\r\n\r\n\r\n<h2 class=\"wp-block-heading\"><strong><strong>Caracter\u00edsticas del producto:<\/strong><\/strong><\/h2>\r\n\r\n\r\n\r\n<ul class=\"wp-block-list\">\r\n<li>\r\n<p><strong><strong>Funcionamiento sencillo y sin complicaciones:<\/strong><\/strong> Los clientes solo tienen que pagar, elegir un vaso lleno de fruta congelada, escanear el c\u00f3digo QR del vaso, la puerta de la batidora se abrir\u00e1 autom\u00e1ticamente, introducir el vaso y su batido se mezclar\u00e1 a la perfecci\u00f3n.<\/p>\r\n<\/li>\r\n\r\n\r\n\r\n<li>\r\n<p><strong><strong>Monitorizaci\u00f3n remota de datos:<\/strong><\/strong> Controle sus datos de ventas y el rendimiento de sus m\u00e1quinas en cualquier momento<strong><strong>,\u00a0<\/strong><\/strong>en cualquier lugar con el sistema de supervisi\u00f3n a distancia incorporado.<\/p>\r\n<\/li>\r\n\r\n\r\n\r\n<li>\r\n<p><strong><strong>Fresco y sano:<\/strong><\/strong> La HM160D utiliza trozos de fruta congelada para crear batidos frescos y deliciosos.<\/p>\r\n<\/li>\r\n\r\n\r\n\r\n<li>\r\n<p><strong><strong>Limpieza autom\u00e1tica:<\/strong><\/strong> La m\u00e1quina se limpia autom\u00e1ticamente despu\u00e9s de cada uso, garantizando un funcionamiento higi\u00e9nico.<\/p>\r\n<\/li>\r\n\r\n\r\n\r\n<li>\r\n<p><strong><strong>Dise\u00f1o llamativo con apariencia personalizable:<\/strong><\/strong> El elegante dise\u00f1o y los gr\u00e1ficos personalizables atraer\u00e1n la atenci\u00f3n y se integrar\u00e1n a la perfecci\u00f3n en cualquier lugar.<\/p>\r\n<\/li>\r\n<\/ul>\r\n\r\n\r\n\r\n<h2 class=\"wp-block-heading\"><strong><strong>Lugares adecuados:<\/strong><\/strong><\/h2>\r\n\r\n\r\n\r\n<ul class=\"wp-block-list\">\r\n<li>\r\n<p>Oficinas<\/p>\r\n<\/li>\r\n\r\n\r\n\r\n<li>\r\n<p>Salas de descanso<\/p>\r\n<\/li>\r\n\r\n\r\n\r\n<li>\r\n<p>Gimnasios<\/p>\r\n<\/li>\r\n\r\n\r\n\r\n<li>\r\n<p>Tiendas de conveniencia<\/p>\r\n<\/li>\r\n\r\n\r\n\r\n<li>\r\n<p>Centros comerciales<\/p>\r\n<\/li>\r\n\r\n\r\n\r\n<li>\r\n<p>Y en cualquier otro lugar donde los clientes deseen un tentempi\u00e9 sano y pr\u00e1ctico.<\/p>\r\n<\/li>\r\n<\/ul>\r\n\r\n\r\n\r\n<p>Aumente sus ingresos y ofrezca a sus clientes una opci\u00f3n saludable con la m\u00e1quina de batidos Hommy HM160D.<\/p>\r\n\r\n\r\n\r\n<p>P\u00f3ngase en contacto con Hommy hoy mismo para obtener m\u00e1s informaci\u00f3n sobre el producto y su precio.<\/p>\r\n\r\n\r\n\r\n<h2 class=\"wp-block-heading\">PREGUNTAS FRECUENTES<\/h2>\r\n\r\n\r\n\r\n<p><strong>\u00bfC\u00f3mo ganar dinero con una m\u00e1quina de batidos?<\/strong><\/p>\r\n\r\n\r\n\r\n<p>Hay muchas formas de ganar dinero con una m\u00e1quina de batidos. En primer lugar, todo lo que necesitas es una peque\u00f1a cantidad de dinero para comprar una m\u00e1quina expendedora de batidos y fruta congelada en vasos. Encuentra un lugar cerca de la universidad, o en un centro comercial. Obtener ingresos pasivos tan f\u00e1cil.<\/p>\r\n\r\n\r\n\r\n<p><strong>\u00bfC\u00f3mo iniciar el negocio de los batidos?<\/strong><\/p>\r\n\r\n\r\n\r\n<p>Para poner en marcha un negocio de batidos, primero hay que elaborar un plan de negocio. Por ejemplo, si desea gestionar el negocio en la tienda y dispone de personal para vender batidos, puede optar por una m\u00e1quina de batidos de sobremesa, que es m\u00e1s econ\u00f3mica. Si lo que desea es llevar el negocio sin necesidad de invertir en el alquiler de la tienda, una m\u00e1quina expendedora de batidos es una buena opci\u00f3n.\u00a0<\/p>\r\n\r\n\r\n\r\n<p><strong>\u00bfCu\u00e1nto cuesta montar un negocio de batidos?<\/strong><\/p>\r\n\r\n\r\n\r\n<p>Depende de la escala de negocio que desee iniciar. Con un coste medio de puesta en marcha de entre 10.000 y 25.000 USD, es posible tener un negocio de batidos con una m\u00e1quina expendedora de batidos autolimpiable en una tienda de conveniencia o en un centro comercial. \u00a0<\/p>","protected":false},"excerpt":{"rendered":"<p>Increase Your Sales and Boost Your Business with the Hommy HM160D: Automatic Frozen Smoothie Machine Looking to add a healthy and profitable option to your business? The Hommy HM160D Smoothie Machine may be the perfect solution. This freestanding, refrigerated smoothie machine dispenses healthy and refreshing smoothies anytime using fruits like banana, strawberry, blueberry, mango, and [&hellip;]<\/p>\n","protected":false},"featured_media":58,"comment_status":"open","ping_status":"closed","template":"","meta":{"_swt_meta_header_display":false,"_swt_meta_footer_display":false,"_swt_meta_site_title_display":false,"_swt_meta_sticky_header":false,"_swt_meta_transparent_header":false},"product_brand":[],"product_cat":[69,68],"product_tag":[],"class_list":{"0":"post-67","1":"product","2":"type-product","3":"status-publish","4":"has-post-thumbnail","6":"product_cat-smoothie-vending-machine","7":"product_cat-vending-machine","9":"first","10":"instock","11":"shipping-taxable","12":"product-type-simple"},"_links":{"self":[{"href":"https:\/\/www.hommy.com\/es\/wp-json\/wp\/v2\/product\/67","targetHints":{"allow":["GET"]}}],"collection":[{"href":"https:\/\/www.hommy.com\/es\/wp-json\/wp\/v2\/product"}],"about":[{"href":"https:\/\/www.hommy.com\/es\/wp-json\/wp\/v2\/types\/product"}],"replies":[{"embeddable":true,"href":"https:\/\/www.hommy.com\/es\/wp-json\/wp\/v2\/comments?post=67"}],"wp:featuredmedia":[{"embeddable":true,"href":"https:\/\/www.hommy.com\/es\/wp-json\/wp\/v2\/media\/58"}],"wp:attachment":[{"href":"https:\/\/www.hommy.com\/es\/wp-json\/wp\/v2\/media?parent=67"}],"wp:term":[{"taxonomy":"product_brand","embeddable":true,"href":"https:\/\/www.hommy.com\/es\/wp-json\/wp\/v2\/product_brand?post=67"},{"taxonomy":"product_cat","embeddable":true,"href":"https:\/\/www.hommy.com\/es\/wp-json\/wp\/v2\/product_cat?post=67"},{"taxonomy":"product_tag","embeddable":true,"href":"https:\/\/www.hommy.com\/es\/wp-json\/wp\/v2\/product_tag?post=67"}],"curies":[{"name":"wp","href":"https:\/\/api.w.org\/{rel}","templated":true}]}}