{"id":664,"date":"2024-07-02T15:24:17","date_gmt":"2024-07-02T15:24:17","guid":{"rendered":"http:\/\/localhost\/hommywp\/hm716a-froyo-frozen-yogurt-machine-for-franchise-business\/"},"modified":"2025-08-01T09:57:38","modified_gmt":"2025-08-01T09:57:38","slug":"hm716a-maquina-de-helados-blandos","status":"publish","type":"product","link":"https:\/\/www.hommy.com\/es\/p\/hm716a-maquina-de-helados-blandos\/","title":{"rendered":"Hm716a Froyo m\u00e1quina de yogur congelado para el negocio de franquicias"},"content":{"rendered":"<div>\n<p><span style=\"font-size: 24px\">&nbsp;&nbsp;&nbsp;&nbsp;<\/span><\/p>\n<h2 style=\"text-align: center\"><span style=\"font-size: 24px\"><span style=\"font-family: arial, helvetica, sans-serif\"><strong><span style=\"letter-spacing: 0px\"><a name=\"2 flavour+mix soft ice cream machine\"><\/a>M\u00e1quina de helados blandos 2 sabores+mezcla<\/span><\/strong><\/span><strong><span style=\"font-family: \u5b8b\u4f53;letter-spacing: 0px\"><\/span><\/strong><strong><span style=\"font-family: \u5b8b\u4f53;letter-spacing: 0px\"><\/span><\/strong><\/span><\/h2>\n<p style=\"text-align: center\"><span style=\"letter-spacing: 0px;font-family: arial, helvetica, sans-serif;font-size: 16px\"><a href=\"#2 flavour+mix soft ice cream machine\" target=\"_self\" data-lv=\"0\" rel=\"noopener\">M\u00e1quina de helados blandos 2 sabores+mezcla<\/a>|<a href=\"#Product Features\" target=\"_self\" data-lv=\"0\" rel=\"noopener\">Caracter\u00edsticas del producto<\/a>|<a href=\"#Soft Serve Freezer, Frozen Yogurt Freezer\" target=\"_self\" data-lv=\"0\" rel=\"noopener\">Congelador de helados cremosos, Congelador de yogur helado<\/a>|<a href=\"#Product Specification\" target=\"_self\" data-lv=\"0\" rel=\"noopener\">Especificaci\u00f3n del producto<\/a>|<a href=\"#Product Advantage\" target=\"_self\" data-lv=\"0\" rel=\"noopener\">Ventajas del producto<\/a><\/span><\/p>\n<p><span style=\"font-size: 24px\"><span style=\"font-family: arial, helvetica, sans-serif\"><strong><span style=\"letter-spacing: 0px\"><br \/><\/span><\/strong><\/span><\/span><\/p>\n<p><\/p>\n<p style=\"text-align: center\">\n<p style=\"text-align: center\">&nbsp;&nbsp;&nbsp;&nbsp;<\/p>\n<h2><span style=\"font-family: arial, helvetica, sans-serif;font-size: 24px\"><span style=\"font-family: arial, helvetica, sans-serif;letter-spacing: 0px\">Contamos con un equipo de profesionales cualificados y con experiencia en el manejo de las m\u00e1quinas de Froyo congelado del mercado. Nuestro equipo de expertos est\u00e1 siempre dispuesto a ayudarle, en caso de que se enfrentan a cualquier problema t\u00e9cnico o dudas en el uso de nuestro producto.<\/span><\/span><\/h2>\n<h2><span style=\"font-size: 24px\"><strong><span style=\"letter-spacing: 0px;font-family: arial, helvetica, sans-serif\"><a name=\"Product Features\"><\/a>Caracter\u00edsticas del producto<\/span><\/strong><\/span><strong><span style=\"font-family: \u5b8b\u4f53;letter-spacing: 0;font-size: 18px\"> <\/span><\/strong><strong><span style=\"font-family: \u5b8b\u4f53;letter-spacing: 0;font-size: 18px\">&nbsp;<\/span><\/strong><\/h2>\n<h4><span style=\"font-family: Helvetica;letter-spacing: 0;font-size: 16px\">Hommy cuenta con un equipo profesional para realizar el dise\u00f1o del producto. Hay ingenieros profesionales de refrigeraci\u00f3n, ingenieros de software e ingenieros estructurales para garantizar que la calidad del producto sea estable y duradera. Al mismo tiempo, se a\u00f1ade el dise\u00f1o personalizado para facilitar el futuro servicio posventa. Hommy <a style=\"color:blue\" href=\"\/es\/\">m\u00e1quina de helados<\/a> es digno de confianza.<\/span><\/h4>\n<p><span style=\"font-family: Helvetica;letter-spacing: 0;font-size: 16px\"><\/span><\/p>\n<div class=\"d-tem01-graphic tem01-graphic mockup\" data-detail=\"wrap\">\n<div class=\"cont-section clearfix d-clearfix\">\n<div class=\"col-md-6 col-sm-6 col-xs-6\">\n<div class=\"right-p\">\n<div class=\"h2 heading\"><img loading=\"lazy\" decoding=\"async\" src=\"https:\/\/www.hommy.com\/wp-content\/uploads\/16004137821992.jpg\" alt=\"producto-Hommy-img\" style=\"font-size: 14px;width: 650px;height: 750px\" title=\"\" width=\"650\" height=\"750\" border=\"0\" vspace=\"0\"><\/div>\n<\/div>\n<p>&nbsp; &nbsp; &nbsp; &nbsp; &nbsp; &nbsp; &nbsp;<\/p><\/div>\n<div class=\"col-md-6 col-sm-6 col-xs-6\">\n<div class=\"right-p\">\n<h2 style=\", Helvetica, Arial, sans-serif;margin: 0px 0px 15px;font-size: 22px\"><span style=\"font-size: 24px;font-family: arial, helvetica, sans-serif\"><strong style=\"font-family: inherit\"><a name=\"Soft Serve Freezer, Frozen Yogurt Freezer\"><\/a>Congelador de helados cremosos, Congelador de yogur helado<\/strong><\/span><\/h2>\n<p><span style=\"font-family:Calibri;font-size:16px\">Twin Twist, Preenfriamiento, Aire<\/span><span style=\"font-family:\u5b8b\u4f53;font-size:16px\">&nbsp;<\/span><span style=\"font-family:Calibri;font-size:16px\">Bomba, Mezclador, Mostrador, Ultra silencioso<\/span><\/p>\n<p><span style=\"font-family:\u5b8b\u4f53;font-size:16px\">Caracter\u00edsticas<\/span><\/p>\n<p><span style=\"font-family:Calibri;font-size:16px\">Oferta de productos: Ofrezca todas las variantes populares de helados cremosos y yogur helado desnatado o desnatado.<\/span><\/p>\n<p><span style=\"font-family:Calibri;font-size:16px\">Sabor: Sirve dos sabores separados y uno girado.<\/span><\/p>\n<p><span style=\"font-family:Calibri;font-size:16px\">Tolva de mezcla: Dos de 13 litros de capacidad (13.7quart, 3.43gallons)<\/span><\/p>\n<p><span style=\"font-family:Calibri;font-size:16px\">Cilindro de congelaci\u00f3n: Dos de 1,8 litros de capacidad 1.63quart, 0.48gallons)<\/span><\/p>\n<p><span style=\"font-family:Calibri;font-size:16px\">Control por pantalla t\u00e1ctil:<\/span><\/p>\n<p style=\"margin-left:32px\"><span style=\"font-family:Calibri;font-size:16px\">- El sistema de control t\u00e1ctil por microprocesador est\u00e1 integrado en un resistente panel de cristal templado.<\/span><\/p>\n<p style=\"margin-left:32px\"><span style=\"font-family:Calibri;font-size:16px\">- Las temperaturas de las tolvas o de los cilindros de congelaci\u00f3n pueden visualizarse en cualquier punto de la operaci\u00f3n.<\/span><\/p>\n<p style=\"margin-left:32px\"><span style=\"font-family:Calibri;font-size:16px\">- Proporciona el nivel de viscosidad necesario para las raciones.<\/span><\/p>\n<p style=\"margin-left:32px\"><span style=\"font-family:Calibri;font-size:16px\">- Indicador de nivel de mezcla y alarma. Cuando el indicador luminoso de mezcla agotada parpadea, la m\u00e1quina se apaga autom\u00e1ticamente para evitar da\u00f1os.<\/span><\/p>\n<p><span style=\"font-family:Calibri;font-size:16px\">Modo de espera: Durante largos periodos sin uso, la funci\u00f3n de espera mantiene temperaturas seguras del producto en la tolva de mezcla y el cilindro de congelaci\u00f3n.<\/span><\/p>\n<p><span style=\"font-family:Calibri;font-size:16px\">Funci\u00f3n de protecci\u00f3n de la presi\u00f3n del sistema de refrigeraci\u00f3n.<\/span><\/p>\n<p><span style=\"font-family:Calibri;font-size:16px\">Su construcci\u00f3n duradera con cubierta de acero inoxidable hace que sea moderno y<\/span><span style=\"font-family:\u5b8b\u4f53;font-size:16px\">&nbsp;<\/span><span style=\"font-family:Calibri;font-size:16px\">lujosa apariencia exterior.<\/span><\/p>\n<p><span style=\"font-family:Calibri;font-size:16px\">Funciones: <\/span><\/p>\n<p><span style=\"font-family: Calibri;font-size: 16px\">El sistema de preenfriamiento mantiene la mezcla por debajo de 5\u00b0C durante los modos autom\u00e1tico y de espera. La bomba de aire suministra la mezcla con cierta cantidad de aire a los cilindros de congelaci\u00f3n. <\/span><\/p>\n<p><span style=\"font-family:Calibri;font-size:16px\">El mezclador mantiene la uniformidad de la mezcla en las tolvas. *El contador permite al operador ver el n\u00famero de raciones dispensadas.<\/span><\/p>\n<p><span style=\"font-family:Calibri;font-size:16px\">Ruido ultrasilencioso de 50-55 decibelios.<\/span><\/p>\n<p><span style=\"font-size: 14px\"><\/span><\/div>\n<p>&nbsp; &nbsp; &nbsp; &nbsp; &nbsp; &nbsp;<\/p><\/div>\n<\/div>\n<\/div>\n<h2><span style=\"font-family: arial, helvetica, sans-serif;font-size: 24px\"><strong><span style=\"font-family: arial, helvetica, sans-serif;letter-spacing: 0px\"><a name=\"Product Specification\"><\/a>Especificaci\u00f3n del producto<\/span><\/strong><\/span><strong><span style=\"font-family: \u5b8b\u4f53;letter-spacing: 0;font-size: 18px\"> <\/span><\/strong><\/h2>\n<p><span style=\"font-family: Helvetica;letter-spacing: 0;font-size: 16px\">Hommy cuenta con un equipo profesional para realizar el dise\u00f1o del producto. Hay ingenieros profesionales de refrigeraci\u00f3n, ingenieros de software e ingenieros estructurales para garantizar que la calidad del producto sea estable y duradera. Al mismo tiempo, se a\u00f1ade el dise\u00f1o personalizado<\/span><span style=\"font-family: \u5b8b\u4f53;letter-spacing: 0;font-size: 16px\">&nbsp;<\/span><span style=\"font-family: Helvetica;letter-spacing: 0;font-size: 16px\">para facilitar el futuro servicio postventa. Hommy m\u00e1quina de helados es digno de confianza.<\/span><\/p>\n<p><span style=\"font-family: Helvetica;letter-spacing: 0;font-size: 16px\"><br \/><\/span><\/p>\n<p><span style=\"font-family: Helvetica;letter-spacing: 0;font-size: 16px\"><\/span><\/p>\n<h4 style=\", Helvetica, Arial, sans-serif;text-align: center\"><strong><span style=\"font-family: \u5b8b\u4f53;letter-spacing: 0px\"><img decoding=\"async\" src=\"https:\/\/www.hommy.com\/wp-content\/uploads\/16004129174280.png\" alt=\"producto-Hommy-img\" title=\"\"><\/span><\/strong><\/h4>\n<p><\/p>\n<p><span style=\"font-family: Helvetica;letter-spacing: 0;font-size: 16px\"><\/span><\/p>\n<h2><span style=\"font-family: arial, helvetica, sans-serif;font-size: 24px\"><strong><span style=\"font-family: arial, helvetica, sans-serif;letter-spacing: 0px\"><a name=\"Product Advantage\"><\/a>Ventajas del producto<\/span><\/strong><\/span><strong><span style=\"font-family: \u5b8b\u4f53;letter-spacing: 0;font-size: 18px\"> &nbsp;&nbsp;&nbsp;&nbsp;&nbsp;&nbsp;<\/span><\/strong><strong><span style=\"font-family: \u5b8b\u4f53;letter-spacing: 0;font-size: 18px\">&nbsp;<\/span><\/strong><\/h2>\n<p><span style=\"font-family: Helvetica;letter-spacing: 0px;font-size: 16px\">Hommy han producir m\u00e1quina de helados durante 20 a\u00f1os de experiencia, expendedora de m\u00e1quinas de helados a\u00f1adir m\u00e1s funci\u00f3n de helado suave, porque no hay hombre para el servicio todo el tiempo. nos basamos en esta a\u00f1adir m\u00e1s sensores y el uso de software para controlarlo que es de buena calidad y buena funci\u00f3n.<\/span><\/p>\n<p><\/p>\n<div class=\"d-tem01-graphic tem01-graphic mockup\" data-detail=\"wrap\">\n<div class=\"cont-section clearfix d-clearfix\">\n<div class=\"col-md-6 col-sm-6 col-xs-6\">\n<div class=\"right-p\">\n<div class=\"h2 heading\">\n<p><strong><span style=\"font-family: \u5b8b\u4f53;letter-spacing: 0;font-size: 18px\">1.A<\/span><\/strong><strong><span style=\"font-family: \u5b8b\u4f53;letter-spacing: 0;font-size: 18px\">bomba ir<\/span><\/strong><\/p>\n<\/div>\n<p><span style=\"font-family: \u5b8b\u4f53;font-size: 16px;letter-spacing: 0px\">Superaci\u00f3n ajustable de 20% a 80%, reduce la generaci\u00f3n de cristales de hielo, hace que el yogur helado (helado) tenga un sabor suave y un aspecto blanco; reduce el uso de materias primas, aumenta los beneficios.<\/span><\/p>\n<p><span style=\"font-family: \u5b8b\u4f53;font-size: 16px;letter-spacing: 0px\"><br \/><\/span><\/p>\n<p><span style=\"font-family: \u5b8b\u4f53;font-size: 16px;letter-spacing: 0px\"><br \/><\/span><\/p>\n<\/div>\n<div class=\"graphic_pic animated wow bounceIn\" data-wow-delay=\".7s\">\n<p style=\"text-align:center\"><img loading=\"lazy\" decoding=\"async\" src=\"https:\/\/www.hommy.com\/wp-content\/uploads\/16004853657589.jpg\" alt=\"producto-Hommy-img\" title=\"\" width=\"250\" height=\"467\" border=\"0\" vspace=\"0\" style=\"width: 250px;height: 467px\"><\/p>\n<\/div>\n<\/div>\n<div class=\"col-md-6 col-sm-6 col-xs-6\">\n<div class=\"right-p\">\n<div class=\"h2 heading\">\n<p><span style=\"font-family: Helvetica;letter-spacing: 0;font-size: 22px\">2. Deje el sensor<\/span><\/p>\n<\/div>\n<p><span style=\"font-family: \u5b8b\u4f53;letter-spacing: 0px;font-size: 16px\">Dejar sensor tienen&nbsp;<\/span><span style=\"font-family: Calibri;letter-spacing: 0px;font-size: 16px\">Segunda etapa, la primera etapa de alarma de nivel de material faltante, la segunda etapa de apagado autom\u00e1tico.<\/span><span style=\"font-family: \u5b8b\u4f53;letter-spacing: 0px;font-size: 16px\">&nbsp;Cuando reciba el primer mensaje, tiene un tiempo para a\u00f1adir material, no es necesario que la m\u00e1quina se detenga para trabajar.<\/span><\/p>\n<p><span style=\"font-family: \u5b8b\u4f53;letter-spacing: 0px;font-size: 16px\"><br \/><\/span><\/p>\n<p><span style=\"font-family: \u5b8b\u4f53;letter-spacing: 0px;font-size: 16px\"><br \/><\/span><\/p>\n<\/div>\n<div class=\"graphic_pic animated wow bounceIn\" data-wow-delay=\".7s\">\n<p style=\"text-align:center\"><img loading=\"lazy\" decoding=\"async\" src=\"https:\/\/www.hommy.com\/wp-content\/uploads\/16004134703083.jpg\" alt=\"producto-Hommy-img\" title=\"\" width=\"250\" height=\"250\" border=\"0\" vspace=\"0\" style=\"width: 250px;height: 250px\"><\/p>\n<\/div>\n<\/div>\n<\/div>\n<\/div>\n<div class=\"d-tem01-graphic tem01-graphic mockup\" data-detail=\"wrap\">\n<div class=\"cont-section clearfix d-clearfix\">\n<div class=\"col-md-6 col-sm-6 col-xs-6\">\n<div class=\"right-p\">\n<div class=\"h2 heading\">3.<span style=\"font-family: Helvetica;letter-spacing: 0px\">Controlador<\/span><\/div>\n<div class=\"description\">\n<p style=\"margin-top: 0;margin-right: 0;margin-bottom: 15px\"><span style=\"font-family: \u5b8b\u4f53;letter-spacing: 0;font-size: 16px\">El panel de control muestra claramente las funciones internas de la m\u00e1quina. Al mismo tiempo, la m\u00e1quina tambi\u00e9n recuerda la funci\u00f3n de limpieza, a\u00f1adiendo funciones m\u00e1s humanizadas, tambi\u00e9n somos bienvenidos a hacer OEM.<\/span><\/p>\n<p style=\"margin-top: 0;margin-right: 0;margin-bottom: 15px\"><span style=\"font-family: \u5b8b\u4f53;letter-spacing: 0;font-size: 16px\"><br \/><\/span><\/p>\n<p style=\"margin-top: 0;margin-right: 0;margin-bottom: 15px\"><span style=\"font-family: \u5b8b\u4f53;letter-spacing: 0;font-size: 16px\"><br \/><\/span><\/p>\n<\/div>\n<\/div>\n<div class=\"graphic_pic animated wow bounceIn\" data-wow-delay=\".7s\">\n<p style=\"text-align:center\"><img decoding=\"async\" src=\"https:\/\/www.hommy.com\/wp-content\/uploads\/16004135443000.jpg\" alt=\"product-Hommy-HM716A m\u00e1quina de helados blandos-img\" title=\"\" style=\"text-align: center\"><\/p>\n<\/div>\n<\/div>\n<div class=\"col-md-6 col-sm-6 col-xs-6\">\n<div class=\"right-p\">\n<div class=\"h2 heading\">4.Mezclador en tolva<span style=\"font-family: \u5b8b\u4f53;letter-spacing: 0px\">&nbsp;<\/span><\/div>\n<p><span style=\"font-family: \u5b8b\u4f53;font-size: 16px;letter-spacing: 0px\">Mezcla uniforme. Mezclador de alta velocidad en hooper mantiene el material que fluye en la tolva en caso de helado. El helado ser\u00e1 m\u00e1s suave despu\u00e9s de mezclar completamente con aire.&nbsp;&nbsp;<\/span><\/p>\n<p><span style=\"font-family: \u5b8b\u4f53;font-size: 16px;letter-spacing: 0px\"><br \/><\/span><\/p>\n<p><span style=\"font-family: \u5b8b\u4f53;font-size: 16px;letter-spacing: 0px\"><br \/><\/span><\/p>\n<p><span style=\"font-family: \u5b8b\u4f53;font-size: 16px;letter-spacing: 0px\">&nbsp;&nbsp;<\/span><\/p>\n<p><\/p>\n<\/div>\n<div class=\"graphic_pic animated wow bounceIn\" data-wow-delay=\".7s\">\n<p style=\"text-align:center\"><img decoding=\"async\" src=\"https:\/\/www.hommy.com\/wp-content\/uploads\/16004911416799.jpg\" alt=\"producto-HM716A m\u00e1quina de helados blandos-Hommy-img\" title=\"\"><\/p>\n<\/div>\n<\/div>\n<\/div>\n<\/div>\n<div class=\"d-tem01-graphic tem01-graphic mockup\" data-detail=\"wrap\">\n<div class=\"cont-section clearfix d-clearfix\">\n<div class=\"col-md-6 col-sm-6 col-xs-6\">\n<div class=\"right-p\">\n<div class=\"h2 heading\">5.Accesorios opcionales escape<\/div>\n<div class=\"description\">\n<p style=\"margin-bottom:13px\"><span style=\"font-family: \u5b8b\u4f53;letter-spacing: 0;font-size: 16px\">Instalar correctamente la m\u00e1quina de helados. La distancia entre el conducto de escape detr\u00e1s de la m\u00e1quina y la pared es de 1 metro para la ventilaci\u00f3n, pero de hecho, es imposible lograr esta situaci\u00f3n en nuestro lugar de almacenamiento. Hommy dise\u00f1ado un nuevo conducto de escape para el uso diario para extraer el aire caliente. En la parte superior, puede satisfacer m\u00e1s lugares sin ocupar espacio.&nbsp;<\/span><\/p>\n<p style=\"margin-bottom:13px\"><span style=\"font-family: \u5b8b\u4f53;letter-spacing: 0;font-size: 16px\"><br \/><\/span><\/p>\n<p style=\"margin-bottom:13px\"><span style=\"font-family: \u5b8b\u4f53;letter-spacing: 0;font-size: 16px\"><br \/><\/span><\/p>\n<\/div>\n<\/div>\n<div class=\"graphic_pic animated wow bounceIn\" data-wow-delay=\".7s\">\n<p style=\"text-align:center\"><img decoding=\"async\" src=\"https:\/\/www.hommy.com\/wp-content\/uploads\/16004854659304.jpg\" alt=\"producto-Hommy-img-1\" title=\"\"><\/p>\n<\/div>\n<\/div>\n<div class=\"col-md-6 col-sm-6 col-xs-6\">\n<div class=\"right-p\">\n<div class=\"h2 heading\">6.Restablecimiento autom\u00e1tico del manipulador<\/div>\n<p><span style=\"font-family: \u5b8b\u4f53;letter-spacing: 0px;font-size: 16px\">Instale cuando usted saca el helado que el manipulante reajustar\u00e1 autom\u00e1tico que puede ahorrado cayendo accidentalmente el helado en la tierra.&nbsp;<\/span><\/p>\n<p><span style=\"font-family: \u5b8b\u4f53;letter-spacing: 0px;font-size: 16px\"><br \/><\/span><\/p>\n<p><\/p>\n<p><\/p>\n<p style=\"text-align: center\"><span style=\"font-family: \u5b8b\u4f53;letter-spacing: 0px;font-size: 16px\"><br \/><\/span><\/p>\n<\/div>\n<p style=\"text-align: center\"><img loading=\"lazy\" decoding=\"async\" src=\"https:\/\/www.hommy.com\/wp-content\/uploads\/16004854865949.jpg\" alt=\"producto-Hommy-img-1\" title=\"\" width=\"350\" height=\"562\" border=\"0\" vspace=\"0\" style=\"width: 350px;height: 562px\"><br \/>\n &nbsp; &nbsp; &nbsp; &nbsp; &nbsp; &nbsp;<\/p>\n<p><\/p>\n<\/div>\n<\/div>\n<\/div>\n<p><\/p>\n<p><span style=\"font-family: Helvetica;letter-spacing: 0;font-size: 16px\"><br \/><\/span><\/p>\n<p>Documento\uff1a<img decoding=\"async\" src=\"icon_pdf.gif\" style=\"margin-right: 2px\" alt=\"producto-Hommy-img-1\" title=\"\"><a href=\"https:\/\/img80002414.weyesimg.com\/uploads\/www.hommy.com\/addon\/16027386739912.pdf\" title=\"16027386739912.pdf\" style=\"font-size: 12px\">16027386739912.pdf<\/a><\/p>\n<h2>\u00bfCu\u00e1nto dinero necesito para abrir una yogurter\u00eda?<\/h2>\n<p style=\"margin-top: 5px;margin-bottom: 5px\">Si quiere iniciarse en el negocio del yogur, debe saber por d\u00f3nde empezar. Necesitas tener un plan de negocio y un plan financiero, el tipo de dinero que necesitar\u00e1s depender\u00e1 de algunas cosas. En primer lugar, tienes que ver cu\u00e1l es tu modelo de negocio y por cu\u00e1nto puedes trabajar. En segundo lugar, si tu producto es perecedero, necesitas saber cu\u00e1ntas unidades puedes vender y cu\u00e1nto necesitas ganar para cubrir tus costes. Este post te ayudar\u00e1 a averiguar qu\u00e9 necesitas para empezar.<\/p>\n<p style=\"margin-top: 5px;margin-bottom: 5px\"><\/p>\n<h2>\u00bfSe puede congelar el yogur de vainilla?<\/h2>\n<p style=\"margin-top: 5px;margin-bottom: 5px\">S\u00ed que puedes. Para congelarlo, pon el yogur en un recipiente de pl\u00e1stico, c\u00fabrelo con una tapa y cong\u00e9lalo hasta 3 meses.Puedes hacer tarta de crema de yogur o helado de postre con yogur natural y a\u00f1adirlo como cobertura a tu tarta o pastel favorito. Tambi\u00e9n puedes a\u00f1adir leche al yogur natural, ponerlo en una cubitera y congelarlo. A continuaci\u00f3n, saca los cubitos de yogur congelado de la bandeja y col\u00f3calos en una taza. Aseg\u00farate de comerte los cubitos de yogur antes de que se derritan.<\/p>\n<p style=\"margin-top: 5px;margin-bottom: 5px\"><\/p>\n<h2>\u00bfEs rentable el helado?<\/h2>\n<p style=\"margin-top: 5px;margin-bottom: 5px\">El helado es un gran producto. Es f\u00e1cil y r\u00e1pido de hacer y las posibilidades de sabor son infinitas. El hecho de que se pueda hacer en la cocina de casa con unos pocos ingredientes lo convierte en un producto barato de comercializar. El helado es muy popular. Seg\u00fan la Asociaci\u00f3n Nacional del Helado, los estadounidenses consumieron unos 20.000 millones de galones de helado el a\u00f1o pasado. Eso es m\u00e1s que leche, mantequilla, queso, huevos e incluso carne.<\/p>\n<\/div><\/div>","protected":false},"excerpt":{"rendered":"<p>&nbsp;&nbsp;&nbsp;&nbsp; 2 flavour+mix soft ice cream machine 2 flavour+mix soft ice cream machine|Product Features|Soft Serve Freezer, Frozen Yogurt Freezer|Product Specification|Product Advantage &nbsp;&nbsp;&nbsp;&nbsp; We have a team of skilled professionals who are experienced and skilled in handling the frozen froyo Machines in the market. Our expert team is always ready to assist you, in case you [&hellip;]<\/p>\n","protected":false},"featured_media":656,"comment_status":"open","ping_status":"open","template":"","meta":{"_swt_meta_header_display":false,"_swt_meta_footer_display":false,"_swt_meta_site_title_display":false,"_swt_meta_sticky_header":false,"_swt_meta_transparent_header":false},"product_brand":[],"product_cat":[80,77],"product_tag":[],"class_list":{"0":"post-664","1":"product","2":"type-product","3":"status-publish","4":"has-post-thumbnail","6":"product_cat-frozen-yogurt-machine","7":"product_cat-ice-cream-machine","9":"first","10":"instock","11":"shipping-taxable","12":"product-type-simple"},"_links":{"self":[{"href":"https:\/\/www.hommy.com\/es\/wp-json\/wp\/v2\/product\/664","targetHints":{"allow":["GET"]}}],"collection":[{"href":"https:\/\/www.hommy.com\/es\/wp-json\/wp\/v2\/product"}],"about":[{"href":"https:\/\/www.hommy.com\/es\/wp-json\/wp\/v2\/types\/product"}],"replies":[{"embeddable":true,"href":"https:\/\/www.hommy.com\/es\/wp-json\/wp\/v2\/comments?post=664"}],"wp:featuredmedia":[{"embeddable":true,"href":"https:\/\/www.hommy.com\/es\/wp-json\/wp\/v2\/media\/656"}],"wp:attachment":[{"href":"https:\/\/www.hommy.com\/es\/wp-json\/wp\/v2\/media?parent=664"}],"wp:term":[{"taxonomy":"product_brand","embeddable":true,"href":"https:\/\/www.hommy.com\/es\/wp-json\/wp\/v2\/product_brand?post=664"},{"taxonomy":"product_cat","embeddable":true,"href":"https:\/\/www.hommy.com\/es\/wp-json\/wp\/v2\/product_cat?post=664"},{"taxonomy":"product_tag","embeddable":true,"href":"https:\/\/www.hommy.com\/es\/wp-json\/wp\/v2\/product_tag?post=664"}],"curies":[{"name":"wp","href":"https:\/\/api.w.org\/{rel}","templated":true}]}}