{"id":655,"date":"2024-07-02T15:24:13","date_gmt":"2024-07-02T15:24:13","guid":{"rendered":"http:\/\/localhost\/hommywp\/commercial-twin-twist-automatic-table-top-frozen-yogurt-machine\/"},"modified":"2025-08-01T09:57:38","modified_gmt":"2025-08-01T09:57:38","slug":"twin-twist-mesa-automatica-suave-servir-maquina-de-yogur-congelado","status":"publish","type":"product","link":"https:\/\/www.hommy.com\/es\/p\/twin-twist-mesa-automatica-suave-servir-maquina-de-yogur-congelado\/","title":{"rendered":"M\u00e1quina de yogur helado de sobremesa autom\u00e1tica Twin Twist para uso comercial"},"content":{"rendered":"<div>\n<p>&nbsp;<\/p>\n<p><span style=\"font-size: 20px\"><\/span><\/p>\n<h2 style=\"text-align: center\"><strong><span style=\"letter-spacing: 0px;font-family: arial, helvetica, sans-serif;font-size: 24px\"><a name=\"Twin twist automatic table top soft serve machine\"><\/a>M\u00e1quina autom\u00e1tica de sobremesa Twin Twist<\/span><\/strong><\/h2>\n<p style=\"text-align: center\"><span style=\"letter-spacing: 0px;font-family: arial, helvetica, sans-serif;font-size: 16px\"><a href=\"#Twin twist automatic table top soft serve machine\" target=\"_self\" data-lv=\"0\" rel=\"noopener\">M\u00e1quina autom\u00e1tica de sobremesa Twin Twist<\/a>|<a href=\"#Electronic control\" target=\"_self\" data-lv=\"0\" rel=\"noopener\">Control electr\u00f3nico<\/a>|<a href=\"#PRODUCT DETAILS\" target=\"_self\" data-lv=\"0\" rel=\"noopener\">DETALLES DEL PRODUCTO<\/a><\/span><\/p>\n<p>&nbsp;Giro gemelo <a style=\"color:blue\" href=\"https:\/\/www.hommy.com\/es\/maquina-de-yogur-helado\/\">m\u00e1quina de yogur helado<\/a>s son f\u00e1ciles de usar. No hace falta ser un profesional para manejarla. Puede llevar f\u00e1cilmente el yogur helado a cualquier fiesta o evento. Las m\u00e1quinas de yogur helado vienen con una gran variedad de funciones. Puedes prepararlo en porciones peque\u00f1as o grandes. Tambi\u00e9n puedes prepararlo de cualquier sabor.<\/p>\n<div class=\"d-tem11-graphic tem11-graphic mockup\" data-detail=\"wrap\">\n<div class=\"tab_row\">\n<div class=\"img\" style=\"width: 50%\"><img decoding=\"async\" title=\"\" alt=\"producto-Hommy-img\" src=\"https:\/\/www.hommy.com\/wp-content\/uploads\/15585131824789.jpg\"><\/div>\n<div class=\"text_box\" style=\"width: 50%\">\n<div class=\"txt\">\n<p>&nbsp;<\/p>\n<h2><strong><span style=\"font-family: arial, helvetica, sans-serif;font-size: 24px\">HM708<\/span><\/strong><\/h2>\n<p>&nbsp;<\/p>\n<h2><strong><span style=\"font-family: arial, helvetica, sans-serif;font-size: 24px\"><a name=\"Electronic control\"><\/a>Control electr\u00f3nico:<\/span><\/strong><\/h2>\n<p>- La temperatura de los cilindros de congelaci\u00f3n puede visualizarse en cualquier punto de la operaci\u00f3n.<\/p>\n<p>- Proporciona el nivel de viscosidad necesario para las raciones.<\/p>\n<p>- Indicador de nivel de mezcla y alarma. Cuando el indicador luminoso de mezcla agotada parpadea, la m\u00e1quina se apaga autom\u00e1ticamente para evitar da\u00f1os.<\/p>\n<p>Modo de espera:<\/p>\n<p>- Durante largos periodos sin uso, la funci\u00f3n de espera mantiene temperaturas seguras del producto en la tolva de mezcla y el cilindro de congelaci\u00f3n.<\/p>\n<p>Funciones opcionales:<\/p>\n<p>- El contador permite al operador ver el n\u00famero de raciones dispensadas.<\/p>\n<p>&nbsp;<\/p>\n<\/div>\n<\/div>\n<\/div>\n<\/div>\n<p>&nbsp;<\/p>\n<div class=\"text-left d-tem09-title d-interval\" data-detail=\"wrap\">\n<div class=\"title-header\">\n<h2><strong><span style=\"font-size: 24px;font-family: arial, helvetica, sans-serif\">DETALLES DEL PRODUCTO<\/span><\/strong><\/h2>\n<div class=\"subtitle\"><span>Tras a\u00f1os de desarrollo, hemos establecido una red de distribuci\u00f3n a gran escala en varios pa\u00edses y recibimos buenos comentarios de nuestros clientes.<\/span><\/div>\n<\/div>\n<\/div>\n<p>&nbsp;<\/p>\n<div class=\"d-tem18-graphic d-clearfix d-interval mockup clearfix\" data-detail=\"wrap\">\n<div class=\"col-lg-4 col-md-4 col-sm-4 col-xs-6\">\n<div class=\"item\">\n<div class=\"images\"><img decoding=\"async\" title=\"\" alt=\"producto-Hommy-img\" src=\"https:\/\/www.hommy.com\/wp-content\/uploads\/15553943011548-1.jpg\" style=\"line-height: 1.42857\"><\/div>\n<\/div>\n<\/div>\n<div class=\"col-lg-4 col-md-4 col-sm-4 col-xs-6\">\n<div class=\"item\">\n<div class=\"images\"><img decoding=\"async\" title=\"\" alt=\"producto-twin twist m\u00e1quina autom\u00e1tica de sobremesa para yogur helado soft serve-Hommy-img\" src=\"https:\/\/www.hommy.com\/wp-content\/uploads\/15553943082607-1.jpg\"><\/div>\n<\/div>\n<\/div>\n<\/div>\n<p>&nbsp;<\/p>\n<h2>Estamos ofreciendo Twin twist m\u00e1quina de yogur helado a nuestros clientes.&nbsp;<\/h2>\n<p style=\"margin-top: 5px;margin-bottom: 5px\">Tambi\u00e9n ofrecemos una gran variedad de ingredientes y edulcorantes para que el yogur helado tenga el mismo sabor que uno normal. No hace falta ser un profesional para manejarlas. Puedes llevar f\u00e1cilmente el yogur helado a cualquier fiesta o evento. Las m\u00e1quinas de yogur helado vienen con una gran variedad de funciones. Puedes prepararlo en porciones peque\u00f1as o grandes. Tambi\u00e9n puedes prepararlo de cualquier sabor.<\/p>\n<p style=\"margin-top: 5px;margin-bottom: 5px\"><\/p>\n<h2>\u00bfPor qu\u00e9 es tan duro el helado americano?<\/h2>\n<p style=\"margin-top: 5px;margin-bottom: 5px\">Como todos sabemos, Estados Unidos es un crisol de culturas, y el helado no es una excepci\u00f3n. En Estados Unidos hay de vainilla, de fresa, de chocolate, etc\u00e9tera. Pero una cosa que resulta un poco extra\u00f1a es que la mayor\u00eda de los helados americanos son duros y tienen un sabor muy fuerte.<\/p>\n<p style=\"margin-top: 5px;margin-bottom: 5px\"><\/p>\n<h2>\u00bfC\u00f3mo se espesa el yogur casero una vez hecho?<\/h2>\n<p style=\"margin-top: 5px;margin-bottom: 5px\">Llevo haciendo yogur desde hace un par de a\u00f1os. Era el favorito de mis hijos cuando eran m\u00e1s peque\u00f1os, y desde hace a\u00f1os es un alimento b\u00e1sico en mi casa. He probado varias marcas, y creo que prefiero utilizar el yogur como sustituto del queso cuando hago un plato a base de queso. Es delicioso. Tambi\u00e9n lo he estado haciendo espesado con maicena, porque me encanta la textura que le da. Me gusta el espesor que le da al yogur.<\/p>\n<\/div><\/div>","protected":false},"excerpt":{"rendered":"<p>&nbsp; Twin twist automatic table top soft serve machine Twin twist automatic table top soft serve machine|Electronic control|PRODUCT DETAILS &nbsp;Twin twist frozen yogurt machines are easy to use. You don\u2019t have to be a professional to operate it. You can easily take the frozen yogurt to any party or event. Frozen yogurt machines come with [&hellip;]<\/p>\n","protected":false},"featured_media":652,"comment_status":"open","ping_status":"open","template":"","meta":{"_swt_meta_header_display":false,"_swt_meta_footer_display":false,"_swt_meta_site_title_display":false,"_swt_meta_sticky_header":false,"_swt_meta_transparent_header":false},"product_brand":[],"product_cat":[80,77],"product_tag":[],"class_list":{"0":"post-655","1":"product","2":"type-product","3":"status-publish","4":"has-post-thumbnail","6":"product_cat-frozen-yogurt-machine","7":"product_cat-ice-cream-machine","9":"first","10":"instock","11":"shipping-taxable","12":"product-type-simple"},"_links":{"self":[{"href":"https:\/\/www.hommy.com\/es\/wp-json\/wp\/v2\/product\/655","targetHints":{"allow":["GET"]}}],"collection":[{"href":"https:\/\/www.hommy.com\/es\/wp-json\/wp\/v2\/product"}],"about":[{"href":"https:\/\/www.hommy.com\/es\/wp-json\/wp\/v2\/types\/product"}],"replies":[{"embeddable":true,"href":"https:\/\/www.hommy.com\/es\/wp-json\/wp\/v2\/comments?post=655"}],"wp:featuredmedia":[{"embeddable":true,"href":"https:\/\/www.hommy.com\/es\/wp-json\/wp\/v2\/media\/652"}],"wp:attachment":[{"href":"https:\/\/www.hommy.com\/es\/wp-json\/wp\/v2\/media?parent=655"}],"wp:term":[{"taxonomy":"product_brand","embeddable":true,"href":"https:\/\/www.hommy.com\/es\/wp-json\/wp\/v2\/product_brand?post=655"},{"taxonomy":"product_cat","embeddable":true,"href":"https:\/\/www.hommy.com\/es\/wp-json\/wp\/v2\/product_cat?post=655"},{"taxonomy":"product_tag","embeddable":true,"href":"https:\/\/www.hommy.com\/es\/wp-json\/wp\/v2\/product_tag?post=655"}],"curies":[{"name":"wp","href":"https:\/\/api.w.org\/{rel}","templated":true}]}}