{"id":651,"date":"2024-07-02T15:24:09","date_gmt":"2024-07-02T15:24:09","guid":{"rendered":"http:\/\/localhost\/hommywp\/hot-sale-countertop-frozen-yogurt-maker-machine-price-list\/"},"modified":"2025-08-01T09:57:38","modified_gmt":"2025-08-01T09:57:38","slug":"venta-caliente-maquina-de-helados-soft-serve","status":"publish","type":"product","link":"https:\/\/www.hommy.com\/es\/p\/venta-caliente-maquina-de-helados-soft-serve\/","title":{"rendered":"Venta caliente encimera m\u00e1quina de yogur congelado Lista de precios"},"content":{"rendered":"<div>\n<p>&nbsp;<\/p>\n<h2 style=\"text-align: center\"><strong><span style=\"font-family: arial, helvetica, sans-serif;font-size: 24px\"><a name=\"Hot Sale Soft Serve Ice Cream Machine\"><\/a>Venta caliente Soft Serve m\u00e1quina de helados<\/span><\/strong><\/h2>\n<p style=\"text-align: center\"><span style=\"font-family: arial, helvetica, sans-serif;font-size: 16px\"><a href=\"#Hot Sale Soft Serve Ice Cream Machine\" target=\"_self\" data-lv=\"0\" rel=\"noopener\">Venta caliente Soft Serve m\u00e1quina de helados<\/a>|<a href=\"#Touch screen control\" target=\"_self\" data-lv=\"0\" rel=\"noopener\">Control por pantalla t\u00e1ctil<\/a>|<a href=\"#Functions\" target=\"_self\" data-lv=\"0\" rel=\"noopener\">Funciones<\/a>|<a href=\"#PRODUCT DETAILS\" target=\"_self\" data-lv=\"0\" rel=\"noopener\">DETALLES DEL PRODUCTO<\/a><\/span><\/p>\n<p>Hemos estado sirviendo a los clientes con nuestra amplia colecci\u00f3n de <a style=\"color:blue\" href=\"https:\/\/www.hommy.com\/es\/maquina-de-yogur-helado\/\">m\u00e1quina de yogur helado<\/a>s de todo el mundo. Podemos proporcionar a los clientes las m\u00e1quinas necesarias dentro del plazo estipulado. Adem\u00e1s, ofrecemos a los clientes las m\u00e1quinas en el mercado a los precios m\u00e1s competitivos.<\/p>\n<p><\/p>\n<p>Adem\u00e1s, nuestros profesionales ofrecen a los clientes servicios posventa.<\/p>\n<p style=\"text-align: center\">&nbsp;<\/p>\n<div class=\"d-tem11-graphic tem11-graphic mockup\" data-detail=\"wrap\">\n<div class=\"tab_row\">\n<div class=\"img\" style=\"width: 50%\"><img decoding=\"async\" title=\"\" alt=\"producto-Hommy-img\" src=\"https:\/\/www.hommy.com\/wp-content\/uploads\/15553942303515.jpg\"><\/div>\n<div class=\"text_box\" style=\"width: 50%\">\n<div class=\"txt\">\n<p>&nbsp;<\/p>\n<h2><strong><span style=\"font-family: arial, helvetica, sans-serif;font-size: 24px\"><a name=\"Touch screen control\"><\/a>Control por pantalla t\u00e1ctil<\/span><\/strong><\/h2>\n<p>&nbsp;<\/p>\n<p style=\"line-height: 2em\">El sistema de control t\u00e1ctil por microprocesador est\u00e1 integrado en un resistente panel de cristal templado.<br \/>Las temperaturas de las tolvas o de los cilindros de congelaci\u00f3n pueden visualizarse en cualquier punto de la operaci\u00f3n.<br \/>Proporciona el nivel de viscosidad necesario para las raciones.<br \/>Indicador de nivel de mezcla y alarma. Cuando el indicador luminoso de mezcla agotada parpadea, la m\u00e1quina se apaga autom\u00e1ticamente para evitar da\u00f1os.<br \/>Modo de espera: Durante largos periodos sin uso, la funci\u00f3n de espera mantiene temperaturas seguras del producto en la tolva de mezcla y el cilindro de congelaci\u00f3n.<br \/>Funci\u00f3n de protecci\u00f3n de la presi\u00f3n del sistema de refrigeraci\u00f3n.<br \/>Su construcci\u00f3n duradera con cubierta de acero inoxidable le confiere un aspecto exterior moderno y lujoso.<br \/><span style=\"font-size: 18px\"><strong><br \/><\/strong><\/span><\/p>\n<p style=\"line-height: 2em\"><span style=\"font-family: arial, helvetica, sans-serif;font-size: 24px\"><strong><a name=\"Functions\"><\/a>Funciones: <\/strong><\/span><br \/><span style=\"font-family: arial, helvetica, sans-serif;font-size: 16px\">El sistema de preenfriamiento mantiene la mezcla por debajo de 5\u00b0C durante los modos autom\u00e1tico y de espera. La bomba de aire suministra la mezcla con cierta cantidad de aire a los cilindros de congelaci\u00f3n. <br \/>El mezclador mantiene la uniformidad de la mezcla en las tolvas. *El contador permite al operador ver el n\u00famero de raciones dispensadas.<br \/>Ruido ultrasilencioso de 50-55 decibelios.&nbsp;<\/span><\/p>\n<\/div>\n<\/div>\n<\/div>\n<\/div>\n<p>&nbsp;<\/p>\n<div class=\"text-left d-tem09-title d-interval\" data-detail=\"wrap\">\n<div class=\"title-header\">\n<h2><strong><span style=\"font-size: 24px;font-family: arial, helvetica, sans-serif\"><a name=\"PRODUCT DETAILS\"><\/a>DETALLES DEL PRODUCTO<\/span><\/strong><\/h2>\n<div class=\"subtitle\"><span>Tras a\u00f1os de desarrollo, hemos establecido una red de distribuci\u00f3n a gran escala en varios pa\u00edses y recibimos buenos comentarios de nuestros clientes.<\/span><\/div>\n<\/div>\n<\/div>\n<p>&nbsp;<\/p>\n<div class=\"d-tem18-graphic d-clearfix d-interval mockup clearfix\" data-detail=\"wrap\">\n<div class=\"col-lg-4 col-md-4 col-sm-4 col-xs-6\">\n<div class=\"item\">\n<div class=\"images\"><img decoding=\"async\" title=\"\" alt=\"producto-Hommy-img\" src=\"https:\/\/www.hommy.com\/wp-content\/uploads\/15553942943527.jpg\"><\/div>\n<\/div>\n<\/div>\n<div class=\"col-lg-4 col-md-4 col-sm-4 col-xs-6\">\n<div class=\"item\">\n<div class=\"images\"><img decoding=\"async\" title=\"\" alt=\"producto-Hommy-img\" src=\"https:\/\/www.hommy.com\/wp-content\/uploads\/15553943011548.jpg\"><\/div>\n<\/div>\n<\/div>\n<div class=\"col-lg-4 col-md-4 col-sm-4 col-xs-6\">\n<div class=\"item\">\n<div class=\"images\"><img decoding=\"async\" title=\"\" alt=\"product-Hot Sale Soft Serve Ice Cream Machine-Hommy-img\" src=\"https:\/\/www.hommy.com\/wp-content\/uploads\/15553943082607.jpg\"><\/div>\n<\/div>\n<\/div>\n<\/div>\n<p>&nbsp;<\/p>\n<p>Documento\uff1a<img decoding=\"async\" src=\"https:\/\/www.hommy.com\/wp-content\/uploads\/icon_pdf-33.gif\" style=\"margin-right: 2px\" alt=\"producto-Hommy-img\" title=\"\"><a href=\"https:\/\/img80002414.weyesimg.com\/uploads\/www.hommy.com\/addon\/16028125946586.pdf\" title=\"16028125946586.pdf\" style=\"font-size: 12px\">16028125946586.pdf<\/a><\/p>\n<h2>\u00bfSe puede congelar el yogur de vainilla? Yo no puedo, as\u00ed que compro el desnatado.<\/h2>\n<p style=\"margin-top: 5px;margin-bottom: 5px\"><\/p>\n<p style=\"margin-top: 5px;margin-bottom: 5px\">Ah, y tambi\u00e9n compro queso crema sin grasa.<\/p>\n<p style=\"margin-top: 5px;margin-bottom: 5px\"><\/p>\n<p style=\"margin-top: 5px;margin-bottom: 5px\">No es que no me guste el queso fresco desnatado, es que he o\u00eddo que no sabe bien. As\u00ed que hago el m\u00edo. Lo hago desde cero, porque es mucho mejor.<\/p>\n<p style=\"margin-top: 5px;margin-bottom: 5px\"><\/p>\n<p style=\"margin-top: 5px;margin-bottom: 5px\">\u00bfQu\u00e9 es el queso fresco desnatado? B\u00e1sicamente es una combinaci\u00f3n de az\u00facar y harina blanca, y es lo que sol\u00edamos llamar \"reques\u00f3n\".<\/p>\n<p style=\"margin-top: 5px;margin-bottom: 5px\"><\/p>\n<h2>\u00bfCu\u00e1nto dura un <a style=\"color:blue\" href=\"https:\/\/www.hommy.com\/es\/maquina-de-helados\/\">m\u00e1quina de helados cremosos<\/a> \u00bf\u00faltimo?<\/h2>\n<p style=\"margin-top: 5px;margin-bottom: 5px\"><\/p>\n<p style=\"margin-top: 5px;margin-bottom: 5px\">Es f\u00e1cil saber si su m\u00e1quina de helados cremosos funciona correctamente. Si el helado parece cremoso, tiene una consistencia espesa y fluye libremente del dispensador, est\u00e1 funcionando correctamente. Si el helado est\u00e1 duro, tiene una consistencia fina y no fluye libremente del dispensador, no est\u00e1 funcionando correctamente. Tambi\u00e9n es f\u00e1cil saber si una m\u00e1quina de helados cremosos es vieja o nueva. Si la m\u00e1quina es antigua, probablemente ser\u00e1 m\u00e1s dif\u00edcil de limpiar y no funcionar\u00e1 tan bien.<\/p>\n<p style=\"margin-top: 5px;margin-bottom: 5px\"><\/p>\n<p style=\"margin-top: 5px;margin-bottom: 5px\"><\/p>\n<h2>\u00bfPueden los perros comer yogur griego?<\/h2>\n<p style=\"margin-top: 5px;margin-bottom: 5px\"><\/p>\n<p style=\"margin-top: 5px;margin-bottom: 5px\">El yogur griego es la \u00faltima moda en el mundo canino, pero \u00bfpueden los perros comer yogur griego? Vamos a responder a esta pregunta y a muchas m\u00e1s en nuestra gu\u00eda sobre el yogur griego para perros.<\/p>\n<\/div><\/div>","protected":false},"excerpt":{"rendered":"<p>&nbsp; Hot Sale Soft Serve Ice Cream Machine Hot Sale Soft Serve Ice Cream Machine|Touch screen control|Functions|PRODUCT DETAILS We have been serving the customers with our wide collection of frozen yogurt machines from all over the world. We can provide the customers with the required machines within the stipulated time. Moreover, we provide the customers [&hellip;]<\/p>\n","protected":false},"featured_media":646,"comment_status":"open","ping_status":"open","template":"","meta":{"_swt_meta_header_display":false,"_swt_meta_footer_display":false,"_swt_meta_site_title_display":false,"_swt_meta_sticky_header":false,"_swt_meta_transparent_header":false},"product_brand":[],"product_cat":[80,77],"product_tag":[],"class_list":{"0":"post-651","1":"product","2":"type-product","3":"status-publish","4":"has-post-thumbnail","6":"product_cat-frozen-yogurt-machine","7":"product_cat-ice-cream-machine","9":"first","10":"instock","11":"shipping-taxable","12":"product-type-simple"},"_links":{"self":[{"href":"https:\/\/www.hommy.com\/es\/wp-json\/wp\/v2\/product\/651","targetHints":{"allow":["GET"]}}],"collection":[{"href":"https:\/\/www.hommy.com\/es\/wp-json\/wp\/v2\/product"}],"about":[{"href":"https:\/\/www.hommy.com\/es\/wp-json\/wp\/v2\/types\/product"}],"replies":[{"embeddable":true,"href":"https:\/\/www.hommy.com\/es\/wp-json\/wp\/v2\/comments?post=651"}],"wp:featuredmedia":[{"embeddable":true,"href":"https:\/\/www.hommy.com\/es\/wp-json\/wp\/v2\/media\/646"}],"wp:attachment":[{"href":"https:\/\/www.hommy.com\/es\/wp-json\/wp\/v2\/media?parent=651"}],"wp:term":[{"taxonomy":"product_brand","embeddable":true,"href":"https:\/\/www.hommy.com\/es\/wp-json\/wp\/v2\/product_brand?post=651"},{"taxonomy":"product_cat","embeddable":true,"href":"https:\/\/www.hommy.com\/es\/wp-json\/wp\/v2\/product_cat?post=651"},{"taxonomy":"product_tag","embeddable":true,"href":"https:\/\/www.hommy.com\/es\/wp-json\/wp\/v2\/product_tag?post=651"}],"curies":[{"name":"wp","href":"https:\/\/api.w.org\/{rel}","templated":true}]}}