{"id":645,"date":"2024-07-02T14:54:03","date_gmt":"2024-07-02T14:54:03","guid":{"rendered":"http:\/\/localhost\/hommywp\/pop-corn-making-equipment-vending-machine-manufacturer-price-list\/"},"modified":"2025-08-01T09:57:38","modified_gmt":"2025-08-01T09:57:38","slug":"maquina-expendedora-de-palomitas-16","status":"publish","type":"product","link":"https:\/\/www.hommy.com\/es\/p\/maquina-expendedora-de-palomitas-16\/","title":{"rendered":"Lista de precios de los fabricantes de m\u00e1quinas expendedoras de palomitas de ma\u00edz"},"content":{"rendered":"<div>\n<p style=\"text-align: center\"><span style=\"font-size: 24px\"><br \/><\/span><\/p>\n<h2 style=\"text-align: center\"><strong><span style=\"font-family: arial, helvetica, sans-serif;font-size: 24px\"><a name=\"Vending popcorn machine\"><\/a>M\u00e1quina expendedora de palomitas<\/span><\/strong><br \/><\/h2>\n<p style=\"text-align: center\"><a href=\"#Vending popcorn machine\" target=\"_self\" data-lv=\"0\" rel=\"noopener\"><span style=\"font-family: arial, helvetica, sans-serif;font-size: 16px\">M\u00e1quina expendedora de palomitas<\/span><\/a><span style=\"font-family: arial, helvetica, sans-serif;font-size: 16px\">|<a href=\"#PRODUCT FEATURES\" target=\"_self\" data-lv=\"0\" rel=\"noopener\">CARACTER\u00cdSTICAS DEL PRODUCTO<\/a>|<a href=\"#Vending popcorn machine\" target=\"_self\" data-lv=\"0\" rel=\"noopener\">M\u00e1quina expendedora de palomitas<\/a>|<a href=\"#PRODUCT SPECIFICATION\" target=\"_self\" data-lv=\"0\" rel=\"noopener\">ESPECIFICACI\u00d3N DEL PRODUCTO<\/a>|<a href=\"#PRODUCT ADVANTAGE\" target=\"_self\" data-lv=\"0\" rel=\"noopener\">VENTAJA DEL PRODUCTO<\/a><\/span><\/p>\n<p><\/p>\n<p><!-- Video start --><video poster=\"https:\/\/img80002414.weyesimg.com\/uploads\/www.hommy.com\/video\/15794976206195.mp4?vframe\/jpg\/offset\/1\" id=\"video\" preload=\"auto\" controls=\"controls\" style=\"width:100%;height:510px\"><\/video><!-- Video end --><\/p>\n<p><!-- Video start --><video poster=\"https:\/\/img80002414.weyesimg.com\/uploads\/www.hommy.com\/video\/15863024924759.mp4?vframe\/jpg\/offset\/1\" id=\"video\" preload=\"auto\" controls=\"controls\" style=\"width:100%;height:510px\"><\/video><!-- Video end --><\/p>\n<\/p>\n<p>Ofrecemos una amplia gama de m\u00e1quinas expendedoras de palomitas de ma\u00edz para atender a las necesidades de nuestros clientes. Nuestra m\u00e1quina se hace disponible en diversos tama\u00f1os y dise\u00f1os y est\u00e1 muy f\u00e1cilmente disponible en el mercado. Nuestra gama de calidad de la m\u00e1quina expendedora de palomitas de ma\u00edz se hace disponible en tarifas muy razonables.<\/p>\n<p><\/p>\n<p>Son muy demandadas en el mercado por su calidad y fiabilidad. Nuestra m\u00e1quina expendedora de palomitas de ma\u00edz est\u00e1 disponible en diferentes modelos y tama\u00f1os y se puede personalizar seg\u00fan las necesidades de nuestros clientes.<\/p>\n<p><span style=\"font-size: 24px\"><br \/><\/span><\/p>\n<h2><strong><span style=\"font-size: 24px;font-family: arial, helvetica, sans-serif\"><a name=\"PRODUCT FEATURES\"><\/a>CARACTER\u00cdSTICAS DEL PRODUCTO<\/span><\/strong><\/h2>\n<p style=\"font-size: 13px;line-height: 30px\"><span>La planta de Hommy ocupa una superficie de 30.500 metros cuadrados en la ciudad de Xinhui Jiangmen, y consta de l\u00edneas de producci\u00f3n flexibles, laboratorio de I+D, centro de aprendizaje y taller equipado con equipos de vanguardia.<\/span><\/p>\n<div class=\"d-tem11-graphic tem11-graphic mockup\" data-detail=\"wrap\">\n<div class=\"tab_row\">\n<div class=\"img\" style=\"width:50%\"><img decoding=\"async\" src=\"https:\/\/www.hommy.com\/wp-content\/uploads\/15794987406646.png\" alt=\"producto-HM-PC-18 m\u00e1quina expendedora de palomitas-Hommy-img\" title=\"\"><\/div>\n<div class=\"text_box\" style=\"width:50%\">\n<div class=\"txt\">\n<h2><span style=\"font-family: arial, helvetica, sans-serif;font-size: 24px\"><strong><a name=\"Vending popcorn machine\"><\/a>M\u00e1quina expendedora de palomitas<\/strong><\/span><\/h2>\n<p><\/p>\n<p style=\"margin-top:0;margin-right:0;margin-bottom:0;margin-left:0;text-indent:0;text-align:justify\"><span style=\"font-family:\u5b8b\u4f53;letter-spacing:0;font-size:16px\">1.Each capacidad de la taza: 50ml que puede hecho cerca de palomitas 16-18OZ.<\/span><\/p>\n<p style=\"margin-top:0;margin-right:0;margin-bottom:0;margin-left:0;text-indent:0;text-align:justify\"><span style=\"font-family: \u5b8b\u4f53;font-size: 16px;letter-spacing: 0px\">2.La m\u00e1quina interior puede storge 80pcs bolsa de papel.    3.<\/span><span style=\"font-family: \u5b8b\u4f53;font-size: 16px;letter-spacing: 0px\">Sistema de pago : moneda y ficha .              4.<\/span><span style=\"font-family: \u5b8b\u4f53;font-size: 16px;letter-spacing: 0px\">30L storge palomitas de acero inoxidable y envoltura exterior de la cubierta con la imagen agradable.<\/span><\/p>\n<p style=\"margin-top:0;margin-right:0;margin-bottom:0;margin-left:0;text-indent:0;text-align:justify\"><span style=\"font-family: \u5b8b\u4f53;font-size: 16px;letter-spacing: 0px\">5.La m\u00e1quina dentro de instalar el sistema de calefacci\u00f3n y ventilador del ma\u00edz hecho a las palomitas de ma\u00edz es r\u00e1pidamente s\u00f3lo necesita 60-80 segundos<\/span><\/p>\n<p style=\"margin-top:0;margin-right:0;margin-bottom:0;margin-left:0;text-indent:0;text-align:justify\"><span style=\"font-family: \u5b8b\u4f53;font-size: 16px;letter-spacing: 0px\">6.La m\u00e1quina dentro de instalar el sistema de control autom\u00e1tico de calor.<\/span><\/p>\n<p style=\"margin-top:0;margin-right:0;margin-bottom:0;margin-left:0;text-indent:0;text-align:justify\"><span style=\"font-family: \u5b8b\u4f53;font-size: 16px;letter-spacing: 0px\">7.<\/span><span style=\"font-family: \u5b8b\u4f53;font-size: 16px;letter-spacing: 0px\">El cuenco de aluminio transmite bien el calor.<\/span><\/p>\n<p style=\"margin-top:0;margin-right:0;margin-bottom:0;margin-left:0;text-indent:0;text-align:justify\"><span style=\"font-family: \u5b8b\u4f53;font-size: 16px;letter-spacing: 0px\">8.La parte superior de la m\u00e1quina ha llevado tablero de publicidad, que tienen 10 colores para cambiar para que su para ajustarlo.&nbsp;&nbsp;<\/span><\/p>\n<p style=\"margin-top:0;margin-right:0;margin-bottom:0;text-align:justify\"><span style=\"font-family:\u5b8b\u4f53;letter-spacing:0;font-size:16px\">9. Ahorro de energ\u00eda .                        10.<\/span><span style=\"font-family: \u5b8b\u4f53;font-size: 16px;letter-spacing: 0px\">Dise\u00f1o sencillo y funcionamiento c\u00f3modo.<\/span><\/p>\n<p><\/p>\n<\/div>\n<\/div>\n<\/div>\n<\/div>\n<p style=\"font-size: 13px;line-height: 30px\"><span><br \/><\/span><\/p>\n<p style=\"font-size: 13px;line-height: 30px\"><span><br \/><\/span><\/p>\n<p style=\"font-size: 13px;line-height: 30px\"><span><\/span><\/p>\n<h2><strong><span style=\"font-size: 24px;font-family: arial, helvetica, sans-serif\"><a name=\"PRODUCT SPECIFICATION\"><\/a>ESPECIFICACI\u00d3N DEL PRODUCTO<\/span><\/strong><\/h2>\n<p style=\"font-size: 13px;line-height: 30px\"><span>La excelente experiencia del cliente es el punto de partida de Hommy.<\/span><\/p>\n<p style=\"text-align:center\"><span style=\"font-size: 24px\"><img decoding=\"async\" src=\"https:\/\/www.hommy.com\/wp-content\/uploads\/15865765716782-1.png\" title=\"cargas\/www.hommy.com\/images\/https:\/\/www.hommy.com\/wp-content\/uploads\/15865765716782-1.png\" alt=\"imagen.png\" \/><\/span><\/p>\n<p style=\"font-size: 13px;line-height: 30px\"><span style=\"font-size: 24px\"><br \/><\/span><\/p>\n<h2 style=\"font-size: 13px;line-height: 30px\"><strong><span style=\"font-size: 24px;font-family: arial, helvetica, sans-serif\"><a name=\"PRODUCT ADVANTAGE\"><\/a>VENTAJA DEL PRODUCTO<\/span><\/strong><br \/><\/h2>\n<p style=\"font-size: 13px;line-height: 30px\"><span style=\"font-size: 24px\"><\/span><\/p>\n<div class=\"d-tem01-graphic tem01-graphic mockup\" data-detail=\"wrap\">\n<div class=\"cont-section clearfix d-clearfix\">\n<div class=\"col-md-6 col-sm-6 col-xs-6\">\n<div class=\"right-p\">\n<p><span style=\"font-size: 20px\">Tablero publicitario de leds&nbsp;<\/span><\/p>\n<p><span style=\"font-family: \u5b8b\u4f53;font-size: 16px;letter-spacing: 0px\">Tablero de publicidad LED, que tienen 10 colores para cambiar para que usted pueda ajustarlo, puede atraer a m\u00e1s clientes.<\/span><\/p>\n<p><span style=\"font-family: \u5b8b\u4f53;font-size: 16px;letter-spacing: 0px\"><br \/><\/span><\/p>\n<p><img decoding=\"async\" src=\"https:\/\/www.hommy.com\/wp-content\/uploads\/15865768005936.jpg\" alt=\"producto-Hommy-img\" title=\"\" style=\"text-align: center\"><\/p>\n<\/div>\n<\/div>\n<div class=\"col-md-6 col-sm-6 col-xs-6\">\n<div class=\"right-p\"><span style=\"font-size: 20px\">Sistema de pago: monedas y fichas&nbsp;<\/span>&nbsp;<\/p>\n<p><span style=\"font-family:\u5b8b\u4f53;letter-spacing:0;font-size:16px\">La m\u00e1quina en el interior de pago que puede aceptar monedas y fichas, puede utilizar fichas para hacer la promoci\u00f3n de su m\u00e1quina.&nbsp;<\/span><\/p>\n<\/div>\n<p style=\"text-align:center\"><img decoding=\"async\" src=\"https:\/\/www.hommy.com\/wp-content\/uploads\/15865769703876.jpg\" alt=\"product-Hommy-HM-PC-18 m\u00e1quina expendedora de palomitas-img\" title=\"\"><\/p>\n<p><\/p>\n<p>&nbsp;<\/p>\n<p>&nbsp;<\/p>\n<p><\/p>\n<\/div>\n<\/div>\n<\/div>\n<div class=\"d-tem01-graphic tem01-graphic mockup\" data-detail=\"wrap\">\n<div class=\"cont-section clearfix d-clearfix\">\n<div class=\"col-md-6 col-sm-6 col-xs-6\">\n<div class=\"right-p\">\n<div class=\"h2 heading\">Caldera resistente<\/div>\n<p><\/p>\n<p><span style=\"font-family:\u5b8b\u4f53;letter-spacing:0;font-size:16px\">La m\u00e1quina dentro de la olla de calefacci\u00f3n que utilizan materiales resistentes a altas temperaturas que pueden pasar de 200 grados, normalmente la temperatura de trabajo olla de calefacci\u00f3n es 90degree a 110 grados.&nbsp;&nbsp;<\/span><\/p>\n<\/div>\n<div class=\"graphic_pic animated wow bounceIn\" data-wow-delay=\".7s\"><img decoding=\"async\" src=\"https:\/\/www.hommy.com\/wp-content\/uploads\/15865774343251-1.jpg\" alt=\"m\u00e1quina expendedora de productos -Hommy-img\" title=\"\" style=\"float: left\"><br \/>\n &nbsp; &nbsp; &nbsp; &nbsp; &nbsp; &nbsp;<\/div>\n<\/div>\n<div class=\"col-md-6 col-sm-6 col-xs-6\">\n<div class=\"right-p\">\n<div class=\"h2 heading\">Bolsa de papel y caja Stoge<\/div>\n<p><\/p>\n<p><span style=\"font-family: \u5b8b\u4f53;font-size: 16px;letter-spacing: 0px\">En el interior de la m\u00e1quina tiene caja m\u00e1s grande y m\u00e1s grande storge bolsa de papel (mantener alrededor de 80pcs).<\/span><\/p>\n<p><\/p>\n<p><\/p>\n<p><img decoding=\"async\" src=\"https:\/\/www.hommy.com\/wp-content\/uploads\/15865778984004.jpg\" alt=\"producto-M\u00e1quina expendedora -img\" title=\"\">&nbsp; &nbsp; &nbsp; &nbsp; &nbsp; &nbsp; &nbsp;<\/p>\n<\/div>\n<\/div>\n<\/div>\n<\/div>\n<p>&nbsp; &nbsp; &nbsp;<\/p>\n<p>Documento\uff1a<img decoding=\"async\" src=\"https:\/\/www.hommy.com\/wp-content\/uploads\/icon_pdf-32.gif\" style=\"margin-right: 2px\" alt=\"producto-HM-PC-18 m\u00e1quina expendedora de palomitas-Hommy-img-1\" title=\"\"><a href=\"https:\/\/img80002414.weyesimg.com\/uploads\/www.hommy.com\/addon\/16028328875109.pdf\" title=\"16028328875109.pdf\" style=\"font-size: 12px\">16028328875109.pdf<\/a><\/p>\n<h2>\u00bfC\u00f3mo montar un negocio de venta autom\u00e1tica?<\/h2>\n<p style=\"margin-top: 5px;margin-bottom: 5px\"><\/p>\n<p style=\"margin-top: 5px;margin-bottom: 5px\">\"Me hace mucha ilusi\u00f3n abrir mi primer negocio de vending. No s\u00e9 mucho sobre el sector, pero conf\u00edo en poder aprender las habilidades necesarias para poner en marcha mi propio negocio.\"<\/p>\n<p style=\"margin-top: 5px;margin-bottom: 5px\"><\/p>\n<p style=\"margin-top: 5px;margin-bottom: 5px\">Si alguna vez ha pensado en el vending, no est\u00e1 solo. Hay muchas personas que quieren entrar en el negocio del vending y buscan respuestas sobre c\u00f3mo empezar.<\/p>\n<p style=\"margin-top: 5px;margin-bottom: 5px\"><\/p>\n<p style=\"margin-top: 5px;margin-bottom: 5px\"><\/p>\n<p style=\"margin-top: 5px;margin-bottom: 5px\">\u00bfC\u00f3mo se hacen las palomitas en una m\u00e1quina grande? \u00bfCu\u00e1l es la mejor manera de meter la mantequilla? \u00bfCu\u00e1l es una buena bolsa para hacer palomitas en el microondas? He comprado unas cuantas bolsas en el supermercado y parecen estar por todas partes, as\u00ed que estoy buscando recomendaciones.<\/p>\n<p style=\"margin-top: 5px;margin-bottom: 5px\"><\/p>\n<p style=\"margin-top: 5px;margin-bottom: 5px\">\u00bfC\u00f3mo se hacen las palomitas en una m\u00e1quina grande? \u00bfCu\u00e1l es la mejor manera de meter la mantequilla? \u00bfCu\u00e1l es una buena bolsa para hacer palomitas en el microondas? He comprado unas cuantas bolsas en el supermercado y parecen estar por todas partes, as\u00ed que estoy buscando recomendaciones...<\/p>\n<p style=\"margin-top: 5px;margin-bottom: 5px\"><\/p>\n<h2>\u00bfNecesita una licencia para una m\u00e1quina expendedora en Ontario?<\/h2>\n<p style=\"margin-top: 5px;margin-bottom: 5px\"><\/p>\n<p style=\"margin-top: 5px;margin-bottom: 5px\">La respuesta es s\u00ed. Para abrir un nuevo local o una nueva m\u00e1quina, necesita una licencia de la Comisi\u00f3n de Alcohol y Juego de Ontario (AGCO). Existen dos licencias para las m\u00e1quinas expendedoras: una licencia est\u00e1ndar de venta y una licencia de bebidas alcoh\u00f3licas.<\/p>\n<p style=\"margin-top: 5px;margin-bottom: 5px\"><\/p>\n<p style=\"margin-top: 5px;margin-bottom: 5px\">Puede obtener una licencia de venta est\u00e1ndar para su negocio y su nueva m\u00e1quina, pero no puede obtener una licencia de venta de bebidas alcoh\u00f3licas para su nueva m\u00e1quina.<\/p>\n<\/div><\/div>","protected":false},"excerpt":{"rendered":"<p>Vending popcorn machine Vending popcorn machine|PRODUCT FEATURES|Vending popcorn machine|PRODUCT SPECIFICATION|PRODUCT ADVANTAGE We provide a wide range of popcorn vending machine for catering to the needs of our clients. Our machine is made available in different sizes and designs and is very easily available at the market. Our quality range of popcorn vending machine is made [&hellip;]<\/p>\n","protected":false},"featured_media":638,"comment_status":"open","ping_status":"open","template":"","meta":{"_swt_meta_header_display":false,"_swt_meta_footer_display":false,"_swt_meta_site_title_display":false,"_swt_meta_sticky_header":false,"_swt_meta_transparent_header":false},"product_brand":[],"product_cat":[79,68],"product_tag":[],"class_list":{"0":"post-645","1":"product","2":"type-product","3":"status-publish","4":"has-post-thumbnail","6":"product_cat-popcorn-vending-machine","7":"product_cat-vending-machine","9":"first","10":"instock","11":"shipping-taxable","12":"product-type-simple"},"_links":{"self":[{"href":"https:\/\/www.hommy.com\/es\/wp-json\/wp\/v2\/product\/645","targetHints":{"allow":["GET"]}}],"collection":[{"href":"https:\/\/www.hommy.com\/es\/wp-json\/wp\/v2\/product"}],"about":[{"href":"https:\/\/www.hommy.com\/es\/wp-json\/wp\/v2\/types\/product"}],"replies":[{"embeddable":true,"href":"https:\/\/www.hommy.com\/es\/wp-json\/wp\/v2\/comments?post=645"}],"wp:featuredmedia":[{"embeddable":true,"href":"https:\/\/www.hommy.com\/es\/wp-json\/wp\/v2\/media\/638"}],"wp:attachment":[{"href":"https:\/\/www.hommy.com\/es\/wp-json\/wp\/v2\/media?parent=645"}],"wp:term":[{"taxonomy":"product_brand","embeddable":true,"href":"https:\/\/www.hommy.com\/es\/wp-json\/wp\/v2\/product_brand?post=645"},{"taxonomy":"product_cat","embeddable":true,"href":"https:\/\/www.hommy.com\/es\/wp-json\/wp\/v2\/product_cat?post=645"},{"taxonomy":"product_tag","embeddable":true,"href":"https:\/\/www.hommy.com\/es\/wp-json\/wp\/v2\/product_tag?post=645"}],"curies":[{"name":"wp","href":"https:\/\/api.w.org\/{rel}","templated":true}]}}