{"id":637,"date":"2024-07-02T14:53:27","date_gmt":"2024-07-02T14:53:27","guid":{"rendered":"http:\/\/localhost\/hommywp\/polular-coin-operated-automatic-popcorn-vending-machine\/"},"modified":"2025-08-01T09:57:38","modified_gmt":"2025-08-01T09:57:38","slug":"maquina-expendedora-automatica-de-palomitas-de-maiz","status":"publish","type":"product","link":"https:\/\/www.hommy.com\/es\/p\/maquina-expendedora-automatica-de-palomitas-de-maiz\/","title":{"rendered":"Polular M\u00e1quina expendedora autom\u00e1tica de palomitas de ma\u00edz que funciona con monedas"},"content":{"rendered":"<p style=\"text-align: center\"><span style=\"font-family:Calibri;font-size:29px\">Expendedor autom\u00e1tico de un sabor <\/span><span style=\"font-family:\u5b8b\u4f53;font-size:29px\">M\u00e1quina de palomitas <\/span><\/p>\n<p style=\"text-align: center\"><span style=\"font-family:Calibri;font-size:29px\">https:\/\/youtu.be\/jkdmDw6KefI<\/span><\/p>\n<p><span style=\"font-family:Calibri;font-size:29px\">&nbsp;<\/span><\/p>\n<p>La m\u00e1quina autom\u00e1tica expendedora de palomitas de ma\u00edz que se ofrece es muy apreciada por su durabilidad, alta calidad, funcionalidad sin problemas, dise\u00f1o perfecto, etc. Se dise\u00f1a usando las materias primas y los componentes m\u00e1s de alta calidad para asegurar su funcionamiento duradero. Adem\u00e1s, la m\u00e1quina expendedora autom\u00e1tica de palomitas de ma\u00edz se prueba en diferentes par\u00e1metros para asegurarse de que ofrece un rendimiento \u00f3ptimo.<\/p>\n<p><span style=\"font-family:Calibri;font-size:29px\"><\/span><\/p>\n<p><span style=\"font-family:\u5b8b\u4f53;font-size:29px\">Especificaciones del producto:<\/span><\/p>\n<p><span style=\"font-family:\u5b8b\u4f53;font-size:29px\"><img decoding=\"async\" src=\"https:\/\/www.hommy.com\/wp-content\/uploads\/16431874463170.png\" alt=\"producto-Hommy-img\" title=\"\"><\/span><\/p>\n<p><span style=\"font-family:\u5b8b\u4f53;font-size:29px\"><\/span><\/p>\n<p style=\"margin-bottom:0;text-align:justify\"><span style=\"font-family:\u5b8b\u4f53;font-size:29px\">Caracter\u00edsticas del producto\uff1a<\/span><\/p>\n<p style=\"margin-bottom:0;text-align:justify\"><strong><span style=\"font-family: Calibri;font-size: 16px\">\u25cf Pantalla de operaci\u00f3n y publicidad de 21\" con sistema android.<\/span><\/strong><\/p>\n<p style=\"margin-bottom:0;text-align:justify\"><strong><span style=\"font-family: Calibri;font-size: 16px\">\u25cf Las tazas caer\u00e1n hacia abajo autom\u00e1ticamente. Capacidad de cada taza : 32oz( la m\u00e1quina en su interior puede&nbsp;<\/span><\/strong><strong><span style=\"font-family: Calibri;font-size: 16px\">mantener 100pcs taza de papel )<\/span><\/strong><\/p>\n<p style=\"margin-bottom:0;text-align:justify\"><strong><span style=\"font-family: Calibri;font-size: 16px\">\u25cf<\/span><span style=\"font-size: 16px\"><span style=\"font-family:\u5b8b\u4f53\">&nbsp;<\/span><\/span><\/strong><strong><span style=\"font-family: Calibri;font-size: 16px\">La cubierta exterior es de acero inoxidable y se envuelve con un bonito dibujo.<\/span><\/strong><\/p>\n<p style=\"margin-bottom:0;text-align:justify\"><strong><span style=\"font-family: Calibri;font-size: 16px\">\u25cf En el interior de la m\u00e1quina se instala sistema de calefacci\u00f3n y ventilador que hacen que el ma\u00edz se convierta en palomitas r\u00e1pidamente<\/span><\/strong><\/p>\n<p style=\"margin-bottom:0;text-align:justify\"><strong><span style=\"font-family: Calibri;font-size: 16px\">&nbsp;en s\u00f3lo 80 segundos, la temperatura del calentador de la m\u00e1quina se puede ajustar en base a diferentes tipos&nbsp;<\/span><\/strong><strong><span style=\"font-family: Calibri;font-size: 16px\">de palomitas.<\/span><\/strong><\/p>\n<p style=\"margin-bottom:0;text-align:justify\"><strong><span style=\"font-family: Calibri;font-size: 16px\">\u25cf La m\u00e1quina mezclar\u00e1 las palomitas con el sabor de la m\u00e1quina autom\u00e1ticamente.<\/span><\/strong><\/p>\n<p style=\"margin-bottom:0;text-align:justify\"><strong><span style=\"font-family: Calibri;font-size: 16px\">El interior de la m\u00e1quina se instala el calentador controlado autom\u00e1tico. Dise\u00f1o simple y operar conveniente.<\/span><\/strong><\/p>\n<p style=\"margin-bottom:0;text-align:justify\"><strong><span style=\"font-family: Calibri;font-size: 16px\">\u25cf Dos Bowl hecho en aluminio es bueno para transmition de calor.<\/span><\/strong><\/p>\n<p style=\"margin-bottom:0;text-align:justify\"><strong><span style=\"font-family: Calibri;font-size: 16px\">El idioma de la interfaz de la pantalla t\u00e1ctil se puede configurar en funci\u00f3n del pa\u00eds.<\/span><\/strong><\/p>\n<p style=\"margin-bottom:0;text-align:justify\"><strong><span style=\"font-family: Calibri;font-size: 16px\">\u25cf Sistema de pago:moneda,billete,MDB para lector de tarjetas.<\/span><\/strong><\/p>\n<p style=\"margin-bottom:0;text-align:justify\"><strong><span style=\"font-family: Calibri;font-size: 16px\">\u25cf La m\u00e1quina dentro de mantener un sabor ma\u00edz .<\/span><\/strong><\/p>\n<p style=\"margin-bottom:0;text-align:justify\"><strong><span style=\"font-family: Calibri;font-size: 16px\">\u25cf El sistema remoto puede realizar un seguimiento de la Situaci\u00f3n de venta, Recordatorio de falta de material, Ajuste de datos internos de la m\u00e1quina,<\/span><\/strong><strong><span style=\"font-family: Calibri;font-size: 16px\">&nbsp; Recordatorio de aver\u00eda de la m\u00e1quina.&nbsp;&nbsp;<\/span><\/strong><\/p>\n<p style=\"margin-bottom:0;margin-left:96px;text-align:justify\"><span style=\"font-family:Calibri;font-size:16px\">&nbsp;<\/span><span style=\"font-family: \u5b8b\u4f53;font-size: 16px\">&nbsp; &nbsp; &nbsp; &nbsp; &nbsp; &nbsp;<\/span><\/p>\n<p><span style=\"font-family:\u5b8b\u4f53;font-size:29px\">Ventaja del producto:<\/span><\/p>\n<p><span style=\"font-family:Calibri;font-size:16px\">&nbsp;<\/span><span style=\"font-family: Calibri;font-size: 16px\">1.&nbsp;<\/span><span style=\"font-family: Calibri;font-size: 16px\">El calefactor de dos capas distribuye el calor de forma m\u00e1s uniforme<\/span><\/p>\n<p><img loading=\"lazy\" decoding=\"async\" src=\"https:\/\/www.hommy.com\/wp-content\/uploads\/16431876355525.png\" title=\"\" alt=\"product-Hommy-M\u00e1quina autom\u00e1tica de palomitas-img\" width=\"350\" height=\"366\" border=\"0\" vspace=\"0\" style=\"width: 350px;height: 366px\"><\/p>\n<p><span style=\"font-family:\u5b8b\u4f53;font-size:16px\">2.<\/span><span style=\"font-family:\u5b8b\u4f53;font-size:16px\">La m\u00e1quina<\/span><span style=\"font-family:Calibri;font-size:16px\">&nbsp;Disponemos de 3 tipos de pago para que usted pueda operar: billete, moneda y cambio de moneda, tarjeta de cr\u00e9dito.<\/span><span style=\"font-family:\u5b8b\u4f53;font-size:16px\">&nbsp;<\/span><\/p>\n<p><img loading=\"lazy\" decoding=\"async\" src=\"https:\/\/www.hommy.com\/wp-content\/uploads\/16431876115451.png\" title=\"\" alt=\"product-M\u00e1quina expendedora autom\u00e1tica de palomitas-Hommy-img\" width=\"350\" height=\"162\" border=\"0\" vspace=\"0\" style=\"width: 350px;height: 162px\"><\/p>\n<p><span style=\"font-family:\u5b8b\u4f53;font-size:16px\">3.<\/span><span style=\"font-family:\u5b8b\u4f53;font-size:16px\">La m\u00e1quina dentro de la olla de calefacci\u00f3n que utilizan materiales resistentes a altas temperaturas que pueden pasar de 200 grados, normalmente la temperatura de trabajo olla de calefacci\u00f3n es 90degree a 110 grados. &nbsp;<\/span><\/p>\n<p><img loading=\"lazy\" decoding=\"async\" src=\"https:\/\/www.hommy.com\/wp-content\/uploads\/16431875836350.jpg\" title=\"\" alt=\"producto-Hommy-img\" width=\"350\" height=\"1440\" border=\"0\" vspace=\"0\" style=\"width: 350px;height: 1440px\"><\/p>\n<p><span style=\"font-family:Calibri;font-size:16px\">4.&nbsp;<\/span><span style=\"font-family:Calibri;font-size:16px\">La m\u00e1quina en el interior puede mantener 32OZ taza 100pcs . <\/span><\/p>\n<p><span style=\"font-family:\u5b8b\u4f53;font-size:16px\"><img loading=\"lazy\" decoding=\"async\" src=\"https:\/\/www.hommy.com\/wp-content\/uploads\/16431875535861.png\" title=\"\" alt=\"producto-Hommy-img\" width=\"350\" height=\"1080\" border=\"0\" vspace=\"0\" style=\"width: 350px;height: 1080px\">&nbsp;&nbsp;<\/span><\/p>\n<p><span style=\"font-family:Calibri;font-size:16px\">5.<\/span><span style=\"font-family:Calibri;font-size:16px\">La m\u00e1quina en el interior puede mantener 1 sabor de ma\u00edz .<\/span><\/p>\n<p><img loading=\"lazy\" decoding=\"async\" src=\"https:\/\/www.hommy.com\/wp-content\/uploads\/16431874975650.png\" title=\"\" alt=\"producto-Hommy-img\" width=\"350\" height=\"522\" border=\"0\" vspace=\"0\" style=\"width: 350px;height: 522px\"><\/p>\n<h2>\u00bfQu\u00e9 tipo de aceite utiliz\u00e1is para las m\u00e1quinas de palomitas? Y \u00bfcu\u00e1nto tiempo se deja enfriar antes de abrir la tapa?<\/h2>\n<p style=\"margin-top: 5px;margin-bottom: 5px\"><\/p>\n<p style=\"margin-top: 5px;margin-bottom: 5px\">Estoy planeando comprar una m\u00e1quina de palomitas de ma\u00edz este fin de semana. Estaba mirando la M&amp;P y me gusta la idea de poder ajustar la cantidad de mantequilla y sal. Tengo un hijo de 13 a\u00f1os que quiere com\u00e9rselas as\u00ed que quiero poder hacerlas sin que sepan a mantequilla.<\/p>\n<p style=\"margin-top: 5px;margin-bottom: 5px\"><\/p>\n<p style=\"margin-top: 5px;margin-bottom: 5px\">Lo primero que me viene a la mente es el aceite de canola. Pero quiero poder utilizar aceite vegetal normal.<\/p>\n<p style=\"margin-top: 5px;margin-bottom: 5px\"><\/p>\n<p style=\"margin-top: 5px;margin-bottom: 5px\"><\/p>\n<h2>\u00bfCu\u00e1l es el negocio perfecto para emprender?<\/h2>\n<p style=\"margin-top: 5px;margin-bottom: 5px\"><\/p>\n<p style=\"margin-top: 5px;margin-bottom: 5px\">Esta pregunta se ha formulado tantas veces que la respuesta est\u00e1 a punto de convertirse en un t\u00f3pico. Pero hay una verdad que se pasa por alto con demasiada frecuencia. Si eres una persona \u00edntegra, no importar\u00e1 el negocio que emprendas. Lo mismo ocurre con una persona \u00edntegra. Si eres una persona \u00edntegra, no importar\u00e1 el negocio que emprendas. La verdad es que lo que importa no es el negocio, sino la persona. Una persona \u00edntegra trabajar\u00e1 diligentemente para construir un negocio que tenga \u00e9xito, pero el \u00e9xito se medir\u00e1 por la integridad de la persona.<\/p>\n<p style=\"margin-top: 5px;margin-bottom: 5px\"><\/p>\n<h2>\u00bfSon rentables las m\u00e1quinas expendedoras en Canad\u00e1?<\/h2>\n<p style=\"margin-top: 5px;margin-bottom: 5px\"><\/p>\n<p style=\"margin-top: 5px;margin-bottom: 5px\">Hay pocas m\u00e1quinas expendedoras que no sean rentables en Canad\u00e1. Las razones son que Canad\u00e1 es un mercado relativamente peque\u00f1o y el coste de entrega es relativamente bajo. Por ejemplo, si una empresa entrega cinco art\u00edculos a un cliente y el coste de entrega es de $15, el coste de una m\u00e1quina para entregar los mismos art\u00edculos es de s\u00f3lo $3. Sin embargo, algunas m\u00e1quinas expendedoras no son rentables en Canad\u00e1 y otras s\u00ed lo son.<\/p>\n<\/p><\/div>","protected":false},"excerpt":{"rendered":"<p>One flavor automatic vending Popcorn Machine https:\/\/youtu.be\/jkdmDw6KefI &nbsp; The offered Automatic Vending Popcorn Machine is widely appreciated for its durability, high quality, smooth functionality, perfect design, etc. It is designed using the finest quality raw materials and components to ensure its long-lasting performance. Further, the Automatic Vending Popcorn Machine is tested on different parameters to [&hellip;]<\/p>\n","protected":false},"featured_media":1967,"comment_status":"open","ping_status":"open","template":"","meta":{"_swt_meta_header_display":false,"_swt_meta_footer_display":false,"_swt_meta_site_title_display":false,"_swt_meta_sticky_header":false,"_swt_meta_transparent_header":false},"product_brand":[],"product_cat":[79,68],"product_tag":[],"class_list":{"0":"post-637","1":"product","2":"type-product","3":"status-publish","4":"has-post-thumbnail","6":"product_cat-popcorn-vending-machine","7":"product_cat-vending-machine","9":"first","10":"instock","11":"shipping-taxable","12":"product-type-simple"},"_links":{"self":[{"href":"https:\/\/www.hommy.com\/es\/wp-json\/wp\/v2\/product\/637","targetHints":{"allow":["GET"]}}],"collection":[{"href":"https:\/\/www.hommy.com\/es\/wp-json\/wp\/v2\/product"}],"about":[{"href":"https:\/\/www.hommy.com\/es\/wp-json\/wp\/v2\/types\/product"}],"replies":[{"embeddable":true,"href":"https:\/\/www.hommy.com\/es\/wp-json\/wp\/v2\/comments?post=637"}],"wp:featuredmedia":[{"embeddable":true,"href":"https:\/\/www.hommy.com\/es\/wp-json\/wp\/v2\/media\/1967"}],"wp:attachment":[{"href":"https:\/\/www.hommy.com\/es\/wp-json\/wp\/v2\/media?parent=637"}],"wp:term":[{"taxonomy":"product_brand","embeddable":true,"href":"https:\/\/www.hommy.com\/es\/wp-json\/wp\/v2\/product_brand?post=637"},{"taxonomy":"product_cat","embeddable":true,"href":"https:\/\/www.hommy.com\/es\/wp-json\/wp\/v2\/product_cat?post=637"},{"taxonomy":"product_tag","embeddable":true,"href":"https:\/\/www.hommy.com\/es\/wp-json\/wp\/v2\/product_tag?post=637"}],"curies":[{"name":"wp","href":"https:\/\/api.w.org\/{rel}","templated":true}]}}