{"id":630,"date":"2024-07-02T14:42:50","date_gmt":"2024-07-02T14:42:50","guid":{"rendered":"http:\/\/localhost\/hommywp\/multiple-payment-methods-popcorn-vending-machine-for-sale\/"},"modified":"2025-08-01T09:57:38","modified_gmt":"2025-08-01T09:57:38","slug":"hm-pm-18a-maquina-automatica-expendedora-de-palomitas-de-maiz","status":"publish","type":"product","link":"https:\/\/www.hommy.com\/es\/p\/hm-pm-18a-maquina-automatica-expendedora-de-palomitas-de-maiz\/","title":{"rendered":"M\u00faltiples formas de pago M\u00e1quina expendedora de palomitas de ma\u00edz para la venta"},"content":{"rendered":"<div>\n<p style=\"text-align: center\"><span style=\"font-size: 24px\"><br \/><\/span><\/p>\n<h2 style=\"text-align: center\"><strong><span style=\"font-family: arial, helvetica, sans-serif;font-size: 24px\"><a name=\"Full Automatic Vending popcorn machine\"><\/a>M\u00e1quina expendedora autom\u00e1tica de palomitas de ma\u00edz<\/span><\/strong><br \/><\/h2>\n<p style=\"text-align: center\"><a href=\"#Full Automatic Vending popcorn machine\" target=\"_self\" data-lv=\"0\" rel=\"noopener\"><span style=\"font-family: arial, helvetica, sans-serif;font-size: 16px\">M\u00e1quina expendedora autom\u00e1tica de palomitas de ma\u00edz<\/span><\/a><span style=\"font-family: arial, helvetica, sans-serif;font-size: 16px\">|<a href=\"#PRODUCT FEATURES\" target=\"_self\" data-lv=\"0\" rel=\"noopener\">CARACTER\u00cdSTICAS DEL PRODUCTO<\/a>|<a href=\"#Full Automatic Vending popcorn machine\" target=\"_self\" data-lv=\"0\" rel=\"noopener\">M\u00e1quina expendedora autom\u00e1tica de palomitas de ma\u00edz<\/a>|<a href=\"#PRODUCT SPECIFICATION\" target=\"_self\" data-lv=\"0\" rel=\"noopener\">ESPECIFICACI\u00d3N DEL PRODUCTO<\/a>|<a href=\"#PRODUCT ADVANTAGE\" target=\"_self\" data-lv=\"0\" rel=\"noopener\">VENTAJA DEL PRODUCTO<\/a><\/span><\/p>\n<p><span style=\"font-size: 24px\"><br \/><\/span><\/p>\n<p><!-- Video start --><video poster=\"https:\/\/img80002414.weyesimg.com\/uploads\/www.hommy.com\/video\/15794976206195.mp4?vframe\/jpg\/offset\/1\" id=\"video\" preload=\"auto\" controls=\"controls\" style=\"width:100%;height:510px\"><\/video><!-- Video end --><\/p>\n<p>Nuestros clientes pueden hacer uso de nosotros esta m\u00e1quina expendedora en varias especificaciones a precios razonables. Esta m\u00e1quina expendedora de palomitas de ma\u00edz se utiliza para servir palomitas de ma\u00edz en los restaurantes, hoteles, salas de cine, centros comerciales y otros lugares p\u00fablicos. Est\u00e1 dise\u00f1ado de tal manera que puede ser f\u00e1cilmente operado por una sola persona. La m\u00e1quina expendedora de palomitas de ma\u00edz se fabrica utilizando los mejores componentes de calidad.<\/p>\n<h2><strong><span style=\"font-size: 24px;font-family: arial, helvetica, sans-serif\"><a name=\"PRODUCT FEATURES\"><\/a>CARACTER\u00cdSTICAS DEL PRODUCTO<\/span><\/strong><\/h2>\n<p style=\"font-size: 13px;line-height: 30px\"><span>La planta de Hommy ocupa una superficie de 30.500 metros cuadrados en la ciudad de Xinhui Jiangmen, y consta de l\u00edneas de producci\u00f3n flexibles, laboratorio de I+D, centro de aprendizaje y taller equipado con equipos de vanguardia.<\/span><\/p>\n<div class=\"d-tem11-graphic tem11-graphic mockup\" data-detail=\"wrap\">\n<div class=\"tab_row\">\n<div class=\"img\" style=\"width:50%\"><img loading=\"lazy\" decoding=\"async\" src=\"https:\/\/www.hommy.com\/wp-content\/uploads\/15865788232339.png\" alt=\"product-HM-PM-18A M\u00e1quina autom\u00e1tica expendedora de palomitas-Hommy-img\" title=\"\" width=\"481\" height=\"641\" border=\"0\" vspace=\"0\" style=\"width: 481px;height: 641px\"><\/div>\n<div class=\"text_box\" style=\"width:50%\">\n<div class=\"txt\">\n<h2><strong><span style=\"font-family: arial, helvetica, sans-serif;font-size: 24px\"><a name=\"Full Automatic Vending popcorn machine\"><\/a>M\u00e1quina expendedora autom\u00e1tica de palomitas de ma\u00edz<\/span><\/strong><\/h2>\n<p><span style=\"font-size: 18px\"><strong><br \/><\/strong><\/span><\/p>\n<p style=\"margin-bottom: 0px;text-align: justify\"><span style=\"font-family: \u5b8b\u4f53;letter-spacing: 0px;font-size: 16px\">1.15 \"operaci\u00f3n y la pantalla de publicidad. 2.Cada capacidad de la taza: 100 ml que puede hacer alrededor de 32OZ palomitas de ma\u00edz.<\/span><\/p>\n<p style=\"margin-bottom: 0px;text-align: justify\"><span style=\"font-family: \u5b8b\u4f53;font-size: 16px;letter-spacing: 0px\">3.La m\u00e1quina interior puede storge 100pcs taza.        4.<\/span><span style=\"font-family: \u5b8b\u4f53;font-size: 16px;letter-spacing: 0px\">M\u00e1quina expendedora autom\u00e1tica de palomitas de ma\u00edz.          5<\/span><span style=\"font-family: \u5b8b\u4f53;font-size: 16px;letter-spacing: 0px\">Sistema de pago: efectivo, monedas y fichas, tarjeta de cr\u00e9dito, cambio de monedas y pago en l\u00ednea.&nbsp;<\/span><\/p>\n<p style=\"margin-bottom: 0px;text-align: justify\"><span style=\"font-family: \u5b8b\u4f53;font-size: 16px;letter-spacing: 0px\">6.&nbsp;<\/span><span style=\"font-family: \u5b8b\u4f53;font-size: 16px;letter-spacing: 0px\">30L storge palomitas de acero inoxidable y envoltura exterior de la cubierta con la imagen agradable.<\/span><\/p>\n<p style=\"margin-bottom: 0px;text-align: justify\"><span style=\"font-family: \u5b8b\u4f53;font-size: 16px;letter-spacing: 0px\">7.El tiempo de producci\u00f3n de palomitas es de s\u00f3lo 60-80 segundos .<\/span><\/p>\n<p style=\"margin-bottom: 0px;text-align: justify\"><span style=\"font-family: \u5b8b\u4f53;font-size: 16px;letter-spacing: 0px\">8. El interior de la m\u00e1quina instalar el sistema de control autom\u00e1tico de calor.<\/span><\/p>\n<p style=\"margin-bottom: 0px;text-align: justify\"><span style=\"font-family: \u5b8b\u4f53;font-size: 16px;letter-spacing: 0px\">9. El cuenco de aluminio transmite bien el calor.<\/span><\/p>\n<p style=\"margin-bottom: 0px;text-align: justify\"><span style=\"font-family: \u5b8b\u4f53;font-size: 16px;letter-spacing: 0px\">10.El lenguaje puede basarse en diferentes pa\u00edses para ajustarlo.<\/span><\/p>\n<p style=\"margin-bottom: 0px;text-align: justify\"><span style=\"font-family: \u5b8b\u4f53;font-size: 16px;letter-spacing: 0px\">11.There son 3 sabor para que usted elija ese sabor de la mezcla dentro de la m\u00e1quina.&nbsp;&nbsp;<\/span><\/p>\n<p style=\"margin-bottom: 0px;text-align: justify\"><span style=\"font-family: \u5b8b\u4f53;letter-spacing: 0px;font-size: 16px\">12. Sistema remoto Puede situaci\u00f3n de ventas , recordatorio de fuga de material , ajuste de datos internos de la m\u00e1quina , recordatorio de fallo de la m\u00e1quina .<\/span><\/p>\n<p style=\"margin-bottom: 0px;text-align: justify\"><span style=\"font-family: \u5b8b\u4f53;font-size: 16px;letter-spacing: 0px\">13.Dise\u00f1o sencillo y manejo c\u00f3modo .<\/span><\/p>\n<p><span style=\"font-family: \u5b8b\u4f53;font-size: 16px;letter-spacing: 0px\"><br \/><\/span><\/p>\n<p style=\"margin-top:0;margin-right:0;margin-bottom:0;margin-left:0;text-indent:0;text-align:justify\"><\/p>\n<\/div>\n<\/div>\n<\/div>\n<\/div>\n<p style=\"font-size: 13px;line-height: 30px\"><span><br \/><\/span><\/p>\n<p style=\"font-size: 13px;line-height: 30px\"><span><br \/><\/span><\/p>\n<p style=\"font-size: 13px;line-height: 30px\"><span><\/span><\/p>\n<h2><strong><span style=\"font-family: arial, helvetica, sans-serif;font-size: 24px\"><a name=\"PRODUCT SPECIFICATION\"><\/a>ESPECIFICACI\u00d3N DEL PRODUCTO<\/span><\/strong><\/h2>\n<p style=\"font-size: 13px;line-height: 30px\"><span>La excelente experiencia del cliente es el punto de partida de Hommy.<\/span><\/p>\n<p style=\"text-align:center\"><span style=\"font-size: 24px\"><img decoding=\"async\" src=\"https:\/\/www.hommy.com\/wp-content\/uploads\/15865765716782.png\" title=\"cargas\/www.hommy.com\/images\/https:\/\/www.hommy.com\/wp-content\/uploads\/15865765716782.png\" alt=\"imagen.png\" \/><\/span><\/p>\n<p style=\"font-size: 13px;line-height: 30px\"><span style=\"font-size: 24px\"><br \/><\/span><\/p>\n<h2 style=\"font-size: 13px;line-height: 30px\"><strong><span style=\"font-family: arial, helvetica, sans-serif;font-size: 24px\"><a name=\"PRODUCT ADVANTAGE\"><\/a>VENTAJA DEL PRODUCTO<\/span><\/strong><br \/><\/h2>\n<p style=\"font-size: 13px;line-height: 30px\"><span style=\"font-size: 24px\"><\/span><\/p>\n<div class=\"d-tem01-graphic tem01-graphic mockup\" data-detail=\"wrap\">\n<div class=\"cont-section clearfix d-clearfix\">\n<div class=\"col-md-6 col-sm-6 col-xs-6\">\n<div class=\"right-p\">\n<div class=\"h2 heading\">Caldera resistente<\/div>\n<p><\/p>\n<p><span style=\"font-family:\u5b8b\u4f53;letter-spacing:0;font-size:16px\">La m\u00e1quina dentro de la olla de calefacci\u00f3n que utilizan materiales resistentes a altas temperaturas que pueden pasar de 200 grados, normalmente la temperatura de trabajo olla de calefacci\u00f3n es 90degree a 110 grados.&nbsp;&nbsp;<\/span><\/p>\n<\/div>\n<div class=\"graphic_pic animated wow bounceIn\" data-wow-delay=\".7s\"><img decoding=\"async\" src=\"https:\/\/www.hommy.com\/wp-content\/uploads\/15865774343251.jpg\" alt=\"producto-Hommy-img\" title=\"\" style=\"float: left\"><br \/>\n &nbsp; &nbsp; &nbsp; &nbsp; &nbsp; &nbsp;<\/div>\n<\/div>\n<div class=\"col-md-6 col-sm-6 col-xs-6\">\n<div class=\"right-p\">\n<div class=\"h2 heading\">Idioma diferente&nbsp;<\/div>\n<p><\/p>\n<p><span style=\"font-family:\u5b8b\u4f53;letter-spacing:0;font-size:16px\">Podemos configurar diferentes idiomas para ense\u00f1ar el funcionamiento de la m\u00e1quina.&nbsp;<\/span><\/p>\n<p><\/p>\n<p><\/p>\n<p><img loading=\"lazy\" decoding=\"async\" src=\"https:\/\/www.hommy.com\/wp-content\/uploads\/15788858317746-6.png\" alt=\"producto-Hommy-img\" title=\"\" width=\"441\" height=\"588\" border=\"0\" vspace=\"0\" style=\"width: 441px;height: 588px\">&nbsp; &nbsp; &nbsp; &nbsp; &nbsp; &nbsp; &nbsp;<\/p>\n<\/div>\n<\/div>\n<\/div>\n<\/div>\n<p>&nbsp; &nbsp;<\/p>\n<p>&nbsp;Documento\uff1a<img decoding=\"async\" src=\"https:\/\/www.hommy.com\/wp-content\/uploads\/icon_pdf-31.gif\" style=\"margin-right: 2px\" alt=\"producto-Hommy-m\u00e1quina expendedora autom\u00e1tica de palomitas -img\" title=\"\"><a href=\"https:\/\/img80002414.weyesimg.com\/uploads\/www.hommy.com\/addon\/16028332825554.pdf\" title=\"16028332825554.pdf\" style=\"font-size: 12px\">16028332825554.pdf<\/a><\/p>\n<h2>\u00bfSon rentables las palomitas de ma\u00edz?<\/h2>\n<p style=\"margin-top: 5px;margin-bottom: 5px\">Las palomitas de ma\u00edz son un aperitivo muy popular. Es un aperitivo f\u00e1cil de preparar y vender. Tambi\u00e9n es un aperitivo muy popular entre los ni\u00f1os. Se venden en casi todas las tiendas y restaurantes. Se vende a precios muy bajos. Es un tentempi\u00e9 muy popular entre los ni\u00f1os. Se vende en casi todas las tiendas y restaurantes.<\/p>\n<p style=\"margin-top: 5px;margin-bottom: 5px\"><\/p>\n<h2>\u00bfNecesitan electricidad las m\u00e1quinas expendedoras?<\/h2>\n<p style=\"margin-top: 5px;margin-bottom: 5px\">Todas las m\u00e1quinas expendedoras necesitan electricidad en forma de electricidad. C\u00f3mo llega la electricidad a las m\u00e1quinas expendedoras es otra cuesti\u00f3n. Hay dos formas de que la electricidad llegue a las m\u00e1quinas expendedoras. Una es por cableado. En este caso, el cableado conecta las m\u00e1quinas expendedoras a la red el\u00e9ctrica. La otra forma es mediante energ\u00eda inal\u00e1mbrica. En este caso, las m\u00e1quinas expendedoras reciben la energ\u00eda de la fuente de alimentaci\u00f3n el\u00e9ctrica sin ning\u00fan cableado.<\/p>\n<p style=\"margin-top: 5px;margin-bottom: 5px\"><\/p>\n<h2>\u00bfSon universales las llaves de las m\u00e1quinas expendedoras?<\/h2>\n<p style=\"margin-top: 5px;margin-bottom: 5px\">Entiendo que hay algunas m\u00e1quinas expendedoras que tienen un teclado que requiere que se pulse una tecla espec\u00edfica para activar la m\u00e1quina. Sin embargo, tambi\u00e9n entiendo que hay algunas m\u00e1quinas expendedoras que tienen un teclado que requiere que se pulse una combinaci\u00f3n espec\u00edfica de n\u00fameros para activar la m\u00e1quina.<\/p>\n<\/p><\/div>","protected":false},"excerpt":{"rendered":"<p>Full Automatic Vending popcorn machine Full Automatic Vending popcorn machine|PRODUCT FEATURES|Full Automatic Vending popcorn machine|PRODUCT SPECIFICATION|PRODUCT ADVANTAGE Our clients can avail from us this vending machine in various specifications at reasonable prices. This popcorn vending machine is used for serving popcorn in the restaurants, hotels, movie halls, malls and other public places. It is designed [&hellip;]<\/p>\n","protected":false},"featured_media":625,"comment_status":"open","ping_status":"open","template":"","meta":{"_swt_meta_header_display":false,"_swt_meta_footer_display":false,"_swt_meta_site_title_display":false,"_swt_meta_sticky_header":false,"_swt_meta_transparent_header":false},"product_brand":[],"product_cat":[79,68],"product_tag":[],"class_list":{"0":"post-630","1":"product","2":"type-product","3":"status-publish","4":"has-post-thumbnail","6":"product_cat-popcorn-vending-machine","7":"product_cat-vending-machine","9":"first","10":"instock","11":"shipping-taxable","12":"product-type-simple"},"_links":{"self":[{"href":"https:\/\/www.hommy.com\/es\/wp-json\/wp\/v2\/product\/630","targetHints":{"allow":["GET"]}}],"collection":[{"href":"https:\/\/www.hommy.com\/es\/wp-json\/wp\/v2\/product"}],"about":[{"href":"https:\/\/www.hommy.com\/es\/wp-json\/wp\/v2\/types\/product"}],"replies":[{"embeddable":true,"href":"https:\/\/www.hommy.com\/es\/wp-json\/wp\/v2\/comments?post=630"}],"wp:featuredmedia":[{"embeddable":true,"href":"https:\/\/www.hommy.com\/es\/wp-json\/wp\/v2\/media\/625"}],"wp:attachment":[{"href":"https:\/\/www.hommy.com\/es\/wp-json\/wp\/v2\/media?parent=630"}],"wp:term":[{"taxonomy":"product_brand","embeddable":true,"href":"https:\/\/www.hommy.com\/es\/wp-json\/wp\/v2\/product_brand?post=630"},{"taxonomy":"product_cat","embeddable":true,"href":"https:\/\/www.hommy.com\/es\/wp-json\/wp\/v2\/product_cat?post=630"},{"taxonomy":"product_tag","embeddable":true,"href":"https:\/\/www.hommy.com\/es\/wp-json\/wp\/v2\/product_tag?post=630"}],"curies":[{"name":"wp","href":"https:\/\/api.w.org\/{rel}","templated":true}]}}