{"id":624,"date":"2024-07-02T14:42:43","date_gmt":"2024-07-02T14:42:43","guid":{"rendered":"http:\/\/localhost\/hommywp\/auto-2-flavors-popcorn-vending-machine-cost-wholesale\/"},"modified":"2025-08-01T09:57:38","modified_gmt":"2025-08-01T09:57:38","slug":"maquina-expendedora-de-palomitas-de-maiz-de-2-sabores","status":"publish","type":"product","link":"https:\/\/www.hommy.com\/es\/p\/maquina-expendedora-de-palomitas-de-maiz-de-2-sabores\/","title":{"rendered":"Auto 2 sabores de palomitas de ma\u00edz m\u00e1quina expendedora Costo al por mayor"},"content":{"rendered":"<div>\n<p style=\"text-align: center\"><strong><span style=\"font-family: \u5b8b\u4f53;font-size: 29px\"><\/span><\/strong><\/p>\n<p style=\"text-align: center\"><span style=\"font-family:Calibri;font-size:29px\">Venta 24 horas <\/span><span style=\"font-family:\u5b8b\u4f53;font-size:29px\">M\u00e1quina de palomitas <\/span><\/p>\n<p style=\"text-align: center\"><span style=\"font-family:Calibri;font-size:29px\">https:\/\/youtu.be\/jkdmDw6KefI<\/span><\/p>\n<p style=\"text-align: left\"><span style=\"font-family: Calibri;font-size: 29px\"><\/span>Nuestra gama de m\u00e1quinas expendedoras de palomitas de ma\u00edz tambi\u00e9n est\u00e1 disponible en diferentes tama\u00f1os, formas, dise\u00f1os y estilos que se pueden personalizar seg\u00fan sus necesidades. Adem\u00e1s, los precios de las m\u00e1quinas expendedoras de palomitas son muy razonables.<\/p>\n<p><span style=\"font-family: \u5b8b\u4f53;font-size: 29px\">Especificaciones del producto:<\/span><\/p>\n<p><span style=\"font-family: \u5b8b\u4f53;font-size: 29px\"><img decoding=\"async\" src=\"https:\/\/www.hommy.com\/wp-content\/uploads\/16431836941896-1.png\" alt=\"producto-Hommy-img\" title=\"\"><\/span><\/p>\n<p><\/p>\n<p style=\"margin-bottom: 0px\"><span style=\"font-family: \u5b8b\u4f53;font-size: 29px\"><\/span><\/p>\n<p style=\"margin-bottom: 0px;text-align: left\"><span style=\"font-family:\u5b8b\u4f53;font-size:29px\">Caracter\u00edsticas del producto:<\/span><\/p>\n<p style=\"margin-bottom: 0px;text-align: left\"><strong><span style=\"font-family: Calibri;font-size: 16px\">\u25cf Pantalla de operaci\u00f3n y publicidad de 21\" con sistema android.<\/span><\/strong><\/p>\n<p style=\"margin-bottom: 0px;text-align: left\"><strong><span style=\"font-family: Calibri;font-size: 16px\">\u25cf Las tazas caer\u00e1n hacia abajo autom\u00e1ticamente. Capacidad de cada taza : 32oz( la m\u00e1quina en su interior puede&nbsp;<\/span><\/strong><strong><span style=\"font-family: Calibri;font-size: 16px\">mantener 100pcs taza de papel )<\/span><\/strong><\/p>\n<p style=\"margin-bottom: 0px;text-align: left\"><strong><span style=\"font-family: Calibri;font-size: 16px\">\u25cf<\/span><\/strong><strong><span style=\"font-family: Calibri;font-size: 16px\">La cubierta exterior es de acero inoxidable y se envuelve con un bonito dibujo.<\/span><\/strong><\/p>\n<p style=\"margin-bottom: 0px;text-align: left\"><strong><span style=\"font-family: Calibri;font-size: 16px\">\u25cf En el interior de la m\u00e1quina se instala sistema de calefacci\u00f3n y ventilador que hacen que el ma\u00edz se convierta en palomitas r\u00e1pidamente&nbsp;<\/span><\/strong><strong><span style=\"font-family: Calibri;font-size: 16px\">&nbsp;en s\u00f3lo 80 segundos, la temperatura del calentador de la m\u00e1quina se puede ajustar en base a diferentes tipos&nbsp;<\/span><\/strong><strong><span style=\"font-family: Calibri;font-size: 16px\">de palomitas.<\/span><\/strong><\/p>\n<p style=\"margin-bottom: 0px;text-align: left\"><strong><span style=\"font-family: Calibri;font-size: 16px\">\u25cf La m\u00e1quina mezclar\u00e1 las palomitas con el sabor de la m\u00e1quina autom\u00e1ticamente.<\/span><\/strong><\/p>\n<p style=\"margin-bottom: 0px;text-align: left\"><strong><span style=\"font-family: Calibri;font-size: 16px\">El interior de la m\u00e1quina se instala el calentador controlado autom\u00e1tico. Dise\u00f1o simple y operar conveniente.<\/span><\/strong><\/p>\n<p style=\"margin-bottom: 0px;text-align: left\"><strong><span style=\"font-family: Calibri;font-size: 16px\">\u25cf Dos Bowl hecho en aluminio es bueno para transmition de calor.<\/span><\/strong><\/p>\n<p style=\"margin-bottom: 0px;text-align: left\"><strong><span style=\"font-family: Calibri;font-size: 16px\">El idioma de la interfaz de la pantalla t\u00e1ctil se puede configurar en funci\u00f3n del pa\u00eds.<\/span><\/strong><\/p>\n<p style=\"margin-bottom: 0px;text-align: left\"><strong><span style=\"font-family: Calibri;font-size: 16px\">\u25cf Sistema de pago:moneda,billete,MDB para lector de tarjetas.<\/span><\/strong><\/p>\n<p style=\"margin-bottom: 0px;text-align: left\"><strong><span style=\"font-family: Calibri;font-size: 16px\">\u25cf El ma\u00edz se debe utilizar el que ya hecho con sabor, y la m\u00e1quina puede servir 2 sabores diferentes para&nbsp;<\/span><\/strong><strong><span style=\"font-family: Calibri;font-size: 16px\">opci\u00f3n:una dulce, una salada.<\/span><\/strong><\/p>\n<p style=\"margin-bottom: 0px;text-align: left\"><strong><span style=\"font-family: Calibri;font-size: 16px\">\u25cf El sistema remoto puede realizar un seguimiento de la Situaci\u00f3n de venta, Recordatorio de falta de material, Ajuste de datos internos de la m\u00e1quina,&nbsp;<\/span><\/strong><strong><span style=\"font-family: Calibri;font-size: 16px\">Recordatorio de aver\u00eda de la m\u00e1quina.&nbsp;&nbsp;<\/span><\/strong><\/p>\n<p style=\"margin-bottom: 0px;margin-left: 96px;text-align: left\"><span style=\"font-family: Calibri;font-size: 16px\">&nbsp;<\/span><span style=\"font-family: \u5b8b\u4f53;font-size: 16px\">&nbsp; &nbsp; &nbsp; &nbsp; &nbsp; &nbsp;&nbsp;<\/span><\/p>\n<p><span style=\"font-family: \u5b8b\u4f53;font-size: 29px\">Ventaja del producto:<\/span><\/p>\n<p><span style=\"font-family: \u5b8b\u4f53;font-size: 16px\">1.<\/span><span style=\"font-family: Calibri;font-size: 16px\">El calefactor de dos capas distribuye el calor de forma m\u00e1s uniforme<\/span><\/p>\n<p><img loading=\"lazy\" decoding=\"async\" src=\"https:\/\/www.hommy.com\/wp-content\/uploads\/16431845549200.png\" title=\"\" alt=\"producto-Hommy-img\" width=\"350\" height=\"366\" border=\"0\" vspace=\"0\" style=\"width: 350px;height: 366px\"><\/p>\n<p><span style=\"font-family: \u5b8b\u4f53;font-size: 16px\">2.<\/span><span style=\"font-family: \u5b8b\u4f53;font-size: 16px\">La m\u00e1quina<\/span><span style=\"font-family: Calibri;font-size: 16px\">&nbsp;Disponemos de 3 tipos de pago para que usted pueda operar: billete, moneda y cambio de moneda, tarjeta de cr\u00e9dito.<\/span><span style=\"font-family: \u5b8b\u4f53;font-size: 16px\">&nbsp;<\/span><\/p>\n<p><span style=\"font-family: \u5b8b\u4f53;font-size: 16px\"><\/span><span style=\"font-family: \u5b8b\u4f53;font-size: 16px\"><\/span><\/p>\n<p><img loading=\"lazy\" decoding=\"async\" src=\"https:\/\/www.hommy.com\/wp-content\/uploads\/16431846494554.png\" title=\"\" alt=\"product-Hommy-2 sabor M\u00e1quina expendedora de palomitas-img\" width=\"350\" height=\"162\" border=\"0\" vspace=\"0\" style=\"width: 350px;height: 162px\"><\/p>\n<p><span style=\"font-family: \u5b8b\u4f53;font-size: 16px\">3.<\/span><span style=\"font-family: \u5b8b\u4f53;font-size: 16px\">La m\u00e1quina dentro de la olla de calefacci\u00f3n que utilizan materiales resistentes a altas temperaturas que pueden pasar de 200 grados, normalmente la temperatura de trabajo olla de calefacci\u00f3n es 90degree a 110 grados.<\/span><span style=\"font-family: \u5b8b\u4f53;font-size: 16px\">&nbsp;<\/span><\/p>\n<p><img loading=\"lazy\" decoding=\"async\" src=\"https:\/\/www.hommy.com\/wp-content\/uploads\/16431846822537.jpg\" title=\"\" alt=\"producto-Hommy-img\" width=\"350\" height=\"1440\" border=\"0\" vspace=\"0\" style=\"width: 350px;height: 1440px\"><\/p>\n<p><span style=\"font-family: \u5b8b\u4f53;font-size: 16px\">4.<\/span><span style=\"font-family: Calibri;font-size: 16px\">La m\u00e1quina en el interior puede mantener 32OZ taza 100pcs .<\/span><\/p>\n<p><img loading=\"lazy\" decoding=\"async\" src=\"https:\/\/www.hommy.com\/wp-content\/uploads\/16431847722694.png\" title=\"\" alt=\"product-2 sabor M\u00e1quina expendedora de palomitas-Hommy-img\" width=\"350\" height=\"1080\" border=\"0\" vspace=\"0\" style=\"width: 350px;height: 1080px\"><\/p>\n<p><span style=\"font-family: \u5b8b\u4f53;font-size: 16px\">5.<\/span><span style=\"font-family: Calibri;font-size: 16px\">&nbsp;El interior de la m\u00e1quina puede mantener 2 ma\u00edz sabor para el comprador a elegir .<\/span><\/p>\n<p><img loading=\"lazy\" decoding=\"async\" src=\"https:\/\/www.hommy.com\/wp-content\/uploads\/16431849207917.png\" title=\"\" alt=\"producto-Hommy-img\" width=\"350\" height=\"1024\" border=\"0\" vspace=\"0\" style=\"width: 350px;height: 1024px\"><\/p>\n<p><img loading=\"lazy\" decoding=\"async\" src=\"https:\/\/www.hommy.com\/wp-content\/uploads\/16431852367811.png\" title=\"\" alt=\"producto-Hommy-img-1\" width=\"350\" height=\"199\" border=\"0\" vspace=\"0\" style=\"width: 350px;height: 199px\"><\/p>\n<h2>\u00bfCu\u00e1nto gana al a\u00f1o una m\u00e1quina expendedora de hielo?<\/h2>\n<p style=\"margin-top: 5px;margin-bottom: 5px\">Dependiendo del tama\u00f1o de la m\u00e1quina y de su dise\u00f1o, el coste anual de una sola m\u00e1quina puede oscilar entre $250-$1000. El coste anual de explotaci\u00f3n de una m\u00e1quina es de aproximadamente $300-$400. El coste de la m\u00e1quina y el coste de funcionamiento de la m\u00e1quina son s\u00f3lo una peque\u00f1a parte del coste de propiedad de la m\u00e1quina. El coste de la m\u00e1quina y el coste de funcionamiento de la m\u00e1quina son s\u00f3lo una peque\u00f1a parte del coste de propiedad de la m\u00e1quina.<\/p>\n<p style=\"margin-top: 5px;margin-bottom: 5px\"><\/p>\n<h2>\u00bfCu\u00e1nto cuesta una m\u00e1quina expendedora de alimentos?<\/h2>\n<p style=\"margin-top: 5px;margin-bottom: 5px\">En los sitios de venta al por mayor, el precio es menos importante que el coste de la mercanc\u00eda. Si vendes pizza por valor de $10 por $3, tu beneficio es de $7. Las m\u00e1quinas expendedoras de comida se han convertido en una forma popular de vender comida en eventos. Una m\u00e1quina expendedora es una m\u00e1quina que vende comida y bebida a los asistentes al evento. La comida que se puede vender suele estar preenvasada y s\u00f3lo se servir\u00e1 a los asistentes al evento. Esto es muy c\u00f3modo y ahorra tiempo, y no le quitar\u00e1 demasiado tiempo ni energ\u00eda.<\/p>\n<p style=\"margin-top: 5px;margin-bottom: 5px\"><\/p>\n<h2>\u00bfSe puede tener una m\u00e1quina de refrescos en casa?&nbsp;<\/h2>\n<p style=\"margin-top: 5px;margin-bottom: 5px\">\u00a1S\u00ed se puede! La Soda Maker de Sodastream es una peque\u00f1a m\u00e1quina que puede convertir tu casa en una fuente de soda. Puede hacer su propio refresco, limonada, t\u00e9 helado y otras bebidas. La m\u00e1quina se puede montar en un mostrador o escritorio y cabe en cualquier sitio, incluso en espacios peque\u00f1os. Si eres un amante de los refrescos o te gusta poder preparar tus propias bebidas, \u00a1este es un regalo estupendo!<\/p>\n<\/p><\/div>","protected":false},"excerpt":{"rendered":"<p>24 hours vending Popcorn Machine https:\/\/youtu.be\/jkdmDw6KefI Our range of popcorn vending machine is widely demanded by the clients as it is easy to operate and has easy replenishment facilities.The range of popcorn vending machine is also available in different sizes, shapes, designs and styles that can be customized as per your need. Moreover, the prices [&hellip;]<\/p>\n","protected":false},"featured_media":1966,"comment_status":"closed","ping_status":"closed","template":"","meta":{"_swt_meta_header_display":false,"_swt_meta_footer_display":false,"_swt_meta_site_title_display":false,"_swt_meta_sticky_header":false,"_swt_meta_transparent_header":false},"product_brand":[],"product_cat":[79,68],"product_tag":[],"class_list":{"0":"post-624","1":"product","2":"type-product","3":"status-publish","4":"has-post-thumbnail","6":"product_cat-popcorn-vending-machine","7":"product_cat-vending-machine","9":"first","10":"instock","11":"shipping-taxable","12":"product-type-simple"},"_links":{"self":[{"href":"https:\/\/www.hommy.com\/es\/wp-json\/wp\/v2\/product\/624","targetHints":{"allow":["GET"]}}],"collection":[{"href":"https:\/\/www.hommy.com\/es\/wp-json\/wp\/v2\/product"}],"about":[{"href":"https:\/\/www.hommy.com\/es\/wp-json\/wp\/v2\/types\/product"}],"replies":[{"embeddable":true,"href":"https:\/\/www.hommy.com\/es\/wp-json\/wp\/v2\/comments?post=624"}],"wp:featuredmedia":[{"embeddable":true,"href":"https:\/\/www.hommy.com\/es\/wp-json\/wp\/v2\/media\/1966"}],"wp:attachment":[{"href":"https:\/\/www.hommy.com\/es\/wp-json\/wp\/v2\/media?parent=624"}],"wp:term":[{"taxonomy":"product_brand","embeddable":true,"href":"https:\/\/www.hommy.com\/es\/wp-json\/wp\/v2\/product_brand?post=624"},{"taxonomy":"product_cat","embeddable":true,"href":"https:\/\/www.hommy.com\/es\/wp-json\/wp\/v2\/product_cat?post=624"},{"taxonomy":"product_tag","embeddable":true,"href":"https:\/\/www.hommy.com\/es\/wp-json\/wp\/v2\/product_tag?post=624"}],"curies":[{"name":"wp","href":"https:\/\/api.w.org\/{rel}","templated":true}]}}