{"id":616,"date":"2024-07-02T14:42:37","date_gmt":"2024-07-02T14:42:37","guid":{"rendered":"http:\/\/localhost\/hommywp\/electric-popcorn-food-vending-maker-machine-factory\/"},"modified":"2025-08-01T09:57:38","modified_gmt":"2025-08-01T09:57:38","slug":"maquina-expendedora-de-palomitas","status":"publish","type":"product","link":"https:\/\/www.hommy.com\/es\/p\/maquina-expendedora-de-palomitas\/","title":{"rendered":"M\u00e1quina expendedora el\u00e9ctrica de palomitas de ma\u00edz Factory"},"content":{"rendered":"<div>\n<p style=\"text-align: center\"><strong><span style=\"font-family:\u5b8b\u4f53;font-size:29px\">Totalmente autom\u00e1tico <\/span><span style=\"font-family:\u5b8b\u4f53;font-size:29px\">M\u00e1quina de palomitas<\/span><\/strong><span style=\"font-family:\u5b8b\u4f53;font-size:29px\"> <\/span><\/p>\n<p style=\"text-align: center\"><span style=\"font-family:\u5b8b\u4f53;font-size:29px\">https:\/\/youtu.be\/2y4RBREaus8<\/span><\/p>\n<p><span style=\"font-family:Calibri;font-size:29px\">&nbsp;<\/span><\/p>\n<p>Podemos suministrar m\u00e1quinas expendedoras de palomitas de ma\u00edz el\u00e9ctricas y otras m\u00e1quinas expendedoras de aperitivos a nuestros clientes.<\/p>\n<p><\/p>\n<p>Nuestra m\u00e1quina expendedora de palomitas el\u00e9ctrica es m\u00e1s eficiente energ\u00e9ticamente que las m\u00e1quinas tradicionales. Puede comprar palomitas utilizando su tarjeta de cr\u00e9dito en nuestras m\u00e1quinas expendedoras.<\/p>\n<p><span style=\"font-family:Calibri;font-size:29px\"><\/span><\/p>\n<p><span style=\"font-family:\u5b8b\u4f53;font-size:29px\">Especificaciones del producto:<\/span><\/p>\n<p><span style=\"font-family:\u5b8b\u4f53;font-size:29px\"><img decoding=\"async\" src=\"https:\/\/www.hommy.com\/wp-content\/uploads\/16431836941896.png\" alt=\"producto-Hommy-img\" title=\"\"><\/span><\/p>\n<p><\/p>\n<p style=\"margin-bottom: 0px;text-align: left\"><span style=\"font-family:\u5b8b\u4f53;font-size:29px\">Caracter\u00edsticas del producto: <\/span><\/p>\n<p style=\"margin-bottom: 0px;text-align: left\"><span style=\"font-family:\u5b8b\u4f53;font-size:16px\">Cada capacidad de la taza: 50ml que puede hacer cerca de 1L palomitas.<\/span><\/p>\n<p style=\"margin-bottom: 0px;text-align: left\"><span style=\"font-family: \u5b8b\u4f53;font-size: 16px\">El interior de la m\u00e1quina puede storge 80pcs bolsa de papel.&nbsp; &nbsp; &nbsp; &nbsp; &nbsp; &nbsp;&nbsp;<\/span><\/p>\n<p style=\"margin-bottom: 0px;text-align: left\"><span style=\"font-family: \u5b8b\u4f53;font-size: 16px\">Sistema de pago : moneda y ficha .&nbsp; &nbsp; &nbsp; &nbsp; &nbsp; &nbsp; &nbsp; &nbsp; &nbsp; &nbsp; &nbsp; &nbsp; &nbsp; &nbsp; &nbsp; &nbsp; &nbsp; &nbsp; &nbsp; &nbsp; &nbsp; &nbsp; &nbsp; &nbsp; &nbsp; &nbsp; &nbsp; &nbsp; &nbsp; &nbsp;<\/span><\/p>\n<p style=\"margin-bottom: 0px;text-align: left\"><span style=\"font-family: \u5b8b\u4f53;font-size: 16px\">20L storge palomitas de acero inoxidable y envoltura exterior de la cubierta con la imagen agradable.<\/span><\/p>\n<p style=\"margin-bottom: 0px;text-align: left\"><span style=\"font-family: \u5b8b\u4f53;font-size: 16px\">La m\u00e1quina dentro de instalar el sistema de calefacci\u00f3n y ventilador del ma\u00edz hecho a las palomitas de ma\u00edz es r\u00e1pidamente s\u00f3lo necesita 60-80 segundos.<\/span><\/p>\n<p style=\"margin-bottom: 0px;text-align: left\"><span style=\"font-family: \u5b8b\u4f53;font-size: 16px\">La m\u00e1quina dentro de instalar el sistema de control autom\u00e1tico de calor.<\/span><\/p>\n<p style=\"margin-bottom: 0px;text-align: left\"><span style=\"font-family: \u5b8b\u4f53;font-size: 16px\">El cuenco de aluminio transmite bien el calor.<\/span><\/p>\n<p style=\"margin-bottom: 0px;text-align: left\"><span style=\"font-family: \u5b8b\u4f53;font-size: 16px\">La parte superior de la m\u00e1quina han llevado tablero de publicidad, que tienen 10 colores para cambiar para que su para ajustarlo.&nbsp;&nbsp;<\/span><\/p>\n<p style=\"margin-bottom: 0px;text-align: left\"><span style=\"font-family:\u5b8b\u4f53;font-size:16px\">Ahorro de energ\u00eda .<\/span><\/p>\n<p style=\"margin-bottom: 0px;text-align: left\"><span style=\"font-family: \u5b8b\u4f53;font-size: 16px\">Dise\u00f1o sencillo y funcionamiento c\u00f3modo.<\/span><\/p>\n<p style=\"margin-bottom: 0px;margin-left: 96px;text-align: left\"><span style=\"font-family:Calibri;font-size:16px\">&nbsp;<\/span><\/p>\n<p style=\"margin-bottom: 0px;margin-left: 96px;text-align: left\"><span style=\"font-family:\u5b8b\u4f53;font-size:16px\">&nbsp; &nbsp; &nbsp; &nbsp; &nbsp; &nbsp;&nbsp;<\/span><\/p>\n<p style=\"text-align: left\"><span style=\"font-family:\u5b8b\u4f53;font-size:29px\">Ventaja del producto:<\/span><\/p>\n<p><span style=\"font-family:\u5b8b\u4f53;font-size:16px\">1.<\/span><span style=\"font-family:\u5b8b\u4f53;font-size:16px\">Tablero de publicidad LED, que tienen 10 colores para cambiar para que usted pueda ajustarlo, puede atraer a m\u00e1s clientes.<\/span><\/p>\n<p><img loading=\"lazy\" decoding=\"async\" src=\"https:\/\/www.hommy.com\/wp-content\/uploads\/16431838332716.jpg\" title=\"\" alt=\"producto-Hommy-img\" width=\"350\" height=\"1920\" border=\"0\" vspace=\"0\" style=\"width: 350px;height: 1920px\"><\/p>\n<p><span style=\"font-family:\u5b8b\u4f53;font-size:16px\">2.<\/span><span style=\"font-family:\u5b8b\u4f53;font-size:16px\">La m\u00e1quina dentro de pago que puede aceptar monedas y fichas , puede utilizar fichas para hacer la promoci\u00f3n de&nbsp;<\/span><span style=\"font-family: \u5b8b\u4f53;font-size: 16px\">su m\u00e1quina .<\/span><\/p>\n<p><img loading=\"lazy\" decoding=\"async\" src=\"https:\/\/www.hommy.com\/wp-content\/uploads\/16431838925853.jpg\" title=\"\" alt=\"product-Hommy-M\u00e1quina expendedora de palomitas-img\" width=\"350\" height=\"960\" border=\"0\" vspace=\"0\" style=\"width: 350px;height: 960px\"><\/p>\n<p><span style=\"font-family:\u5b8b\u4f53;font-size:16px\">3.<\/span><span style=\"font-family:\u5b8b\u4f53;font-size:16px\">La m\u00e1quina dentro de la olla de calefacci\u00f3n que utilizan materiales resistentes a altas temperaturas que pueden pasar de 200 grados, normalmente la temperatura de trabajo olla de calefacci\u00f3n es 90degree a 110 grados. &nbsp;<\/span><\/p>\n<p><img loading=\"lazy\" decoding=\"async\" src=\"https:\/\/www.hommy.com\/wp-content\/uploads\/16431839165370.jpg\" title=\"\" alt=\"product-M\u00e1quina expendedora de palomitas-Hommy-img\" width=\"350\" height=\"1440\" border=\"0\" vspace=\"0\" style=\"width: 350px;height: 1440px\"><\/p>\n<p><span style=\"font-family:\u5b8b\u4f53;font-size:16px\">4.<\/span><span style=\"font-family:\u5b8b\u4f53;font-size:16px\">Podemos configurar diferentes idiomas para la m\u00e1quina para ense\u00f1ar c\u00f3mo operar.<\/span><\/p>\n<p><span style=\"font-family:\u5b8b\u4f53;font-size:16px\"><img loading=\"lazy\" decoding=\"async\" src=\"https:\/\/www.hommy.com\/wp-content\/uploads\/16431839561330.png\" title=\"\" alt=\"producto-Hommy-img\" width=\"350\" height=\"313\" border=\"0\" vspace=\"0\" style=\"width: 350px;height: 313px\">&nbsp;&nbsp;<\/span><\/p>\n<p><span style=\"font-family:\u5b8b\u4f53;font-size:16px\">5.<\/span><span style=\"font-family:\u5b8b\u4f53;font-size:16px\">La m\u00e1quina en el interior tienen m\u00e1s grande storge palomitas de ma\u00edz: 20L que puede hacer cerca de 400pcs bolsas.<\/span><\/p>\n<p><img loading=\"lazy\" decoding=\"async\" src=\"https:\/\/www.hommy.com\/wp-content\/uploads\/16431839881374.jpg\" title=\"\" alt=\"producto-Hommy-img\" width=\"350\" height=\"750\" border=\"0\" vspace=\"0\" style=\"width: 350px;height: 750px\"><\/p>\n<p><span style=\"font-family:\u5b8b\u4f53;font-size:16px\">6.<\/span><span style=\"font-family:\u5b8b\u4f53;font-size:16px\">el interior tiene caja m\u00e1s grande y m\u00e1s grande storge bolsa de papel ( mantener alrededor de 80pcs ) . <\/span><\/p>\n<p><img loading=\"lazy\" decoding=\"async\" src=\"https:\/\/www.hommy.com\/wp-content\/uploads\/16431840184030.jpg\" title=\"\" alt=\"producto-Hommy-img-1\" width=\"350\" height=\"960\" border=\"0\" vspace=\"0\" style=\"width: 350px;height: 960px\"><\/p>\n<p><span style=\"font-family:\u5b8b\u4f53;font-size:29px\"><br \/><\/span><\/p>\n<h2>\u00bfNecesito una licencia para vender comida casera en Ontario?<\/h2>\n<p style=\"margin-top: 5px;margin-bottom: 5px\"><\/p>\n<p style=\"margin-top: 5px;margin-bottom: 5px\">Tal vez se pregunte si necesita un carn\u00e9 de manipulador de alimentos o un certificado de manipulador de alimentos para vender comida casera en Ontario. Si es como yo, probablemente nunca se haya planteado esta cuesti\u00f3n. Sin embargo, si es usted un profesional de los servicios alimentarios, es algo en lo que probablemente haya pensado m\u00e1s de una vez.<\/p>\n<p style=\"margin-top: 5px;margin-bottom: 5px\"><\/p>\n<h2>\u00bfSon rentables las palomitas de ma\u00edz?<\/h2>\n<p style=\"margin-top: 5px;margin-bottom: 5px\"><\/p>\n<p style=\"margin-top: 5px;margin-bottom: 5px\">Las palomitas de ma\u00edz son un alimento sencillo, divertido de comer y de preparar, pero \u00bfpueden ser rentables? \u00bfSe puede ganar dinero vendiendo palomitas?<\/p>\n<p style=\"margin-top: 5px;margin-bottom: 5px\"><\/p>\n<p style=\"margin-top: 5px;margin-bottom: 5px\">Las palomitas de ma\u00edz son uno de esos alimentos que muchos de nosotros disfrutamos comiendo. Algunos disfrutamos comi\u00e9ndolas con amigos y familiares, otros solos y otros incluso como tentempi\u00e9.<\/p>\n<p style=\"margin-top: 5px;margin-bottom: 5px\"><\/p>\n<p style=\"margin-top: 5px;margin-bottom: 5px\"><\/p>\n<p style=\"margin-top: 5px;margin-bottom: 5px\">Depende de d\u00f3nde vivas, de cu\u00e1nto cobres y de cu\u00e1nto ganes.<\/p>\n<p style=\"margin-top: 5px;margin-bottom: 5px\"><\/p>\n<p style=\"margin-top: 5px;margin-bottom: 5px\">La respuesta obvia es que debe cobrar su tarifa horaria habitual por sus servicios.<\/p>\n<p style=\"margin-top: 5px;margin-bottom: 5px\"><\/p>\n<p style=\"margin-top: 5px;margin-bottom: 5px\">Esto deber\u00eda ser un punto de partida. Puede que quieras ajustar la tarifa en funci\u00f3n del n\u00famero de personas que lleves al cine y de cu\u00e1nto pagues a tu personal.<\/p>\n<\/p><\/div>","protected":false},"excerpt":{"rendered":"<p>Full Automatic Popcorn Machine https:\/\/youtu.be\/2y4RBREaus8 &nbsp; We can provide electric popcorn vending machine and other snack vending machines to our customers. Our electric popcorn vending machine is more energy efficient than the traditional machines. You can buy popcorn using your credit card at our vending machines. Product specificatio: Product Features: Each cup capacity :50ml that [&hellip;]<\/p>\n","protected":false},"featured_media":1965,"comment_status":"open","ping_status":"open","template":"","meta":{"_swt_meta_header_display":false,"_swt_meta_footer_display":false,"_swt_meta_site_title_display":false,"_swt_meta_sticky_header":false,"_swt_meta_transparent_header":false},"product_brand":[],"product_cat":[79,68],"product_tag":[],"class_list":{"0":"post-616","1":"product","2":"type-product","3":"status-publish","4":"has-post-thumbnail","6":"product_cat-popcorn-vending-machine","7":"product_cat-vending-machine","9":"first","10":"instock","11":"shipping-taxable","12":"product-type-simple"},"_links":{"self":[{"href":"https:\/\/www.hommy.com\/es\/wp-json\/wp\/v2\/product\/616","targetHints":{"allow":["GET"]}}],"collection":[{"href":"https:\/\/www.hommy.com\/es\/wp-json\/wp\/v2\/product"}],"about":[{"href":"https:\/\/www.hommy.com\/es\/wp-json\/wp\/v2\/types\/product"}],"replies":[{"embeddable":true,"href":"https:\/\/www.hommy.com\/es\/wp-json\/wp\/v2\/comments?post=616"}],"wp:featuredmedia":[{"embeddable":true,"href":"https:\/\/www.hommy.com\/es\/wp-json\/wp\/v2\/media\/1965"}],"wp:attachment":[{"href":"https:\/\/www.hommy.com\/es\/wp-json\/wp\/v2\/media?parent=616"}],"wp:term":[{"taxonomy":"product_brand","embeddable":true,"href":"https:\/\/www.hommy.com\/es\/wp-json\/wp\/v2\/product_brand?post=616"},{"taxonomy":"product_cat","embeddable":true,"href":"https:\/\/www.hommy.com\/es\/wp-json\/wp\/v2\/product_cat?post=616"},{"taxonomy":"product_tag","embeddable":true,"href":"https:\/\/www.hommy.com\/es\/wp-json\/wp\/v2\/product_tag?post=616"}],"curies":[{"name":"wp","href":"https:\/\/api.w.org\/{rel}","templated":true}]}}