{"id":608,"date":"2024-07-02T14:42:29","date_gmt":"2024-07-02T14:42:29","guid":{"rendered":"http:\/\/localhost\/hommywp\/commercial-5-flavors-popcorn-vending-machine-manufacturer\/"},"modified":"2025-08-01T09:57:36","modified_gmt":"2025-08-01T09:57:36","slug":"maquina-expendedora-de-palomitas-de-maiz-de-5-sabores","status":"publish","type":"product","link":"https:\/\/www.hommy.com\/es\/p\/maquina-expendedora-de-palomitas-de-maiz-de-5-sabores\/","title":{"rendered":"M\u00e1quina expendedora de palomitas comercial de 5 sabores Fabricante"},"content":{"rendered":"<div>\n<p style=\"text-align: center\">\n<p><\/p>\n<div>\n<div>\n<p>Las palomitas se han convertido en un producto b\u00e1sico en los cines de todo el pa\u00eds. Nuestras m\u00e1quinas expendedoras de palomitas de autoservicio permiten a los clientes comprar palomitas sin la ayuda de un cajero o camarero.<\/p>\n<p>Somos fabricantes de m\u00e1quinas expendedoras comerciales de palomitas de ma\u00edz en China y nuestra f\u00e1brica est\u00e1 equipada con la maquinaria m\u00e1s avanzada de la industria. Hemos estado en el negocio por m\u00e1s de 20 a\u00f1os y tenemos los precios m\u00e1s competitivos de la industria. Adem\u00e1s, hemos estado suministrando a muchas grandes empresas de alimentos y aperitivos en los EE.UU., Reino Unido, Canad\u00e1, Australia, Europa, Asia y Am\u00e9rica del Sur.<\/p>\n<p>Todas las m\u00e1quinas autom\u00e1ticas se inspeccionan, prueban y reparan antes de su env\u00edo. Tenemos un fuerte equipo de I + D, podemos ayudarle con la mejor soluci\u00f3n de dise\u00f1o para sus necesidades espec\u00edficas.<\/p>\n<p>Esta es una nueva gran oportunidad de negocio para iniciar su propio negocio. Hay muchos clientes potenciales cerca de usted. \u00a1Act\u00fae ya! P\u00f3ngase en contacto con nosotros para solicitar un presupuesto si est\u00e1 interesado en nuestro producto.<\/p>\n<\/div>\n<\/div>\n<p><span style=\"font-family:\u5b8b\u4f53;font-size:29px\">Especificaci\u00f3n del producto:<\/span><\/p>\n<p><span style=\"font-family:\u5b8b\u4f53;font-size:29px\"><img decoding=\"async\" src=\"https:\/\/www.hommy.com\/wp-content\/uploads\/16431864017723.png\" alt=\"producto-Hommy-img\" title=\"\"><\/span><\/p>\n<p><\/p>\n<p style=\"margin-bottom:0;text-align:justify\"><span style=\"font-family:\u5b8b\u4f53;font-size:29px\">Caracter\u00edsticas del producto\uff1a<\/span><\/p>\n<p style=\"margin-bottom:0;text-align:justify\"><strong><span style=\"font-family: Calibri;font-size: 16px\">\u25cf Cubierta exterior es de acero inoxidable y envoltura con imagen agradable.<\/span><\/strong><\/p>\n<p style=\"margin-bottom:0;text-align:justify\"><strong><span style=\"font-family: Calibri;font-size: 16px\">\u25cf Pantalla de operaci\u00f3n y publicidad de 21,5\" con sistema android.<\/span><\/strong><\/p>\n<p style=\"margin-bottom:0;text-align:justify\"><strong><span style=\"font-family: Calibri;font-size: 16px\">&nbsp;-Permite elegir sabores, cantidades y formas de pago.<\/span><\/strong><\/p>\n<p style=\"margin-bottom:0;text-align:justify\"><strong><span style=\"font-family: Calibri;font-size: 16px\">&nbsp; -Permitir al operador comprobar los datos de la m\u00e1quina, registro de ventas, ventas y ajuste de la m\u00e1quina, error, alerta de bajo inventario.<\/span><\/strong><\/p>\n<p style=\"margin-bottom:0;text-align:justify\"><strong><span style=\"font-family: Calibri;font-size: 16px\">\u25cf El vaso de papel caer\u00e1 autom\u00e1ticamente. ( capacidad de almacenamiento de 100pcs 32oz taza de papel en el interior )<\/span><\/strong><\/p>\n<p style=\"margin-bottom:0;text-align:justify\"><strong><span style=\"font-family: Calibri;font-size: 16px\">\u25cf<\/span><span style=\"font-size: 16px\"><span style=\"font-family:\u5b8b\u4f53\">&nbsp;<\/span><\/span><\/strong><strong><span style=\"font-family: Calibri;font-size: 16px\">Instalado el sistema de calefacci\u00f3n y ventilador, hacer ma\u00edz a las palomitas de ma\u00edz y a\u00f1adir sabor r\u00e1pidamente en unos 100 ~ 120 segundos.<\/span><\/strong><\/p>\n<p style=\"margin-bottom:0;text-align:justify\"><strong><span style=\"font-family: Calibri;font-size: 16px\">&nbsp; &nbsp;La temperatura del calentador de la m\u00e1quina se puede ajustar en base a diferentes tipos de palomitas de ma\u00edz.<\/span><\/strong><\/p>\n<p style=\"margin-bottom:0;text-align:justify\"><strong><span style=\"font-family: Calibri;font-size: 16px\">\u25cf que tienen 5 sabor para que usted elija , utilizamos salsa con palomitas de ma\u00edz para mezclar sabor diferente para usted .<\/span><\/strong><\/p>\n<p style=\"margin-bottom:0;text-align:justify\"><strong><span style=\"font-family: Calibri;font-size: 16px\">\u25cf Dise\u00f1o ingenioso y f\u00e1cil manejo.<\/span><\/strong><\/p>\n<p style=\"margin-bottom:0;text-align:justify\"><strong><span style=\"font-family: Calibri;font-size: 16px\">\u25cf La cuba de aluminio transmite bien el calor.<\/span><\/strong><\/p>\n<p style=\"margin-bottom:0;text-align:justify\"><strong><span style=\"font-family: Calibri;font-size: 16px\">\u25cf El idioma de la interfaz de la pantalla t\u00e1ctil se puede personalizar.<\/span><\/strong><\/p>\n<p style=\"margin-bottom:0;text-align:justify\"><strong><span style=\"font-family: Calibri;font-size: 16px\">\u25cf Sistema de pago:  Aceptador de monedas, aceptador de billetes, moneda de cambio, interfaz MDB para lector de tarjetas.&nbsp; &nbsp;<\/span><\/strong><\/p>\n<p style=\"margin-bottom:0;text-align:justify\"><strong><span style=\"font-family: Calibri;font-size: 16px\">\u25cf Sistema de monitorizaci\u00f3n remota conectar con WiFi, operador para comprobar los datos en l\u00ednea, Recordatorio de inventario bajo.<\/span><\/strong><\/p>\n<p style=\"margin-bottom:0;text-align:justify\"><strong><span style=\"font-family: Calibri;font-size: 16px\">&nbsp; &nbsp; &nbsp;y el recordatorio de aver\u00eda de la m\u00e1quina puede enviarse al tel\u00e9fono m\u00f3vil.&nbsp;&nbsp;<\/span><\/strong><\/p>\n<p style=\"margin-bottom:0;margin-left:96px;text-align:justify\"><span style=\"font-family:Calibri;font-size:16px\">&nbsp;<\/span><span style=\"font-family: \u5b8b\u4f53;font-size: 16px\">&nbsp; &nbsp; &nbsp; &nbsp; &nbsp; &nbsp;<\/span><\/p>\n<p><span style=\"font-family:\u5b8b\u4f53;font-size:29px\">Ventaja del producto:<\/span><\/p>\n<p><span style=\"font-family: Calibri;font-size: 16px\">1.&nbsp;<\/span><span style=\"font-family: Calibri;font-size: 16px\">El calefactor de dos capas distribuye el calor de forma m\u00e1s uniforme<\/span><\/p>\n<p><img loading=\"lazy\" decoding=\"async\" src=\"https:\/\/www.hommy.com\/wp-content\/uploads\/16431867316937.png\" title=\"\" alt=\"producto-Hommy-img\" width=\"350\" height=\"366\" border=\"0\" vspace=\"0\" style=\"width: 350px;height: 366px\"><\/p>\n<p><span style=\"font-family:\u5b8b\u4f53;font-size:16px\">1.&nbsp;<\/span><span style=\"font-family:\u5b8b\u4f53;font-size:16px\">La m\u00e1quina<\/span><span style=\"font-family:Calibri;font-size:16px\">&nbsp;Disponemos de 3 tipos de pago para que usted pueda operar: billete, moneda y cambio de moneda, tarjeta de cr\u00e9dito.<\/span><span style=\"font-family:\u5b8b\u4f53;font-size:16px\">&nbsp;<\/span><\/p>\n<p><img loading=\"lazy\" decoding=\"async\" src=\"https:\/\/www.hommy.com\/wp-content\/uploads\/16431867566200.png\" title=\"\" alt=\"producto-Hommy-img\" width=\"350\" height=\"162\" border=\"0\" vspace=\"0\" style=\"width: 350px;height: 162px\"><\/p>\n<p><span style=\"font-family:\u5b8b\u4f53;font-size:16px\">2.&nbsp;<\/span><span style=\"font-family:\u5b8b\u4f53;font-size:16px\">La m\u00e1quina dentro de la olla de calefacci\u00f3n que utilizan materiales resistentes a altas temperaturas que pueden pasar de 200 grados, normalmente la temperatura de trabajo olla de calefacci\u00f3n es 90degree a 110 grados. &nbsp;<\/span><\/p>\n<p><img loading=\"lazy\" decoding=\"async\" src=\"https:\/\/www.hommy.com\/wp-content\/uploads\/16431867774526.jpg\" title=\"\" alt=\"producto-Hommy-img\" width=\"350\" height=\"1440\" border=\"0\" vspace=\"0\" style=\"width: 350px;height: 1440px\"><\/p>\n<p><span style=\"font-family:Calibri;font-size:16px\">3.&nbsp;<\/span><span style=\"font-family:Calibri;font-size:16px\">&nbsp;La m\u00e1quina en el interior puede mantener 32OZ taza 100pcs . <\/span><\/p>\n<p><span style=\"font-family:\u5b8b\u4f53;font-size:16px\"><img loading=\"lazy\" decoding=\"async\" src=\"https:\/\/www.hommy.com\/wp-content\/uploads\/16431868692645.png\" title=\"\" alt=\"product-Hommy-5 sabor M\u00e1quina expendedora de palomitas-img\" width=\"350\" height=\"1080\" border=\"0\" vspace=\"0\" style=\"width: 350px;height: 1080px\">&nbsp;&nbsp;<\/span><\/p>\n<p><span style=\"font-family:Calibri;font-size:16px\">4.&nbsp;<\/span><span style=\"font-family:Calibri;font-size:16px\">&nbsp;El interior de la m\u00e1quina puede mantener 5 ma\u00edz sabor para el comprador a elegir .<\/span><\/p>\n<p><img loading=\"lazy\" decoding=\"async\" src=\"https:\/\/www.hommy.com\/wp-content\/uploads\/16431869912947.png\" title=\"\" alt=\"product-5 sabores M\u00e1quina expendedora de palomitas-Hommy-img\" width=\"350\" height=\"1024\" border=\"0\" vspace=\"0\" style=\"width: 350px;height: 1024px\"><\/p>\n<div>\n<div>\n<h2 class=\"otl-heading\" style=\"text-indent: 0em;padding-left: 0em\">\u00bfSe pueden instalar m\u00e1quinas expendedoras de palomitas en edificios de viviendas?<\/h2>\n<p>S\u00ed, es posible, pero requiere mucha planificaci\u00f3n y coordinaci\u00f3n. Lo m\u00e1s importante es asegurarse de que la m\u00e1quina expendedora est\u00e9 situada en una zona p\u00fablica del edificio (y no detr\u00e1s del ascensor o dentro de una oficina privada) para que la gente pueda utilizarla f\u00e1cilmente. Adem\u00e1s, tendr\u00e1 que instalar un mecanismo que pueda bloquear la m\u00e1quina cuando no se utilice.<\/p>\n<p><\/p>\n<h2 class=\"otl-heading\" style=\"text-indent: 0em;padding-left: 0em\">\u00bfQu\u00e9 tipo de aceite se utiliza para las m\u00e1quinas de palomitas?<\/h2>\n<p>Hay diferentes tipos de aceite para las m\u00e1quinas de palomitas, pero la mayor\u00eda evitar\u00e1 que los granos salten.<\/p>\n<p>- Aceite esterilizado en autoclave: se recomienda para la mayor\u00eda de las m\u00e1quinas.<\/p>\n<p>- Polietilenglicol: se suele utilizar en m\u00e1quinas manuales antiguas.<\/p>\n<p>- Aceite mineral: tambi\u00e9n se suele utilizar para m\u00e1quinas manuales.<\/p>\n<p>Tambi\u00e9n puede utilizar aceite de oliva, que se recomienda para una menor cantidad de granos.<\/p>\n<p><\/p>\n<h2 class=\"otl-heading\" style=\"text-indent: 0em;padding-left: 0em\">\u00bfSon rentables las palomitas de ma\u00edz?<\/h2>\n<p>Las palomitas de ma\u00edz son un tentempi\u00e9 muy popular, y cada vez son m\u00e1s las personas que recurren a ellas como alternativa m\u00e1s sana a los aperitivos tradicionales. Tambi\u00e9n son cada vez m\u00e1s populares entre los aficionados al cine, e incluso se venden en algunos supermercados, por lo que son una buena idea de negocio.<\/p>\n<p><\/p>\n<h2 class=\"otl-heading\" style=\"text-indent: 0em;padding-left: 0em\">\u00bfSon los complejos de apartamentos buenos lugares para instalar m\u00e1quinas expendedoras de palomitas?<\/h2>\n<p>La respuesta es s\u00ed. Si desea instalar una m\u00e1quina expendedora de palomitas de ma\u00edz en un complejo de apartamentos, primero debe investigar la zona para averiguar si existe alguna normativa o reglamento relativo a las m\u00e1quinas expendedoras. Adem\u00e1s, querr\u00e1 encontrar una ubicaci\u00f3n que est\u00e9 relativamente cerca de la entrada del edificio y que sea muy transitada por los residentes.<\/p>\n<\/div>\n<\/div>\n<p><\/p>\n<\/p><\/div>","protected":false},"excerpt":{"rendered":"<p>Popcorn has become a staple at movie theaters across the country. Our self-service popcorn vending machines allow customers to purchase popcorn without assistance from a cashier or server. We are a Commercial Popcorn Vending Machine manufacturer in China and our factory is equipped with the most advanced machinery in the industry. We have been in [&hellip;]<\/p>\n","protected":false},"featured_media":1964,"comment_status":"open","ping_status":"open","template":"","meta":{"_swt_meta_header_display":false,"_swt_meta_footer_display":false,"_swt_meta_site_title_display":false,"_swt_meta_sticky_header":false,"_swt_meta_transparent_header":false},"product_brand":[],"product_cat":[79,68],"product_tag":[],"class_list":{"0":"post-608","1":"product","2":"type-product","3":"status-publish","4":"has-post-thumbnail","6":"product_cat-popcorn-vending-machine","7":"product_cat-vending-machine","9":"first","10":"instock","11":"shipping-taxable","12":"product-type-simple"},"_links":{"self":[{"href":"https:\/\/www.hommy.com\/es\/wp-json\/wp\/v2\/product\/608","targetHints":{"allow":["GET"]}}],"collection":[{"href":"https:\/\/www.hommy.com\/es\/wp-json\/wp\/v2\/product"}],"about":[{"href":"https:\/\/www.hommy.com\/es\/wp-json\/wp\/v2\/types\/product"}],"replies":[{"embeddable":true,"href":"https:\/\/www.hommy.com\/es\/wp-json\/wp\/v2\/comments?post=608"}],"wp:featuredmedia":[{"embeddable":true,"href":"https:\/\/www.hommy.com\/es\/wp-json\/wp\/v2\/media\/1964"}],"wp:attachment":[{"href":"https:\/\/www.hommy.com\/es\/wp-json\/wp\/v2\/media?parent=608"}],"wp:term":[{"taxonomy":"product_brand","embeddable":true,"href":"https:\/\/www.hommy.com\/es\/wp-json\/wp\/v2\/product_brand?post=608"},{"taxonomy":"product_cat","embeddable":true,"href":"https:\/\/www.hommy.com\/es\/wp-json\/wp\/v2\/product_cat?post=608"},{"taxonomy":"product_tag","embeddable":true,"href":"https:\/\/www.hommy.com\/es\/wp-json\/wp\/v2\/product_tag?post=608"}],"curies":[{"name":"wp","href":"https:\/\/api.w.org\/{rel}","templated":true}]}}