{"id":601,"date":"2024-07-02T14:15:02","date_gmt":"2024-07-02T14:15:02","guid":{"rendered":"http:\/\/localhost\/hommywp\/commercial-automated-soft-ice-cream-machine-for-sale-hommy-brand\/"},"modified":"2025-08-01T09:57:36","modified_gmt":"2025-08-01T09:57:36","slug":"maquina-de-helados-comercial-hm701","status":"publish","type":"product","link":"https:\/\/www.hommy.com\/es\/p\/maquina-de-helados-comercial-hm701\/","title":{"rendered":"Comercial automatizado suave m\u00e1quina de helados para la venta Hommy Marca"},"content":{"rendered":"<div>\n<p style=\"text-align: center\"><\/p>\n<h2 style=\"text-align: center\"><span style=\"font-size: 24px;font-family: arial, helvetica, sans-serif\"><strong><span style=\"font-size: 24px;letter-spacing: 0px\"><a name=\"Small ice cream machine\"><\/a>Peque\u00f1a m\u00e1quina de helados<\/span><\/strong><\/span><\/h2>\n<p style=\"text-align: center\"><a href=\"#Small ice cream machine\" target=\"_self\" data-lv=\"0\" rel=\"noopener\"><span style=\"letter-spacing: 0px;font-family: arial, helvetica, sans-serif;font-size: 16px\">Peque\u00f1a m\u00e1quina de helados<\/span><\/a><span style=\"letter-spacing: 0px;font-family: arial, helvetica, sans-serif;font-size: 16px\">|<a href=\"#PRODUCT FEATURES\" target=\"_self\" data-lv=\"0\" rel=\"noopener\">CARACTER\u00cdSTICAS DEL PRODUCTO<\/a>|<a href=\"#Soft Serve Freezer Frozen Yogurt Freezer Pre-cooling\" target=\"_self\" data-lv=\"0\" rel=\"noopener\">Congelador para helados cremosos Congelador para yogures congelados Preenfriamiento<\/a>|<a href=\"#PRODUCT SPECIFICATION\" target=\"_self\" data-lv=\"0\" rel=\"noopener\">ESPECIFICACI\u00d3N DEL PRODUCTO<\/a>|<a href=\"#PRODUCT ADVANTAGE\" target=\"_self\" data-lv=\"0\" rel=\"noopener\">VENTAJA DEL PRODUCTO<\/a><\/span><\/p>\n<p style=\"text-align: center\">&nbsp;&nbsp;&nbsp;&nbsp;<\/p>\n<p style=\"text-align: center\">\n<p style=\"text-align: center\">&nbsp; &nbsp;&nbsp;<\/p>\n<p style=\"text-align: left\">Tambi\u00e9n somos uno de los principales fabricantes y proveedores de <a style=\"color:blue\" href=\"\/es\/\">M\u00e1quina de helados<\/a>Tenemos una amplia gama de m\u00e1quinas de helados que est\u00e1n disponibles a precios l\u00edderes en el mercado. Incluso pueden ser availalbe seg\u00fan su fecha preferida de entrega. Estamos muy bien versado con las especificaciones de calidad y exigencias de calidad de nuestros clientes y nos esforzamos por cumplir con todos y cada criterio con todos y cada m\u00e1quina.&nbsp;&nbsp; &nbsp; &nbsp; &nbsp; &nbsp; &nbsp; &nbsp; &nbsp;&nbsp;&nbsp; &nbsp; &nbsp;<\/p>\n<h2><span style=\"font-family: arial, helvetica, sans-serif\"><strong><span style=\"font-size: 24px\"><a name=\"PRODUCT FEATURES\"><\/a>CARACTER\u00cdSTICAS DEL PRODUCTO<\/span><\/strong><\/span><br \/><\/h2>\n<p><span style=\"font-size: 22px\"><span style=\"font-family: Helvetica;font-size: 16px\"><\/span><\/span><\/p>\n<p style=\"margin-top:0;margin-right:0;margin-bottom:10px;margin-left:0;text-indent:0\"><span style=\"font-family: Helvetica;letter-spacing: 0;font-size: 16px\">Hommy cuenta con un equipo profesional para el dise\u00f1o de productos. Hay ingenieros profesionales de refrigeraci\u00f3n, ingenieros de software e ingenieros estructurales para garantizar que la calidad del producto sea estable y duradera. Al mismo tiempo, se a\u00f1ade el dise\u00f1o personalizado para facilitar el futuro servicio post-venta. La m\u00e1quina de helados Hommy es digna de confianza.<\/span><\/p>\n<p><\/p>\n<div class=\"d-tem01-graphic tem01-graphic mockup\" data-detail=\"wrap\">\n<div class=\"cont-section clearfix d-clearfix\">\n<div class=\"col-md-6 col-sm-6 col-xs-6\">\n<div class=\"right-p\">\n<div class=\"h2 heading\" style=\"text-align: center\"><img decoding=\"async\" src=\"https:\/\/www.hommy.com\/wp-content\/uploads\/16002442948830.jpg\" alt=\"producto-Hommy-img\" title=\"\" style=\"font-size: 14px\"><span style=\"font-size: 14px\">&nbsp; &nbsp; &nbsp; &nbsp; &nbsp; &nbsp; &nbsp;<\/span><\/div>\n<\/div>\n<\/div>\n<div class=\"col-md-6 col-sm-6 col-xs-6\">\n<div class=\"right-p\">\n<div class=\"h2 heading\">\n<div class=\"col-md-6 col-sm-6 col-xs-6\" style=\"width: 820px\">\n<h2 style=\"text-align: left\"><strong><span style=\"font-family: arial, helvetica, sans-serif;font-size: 24px\">&nbsp; &nbsp; &nbsp;<a name=\"Soft Serve Freezer Frozen Yogurt Freezer Pre-cooling\"><\/a>Congelador para helados cremosos Congelador para yogur helado<\/span><\/strong><\/h2>\n<\/div>\n<div class=\"col-md-6 col-sm-6 col-xs-6\" style=\"width: 820px\">\n<div class=\"right-p\" style=\"padding: 0px 0px 0px 30px\">\n<div class=\"h2 heading\" style=\"margin: 0px 0px 15px;font-size: 22px\">\n<h2 style=\"text-align: left\"><span style=\"font-size: 24px;font-family: arial, helvetica, sans-serif\"><strong><span style=\"font-size: 24px\">Pre-enfriamiento, Mezclador,<\/span><span style=\"font-size: 24px\">&nbsp;<\/span><span style=\"font-size: 24px\">Contador, Tratamiento T\u00e9rmico, Descongelaci\u00f3n, Desinfecci\u00f3n<\/span><\/strong><\/span><\/h2>\n<h2 style=\"text-align: left\"><strong><span style=\"font-family: arial, helvetica, sans-serif;font-size: 24px\">Caracter\u00edsticas:<\/span><\/strong><\/h2>\n<p style=\"margin-left: 32px;text-align: left\"><span style=\"font-family: Calibri;font-size: 16px\">- Oferta de productos: Ofrezca todas las variantes populares de helados cremosos y yogur helado desnatado o desnatado.<\/span><\/p>\n<p style=\"margin-left: 32px;text-align: left\"><span style=\"font-family: Calibri;font-size: 16px\">- Sabor: Servir sabor \u00fanico.<\/span><\/p>\n<p style=\"margin-left: 32px;text-align: left\"><span style=\"font-family: Calibri;font-size: 16px\">- Tolva de mezcla: Una capacidad de 13 litros (13.7quart, 3.43gallons)<\/span><\/p>\n<p style=\"margin-left: 32px;text-align: left\"><span style=\"font-family: Calibri;font-size: 16px\">- Cilindro de congelaci\u00f3n: Una capacidad de 1,8 litros<\/span><\/p>\n<p style=\"text-align: left\"><span style=\"font-family: Calibri;font-size: 16px\">Control electr\u00f3nico:<\/span><\/p>\n<p style=\"margin-left: 32px;text-align: left\"><span style=\"font-family: Calibri;font-size: 16px\">- Las temperaturas de las tolvas o de los cilindros de congelaci\u00f3n pueden visualizarse en cualquier punto de la operaci\u00f3n.<\/span><\/p>\n<p style=\"margin-left: 32px;text-align: left\"><span style=\"font-family: Calibri;font-size: 16px\">- Proporciona el nivel de viscosidad necesario para las raciones.<\/span><\/p>\n<p style=\"margin-left: 32px;text-align: left\"><span style=\"font-family: Calibri;font-size: 16px\">- Indicador de nivel de mezcla y alarma. Cuando el indicador luminoso de mezcla agotada parpadea, la m\u00e1quina se apaga autom\u00e1ticamente para evitar da\u00f1os.<\/span><\/p>\n<p style=\"text-align: left\"><span style=\"font-family: Calibri;font-size: 16px\">Modo de espera:<\/span><\/p>\n<p style=\"text-align: left\"><span style=\"font-family: Calibri;font-size: 16px\">Durante largos periodos sin uso, la funci\u00f3n de espera mantiene temperaturas seguras del producto en la tolva de mezcla y el cilindro de congelaci\u00f3n.<\/span><\/p>\n<p style=\"margin-left: 32px;text-align: left\"><span style=\"font-family: Calibri;font-size: 16px\">- Funci\u00f3n de protecci\u00f3n de la presi\u00f3n del sistema de refrigeraci\u00f3n.<\/span><\/p>\n<p style=\"margin-left: 32px;text-align: left\"><span style=\"font-family: Calibri;font-size: 16px\">- Su construcci\u00f3n duradera con cubierta de acero inoxidable hace que sea moderno y<\/span><span style=\"font-family: \u5b8b\u4f53;font-size: 16px\">&nbsp;<\/span><span style=\"font-family: Calibri;font-size: 16px\">aspecto exterior lujoso<\/span><\/p>\n<p style=\"text-align: left\"><span style=\"font-family: Calibri;font-size: 16px\">Funciones:<\/span><\/p>\n<p style=\"text-align: left\"><span style=\"font-family: Calibri;font-size: 16px\">El sistema de preenfriamiento mantiene la mezcla por debajo de 5\u00b0C durante los modos autom\u00e1tico y de espera.<\/span><\/p>\n<p style=\"text-align: left\"><span style=\"font-family: Calibri;font-size: 16px\">La mezcladora mantiene la uniformidad de la mezcla en las tolvas.<\/span><\/p>\n<p style=\"text-align: left\"><span style=\"font-family: Calibri;font-size: 16px\">El tratamiento t\u00e9rmico proporciona una rutina de limpieza diaria para mantener el producto conforme a las normas de calidad y seguridad hasta dos semanas antes de la limpieza completa con desmontaje.<\/span><\/p>\n<p style=\"text-align: left\"><span style=\"font-family: Calibri;font-size: 16px\">Descongelaci\u00f3n<\/span><\/p>\n<p style=\"margin-left: 32px;text-align: left\"><span style=\"font-family: Calibri;font-size: 16px\">- La descongelaci\u00f3n de producci\u00f3n funde r\u00e1pidamente el producto en ambos cilindros y<\/span><span style=\"font-family: \u5b8b\u4f53;font-size: 16px\">&nbsp;<\/span><span style=\"font-family: Calibri;font-size: 16px\">tolvas y luego vuelve al modo de producci\u00f3n para reproducirse.<\/span><\/p>\n<p style=\"margin-left: 32px;text-align: left\"><span style=\"font-family: Calibri;font-size: 16px\">- La descongelaci\u00f3n por lavado funde r\u00e1pidamente el producto en los cilindros que<\/span><span style=\"font-family: \u5b8b\u4f53;font-size: 16px\">&nbsp;<\/span><span style=\"font-family: Calibri;font-size: 16px\">reduce significativamente los restos antes de la limpieza.<\/span><\/p>\n<p style=\"text-align: left\"><span style=\"font-family: Calibri;font-size: 16px\">Desinfecci\u00f3n<\/span><\/p>\n<p style=\"margin-left: 32px;text-align: left\"><span style=\"font-family: Calibri;font-size: 16px\">- Funci\u00f3n especial que hace que el proceso de higienizaci\u00f3n sea semiautom\u00e1tico y sencillo.<\/span><\/p>\n<p style=\"text-align: left\"><span style=\"font-family: Calibri;font-size: 16px\">No desmontar la m\u00e1quina para limpiar la unidad de bloque de garganta, batidor y<\/span><span style=\"font-family: \u5b8b\u4f53;font-size: 16px\">&nbsp;<\/span><span style=\"font-family: Calibri;font-size: 16px\">cilindro.<\/span><\/p>\n<p><span style=\"font-family: Calibri;font-size: 16px\"><br \/><\/span><\/div>\n<\/div>\n<\/div>\n<p><span style=\"font-size: 14px\"><\/span><\/div>\n<\/div>\n<p>&nbsp; &nbsp; &nbsp; &nbsp; &nbsp;<\/p><\/div>\n<\/div>\n<\/div>\n<p><span style=\"font-size: 22px\"><\/span><\/p>\n<div class=\"d-tem03-graphic tem03-graphic mockup\" data-detail=\"wrap\">\n<div class=\"cont-section\">\n<h2 style=\"text-align: left\"><strong><span style=\"font-size: 24px;font-family: arial, helvetica, sans-serif\"><a name=\"PRODUCT SPECIFICATION\"><\/a>ESPECIFICACI\u00d3N DEL PRODUCTO<\/span><\/strong><\/h2>\n<p style=\"text-align: left\"><span style=\"font-size: 24px\"><\/span><\/p>\n<p style=\"text-align: left\"><span style=\"font-family: Helvetica;letter-spacing: 0px;font-size: 16px\"><\/span><\/p>\n<p style=\"text-align: left\"><span style=\"font-family: Helvetica;letter-spacing: 0;font-size: 16px\">Hommy cuenta con un equipo profesional para realizar el dise\u00f1o del producto. Hay ingenieros profesionales de refrigeraci\u00f3n, ingenieros de software e ingenieros estructurales para garantizar que la calidad del producto sea estable y duradera. Al mismo tiempo, se a\u00f1ade el dise\u00f1o personalizado<\/span><span style=\"font-family: \u5b8b\u4f53;letter-spacing: 0;font-size: 16px\">&nbsp;<\/span><span style=\"font-family: Helvetica;letter-spacing: 0;font-size: 16px\">para facilitar el futuro servicio postventa. Hommy m\u00e1quina de helados es digno de confianza.<\/span><\/p>\n<p style=\"text-align: left\"><span style=\"font-family: Helvetica;letter-spacing: 0px;font-size: 16px\"><\/span><\/p>\n<p style=\"text-align: left\"><span style=\"font-size: 24px\"><\/span><\/p>\n<p><img decoding=\"async\" src=\"https:\/\/www.hommy.com\/wp-content\/uploads\/16001606257392-1.png\" alt=\"producto-Hommy-img\" title=\"\">&nbsp; &nbsp; &nbsp;&nbsp;<\/p>\n<p style=\"text-align: left\"><\/p>\n<p style=\"text-align: left\"><span style=\"font-size: 24px\"><\/span><\/p>\n<p style=\"text-align: left\"><span style=\"font-size: 24px\"><br \/><\/span><\/p>\n<h2 style=\"text-align: left\"><strong><span style=\"font-size: 24px;font-family: arial, helvetica, sans-serif\">VENTAJA DEL PRODUCTO<\/span><\/strong><\/h2>\n<p><span style=\"font-size: 24px\"><\/span><\/p>\n<p><span style=\"font-family: Helvetica;letter-spacing: 0px;font-size: 16px\"><\/span><\/p>\n<p style=\"text-align: left\"><span style=\"font-family: Helvetica;letter-spacing: 0px\">Hommy han producir m\u00e1quina de helados durante 20 a\u00f1os de experiencia, expendedora de m\u00e1quinas de helados a\u00f1adir m\u00e1s funci\u00f3n de helado suave, porque no hay hombre para el servicio todo el tiempo. nos basamos en esta a\u00f1adir m\u00e1s sensores y el uso de software para controlarlo que es de buena calidad y buena funci\u00f3n.<\/span><\/p>\n<p style=\"text-align: left\"><span style=\"font-family: Helvetica;letter-spacing: 0px\"><\/span><\/p>\n<p><span style=\"font-family: Helvetica;letter-spacing: 0px\"><\/span><\/div>\n<\/div>\n<div class=\"d-tem01-graphic tem01-graphic mockup\" data-detail=\"wrap\">\n<div class=\"cont-section clearfix d-clearfix\">\n<div class=\"col-md-6 col-sm-6 col-xs-6\">\n<div class=\"right-p\">\n<div class=\"h2 heading\"><span style=\"letter-spacing: 0px;font-family: Helvetica;font-weight: bold;font-size: 18px\">1.&nbsp;<\/span><strong style=\"font-family: inherit;font-size: 22px\"><span style=\"font-family: Helvetica;letter-spacing: 0px;font-size: 18px\">Tubo de expansi\u00f3n<\/span><\/strong><\/div>\n<p><span style=\"font-family: \u5b8b\u4f53;font-size: 16px\">La funci\u00f3n del tubo de expansi\u00f3n es soplar aire en el cilindro y mezclar con el helado para aumentar la tasa de expansi\u00f3n del helado, que es m\u00e1s suave y m\u00e1s delicioso cuando se come. La tasa de expansi\u00f3n del tubo de expansi\u00f3n es 30%-45%, y tiene tres agujeros diferentes para que los clientes puedan ajustar la cantidad de entrada de aire, que es conveniente para limpiar y f\u00e1cil de operar.<\/span><\/p>\n<p><span style=\"font-family: \u5b8b\u4f53;font-size: 16px\"><br \/><\/span><\/p>\n<p><span style=\"font-family: \u5b8b\u4f53;font-size: 16px\"><br \/><\/span><\/p>\n<\/div>\n<div class=\"graphic_pic animated wow bounceIn\" data-wow-delay=\".7s\">\n<p style=\"text-align:center\"><img decoding=\"async\" src=\"https:\/\/www.hommy.com\/wp-content\/uploads\/16002438458170.jpg\" alt=\"producto-Hommy-img\" title=\"\"><\/p>\n<\/div>\n<\/div>\n<div class=\"col-md-6 col-sm-6 col-xs-6\">\n<div class=\"right-p\">\n<div class=\"h2 heading\"><span style=\"font-size: 22px\">2.Sensor de salida<\/span><\/div>\n<p><span style=\"letter-spacing: 0px;font-family: \u5b8b\u4f53;font-size: 16px\">Si usted vende hacia fuera el helado en la noche la configuraci\u00f3n autom\u00e1tica del sistema Pasteurizaci\u00f3n : Puede matar a las bacterias que producen dentro de la m\u00e1quina de -5\u2103 \u2192 65\u2103\u2192 -5\u2103process ( desinfectar el cilindro de carga y la materia prima en el interior , a continuaci\u00f3n, refrigerar a reservar estado ) . por lo que puede mantener la m\u00e1quina cada 14 d\u00edas una vez .<\/span><span style=\"letter-spacing: 0px;font-family: \u5b8b\u4f53\">&nbsp;<\/span><\/p>\n<p><span style=\"letter-spacing: 0px;font-family: \u5b8b\u4f53\"><br \/><\/span><\/p>\n<p><span style=\"letter-spacing: 0px;font-family: \u5b8b\u4f53\"><br \/><\/span><\/p>\n<p><\/p>\n<\/div>\n<div class=\"graphic_pic animated wow bounceIn\" data-wow-delay=\".7s\">\n<p style=\"text-align:center\"><img decoding=\"async\" src=\"https:\/\/www.hommy.com\/wp-content\/uploads\/16002438718897.jpg\" alt=\"producto-HM701 m\u00e1quina comercial de helados-Hommy-img\" title=\"\"><\/p>\n<\/div>\n<\/div>\n<\/div>\n<\/div>\n<div class=\"d-tem01-graphic tem01-graphic mockup\" data-detail=\"wrap\">\n<div class=\"cont-section clearfix d-clearfix\">\n<div class=\"col-md-6 col-sm-6 col-xs-6\">\n<div class=\"right-p\">\n<div class=\"h2 heading\"><span style=\"font-size: 22px\">3.Pasteurizaci\u00f3n<\/span><\/div>\n<p><span style=\"letter-spacing: 0px;font-family: \u5b8b\u4f53;font-size: 16px\">Si usted vende hacia fuera el helado en la noche la configuraci\u00f3n autom\u00e1tica del sistema Pasteurizaci\u00f3n : Puede matar a las bacterias que producen dentro de la m\u00e1quina de -5\u2103 \u2192 65\u2103\u2192 -5\u2103process ( desinfectar el cilindro de carga y la materia prima en el interior , a continuaci\u00f3n, refrigerar a reservar estado ) . por lo que puede mantener la m\u00e1quina cada 14 d\u00edas una vez .<\/span><span style=\"letter-spacing: 0px;font-family: \u5b8b\u4f53\">&nbsp;<\/span><\/p>\n<p><span style=\"letter-spacing: 0px;font-family: \u5b8b\u4f53\"><br \/><\/span><\/p>\n<p><span style=\"letter-spacing: 0px;font-family: \u5b8b\u4f53\">&nbsp;<\/span><\/p>\n<\/div>\n<div class=\"graphic_pic animated wow bounceIn\" data-wow-delay=\".7s\">\n<p style=\"text-align:center\"><img decoding=\"async\" src=\"https:\/\/www.hommy.com\/wp-content\/uploads\/16002438931389.jpg\" alt=\"producto-Hommy-HM701 m\u00e1quina de helados comercial-img\" title=\"\"><\/p>\n<\/div>\n<\/div>\n<div class=\"col-md-6 col-sm-6 col-xs-6\">\n<div class=\"right-p\">\n<div class=\"h2 heading\"><span style=\"font-size: 22px\">4.Controlador<\/span><\/div>\n<p><span style=\"letter-spacing: 0px;font-family: \u5b8b\u4f53;font-size: 16px\">El panel de control muestra claramente las funciones internas de la m\u00e1quina. Al mismo tiempo, la m\u00e1quina tambi\u00e9n recuerda la funci\u00f3n de limpieza, a\u00f1adiendo funciones m\u00e1s humanizadas, tambi\u00e9n somos bienvenidos a hacer OEM.<\/span>&nbsp;&nbsp;<\/p>\n<p><\/p>\n<p><\/p>\n<\/div>\n<div class=\"graphic_pic animated wow bounceIn\" data-wow-delay=\".7s\">\n<p style=\"text-align:center\"><img decoding=\"async\" src=\"https:\/\/www.hommy.com\/wp-content\/uploads\/16002439163396.jpg\" alt=\"producto-Hommy-img\" title=\"\"><\/p>\n<\/div>\n<\/div>\n<\/div>\n<\/div>\n<div class=\"d-tem01-graphic tem01-graphic mockup\" data-detail=\"wrap\">\n<div class=\"cont-section clearfix d-clearfix\">\n<div class=\"col-md-6 col-sm-6 col-xs-6\">\n<div class=\"right-p\">\n<p><span style=\"font-size: 22px\">5.Mezclador en tolva<\/span><\/p>\n<p><span style=\"font-family: \u5b8b\u4f53;font-size: 16px\">Mezcla uniforme. Mezclador de alta velocidad en hooper mantiene el material que fluye en la tolva en caso de helado. El helado ser\u00e1 m\u00e1s suave despu\u00e9s de mezclar completamente con aire.<\/span><\/p>\n<p><span style=\"font-family: \u5b8b\u4f53;font-size: 16px\"><br \/><\/span><\/p>\n<p><span style=\"font-family: \u5b8b\u4f53;font-size: 16px\"><br \/><\/span><\/p>\n<p><span style=\"font-family: \u5b8b\u4f53;font-size: 16px\"><br \/><\/span><\/p>\n<\/div>\n<div class=\"graphic_pic animated wow bounceIn\" data-wow-delay=\".7s\">\n<p style=\"text-align:center\"><img decoding=\"async\" src=\"https:\/\/www.hommy.com\/wp-content\/uploads\/16002439503054.jpg\" alt=\"producto-Hommy-img-1\" title=\"\"><\/p>\n<\/div>\n<\/div>\n<div class=\"col-md-6 col-sm-6 col-xs-6\">\n<div class=\"right-p\">\n<p><span style=\"font-size: 22px\">6.Accesorios opcionales escape<\/span><\/p>\n<p><span style=\"font-family: \u5b8b\u4f53;font-size: 16px\">Instalar correctamente la m\u00e1quina de helados. La distancia entre el conducto de escape detr\u00e1s de la m\u00e1quina y la pared es de 1 metro para la ventilaci\u00f3n, pero de hecho, es imposible lograr esta situaci\u00f3n en nuestro lugar de almacenamiento. Hommy dise\u00f1ado un nuevo conducto de escape para el uso diario para extraer el aire caliente. En la parte superior, puede satisfacer m\u00e1s lugares sin ocupar espacio.<\/span><\/p>\n<p><span style=\"font-family: \u5b8b\u4f53;font-size: 16px\"><br \/><\/span><\/p>\n<p><span style=\"font-family: \u5b8b\u4f53;font-size: 16px\"><br \/><\/span><\/p>\n<\/div>\n<div class=\"graphic_pic animated wow bounceIn\" data-wow-delay=\".7s\">\n<p style=\"text-align:center\"><img decoding=\"async\" src=\"https:\/\/www.hommy.com\/wp-content\/uploads\/16002439846203.jpg\" alt=\"producto-Hommy-img-1\" title=\"\"><\/p>\n<\/div>\n<\/div>\n<\/div>\n<\/div>\n<p><span style=\"font-family: \u5b8b\u4f53;letter-spacing: 0px;font-size: 16px\"><\/span><\/p>\n<p>Documento\uff1a<img decoding=\"async\" src=\"https:\/\/www.hommy.com\/wp-content\/uploads\/icon_pdf-30.gif\" style=\"margin-right: 2px\" alt=\"producto-Hommy-img-1\" title=\"\"><a href=\"https:\/\/img80002414.weyesimg.com\/uploads\/www.hommy.com\/addon\/16028097954416.pdf\" title=\"16028097954416.pdf\" style=\"font-size: 12px\">16028097954416.pdf<\/a><\/p>\n<h2>\u00bfEl helado blando es helado de verdad?<\/h2>\n<p style=\"margin-top: 5px;margin-bottom: 5px\">Por helado blando se entiende la textura blanda de un helado. Su textura es diferente de la del helado real y de la de los productos l\u00e1cteos congelados. En este art\u00edculo analizaremos si el helado blando es helado de verdad.<\/p>\n<p style=\"margin-top: 5px;margin-bottom: 5px\"><\/p>\n<h2>\u00bfQu\u00e9 es el <a style=\"color:blue\" href=\"https:\/\/www.hommy.com\/es\/maquina-de-helados-blandos\/\">m\u00e1quina de helados soft serve<\/a>?<\/h2>\n<p style=\"margin-top: 5px;margin-bottom: 5px\">La m\u00e1quina de helado soft serve es la segunda generaci\u00f3n de las m\u00e1quinas de helado, la primera es la m\u00e1quina de helado soft y la m\u00e1quina de helado hard, ambas pertenecen a la misma clase de m\u00e1quina de helado. <a style=\"color:blue\" href=\"https:\/\/www.hommy.com\/es\/maquina-de-helados-blandos\/\">M\u00e1quina de helados blandos<\/a> La m\u00e1quina de helado suave puede mezclar, batir, congelar y servir helado en cuesti\u00f3n de minutos sin ning\u00fan trabajo duro. Es ampliamente utilizado en el restaurante, cadenas de comida r\u00e1pida, cafeter\u00edas, y otros lugares con gran demanda.<\/p>\n<p style=\"margin-top: 5px;margin-bottom: 5px\"><\/p>\n<h2>\u00bfC\u00f3mo se hace el helado blando?\"<\/h2>\n<p style=\"margin-top: 5px;margin-bottom: 5px\">\"Mmmm La mejor forma de hacer helado blando es utilizar un agente ablandador. El m\u00e1s com\u00fan es el glicerol, pero otros agentes suavizantes son el sorbitol y el jarabe de sorbitol. El glicerol se a\u00f1ade al helado cuando se est\u00e1 haciendo, y el sorbitol se a\u00f1ade al helado cuando se est\u00e1 almacenando.\"<\/p>\n<\/div><\/div>","protected":false},"excerpt":{"rendered":"<p>Small ice cream machine Small ice cream machine|PRODUCT FEATURES|Soft Serve Freezer Frozen Yogurt Freezer Pre-cooling|PRODUCT SPECIFICATION|PRODUCT ADVANTAGE &nbsp;&nbsp;&nbsp;&nbsp; &nbsp; &nbsp;&nbsp; We are also one of the leading manufacturers and suppliers of Ice Cream Machines.We have a wide range of Ice Cream Machines that are available at market leading prices. They can even be availalbe as [&hellip;]<\/p>\n","protected":false},"featured_media":592,"comment_status":"open","ping_status":"open","template":"","meta":{"_swt_meta_header_display":false,"_swt_meta_footer_display":false,"_swt_meta_site_title_display":false,"_swt_meta_sticky_header":false,"_swt_meta_transparent_header":false},"product_brand":[],"product_cat":[77,78],"product_tag":[],"class_list":{"0":"post-601","1":"product","2":"type-product","3":"status-publish","4":"has-post-thumbnail","6":"product_cat-ice-cream-machine","7":"product_cat-soft-ice-cream-machine","9":"first","10":"instock","11":"shipping-taxable","12":"product-type-simple"},"_links":{"self":[{"href":"https:\/\/www.hommy.com\/es\/wp-json\/wp\/v2\/product\/601","targetHints":{"allow":["GET"]}}],"collection":[{"href":"https:\/\/www.hommy.com\/es\/wp-json\/wp\/v2\/product"}],"about":[{"href":"https:\/\/www.hommy.com\/es\/wp-json\/wp\/v2\/types\/product"}],"replies":[{"embeddable":true,"href":"https:\/\/www.hommy.com\/es\/wp-json\/wp\/v2\/comments?post=601"}],"wp:featuredmedia":[{"embeddable":true,"href":"https:\/\/www.hommy.com\/es\/wp-json\/wp\/v2\/media\/592"}],"wp:attachment":[{"href":"https:\/\/www.hommy.com\/es\/wp-json\/wp\/v2\/media?parent=601"}],"wp:term":[{"taxonomy":"product_brand","embeddable":true,"href":"https:\/\/www.hommy.com\/es\/wp-json\/wp\/v2\/product_brand?post=601"},{"taxonomy":"product_cat","embeddable":true,"href":"https:\/\/www.hommy.com\/es\/wp-json\/wp\/v2\/product_cat?post=601"},{"taxonomy":"product_tag","embeddable":true,"href":"https:\/\/www.hommy.com\/es\/wp-json\/wp\/v2\/product_tag?post=601"}],"curies":[{"name":"wp","href":"https:\/\/api.w.org\/{rel}","templated":true}]}}