{"id":581,"date":"2024-07-02T14:14:55","date_gmt":"2024-07-02T14:14:55","guid":{"rendered":"http:\/\/localhost\/hommywp\/hm706b-professional-high-output-ice-cream-maker-factory-cost\/"},"modified":"2025-11-05T18:50:10","modified_gmt":"2025-11-05T18:50:10","slug":"heladora-hm706b","status":"publish","type":"product","link":"https:\/\/www.hommy.com\/es\/p\/heladora-hm706b\/","title":{"rendered":"Hm706b profesional de alta producci\u00f3n de helados costo de la f\u00e1brica"},"content":{"rendered":"<div>\n<p style=\"text-align: center\"><\/p>\n<h2 style=\"text-align: center\"><span style=\"font-family: arial, helvetica, sans-serif;font-size: 24px\"><strong><span style=\"font-family: arial, helvetica, sans-serif;letter-spacing: 0px\"><a name=\"Table top ice cream machine\"><\/a>M\u00e1quina de helados de sobremesa<\/span><\/strong><\/span><\/h2>\n<p style=\"text-align: center\"><a href=\"#Table top ice cream machine\" target=\"_self\" data-lv=\"0\" rel=\"noopener\"><span style=\"font-size: 16px;font-family: arial, helvetica, sans-serif\"><strong><span style=\"font-size: 16px;letter-spacing: 0px\">M\u00e1quina de helados de sobremesa<\/span><\/strong><\/span><\/a><span style=\"font-size: 16px;font-family: arial, helvetica, sans-serif\"><strong><span style=\"font-size: 16px;letter-spacing: 0px\">|<a href=\"#Product Features\" target=\"_self\" data-lv=\"0\" rel=\"noopener\">Caracter\u00edsticas del producto<\/a>|<a href=\"#Soft Serve Freezer and  Frozen Yogurt Freezer\" target=\"_self\" data-lv=\"0\" rel=\"noopener\">Congelador de helados y yogur helado<\/a>|<a href=\"#Product Specification\" target=\"_self\" data-lv=\"0\" rel=\"noopener\">Especificaci\u00f3n del producto<\/a>&nbsp;<\/span><\/strong><\/span><\/p>\n<p><\/p>\n<p style=\"text-align: center\">\n<p>Estos <a style=\"color:blue\" href=\"\/es\/\">heladora<\/a>s son muy apreciados debido a su construcci\u00f3n robusta, f\u00e1cil de operar caracter\u00edsticas y durabilidad. Somos uno de los nombres eminentes en la industria. Todos nuestros productos est\u00e1n dise\u00f1ados despu\u00e9s de seguir las \u00faltimas tendencias de la industria. Seguimos estrictamente los par\u00e1metros de calidad en la fabricaci\u00f3n de la gama, esto nos hace en una posici\u00f3n \u00fanica para proporcionar la calidad perfecta. Por otra parte, el equipo viene con una garant\u00eda para el refrigerador de 1 a\u00f1o. Los clientes pueden beneficiarse f\u00e1cilmente de esta garant\u00eda.<\/p>\n<h4><strong><span style=\"font-family: \u5b8b\u4f53;letter-spacing: 0;font-size: 18px\"><\/span><\/strong><\/h4>\n<h2 style=\", Helvetica, Arial, sans-serif\"><span style=\"font-family: arial, helvetica, sans-serif;font-size: 24px\"><strong><span style=\"font-family: arial, helvetica, sans-serif;letter-spacing: 0px\"><a name=\"Product Features\"><\/a>Producto&nbsp;<\/span><\/strong><strong><span style=\"font-family: arial, helvetica, sans-serif;letter-spacing: 0px\">Caracter\u00edsticas<\/span><\/strong><\/span><strong><span style=\"font-family: \u5b8b\u4f53;letter-spacing: 0px\">&nbsp;<\/span><\/strong><strong><span style=\"font-family: \u5b8b\u4f53;letter-spacing: 0px\">&nbsp;<\/span><\/strong><\/h2>\n<p><span style=\"font-family: Helvetica;letter-spacing: 0px;font-size: 16px\">Hommy cuenta con un equipo profesional para realizar el dise\u00f1o del producto. Hay ingenieros profesionales de refrigeraci\u00f3n, ingenieros de software e ingenieros estructurales para garantizar que la calidad del producto sea estable y duradera. Al mismo tiempo, se a\u00f1ade el dise\u00f1o personalizado para facilitar el futuro servicio posventa. Hommy <a style=\"color:blue\" href=\"\/es\/\">m\u00e1quina de helados<\/a> es digno de confianza.<\/span><\/p>\n<p><span style=\"font-family: Helvetica;letter-spacing: 0px;font-size: 16px\"><br \/><\/span><\/p>\n<p><span style=\"font-family: Helvetica;letter-spacing: 0px;font-size: 16px\"><\/span><\/p>\n<div class=\"d-tem01-graphic tem01-graphic mockup\" data-detail=\"wrap\">\n<div class=\"cont-section clearfix d-clearfix\">\n<div class=\"col-md-6 col-sm-6 col-xs-6\">\n<div class=\"right-p\">\n<div class=\"h2 heading\"><img decoding=\"async\" src=\"https:\/\/www.hommy.com\/wp-content\/uploads\/16002465096161.jpg\" alt=\"producto-Hommy-img\" style=\"font-size: 14px\" title=\"\"><span style=\"font-size: 14px\">&nbsp; &nbsp; &nbsp; &nbsp; &nbsp; &nbsp; &nbsp;<\/span><\/div>\n<\/div>\n<\/div>\n<div class=\"col-md-6 col-sm-6 col-xs-6\">\n<div class=\"right-p\">\n<div class=\"h2 heading\">\n<h2 style=\"margin-bottom: 0px;font-size: 22px;text-align: justify\"><span style=\"font-size: 24px\"><strong><span style=\"font-family: arial, helvetica, sans-serif;letter-spacing: 0px\"><a name=\"Soft Serve Freezer and  Frozen Yogurt Freezer\"><\/a>Congelador de helados y yogur helado<\/span><\/strong><\/span><\/h2>\n<h2 style=\"margin-bottom: 0px;font-size: 22px;text-align: justify\"><strong><span style=\"letter-spacing: 0px;font-family: arial, helvetica, sans-serif;font-size: 24px\">Twin Twist, Preenfriamiento, Mezclador, Mostrador, Tratamiento t\u00e9rmico, Descongelaci\u00f3n, Desinfecci\u00f3n, Sistema de control remoto<\/span><\/strong><\/h2>\n<h2 style=\"margin-bottom: 0px;font-size: 22px;text-align: justify\"><strong><span style=\"letter-spacing: 0px;font-family: arial, helvetica, sans-serif;font-size: 24px\">Caracter\u00edsticas<\/span><\/strong><\/h2>\n<p style=\"margin-bottom: 0px;font-size: 22px;text-align: justify\"><span style=\"font-family: \u5b8b\u4f53;letter-spacing: 0px;font-size: 16px\">-<\/span><span style=\"font-family: Calibri;letter-spacing: 0px;font-size: 16px\">Oferta de productos: Ofrezca todas las variantes populares de helados cremosos y yogur helado desnatado o desnatado.<\/span><\/p>\n<p style=\"margin-bottom: 0px;font-size: 22px;text-align: justify\"><span style=\"font-family: \u5b8b\u4f53;letter-spacing: 0px;font-size: 16px\">-<\/span><span style=\"font-family: Calibri;letter-spacing: 0px;font-size: 16px\">Sabor: Sirve dos sabores separados y uno girado.<\/span><\/p>\n<p style=\"margin-bottom: 0px;font-size: 22px;text-align: justify\"><span style=\"font-family: \u5b8b\u4f53;letter-spacing: 0px;font-size: 16px\">-<\/span><span style=\"font-family: Calibri;letter-spacing: 0px;font-size: 16px\">Tolva de mezcla: Dos de 13 litros de capacidad (13.7quart, 3.43gallons)<\/span><\/p>\n<p style=\"margin-bottom: 0px;font-size: 22px;text-align: justify\"><span style=\"font-family: \u5b8b\u4f53;letter-spacing: 0px;font-size: 16px\">-<\/span><span style=\"font-family: Calibri;letter-spacing: 0px;font-size: 16px\">Cilindro de congelaci\u00f3n: Dos de 2,8 litros de capacidad (3,0 cuartos de gal\u00f3n, 0,74 galones)<\/span><\/p>\n<p style=\"margin-bottom: 0px;font-size: 22px;text-align: justify\"><span style=\"font-family: \u5b8b\u4f53;letter-spacing: 0px;font-size: 16px\">-<\/span><span style=\"font-family: Calibri;letter-spacing: 0px;font-size: 16px\">Pantalla t\u00e1ctil en color de 15\" con sistema Android.<\/span><\/p>\n<p style=\"margin-bottom: 0px;font-size: 22px;text-align: justify\"><span style=\"font-family: Calibri;letter-spacing: 0px;font-size: 16px\">- Garantice la seguridad: Despu\u00e9s de ajustar todos los par\u00e1metros seg\u00fan sea necesario, bloquee la placa de control y los ajustes no pueden ser cambiados por otros.<\/span><\/p>\n<p style=\"margin-bottom: 0px;font-size: 22px;text-align: justify\"><span style=\"font-family: Calibri;letter-spacing: 0px;font-size: 16px\">Funciones:<\/span><\/p>\n<p style=\"margin-bottom: 0px;font-size: 22px;text-align: justify\"><span style=\"font-family: \u5b8b\u4f53;letter-spacing: 0px;font-size: 16px\">-<\/span><span style=\"font-family: Calibri;letter-spacing: 0px;font-size: 16px\">El sistema de preenfriamiento mantiene la mezcla por debajo del 5<\/span><span style=\"font-family: \u5b8b\u4f53;letter-spacing: 0px;font-size: 16px\">\u2103<\/span><span style=\"font-family: Calibri;letter-spacing: 0px;font-size: 16px\">&nbsp;durante los modos autom\u00e1tico y de espera.<\/span><\/p>\n<p style=\"margin-bottom: 0px;font-size: 22px;text-align: justify\"><span style=\"font-family: \u5b8b\u4f53;letter-spacing: 0px;font-size: 16px\">-<\/span><span style=\"font-family: Calibri;letter-spacing: 0px;font-size: 16px\">La mezcladora mantiene la uniformidad de la mezcla en las tolvas.<\/span><\/p>\n<p style=\"margin-bottom: 0px;font-size: 22px;text-align: justify\"><span style=\"font-family: \u5b8b\u4f53;letter-spacing: 0px;font-size: 16px\">-<\/span><span style=\"font-family: Calibri;letter-spacing: 0px;font-size: 16px\">El tratamiento t\u00e9rmico proporciona una rutina de limpieza diaria para mantener el producto conforme a las normas de calidad y seguridad hasta dos semanas antes de la limpieza completa con desmontaje.<\/span><\/p>\n<p style=\"margin-bottom: 0px;font-size: 22px;text-align: justify\"><span style=\"font-family: \u5b8b\u4f53;letter-spacing: 0px;font-size: 16px\">-<\/span><span style=\"font-family: Calibri;letter-spacing: 0px;font-size: 16px\">Descongelaci\u00f3n<\/span><\/p>\n<p style=\"margin-bottom: 0px;font-size: 22px;text-align: justify\"><span style=\"font-family: Calibri;letter-spacing: 0px;font-size: 16px\">- La descongelaci\u00f3n de producci\u00f3n funde r\u00e1pidamente el producto en ambos cilindros y, a continuaci\u00f3n, vuelve al modo de producci\u00f3n para reproducirse.<\/span><\/p>\n<p style=\"margin-bottom: 0px;font-size: 22px;text-align: justify\"><span style=\"font-family: Calibri;letter-spacing: 0px;font-size: 16px\">- La descongelaci\u00f3n por lavado funde r\u00e1pidamente el producto en los cilindros, lo que reduce considerablemente los restos antes de la limpieza.<\/span><\/p>\n<p style=\"margin-bottom: 0px;font-size: 22px;text-align: justify\"><span style=\"font-family: \u5b8b\u4f53;letter-spacing: 0px;font-size: 16px\">-<\/span><span style=\"font-family: Calibri;letter-spacing: 0px;font-size: 16px\">Desinfecci\u00f3n<\/span><\/p>\n<p style=\"margin-bottom: 0px;font-size: 22px;text-align: justify\"><span style=\"font-family: Calibri;letter-spacing: 0px;font-size: 16px\">- Funci\u00f3n especial que hace que el proceso de higienizaci\u00f3n sea semiautom\u00e1tico y sencillo.<\/span><\/p>\n<p style=\"margin-bottom: 0px;font-size: 22px;text-align: justify\"><span style=\"font-family: Calibri;letter-spacing: 0px;font-size: 16px\">- No desmonte la m\u00e1quina para limpiar la unidad de bloque de garganta, la unidad de bomba de aire, el batidor y el cilindro.<\/span><\/p>\n<p style=\"margin-bottom: 0px;font-size: 22px;text-align: justify\"><span style=\"font-family: \u5b8b\u4f53;letter-spacing: 0px;font-size: 16px\">-<\/span><span style=\"font-family: Calibri;letter-spacing: 0px;font-size: 16px\">El contador permite al operador ver el n\u00famero de raciones dispensadas.<\/span><\/p>\n<p style=\"margin-bottom: 0px;font-size: 22px;text-align: justify\"><span style=\"font-family: \u5b8b\u4f53;letter-spacing: 0px;font-size: 16px\">-<\/span><span style=\"font-family: Calibri;letter-spacing: 0px;font-size: 16px\">Sistema de control remoto:<\/span><\/p>\n<p style=\"margin-bottom: 0px;font-size: 22px;text-align: justify\"><span style=\"font-family: Calibri;letter-spacing: 0px;font-size: 16px\">- Con\u00e9ctate con wifi, lo que te permitir\u00e1 comprobar la fecha en l\u00ednea.<\/span><\/p>\n<p style=\"margin-bottom: 0px;font-size: 22px;text-align: justify\"><span style=\"font-family: Calibri;letter-spacing: 0px;font-size: 16px\">- Descubrir a tiempo el fallo de la m\u00e1quina y enviar directamente el mensaje de diagn\u00f3stico de trabajo al centro de monitorizaci\u00f3n de la f\u00e1brica para resolver el problema.<\/span><span style=\"font-family: \u5b8b\u4f53;letter-spacing: 0px;font-size: 16px\">&nbsp;<\/span><span style=\"font-family: Calibri;letter-spacing: 0px;font-size: 16px\">problema m\u00e1s r\u00e1pidamente.<\/span><\/p>\n<p style=\"margin-bottom: 0px;font-size: 22px;text-align: justify\"><span style=\"font-family: Calibri;letter-spacing: 0px;font-size: 16px\">- Para controlar el volumen de ventas en tiempo real, as\u00ed como el nivel de l\u00edquido en las tolvas, que alerta para a\u00f1adir material.<\/span><\/p>\n<p><span style=\"font-size: 14px\"><\/span><\/div>\n<\/div>\n<\/div>\n<\/div>\n<\/div>\n<h4><strong><span style=\"font-family: \u5b8b\u4f53;letter-spacing: 0;font-size: 18px\"><\/span><\/strong><\/h4>\n<h2><span style=\"font-family: arial, helvetica, sans-serif;font-size: 24px\"><strong><span style=\"font-family: arial, helvetica, sans-serif;letter-spacing: 0px\"><a name=\"Product Specification\"><\/a>Especificaci\u00f3n del producto<\/span><\/strong><\/span><strong style=\"color: inherit;font-family: inherit;font-size: 18px\"><span style=\"font-family: \u5b8b\u4f53;letter-spacing: 0px\">&nbsp;<\/span><\/strong><\/h2>\n<p style=\"margin-top:0;margin-right:0;margin-bottom:10px;margin-left:0;text-indent:0\"><span style=\"font-family: Helvetica;letter-spacing: 0;font-size: 16px\"><\/span><\/p>\n<p><span style=\"font-family: Helvetica;letter-spacing: 0;font-size: 16px\">Hommy cuenta con un equipo profesional para realizar el dise\u00f1o del producto. Hay ingenieros profesionales de refrigeraci\u00f3n, ingenieros de software e ingenieros estructurales para garantizar que la calidad del producto sea estable y duradera. Al mismo tiempo, se a\u00f1ade el dise\u00f1o personalizado<\/span><span style=\"font-family: \u5b8b\u4f53;letter-spacing: 0;font-size: 16px\">&nbsp;<\/span><span style=\"font-family: Helvetica;letter-spacing: 0;font-size: 16px\">para facilitar el futuro servicio postventa. Hommy m\u00e1quina de helados es digno de confianza.<\/span><\/p>\n<p><span style=\"font-family: Helvetica;letter-spacing: 0;font-size: 16px\"><br \/><\/span><\/p>\n<p><span style=\"font-family: inherit\"><\/span><\/p>\n<p style=\"text-align:center\"><img decoding=\"async\" src=\"https:\/\/www.hommy.com\/wp-content\/uploads\/16002452328091.png\" alt=\"producto-Hommy-img\" title=\"\"><\/p>\n<p><\/p>\n<p><\/p>\n<div class=\"d-tem01-graphic tem01-graphic mockup\" data-detail=\"wrap\">\n<div class=\"cont-section clearfix d-clearfix\">\n<div class=\"col-md-6 col-sm-6 col-xs-6\">\n<div class=\"right-p\">\n<div class=\"h2 heading\">\n<p style=\"margin-bottom:13px;margin-left:0;text-indent:0\"><span style=\"font-family: Helvetica;letter-spacing: 0;font-weight: bold;font-size: 18px\">1.&nbsp;<\/span><strong><span style=\"font-family: Helvetica;letter-spacing: 0;font-size: 18px\">Tubo de expansi\u00f3n<\/span><\/strong><\/p>\n<\/div>\n<p><span style=\"font-family: \u5b8b\u4f53;font-size: 16px;letter-spacing: 0px\">La funci\u00f3n del tubo de expansi\u00f3n es soplar aire en el cilindro y mezclar con el helado para aumentar la tasa de expansi\u00f3n del helado, que es m\u00e1s suave y m\u00e1s delicioso cuando se come. La tasa de expansi\u00f3n del tubo de expansi\u00f3n es 30%-45%, y tiene tres agujeros diferentes para que los clientes puedan ajustar la cantidad de entrada de aire, que es conveniente para limpiar y f\u00e1cil de operar.<\/span><\/p>\n<p><span style=\"font-family: \u5b8b\u4f53;font-size: 16px;letter-spacing: 0px\"><br \/><\/span><\/p>\n<p><span style=\"font-family: \u5b8b\u4f53;font-size: 16px;letter-spacing: 0px\"><br \/><\/span><\/p>\n<\/div>\n<div class=\"graphic_pic animated wow bounceIn\" data-wow-delay=\".7s\">\n<p style=\"text-align:center\"><img decoding=\"async\" src=\"https:\/\/www.hommy.com\/wp-content\/uploads\/16002467024223.jpg\" alt=\"producto-Hommy-img\" title=\"\"><\/p>\n<\/div>\n<\/div>\n<div class=\"col-md-6 col-sm-6 col-xs-6\">\n<div class=\"right-p\">\n<div class=\"h2 heading\">\n<p><span style=\"font-family: Helvetica;letter-spacing: 0;font-size: 22px\">2. Dejar senso<\/span><span style=\"font-family: \u5b8b\u4f53;letter-spacing: 0;font-size: 22px\">r<\/span><\/p>\n<\/div>\n<p><span><span style=\"font-family: \u5b8b\u4f53;letter-spacing: 0px;font-size: 16px\">Dejar sensor tienen&nbsp;<\/span><span style=\"font-family: Calibri;letter-spacing: 0px;font-size: 16px\">Segunda etapa, la primera etapa de alarma de nivel de material faltante, la segunda etapa de apagado autom\u00e1tico.&nbsp;<\/span><span style=\"font-family: \u5b8b\u4f53;letter-spacing: 0px;font-size: 16px\">Cuando reciba el primer mensaje, dispondr\u00e1 de un tiempo para a\u00f1adir material sin necesidad de que la m\u00e1quina se detenga a trabajar.<\/span><\/span><\/p>\n<p><span><span style=\"font-family: \u5b8b\u4f53;letter-spacing: 0px;font-size: 16px\"><br \/><\/span><\/span><\/p>\n<p><span><span style=\"font-family: \u5b8b\u4f53;letter-spacing: 0px;font-size: 16px\"><br \/><\/span><\/span><\/p>\n<p><span><span style=\"font-family: \u5b8b\u4f53;letter-spacing: 0px;font-size: 16px\"><br \/><\/span><\/span><\/p>\n<p style=\"text-align:center\"><img decoding=\"async\" src=\"https:\/\/www.hommy.com\/wp-content\/uploads\/16002467515556.jpg\" alt=\"producto-Hommy-img\" title=\"\" style=\"text-align: center\"><\/p>\n<\/div>\n<\/div>\n<\/div>\n<\/div>\n<div class=\"d-tem01-graphic tem01-graphic mockup\" data-detail=\"wrap\">\n<div class=\"cont-section clearfix d-clearfix\">\n<div class=\"col-md-6 col-sm-6 col-xs-6\">\n<div class=\"right-p\">\n<div class=\"h2 heading\"><span style=\"letter-spacing: 0px\">3.&nbsp;<\/span><span style=\"font-family: Helvetica;letter-spacing: 0px\">Pasteurizaci\u00f3n<\/span><\/div>\n<p><span><span style=\"font-family: \u5b8b\u4f53;letter-spacing: 0px;font-size: 16px\">Si usted vende a cabo el helado en la noche la configuraci\u00f3n autom\u00e1tica del sistema Pasteurizaci\u00f3n : Puede matar a&nbsp;<\/span><span style=\"font-family: Calibri;letter-spacing: 0px;font-size: 16px\">las bacterias&nbsp;<\/span><span style=\"font-family: \u5b8b\u4f53;letter-spacing: 0px;font-size: 16px\">que&nbsp;<\/span><span style=\"font-family: Calibri;letter-spacing: 0px;font-size: 16px\">producir<\/span><span style=\"letter-spacing: 0px;font-size: 16px\"><span style=\"font-family:\u5b8b\u4f53\">&nbsp;<\/span><\/span><span style=\"font-family: Calibri;letter-spacing: 0px;font-size: 16px\">dentro de la m\u00e1quina<\/span><span style=\"font-family: \u5b8b\u4f53;letter-spacing: 0px;font-size: 16px\">&nbsp;de -5\u2103&nbsp;<\/span><span style=\"font-family: Arial;letter-spacing: 0px;font-size: 16px\">\u2192<\/span><span style=\"font-family: \u5b8b\u4f53;letter-spacing: 0px;font-size: 16px\">&nbsp;65\u2103<\/span><span style=\"font-family: Arial;letter-spacing: 0px;font-size: 16px\">\u2192<\/span><span style=\"font-family: \u5b8b\u4f53;letter-spacing: 0px;font-size: 16px\">&nbsp;-5\u2103<\/span><span style=\"font-family: Calibri;letter-spacing: 0px;font-size: 16px\">proceso<\/span><span style=\"font-family: \u5b8b\u4f53;letter-spacing: 0px;font-size: 16px\">&nbsp;( desinfectar el cilindro de carga y la materia prima en el interior, a continuaci\u00f3n, refrigerar al estado de reserva ). por lo que puede mantener la m\u00e1quina cada 14 d\u00edas una vez.<\/span><\/span><\/p>\n<p><\/p>\n<\/div>\n<div class=\"graphic_pic animated wow bounceIn\" data-wow-delay=\".7s\">\n<p style=\"text-align:center\"><img decoding=\"async\" src=\"https:\/\/www.hommy.com\/wp-content\/uploads\/16002467836145.jpg\" alt=\"producto-HM706B heladora-Hommy-img\" title=\"\"><\/p>\n<\/div>\n<\/div>\n<div class=\"col-md-6 col-sm-6 col-xs-6\">\n<div class=\"right-p\">\n<div class=\"h2 heading\"><span style=\"letter-spacing: 0px\">4.&nbsp;<\/span><span style=\"font-family: Helvetica;letter-spacing: 0px\">Controlador<\/span><\/div>\n<p><span style=\"font-family: \u5b8b\u4f53;font-size: 16px;letter-spacing: 0px\">El panel de control muestra claramente las funciones internas de la m\u00e1quina. Al mismo tiempo, la m\u00e1quina tambi\u00e9n recuerda la funci\u00f3n de limpieza, a\u00f1adiendo funciones m\u00e1s humanizadas, tambi\u00e9n somos bienvenidos a hacer OEM.<\/span><\/p>\n<p><span style=\"font-family: \u5b8b\u4f53;font-size: 16px;letter-spacing: 0px\"><br \/><\/span><\/p>\n<p><\/p>\n<\/div>\n<div class=\"graphic_pic animated wow bounceIn\" data-wow-delay=\".7s\">\n<p style=\"text-align:center\"><img decoding=\"async\" src=\"https:\/\/www.hommy.com\/wp-content\/uploads\/16002468032578.jpg\" alt=\"product-Hommy-HM706B heladora-img\" title=\"\"><\/p>\n<\/div>\n<\/div>\n<\/div>\n<\/div>\n<div class=\"d-tem01-graphic tem01-graphic mockup\" data-detail=\"wrap\">\n<div class=\"cont-section clearfix d-clearfix\">\n<div class=\"col-md-6 col-sm-6 col-xs-6\">\n<div class=\"right-p\">\n<div class=\"h2 heading\">5. Mezclador en tolva<\/div>\n<p><span style=\"font-family: \u5b8b\u4f53;font-size: 16px;letter-spacing: 0px\">Mezcla uniforme. Mezclador de alta velocidad en hooper mantiene el material que fluye en la tolva en caso de helado. El helado ser\u00e1 m\u00e1s suave despu\u00e9s de mezclar completamente con aire.<\/span><\/p>\n<p><span style=\"font-family: \u5b8b\u4f53;font-size: 16px;letter-spacing: 0px\"><br \/><\/span><\/p>\n<p><span style=\"font-family: \u5b8b\u4f53;font-size: 16px;letter-spacing: 0px\"><br \/><\/span><\/p>\n<p><span style=\"font-family: \u5b8b\u4f53;font-size: 16px;letter-spacing: 0px\"><br \/><\/span><\/p>\n<\/div>\n<div class=\"graphic_pic animated wow bounceIn\" data-wow-delay=\".7s\">\n<p style=\"text-align:center\"><img decoding=\"async\" src=\"https:\/\/www.hommy.com\/wp-content\/uploads\/16002468551062.jpg\" alt=\"producto-Hommy-img-1\" title=\"\"><\/p>\n<\/div>\n<\/div>\n<div class=\"col-md-6 col-sm-6 col-xs-6\">\n<div class=\"right-p\">\n<div class=\"h2 heading\">6. Accesorios opcionales escape<\/div>\n<div class=\"description\">\n<p><span style=\"font-family: \u5b8b\u4f53;letter-spacing: 0;font-size: 16px\">Instalar correctamente la m\u00e1quina de helados. La distancia entre el conducto de escape detr\u00e1s de la m\u00e1quina y la pared es de 1 metro para la ventilaci\u00f3n, pero de hecho, es imposible lograr esta situaci\u00f3n en nuestro lugar de almacenamiento. Hommy dise\u00f1ado un nuevo conducto de escape para el uso diario para extraer el aire caliente. En la parte superior, puede satisfacer m\u00e1s lugares sin ocupar espacio.<\/span><\/p>\n<\/div>\n<\/div>\n<div class=\"graphic_pic animated wow bounceIn\" data-wow-delay=\".7s\">\n<p style=\"text-align:center\"><img decoding=\"async\" src=\"https:\/\/www.hommy.com\/wp-content\/uploads\/16002468827657.jpg\" alt=\"producto-Hommy-img-1\" title=\"\"><\/p>\n<\/div>\n<\/div>\n<\/div>\n<\/div>\n<p><span style=\"font-family: inherit\">&nbsp; &nbsp; &nbsp; &nbsp; &nbsp; &nbsp; &nbsp;<\/span><\/p>\n<p><\/p>\n<p>&nbsp; &nbsp; &nbsp;<\/p>\n<p>Documento\uff1a<img decoding=\"async\" src=\"https:\/\/www.hommy.com\/wp-content\/uploads\/icon_pdf-28.gif\" style=\"margin-right: 2px\" alt=\"producto-Hommy-img-1\" title=\"\"><a href=\"https:\/\/img80002414.weyesimg.com\/uploads\/www.hommy.com\/addon\/16027509944616.pdf\" title=\"16027509944616.pdf\" style=\"font-size: 12px\">16027509944616.pdf<\/a><\/p>\n<h2>\u00bfSe congelar\u00e1 el helado casero sin sal gema?<\/h2>\n<p style=\"margin-top: 5px;margin-bottom: 5px\"><\/p>\n<p style=\"margin-top: 5px;margin-bottom: 5px\">El helado casero tiene varias ventajas sobre el comprado en la tienda. Suele ser m\u00e1s caro porque hay que pagar los ingredientes y el tiempo de elaboraci\u00f3n, y suele ser m\u00e1s sano porque se utiliza menos az\u00facar y estabilizantes.<\/p>\n<p style=\"margin-top: 5px;margin-bottom: 5px\"><\/p>\n<p style=\"margin-top: 5px;margin-bottom: 5px\">Se puede hacer con menos calor\u00edas que el helado comprado en la tienda, pero ese es el inconveniente.<\/p>\n<p style=\"margin-top: 5px;margin-bottom: 5px\"><\/p>\n<p style=\"margin-top: 5px;margin-bottom: 5px\">Hace unos a\u00f1os, intentamos hacer nuestro propio helado en casa, pero nunca se congelaba bien y tuvimos que tirar la mayor parte.<\/p>\n<p style=\"margin-top: 5px;margin-bottom: 5px\"><\/p>\n<h2>\u00bfSe puede utilizar sal com\u00fan para el helado casero?<\/h2>\n<p style=\"margin-top: 5px;margin-bottom: 5px\"><\/p>\n<p style=\"margin-top: 5px;margin-bottom: 5px\">El helado es una delicia. \u00bfQu\u00e9 hay mejor que un cucurucho de helado en un caluroso d\u00eda de verano? No lo s\u00e9, pero quiero saberlo. \u00bfY qu\u00e9 haces cuando tu heladora no hace helado? Llamas a tu padre, claro. \"\u00bfQu\u00e9 me recomendar\u00edas\", le pregunt\u00e9, \"que usara para hacer el helado?\". Me recomend\u00f3 sal com\u00fan. Cuando se lo coment\u00e9 a una amiga, me dijo: \"Ah, ya lo s\u00e9, pero saben igual que la sal\". Como sabes, todos tenemos un gusto diferente en la boca cuando comemos helado. \u00bfSu gusto difiere del de los dem\u00e1s? Seguro que s\u00ed. El helado de una persona puede ser el veneno de otra. Una persona puede pensar que est\u00e1s loco si no te gusta mucho la sal.<\/p>\n<p style=\"margin-top: 5px;margin-bottom: 5px\"><\/p>\n<h2>\u00bfQu\u00e9 tipo de congelador es mejor para los helados?<\/h2>\n<p style=\"margin-top: 5px;margin-bottom: 5px\"><\/p>\n<p style=\"margin-top: 5px;margin-bottom: 5px\">\u00bfCu\u00e1l es mejor, el congelador peque\u00f1o o el grande? No tengo mucha experiencia con helados y he estado debatiendo sobre comprarme uno, pero no estoy segura de qu\u00e9 tipo es mejor para helados. Me estoy animando a probar el m\u00edo propio y ahora estoy intentando encontrar el congelador \"perfecto\" para hacerlo m\u00e1s f\u00e1cil. Gracias.<\/p>\n<\/div><\/div>","protected":false},"excerpt":{"rendered":"<p>Table top ice cream machine Table top ice cream machine|Product Features|Soft Serve Freezer and&nbsp; Frozen Yogurt Freezer|Product Specification&nbsp; These ice cream makers are widely appreciated because of its robust construction, easy-to-operate features and durability. We are one of the eminent names in the industry. All our products are designed after following the latest trends of [&hellip;]<\/p>\n","protected":false},"featured_media":572,"comment_status":"open","ping_status":"open","template":"","meta":{"_swt_meta_header_display":false,"_swt_meta_footer_display":false,"_swt_meta_site_title_display":false,"_swt_meta_sticky_header":false,"_swt_meta_transparent_header":false},"product_brand":[],"product_cat":[77,78],"product_tag":[],"class_list":{"0":"post-581","1":"product","2":"type-product","3":"status-publish","4":"has-post-thumbnail","6":"product_cat-ice-cream-machine","7":"product_cat-soft-ice-cream-machine","9":"first","10":"instock","11":"shipping-taxable","12":"product-type-simple"},"_links":{"self":[{"href":"https:\/\/www.hommy.com\/es\/wp-json\/wp\/v2\/product\/581","targetHints":{"allow":["GET"]}}],"collection":[{"href":"https:\/\/www.hommy.com\/es\/wp-json\/wp\/v2\/product"}],"about":[{"href":"https:\/\/www.hommy.com\/es\/wp-json\/wp\/v2\/types\/product"}],"replies":[{"embeddable":true,"href":"https:\/\/www.hommy.com\/es\/wp-json\/wp\/v2\/comments?post=581"}],"wp:featuredmedia":[{"embeddable":true,"href":"https:\/\/www.hommy.com\/es\/wp-json\/wp\/v2\/media\/572"}],"wp:attachment":[{"href":"https:\/\/www.hommy.com\/es\/wp-json\/wp\/v2\/media?parent=581"}],"wp:term":[{"taxonomy":"product_brand","embeddable":true,"href":"https:\/\/www.hommy.com\/es\/wp-json\/wp\/v2\/product_brand?post=581"},{"taxonomy":"product_cat","embeddable":true,"href":"https:\/\/www.hommy.com\/es\/wp-json\/wp\/v2\/product_cat?post=581"},{"taxonomy":"product_tag","embeddable":true,"href":"https:\/\/www.hommy.com\/es\/wp-json\/wp\/v2\/product_tag?post=581"}],"curies":[{"name":"wp","href":"https:\/\/api.w.org\/{rel}","templated":true}]}}