{"id":570,"date":"2024-07-02T14:14:45","date_gmt":"2024-07-02T14:14:45","guid":{"rendered":"http:\/\/localhost\/hommywp\/industrial-21-falvors-soft-serve-ice-cream-machine-manufacturer\/"},"modified":"2025-08-01T09:57:36","modified_gmt":"2025-08-01T09:57:36","slug":"2-1-falvor-soft-serve-congelador-maquina-de-helados-soft","status":"publish","type":"product","link":"https:\/\/www.hommy.com\/es\/p\/2-1-falvor-soft-serve-congelador-maquina-de-helados-soft\/","title":{"rendered":"Industrial 2+1 Falvors Soft Serve Ice Cream Machine Fabricante"},"content":{"rendered":"<div>\n<p>&nbsp;<\/p>\n<h2 style=\"text-align: center\"><span style=\"font-family: arial, helvetica, sans-serif;font-size: 24px\"><strong><span style=\"font-family: arial, helvetica, sans-serif\"><a name=\"2 flavour + 1mix soft ice cream machine\"><\/a>2 sabor + 1mix m\u00e1quina de helados soft<\/span><\/strong><\/span><strong><span style=\"font-size: 20px\">&nbsp;<\/span><\/strong><\/h2>\n<p style=\"text-align: center\"><a href=\"#2 flavour + 1mix soft ice cream machine\" target=\"_self\" data-lv=\"0\" rel=\"noopener\"><span style=\"font-family: arial, helvetica, sans-serif;font-size: 16px\">2 sabor + 1mix m\u00e1quina de helados soft<\/span><\/a><span style=\"font-family: arial, helvetica, sans-serif;font-size: 16px\">|<a href=\"#Product Features\" target=\"_self\" data-lv=\"0\" rel=\"noopener\">Caracter\u00edsticas del producto<\/a>|<a href=\"#Touch screen control\" target=\"_self\" data-lv=\"0\" rel=\"noopener\">Control por pantalla t\u00e1ctil<\/a>|<a href=\"#Functions|PRODUCT ADVANTAGE\" target=\"_self\" data-lv=\"0\" rel=\"noopener\">Funciones|VENTAJA DE PRODUCTO<\/a>|<a href=\"#2+1 falvor Soft Serve Freezer\" target=\"_self\" data-lv=\"0\" rel=\"noopener\">2+1 falvor Congelador de helados cremosos<\/a><\/span><strong><span style=\"font-size: 20px\"><br \/><\/span><\/strong><\/p>\n<p><strong><span style=\"font-size: 20px\"><br \/><\/span><\/strong><\/p>\n<p style=\"text-align: center\">&nbsp;<iframe loading=\"lazy\" title=\"M\u00e1quina de helados Hommy Soft HM726 en MacDonald\" width=\"500\" height=\"281\" src=\"https:\/\/www.youtube.com\/embed\/mT-z8S6VBG0?feature=oembed\" frameborder=\"0\" allow=\"accelerometer; autoplay; clipboard-write; encrypted-media; gyroscope; picture-in-picture; web-share\" referrerpolicy=\"strict-origin-when-cross-origin\" allowfullscreen><\/iframe><\/p>\n<p>Estas m\u00e1quinas se utilizan ampliamente para la producci\u00f3n de helado cremoso. La <a style=\"color:blue\" href=\"https:\/\/www.hommy.com\/es\/maquina-de-helados-blandos\/\">m\u00e1quina de helados soft serve<\/a> tambi\u00e9n se utiliza en la fabricaci\u00f3n de helado soft serve en varios tipos de restaurantes y caf\u00e9s. Nuestra m\u00e1quina es desarrollada por nuestros ingenieros bien experimentados en el cumplimiento de las normas internacionales y normas de calidad.<\/p>\n<h2><span style=\"font-family: arial, helvetica, sans-serif\"><strong><span style=\"font-size: 24px\"><a name=\"Product Features\"><\/a>Caracter\u00edsticas del producto<\/span><\/strong><\/span><strong><span style=\"font-size: 24px\">&nbsp;<\/span><\/strong><\/h2>\n<p><span style=\"font-size: 16px\">Hommy cuenta con un equipo profesional para realizar el dise\u00f1o del producto. Hay ingenieros profesionales de refrigeraci\u00f3n, ingenieros de software e ingenieros estructurales para garantizar que la calidad del producto sea estable y duradera. Al mismo tiempo, se a\u00f1ade el dise\u00f1o personalizado para facilitar el futuro servicio posventa. Hommy <a style=\"color:blue\" href=\"\/es\/\">m\u00e1quina de helados<\/a> es digno de confianza.<\/span><\/p>\n<div class=\"d-tem11-graphic tem11-graphic mockup\" data-detail=\"wrap\">\n<div class=\"tab_row\">\n<div class=\"img\" style=\"width: 50%\"><img decoding=\"async\" title=\"\" alt=\"producto-Hommy-img\" src=\"https:\/\/www.hommy.com\/wp-content\/uploads\/15553936786104.jpg\"><\/div>\n<div class=\"text_box\" style=\"width: 50%\">\n<div class=\"txt\">\n<p>&nbsp;<\/p>\n<h2><strong><span style=\"font-family: arial, helvetica, sans-serif;font-size: 24px\"><a name=\"Touch screen control\"><\/a>Control por pantalla t\u00e1ctil<\/span><\/strong><\/h2>\n<p>&nbsp;<\/p>\n<p style=\"line-height: 2em\">El sistema de control t\u00e1ctil por microprocesador est\u00e1 integrado en un resistente panel de cristal templado.<br \/>Las temperaturas de las tolvas o de los cilindros de congelaci\u00f3n pueden visualizarse en cualquier punto de la operaci\u00f3n.<br \/>Proporciona el nivel de viscosidad necesario para las raciones.<br \/>Indicador de nivel de mezcla y alarma. Cuando el indicador luminoso de mezcla agotada parpadea, la m\u00e1quina se apaga autom\u00e1ticamente para evitar da\u00f1os.<br \/>La bomba de aire suministra la mezcla con cierta cantidad de aire a los cilindros de congelaci\u00f3n.<br \/>Modo de espera: Durante largos periodos sin uso, la funci\u00f3n de espera mantiene temperaturas seguras del producto en la tolva de mezcla y el cilindro de congelaci\u00f3n.<br \/>Funci\u00f3n de protecci\u00f3n de la presi\u00f3n del sistema de refrigeraci\u00f3n.<br \/>Su construcci\u00f3n duradera con cubierta de acero inoxidable le confiere un aspecto exterior moderno y lujoso.<br \/><span style=\"font-size: 18px\"><strong><br \/><\/strong><\/span><\/p>\n<p style=\"line-height: 2em\"><span style=\"font-family: arial, helvetica, sans-serif;font-size: 24px\"><strong><a name=\"Functions: \"><\/a>Funciones: <\/strong><\/span><br \/><span style=\"font-family: arial, helvetica, sans-serif;font-size: 16px\">El sistema de preenfriamiento mantiene la mezcla por debajo de 5\u00b0C durante los modos autom\u00e1tico y de espera. La bomba de aire suministra la mezcla con cierta cantidad de aire a los cilindros de congelaci\u00f3n. <br \/>El mezclador mantiene la uniformidad de la mezcla en las tolvas. *El contador permite al operador ver el n\u00famero de raciones dispensadas.<br \/>Ruido ultrasilencioso de 50-55 decibelios.<\/span> <\/p>\n<p style=\"line-height: 1.75em\">&nbsp;<\/p>\n<\/div>\n<\/div>\n<\/div>\n<\/div>\n<div class=\"text-left d-tem09-title d-interval\" data-detail=\"wrap\">\n<div class=\"title-header\">\n<h2><strong><span style=\"font-size: 24px;font-family: arial, helvetica, sans-serif\"><a name=\"PRODUCT ADVANTAGE\"><\/a>VENTAJA DEL PRODUCTO<\/span><\/strong><\/h2>\n<div class=\"subtitle\"><span>Adem\u00e1s, los ingenieros m\u00e1s cualificados, los tecn\u00f3logos m\u00e1s h\u00e1biles y el personal con m\u00e1s conocimientos contribuyen en gran medida al desarrollo de la empresa.<\/span><\/div>\n<\/div>\n<\/div>\n<p><\/p>\n<p style=\"text-align:center\"><img decoding=\"async\" src=\"https:\/\/www.hommy.com\/wp-content\/uploads\/15553937579612.jpg\" alt=\"product-2+1 M\u00e1quina de helados cremosos de sabores-Hommy-img\" title=\"\"><\/p>\n<p><\/p>\n<div class=\"d-tem04-promotion d-tem01-promotion mockup\" data-detail=\"wrap\">\n<div class=\"cont-section\">\n<div class=\"main\">\n<div class=\"header text-center\">\n<h2><strong><span style=\"font-family: arial, helvetica, sans-serif;font-size: 24px\"><a name=\"2+1 falvor Soft Serve Freezer\"><\/a>2+1 falvor Congelador de helados cremosos<\/span><\/strong><\/h2>\n<div class=\"subtitle\" style=\"text-align: left\">\n<p><\/p>\n<p style=\"line-height: 2em\"><strong><span><\/span><\/strong>Bomba de aire : rebasamiento ajustable de 20% a 80% , reducir la generaci\u00f3n de cristales de hielo , hecho yogur congelado (helado ) sabor suave y aspecto blanco ; reducir el uso de materias primas , aumentar los beneficios .<\/p>\n<p style=\"line-height: 2em\"><strong><span><\/span><\/strong>El interior de la m\u00e1quina tiene dos sistema de control independiente, puede utilizar una m\u00e1quina para hacer dos tipos de productos: helado suave y yogur congelado.<\/p>\n<p style=\"line-height: 2em\"><strong><span><\/span><\/strong>La m\u00e1quina utiliza en su interior un compresor de fabricaci\u00f3n francesa y una v\u00e1lvula de expansi\u00f3n de fabricaci\u00f3n italiana.<\/p>\n<p style=\"line-height: 2em\"><strong><span><\/span><\/strong>Deje incensario tienen Segunda etapa, la primera etapa de alarma de nivel de material faltante, la segunda etapa de apagado autom\u00e1tico.<\/p>\n<\/div>\n<\/div>\n<\/div>\n<\/div>\n<\/div>\n<p>&nbsp;Documento\uff1a<img decoding=\"async\" src=\"https:\/\/www.hommy.com\/wp-content\/uploads\/icon_pdf-27.gif\" style=\"margin-right: 2px\" alt=\"product-2+1 Sabores Soft Serve Freezersoft m\u00e1quina de helados-Hommy-img\" title=\"\"><a href=\"https:\/\/img80002414.weyesimg.com\/uploads\/www.hommy.com\/addon\/16028102773329.pdf\" title=\"16028102773329.pdf\" style=\"font-size: 12px\">16028102773329.pdf<\/a><\/p>\n<h2>\u00bfCu\u00e1l es la diferencia entre hielo duro y hielo blando?<\/h2>\n<p style=\"margin-top: 5px;margin-bottom: 5px\">Si le gustan los helados, probablemente habr\u00e1 o\u00eddo hablar del hielo duro y el blando. Algunas helader\u00edas lo llaman helado duro, mientras que otras lo llaman blando.El hielo duro y el blando se inventaron en Estados Unidos, en los a\u00f1os 50 y 60, y hay un gran debate sobre si son dos tipos de hielo diferentes o el mismo tipo de hielo. Pero podemos confirmar que el hielo duro y el blando son dos tipos de la misma cosa: el helado.<\/p>\n<p style=\"margin-top: 5px;margin-bottom: 5px\"><\/p>\n<h2>\u00bfSe puede volver a congelar el helado blando?<\/h2>\n<p style=\"margin-top: 5px;margin-bottom: 5px\">Uno de mis sabores favoritos para hacer en verano es el \"helado suave\". Es lo que yo llamo mi \"helado de verano\", ya que es ligero, cremoso y rico y tiene un agradable sabor dulce y cremoso. El \u00fanico problema es que es muy dif\u00edcil de guardar en el congelador. Yo lo hago cociendo los l\u00e1cteos, enfri\u00e1ndolos y bati\u00e9ndolos para conseguir esa textura de helado suave.<\/p>\n<p style=\"margin-top: 5px;margin-bottom: 5px\"><\/p>\n<h2>\u00bfPor qu\u00e9 McDonald's elimin\u00f3 el helado de fresa?<\/h2>\n<p style=\"margin-top: 5px;margin-bottom: 5px\">McDonald's anunci\u00f3 en octubre que dejar\u00eda de ofrecer su helado de fresa, y parece que ha sido una decisi\u00f3n muy importante.El vicepresidente de marketing de la empresa, Michael Girelli, declar\u00f3 a USA Today que la decisi\u00f3n se tom\u00f3 despu\u00e9s de que los clientes de McDonald's dejaran claro que no quer\u00edan ver el sabor a fresa en sus helados.<\/p>\n<\/div><\/div>","protected":false},"excerpt":{"rendered":"<p>&nbsp; 2 flavour + 1mix soft ice cream machine&nbsp; 2 flavour + 1mix soft ice cream machine|Product Features|Touch screen control|Functions|PRODUCT ADVANTAGE|2+1 falvor Soft Serve Freezer &nbsp; These machines are widely used for the production of a soft-serve ice cream. The soft serve ice cream machine is also used in the making of soft serve ice [&hellip;]<\/p>\n","protected":false},"featured_media":567,"comment_status":"open","ping_status":"open","template":"","meta":{"_swt_meta_header_display":false,"_swt_meta_footer_display":false,"_swt_meta_site_title_display":false,"_swt_meta_sticky_header":false,"_swt_meta_transparent_header":false},"product_brand":[],"product_cat":[77,78],"product_tag":[],"class_list":{"0":"post-570","1":"product","2":"type-product","3":"status-publish","4":"has-post-thumbnail","6":"product_cat-ice-cream-machine","7":"product_cat-soft-ice-cream-machine","9":"first","10":"instock","11":"shipping-taxable","12":"product-type-simple"},"_links":{"self":[{"href":"https:\/\/www.hommy.com\/es\/wp-json\/wp\/v2\/product\/570","targetHints":{"allow":["GET"]}}],"collection":[{"href":"https:\/\/www.hommy.com\/es\/wp-json\/wp\/v2\/product"}],"about":[{"href":"https:\/\/www.hommy.com\/es\/wp-json\/wp\/v2\/types\/product"}],"replies":[{"embeddable":true,"href":"https:\/\/www.hommy.com\/es\/wp-json\/wp\/v2\/comments?post=570"}],"wp:featuredmedia":[{"embeddable":true,"href":"https:\/\/www.hommy.com\/es\/wp-json\/wp\/v2\/media\/567"}],"wp:attachment":[{"href":"https:\/\/www.hommy.com\/es\/wp-json\/wp\/v2\/media?parent=570"}],"wp:term":[{"taxonomy":"product_brand","embeddable":true,"href":"https:\/\/www.hommy.com\/es\/wp-json\/wp\/v2\/product_brand?post=570"},{"taxonomy":"product_cat","embeddable":true,"href":"https:\/\/www.hommy.com\/es\/wp-json\/wp\/v2\/product_cat?post=570"},{"taxonomy":"product_tag","embeddable":true,"href":"https:\/\/www.hommy.com\/es\/wp-json\/wp\/v2\/product_tag?post=570"}],"curies":[{"name":"wp","href":"https:\/\/api.w.org\/{rel}","templated":true}]}}