{"id":566,"date":"2024-07-02T14:14:40","date_gmt":"2024-07-02T14:14:40","guid":{"rendered":"http:\/\/localhost\/hommywp\/popular-fruit-soft-serve-ice-cream-machine-factory-equipment\/"},"modified":"2025-08-01T09:57:36","modified_gmt":"2025-08-01T09:57:36","slug":"maquinas-de-helados-soft-serve","status":"publish","type":"product","link":"https:\/\/www.hommy.com\/es\/p\/maquinas-de-helados-soft-serve\/","title":{"rendered":"Equipo popular de la f\u00e1brica de la m\u00e1quina del helado del servicio suave de la fruta"},"content":{"rendered":"<div>\n<p>&nbsp;<\/p>\n<p><span style=\"font-size: 20px\"><\/span><\/p>\n<h2 style=\"text-align: center\"><strong><span style=\"letter-spacing: 0px;font-family: arial, helvetica, sans-serif;font-size: 24px\"><a name=\"Soft Serve Machines\"><\/a>M\u00e1quinas de helados cremosos<\/span><\/strong><\/h2>\n<p style=\"text-align: center\"><span style=\"letter-spacing: 0px;font-family: arial, helvetica, sans-serif;font-size: 16px\"><a href=\"#Soft Serve Machines\" target=\"_self\" data-lv=\"0\" rel=\"noopener\">M\u00e1quinas de helados cremosos<\/a>|<a href=\"#Features\" target=\"_self\" data-lv=\"0\" rel=\"noopener\">Caracter\u00edsticas<\/a>|<a href=\"#PRODUCT ADVANTAGE\" target=\"_self\" data-lv=\"0\" rel=\"noopener\">VENTAJA DEL PRODUCTO<\/a>|<a href=\"#2+1 flavor Soft Serve Freezer\" target=\"_self\" data-lv=\"0\" rel=\"noopener\">Congelador de helados cremosos de 2+1 sabores<\/a><\/span><\/p>\n<p style=\"text-align: center\"><\/p>\n<p>Para satisfacer las necesidades del mercado, fabricamos productos de calidad superior. <a style=\"color:blue\" href=\"https:\/\/www.hommy.com\/es\/maquina-de-helados-blandos\/\">m\u00e1quina de helados soft serve<\/a> que dispone de una tecnolog\u00eda avanzada con componentes innovadores. Por otra parte, esta m\u00e1quina ha sido dise\u00f1ada mediante el uso de tecnolog\u00eda avanzada que hace que sea m\u00e1s eficiente y ahorro de energ\u00eda. Estas m\u00e1quinas est\u00e1n disponibles en diferentes especificaciones seg\u00fan los requisitos de los clientes. Adem\u00e1s, estas m\u00e1quinas son rigurosamente probados en los par\u00e1metros de calidad para garantizar su rendimiento.<\/p>\n<div class=\"d-tem11-graphic tem11-graphic mockup\" data-detail=\"wrap\">\n<div class=\"tab_row\">\n<div class=\"img\" style=\"width: 50%\"><img decoding=\"async\" title=\"\" alt=\"product-M\u00e1quina de helados Soft Serve M\u00e1quinas-Hommy-img\" src=\"https:\/\/www.hommy.com\/wp-content\/uploads\/15585041103798.jpg\"><\/div>\n<div class=\"text_box\" style=\"width: 50%\">\n<div class=\"txt\">\n<div class=\"title\">\n<h2><strong style=\"color: inherit;font-family: inherit;font-size: 30px\"><span style=\"font-family: arial, helvetica, sans-serif;font-size: 24px\"><a name=\"Features\"><\/a>Caracter\u00edsticas<\/span><\/strong><br \/><\/h2>\n<\/div>\n<p style=\"margin-left:32px\"><span style=\"font-family:Calibri;font-size:16px\">-&nbsp;<\/span><span style=\"font-family:Calibri;font-size:16px\">Oferta de productos: ofrece todas las variantes populares de helados soft serve<\/span><\/p>\n<p style=\"margin-left:32px\"><span style=\"font-family:Calibri;font-size:16px\">-&nbsp;<\/span><span style=\"font-family:Calibri;font-size:16px\">Sabor: sirve dos sabores separados y uno retorcido<\/span><\/p>\n<p style=\"margin-left:32px\"><span style=\"font-family:Calibri;font-size:16px\">-&nbsp;<\/span><span style=\"font-family:Calibri;font-size:16px\">Tolva de mezcla: dos de 5,5 litros de capacidad (5,81 cuartos de gal\u00f3n, 1,45 galones)<\/span><\/p>\n<p style=\"margin-left:32px\"><span style=\"font-family:Calibri;font-size:16px\">-&nbsp;<\/span><span style=\"font-family:Calibri;font-size:16px\">Cilindro de congelaci\u00f3n: dos de 2,1 litros de capacidad (2,21 cuartos de gal\u00f3n, 0,55 galones)<\/span><\/p>\n<p><span style=\"font-family:Calibri;font-size:16px\">Control electr\u00f3nico:<\/span><\/p>\n<p style=\"margin-left:32px\"><span style=\"font-family:Calibri;font-size:16px\">-&nbsp;<\/span><span style=\"font-family:Calibri;font-size:16px\">La temperatura de los cilindros de congelaci\u00f3n puede visualizarse en cualquier punto de la operaci\u00f3n.<\/span><\/p>\n<p style=\"margin-left:32px\"><span style=\"font-family:Calibri;font-size:16px\">-&nbsp;<\/span><span style=\"font-family:Calibri;font-size:16px\">Proporciona el nivel de viscosidad necesario para las raciones.<\/span><\/p>\n<p style=\"margin-left:32px\"><span style=\"font-family:Calibri;font-size:16px\">-&nbsp;<\/span><span style=\"font-family:Calibri;font-size:16px\">Indicador de nivel de mezcla y alarma. Cuando el indicador luminoso de mezcla agotada parpadea, la m\u00e1quina se apaga autom\u00e1ticamente para evitar da\u00f1os.<\/span><\/p>\n<p><span style=\"font-family:Calibri;font-size:16px\">Modo de espera:<\/span><\/p>\n<p style=\"margin-left:32px\"><span style=\"font-family:Calibri;font-size:16px\">-&nbsp;<\/span><span style=\"font-family:Calibri;font-size:16px\">Durante largos periodos sin uso, la funci\u00f3n de espera mantiene temperaturas seguras del producto en la tolva de mezcla y el cilindro de congelaci\u00f3n.<\/span><\/p>\n<p style=\"margin-left:32px\"><span style=\"font-family:Calibri;font-size:16px\">-&nbsp;<\/span><span style=\"font-family:Calibri;font-size:16px\">Funci\u00f3n de protecci\u00f3n de la presi\u00f3n del sistema de refrigeraci\u00f3n.<\/span><\/p>\n<p><span style=\"font-family:Calibri;font-size:16px\">Funciones opcionales:<\/span><\/p>\n<p style=\"margin-left:32px\"><span style=\"font-family:Calibri;font-size:16px\">-&nbsp;<\/span><span style=\"font-family:Calibri;font-size:16px\">El tubo de expansi\u00f3n alimentado por gravedad suministra la mezcla con un rebasamiento de unos 20-30% a los cilindros de congelaci\u00f3n.<\/span><\/p>\n<p><span style=\"font-family:Calibri;font-size:16px\">El contador permite al operador ver el n\u00famero de raciones dispensadas.<\/span><\/p>\n<p style=\"line-height: 1.75em\">&nbsp;<\/p>\n<\/div>\n<\/div>\n<\/div>\n<\/div>\n<p>&nbsp;<\/p>\n<div class=\"text-left d-tem09-title d-interval\" data-detail=\"wrap\">\n<div class=\"title-header\">\n<h2><strong><span style=\"font-family: arial, helvetica, sans-serif;font-size: 24px\"><a name=\"PRODUCT ADVANTAGE\"><\/a>VENTAJA DEL PRODUCTO<\/span><\/strong><\/h2>\n<div class=\"subtitle\"><span>Adem\u00e1s, los ingenieros m\u00e1s cualificados, los tecn\u00f3logos m\u00e1s h\u00e1biles y el personal con m\u00e1s conocimientos contribuyen en gran medida al desarrollo de la empresa.<\/span><\/div>\n<\/div>\n<\/div>\n<p style=\"text-align:center\"><\/p>\n<p><img decoding=\"async\" src=\"https:\/\/www.hommy.com\/wp-content\/uploads\/15585058853778.png\" alt=\"producto-Hommy-img\" title=\"\"><\/p>\n<p><strong style=\"font-size: 30px;text-align: center\"><span style=\"font-family: arial, helvetica, sans-serif;font-size: 24px\"><br \/><\/span><\/strong><\/p>\n<p><strong style=\"font-size: 30px;text-align: center\"><span style=\"font-family: arial, helvetica, sans-serif;font-size: 24px\">Congelador de helados cremosos de 2+1 sabores<\/span><\/strong><\/p>\n<div class=\"subtitle\">\n<p style=\"line-height: 2em\"><strong><span><\/span><\/strong>El interior de la m\u00e1quina tiene dos sistema de control independiente, puede utilizar una m\u00e1quina para hacer dos tipos de productos: helado suave y yogur congelado.<\/p>\n<p>- Indicador de nivel de mezcla y alarma. Cuando el indicador luminoso de mezcla agotada parpadea, la m\u00e1quina se apaga autom\u00e1ticamente para evitar da\u00f1os.<\/p>\n<p>Modo de espera:<\/p>\n<p>- Funci\u00f3n de protecci\u00f3n de la presi\u00f3n del sistema de refrigeraci\u00f3n.&nbsp;<\/p>\n<p>- F\u00e1cil de manejar<\/p>\n<h2 style=\"font-family: sans-serif\">Visite <a style=\"color:blue\" href=\"\/es\/\">m\u00e1quina de helados<\/a>\u00bfHacemos helado suave?<\/h2>\n<p style=\"margin-top: 5px;margin-bottom: 5px;font-family: sans-serif;font-size: 16px\">\u00bfSe puede hacer helado cremoso con una m\u00e1quina de helados? Voy a comprar una m\u00e1quina de helados soft serve y quer\u00eda saber si habr\u00eda alguna receta de soft serve que pudiera hacer con ella. Estoy planeando hacer soft serve en 1, 2, y 4 tazas y quiero saber qu\u00e9 tan f\u00e1cil ser\u00eda hacerlas con esta m\u00e1quina y si la m\u00e1quina crear\u00eda una consistencia consistente. Muchas gracias.<\/p>\n<p style=\"margin-top: 5px;margin-bottom: 5px;font-family: sans-serif;font-size: 16px\"><\/p>\n<h2 style=\"font-family: sans-serif\">\u00bfCu\u00e1nto cuesta un <a style=\"color:blue\" href=\"https:\/\/www.hommy.com\/es\/maquina-de-helados-blandos\/\">m\u00e1quina para hacer helados blandos<\/a>?<\/h2>\n<p style=\"margin-top: 5px;margin-bottom: 5px;font-family: sans-serif;font-size: 16px\">El t\u00e9rmino <a style=\"color:blue\" href=\"\/es\/\">heladora<\/a> se refiere a los aparatos de cocina que separan el hielo del l\u00edquido de forma similar a las cubiteras. Cuando el hielo empieza a fundirse en el l\u00edquido de la heladora, el agua se congela r\u00e1pidamente, de modo que el helado puede hacerse en cuesti\u00f3n de minutos. La cantidad de hielo que necesite para hacer el helado depender\u00e1 de lo r\u00e1pido que desee que se congele y descongele el helado.<\/p>\n<p style=\"margin-top: 5px;margin-bottom: 5px;font-family: sans-serif;font-size: 16px\"><\/p>\n<h2 style=\"font-family: sans-serif\">\u00bfCu\u00e1nto dura el helado cremoso en una m\u00e1quina?<\/h2>\n<p style=\"margin-top: 5px;margin-bottom: 5px;font-family: sans-serif;font-size: 16px\">He le\u00eddo que s\u00f3lo durar\u00e1 alrededor de una hora y luego es mejor tirar el helado soft serve para un lote fresco.Es esto cierto y cu\u00e1nto tiempo se necesita para un <a style=\"color:blue\" href=\"https:\/\/www.hommy.com\/es\/maquina-de-helados\/\">m\u00e1quina de helados cremosos<\/a> El tiempo que se tarda en hacer un helado depende en gran medida de la temperatura del congelador. Dado que se utiliza una m\u00e1quina de helado cremoso, el tiempo necesario para hacer un lote de helado con una m\u00e1quina de helado cremoso viene determinado por el tiempo que tarda la m\u00e1quina de helado cremoso en hacer el helado.<\/p>\n<\/div>\n<\/div><\/div>","protected":false},"excerpt":{"rendered":"<p>&nbsp; Soft Serve Machines Soft Serve Machines|Features|PRODUCT ADVANTAGE|2+1 flavor Soft Serve Freezer To cater to the needs of the market, we are making superior quality soft serve ice cream machine that has an advanced technology with innovative components. Moreover, this machine has been designed by using advanced technology that makes it more efficient and energy-saving. [&hellip;]<\/p>\n","protected":false},"featured_media":564,"comment_status":"open","ping_status":"open","template":"","meta":{"_swt_meta_header_display":false,"_swt_meta_footer_display":false,"_swt_meta_site_title_display":false,"_swt_meta_sticky_header":false,"_swt_meta_transparent_header":false},"product_brand":[],"product_cat":[77,78],"product_tag":[],"class_list":{"0":"post-566","1":"product","2":"type-product","3":"status-publish","4":"has-post-thumbnail","6":"product_cat-ice-cream-machine","7":"product_cat-soft-ice-cream-machine","9":"first","10":"instock","11":"shipping-taxable","12":"product-type-simple"},"_links":{"self":[{"href":"https:\/\/www.hommy.com\/es\/wp-json\/wp\/v2\/product\/566","targetHints":{"allow":["GET"]}}],"collection":[{"href":"https:\/\/www.hommy.com\/es\/wp-json\/wp\/v2\/product"}],"about":[{"href":"https:\/\/www.hommy.com\/es\/wp-json\/wp\/v2\/types\/product"}],"replies":[{"embeddable":true,"href":"https:\/\/www.hommy.com\/es\/wp-json\/wp\/v2\/comments?post=566"}],"wp:featuredmedia":[{"embeddable":true,"href":"https:\/\/www.hommy.com\/es\/wp-json\/wp\/v2\/media\/564"}],"wp:attachment":[{"href":"https:\/\/www.hommy.com\/es\/wp-json\/wp\/v2\/media?parent=566"}],"wp:term":[{"taxonomy":"product_brand","embeddable":true,"href":"https:\/\/www.hommy.com\/es\/wp-json\/wp\/v2\/product_brand?post=566"},{"taxonomy":"product_cat","embeddable":true,"href":"https:\/\/www.hommy.com\/es\/wp-json\/wp\/v2\/product_cat?post=566"},{"taxonomy":"product_tag","embeddable":true,"href":"https:\/\/www.hommy.com\/es\/wp-json\/wp\/v2\/product_tag?post=566"}],"curies":[{"name":"wp","href":"https:\/\/api.w.org\/{rel}","templated":true}]}}