{"id":563,"date":"2024-07-02T13:52:44","date_gmt":"2024-07-02T13:52:44","guid":{"rendered":"http:\/\/localhost\/hommywp\/hm-pm-31-industrial-big-ice-block-making-machine-for-sale-factory\/"},"modified":"2025-08-01T09:57:36","modified_gmt":"2025-08-01T09:57:36","slug":"hm-pm-31-maquina-fabricadora-de-bloques-de-hielo-en-venta","status":"publish","type":"product","link":"https:\/\/www.hommy.com\/es\/p\/hm-pm-31-maquina-fabricadora-de-bloques-de-hielo-en-venta\/","title":{"rendered":"Hm-Pm-31 Industrial gran bloque de hielo que hace la m\u00e1quina para la venta de f\u00e1brica"},"content":{"rendered":"<div>\n<p><\/p>\n<p>&nbsp;&nbsp;&nbsp;&nbsp;<\/p>\n<h2 style=\"text-align: center\"><strong><span style=\"letter-spacing: 0px;font-family: arial, helvetica, sans-serif;font-size: 24px\"><a name=\"Ice block machine\"><\/a>M\u00e1quina de bloques de hielo<\/span><\/strong><\/h2>\n<p style=\"text-align: center\"><a href=\"#Ice block machine\" target=\"_self\" data-lv=\"0\" rel=\"noopener\"><span style=\"font-family: arial, helvetica, sans-serif;font-size: 16px\">M\u00e1quina de bloques de hielo<\/span><\/a><span style=\"font-family: arial, helvetica, sans-serif;font-size: 16px\">|<a href=\"#Product Features\" target=\"_self\" data-lv=\"0\" rel=\"noopener\">Caracter\u00edsticas del producto<\/a>|<a href=\"#Product specification\" target=\"_self\" data-lv=\"0\" rel=\"noopener\">Especificaci\u00f3n del producto<\/a><\/span><\/p>\n<p><\/p>\n<p style=\"text-align: center\">&nbsp; &nbsp;&nbsp;<\/p>\n<p><\/p>\n<p style=\"text-align: left\">Fabricadas con la ayuda de los \u00faltimos avances tecnol\u00f3gicos, estas m\u00e1quinas son ideales para fabricar bloques de hielo grandes de alta calidad. Somos un nombre de renombre en este dominio como nuestras m\u00e1quinas se fabrican con materia prima de alta calidad. Estas m\u00e1quinas son ampliamente utilizados en diversos sectores para la producci\u00f3n de bloques de hielo. Ofrecemos estas m\u00e1quinas en diferentes tama\u00f1os, capacidades y dise\u00f1os.<\/p>\n<p><\/p>\n<div class=\"d-tem01-graphic tem01-graphic mockup\" data-detail=\"wrap\">\n<div class=\"cont-section clearfix d-clearfix\">\n<div class=\"col-md-6 col-sm-6 col-xs-6\"><\/p>\n<div class=\"graphic_pic animated wow bounceIn\" data-wow-delay=\".7s\">\n<p style=\"text-align:center\"><\/p>\n<p><\/p>\n<p><\/p>\n<p><img decoding=\"async\" src=\"https:\/\/www.hommy.com\/wp-content\/uploads\/16030737187486.jpg\" alt=\"producto-Hommy-img\" title=\"\"><\/p>\n<\/div>\n<\/div>\n<div class=\"col-md-6 col-sm-6 col-xs-6\">\n<div class=\"right-p\">\n<div class=\"h2 heading\">\n<h2><strong><span style=\"font-family: arial, helvetica, sans-serif;font-size: 24px\"><span style=\"font-family: arial, helvetica, sans-serif;letter-spacing: 0px\"><a name=\"Product Features\"><\/a>Producto <\/span><span style=\"font-family: arial, helvetica, sans-serif\">Caracter\u00edsticas<\/span><\/span><\/strong><\/h2>\n<\/div>\n<div class=\"description\">\n<p><span style=\"font-size: 16px;font-family: arial, helvetica, sans-serif\">1.La m\u00e1quina est\u00e1 construida con apariencia de lujo y f\u00e1cil operaci\u00f3n y bajo costo de mantenimiento .<\/span><\/p>\n<p><span style=\"font-family: arial, helvetica, sans-serif\"><span style=\"font-family: \u5b8b\u4f53;font-size: 16px\">2.<\/span><span style=\"font-family: Calibri;font-size: 16px\">Tanque de material interior de acero inoxidable puro que puede resistir el \u00e1cido clorh\u00eddrico erosionar .<\/span><\/span><\/p>\n<p><span style=\"font-family: arial, helvetica, sans-serif\"><span style=\"font-family: \u5b8b\u4f53;font-size: 16px\">3.<\/span><span style=\"font-family: Calibri;font-size: 16px\">El funcionamiento es sencillo.<\/span><\/span><\/p>\n<p><span style=\"font-family: arial, helvetica, sans-serif\"><span style=\"font-family: \u5b8b\u4f53;font-size: 16px\">4.<\/span><span style=\"font-family: Calibri;font-size: 16px\">Cubierta a prueba de aire y mantener el material de uso mucho tiempo .<\/span><\/span><\/p>\n<p><span style=\"font-family: arial, helvetica, sans-serif\"><span style=\"font-family: \u5b8b\u4f53;font-size: 16px\">5.<\/span><span style=\"font-family: Calibri;font-size: 16px\">Baja inversi\u00f3n de capital con m\u00e1xima producci\u00f3n<\/span><\/span><\/p>\n<p><span style=\"font-family: arial, helvetica, sans-serif\"><span style=\"font-family: \u5b8b\u4f53;font-size: 16px\">6.<\/span><span style=\"font-family: Calibri;font-size: 16px\">Obtenga beneficios del agua , incre\u00edble potencial de beneficios .<\/span><\/span><\/p>\n<p><span style=\"font-family: arial, helvetica, sans-serif\"><span style=\"font-family: \u5b8b\u4f53;font-size: 16px\">7.<\/span><span style=\"font-family: Calibri;font-size: 16px\">Capacidades ofrecidas: 1ton\/24H , 2ton\/24H ,3ton\/24H , 4ton\/24H , 5ton\/24H .<\/span><\/span><\/p>\n<p><span style=\"font-family: arial, helvetica, sans-serif\"><span style=\"font-family: \u5b8b\u4f53;font-size: 16px\">8.<\/span><span style=\"font-family: Calibri;font-size: 16px\">Ice weight: 5kgs(130X70X630mm),10kgs(260X70X630mm),15kgs(210X100X830mm),20kgs(210X120X830mm),<\/span><\/span><\/p>\n<p style=\"text-indent:32px\"><span style=\"font-size: 16px;font-family: arial, helvetica, sans-serif\">25kgs(280X120X830mm)<\/span><\/p>\n<p><span style=\"font-family: arial, helvetica, sans-serif\"><span style=\"font-family: \u5b8b\u4f53;font-size: 16px\">9.<\/span><span style=\"font-family: Calibri;font-size: 16px\">No se necesitan trabajadores cualificados<\/span><\/span><\/p>\n<p><span style=\"font-family: arial, helvetica, sans-serif\"><span style=\"font-family: \u5b8b\u4f53;font-size: 16px\">10.<\/span><span style=\"font-family: Calibri;font-size: 16px\">Gran durabilidad, mantenimiento m\u00ednimo<\/span><\/span><\/p>\n<p><span style=\"font-family: arial, helvetica, sans-serif\"><span style=\"font-family: \u5b8b\u4f53;font-size: 16px\">11. <\/span><span style=\"font-family: Calibri;font-size: 16px\">Si la m\u00e1quina funciona con un sistema de refrigeraci\u00f3n por agua, ser\u00e1 necesario instalar la bomba y la torre de refrigeraci\u00f3n juntas.<\/span><\/span><\/p>\n<\/div>\n<\/div>\n<p>&nbsp; &nbsp; &nbsp; &nbsp; &nbsp; &nbsp;<\/p><\/div>\n<\/div>\n<\/div>\n<h2><span style=\"font-family: arial, helvetica, sans-serif;font-size: 24px\"><strong><span style=\"font-family: arial, helvetica, sans-serif;letter-spacing: 0px\"><a name=\"Product specification\"><\/a>Especificaci\u00f3n del producto<\/span><\/strong><\/span><\/h2>\n<p><span style=\"font-family: arial, helvetica, sans-serif;font-size: 24px\"><strong><span style=\"font-family: arial, helvetica, sans-serif;letter-spacing: 0px\"><br \/><\/span><\/strong><\/span><\/p>\n<p><span style=\"font-family:\u5b8b\u4f53;letter-spacing:0;font-size:48px\"><img loading=\"lazy\" decoding=\"async\" src=\"https:\/\/www.hommy.com\/wp-content\/uploads\/16030736305566.png\" title=\"\" alt=\"producto-Hommy-img\" width=\"1000\" height=\"424\" border=\"0\" vspace=\"0\" style=\"width: 1000px;height: 424px\"><\/span><\/p>\n<p><\/p>\n<p>Documento\uff1a<img decoding=\"async\" src=\"http:\/\/admin.allweyes.com\/templates\/admin\/default\/assets\/library\/ueditor\/dialogs\/attachment\/fileTypeImages\/icon_pdf.gif\" style=\"margin-right: 2px\" alt=\"producto-HM-PM-31 m\u00e1quina de hacer bloques de hielo para la venta-Hommy-img\" title=\"\"><a href=\"https:\/\/img80002414.weyesimg.com\/uploads\/www.hommy.com\/addon\/16030750603406.pdf\" title=\"16030750603406.pdf\" style=\"font-size: 12px\">16030750603406.pdf<\/a><\/p>\n<h2>\u00bfGanan dinero las m\u00e1quinas de agua?<\/h2>\n<p style=\"margin-top: 5px;margin-bottom: 5px\">Si usted est\u00e1 buscando una fuente de ingresos que sea sostenible y no requiere mucho tiempo o esfuerzo, entonces la respuesta es s\u00ed, de hecho, usted puede hacer dinero con una m\u00e1quina de agua, y yo voy a mostrar c\u00f3mo.<\/p>\n<p style=\"margin-top: 5px;margin-bottom: 5px\">Es algo en lo que la mayor\u00eda de la gente no piensa, pero las m\u00e1quinas de agua (tambi\u00e9n conocidas como bombas sumergibles) pueden hacerte ganar dinero.<\/p>\n<p style=\"margin-top: 5px;margin-bottom: 5px\"><\/p>\n<h2>\u00bfSon mejores los bloques de hielo que los cubitos?<\/h2>\n<p style=\"margin-top: 5px;margin-bottom: 5px\">Los cubitos de hielo son pr\u00e1cticos y est\u00e1n disponibles en varios tama\u00f1os, pero no se pueden comparar con los bloques de hielo, que son m\u00e1s pr\u00e1cticos y est\u00e1n disponibles en m\u00e1s variedades. Tambi\u00e9n los hay de distintos tama\u00f1os y formas. Los bloques de hielo son la opci\u00f3n m\u00e1s popular entre los consumidores, y por una buena raz\u00f3n: son pr\u00e1cticos, sirven para recibir invitados y son f\u00e1ciles de empaquetar y transportar. Los bloques de hielo tambi\u00e9n son populares para preparar c\u00f3cteles.<\/p>\n<p style=\"margin-top: 5px;margin-bottom: 5px\"><\/p>\n<h2>\u00bfEs un buen negocio fabricar hielo?<\/h2>\n<p style=\"margin-top: 5px;margin-bottom: 5px\">Llevo muchos a\u00f1os haciendo esto y tengo que decir que nunca he ganado dinero con ello. He tenido algunos a\u00f1os buenos, pero nunca un gran a\u00f1o. Estoy tratando de averiguar si vale la pena el tiempo, dinero y esfuerzo para seguir haciendo it.I vivo en el medio oeste. Aqu\u00ed nieva mucho en invierno. Suelo tener el congelador lleno de hielo para cuando se va la luz. Supongo que vendo unos 25-30 pies c\u00fabicos al d\u00eda.<\/p>\n<\/div><\/div>","protected":false},"excerpt":{"rendered":"<p>&nbsp;&nbsp;&nbsp;&nbsp; Ice block machine Ice block machine|Product Features|Product specification &nbsp; &nbsp;&nbsp; Manufactured with the aid of latest technological advancements, these machines are ideal for making high quality big block ice. We are a reputed name in this domain as our machines are manufactured using high quality raw material. We offer the products at industry leading [&hellip;]<\/p>\n","protected":false},"featured_media":561,"comment_status":"open","ping_status":"open","template":"","meta":{"_swt_meta_header_display":false,"_swt_meta_footer_display":false,"_swt_meta_site_title_display":false,"_swt_meta_sticky_header":false,"_swt_meta_transparent_header":false},"product_brand":[],"product_cat":[76],"product_tag":[],"class_list":{"0":"post-563","1":"product","2":"type-product","3":"status-publish","4":"has-post-thumbnail","6":"product_cat-ice-block-machine","8":"first","9":"instock","10":"shipping-taxable","11":"product-type-simple"},"_links":{"self":[{"href":"https:\/\/www.hommy.com\/es\/wp-json\/wp\/v2\/product\/563","targetHints":{"allow":["GET"]}}],"collection":[{"href":"https:\/\/www.hommy.com\/es\/wp-json\/wp\/v2\/product"}],"about":[{"href":"https:\/\/www.hommy.com\/es\/wp-json\/wp\/v2\/types\/product"}],"replies":[{"embeddable":true,"href":"https:\/\/www.hommy.com\/es\/wp-json\/wp\/v2\/comments?post=563"}],"wp:featuredmedia":[{"embeddable":true,"href":"https:\/\/www.hommy.com\/es\/wp-json\/wp\/v2\/media\/561"}],"wp:attachment":[{"href":"https:\/\/www.hommy.com\/es\/wp-json\/wp\/v2\/media?parent=563"}],"wp:term":[{"taxonomy":"product_brand","embeddable":true,"href":"https:\/\/www.hommy.com\/es\/wp-json\/wp\/v2\/product_brand?post=563"},{"taxonomy":"product_cat","embeddable":true,"href":"https:\/\/www.hommy.com\/es\/wp-json\/wp\/v2\/product_cat?post=563"},{"taxonomy":"product_tag","embeddable":true,"href":"https:\/\/www.hommy.com\/es\/wp-json\/wp\/v2\/product_tag?post=563"}],"curies":[{"name":"wp","href":"https:\/\/api.w.org\/{rel}","templated":true}]}}