{"id":560,"date":"2024-07-02T13:52:40","date_gmt":"2024-07-02T13:52:40","guid":{"rendered":"http:\/\/localhost\/hommywp\/hm-pm-62-commercial-block-ice-maker-equipment-supplier-4tons-24h\/"},"modified":"2025-08-01T09:57:36","modified_gmt":"2025-08-01T09:57:36","slug":"maquina-fabricadora-de-bloques-de-hielo","status":"publish","type":"product","link":"https:\/\/www.hommy.com\/es\/p\/maquina-fabricadora-de-bloques-de-hielo\/","title":{"rendered":"Hm-Pm-62 Equipo de fabricaci\u00f3n de hielo en bloque comercial Proveedor 4tons\/24h"},"content":{"rendered":"<div>\n<p><\/p>\n<h2 style=\", Helvetica, Arial, sans-serif;text-align: center\"><strong><span style=\"letter-spacing: 0px;font-family: arial, helvetica, sans-serif;font-size: 24px\"><a name=\"Block ice machine\"><\/a>M\u00e1quina de hielo en bloques<\/span><\/strong><\/h2>\n<p style=\"text-align: center\"><a href=\"#Block ice machine\" target=\"_self\" data-lv=\"0\" rel=\"noopener\"><span style=\"font-size: 18px;font-family: arial, helvetica, sans-serif\">M\u00e1quina de hielo en bloques<\/span><\/a><span style=\"font-size: 18px;font-family: arial, helvetica, sans-serif\">|<a href=\"#Product Features\" target=\"_self\" data-lv=\"0\" rel=\"noopener\">Caracter\u00edsticas del producto<\/a>|<a href=\"#PRODUCT SPECIFICATION\" target=\"_self\" data-lv=\"0\" rel=\"noopener\">ESPECIFICACI\u00d3N DEL PRODUCTO<\/a><a href=\"#PRODUCT SPECIFICATION\" target=\"_self\" data-lv=\"0\" rel=\"noopener\"><\/a><\/span><\/p>\n<p><\/p>\n<p><\/p>\n<p style=\"text-align: center\">\n<p>Somos un fabricante renombrado, el surtidor y el exportador de la m\u00e1quina de hielo en bloque. Este fabricante de hielo bloque comercial se utiliza para hacer hielo en el \u00e1rea comercial. Esta m\u00e1quina tiene la capacidad de producir gran cantidad de hielo en menos tiempo. Adem\u00e1s, esta m\u00e1quina tiene un dise\u00f1o eficaz y avanzado. Esta m\u00e1quina de hielo est\u00e1 disponible en diferentes especificaciones.<\/p>\n<p><\/p>\n<p>Estamos comprometidos en ofrecer una excelente calidad de la m\u00e1quina de hielo bloque comercial a nuestros valiosos clientes. Somos una empresa impulsada por la calidad que se centra en la calidad de nuestros productos y tambi\u00e9n en la calidad de los servicios que ofrecemos a nuestros clientes.<\/p>\n<p style=\"text-align: center\">&nbsp;<\/p>\n<p style=\"text-align: center\">&nbsp;<\/p>\n<div class=\"d-tem11-graphic tem11-graphic mockup\" data-detail=\"wrap\">\n<div class=\"tab_row\">\n<div class=\"img\" style=\"width: 50%\">\n<p style=\"text-align:center\"><img loading=\"lazy\" decoding=\"async\" title=\"\" alt=\"producto-HM-PM-62 m\u00e1quina de hielo en bloque-Hommy-img\" src=\"https:\/\/www.hommy.com\/wp-content\/uploads\/16030686509068.jpg\" width=\"480\" height=\"561\" border=\"0\" vspace=\"0\" style=\"width: 480px;height: 561px\"><\/p>\n<\/div>\n<div class=\"text_box\" style=\"width: 50%\">\n<div class=\"txt\">\n<div class=\"title\">\n<h2><strong><span style=\"font-family: arial, helvetica, sans-serif;font-size: 24px\"><a name=\"Product Features\"><\/a>Caracter\u00edsticas del producto<\/span><\/strong>&nbsp;<\/h2>\n<\/div>\n<p><span style=\"font-family: arial, helvetica, sans-serif\"><span style=\"font-size: 16px\">1.<\/span><span style=\"font-size: 16px\">La m\u00e1quina est\u00e1 construida con apariencia de lujo y f\u00e1cil operaci\u00f3n y bajo costo de mantenimiento .<\/span><\/span><\/p>\n<p><span style=\"font-family: arial, helvetica, sans-serif\"><span style=\"font-family: \u5b8b\u4f53;font-size: 16px\">2.<\/span><span style=\"font-family: Calibri;font-size: 16px\">Tanque de material interior de acero inoxidable puro que puede resistir el \u00e1cido clorh\u00eddrico erosionar .<\/span><\/span><\/p>\n<p><span style=\"font-family: arial, helvetica, sans-serif\"><span style=\"font-family: \u5b8b\u4f53;font-size: 16px\">3.<\/span><span style=\"font-family: Calibri;font-size: 16px\">El funcionamiento es sencillo.<\/span><\/span><\/p>\n<p><span style=\"font-family: arial, helvetica, sans-serif\"><span style=\"font-family: \u5b8b\u4f53;font-size: 16px\">4.<\/span><span style=\"font-family: Calibri;font-size: 16px\">Cubierta a prueba de aire y mantener el material de uso mucho tiempo .<\/span><\/span><\/p>\n<p><span style=\"font-family: arial, helvetica, sans-serif\"><span style=\"font-family: \u5b8b\u4f53;font-size: 16px\">5.<\/span><span style=\"font-family: Calibri;font-size: 16px\">Baja inversi\u00f3n de capital con m\u00e1xima producci\u00f3n<\/span><\/span><\/p>\n<p><span style=\"font-family: arial, helvetica, sans-serif\"><span style=\"font-family: \u5b8b\u4f53;font-size: 16px\">6.<\/span><span style=\"font-family: Calibri;font-size: 16px\">Obtenga beneficios del agua , incre\u00edble potencial de beneficios .<\/span><\/span><\/p>\n<p><span style=\"font-family: arial, helvetica, sans-serif\"><span style=\"font-family: \u5b8b\u4f53;font-size: 16px\">7.<\/span><span style=\"font-family: Calibri;font-size: 16px\">Capacidades ofrecidas: 1ton\/24H , 2ton\/24H ,3ton\/24H , 4ton\/24H , 5ton\/24H .<\/span><\/span><\/p>\n<p><span style=\"font-family: arial, helvetica, sans-serif\"><span style=\"font-family: \u5b8b\u4f53;font-size: 16px\">8.<\/span><span style=\"font-family: Calibri;font-size: 16px\">Ice weight: 5kgs(130X70X630mm),10kgs(260X70X630mm),15kgs(210X100X830mm),20kgs(210X120X830mm),<\/span><\/span><\/p>\n<p style=\"text-indent:32px\"><span style=\"font-size: 16px;font-family: arial, helvetica, sans-serif\">25kgs(280X120X830mm)<\/span><\/p>\n<p><span style=\"font-family: arial, helvetica, sans-serif\"><span style=\"font-family: \u5b8b\u4f53;font-size: 16px\">9.<\/span><span style=\"font-family: Calibri;font-size: 16px\">No se necesitan trabajadores cualificados<\/span><\/span><\/p>\n<p><span style=\"font-family: arial, helvetica, sans-serif\"><span style=\"font-family: \u5b8b\u4f53;font-size: 16px\">10.<\/span><span style=\"font-family: Calibri;font-size: 16px\">Gran durabilidad, mantenimiento m\u00ednimo<\/span><\/span><\/p>\n<p><span style=\"font-family: arial, helvetica, sans-serif\"><span style=\"font-family: \u5b8b\u4f53;font-size: 16px\">11. <\/span><span style=\"font-family: Calibri;font-size: 16px\">Si la m\u00e1quina funciona con un sistema de refrigeraci\u00f3n por agua, ser\u00e1 necesario instalar la bomba y la torre de refrigeraci\u00f3n juntas.<\/span><\/span><\/p>\n<\/div>\n<\/div>\n<\/div>\n<\/div>\n<p>&nbsp;<\/p>\n<div class=\"text-left d-tem09-title d-interval\" data-detail=\"wrap\">\n<div class=\"title-header\">\n<h2><strong><span style=\"font-size: 24px;font-family: arial, helvetica, sans-serif\"><a name=\"PRODUCT SPECIFICATION\"><\/a>ESPECIFICACIONES DEL PRODUCTO<\/span><\/strong><strong><span style=\"font-size: 24px;font-family: arial, helvetica, sans-serif\"><\/span><\/strong><strong style=\"color: inherit;font-family: inherit\"><span style=\"font-size: 24px;font-family: arial, helvetica, sans-serif\">N<\/span><\/strong><\/h2>\n<div class=\"subtitle\" style=\"text-align: center\"><img loading=\"lazy\" decoding=\"async\" src=\"https:\/\/www.hommy.com\/wp-content\/uploads\/16030689896844.png\" title=\"\" alt=\"producto-Hommy-img\" width=\"1000\" height=\"424\" border=\"0\" vspace=\"0\" style=\"width: 1000px;height: 424px\"><\/div>\n<\/div>\n<\/div>\n<p>&nbsp;<\/p>\n<p><span><br \/><\/span><\/p>\n<p><span>Documento\uff1a<\/span><img decoding=\"async\" src=\"https:\/\/www.hommy.com\/wp-content\/uploads\/icon_pdf-26.gif\" style=\"margin-right: 2px\" alt=\"producto-Hommy-img\" title=\"\"><a href=\"https:\/\/img80002414.weyesimg.com\/uploads\/www.hommy.com\/addon\/16030709006453.pdf\" title=\"16030709006453.pdf\" style=\"font-size: 12px\">16030709006453.pdf<\/a><\/p>\n<h2>\u00bfC\u00f3mo se hacen grandes cantidades de cubitos de hielo?<\/h2>\n<p style=\"margin-top: 5px;margin-bottom: 5px\"><\/p>\n<p style=\"margin-top: 5px;margin-bottom: 5px\">En el pasado, la gente hac\u00eda cubitos de hielo poniendo agua en una bolsa de pl\u00e1stico y meti\u00e9ndola en el frigor\u00edfico. Sin embargo, este m\u00e9todo es peligroso porque las bolsas de pl\u00e1stico pueden explotar en el frigor\u00edfico.<\/p>\n<p style=\"margin-top: 5px;margin-bottom: 5px\"><\/p>\n<p style=\"margin-top: 5px;margin-bottom: 5px\"><\/p>\n<p style=\"margin-top: 5px;margin-bottom: 5px\">Estoy planeando construir un cobertizo aislado de 8' x 4' x 4'. Tengo un garaje de 4' x 8' x 8' que voy a utilizar para un proyecto exterior, pero necesito utilizar el espacio extra de mi cobertizo para almacenaje. Estoy pensando en comprar una plancha de espuma en forma de U barata y cubrirla con fibra de vidrio. El aislamiento deber\u00eda mantener fuera la mayor parte del fr\u00edo, pero me pregunto si la fibra de vidrio mantendr\u00e1 fuera la humedad. Tambi\u00e9n voy a tener la fibra de vidrio en el interior. Mi principal preocupaci\u00f3n es si la fibra de vidrio retendr\u00e1 la humedad y evitar\u00e1 que<\/p>\n<p style=\"margin-top: 5px;margin-bottom: 5px\"><\/p>\n<h2>\u00bfPor qu\u00e9 se rompen siempre las m\u00e1quinas de hacer hielo?<\/h2>\n<p style=\"margin-top: 5px;margin-bottom: 5px\"><\/p>\n<p style=\"margin-top: 5px;margin-bottom: 5px\">Todos sabemos que los fabricadores de hielo no son perfectos. Se rompen, e incluso con los fabricadores de hielo mejor dise\u00f1ados y fabricados, habr\u00e1 hielo que no consiga pasar por el fabricador de hielo. Pero, \u00bfpor qu\u00e9 se rompen los fabricadores de hielo?<\/p>\n<p style=\"margin-top: 5px;margin-bottom: 5px\"><\/p>\n<p style=\"margin-top: 5px;margin-bottom: 5px\">Hace poco tuvimos un problema con nuestra m\u00e1quina de hielo. Se rompi\u00f3. Lo que no sab\u00edamos es que se iba a romper. Est\u00e1bamos vendiendo nuestra casa y no hab\u00edamos cortado el agua. Cuando nos dimos cuenta de que ten\u00edamos una m\u00e1quina de hielo rota, llamamos a nuestro contratista local. El contratista vino e hizo algunas pruebas. Determin\u00f3 que<\/p>\n<\/div><\/div>","protected":false},"excerpt":{"rendered":"<p>Block ice machine Block ice machine|Product Features|PRODUCT SPECIFICATION We are a renowned manufacturer, supplier and exporter of the block ice maker. This commercial block ice maker is used for making ice in the commercial area. This machine has the ability to produce large quantity of ice in less time. Moreover, this machine has an effective [&hellip;]<\/p>\n","protected":false},"featured_media":557,"comment_status":"open","ping_status":"open","template":"","meta":{"_swt_meta_header_display":false,"_swt_meta_footer_display":false,"_swt_meta_site_title_display":false,"_swt_meta_sticky_header":false,"_swt_meta_transparent_header":false},"product_brand":[],"product_cat":[76],"product_tag":[],"class_list":{"0":"post-560","1":"product","2":"type-product","3":"status-publish","4":"has-post-thumbnail","6":"product_cat-ice-block-machine","8":"first","9":"instock","10":"shipping-taxable","11":"product-type-simple"},"_links":{"self":[{"href":"https:\/\/www.hommy.com\/es\/wp-json\/wp\/v2\/product\/560","targetHints":{"allow":["GET"]}}],"collection":[{"href":"https:\/\/www.hommy.com\/es\/wp-json\/wp\/v2\/product"}],"about":[{"href":"https:\/\/www.hommy.com\/es\/wp-json\/wp\/v2\/types\/product"}],"replies":[{"embeddable":true,"href":"https:\/\/www.hommy.com\/es\/wp-json\/wp\/v2\/comments?post=560"}],"wp:featuredmedia":[{"embeddable":true,"href":"https:\/\/www.hommy.com\/es\/wp-json\/wp\/v2\/media\/557"}],"wp:attachment":[{"href":"https:\/\/www.hommy.com\/es\/wp-json\/wp\/v2\/media?parent=560"}],"wp:term":[{"taxonomy":"product_brand","embeddable":true,"href":"https:\/\/www.hommy.com\/es\/wp-json\/wp\/v2\/product_brand?post=560"},{"taxonomy":"product_cat","embeddable":true,"href":"https:\/\/www.hommy.com\/es\/wp-json\/wp\/v2\/product_cat?post=560"},{"taxonomy":"product_tag","embeddable":true,"href":"https:\/\/www.hommy.com\/es\/wp-json\/wp\/v2\/product_tag?post=560"}],"curies":[{"name":"wp","href":"https:\/\/api.w.org\/{rel}","templated":true}]}}