{"id":556,"date":"2024-07-02T13:52:37","date_gmt":"2024-07-02T13:52:37","guid":{"rendered":"http:\/\/localhost\/hommywp\/hm-pm-60-ice-block-making-machine-sale-for-africa-5tons-24h\/"},"modified":"2025-08-01T09:57:36","modified_gmt":"2025-08-01T09:57:36","slug":"hm-pm-60-maquina-de-hacer-bloques-de-hielo-venta-para-africa","status":"publish","type":"product","link":"https:\/\/www.hommy.com\/es\/p\/hm-pm-60-maquina-de-hacer-bloques-de-hielo-venta-para-africa\/","title":{"rendered":"Hm-Pm-60 m\u00e1quina de fabricaci\u00f3n de bloques de hielo Venta Para \u00c1frica 5tons\/24h"},"content":{"rendered":"<div>\n<p><\/p>\n<h2 style=\"text-align: center\"><strong><span style=\"letter-spacing: 0px;font-family: arial, helvetica, sans-serif;font-size: 24px\"><a name=\"ice block making machine\"><\/a>m\u00e1quina de hacer bloques de hielo<\/span><\/strong><\/h2>\n<p style=\"text-align: center\"><a href=\"#ice block making machine\" target=\"_self\" data-lv=\"0\" rel=\"noopener\"><span style=\"letter-spacing: 0px;font-family: arial, helvetica, sans-serif;font-size: 16px\">m\u00e1quina de hacer bloques de hielo<\/span><\/a><span style=\"letter-spacing: 0px;font-family: arial, helvetica, sans-serif;font-size: 16px\">|<a href=\"#Product Features\" target=\"_self\" data-lv=\"0\" rel=\"noopener\">Caracter\u00edsticas del producto<\/a>|<a href=\"#Product specification\" target=\"_self\" data-lv=\"0\" rel=\"noopener\">Especificaci\u00f3n del producto<\/a><\/span><\/p>\n<p><\/p>\n<p style=\"text-align: center\">&nbsp;&nbsp;&nbsp;&nbsp;<\/p>\n<p>Nuestra m\u00e1quina ofrecida se utiliza para hacer todos los tama\u00f1os de cubitos de hielo para la gente. Adem\u00e1s, la m\u00e1quina ofrecida se desarrolla utilizando materias primas de calidad y t\u00e9cnicas avanzadas. Nuestros clientes pueden hacer uso de la m\u00e1quina de nosotros en diferentes configuraciones para satisfacer sus necesidades espec\u00edficas.<\/p>\n<div class=\"d-tem01-graphic tem01-graphic mockup\" data-detail=\"wrap\">\n<div class=\"cont-section clearfix d-clearfix\">\n<div class=\"col-md-6 col-sm-6 col-xs-6\"><\/p>\n<div class=\"graphic_pic animated wow bounceIn\" data-wow-delay=\".7s\">\n<p style=\"text-align:center\"><img loading=\"lazy\" decoding=\"async\" src=\"https:\/\/www.hommy.com\/wp-content\/uploads\/16030866173518.jpg\" alt=\"producto-Hommy-img\" title=\"\" width=\"500\" height=\"500\" border=\"0\" vspace=\"0\" style=\"width: 500px;height: 500px\"><\/p>\n<\/div>\n<\/div>\n<div class=\"col-md-6 col-sm-6 col-xs-6\">\n<div class=\"right-p\">\n<div class=\"h2 heading\">\n<h2><strong><span style=\"font-family: arial, helvetica, sans-serif;font-size: 24px\"><span style=\"font-family: arial, helvetica, sans-serif;letter-spacing: 0px\"><a name=\"Product Features\"><\/a>Producto <\/span><span style=\"font-family: arial, helvetica, sans-serif\">Caracter\u00edsticas<\/span><\/span><\/strong><\/h2>\n<\/div>\n<div class=\"description\">\n<p><span style=\"font-family: arial, helvetica, sans-serif;font-size: 16px\">1.La m\u00e1quina est\u00e1 construida con apariencia de lujo y f\u00e1cil operaci\u00f3n y bajo costo de mantenimiento .<\/span><\/p>\n<p><span style=\"font-family: arial, helvetica, sans-serif\"><span style=\"font-family: \u5b8b\u4f53;font-size: 16px\">2.<\/span><span style=\"font-family: Calibri;font-size: 16px\">Tanque de material interior de acero inoxidable puro que puede resistir el \u00e1cido clorh\u00eddrico erosionar .<\/span><\/span><\/p>\n<p><span style=\"font-family: arial, helvetica, sans-serif\"><span style=\"font-family: \u5b8b\u4f53;font-size: 16px\">3.<\/span><span style=\"font-family: Calibri;font-size: 16px\">El funcionamiento es sencillo.<\/span><\/span><\/p>\n<p><span style=\"font-family: arial, helvetica, sans-serif\"><span style=\"font-family: \u5b8b\u4f53;font-size: 16px\">4.<\/span><span style=\"font-family: Calibri;font-size: 16px\">Cubierta a prueba de aire y mantener el material de uso mucho tiempo .<\/span><\/span><\/p>\n<p><span style=\"font-family: arial, helvetica, sans-serif\"><span style=\"font-family: \u5b8b\u4f53;font-size: 16px\">5.<\/span><span style=\"font-family: Calibri;font-size: 16px\">Baja inversi\u00f3n de capital con m\u00e1xima producci\u00f3n<\/span><\/span><\/p>\n<p><span style=\"font-family: arial, helvetica, sans-serif\"><span style=\"font-family: \u5b8b\u4f53;font-size: 16px\">6.<\/span><span style=\"font-family: Calibri;font-size: 16px\">Obtenga beneficios del agua , incre\u00edble potencial de beneficios .<\/span><\/span><\/p>\n<p><span style=\"font-family: arial, helvetica, sans-serif\"><span style=\"font-family: \u5b8b\u4f53;font-size: 16px\">7.<\/span><span style=\"font-family: Calibri;font-size: 16px\">Capacidades ofrecidas: 1ton\/24H , 2ton\/24H ,3ton\/24H , 4ton\/24H , 5ton\/24H .<\/span><\/span><\/p>\n<p><span style=\"font-family: arial, helvetica, sans-serif\"><span style=\"font-family: \u5b8b\u4f53;font-size: 16px\">8.<\/span><span style=\"font-family: Calibri;font-size: 16px\">Ice weight: 5kgs(130X70X630mm),10kgs(260X70X630mm),15kgs(210X100X830mm),20kgs(210X120X830mm),<\/span><\/span><\/p>\n<p style=\"text-indent:32px\"><span style=\"font-size: 16px;font-family: arial, helvetica, sans-serif\">25kgs(280X120X830mm)<\/span><\/p>\n<p><span style=\"font-family: arial, helvetica, sans-serif\"><span style=\"font-family: \u5b8b\u4f53;font-size: 16px\">9.<\/span><span style=\"font-family: Calibri;font-size: 16px\">No se necesitan trabajadores cualificados<\/span><\/span><\/p>\n<p><span style=\"font-family: arial, helvetica, sans-serif\"><span style=\"font-family: \u5b8b\u4f53;font-size: 16px\">10.<\/span><span style=\"font-family: Calibri;font-size: 16px\">Gran durabilidad, mantenimiento m\u00ednimo<\/span><\/span><\/p>\n<p><span style=\"font-family: arial, helvetica, sans-serif\"><span style=\"font-family: \u5b8b\u4f53;font-size: 16px\">11. <\/span><span style=\"font-family: Calibri;font-size: 16px\">Si la m\u00e1quina funciona con un sistema de refrigeraci\u00f3n por agua, ser\u00e1 necesario instalar la bomba y la torre de refrigeraci\u00f3n juntas.<\/span><\/span><\/p>\n<p><span>&nbsp; &nbsp; &nbsp; &nbsp; &nbsp; &nbsp;<\/span><\/p>\n<\/div>\n<\/div>\n<\/div>\n<\/div>\n<\/div>\n<h2><strong><span style=\"letter-spacing: 0px;font-family: arial, helvetica, sans-serif;font-size: 24px\"><a name=\"Product specification\"><\/a>Especificaci\u00f3n del producto<\/span><\/strong><\/h2>\n<p><img loading=\"lazy\" decoding=\"async\" src=\"https:\/\/www.hommy.com\/wp-content\/uploads\/16030863868315.png\" title=\"\" alt=\"producto-Hommy-img\" width=\"1000\" height=\"424\" border=\"0\" vspace=\"0\" style=\"width: 1000px;height: 424px\"><\/p>\n<p><\/p>\n<p>Documento\uff1a<img decoding=\"async\" src=\"http:\/\/admin.allweyes.com\/templates\/admin\/default\/assets\/library\/ueditor\/dialogs\/attachment\/fileTypeImages\/icon_pdf.gif\" style=\"margin-right: 2px\" alt=\"product-HM-PM-60 m\u00e1quina de hacer bloques de hielo venta para \u00c1frica-Hommy-img\" title=\"\"><a href=\"https:\/\/img80002414.weyesimg.com\/uploads\/www.hommy.com\/addon\/16030865203721.pdf\" title=\"16030865203721.pdf\" style=\"font-size: 12px\">16030865203721.pdf<\/a><\/p>\n<h2 style=\"font-family: sans-serif\">\u00bfSon mejores los bloques de hielo que los cubitos?<\/h2>\n<p style=\"margin-top: 5px;margin-bottom: 5px;font-family: sans-serif;font-size: 16px\">Seg\u00fan una encuesta de la Asociaci\u00f3n Nacional del Helado, los estadounidenses optan por los bloques de hielo como su helado preferido. De hecho, su popularidad va en aumento. El n\u00famero de helader\u00edas que ofrecen este nuevo sabor ha aumentado casi un 25%. A principios del siglo XX, los bloques de hielo eran una novedad en Estados Unidos.&nbsp;<\/p>\n<p style=\"margin-top: 5px;margin-bottom: 5px;font-family: sans-serif;font-size: 16px\"><\/p>\n<h2 style=\"font-family: sans-serif\">\u00bfEs un buen negocio fabricar hielo?<\/h2>\n<p style=\"margin-top: 5px;margin-bottom: 5px;font-family: sans-serif;font-size: 16px\">Desde sus or\u00edgenes, el hielo ha sido una parte esencial de nuestras vidas. En los primeros tiempos de la raza humana, se utilizaba para conservar la carne y otros alimentos. El hielo tambi\u00e9n se utiliza para elaborar bebidas como el vino y la cerveza, y para hacer helados. Y luego est\u00e1n los cubitos de hielo, que son la fuente de la mayor\u00eda de nuestras bebidas y alimentos a base de hielo.<\/p>\n<p style=\"margin-top: 5px;margin-bottom: 5px;font-family: sans-serif;font-size: 16px\"><\/p>\n<h2 style=\"font-family: sans-serif\">\u00bfCu\u00e1l es el mejor aislante para evitar que el hielo se derrita?<\/h2>\n<p style=\"margin-top: 5px;margin-bottom: 5px;font-family: sans-serif;font-size: 16px\">El mejor aislante es una combinaci\u00f3n de muchas cosas.Ante todo, tiene que ser un buen aislante t\u00e9rmico, es decir, que resista el calor del sol o de lo que sea.Si tienes una zona peque\u00f1a que no se calienta, podr\u00edas usar madera para que no le d\u00e9 el sol.Si tienes una zona grande, podr\u00edas usar un \u00e1rbol enorme.Un enfoque mejor ser\u00eda usar un buen aislante en el tejado de la casa.&nbsp;<\/p>\n<\/div><\/div>","protected":false},"excerpt":{"rendered":"<p>ice block making machine ice block making machine|Product Features|Product specification &nbsp;&nbsp;&nbsp;&nbsp; Our offered machine is used to make all sizes of ice cubes for the people. Furthermore, the offered machine is developed using quality raw material and advanced techniques. Our clients can avail the machine from us in different configurations to meet their specific needs. [&hellip;]<\/p>\n","protected":false},"featured_media":554,"comment_status":"open","ping_status":"open","template":"","meta":{"_swt_meta_header_display":false,"_swt_meta_footer_display":false,"_swt_meta_site_title_display":false,"_swt_meta_sticky_header":false,"_swt_meta_transparent_header":false},"product_brand":[],"product_cat":[76],"product_tag":[],"class_list":{"0":"post-556","1":"product","2":"type-product","3":"status-publish","4":"has-post-thumbnail","6":"product_cat-ice-block-machine","8":"first","9":"instock","10":"shipping-taxable","11":"product-type-simple"},"_links":{"self":[{"href":"https:\/\/www.hommy.com\/es\/wp-json\/wp\/v2\/product\/556","targetHints":{"allow":["GET"]}}],"collection":[{"href":"https:\/\/www.hommy.com\/es\/wp-json\/wp\/v2\/product"}],"about":[{"href":"https:\/\/www.hommy.com\/es\/wp-json\/wp\/v2\/types\/product"}],"replies":[{"embeddable":true,"href":"https:\/\/www.hommy.com\/es\/wp-json\/wp\/v2\/comments?post=556"}],"wp:featuredmedia":[{"embeddable":true,"href":"https:\/\/www.hommy.com\/es\/wp-json\/wp\/v2\/media\/554"}],"wp:attachment":[{"href":"https:\/\/www.hommy.com\/es\/wp-json\/wp\/v2\/media?parent=556"}],"wp:term":[{"taxonomy":"product_brand","embeddable":true,"href":"https:\/\/www.hommy.com\/es\/wp-json\/wp\/v2\/product_brand?post=556"},{"taxonomy":"product_cat","embeddable":true,"href":"https:\/\/www.hommy.com\/es\/wp-json\/wp\/v2\/product_cat?post=556"},{"taxonomy":"product_tag","embeddable":true,"href":"https:\/\/www.hommy.com\/es\/wp-json\/wp\/v2\/product_tag?post=556"}],"curies":[{"name":"wp","href":"https:\/\/api.w.org\/{rel}","templated":true}]}}