{"id":553,"date":"2024-07-02T13:52:34","date_gmt":"2024-07-02T13:52:34","guid":{"rendered":"http:\/\/localhost\/hommywp\/hm-pm-63-low-investment-ice-block-maker-maufacturer-direct-cost\/"},"modified":"2025-08-01T09:57:36","modified_gmt":"2025-08-01T09:57:36","slug":"hm-pm-63-fabricador-de-bloques-de-hielo","status":"publish","type":"product","link":"https:\/\/www.hommy.com\/es\/p\/hm-pm-63-fabricador-de-bloques-de-hielo\/","title":{"rendered":"Hm-Pm-63 Fabricadora de bloques de hielo de baja inversi\u00f3n Coste directo del fabricante"},"content":{"rendered":"<div>\n<h2 style=\"text-align: center\"><span style=\"font-family: arial, helvetica, sans-serif;font-size: 24px\"><strong><span style=\"font-family: arial, helvetica, sans-serif;letter-spacing: 0px\"><br \/><\/span><\/strong><\/span><\/h2>\n<h2 style=\"text-align: center\"><span style=\"font-size: 24px;font-family: arial, helvetica, sans-serif\"><strong><span style=\"letter-spacing: 0px;font-size: 29px\"><a name=\"ice block maker\"><\/a>m\u00e1quina de hacer bloques de hielo<\/span><\/strong><\/span><\/h2>\n<p style=\"text-align: center\"><a href=\"#ice block maker\" target=\"_self\" data-lv=\"0\" rel=\"noopener\"><span style=\"font-family: arial, helvetica, sans-serif;font-size: 16px\"><span style=\"font-family: arial, helvetica, sans-serif;letter-spacing: 0px\"><span style=\"font-family: arial, helvetica, sans-serif;font-size: 16px;text-align: center\">m\u00e1quina de hacer bloques de hielo<\/span><\/span><\/span><\/a><span style=\"font-family: arial, helvetica, sans-serif;font-size: 16px\"><span style=\"font-family: arial, helvetica, sans-serif;letter-spacing: 0px\"><span style=\"font-family: arial, helvetica, sans-serif;font-size: 16px;text-align: center\"><\/span>|<a href=\"#Product Features\" target=\"_self\" data-lv=\"0\" rel=\"noopener\">Caracter\u00edsticas del producto<\/a>|<a href=\"#Product specification\" target=\"_self\" data-lv=\"0\" rel=\"noopener\">Especificaci\u00f3n del producto<\/a><\/span><\/span><\/p>\n<p><\/p>\n<p><\/p>\n<p style=\"text-align: center\">&nbsp;&nbsp;&nbsp;&nbsp;<\/p>\n<p><a style=\"color:blue\" href=\"https:\/\/www.hommy.com\/es\/maquina-de-bloques-de-hielo\/\">Fabricadora de bloques de hielo<\/a> se puede utilizar en una amplia gama de industrias de alimentos y bebidas, que son en su mayor\u00eda en forma de productos congelados. El Ice Block Maker se puede utilizar para hacer bloques de hielo o cubitos de hielo para una amplia gama de bebidas como agua, zumo, cerveza, bebidas alcoh\u00f3licas y refrescos.<\/p>\n<p><\/p>\n<p>Somos uno de los principales fabricantes y proveedores de Ice Block Maker. Estamos comprometidos en ofrecer una amplia gama de Ice Block Maker que se utiliza para producir una gran cantidad de bloques de hielo o cubitos de hielo.<\/p>\n<p><strong><span style=\"letter-spacing: 0px;font-family: arial, helvetica, sans-serif;font-size: 24px\"><\/span><\/strong><\/p>\n<div class=\"d-tem01-graphic tem01-graphic mockup\" data-detail=\"wrap\">\n<div class=\"cont-section clearfix d-clearfix\">\n<div class=\"col-md-6 col-sm-6 col-xs-6\"><\/p>\n<div class=\"graphic_pic animated wow bounceIn\" data-wow-delay=\".7s\">\n<p style=\"text-align:center\"><img decoding=\"async\" src=\"https:\/\/www.hommy.com\/wp-content\/uploads\/16030880678633.jpg\" alt=\"producto-HM-PM-63 fabricador de bloques de hielo-Hommy-img\" title=\"\"><\/p>\n<\/div>\n<\/div>\n<div class=\"col-md-6 col-sm-6 col-xs-6\">\n<div class=\"right-p\">\n<div class=\"h2 heading\">\n<h2><strong><span style=\"font-family: arial, helvetica, sans-serif;font-size: 24px\"><span style=\"font-family: arial, helvetica, sans-serif;letter-spacing: 0px\"><a name=\"Product Features\"><\/a>Producto <\/span><span style=\"font-family: arial, helvetica, sans-serif\">Caracter\u00edsticas<\/span><\/span><\/strong><\/h2>\n<p><span style=\"font-family: arial, helvetica, sans-serif\"><span style=\"font-size: 16px\">1.<\/span><span style=\"font-size: 16px\">La m\u00e1quina est\u00e1 construida con apariencia de lujo y f\u00e1cil operaci\u00f3n y bajo costo de mantenimiento .<\/span><\/span><\/p>\n<p><span style=\"font-family: arial, helvetica, sans-serif\"><span style=\"font-family: \u5b8b\u4f53;font-size: 16px\">2.<\/span><span style=\"font-family: Calibri;font-size: 16px\">Tanque de material interior de acero inoxidable puro que puede resistir el \u00e1cido clorh\u00eddrico erosionar .<\/span><\/span><\/p>\n<p><span style=\"font-family: arial, helvetica, sans-serif\"><span style=\"font-family: \u5b8b\u4f53;font-size: 16px\">3.<\/span><span style=\"font-family: Calibri;font-size: 16px\">El funcionamiento es sencillo.<\/span><\/span><\/p>\n<p><span style=\"font-family: arial, helvetica, sans-serif\"><span style=\"font-family: \u5b8b\u4f53;font-size: 16px\">4.<\/span><span style=\"font-family: Calibri;font-size: 16px\">Cubierta a prueba de aire y mantener el material de uso mucho tiempo .<\/span><\/span><\/p>\n<p><span style=\"font-family: arial, helvetica, sans-serif\"><span style=\"font-family: \u5b8b\u4f53;font-size: 16px\">5.<\/span><span style=\"font-family: Calibri;font-size: 16px\">Baja inversi\u00f3n de capital con m\u00e1xima producci\u00f3n<\/span><\/span><\/p>\n<p><span style=\"font-family: arial, helvetica, sans-serif\"><span style=\"font-family: \u5b8b\u4f53;font-size: 16px\">6.<\/span><span style=\"font-family: Calibri;font-size: 16px\">Obtenga beneficios del agua , incre\u00edble potencial de beneficios .<\/span><\/span><\/p>\n<p><span style=\"font-family: arial, helvetica, sans-serif\"><span style=\"font-family: \u5b8b\u4f53;font-size: 16px\">7.<\/span><span style=\"font-family: Calibri;font-size: 16px\">Capacidades ofrecidas: 1ton\/24H , 2ton\/24H ,3ton\/24H , 4ton\/24H , 5ton\/24H .<\/span><\/span><\/p>\n<p><span style=\"font-family: arial, helvetica, sans-serif\"><span style=\"font-family: \u5b8b\u4f53;font-size: 16px\">8.<\/span><span style=\"font-family: Calibri;font-size: 16px\">Ice weight: 5kgs(130X70X630mm),10kgs(260X70X630mm),15kgs(210X100X830mm),20kgs(210X120X830mm),<\/span><\/span><\/p>\n<p style=\"text-indent:32px\"><span style=\"font-size: 16px;font-family: arial, helvetica, sans-serif\">25kgs(280X120X830mm)<\/span><\/p>\n<p><span style=\"font-family: arial, helvetica, sans-serif\"><span style=\"font-family: \u5b8b\u4f53;font-size: 16px\">9.<\/span><span style=\"font-family: Calibri;font-size: 16px\">No se necesitan trabajadores cualificados<\/span><\/span><\/p>\n<p><span style=\"font-family: arial, helvetica, sans-serif\"><span style=\"font-family: \u5b8b\u4f53;font-size: 16px\">10.<\/span><span style=\"font-family: Calibri;font-size: 16px\">Gran durabilidad, mantenimiento m\u00ednimo<\/span><\/span><\/p>\n<p><span style=\"font-family: arial, helvetica, sans-serif\"><span style=\"font-family: \u5b8b\u4f53;font-size: 16px\">11. <\/span><span style=\"font-family: Calibri;font-size: 16px\">Si la m\u00e1quina funciona con un sistema de refrigeraci\u00f3n por agua, ser\u00e1 necesario instalar la bomba y la torre de refrigeraci\u00f3n juntas.<\/span><\/span><\/p>\n<p><span> &nbsp; &nbsp;<\/span><\/div>\n<\/div>\n<\/div>\n<\/div>\n<\/div>\n<h2><strong><span style=\"letter-spacing: 0px;font-family: arial, helvetica, sans-serif;font-size: 24px\"><a name=\"Product specification\"><\/a>Especificaci\u00f3n del producto<\/span><\/strong><\/h2>\n<p><strong><span style=\"letter-spacing: 0px;font-family: arial, helvetica, sans-serif;font-size: 24px\"><br \/><\/span><\/strong><\/p>\n<p><img loading=\"lazy\" decoding=\"async\" src=\"https:\/\/www.hommy.com\/wp-content\/uploads\/16030880182602.png\" title=\"\" alt=\"producto-Hommy-img\" width=\"1000\" height=\"424\" border=\"0\" vspace=\"0\" style=\"width: 1000px;height: 424px\"><\/p>\n<p><\/p>\n<p><\/p>\n<p>Documento\uff1a<img decoding=\"async\" src=\"https:\/\/www.hommy.com\/wp-content\/uploads\/icon_pdf-25.gif\" style=\"margin-right: 2px\" alt=\"producto-Hommy-img\" title=\"\"><a href=\"https:\/\/img80002414.weyesimg.com\/uploads\/www.hommy.com\/addon\/16030883546016.pdf\" title=\"16030883546016.pdf\" style=\"font-size: 12px\">16030883546016.pdf<\/a><\/p>\n<h2>\u00bfCu\u00e1nto cuesta una m\u00e1quina de hielo autoservicio?<\/h2>\n<p style=\"margin-top: 5px;margin-bottom: 5px\"><\/p>\n<p style=\"margin-top: 5px;margin-bottom: 5px\">El coste de una m\u00e1quina de hielo para autoservicio depender\u00e1 de muchos factores. No solo importa la m\u00e1quina de hielo o el dispensador concreto, sino que tambi\u00e9n hay que tener en cuenta la cantidad de hielo que se necesita producir al d\u00eda y la cantidad de dinero que hay que gastar para equipar el establecimiento con una m\u00e1quina de hielo.<\/p>\n<p style=\"margin-top: 5px;margin-bottom: 5px\"><\/p>\n<p style=\"margin-top: 5px;margin-bottom: 5px\">El coste medio de adquisici\u00f3n de una m\u00e1quina de hacer hielo para autoservicio para cualquier tipo de aplicaci\u00f3n oscila entre $900 y $1500. Pero, por supuesto, hay muchos factores que influir\u00e1n en ello.<\/p>\n<p style=\"margin-top: 5px;margin-bottom: 5px\"><\/p>\n<p style=\"margin-top: 5px;margin-bottom: 5px\"><\/p>\n<h2>\u00bfHacer hielo es un buen negocio?<\/h2>\n<p style=\"margin-top: 5px;margin-bottom: 5px\"><\/p>\n<p style=\"margin-top: 5px;margin-bottom: 5px\">C\u00f3mo hacer negocio creando hielo<\/p>\n<p style=\"margin-top: 5px;margin-bottom: 5px\"><\/p>\n<p style=\"margin-top: 5px;margin-bottom: 5px\">Cuando nos fuimos una semana a Canad\u00e1 para casarnos, le dije a mi madre que quiz\u00e1 no podr\u00eda escribir durante un tiempo. Entonces hice un post, y a los pocos d\u00edas empec\u00e9 a preocuparme por hacerlo m\u00e1s a menudo. En un mes empec\u00e9 a sentirme desesperada. Pasaban los d\u00edas y segu\u00eda sin tener trabajo que mostrar, ni siquiera cuando mi marido empez\u00f3 a publicar sus propios relatos cortos. Finalmente, lleg\u00f3 el d\u00eda en que pens\u00e9 en volverme loca y escribir s\u00f3lo para sentirme productiva.<\/p>\n<p style=\"margin-top: 5px;margin-bottom: 5px\"><\/p>\n<h2>\u00bfPuede durar el hielo seco 3 d\u00edas?<\/h2>\n<p style=\"margin-top: 5px;margin-bottom: 5px\"><\/p>\n<p style=\"margin-top: 5px;margin-bottom: 5px\">A:<\/p>\n<p style=\"margin-top: 5px;margin-bottom: 5px\"><\/p>\n<p style=\"margin-top: 5px;margin-bottom: 5px\">No deber\u00eda descomponerse mucho (en realidad, har\u00eda falta el efecto contrario para que funcionara: el alto punto de ebullici\u00f3n har\u00eda que el hielo seco se expandiera m\u00e1s en temperatura que aumentara su densidad), pero en general, deber\u00eda durar unos d\u00edas.<\/p>\n<p style=\"margin-top: 5px;margin-bottom: 5px\">Sin embargo, es posible que la descomposici\u00f3n del agua de la soluci\u00f3n sea m\u00e1s r\u00e1pida (o m\u00e1s lenta) a medida que aumente la temperatura.<\/p>\n<\/div><\/div>","protected":false},"excerpt":{"rendered":"<p>ice block maker ice block maker|Product Features|Product specification &nbsp;&nbsp;&nbsp;&nbsp; Ice Block Maker can be used in a wide range of food and beverages industries, which are mostly in the form of frozen products. The Ice Block Maker can be used to make ice blocks or ice cubes for a wide range of beverages like water, [&hellip;]<\/p>\n","protected":false},"featured_media":550,"comment_status":"open","ping_status":"open","template":"","meta":{"_swt_meta_header_display":false,"_swt_meta_footer_display":false,"_swt_meta_site_title_display":false,"_swt_meta_sticky_header":false,"_swt_meta_transparent_header":false},"product_brand":[],"product_cat":[76],"product_tag":[],"class_list":{"0":"post-553","1":"product","2":"type-product","3":"status-publish","4":"has-post-thumbnail","6":"product_cat-ice-block-machine","8":"first","9":"instock","10":"shipping-taxable","11":"product-type-simple"},"_links":{"self":[{"href":"https:\/\/www.hommy.com\/es\/wp-json\/wp\/v2\/product\/553","targetHints":{"allow":["GET"]}}],"collection":[{"href":"https:\/\/www.hommy.com\/es\/wp-json\/wp\/v2\/product"}],"about":[{"href":"https:\/\/www.hommy.com\/es\/wp-json\/wp\/v2\/types\/product"}],"replies":[{"embeddable":true,"href":"https:\/\/www.hommy.com\/es\/wp-json\/wp\/v2\/comments?post=553"}],"wp:featuredmedia":[{"embeddable":true,"href":"https:\/\/www.hommy.com\/es\/wp-json\/wp\/v2\/media\/550"}],"wp:attachment":[{"href":"https:\/\/www.hommy.com\/es\/wp-json\/wp\/v2\/media?parent=553"}],"wp:term":[{"taxonomy":"product_brand","embeddable":true,"href":"https:\/\/www.hommy.com\/es\/wp-json\/wp\/v2\/product_brand?post=553"},{"taxonomy":"product_cat","embeddable":true,"href":"https:\/\/www.hommy.com\/es\/wp-json\/wp\/v2\/product_cat?post=553"},{"taxonomy":"product_tag","embeddable":true,"href":"https:\/\/www.hommy.com\/es\/wp-json\/wp\/v2\/product_tag?post=553"}],"curies":[{"name":"wp","href":"https:\/\/api.w.org\/{rel}","templated":true}]}}