{"id":549,"date":"2024-07-02T13:52:30","date_gmt":"2024-07-02T13:52:30","guid":{"rendered":"http:\/\/localhost\/hommywp\/hm-pm-50-commercial-heavy-duty-ice-block-machine-price-list\/"},"modified":"2025-08-01T09:57:34","modified_gmt":"2025-08-01T09:57:34","slug":"maquina-fabricadora-de-bloques-de-hielo-hm-pm-50","status":"publish","type":"product","link":"https:\/\/www.hommy.com\/es\/p\/maquina-fabricadora-de-bloques-de-hielo-hm-pm-50\/","title":{"rendered":"Lista de precios de la m\u00e1quina comercial de bloques de hielo de alta resistencia Hm-Pm-50"},"content":{"rendered":"<div>\n<p style=\"text-align: center\"><span style=\"font-family:\u5b8b\u4f53;letter-spacing:0;font-size:29px\"><br \/><\/span><\/p>\n<h2 style=\"text-align: center\"><strong><span style=\"letter-spacing: 0px;font-family: arial, helvetica, sans-serif;font-size: 24px\"><a name=\"ice block making machine\"><\/a>m\u00e1quina de hacer bloques de hielo<\/span><\/strong><\/h2>\n<p style=\"text-align: center\"><a href=\"#ice block making machine\" target=\"_self\" data-lv=\"0\" rel=\"noopener\"><span style=\"font-size: 16px\"><span style=\"letter-spacing: 0px;font-family: arial, helvetica, sans-serif\">m\u00e1quina de hacer bloques de hielo<\/span><\/span><\/a><span style=\"font-size: 16px\"><span style=\"letter-spacing: 0px;font-family: arial, helvetica, sans-serif\"><\/span><span style=\"letter-spacing: 0px;font-family: arial, helvetica, sans-serif\">|<a href=\"#Product Features\" target=\"_self\" data-lv=\"0\" rel=\"noopener\">Caracter\u00edsticas del producto<\/a>|<a href=\"#Product specification\" target=\"_self\" data-lv=\"0\" rel=\"noopener\">Especificaci\u00f3n del producto<\/a><\/span><\/span><\/p>\n<p><span style=\"font-size: 16px\"><br \/><\/span><\/p>\n<p style=\"text-align: center\"><span style=\"font-size: 16px\">&nbsp; &nbsp;&nbsp;<\/span><\/p>\n<p><span style=\"font-size: 16px\"><\/span><\/p>\n<p><span style=\"font-size: 16px\"><\/span><\/p>\n<p><\/p>\n<p>Nuestra m\u00e1quina es una herramienta altamente automatizada que es ampliamente demandada en todo el mundo. En nuestras instalaciones modernizadas, fabricamos y dise\u00f1amos estas m\u00e1quinas en varias especificaciones a precios m\u00e1s competitivos. Estas m\u00e1quinas son capaces de proporcionar una calidad consistente y uniforme, que es esencial para la fabricaci\u00f3n de bloques de hielo. Nuestras m\u00e1quinas se fabrican utilizando la \u00faltima tecnolog\u00eda y son altamente eficientes y robustos. Debido a sus diversas caracter\u00edsticas, estos <a style=\"color:blue\" href=\"https:\/\/www.hommy.com\/es\/maquina-de-bloques-de-hielo\/\">m\u00e1quina de bloques de hielo<\/a>s son muy apreciados por nuestros clientes por su fiabilidad y facilidad de uso. Estas m\u00e1quinas se fabrican bajo la direcci\u00f3n de ingenieros altamente cualificados, y su rendimiento se eval\u00faa en varios par\u00e1metros.<\/p>\n<div class=\"d-tem01-graphic tem01-graphic mockup\" data-detail=\"wrap\">\n<div class=\"cont-section clearfix d-clearfix\">\n<div class=\"col-md-6 col-sm-6 col-xs-6\">\n<p><\/p>\n<p><\/p>\n<div class=\"graphic_pic animated wow bounceIn\" data-wow-delay=\".7s\"><img loading=\"lazy\" decoding=\"async\" src=\"https:\/\/www.hommy.com\/wp-content\/uploads\/16030772362707.jpg\" alt=\"producto-Hommy-img\" title=\"\" width=\"500\" height=\"350\" border=\"0\" vspace=\"0\" style=\"width: 500px;height: 350px\"><br \/>\n &nbsp; &nbsp; &nbsp; &nbsp; &nbsp; &nbsp;<\/div>\n<\/div>\n<div class=\"col-md-6 col-sm-6 col-xs-6\">\n<div class=\"right-p\">\n<div class=\"h2 heading\">\n<h2><strong><span style=\"font-family: arial, helvetica, sans-serif;font-size: 24px\"><span style=\"font-family: arial, helvetica, sans-serif;letter-spacing: 0px\"><a name=\"Product Features\"><\/a>Producto <\/span><span style=\"font-family: arial, helvetica, sans-serif\">Caracter\u00edsticas<\/span><\/span><\/strong><\/h2>\n<p><span style=\"font-family: arial, helvetica, sans-serif\"><span style=\"font-size: 16px\">1.<\/span><span style=\"font-size: 16px\">La m\u00e1quina est\u00e1 construida con apariencia de lujo y f\u00e1cil operaci\u00f3n y bajo costo de mantenimiento .<\/span><\/span><\/p>\n<p><span style=\"font-family: arial, helvetica, sans-serif\"><span style=\"font-family: \u5b8b\u4f53;font-size: 16px\">2.<\/span><span style=\"font-family: Calibri;font-size: 16px\">Tanque de material interior de acero inoxidable puro que puede resistir el \u00e1cido clorh\u00eddrico erosionar .<\/span><\/span><\/p>\n<p><span style=\"font-family: arial, helvetica, sans-serif\"><span style=\"font-family: \u5b8b\u4f53;font-size: 16px\">3.<\/span><span style=\"font-family: Calibri;font-size: 16px\">El funcionamiento es sencillo.<\/span><\/span><\/p>\n<p><span style=\"font-family: arial, helvetica, sans-serif\"><span style=\"font-family: \u5b8b\u4f53;font-size: 16px\">4.<\/span><span style=\"font-family: Calibri;font-size: 16px\">Cubierta a prueba de aire y mantener el material de uso mucho tiempo .<\/span><\/span><\/p>\n<p><span style=\"font-family: arial, helvetica, sans-serif\"><span style=\"font-family: \u5b8b\u4f53;font-size: 16px\">5.<\/span><span style=\"font-family: Calibri;font-size: 16px\">Baja inversi\u00f3n de capital con m\u00e1xima producci\u00f3n<\/span><\/span><\/p>\n<p><span style=\"font-family: arial, helvetica, sans-serif\"><span style=\"font-family: \u5b8b\u4f53;font-size: 16px\">6.<\/span><span style=\"font-family: Calibri;font-size: 16px\">Obtenga beneficios del agua , incre\u00edble potencial de beneficios .<\/span><\/span><\/p>\n<p><span style=\"font-family: arial, helvetica, sans-serif\"><span style=\"font-family: \u5b8b\u4f53;font-size: 16px\">7.<\/span><span style=\"font-family: Calibri;font-size: 16px\">Capacidades ofrecidas: 1ton\/24H , 2ton\/24H ,3ton\/24H , 4ton\/24H , 5ton\/24H .<\/span><\/span><\/p>\n<p><span style=\"font-family: arial, helvetica, sans-serif\"><span style=\"font-family: \u5b8b\u4f53;font-size: 16px\">8.<\/span><span style=\"font-family: Calibri;font-size: 16px\">Ice weight: 5kgs(130X70X630mm),10kgs(260X70X630mm),15kgs(210X100X830mm),20kgs(210X120X830mm),<\/span><\/span><\/p>\n<p style=\"text-indent: 32px\"><span style=\"font-size: 16px;font-family: arial, helvetica, sans-serif\">25kgs(280X120X830mm)<\/span><\/p>\n<p><span style=\"font-family: arial, helvetica, sans-serif\"><span style=\"font-family: \u5b8b\u4f53;font-size: 16px\">9.<\/span><span style=\"font-family: Calibri;font-size: 16px\">No se necesitan trabajadores cualificados<\/span><\/span><\/p>\n<p><span style=\"font-family: arial, helvetica, sans-serif\"><span style=\"font-family: \u5b8b\u4f53;font-size: 16px\">10.<\/span><span style=\"font-family: Calibri;font-size: 16px\">Gran durabilidad, mantenimiento m\u00ednimo<\/span><\/span><\/p>\n<p><span style=\"font-family: arial, helvetica, sans-serif\"><span style=\"font-family: \u5b8b\u4f53;font-size: 16px\">11. <\/span><span style=\"font-family: Calibri;font-size: 16px\">Si la m\u00e1quina funciona con un sistema de refrigeraci\u00f3n por agua, ser\u00e1 necesario instalar la bomba y la torre de refrigeraci\u00f3n juntas.<\/span><\/span><\/p>\n<p><span>&nbsp; &nbsp; &nbsp;<\/span><\/div>\n<\/div>\n<\/div>\n<\/div>\n<\/div>\n<p><\/p>\n<h2><strong><span style=\"letter-spacing: 0px;font-family: arial, helvetica, sans-serif;font-size: 24px\"><a name=\"Product specification\"><\/a>Especificaci\u00f3n del producto<\/span><\/strong><\/h2>\n<p><strong><span style=\"letter-spacing: 0px;font-family: arial, helvetica, sans-serif;font-size: 24px\"><br \/><\/span><\/strong><\/p>\n<p><strong><span style=\"letter-spacing: 0px;font-family: arial, helvetica, sans-serif;font-size: 24px\"><img loading=\"lazy\" decoding=\"async\" src=\"https:\/\/www.hommy.com\/wp-content\/uploads\/16030770308566.png\" title=\"\" alt=\"producto-Hommy-img\" width=\"1000\" height=\"424\" border=\"0\" vspace=\"0\" style=\"width: 1000px;height: 424px\"><\/span><\/strong><\/p>\n<p><\/p>\n<p>Documento\uff1a<img decoding=\"async\" src=\"https:\/\/www.hommy.com\/wp-content\/uploads\/icon_pdf-24.gif\" style=\"margin-right: 2px\" alt=\"producto-HM-PM-50 m\u00e1quina para hacer bloques de hielo-Hommy-img\" title=\"\"><a href=\"https:\/\/img80002414.weyesimg.com\/uploads\/www.hommy.com\/addon\/16030773368604.pdf\" title=\"16030773368604.pdf\" style=\"font-size: 12px\">16030773368604.pdf<\/a><\/p>\n<h2 style=\"font-family: sans-serif\">\u00bfPor qu\u00e9 cuestan tanto los fabricadores de hielo?<\/h2>\n<p style=\"margin-top: 5px;margin-bottom: 5px;font-family: sans-serif;font-size: 16px\">Esta es la primera de una serie de entradas de blog sobre las cinco m\u00e1quinas de hacer hielo para bebidas m\u00e1s grandes del mundo, desde la m\u00e1s peque\u00f1a del grupo hasta la de mayor capacidad.Aunque una comprensi\u00f3n b\u00e1sica de las m\u00e1quinas de hacer hielo es imprescindible para cualquiera que beba refrescos, limonada y agua en EE.UU., una m\u00e1quina de hacer hielo es mucho m\u00e1s que fabricar cubitos de hielo.El frigor\u00edfico dom\u00e9stico medio fabrica entre 500 y 600 libras de hielo al d\u00eda. Y aunque el hielo producido por los fabricadores de hielo no tiene por qu\u00e9 ser tan puro, los fabricantes quieren producir hielo sin burbujas de aire ni otras impurezas.<\/p>\n<h2 style=\"font-family: sans-serif\"><\/h2>\n<h2 style=\"font-family: sans-serif\">\u00bfC\u00f3mo se hace un buen bloque de hielo en casa?<\/h2>\n<p style=\"margin-top: 5px;margin-bottom: 5px;font-family: sans-serif;font-size: 16px\">R: Necesitas cuatro ingredientes para bloques de hielo: sal, un bicarbonato de sodio tipo levadura, levadura en polvo y leche en polvo. Se mezcla todo hasta formar una especie de masa suelta y luego se deja congelar. Si quieres, puedes mezclar un poco de cacao en polvo o zumo de lim\u00f3n. Si dejas que la mezcla se enfr\u00ede en el congelador hasta que adquiera la consistencia de una masa de galletas muy h\u00fameda, ser\u00e1 m\u00e1s f\u00e1cil de manipular. Vuelve a meterla en el congelador hasta que est\u00e9 bien congelada. Cuando vayas a preparar los bloques de hielo, utiliza un cuchillo afilado o una cuchara para helados para sacarla del congelador, dale forma de tronco y c\u00f3rtala en trozos manejables.<\/p>\n<p style=\"margin-top: 5px;margin-bottom: 5px;font-family: sans-serif;font-size: 16px\"><\/p>\n<h2 style=\"font-family: sans-serif\">\u00bfFuncionan mejor las bolsas de hielo que el hielo?<\/h2>\n<p style=\"margin-top: 5px;margin-bottom: 5px;font-family: sans-serif;font-size: 16px\">Una b\u00fasqueda r\u00e1pida en Google arroja un centenar de resultados. Parece que mucha gente no est\u00e1 convencida de que las bolsas de hielo funcionen muy bien, pero si sigues buscando alguna prueba, aqu\u00ed tienes una cita de la Biblioteca Nacional de Medicina de EE.UU. que parece corroborar lo que est\u00e1s viendo en tu experiencia.<\/p>\n<\/div><\/div>","protected":false},"excerpt":{"rendered":"<p>ice block making machine ice block making machine|Product Features|Product specification &nbsp; &nbsp;&nbsp; Our machine is a highly automated tool that is widely demanded throughout the globe. In our modernized facility, we manufacture and design these machines in various specifications at most competitive prices. These machines are capable of providing consistent and uniform quality, which is [&hellip;]<\/p>\n","protected":false},"featured_media":546,"comment_status":"open","ping_status":"open","template":"","meta":{"_swt_meta_header_display":false,"_swt_meta_footer_display":false,"_swt_meta_site_title_display":false,"_swt_meta_sticky_header":false,"_swt_meta_transparent_header":false},"product_brand":[],"product_cat":[76],"product_tag":[],"class_list":{"0":"post-549","1":"product","2":"type-product","3":"status-publish","4":"has-post-thumbnail","6":"product_cat-ice-block-machine","8":"first","9":"instock","10":"shipping-taxable","11":"product-type-simple"},"_links":{"self":[{"href":"https:\/\/www.hommy.com\/es\/wp-json\/wp\/v2\/product\/549","targetHints":{"allow":["GET"]}}],"collection":[{"href":"https:\/\/www.hommy.com\/es\/wp-json\/wp\/v2\/product"}],"about":[{"href":"https:\/\/www.hommy.com\/es\/wp-json\/wp\/v2\/types\/product"}],"replies":[{"embeddable":true,"href":"https:\/\/www.hommy.com\/es\/wp-json\/wp\/v2\/comments?post=549"}],"wp:featuredmedia":[{"embeddable":true,"href":"https:\/\/www.hommy.com\/es\/wp-json\/wp\/v2\/media\/546"}],"wp:attachment":[{"href":"https:\/\/www.hommy.com\/es\/wp-json\/wp\/v2\/media?parent=549"}],"wp:term":[{"taxonomy":"product_brand","embeddable":true,"href":"https:\/\/www.hommy.com\/es\/wp-json\/wp\/v2\/product_brand?post=549"},{"taxonomy":"product_cat","embeddable":true,"href":"https:\/\/www.hommy.com\/es\/wp-json\/wp\/v2\/product_cat?post=549"},{"taxonomy":"product_tag","embeddable":true,"href":"https:\/\/www.hommy.com\/es\/wp-json\/wp\/v2\/product_tag?post=549"}],"curies":[{"name":"wp","href":"https:\/\/api.w.org\/{rel}","templated":true}]}}