{"id":545,"date":"2024-07-02T13:45:38","date_gmt":"2024-07-02T13:45:38","guid":{"rendered":"http:\/\/localhost\/hommywp\/zj140-manual-staiinless-steel-sugarcane-juice-machine-manufacturer\/"},"modified":"2025-08-01T09:57:34","modified_gmt":"2025-08-01T09:57:34","slug":"zj140-maquina-de-zumo-de-cana-de-azucar-comercial","status":"publish","type":"product","link":"https:\/\/www.hommy.com\/es\/p\/zj140-maquina-de-zumo-de-cana-de-azucar-comercial\/","title":{"rendered":"Zj140 Manual Staiinless Acero M\u00e1quina de jugo de ca\u00f1a de az\u00facar Fabricante"},"content":{"rendered":"<div>\n<p><span><\/span><\/p>\n<h2 style=\"text-align: center\"><strong><span style=\"font-family: arial, helvetica, sans-serif;font-size: 24px\"><a name=\"Sugar Cane Juice Extractor Machine by hand\"><\/a>M\u00e1quina extractora manual de jugo de ca\u00f1a de az\u00facar<\/span><\/strong><span style=\"font-size: 20px\"> <\/span><\/h2>\n<p style=\"text-align: center\"><span style=\"font-size: 16px\"><span style=\"font-family: arial, helvetica, sans-serif\"><a href=\"#Sugar Cane Juice Extractor Machine by hand\" target=\"_self\" data-lv=\"0\" rel=\"noopener\">M\u00e1quina extractora manual de jugo de ca\u00f1a de az\u00facar<\/a>|<a href=\"#PRODUCT FEATURES\" target=\"_self\" data-lv=\"0\" rel=\"noopener\">CARACTER\u00cdSTICAS DEL PRODUCTO<\/a>|<a href=\"#Sugarcane Juice Machine\" target=\"_self\" data-lv=\"0\" rel=\"noopener\">M\u00e1quina de zumo de ca\u00f1a de az\u00facar<\/a>|<a href=\"#PRODUCT SPECIFICATION\" target=\"_self\" data-lv=\"0\" rel=\"noopener\">ESPECIFICACI\u00d3N DEL PRODUCTO<\/a>|<a href=\"#PRODUCT ADVANTAGE\" target=\"_self\" data-lv=\"0\" rel=\"noopener\">VENTAJA DEL PRODUCTO<\/a><\/span><\/span><\/p>\n<p><strong><span style=\"font-family: arial, helvetica, sans-serif;font-size: 24px\"><br \/><\/span><\/strong><\/p>\n<p><strong><span style=\"font-family: arial, helvetica, sans-serif;font-size: 24px\"><br \/><\/span><\/strong><\/p>\n<p style=\"text-align: center\">&nbsp;<\/p>\n<p><!-- Video start --><video poster=\"https:\/\/img80002414.weyesimg.com\/uploads\/www.hommy.com\/video\/15828715752041.mp4?vframe\/jpg\/offset\/1\" id=\"video\" preload=\"auto\" controls=\"controls\" style=\"width:100%;height:510px\"><\/video><!-- Video end --><\/p>\n<div class=\"text-left d-tem09-title d-interval\" data-detail=\"wrap\">\n<div class=\"title-header\">\n<p>Contamos con el respaldo de un equipo de h\u00e1biles profesionales que conocen bien las tendencias del mercado. Esto nos ha permitido fabricar una amplia gama de <a style=\"color:blue\" href=\"https:\/\/www.hommy.com\/es\/sugarcan-juice-machine\/\">M\u00e1quina de zumo de ca\u00f1a de az\u00facar<\/a> que son apreciados por sus caracter\u00edsticas atractivas y construcci\u00f3n robusta. Adem\u00e1s de esto, estas m\u00e1quinas tambi\u00e9n est\u00e1n disponibles en diferentes tama\u00f1os y especificaciones seg\u00fan la demanda de nuestros clientes estimados. Por otra parte, nuestra gama de m\u00e1quina de jugo de ca\u00f1a de az\u00facar es ampliamente aclamado por su f\u00e1cil instalaci\u00f3n, funcionamiento sin fallos y una vida \u00fatil m\u00e1s larga.<\/p>\n<p><\/p>\n<p>Como disponemos de una gran infraestructura y experiencia, podemos satisfacer r\u00e1pidamente las necesidades de nuestros clientes.<\/p>\n<p><span style=\"font-size: 14px\"><br \/><\/span><span style=\"font-size: 14px\"><br \/><\/span><\/p>\n<h2><strong><span style=\"font-size: 24px;font-family: arial, helvetica, sans-serif\"><a name=\"PRODUCT FEATURES\"><\/a>CARACTER\u00cdSTICAS DEL PRODUCTO<\/span><\/strong><\/h2>\n<div class=\"subtitle\"><span>La planta de Hommy ocupa una superficie de 30.500 metros cuadrados en la ciudad de Xinhui Jiangmen, y consta de l\u00edneas de producci\u00f3n flexibles, laboratorio de I+D, centro de aprendizaje y taller equipado con equipos de vanguardia.<\/span><\/div>\n<\/div>\n<\/div>\n<p>&nbsp;<\/p>\n<div class=\"d-tem11-graphic tem11-graphic mockup\" data-detail=\"wrap\">\n<div class=\"tab_row\">\n<div class=\"img\" style=\"width: 27.6%;height: 238px\"><img decoding=\"async\" src=\"https:\/\/www.hommy.com\/wp-content\/uploads\/15828794687962-3.png\" alt=\"product-Hommy-ZJ140 M\u00e1quina de zumo de ca\u00f1a de az\u00facar commercial-img\" title=\"\"><\/div>\n<div class=\"text_box\" style=\"width: 50%\">\n<div class=\"txt\">\n<p>&nbsp;<\/p>\n<h2><strong><span style=\"font-family: arial, helvetica, sans-serif;font-size: 24px\"><a name=\"Sugarcane Juice Machine\"><\/a>M\u00e1quina de zumo de ca\u00f1a de az\u00facar<\/span><\/strong>&nbsp;&nbsp;<\/h2>\n<p>&nbsp;<\/p>\n<p>Seguro, higi\u00e9nico, <br \/>Revolucionario proceso de extracci\u00f3n de la ca\u00f1a de az\u00facar.<br \/>Exterior de acero inoxidable .<br \/>F\u00e1cil de operar . la rueda f\u00e1cil de mover .<\/p>\n<p style=\"line-height: 1.5em\"><strong><span style=\"font-size: 18px\">Rodillo<\/span><\/strong><\/p>\n<p style=\"line-height: 1.5em\">Parte interior de hierro<br \/>Envoltura exterior de acero inoxidable<br \/>No se puede sacar para limpiarlo solo usar agua enjuagarlo .&nbsp;<\/p>\n<p style=\"line-height: 1.5em\"><strong><span style=\"font-size: 18px\"><br \/><\/span><\/strong><\/p>\n<p style=\"line-height: 1.5em\"><strong><span style=\"font-size: 18px\">Barra de presi\u00f3n<\/span><\/strong><\/p>\n<p style=\"line-height: 1.5em\"><span style=\"font-size: 14px\">Ajuste a mano la distancia entre las barras de presi\u00f3n .<\/span><\/p>\n<p style=\"line-height: 1.5em\"><span style=\"font-size: 14px\">que puede a\u00f1adir la tasa de jugo .<br \/><\/span><\/p>\n<p style=\"line-height: 1.5em\"><\/p>\n<p>&nbsp;<\/p>\n<\/div>\n<\/div>\n<\/div>\n<\/div>\n<p><!-- \u8517\u6c41\u673aadvantages start --><\/p>\n<h2><strong><span style=\"font-size: 24px;font-family: arial, helvetica, sans-serif\"><br \/><\/span><\/strong><\/h2>\n<h2><strong><span style=\"font-size: 24px;font-family: arial, helvetica, sans-serif\"><a name=\"PRODUCT SPECIFICATION\"><\/a>ESPECIFICACI\u00d3N DEL PRODUCTO<\/span><\/strong><\/h2>\n<div class=\"title\"><span style=\"font-size: 14px\">Una excelente experiencia del cliente es el punto de partida de Hommy<\/span><\/div>\n<p><span style=\"font-size: 24px\"><\/span><\/p>\n<table width=\"723\" cellspacing=\"0\" cellpadding=\"0\">\n<colgroup>\n<col width=\"72\" style=\"width: 72px\" span=\"2\" \/>\n<col width=\"80\" style=\"width: 80px\" \/>\n<col width=\"86\" style=\"width: 86px\" \/>\n<col width=\"110\" style=\"width: 110px\" \/>\n<col width=\"87\" style=\"width: 87px\" \/>\n<col width=\"72\" style=\"width: 72px\" span=\"3\" \/><\/colgroup>\n<tbody>\n<tr class=\"firstRow\" style=\"height: 32px\">\n<td width=\"72\" height=\"61\" style=\"background-color: transparent\" rowspan=\"2\"><span style=\"font-family: \u5b8b\u4f53;font-size: 16px\">Modelo&nbsp;<\/span><\/td>\n<td width=\"152\" style=\"background-color: transparent\" rowspan=\"2\" colspan=\"2\"><span style=\"font-family: \u5b8b\u4f53;font-size: 16px\">Fuente de alimentaci\u00f3n<\/span><\/td>\n<td width=\"86\" style=\"background-color: transparent\" rowspan=\"2\"><span style=\"font-family: \u5b8b\u4f53;font-size: 16px\">Tipo<\/span><\/td>\n<td width=\"110\" style=\"background-color: transparent\" rowspan=\"2\"><span style=\"font-family: \u5b8b\u4f53;font-size: 16px\">tama\u00f1o del rodillo \uff08mm)<\/span><\/td>\n<td width=\"87\" style=\"background-color: transparent\" rowspan=\"2\"><span style=\"font-family: \u5b8b\u4f53;font-size: 16px\">N.W.(kg)<\/span><\/td>\n<td width=\"216\" style=\"background-color: transparent\" colspan=\"3\"><span style=\"font-family: \u5b8b\u4f53;font-size: 16px\">Dimensiones netas (mm)<\/span><\/td>\n<\/tr>\n<tr style=\"height: 29px\">\n<td style=\"background-color: transparent\"><span style=\"font-family: \u5b8b\u4f53;font-size: 16px\">anchura<\/span><\/td>\n<td style=\"background-color: transparent\"><span style=\"font-family: \u5b8b\u4f53;font-size: 16px\">profundidad<\/span><\/td>\n<td style=\"background-color: transparent\"><span style=\"font-family: \u5b8b\u4f53;font-size: 16px\">Altura<\/span><\/td>\n<\/tr>\n<tr style=\"height: 36px\">\n<td height=\"36\" style=\"background-color: transparent\"><span style=\"font-family: \u5b8b\u4f53;font-size: 16px\">ZJ130<\/span><\/td>\n<td style=\"background-color: transparent\" colspan=\"2\"><span style=\"font-family: \u5b8b\u4f53;font-size: 16px\">No<\/span><\/td>\n<td style=\"background-color: transparent\"><span style=\"font-family: \u5b8b\u4f53;font-size: 16px\">tabla&nbsp;<\/span><\/td>\n<td style=\"background-color: transparent\"><span style=\"font-family: \u5b8b\u4f53;font-size: 16px\">100 X \u00d873<\/span><\/td>\n<td style=\"background-color: transparent\"><span style=\"font-family: \u5b8b\u4f53;font-size: 16px\">33<\/span><\/td>\n<td style=\"background-color: transparent\"><span style=\"font-family: \u5b8b\u4f53;font-size: 16px\">340<\/span><\/td>\n<td style=\"background-color: transparent\"><span style=\"font-family: \u5b8b\u4f53;font-size: 16px\">380<\/span><\/td>\n<td style=\"background-color: transparent\"><span style=\"font-family: \u5b8b\u4f53;font-size: 16px\">380<\/span><\/td>\n<\/tr>\n<tr style=\"height: 57px\">\n<td height=\"57\" style=\"background-color: transparent\"><span style=\"font-family: \u5b8b\u4f53;font-size: 16px\">ZJ140<\/span><\/td>\n<td width=\"152\" style=\"background-color: transparent\" colspan=\"2\"><span style=\"font-family: \u5b8b\u4f53;font-size: 16px\">220V,50HZ\/60HZ,1ph (0,75W)<\/span><\/td>\n<td style=\"background-color: transparent\"><span style=\"font-family: \u5b8b\u4f53;font-size: 16px\">Vertical<\/span><\/td>\n<td style=\"background-color: transparent\"><span style=\"font-family: \u5b8b\u4f53;font-size: 16px\">100 X \u00d873<\/span><\/td>\n<td style=\"background-color: transparent\"><span style=\"font-family: \u5b8b\u4f53;font-size: 16px\">50<\/span><\/td>\n<td style=\"background-color: transparent\"><span style=\"font-family: \u5b8b\u4f53;font-size: 16px\">350<\/span><\/td>\n<td style=\"background-color: transparent\"><span style=\"font-family: \u5b8b\u4f53;font-size: 16px\">430<\/span><\/td>\n<td style=\"background-color: transparent\"><span style=\"font-family: \u5b8b\u4f53;font-size: 16px\">920<\/span><\/td>\n<\/tr>\n<\/tbody>\n<\/table>\n<p><span style=\"font-size: 24px\"><\/span><\/p>\n<p><span style=\"font-size: 24px\"><br \/><\/span><\/p>\n<h2><strong><span style=\"font-size: 24px;font-family: arial, helvetica, sans-serif\"><a name=\"PRODUCT ADVANTAGE\"><\/a>VENTAJA DEL PRODUCTO<\/span><\/strong><\/h2>\n<div class=\"text-left d-tem09-title d-interval\" data-detail=\"wrap\">\n<div class=\"title-header\">\n<div class=\"subtitle\"><span>Adem\u00e1s, los ingenieros m\u00e1s cualificados, los tecn\u00f3logos m\u00e1s h\u00e1biles y el personal con m\u00e1s conocimientos contribuyen en gran medida al desarrollo de la empresa.<\/span><\/div>\n<p><span><\/span><\/div>\n<\/div>\n<div class=\"d-tem01-graphic tem01-graphic mockup\" data-detail=\"wrap\">\n<div class=\"cont-section clearfix d-clearfix\">\n<div class=\"col-md-6 col-sm-6 col-xs-6\">\n<div class=\"right-p\">\n<div class=\"h2 heading\"><strong>Rodillo &nbsp;<\/strong><\/div>\n<p><strong>&nbsp;<\/strong><\/p>\n<div class=\"description\">\n<p style=\"text-align: center\"><strong><img loading=\"lazy\" decoding=\"async\" width=\"261\" height=\"239\" title=\"\" style=\"width: 247px\" alt=\"product-Hommy-m\u00e1quina de zumo de ca\u00f1a-img\" src=\"https:\/\/www.hommy.com\/wp-content\/uploads\/15828745399521-7.png\"><\/strong><\/p>\n<\/div>\n<\/div>\n<p><strong>&nbsp; &nbsp; &nbsp; &nbsp; &nbsp; &nbsp;<\/strong><\/div>\n<div class=\"col-md-6 col-sm-6 col-xs-6\">\n<div class=\"right-p\">\n<div class=\"h2 heading\"><strong>&nbsp;Ajustar Presi\u00f3n Bar&nbsp;<\/strong><\/div>\n<\/div>\n<div class=\"graphic_pic animated wow bounceIn\" data-wow-delay=\".7s\">\n<p style=\"text-align: center\"><strong><img loading=\"lazy\" decoding=\"async\" width=\"471\" height=\"233\" title=\"\" style=\"width: 311px\" alt=\"producto-m\u00e1quina de zumo de ca\u00f1a de az\u00facar-Hommy-img\" src=\"https:\/\/www.hommy.com\/wp-content\/uploads\/15828747489869-7.png\"><\/strong><\/p>\n<\/div>\n<\/div>\n<\/div>\n<\/div>\n<p>&nbsp;<\/p>\n<p><span style=\"text-align: center\"><\/span><\/p>\n<div class=\"d-tem01-graphic tem01-graphic mockup\" data-detail=\"wrap\">\n<div class=\"cont-section clearfix d-clearfix\">\n<div class=\"col-md-6 col-sm-6 col-xs-6\">\n<div class=\"right-p\">\n<div class=\"h2 heading\">\n<p style=\"margin: 0pt\"><strong><span style=\"font-family: \u5b8b\u4f53;font-size: 24px\">Mango<\/span><\/strong><\/p>\n<\/div>\n<p style=\"padding: 0px;text-indent: 0px;vertical-align: baseline\"><span style=\"font-family: \u5b8b\u4f53;font-size: 16px\"><br \/><\/span><\/p>\n<\/div>\n<div class=\"graphic_pic animated wow bounceIn\" data-wow-delay=\".7s\">\n<p style=\"text-align: center\"><img loading=\"lazy\" decoding=\"async\" width=\"345\" height=\"219\" title=\"\" style=\"width: 267px\" alt=\"producto-ZJ140 M\u00e1quina de zumo de ca\u00f1a de az\u00facar comercial-Hommy-img\" src=\"https:\/\/www.hommy.com\/wp-content\/uploads\/15828749106493-7.png\"><\/p>\n<\/div>\n<\/div>\n<div class=\"col-md-6 col-sm-6 col-xs-6\">\n<div class=\"right-p\">\n<div class=\"h2 heading\">Salida &nbsp;<\/div>\n<p style=\"padding: 0px;text-align: left;line-height: 17px;vertical-align: baseline\"><span style=\"letter-spacing: 0px;font-family: \u5b8b\u4f53;font-size: 16px;font-style: normal;font-weight: normal\"><br \/><\/span><\/p>\n<\/div>\n<div class=\"graphic_pic animated wow bounceIn\" data-wow-delay=\".7s\">\n<p style=\"text-align: center\"><img loading=\"lazy\" decoding=\"async\" width=\"342\" height=\"240\" title=\"\" style=\"width: 282px\" alt=\"producto-Hommy-img\" src=\"https:\/\/www.hommy.com\/wp-content\/uploads\/15828750346126-1.png\"><\/p>\n<\/div>\n<\/div>\n<\/div>\n<\/div>\n<p><span style=\"text-align: center\"><\/span><\/p>\n<div class=\"d-tem01-graphic tem01-graphic mockup\" data-detail=\"wrap\">\n<div class=\"cont-section clearfix d-clearfix\">\n<div class=\"col-md-6 col-sm-6 col-xs-6\">\n<div class=\"right-p\">\n<div class=\"h2 heading\">Sacar zumo del grifo&nbsp;&nbsp;<\/div>\n<div class=\"description\"><span style=\"font-family: \u5b8b\u4f53;font-size: 14px\">A\u00f1adir filtro <\/span><\/div>\n<\/div>\n<div class=\"graphic_pic animated wow bounceIn\" data-wow-delay=\".7s\">\n<p style=\"text-align: center\"><img loading=\"lazy\" decoding=\"async\" width=\"201\" height=\"322\" title=\"\" style=\"width: 475px\" alt=\"producto-Hommy-img\" src=\"https:\/\/www.hommy.com\/wp-content\/uploads\/15828751527020-1.png\"><\/p>\n<\/div>\n<\/div>\n<div class=\"col-md-6 col-sm-6 col-xs-6\">\n<div class=\"right-p\">\n<div class=\"h2 heading\">\n<p style=\"margin: 0pt\">Entrada de alimentaci\u00f3n&nbsp;<\/p>\n<\/div>\n<div class=\"description\">Mayor tama\u00f1o f\u00e1cil para la segunda vez prush<\/p>\n<p style=\"text-align: center\"><img decoding=\"async\" src=\"https:\/\/www.hommy.com\/wp-content\/uploads\/15828767927922-1.png\" alt=\"product-Hommy-ZJ140 M\u00e1quina de zumo de ca\u00f1a de az\u00facar commercial-img-1\" title=\"\"><\/p>\n<\/div>\n<\/div>\n<p>&nbsp;&nbsp;&nbsp;&nbsp;&nbsp;&nbsp;&nbsp;&nbsp;&nbsp;&nbsp;&nbsp;&nbsp;<\/p>\n<p style=\"text-align: center\"><\/p>\n<\/div>\n<\/div>\n<\/div>\n<p><!-- \u8517\u6c41\u673aadvantages End --><\/p>\n<p>&nbsp; &nbsp; &nbsp; &nbsp; &nbsp; &nbsp; &nbsp; &nbsp; &nbsp; &nbsp; &nbsp; &nbsp; &nbsp; &nbsp; &nbsp; &nbsp; &nbsp; &nbsp; &nbsp; &nbsp; &nbsp; &nbsp; &nbsp; &nbsp; &nbsp; &nbsp; &nbsp; &nbsp; &nbsp; &nbsp; &nbsp; &nbsp; &nbsp; &nbsp; &nbsp; &nbsp; &nbsp; &nbsp;<\/p>\n<p>Documento:<img decoding=\"async\" src=\"https:\/\/www.hommy.com\/wp-content\/uploads\/icon_pdf-23.gif\" style=\"margin-right: 2px\" alt=\"producto-M\u00e1quina de zumo de ca\u00f1a de az\u00facar-img-1\" title=\"\"><a href=\"https:\/\/img80002414.weyesimg.com\/uploads\/www.hommy.com\/addon\/16028306334669.pdf\" title=\"16028306334669.pdf\" style=\"font-size: 12px\">16028306334669.pdf<\/a><\/p>\n<h2>\u00bfCu\u00e1nto tiempo se puede conservar el zumo de ca\u00f1a de az\u00facar en el frigor\u00edfico?<\/h2>\n<p style=\"margin-top: 5px;margin-bottom: 5px\"><\/p>\n<p style=\"margin-top: 5px;margin-bottom: 5px\">Voy a preparar un zumo de ca\u00f1a de az\u00facar para la fiesta de cumplea\u00f1os de mi padre. Tengo 2,5 litros de zumo de ca\u00f1a de az\u00facar. Quiero saber cu\u00e1nto tiempo puedo guardarlo en la nevera antes de servirlo.<\/p>\n<p style=\"margin-top: 5px;margin-bottom: 5px\"><\/p>\n<p style=\"margin-top: 5px;margin-bottom: 5px\">A:<\/p>\n<p style=\"margin-top: 5px;margin-bottom: 5px\"><\/p>\n<p style=\"margin-top: 5px;margin-bottom: 5px\">Si se elabora a partir de ca\u00f1a de az\u00facar fresca, su uso es bastante seguro siempre que se conserve en el frigor\u00edfico.<\/p>\n<p style=\"margin-top: 5px;margin-bottom: 5px\">No es necesario hacer un zumo de ca\u00f1a de az\u00facar si ya se ha procesado.<\/p>\n<p style=\"margin-top: 5px;margin-bottom: 5px\"><\/p>\n<h2>\u00bfC\u00f3mo funciona la m\u00e1quina de zumo de ca\u00f1a de az\u00facar?<\/h2>\n<p style=\"margin-top: 5px;margin-bottom: 5px\"><\/p>\n<p style=\"margin-top: 5px;margin-bottom: 5px\">Si est\u00e1 buscando una m\u00e1quina de zumo de ca\u00f1a de az\u00facar para hacer su propio zumo de ca\u00f1a de az\u00facar, \u00e9ste es el lugar adecuado.<\/p>\n<p style=\"margin-top: 5px;margin-bottom: 5px\"><\/p>\n<h2>\u00bfCu\u00e1ntas plantas de ca\u00f1a de az\u00facar se necesitan para 1 acre?<\/h2>\n<p style=\"margin-top: 5px;margin-bottom: 5px\"><\/p>\n<p style=\"margin-top: 5px;margin-bottom: 5px\">A:<\/p>\n<p style=\"margin-top: 5px;margin-bottom: 5px\"><\/p>\n<p style=\"margin-top: 5px;margin-bottom: 5px\">En realidad, esto depende de muchas cosas, como el tipo de ca\u00f1a de az\u00facar y c\u00f3mo se cultiva.<\/p>\n<p style=\"margin-top: 5px;margin-bottom: 5px\">Normalmente, para producir una tonelada de az\u00facar se necesitan entre 1,5 y 2 toneladas de ca\u00f1a de az\u00facar. Se puede reducir la cantidad de ca\u00f1a necesaria para 1 tonelada de az\u00facar reduciendo la cantidad de agua utilizada para cultivar la ca\u00f1a y cultivando ca\u00f1a que sea m\u00e1s productiva en el sentido de convertir m\u00e1s az\u00facar en ca\u00f1a.<\/p>\n<\/div><\/div>","protected":false},"excerpt":{"rendered":"<p>Sugar Cane Juice Extractor Machine by hand Sugar Cane Juice Extractor Machine by hand|PRODUCT FEATURES|Sugarcane Juice Machine|PRODUCT SPECIFICATION|PRODUCT ADVANTAGE &nbsp; We are backed by a team of deft professionals who are well-versed with the market trends. This has enabled us to manufacture a wide range of Sugarcane Juice Machine that are appreciated for their attractive [&hellip;]<\/p>\n","protected":false},"featured_media":537,"comment_status":"open","ping_status":"open","template":"","meta":{"_swt_meta_header_display":false,"_swt_meta_footer_display":false,"_swt_meta_site_title_display":false,"_swt_meta_sticky_header":false,"_swt_meta_transparent_header":false},"product_brand":[],"product_cat":[75],"product_tag":[],"class_list":{"0":"post-545","1":"product","2":"type-product","3":"status-publish","4":"has-post-thumbnail","6":"product_cat-sugarcane-juice-machine","8":"first","9":"instock","10":"shipping-taxable","11":"product-type-simple"},"_links":{"self":[{"href":"https:\/\/www.hommy.com\/es\/wp-json\/wp\/v2\/product\/545","targetHints":{"allow":["GET"]}}],"collection":[{"href":"https:\/\/www.hommy.com\/es\/wp-json\/wp\/v2\/product"}],"about":[{"href":"https:\/\/www.hommy.com\/es\/wp-json\/wp\/v2\/types\/product"}],"replies":[{"embeddable":true,"href":"https:\/\/www.hommy.com\/es\/wp-json\/wp\/v2\/comments?post=545"}],"wp:featuredmedia":[{"embeddable":true,"href":"https:\/\/www.hommy.com\/es\/wp-json\/wp\/v2\/media\/537"}],"wp:attachment":[{"href":"https:\/\/www.hommy.com\/es\/wp-json\/wp\/v2\/media?parent=545"}],"wp:term":[{"taxonomy":"product_brand","embeddable":true,"href":"https:\/\/www.hommy.com\/es\/wp-json\/wp\/v2\/product_brand?post=545"},{"taxonomy":"product_cat","embeddable":true,"href":"https:\/\/www.hommy.com\/es\/wp-json\/wp\/v2\/product_cat?post=545"},{"taxonomy":"product_tag","embeddable":true,"href":"https:\/\/www.hommy.com\/es\/wp-json\/wp\/v2\/product_tag?post=545"}],"curies":[{"name":"wp","href":"https:\/\/api.w.org\/{rel}","templated":true}]}}