{"id":536,"date":"2024-07-02T13:45:33","date_gmt":"2024-07-02T13:45:33","guid":{"rendered":"http:\/\/localhost\/hommywp\/zj130-hand-operated-sugarcane-juice-machine-at-best-factory-prices\/"},"modified":"2025-08-01T09:57:34","modified_gmt":"2025-08-01T09:57:34","slug":"zj120-maquina-de-zumo-de-cana-de-azucar-a-mano","status":"publish","type":"product","link":"https:\/\/www.hommy.com\/es\/p\/zj120-maquina-de-zumo-de-cana-de-azucar-a-mano\/","title":{"rendered":"Zj130 mano operado m\u00e1quina de jugo de ca\u00f1a de az\u00facar en los mejores precios de f\u00e1brica"},"content":{"rendered":"<div>\n<p><span><\/span><\/p>\n<h2 style=\"text-align: center\"><strong><span style=\"font-family: arial, helvetica, sans-serif;font-size: 24px\"><a name=\"Sugar Cane Juice Extractor Machine by hand\"><\/a>Extractor manual de jugo de ca\u00f1a de az\u00facar<\/span><\/strong><\/h2>\n<p style=\"text-align: center\"><span style=\"font-size: 16px;font-family: arial, helvetica, sans-serif\"><\/span><a href=\"#Sugar Cane Juice Extractor Machine by hand\" target=\"_self\" data-lv=\"0\" rel=\"noopener\"><span style=\"font-family: arial, helvetica, sans-serif\">M\u00e1quina extractora manual de jugo de ca\u00f1a de az\u00facar<\/span><\/a><span style=\"font-family: arial, helvetica, sans-serif\">|<a href=\"#PRODUCT FEATURES\" target=\"_self\" data-lv=\"0\" rel=\"noopener\">CARACTER\u00cdSTICAS DEL PRODUCTO<\/a>|<a href=\"#Sugarcane Juice Machine by hand\" target=\"_self\" data-lv=\"0\" rel=\"noopener\">M\u00e1quina de zumo de ca\u00f1a de az\u00facar a mano<\/a>|<a href=\"#PRODUCT SPECIFICATION\" target=\"_self\" data-lv=\"0\" rel=\"noopener\">ESPECIFICACI\u00d3N DEL PRODUCTO<\/a>|<a href=\"#PRODUCT ADVANTAGE\" target=\"_self\" data-lv=\"0\" rel=\"noopener\">VENTAJA DEL PRODUCTO<\/a><span style=\"font-size: 16px\"><\/span><\/span><\/p>\n<p><strong><span style=\"font-family: arial, helvetica, sans-serif;font-size: 24px\"><br \/><\/span><\/strong><\/p>\n<p style=\"text-align: center\">&nbsp;<\/p>\n<p><!-- Video start --><video poster=\"https:\/\/img80002414.weyesimg.com\/uploads\/www.hommy.com\/video\/15828715752041.mp4?vframe\/jpg\/offset\/1\" id=\"video\" preload=\"auto\" controls=\"controls\" style=\"width:100%;height:510px\"><\/video><!-- Video end --><\/p>\n<p><span style=\"font-size: 14px\"><br \/><\/span><\/p>\n<p>&nbsp;<\/p>\n<div class=\"d-tem11-graphic tem11-graphic mockup\" data-detail=\"wrap\">\n<div class=\"tab_row\">\n<div class=\"img\" style=\"width: 49.1%;height: 306px\">\n<p style=\"text-align: center\"><img decoding=\"async\" height=\"353\" style=\"width: 69.61%\" src=\"https:\/\/www.hommy.com\/wp-content\/uploads\/15828803795049-3.jpg\" alt=\"producto-ZJ130 M\u00e1quina de zumo de ca\u00f1a de az\u00facar a mano-Hommy-img\" title=\"\"><\/p>\n<\/div>\n<div class=\"text_box\" style=\"width: 50%\">\n<div class=\"txt\">\n<h2><strong><span style=\"font-family: arial, helvetica, sans-serif;font-size: 24px\"><a name=\"Sugarcane Juice Machine by hand \"><\/a>M\u00e1quina exprimidora de ca\u00f1a de az\u00facar manual&nbsp;<\/span><\/strong><\/h2>\n<p>&nbsp;<\/p>\n<p style=\"line-height: 1.5em\">Seguro, higi\u00e9nico, <br \/>Revolucionario proceso de extracci\u00f3n de la ca\u00f1a de az\u00facar.<br \/>Exterior de acero inoxidable .<br \/>F\u00e1cil de manejar .<\/p>\n<p style=\"line-height: 1.5em\"><strong><span style=\"font-size: 18px\">Rodillo<\/span><\/strong><\/p>\n<p style=\"line-height: 1.5em\">Parte interior de hierro<br \/>Envoltura exterior de acero inoxidable<br \/>No se puede sacar para limpiarlo solo usar agua enjuagarlo .&nbsp;<\/p>\n<p style=\"line-height: 1.5em\"><strong><span style=\"font-size: 18px\"><br \/><\/span><\/strong><\/p>\n<p style=\"line-height: 1.5em\"><strong><span style=\"font-size: 18px\">Barra de presi\u00f3n<\/span><\/strong><\/p>\n<p style=\"line-height: 1.5em\"><span style=\"font-size: 14px\">Ajuste a mano la distancia entre las barras de presi\u00f3n .<\/span><\/p>\n<p style=\"line-height: 1.5em\"><span style=\"font-size: 14px\">que puede a\u00f1adir la tasa de jugo .<br \/><\/span><\/p>\n<p style=\"line-height: 1.5em\"><\/p>\n<p>&nbsp;<\/p>\n<\/div>\n<\/div>\n<\/div>\n<\/div>\n<p><!-- \u8517\u6c41\u673aadvantages start --><\/p>\n<p><span style=\"font-size: 24px\"><\/span><\/p>\n<h2 style=\", Helvetica, Arial, sans-serif\"><strong><span style=\"font-size: 24px;font-family: arial, helvetica, sans-serif\"><a name=\"PRODUCT FEATURES\"><\/a>CARACTER\u00cdSTICAS DEL PRODUCTO<\/span><\/strong><\/h2>\n<div class=\"subtitle\" style=\"font-size: 13px;line-height: 30px\"><span><\/span><\/p>\n<p style=\"margin: 0px;padding: 0px;font-size: 12px;line-height: 30px\"><span style=\"color:#3f3f3f\">El accionamiento manual <a style=\"color:blue\" href=\"https:\/\/www.hommy.com\/es\/sugarcan-juice-machine\/\">m\u00e1quina de zumo de ca\u00f1a de az\u00facar<\/a> es f\u00e1cil de manejar y limpiar, y puede exprimir ca\u00f1a de az\u00facar fresca en s\u00f3lo unos minutos. Pida hoy mismo su mejor m\u00e1quina.<\/span><\/p>\n<p style=\"margin: 0px;padding: 0px;font-size: 12px;line-height: 30px\"><span style=\"color:#3f3f3f\"><br \/><\/span><\/p>\n<h3 style=\"margin: 0px;padding: 0px;font-size: 12px;line-height: 30px\"><span style=\"color:#3f3f3f\">F\u00c1CIL DE MANEJAR<\/span><\/h3>\n<h3 style=\"margin: 0px;padding: 0px;font-size: 12px;line-height: 30px\"><span style=\"color:#3f3f3f\">Este exprimidor manual de ca\u00f1a de az\u00facar es f\u00e1cil de manejar. S\u00f3lo tiene que introducir la ca\u00f1a de az\u00facar en el exprimidor y empezar a girar la manivela. La trefiladora en espiral incorporada extrae el zumo de la ca\u00f1a de az\u00facar. Las exprimidoras manuales de ca\u00f1a de az\u00facar tambi\u00e9n est\u00e1n dise\u00f1adas para su uso en entornos industriales. Son duraderas y f\u00e1ciles de manejar, lo que las hace ideales para su uso en operaciones de procesamiento de zumo de ca\u00f1a de az\u00facar a gran escala.<\/span><\/h3>\n<p><span style=\"color:#3f3f3f\"><br \/><\/span><span style=\"color:#3f3f3f\"><br \/><\/span><\/p>\n<h3 style=\"margin: 0px;padding: 0px;font-size: 12px;line-height: 30px\"><span style=\"color:#3f3f3f\">LA ENTRADA ES GRANDE Y C\u00d3MODA DE USAR<\/span><\/h3>\n<h3 style=\"margin: 0px;padding: 0px;font-size: 12px;line-height: 30px\"><span style=\"color:#3f3f3f\">El exprimidor de ca\u00f1a de az\u00facar dispone de una gran entrada. Puede introducir f\u00e1cilmente la ca\u00f1a de az\u00facar en la m\u00e1quina.&nbsp;<\/span><\/h3>\n<p><span style=\"color:#3f3f3f\"><br \/><\/span><span style=\"color:#3f3f3f\"><br \/><\/span><\/p>\n<h3 style=\"margin: 0px;padding: 0px;font-size: 12px;line-height: 30px\"><span style=\"color:#3f3f3f\">RESISTENTE Y DURADERO<\/span><\/h3>\n<h3 style=\"margin: 0px;padding: 0px;font-size: 12px;line-height: 30px\"><span style=\"color:#3f3f3f\">La m\u00e1quina de zumo de ca\u00f1a de az\u00facar est\u00e1 fabricada en acero inoxidable. Es resistente a la corrosi\u00f3n y al desgaste, por lo que garantiza una larga vida \u00fatil.<\/span><\/h3>\n<p><span style=\"color:#3f3f3f\"><br \/><\/span><span style=\"color:#3f3f3f\"><br \/><\/span><\/p>\n<h3 style=\"margin: 0px;padding: 0px;font-size: 12px;line-height: 30px\"><span style=\"color:#3f3f3f\">F\u00c1CIL DE LIMPIAR<\/span><\/h3>\n<h3 style=\"margin: 0px;padding: 0px;font-size: 12px;line-height: 30px\"><span style=\"color:#3f3f3f\">Las piezas del exprimidor de ca\u00f1a de az\u00facar son desmontables. Puede limpiarlas f\u00e1cilmente con agua.<\/span><\/h3>\n<p><span style=\"color:#3f3f3f\"><br \/><\/span><span style=\"color:#3f3f3f\"><br \/><\/span><\/p>\n<h3 style=\"margin: 0px;padding: 0px;font-size: 12px;line-height: 30px\"><span style=\"color:#3f3f3f\">ADECUADO PARA DIVERSOS ESCENARIOS<\/span><\/h3>\n<h3 style=\"margin: 0px;padding: 0px;font-size: 12px;line-height: 30px\"><span style=\"color:#3f3f3f\">Esta m\u00e1quina manual de zumo de ca\u00f1a de az\u00facar es adecuada para su uso en fruter\u00edas, almacenes frigor\u00edficos, herborister\u00edas, restaurantes, hoteles, terminales, bares, salas de juego, escuelas, cines, cafeter\u00edas, parques, mercados, zonas residenciales y otros lugares. Es bastante vers\u00e1til y puede utilizarse para hacer zumo de ca\u00f1a de az\u00facar reci\u00e9n exprimido que puede venderse in situ.<\/span><\/h3>\n<p><span style=\"font-size: 24px\"><br \/><\/span><\/div>\n<h2><strong><span style=\"font-size: 24px;font-family: arial, helvetica, sans-serif\"><a name=\"PRODUCT SPECIFICATION\"><\/a>ESPECIFICACI\u00d3N DEL PRODUCTO<\/span><\/strong><\/h2>\n<div class=\"title\"><span style=\"font-size: 14px\">Una excelente experiencia del cliente es el punto de partida de Hommy<\/span><\/div>\n<p><span style=\"font-size: 24px\"><\/span><\/p>\n<table width=\"723\" cellspacing=\"0\" cellpadding=\"0\">\n<colgroup>\n<col width=\"72\" style=\"width: 72px\" span=\"2\" \/>\n<col width=\"80\" style=\"width: 80px\" \/>\n<col width=\"86\" style=\"width: 86px\" \/>\n<col width=\"110\" style=\"width: 110px\" \/>\n<col width=\"87\" style=\"width: 87px\" \/>\n<col width=\"72\" style=\"width: 72px\" span=\"3\" \/><\/colgroup>\n<tbody>\n<tr class=\"firstRow\" style=\"height: 32px\">\n<td width=\"72\" height=\"61\" style=\"background-color: transparent\" rowspan=\"2\"><span style=\"font-family: \u5b8b\u4f53;font-size: 16px\">Modelo&nbsp;<\/span><\/td>\n<td width=\"152\" style=\"background-color: transparent\" rowspan=\"2\" colspan=\"2\"><span style=\"font-family: \u5b8b\u4f53;font-size: 16px\">Fuente de alimentaci\u00f3n<\/span><\/td>\n<td width=\"86\" style=\"background-color: transparent\" rowspan=\"2\"><span style=\"font-family: \u5b8b\u4f53;font-size: 16px\">Tipo<\/span><\/td>\n<td width=\"110\" style=\"background-color: transparent\" rowspan=\"2\"><span style=\"font-family: \u5b8b\u4f53;font-size: 16px\">tama\u00f1o del rodillo \uff08mm)<\/span><\/td>\n<td width=\"87\" style=\"background-color: transparent\" rowspan=\"2\"><span style=\"font-family: \u5b8b\u4f53;font-size: 16px\">N.W.(kg)<\/span><\/td>\n<td width=\"216\" style=\"background-color: transparent\" colspan=\"3\"><span style=\"font-family: \u5b8b\u4f53;font-size: 16px\">Dimensiones netas (mm)<\/span><\/td>\n<\/tr>\n<tr style=\"height: 29px\">\n<td style=\"background-color: transparent\"><span style=\"font-family: \u5b8b\u4f53;font-size: 16px\">anchura<\/span><\/td>\n<td style=\"background-color: transparent\"><span style=\"font-family: \u5b8b\u4f53;font-size: 16px\">profundidad<\/span><\/td>\n<td style=\"background-color: transparent\"><span style=\"font-family: \u5b8b\u4f53;font-size: 16px\">Altura<\/span><\/td>\n<\/tr>\n<tr style=\"height: 36px\">\n<td height=\"36\" style=\"background-color: transparent\"><span style=\"font-family: \u5b8b\u4f53;font-size: 16px\">ZJ130<\/span><\/td>\n<td style=\"background-color: transparent\" colspan=\"2\"><span style=\"font-family: \u5b8b\u4f53;font-size: 16px\">No<\/span><\/td>\n<td style=\"background-color: transparent\"><span style=\"font-family: \u5b8b\u4f53;font-size: 16px\">tabla&nbsp;<\/span><\/td>\n<td style=\"background-color: transparent\"><span style=\"font-family: \u5b8b\u4f53;font-size: 16px\">100 X \u00d873<\/span><\/td>\n<td style=\"background-color: transparent\"><span style=\"font-family: \u5b8b\u4f53;font-size: 16px\">33<\/span><\/td>\n<td style=\"background-color: transparent\"><span style=\"font-family: \u5b8b\u4f53;font-size: 16px\">340<\/span><\/td>\n<td style=\"background-color: transparent\"><span style=\"font-family: \u5b8b\u4f53;font-size: 16px\">380<\/span><\/td>\n<td style=\"background-color: transparent\"><span style=\"font-family: \u5b8b\u4f53;font-size: 16px\">380<\/span><\/td>\n<\/tr>\n<tr style=\"height: 57px\">\n<td height=\"57\" style=\"background-color: transparent\"><span style=\"font-family: \u5b8b\u4f53;font-size: 16px\">ZJ140<\/span><\/td>\n<td width=\"152\" style=\"background-color: transparent\" colspan=\"2\"><span style=\"font-family: \u5b8b\u4f53;font-size: 16px\">220V,50HZ\/60HZ,1ph (0,75W)<\/span><\/td>\n<td style=\"background-color: transparent\"><span style=\"font-family: \u5b8b\u4f53;font-size: 16px\">Vertical<\/span><\/td>\n<td style=\"background-color: transparent\"><span style=\"font-family: \u5b8b\u4f53;font-size: 16px\">100 X \u00d873<\/span><\/td>\n<td style=\"background-color: transparent\"><span style=\"font-family: \u5b8b\u4f53;font-size: 16px\">50<\/span><\/td>\n<td style=\"background-color: transparent\"><span style=\"font-family: \u5b8b\u4f53;font-size: 16px\">350<\/span><\/td>\n<td style=\"background-color: transparent\"><span style=\"font-family: \u5b8b\u4f53;font-size: 16px\">430<\/span><\/td>\n<td style=\"background-color: transparent\"><span style=\"font-family: \u5b8b\u4f53;font-size: 16px\">920<\/span><\/td>\n<\/tr>\n<\/tbody>\n<\/table>\n<p><span style=\"font-size: 24px\"><\/span><\/p>\n<p><span style=\"font-size: 24px\"><br \/><\/span><\/p>\n<h2><strong><span style=\"font-size: 24px;font-family: arial, helvetica, sans-serif\"><a name=\"PRODUCT ADVANTAGE\"><\/a>VENTAJA DEL PRODUCTO<\/span><\/strong><\/h2>\n<div class=\"text-left d-tem09-title d-interval\" data-detail=\"wrap\">\n<div class=\"title-header\">\n<div class=\"subtitle\"><span>Adem\u00e1s, los ingenieros m\u00e1s cualificados, los tecn\u00f3logos m\u00e1s h\u00e1biles y el personal con m\u00e1s conocimientos contribuyen en gran medida al desarrollo de la empresa.<\/span><\/div>\n<p><span><\/span><\/div>\n<\/div>\n<div class=\"d-tem01-graphic tem01-graphic mockup\" data-detail=\"wrap\">\n<div class=\"cont-section clearfix d-clearfix\">\n<div class=\"col-md-6 col-sm-6 col-xs-6\">\n<div class=\"right-p\">\n<div class=\"h2 heading\"><strong>Rodillo &nbsp;<\/strong><\/div>\n<p><strong>&nbsp;<\/strong><\/p>\n<div class=\"description\">\n<p style=\"text-align: center\"><strong><img loading=\"lazy\" decoding=\"async\" width=\"261\" height=\"239\" title=\"\" style=\"width: 247px\" alt=\"producto-Hommy-img\" src=\"https:\/\/www.hommy.com\/wp-content\/uploads\/15828745399521-6.png\"><\/strong><\/p>\n<\/div>\n<\/div>\n<p><strong>&nbsp; &nbsp; &nbsp; &nbsp; &nbsp; &nbsp;<\/strong><\/div>\n<div class=\"col-md-6 col-sm-6 col-xs-6\">\n<div class=\"right-p\">\n<div class=\"h2 heading\"><strong>&nbsp;Ajustar Presi\u00f3n Bar&nbsp;<\/strong><\/div>\n<\/div>\n<div class=\"graphic_pic animated wow bounceIn\" data-wow-delay=\".7s\">\n<p style=\"text-align: center\"><strong><img loading=\"lazy\" decoding=\"async\" width=\"471\" height=\"233\" title=\"\" style=\"width: 311px\" alt=\"producto-Hommy-img\" src=\"https:\/\/www.hommy.com\/wp-content\/uploads\/15828747489869-6.png\"><\/strong><\/p>\n<\/div>\n<\/div>\n<\/div>\n<\/div>\n<p>&nbsp;<\/p>\n<p><span style=\"text-align: center\"><\/span><\/p>\n<div class=\"d-tem01-graphic tem01-graphic mockup\" data-detail=\"wrap\">\n<div class=\"cont-section clearfix d-clearfix\">\n<div class=\"col-md-6 col-sm-6 col-xs-6\">\n<div class=\"right-p\">\n<div class=\"h2 heading\">\n<p style=\"margin: 0pt\"><strong><span style=\"font-family: \u5b8b\u4f53;font-size: 24px\">Mango<\/span><\/strong><\/p>\n<\/div>\n<p style=\"padding: 0px;text-indent: 0px;vertical-align: baseline\"><span style=\"font-family: \u5b8b\u4f53;font-size: 16px\"><br \/><\/span><\/p>\n<\/div>\n<div class=\"graphic_pic animated wow bounceIn\" data-wow-delay=\".7s\">\n<p style=\"text-align: center\"><img loading=\"lazy\" decoding=\"async\" width=\"345\" height=\"219\" title=\"\" style=\"width: 267px\" alt=\"producto-m\u00e1quina de zumo de ca\u00f1a de az\u00facar no el\u00e9ctrica -Hommy-img\" src=\"https:\/\/www.hommy.com\/wp-content\/uploads\/15828749106493-6.png\"><\/p>\n<\/div>\n<\/div>\n<div class=\"col-md-6 col-sm-6 col-xs-6\">\n<div class=\"right-p\">\n<div class=\"h2 heading\">Salida &nbsp;<\/div>\n<p style=\"padding: 0px;text-align: left;line-height: 17px;vertical-align: baseline\"><span style=\"letter-spacing: 0px;font-family: \u5b8b\u4f53;font-size: 16px;font-style: normal;font-weight: normal\"><br \/><\/span><\/p>\n<\/div>\n<div class=\"graphic_pic animated wow bounceIn\" data-wow-delay=\".7s\">\n<p style=\"text-align: center\"><img loading=\"lazy\" decoding=\"async\" width=\"342\" height=\"240\" title=\"\" style=\"width: 282px\" alt=\"producto-Hommy-ZJ130 M\u00e1quina de zumo de ca\u00f1a de az\u00facar a mano-img\" src=\"https:\/\/www.hommy.com\/wp-content\/uploads\/15828750346126.png\"><\/p>\n<\/div>\n<\/div>\n<\/div>\n<\/div>\n<p><span style=\"text-align: center\"><\/span><\/p>\n<div class=\"d-tem01-graphic tem01-graphic mockup\" data-detail=\"wrap\">\n<div class=\"cont-section clearfix d-clearfix\">\n<div class=\"col-md-6 col-sm-6 col-xs-6\">\n<div class=\"right-p\">\n<div class=\"h2 heading\">Sacar zumo del grifo&nbsp;&nbsp;<\/div>\n<div class=\"description\"><span style=\"font-family: \u5b8b\u4f53;font-size: 14px\">A\u00f1adir filtro <\/span><\/div>\n<\/div>\n<div class=\"graphic_pic animated wow bounceIn\" data-wow-delay=\".7s\">\n<p style=\"text-align: center\"><img loading=\"lazy\" decoding=\"async\" width=\"201\" height=\"322\" title=\"\" style=\"width: 475px\" alt=\"producto-Hommy-m\u00e1quina de zumo de ca\u00f1a de az\u00facar no el\u00e9ctrica -img\" src=\"https:\/\/www.hommy.com\/wp-content\/uploads\/15828751527020.png\"><\/p>\n<\/div>\n<\/div>\n<div class=\"col-md-6 col-sm-6 col-xs-6\">\n<div class=\"right-p\">\n<div class=\"h2 heading\">\n<p style=\"margin: 0pt\">Entrada de alimentaci\u00f3n&nbsp;<\/p>\n<\/div>\n<div class=\"description\">Mayor tama\u00f1o f\u00e1cil para la segunda vez prush<\/p>\n<p style=\"text-align: center\"><img decoding=\"async\" src=\"https:\/\/www.hommy.com\/wp-content\/uploads\/15828767927922.png\" alt=\"producto-ZJ130 M\u00e1quina de zumo de ca\u00f1a de az\u00facar a mano-Hommy-img-1\" title=\"\"><\/p>\n<\/div>\n<\/div>\n<p>&nbsp;&nbsp;&nbsp;&nbsp;&nbsp;&nbsp;&nbsp;&nbsp;&nbsp;&nbsp;&nbsp;&nbsp;<\/p>\n<p style=\"text-align: center\"><span style=\"font-size: 20px\"><br \/><\/span><\/p>\n<\/div>\n<\/div>\n<\/div>\n<p><!-- \u8517\u6c41\u673aadvantages End --><\/p>\n<h2>Hommy mano operado m\u00e1quina de jugo de ca\u00f1a de az\u00facar en la India para las tiendas de frutas<\/h2>\n<h3>Emprender un negocio de m\u00e1quinas manuales de zumo de ca\u00f1a de az\u00facar en la India<\/h3>\n<p>Empezar un negocio de m\u00e1quinas manuales de zumo de ca\u00f1a de az\u00facar en la India es una forma estupenda de convertirse en su propio jefe, fijar su propio horario y obtener unos buenos ingresos.<\/p>\n<p>En primer lugar, el mercado del zumo de ca\u00f1a de az\u00facar est\u00e1 creciendo r\u00e1pidamente en la India. En segundo lugar, el zumo de ca\u00f1a de az\u00facar es una bebida sana y refrescante popular entre todos los grupos de edad.<\/p>\n<p>En tercer lugar, crear tu propia empresa es una forma estupenda de ser tu propio jefe y obtener unos buenos ingresos.<\/p>\n<p>En cuarto lugar, con una m\u00e1quina manual de zumo de ca\u00f1a de az\u00facar, puede iniciar su plan con una inversi\u00f3n muy baja.<\/p>\n<p>En quinto lugar, ahora ha encontrado Hommy, un proveedor confiable de m\u00e1quinas de jugo de ca\u00f1a de az\u00facar en China.<\/p>\n<p>Por lo tanto, si usted est\u00e1 buscando una oportunidad de comercio con un buen potencial de crecimiento, a partir de una mano operado proyecto de m\u00e1quina de jugo de ca\u00f1a de az\u00facar en la India es una gran opci\u00f3n para usted.<\/p>\n<h3>Es dif\u00edcil encontrar una f\u00e1brica de exprimidores manuales de ca\u00f1a de az\u00facar en la India<\/h3>\n<p>A continuaci\u00f3n encontrar\u00e1 algunos puntos en los que debe pensar cuando busque una f\u00e1brica de exprimidores manuales de ca\u00f1a de az\u00facar en la India.<\/p>\n<p>Pregunte si utilizan material certificado en las m\u00e1quinas que fabrican. \u00bfPueden demostrarlo? \u00bfPueden ofrecer garant\u00edas sobre su producto? \u00bfQu\u00e9 tipos de garant\u00eda ofrecen sobre la m\u00e1quina? \u00bfCu\u00e1nto cobran por la garant\u00eda? \u00bfCu\u00e1nto cobran por el env\u00edo (nacional e internacional)? \u00bfDisponen de informaci\u00f3n de contacto en su sitio web? \u00bfDisponen de una descripci\u00f3n completa de su maquinaria? \u00bfSon estas m\u00e1quinas probadas por un laboratorio externo para garantizar que son seguras? Si ofrecen garant\u00eda, \u00bfcu\u00e1l es el procedimiento para devolver la m\u00e1quina si est\u00e1 defectuosa? \u00bfCu\u00e1l es su pol\u00edtica de devoluciones? \u00bfPueden presentar un certificado que demuestre que est\u00e1n homologados por el gobierno de la India para fabricar estos productos? En caso necesario, \u00bfpueden demostrar al gobierno local de su f\u00e1brica que cumplen plenamente las leyes que rigen el funcionamiento de la f\u00e1brica? \u00bfProporcionan v\u00eddeos instructivos sobre c\u00f3mo utilizar sus equipos? \u00bfCu\u00e1nto se puede pagar al mes por art\u00edculo? \u00bfCu\u00e1l es la pol\u00edtica de pagos? \u00bfSe permite el cr\u00e9dito?<\/p>\n<h3>Aspectos que debe tener en cuenta al comprar un <a style=\"color:blue\" href=\"https:\/\/www.hommy.com\/es\/sugarcan-juice-machine\/\">extractor de zumo de ca\u00f1a de az\u00facar<\/a> a mano<\/h3>\n<p>Equipos para la fabricaci\u00f3n de az\u00facar de ca\u00f1a. Muchos pa\u00edses producen az\u00facar utilizando la ca\u00f1a de az\u00facar como materia prima. India es uno de ellos que produce ca\u00f1a de az\u00facar todos los a\u00f1os y la consume a nivel nacional. Sin embargo, hay algunas personas que cultivan ca\u00f1a de az\u00facar s\u00f3lo por los beneficios que obtienen mediante la venta a los fabricantes que hacen que la ca\u00f1a de az\u00facar de trituraci\u00f3n de maquinaria y otros equipos necesarios. En este pa\u00eds hay muchos cultivadores de ca\u00f1a que se dedican a este cultivo a\u00f1o tras a\u00f1o. Aunque en algunas partes del mundo hay una gran demanda de az\u00facar, aqu\u00ed la demanda es menor porque ya se consumen las cantidades necesarias. Como resultado, hay altas tasas disponibles en el mercado para comprar esta m\u00e1quina de trituraci\u00f3n por valor de alrededor de Rs 2 lakhs a 3 lakhs. Pero, si usted est\u00e1 buscando para comprar uno para usted o los miembros de su familia, Recuerde, hay mucha competencia en el mercado hoy en d\u00eda que ha obligado a muchos de los distribuidores para ofrecer descuentos para ganar al cliente.<\/p>\n<h3>Hommy puede ayudar a su mano operan exprimidor de ca\u00f1a de az\u00facar fabricante de negocios<\/h3>\n<p>Nuestras ventajas son las siguientes Departamento de I+D experimentado: Contamos con un experimentado equipo de I+D con gran capacidad t\u00e9cnica para analizar las tendencias del mercado y dise\u00f1ar nuevos productos de acuerdo con los requisitos de los clientes. Adem\u00e1s, nuestro equipo de control de calidad aplica estrictamente el sistema de inspecci\u00f3n de calidad durante todo el proceso para garantizar la calidad del producto. Amplia l\u00ednea de productos: En nuestra l\u00ednea de producci\u00f3n hay muchos tipos de modelos de m\u00e1quinas diferentes, incluyendo trituradora manual de jugo de ca\u00f1a, extractor autom\u00e1tico de jugo de ca\u00f1a de az\u00facar, etc. Capacidad OEM: Podemos dise\u00f1ar y fabricar todo tipo de m\u00e1quinas personalizadas de diferentes tama\u00f1os seg\u00fan los requisitos espec\u00edficos del cliente. Buena posici\u00f3n financiera y TQM: Nuestra empresa ha pasado la certificaci\u00f3n ISO9001: 2008 sistema de gesti\u00f3n de calidad y tiene gran cantidad de activos que pueden garantizar un funcionamiento estable. Podemos proporcionarle productos de alta calidad y un servicio supremo a un precio competitivo.<\/p>\n<p>&nbsp; &nbsp; &nbsp; &nbsp; &nbsp; &nbsp; &nbsp; &nbsp; &nbsp; &nbsp; &nbsp; &nbsp; &nbsp; &nbsp; &nbsp; &nbsp; &nbsp; &nbsp; &nbsp; &nbsp; &nbsp; &nbsp; &nbsp; &nbsp; &nbsp; &nbsp; &nbsp; &nbsp; &nbsp; &nbsp; &nbsp;&nbsp;<\/p>\n<p>Documento\uff1a<img decoding=\"async\" src=\"https:\/\/www.hommy.com\/wp-content\/uploads\/icon_pdf-22.gif\" style=\"margin-right: 2px\" alt=\"producto-Hommy-img-1\" title=\"\"><a href=\"https:\/\/img80002414.weyesimg.com\/uploads\/www.hommy.com\/addon\/16028310973207.pdf\" title=\"16028310973207.pdf\" style=\"font-size: 12px\">16028310973207.pdf<\/a><\/p>\n<p><\/p>\n<\/div><\/div>","protected":false},"excerpt":{"rendered":"<p>Hand Operated Sugar Cane Juice Extractor Machine Sugar Cane Juice Extractor Machine by hand|PRODUCT FEATURES|Sugarcane Juice Machine by hand|PRODUCT SPECIFICATION|PRODUCT ADVANTAGE &nbsp; &nbsp; Sugarcane Juicer Machine by hand&nbsp; &nbsp; Safe, Hygienic, Revolutionary sugarcane extracting process.Outside made in stainless steel&nbsp;.Easy to operation . Roller Inside part made of ironOutside wrap with Stainless steelCan not take out [&hellip;]<\/p>\n","protected":false},"featured_media":528,"comment_status":"open","ping_status":"open","template":"","meta":{"_swt_meta_header_display":false,"_swt_meta_footer_display":false,"_swt_meta_site_title_display":false,"_swt_meta_sticky_header":false,"_swt_meta_transparent_header":false},"product_brand":[],"product_cat":[75],"product_tag":[],"class_list":{"0":"post-536","1":"product","2":"type-product","3":"status-publish","4":"has-post-thumbnail","6":"product_cat-sugarcane-juice-machine","8":"first","9":"instock","10":"shipping-taxable","11":"product-type-simple"},"_links":{"self":[{"href":"https:\/\/www.hommy.com\/es\/wp-json\/wp\/v2\/product\/536","targetHints":{"allow":["GET"]}}],"collection":[{"href":"https:\/\/www.hommy.com\/es\/wp-json\/wp\/v2\/product"}],"about":[{"href":"https:\/\/www.hommy.com\/es\/wp-json\/wp\/v2\/types\/product"}],"replies":[{"embeddable":true,"href":"https:\/\/www.hommy.com\/es\/wp-json\/wp\/v2\/comments?post=536"}],"wp:featuredmedia":[{"embeddable":true,"href":"https:\/\/www.hommy.com\/es\/wp-json\/wp\/v2\/media\/528"}],"wp:attachment":[{"href":"https:\/\/www.hommy.com\/es\/wp-json\/wp\/v2\/media?parent=536"}],"wp:term":[{"taxonomy":"product_brand","embeddable":true,"href":"https:\/\/www.hommy.com\/es\/wp-json\/wp\/v2\/product_brand?post=536"},{"taxonomy":"product_cat","embeddable":true,"href":"https:\/\/www.hommy.com\/es\/wp-json\/wp\/v2\/product_cat?post=536"},{"taxonomy":"product_tag","embeddable":true,"href":"https:\/\/www.hommy.com\/es\/wp-json\/wp\/v2\/product_tag?post=536"}],"curies":[{"name":"wp","href":"https:\/\/api.w.org\/{rel}","templated":true}]}}