{"id":53,"date":"2024-07-02T11:51:46","date_gmt":"2024-07-02T11:51:46","guid":{"rendered":"http:\/\/localhost\/hommywp\/hm160a-automatic-smoothie-vending-machine-40-second-blends\/"},"modified":"2025-08-01T09:57:26","modified_gmt":"2025-08-01T09:57:26","slug":"hm160a-maquina-expendedora-automatica-de-batidos-40-second-blends","status":"publish","type":"product","link":"https:\/\/www.hommy.com\/es\/p\/hm160a-maquina-expendedora-automatica-de-batidos-40-second-blends\/","title":{"rendered":"HM160A: M\u00e1quina expendedora autom\u00e1tica de batidos (\u00a1mezclas en 40 segundos!)"},"content":{"rendered":"<h2 class=\"wp-block-heading\">HM160A: M\u00e1quina expendedora autom\u00e1tica de batidos (\u00a1mezclas en 40 segundos!)<\/h2>\n\n\n\n<p>La m\u00e1quina expendedora autom\u00e1tica de batidos Hommy HM160A puede vender deliciosos y saludables batidos en 40 segundos utilizando aut\u00e9ntica fruta congelada.<\/p>\n\n\n\n<div class=\"wp-block-group is-content-justification-center is-nowrap is-layout-flex wp-container-core-group-is-layout-23441af8 wp-block-group-is-layout-flex\">\n<figure class=\"wp-block-image size-large\"><img decoding=\"async\" src=\"https:\/\/www.hommy.com\/wp-content\/uploads\/17105143854028.jpg\" alt=\"\" title=\"\"><\/figure>\n\n\n\n<figure class=\"wp-block-image size-large\"><img decoding=\"async\" src=\"https:\/\/www.hommy.com\/wp-content\/uploads\/17105143847413.jpg\" alt=\"\" title=\"\"><\/figure>\n\n\n\n<figure class=\"wp-block-image size-large\"><img decoding=\"async\" src=\"https:\/\/www.hommy.com\/wp-content\/uploads\/17105143852250.jpg\" alt=\"\" title=\"\"><\/figure>\n<\/div>\n\n\n\n<div style=\"height:50px\" aria-hidden=\"true\" class=\"wp-block-spacer\"><\/div>\n\n\n<p><iframe loading=\"lazy\" title=\"m\u00e1quina expendedora de batidos\" width=\"500\" height=\"281\" src=\"https:\/\/www.youtube.com\/embed\/LroJLrzqiXU?feature=oembed\" frameborder=\"0\" allow=\"accelerometer; autoplay; clipboard-write; encrypted-media; gyroscope; picture-in-picture; web-share\" referrerpolicy=\"strict-origin-when-cross-origin\" allowfullscreen><\/iframe><\/p>\n\n\n\n<div style=\"height:50px\" aria-hidden=\"true\" class=\"wp-block-spacer\"><\/div>\n\n\n\n<div class=\"wp-block-group is-vertical is-content-justification-center is-layout-flex wp-container-core-group-is-layout-ce155fab wp-block-group-is-layout-flex\">\n<h2 class=\"wp-block-heading\">Especificaci\u00f3n del producto:<\/h2>\n\n\n\n<figure class=\"wp-block-image\"><img decoding=\"async\" src=\"https:\/\/www.hommy.com\/wp-content\/uploads\/17105175578638.jpg\" alt=\"especificaciones de la m\u00e1quina expendedora de batidos\" title=\"especificaciones de la m\u00e1quina expendedora de batidos\"\/><\/figure>\n<\/div>\n\n\n\n<div style=\"height:50px\" aria-hidden=\"true\" class=\"wp-block-spacer\"><\/div>\n\n\n\n<h2 class=\"wp-block-heading\">Caracter\u00edsticas del producto:<\/h2>\n\n\n\n<p>Ingredientes frescos, servicio r\u00e1pido: Prepara un batido en 40 segundos<\/p>\n\n\n\n<p>Esta m\u00e1quina expendedora de autoservicio puede crear deliciosos y saludables batidos con aut\u00e9ntica fruta congelada y venderla. Solo tiene que elegir los ingredientes y la m\u00e1quina los mezclar\u00e1 y batir\u00e1 autom\u00e1ticamente con la cantidad de agua o leche que desee (100-300 ml) en menos de un minuto.<\/p>\n\n\n\n<div style=\"height:50px\" aria-hidden=\"true\" class=\"wp-block-spacer\"><\/div>\n\n\n\n<h3 class=\"wp-block-heading\">Pantallas t\u00e1ctiles dobles para facilitar el uso y la supervisi\u00f3n:<\/h3>\n\n\n\n<p>Pantalla t\u00e1ctil de 25 pulgadas para el cliente: Explore las opciones de batidos, vea atractivas fotos de sabores de frutas y realice f\u00e1cilmente su pedido.<\/p>\n\n\n\n<p>Pantalla t\u00e1ctil interna de 13,3 pulgadas (para operadores): Gestione datos de mezcla como el uso de agua\/leche, la eficacia de la limpieza y los ciclos de mezcla.<\/p>\n\n\n\n<div style=\"height:50px\" aria-hidden=\"true\" class=\"wp-block-spacer\"><\/div>\n\n\n\n<h3 class=\"wp-block-heading\">Controle el inventario con facilidad:<\/h3>\n\n\n\n<ol class=\"wp-block-list\">\n<li><p>Esc\u00e1ner de c\u00f3digos QR integrado: La m\u00e1quina escanea un c\u00f3digo QR \u00fanico en cada vaso, lo que permite un seguimiento preciso del inventario. Vea f\u00e1cilmente cu\u00e1ntos batidos se han vendido.<\/p><\/li>\n\n\n\n<li><p>Visualizaci\u00f3n de ventas en tiempo real: La pantalla de 13,3 pulgadas muestra el n\u00famero total de batidos dispensados, proporcionando una visi\u00f3n clara e inmediata de su rendimiento de ventas.<\/p><\/li>\n<\/ol>\n\n\n\n<div style=\"height:50px\" aria-hidden=\"true\" class=\"wp-block-spacer\"><\/div>\n\n\n\n<h3 class=\"wp-block-heading\">Seguimiento de c\u00f3digos QR<\/h3>\n\n\n\n<p>Cada vaso recibe un c\u00f3digo QR exclusivo que realiza un seguimiento del consumo de agua, la velocidad y el tiempo de mezcla y el volumen de agua de limpieza para un control de calidad \u00f3ptimo.<\/p>\n\n\n\n<div style=\"height:50px\" aria-hidden=\"true\" class=\"wp-block-spacer\"><\/div>\n\n\n\n<h3 class=\"wp-block-heading\">Gesti\u00f3n remota de m\u00e1quinas<\/h3>\n\n\n\n<p>Supervise los datos de ventas y el rendimiento de la m\u00e1quina a distancia para realizar un mantenimiento proactivo y una gesti\u00f3n de inventario informada.<\/p>\n\n\n\n<div style=\"height:50px\" aria-hidden=\"true\" class=\"wp-block-spacer\"><\/div>\n\n\n\n<h3 class=\"wp-block-heading\">Ciclo de limpieza autom\u00e1tico<\/h3>\n\n\n\n<p>La m\u00e1quina se autolimpia despu\u00e9s de cada mezcla, lo que garantiza la higiene y un sabor uniforme para cada cliente.<\/p>\n\n\n\n<div style=\"height:50px\" aria-hidden=\"true\" class=\"wp-block-spacer\"><\/div>\n\n\n\n<h3 class=\"wp-block-heading\">Opciones de tama\u00f1o de copa<\/h3>\n\n\n\n<p>Elija entre vasos PET aptos para uso alimentario de 14 oz o 16 oz para que se adapten perfectamente a sus necesidades.<\/p>\n\n\n\n<div style=\"height:50px\" aria-hidden=\"true\" class=\"wp-block-spacer\"><\/div>\n\n\n\n<h3 class=\"wp-block-heading\">Proceso de funcionamiento de la m\u00e1quina expendedora de batidos:<\/h3>\n\n\n\n<p>Cargue la m\u00e1quina: Rellena los vasos con fruta, ci\u00e9rralos y pega las pegatinas con el c\u00f3digo QR. Guarda los vasos en el congelador entre -10 \u00b0C y -18 \u00b0C.<\/p>\n\n\n\n<p>Seleccione y pague:Elija el sabor del batido y pague utilizando la pantalla t\u00e1ctil.<\/p>\n\n\n\n<p>Recuperar copa: Recoge la copa de fruta congelada de la ranura designada.<\/p>\n\n\n\n<p>Escanear y abrir: Escanee el c\u00f3digo QR del vaso para desbloquear la zona de mezcla. La puerta se abrir\u00e1 autom\u00e1ticamente.<\/p>\n\n\n\n<p>Colocar y batir: Coloque el vaso en el soporte situado debajo de la batidora. La puerta se cerrar\u00e1 autom\u00e1ticamente.<\/p>\n\n\n\n<p>\u00a1Disfrute del batido! El delicioso batido estar\u00e1 listo en unos 40 segundos.<\/p>\n\n\n\n<p>Limpieza autom\u00e1tica: La m\u00e1quina limpia autom\u00e1ticamente las cuchillas con agua despu\u00e9s de cada mezcla, garantizando la higiene para el siguiente cliente.<\/p>\n\n\n\n<div style=\"height:50px\" aria-hidden=\"true\" class=\"wp-block-spacer\"><\/div>\n\n\n\n<h3 class=\"wp-block-heading\">Esterilizaci\u00f3n UV autom\u00e1tica<\/h3>\n\n\n\n<p>Experimente la tranquilidad de la irradiaci\u00f3n ultravioleta (UV) integrada que elimina bacterias y virus dentro de la m\u00e1quina, garantizando los m\u00e1s altos est\u00e1ndares de higiene.<\/p>\n\n\n\n<div style=\"height:50px\" aria-hidden=\"true\" class=\"wp-block-spacer\"><\/div>\n\n\n\n<h3 class=\"wp-block-heading\">Cree su identidad de marca<\/h3>\n\n\n\n<p>Dise\u00f1e patrones de m\u00e1quina personalizados que se adapten a su marca. Adem\u00e1s, ofrecemos servicios OEM para adaptar las m\u00e1quinas a sus necesidades espec\u00edficas.<\/p>\n\n\n\n<div style=\"height:50px\" aria-hidden=\"true\" class=\"wp-block-spacer\"><\/div>\n\n\n\n<div class=\"wp-block-group is-vertical is-content-justification-center is-layout-flex wp-container-core-group-is-layout-ce155fab wp-block-group-is-layout-flex\">\n<h2 class=\"wp-block-heading\">Ventaja del producto:<\/h2>\n\n\n\n<p>1.<span style=\"font-size: revert; color: initial;\">Sistema de esc\u00e1ner: el sistema de esc\u00e1ner reconoce la informaci\u00f3n establecida en el c\u00f3digo QR (cantidad de agua, velocidad de mezcla, tiempo de mezcla) y prepara el batido en consecuencia. La m\u00e1quina trabaja para diferentes sabores basados en la configuraci\u00f3n en el c\u00f3digo QR.<\/span><\/p>\n\n\n\n<figure class=\"wp-block-image\"><img decoding=\"async\" src=\"https:\/\/www.hommy.com\/wp-content\/uploads\/17105175559625.jpg\" alt=\"esc\u00e1ner\" title=\"esc\u00e1ner\"\/><\/figure>\n\n\n\n<div style=\"height:0px\" aria-hidden=\"true\" class=\"wp-block-spacer wp-container-content-28f0cd9b\"><\/div>\n\n\n\n<p>2.Sistema de un clic: El operador puede elegir utilizar el sistema de un solo clic, la m\u00e1quina hace batido basado en la informaci\u00f3n (cantidad de llenado de agua, tiempo de mezcla, velocidad de mezcla) establecido en la parte posterior de la pantalla y hacer batido en consecuencia. La m\u00e1quina trabaja para un solo sabor basado en la configuraci\u00f3n.<\/p>\n\n\n\n<figure class=\"wp-block-image\"><img decoding=\"async\" src=\"https:\/\/www.hommy.com\/wp-content\/uploads\/17105175558461.jpg\" alt=\"Un clic\" title=\"Un clic\"\/><\/figure>\n\n\n\n<div style=\"height:0px\" aria-hidden=\"true\" class=\"wp-block-spacer wp-container-content-28f0cd9b\"><\/div>\n\n\n\n<p>3.Autolimpieza: La m\u00e1quina hace la limpieza autom\u00e1ticamente despu\u00e9s de cada mezcla.<\/p>\n\n\n\n<figure class=\"wp-block-image\"><img decoding=\"async\" src=\"https:\/\/www.hommy.com\/wp-content\/uploads\/17105175531218.jpg\" alt=\"limpieza\" title=\"limpieza\"\/><\/figure>\n\n\n\n<div style=\"height:0px\" aria-hidden=\"true\" class=\"wp-block-spacer wp-container-content-28f0cd9b\"><\/div>\n\n\n\n<p>4.<span style=\"font-size: revert; color: initial;\">Seguro: Hay un sensor dentro de la m\u00e1quina. Las cuchillas se mezclar\u00e1n s\u00f3lo despu\u00e9s de cerrar la puerta.<\/span><\/p>\n\n\n\n<figure class=\"wp-block-image\"><img decoding=\"async\" src=\"https:\/\/www.hommy.com\/wp-content\/uploads\/17105175522157.jpg\" alt=\"batidora\" title=\"batidora\"\/><\/figure>\n\n\n\n<div style=\"height:0px\" aria-hidden=\"true\" class=\"wp-block-spacer wp-container-content-28f0cd9b\"><\/div>\n\n\n\n<p>5.La m\u00e1quina en el interior tienen m\u00faltiples idiomas para elegir: chino, Ingl\u00e9s, alem\u00e1n, Arabia, Malasia, Tailandia, espa\u00f1ol, coreano, etc ...<\/p>\n\n\n\n<figure class=\"wp-block-image\"><img decoding=\"async\" src=\"https:\/\/www.hommy.com\/wp-content\/uploads\/17105175543965.jpg\" alt=\"lanugage\" title=\"lanugage\"\/><\/figure>\n\n\n\n<div style=\"height:0px\" aria-hidden=\"true\" class=\"wp-block-spacer wp-container-content-28f0cd9b\"><\/div>\n\n\n\n<p class=\"has-text-align-left\">6.Hay tanque de agua limpia y tanque de aguas residuales dentro de la m\u00e1quina. No requiere l\u00ednea de agua. No requiere drenaje en el piso. Siempre se puede mover para un mejor beneficio.<\/p>\n\n\n\n<figure class=\"wp-block-image\"><img decoding=\"async\" src=\"https:\/\/www.hommy.com\/wp-content\/uploads\/17105175576781.jpg\" alt=\"dep\u00f3sitos de agua\" title=\"dep\u00f3sitos de agua\"\/><\/figure>\n\n\n\n<div style=\"height:0px\" aria-hidden=\"true\" class=\"wp-block-spacer wp-container-content-28f0cd9b\"><\/div>\n<\/div>\n\n\n\n<h2 class=\"wp-block-heading\">PREGUNTAS FRECUENTES<\/h2>\n\n\n\n<p>\u00bfEs rentable una m\u00e1quina expendedora de batidos?<\/p>\n\n\n\n<p>Una m\u00e1quina expendedora de batidos puede reducir los costes operativos, ya que elimina significativamente la necesidad del costoso alquiler de una tienda y los costes de personal. S\u00f3lo se necesita una persona para reponer el material con regularidad. Esto convierte nuestro negocio de m\u00e1quinas expendedoras de batidos en una oportunidad rentable y rentable.<\/p>\n\n\n\n<p>\u00bfC\u00f3mo funciona la m\u00e1quina expendedora de batidos?<\/p>\n\n\n\n<p>Gracias a la innovadora tecnolog\u00eda que incorpora, la m\u00e1quina expendedora de batidos almacena frutas congeladas, mezcla en el vaso y realiza autom\u00e1ticamente una limpieza completa despu\u00e9s de batir cada vaso. Una taza de batido fresco y saludable puede estar lista en 1 minuto.&nbsp;<\/p>\n\n\n\n<p>\u00bfCu\u00e1l es la nueva oportunidad de negocio de m\u00e1quinas expendedoras en EE.UU.?<\/p>\n\n\n\n<p>Cada vez hay m\u00e1s gente en EE.UU. a la que le gustan los batidos frescos. \u00bfC\u00f3mo se puede disfrutar de un batido en cualquier momento y lugar? La primera m\u00e1quina expendedora de batidos mezclados en taza se encontr\u00f3 en un centro comercial de EE.UU.. La m\u00e1quina expendedora de batidos de fruta real congelada es una nueva oportunidad de negocio extendida por todo el mundo.&nbsp;<\/p>","protected":false},"excerpt":{"rendered":"<p>HM160A: Automatic Smoothie Vending Machine (40-Second Blends!) Hommy HM160A commercial automatic smoothie vending machine can sell delicious and healthy smoothies in 40 seconds using real frozen fruit. Product specification: Product Features: Fresh ingredients, fast service: Make smoothie in 40 seconds! This self-serve vending machine can create delicious and healthy smoothies using real frozen fruit and [&hellip;]<\/p>\n","protected":false},"featured_media":42,"comment_status":"closed","ping_status":"closed","template":"","meta":{"_swt_meta_header_display":false,"_swt_meta_footer_display":false,"_swt_meta_site_title_display":false,"_swt_meta_sticky_header":false,"_swt_meta_transparent_header":false},"product_brand":[],"product_cat":[69,68],"product_tag":[],"class_list":{"0":"post-53","1":"product","2":"type-product","3":"status-publish","4":"has-post-thumbnail","6":"product_cat-smoothie-vending-machine","7":"product_cat-vending-machine","9":"first","10":"instock","11":"shipping-taxable","12":"product-type-simple"},"_links":{"self":[{"href":"https:\/\/www.hommy.com\/es\/wp-json\/wp\/v2\/product\/53","targetHints":{"allow":["GET"]}}],"collection":[{"href":"https:\/\/www.hommy.com\/es\/wp-json\/wp\/v2\/product"}],"about":[{"href":"https:\/\/www.hommy.com\/es\/wp-json\/wp\/v2\/types\/product"}],"replies":[{"embeddable":true,"href":"https:\/\/www.hommy.com\/es\/wp-json\/wp\/v2\/comments?post=53"}],"wp:featuredmedia":[{"embeddable":true,"href":"https:\/\/www.hommy.com\/es\/wp-json\/wp\/v2\/media\/42"}],"wp:attachment":[{"href":"https:\/\/www.hommy.com\/es\/wp-json\/wp\/v2\/media?parent=53"}],"wp:term":[{"taxonomy":"product_brand","embeddable":true,"href":"https:\/\/www.hommy.com\/es\/wp-json\/wp\/v2\/product_brand?post=53"},{"taxonomy":"product_cat","embeddable":true,"href":"https:\/\/www.hommy.com\/es\/wp-json\/wp\/v2\/product_cat?post=53"},{"taxonomy":"product_tag","embeddable":true,"href":"https:\/\/www.hommy.com\/es\/wp-json\/wp\/v2\/product_tag?post=53"}],"curies":[{"name":"wp","href":"https:\/\/api.w.org\/{rel}","templated":true}]}}