{"id":511,"date":"2024-07-02T13:36:46","date_gmt":"2024-07-02T13:36:46","guid":{"rendered":"http:\/\/localhost\/hommywp\/zj190a-portable-industrial-sugarcane-frozen-juice-extract-machine\/"},"modified":"2025-08-01T09:57:34","modified_gmt":"2025-08-01T09:57:34","slug":"zj190a-maquina-de-cana-de-azucar","status":"publish","type":"product","link":"https:\/\/www.hommy.com\/es\/p\/zj190a-maquina-de-cana-de-azucar\/","title":{"rendered":"Zj190a M\u00e1quina Industrial Port\u00e1til de Extracci\u00f3n de Zumo Congelado de Ca\u00f1a de Az\u00facar"},"content":{"rendered":"<div>\n<p style=\"text-align: center\"><span style=\"font-size: 20px\"><br \/><\/span><\/p>\n<h2 style=\"text-align: center\"><strong><span style=\"font-family: arial, helvetica, sans-serif;font-size: 24px\"><a name=\"Sugar Cane Juice Extractor Machine with cooler\"><\/a>M\u00e1quina extractora de zumo de ca\u00f1a de az\u00facar con refrigerador<\/span><\/strong><\/h2>\n<p style=\"text-align: center\"><a href=\"#Sugar Cane Juice Extractor Machine with cooler\" target=\"_self\" data-lv=\"0\" rel=\"noopener\"><span style=\"font-size: 16px\"><span style=\"font-family: arial, helvetica, sans-serif\">M\u00e1quina extractora de zumo de ca\u00f1a de az\u00facar con refrigerador<\/span><\/span><\/a><span style=\"font-size: 16px\"><span style=\"font-family: arial, helvetica, sans-serif\">|<a href=\"#PRODUCT FEATURES\" target=\"_self\" data-lv=\"0\" rel=\"noopener\">CARACTER\u00cdSTICAS DEL PRODUCTO<\/a>|<a href=\"#Sugarcane Juice Machine With Cooler and freezer\" target=\"_self\" data-lv=\"0\" rel=\"noopener\">M\u00e1quina de zumo de ca\u00f1a de az\u00facar con refrigerador y congelador<\/a>|<a href=\"#PRODUCT ADVANTAGE\" target=\"_self\" data-lv=\"0\" rel=\"noopener\">VENTAJA DEL PRODUCTO<\/a><\/span><\/span><\/p>\n<p><span style=\"font-size: 20px\"><br \/><\/span><\/p>\n<p style=\"text-align: center\">&nbsp;<\/p>\n<p><!-- Video start --><video poster=\"https:\/\/img80002414.weyesimg.com\/uploads\/www.hommy.com\/video\/15828463075760.mp4?vframe\/jpg\/offset\/1\" id=\"video\" preload=\"auto\" controls=\"controls\" style=\"width:100%;height:510px\"><\/video><!-- Video end --><\/p>\n<p>La m\u00e1quina extractora de zumo de ca\u00f1a de az\u00facar congelado es una m\u00e1quina profesional utilizada para extraer el zumo de la ca\u00f1a de az\u00facar y ofrecer a los clientes bebidas de zumo de ca\u00f1a de az\u00facar congelado. Es una m\u00e1quina eficiente y potente que puede extraer r\u00e1pida y f\u00e1cilmente el zumo de la ca\u00f1a de az\u00facar. La m\u00e1quina est\u00e1 fabricada con materiales de alta calidad y est\u00e1 dise\u00f1ada para durar mucho tiempo. Es f\u00e1cil de manejar y su uso es muy seguro. La m\u00e1quina tambi\u00e9n es muy asequible y es una gran inversi\u00f3n para cualquier persona que quiera extraer el jugo de la ca\u00f1a de az\u00facar.<\/p>\n<p><\/p>\n<h2><\/h2>\n<h2><strong><span style=\"font-size: 24px;font-family: arial, helvetica, sans-serif\"><a name=\"PRODUCT FEATURES\"><\/a>CARACTER\u00cdSTICAS DEL PRODUCTO<\/span><\/strong><\/h2>\n<div class=\"subtitle\"><span>La planta de Hommy ocupa una superficie de 30.500 metros cuadrados en la ciudad de Xinhui Jiangmen, y consta de l\u00edneas de producci\u00f3n flexibles, laboratorio de I+D, centro de aprendizaje y taller equipado con equipos de vanguardia.<\/span><\/div>\n<p><\/p>\n<p>&nbsp;<\/p>\n<div class=\"d-tem11-graphic tem11-graphic mockup\" data-detail=\"wrap\">\n<div class=\"tab_row\">\n<div class=\"img\" style=\"width: 40.8%;height: 450px\"><img decoding=\"async\" src=\"https:\/\/www.hommy.com\/wp-content\/uploads\/15828481281232.png\" alt=\"producto-Hommy-img\" title=\"\"><\/div>\n<div class=\"text_box\" style=\"width: 50%\">\n<div class=\"txt\">\n<p>&nbsp;<\/p>\n<h2><strong><span style=\"font-family: arial, helvetica, sans-serif;font-size: 24px\"><a name=\"Sugarcane Juice Machine With Cooler and freezer\"><\/a>M\u00e1quina de zumo de ca\u00f1a de az\u00facar con refrigerador y congelador<\/span><\/strong><\/h2>\n<p>&nbsp;<\/p>\n<p style=\"line-height: 1.5em\">Seguro, Higi\u00e9nico, Enfriador, Dispensador de vasos, Caracter\u00edsticas de la promoci\u00f3n<br \/>Revolucionario proceso de extracci\u00f3n de la ca\u00f1a de az\u00facar.<br \/>Dise\u00f1o innovador con nevera y dispensador de vasos.<br \/>El dise\u00f1o exterior atrae al cliente y le ayuda a promocionarse.<br \/>Higi\u00e9nico: todas las piezas en contacto con el zumo son de calidad alimentaria. los residuos se dirigen al cubo de basura modular oculto.<br \/>Silenciosa: reducci\u00f3n del ruido hasta 90% en comparaci\u00f3n con la m\u00e1quina tradicional.<\/p>\n<p style=\"line-height: 1.5em\"><strong><span style=\"font-size: 18px\">Rodillo<\/span><\/strong><br \/>Fabricado en acero inoxidable 100%.<br \/>Saque f\u00e1cilmente el rodillo para limpiarlo cada vez.<br \/>La ca\u00f1a de az\u00facar triturada en una sola pasada termina con un rendimiento de extracci\u00f3n de hasta 85%.<\/p>\n<p style=\"line-height: 1.5em\"><strong><span style=\"font-size: 18px\">Motor de la palanca de cambios<\/span><\/strong><br \/>La velocidad del motor var\u00eda en funci\u00f3n del di\u00e1metro del tallo de la ca\u00f1a de az\u00facar. Cuanto mayor sea el di\u00e1metro, menor ser\u00e1 la velocidad para obtener el m\u00e1ximo rendimiento de extracci\u00f3n.<br \/>1\/2CV, 400 vatios, monof\u00e1sico.<br \/>El rodillo puede avanzar y retroceder.<\/p>\n<p style=\"line-height: 1.5em\"><strong><span style=\"font-size: 18px\">Entrada de ca\u00f1a de az\u00facar<\/span><\/strong><br \/>Admite un di\u00e1metro de tallo de ca\u00f1a de az\u00facar de hasta 2-1\/4\".<br \/>Sistema de refrigeraci\u00f3n<br \/>El zumo triturado se filtra finamente y se enfr\u00eda r\u00e1pidamente.<br \/>Puede mantener el jugo de enfriamiento de3\u2103 a 9\u2103 .<br \/>Grifo de limpieza<br \/>Facilita la limpieza diaria del refrigerador y del tubo de conexi\u00f3n.<\/p>\n<p style=\"line-height: 1.5em\">&nbsp;<\/p>\n<p style=\"line-height: 1.5em\"><span style=\"font-size: 18px\"><strong>Congelador<\/strong><\/span><br \/>Mantenga la temperatura de 3\u2103a 9\u2103. <br \/>Mantenga la lata de az\u00facar alrededor de 150pcs . <\/p>\n<p>&nbsp;<\/p>\n<\/div>\n<\/div>\n<\/div>\n<\/div>\n<p><!-- \u8517\u6c41\u673aadvantages start --><\/p>\n<h2><strong><span style=\"font-size: 24px;font-family: arial, helvetica, sans-serif\"><a name=\"PRODUCT ADVANTAGE\"><\/a>VENTAJA DEL PRODUCTO<\/span><\/strong><\/h2>\n<div class=\"text-left d-tem09-title d-interval\" data-detail=\"wrap\">\n<div class=\"title-header\">\n<div class=\"subtitle\"><span>Adem\u00e1s, los ingenieros m\u00e1s cualificados, los tecn\u00f3logos m\u00e1s h\u00e1biles y el personal con m\u00e1s conocimientos contribuyen en gran medida al desarrollo de la empresa.<\/span><\/div>\n<p><span><\/span><\/div>\n<\/div>\n<div class=\"d-tem01-graphic tem01-graphic mockup\" data-detail=\"wrap\">\n<div class=\"cont-section clearfix d-clearfix\">\n<div class=\"col-md-6 col-sm-6 col-xs-6\">\n<div class=\"right-p\">\n<div class=\"h2 heading\">F\u00e1cil de limpiar&nbsp;<\/div>\n<div class=\"description\">el acero inoxidable del uso del cuerpo de la m\u00e1quina a hecho le y el agua-tap para usted a cada la m\u00e1quina f\u00e1cil a la operaci\u00f3n.&nbsp;<\/div>\n<div class=\"description\">\n<p style=\"text-align: center\"><img loading=\"lazy\" decoding=\"async\" width=\"261\" height=\"244\" style=\"width: 374px\" src=\"https:\/\/www.hommy.com\/wp-content\/uploads\/15825383689650-10.png\" alt=\"producto-Hommy-img\" title=\"\"><\/p>\n<\/div>\n<\/div>\n<p>&nbsp; &nbsp; &nbsp; &nbsp; &nbsp; &nbsp;<\/p><\/div>\n<div class=\"col-md-6 col-sm-6 col-xs-6\">\n<div class=\"right-p\">\n<div class=\"h2 heading\">Techo&nbsp;<\/div>\n<div class=\"black-line-left\" style=\"width: 360px;height: 3px\">El techo de m\u00e1s de 2,5 metros tambi\u00e9n est\u00e1 equipado con luces, lo que puede atraer a m\u00e1s clientes.<\/div>\n<\/div>\n<p style=\"text-align: center\"><\/p>\n<\/div>\n<p style=\"text-align: center\"><span style=\"font-size: 20px\"><img loading=\"lazy\" decoding=\"async\" width=\"851\" height=\"276\" title=\"\" style=\"width: 254px\" alt=\"producto-ZJ190A m\u00e1quina para ca\u00f1a de az\u00facar-Hommy-img\" src=\"https:\/\/www.hommy.com\/wp-content\/uploads\/15828481991487.png\"><\/span><\/p>\n<\/div>\n<\/div>\n<p>&nbsp;<\/p>\n<div class=\"d-tem01-graphic tem01-graphic mockup\" data-detail=\"wrap\">\n<div class=\"cont-section clearfix d-clearfix\">\n<div class=\"col-md-6 col-sm-6 col-xs-6\">\n<div class=\"right-p\">\n<div class=\"h2 heading\">Filtro<\/div>\n<div class=\"description\">el interior de la m\u00e1quina tiene 3 capas de filtro y<\/div>\n<div class=\"description\">este filtro es f\u00e1cil de limpiar todos los d\u00edas.<\/div>\n<div class=\"description\">&nbsp;&nbsp;&nbsp;&nbsp;&nbsp;&nbsp;&nbsp;&nbsp;&nbsp;&nbsp;&nbsp;&nbsp;<img loading=\"lazy\" decoding=\"async\" width=\"345\" height=\"240\" style=\"width: 274px;float: right\" src=\"https:\/\/www.hommy.com\/wp-content\/uploads\/15826146866066-10.jpg\" alt=\"product-sugarcane machine exprimidor de ca\u00f1a de az\u00facar extractor-Hommy-img\" title=\"\"><img loading=\"lazy\" decoding=\"async\" width=\"345\" height=\"231\" title=\"\" style=\"width: 159px\" alt=\"product-Hommy-m\u00e1quina exprimidora de ca\u00f1a de az\u00facar extractor-img\" src=\"https:\/\/www.hommy.com\/wp-content\/uploads\/15826146868350-10.jpg\"><\/div>\n<\/div>\n<\/div>\n<div class=\"col-md-6 col-sm-6 col-xs-6\">\n<div class=\"right-p\">\n<div class=\"h2 heading\">Motor fuerte&nbsp;<\/div>\n<div class=\"description\">\n<p style=\"text-indent: 0px\"><span style=\"font-family: \u5b8b\u4f53;font-size: 14px\">La velocidad del motor es variable en funci\u00f3n del di\u00e1metro del tallo de la ca\u00f1a de az\u00facar .<\/span><span style=\"font-family: \u5b8b\u4f53;font-size: 14px\">Cuanto mayor sea el di\u00e1metro, menor ser\u00e1 la velocidad para obtener el m\u00e1ximo rendimiento de extracci\u00f3n.<\/span><\/p>\n<p style=\"text-align: center\"><img loading=\"lazy\" decoding=\"async\" width=\"344\" height=\"166\" title=\"\" style=\"width: 208px\" alt=\"producto-M\u00e1quina de ca\u00f1a de az\u00facar Tommy-ZJ190A-img\" src=\"https:\/\/www.hommy.com\/wp-content\/uploads\/15826148286381-10.png\"><\/p>\n<\/div>\n<\/div>\n<\/div>\n<\/div>\n<\/div>\n<p><span style=\"text-align: center\"><\/span><span style=\"text-align: center\"><span style=\"text-align: center\"><span style=\"text-align: center\"><\/span><\/span><\/span><\/p>\n<div class=\"d-tem01-graphic tem01-graphic mockup\" data-detail=\"wrap\">\n<div class=\"cont-section clearfix d-clearfix\">\n<div class=\"col-md-6 col-sm-6 col-xs-6\">\n<div class=\"right-p\">\n<div class=\"h2 heading\">\n<p style=\"margin: 0pt\"><span style=\"text-transform: none;letter-spacing: 0pt;font-family: \u5b8b\u4f53;font-size: 13.5pt;font-style: normal;font-weight: normal\">E<\/span><span style=\"font-family: Tahoma;font-size: 10.5pt\"><span>xtracci\u00f3n<\/span><\/span><span style=\"font-family: \u5b8b\u4f53;font-size: 10.5pt\"><span>&nbsp;mayor tasa de zumo<\/span><\/span><\/p>\n<\/div>\n<div class=\"description\">\n<p style=\"padding: 0px;text-indent: 0px;vertical-align: baseline\"><span style=\"font-family: \u5b8b\u4f53;font-size: 16px\"><span>la m\u00e1quina elija el motor fuerte y la estructura razonable y el buen funcionamiento del lacre, solamente una prensa puede alcanzar 85% de la producci\u00f3n del jugo, ninguna necesidad del trabajo <\/span><\/span><\/p>\n<\/div>\n<\/div>\n<div class=\"graphic_pic animated wow bounceIn\" data-wow-delay=\".7s\">\n<p style=\"text-align: center\"><img loading=\"lazy\" decoding=\"async\" width=\"345\" height=\"219\" title=\"\" style=\"width: 267px\" alt=\"producto-Hommy-img-1\" src=\"https:\/\/www.hommy.com\/wp-content\/uploads\/15826153385230-10.png\"><\/p>\n<\/div>\n<\/div>\n<div class=\"col-md-6 col-sm-6 col-xs-6\">\n<div class=\"right-p\">\n<div class=\"h2 heading\">Rodillo&nbsp;<\/div>\n<div class=\"description\">\n<p style=\"padding: 0px;text-align: left;line-height: 17px;vertical-align: baseline\"><span style=\"letter-spacing: 0px;font-family: \u5b8b\u4f53;font-size: 16px;font-style: normal;font-weight: normal\">Eje de apriete fuerte <\/span><span style=\"letter-spacing: 0px;font-family: \u5b8b\u4f53;font-size: 16px;font-style: normal;font-weight: normal\">y 100% de acero inoxidable y f\u00e1cil de <\/span><span style=\"letter-spacing: 0px;font-family: Tahoma;font-size: 16px;font-style: normal;font-weight: normal\">eliminar<\/span><span style=\"letter-spacing: 0px;font-family: \u5b8b\u4f53;font-size: 16px;font-style: normal;font-weight: normal\">&nbsp;claro que no es f\u00e1cil producir bacterias<\/span><\/p>\n<\/div>\n<\/div>\n<div class=\"graphic_pic animated wow bounceIn\" data-wow-delay=\".7s\">\n<p style=\"text-align: center\"><img loading=\"lazy\" decoding=\"async\" width=\"342\" height=\"240\" title=\"\" style=\"width: 282px\" alt=\"producto-Hommy-img-1\" src=\"https:\/\/www.hommy.com\/wp-content\/uploads\/15826154235310-10.png\"><\/p>\n<\/div>\n<\/div>\n<\/div>\n<\/div>\n<p><span style=\"text-align: center\"><span style=\"text-align: center\"><span style=\"text-align: center\"><span style=\"text-align: center\"><span style=\"text-align: center\"><span style=\"text-align: center\"><\/span><\/span><\/span><\/span><\/span><\/span><\/p>\n<div class=\"d-tem01-graphic tem01-graphic mockup\" data-detail=\"wrap\">\n<div class=\"cont-section clearfix d-clearfix\">\n<div class=\"col-md-6 col-sm-6 col-xs-6\">\n<div class=\"right-p\">\n<div class=\"h2 heading\">Congelador&nbsp;<\/div>\n<div class=\"description\">la m\u00e1quina en el interior tienen congelador para mantener la ca\u00f1a de az\u00facar fresca que mantener la temperatura de<\/div>\n<div class=\"description\"><span style=\"font-family: \u5b8b\u4f53;font-size: 10.5pt\"><span>3<\/span><\/span><span style=\"font-family: \u5b8b\u4f53;font-size: 10.5pt\"><span>\u2103<\/span><\/span><span style=\"font-family: \u5b8b\u4f53;font-size: 10.5pt\"><span>a 9<\/span><\/span><span style=\"font-family: \u5b8b\u4f53;font-size: 10.5pt\"><span>\u2103 adjut para usted .el congelador interior puede mantener alrededor de 100-150pcs ca\u00f1a de az\u00facar .&nbsp;<\/span><\/span><\/div>\n<\/div>\n<div class=\"graphic_pic animated wow bounceIn\" data-wow-delay=\".7s\">\n<p style=\"text-align: center\"><img loading=\"lazy\" decoding=\"async\" width=\"201\" height=\"225\" title=\"\" style=\"width: 153px\" alt=\"producto-ZJ190A m\u00e1quina para ca\u00f1a de az\u00facar-Hommy-img-1\" src=\"https:\/\/www.hommy.com\/wp-content\/uploads\/15827113126299-5.png\"><\/p>\n<\/div>\n<\/div>\n<div class=\"col-md-6 col-sm-6 col-xs-6\">\n<div class=\"right-p\">\n<div class=\"h2 heading\">\n<p style=\"margin: 0pt\">Dusbin<\/p>\n<\/div>\n<div class=\"description\">Dentro de la m\u00e1quina hay un cubo de basura de gran capacidad.<\/div>\n<\/div>\n<div class=\"graphic_pic animated wow bounceIn\" data-wow-delay=\".7s\">&nbsp;&nbsp;&nbsp;&nbsp;&nbsp;&nbsp;&nbsp;&nbsp;&nbsp;&nbsp;&nbsp;&nbsp;<\/p>\n<p style=\"text-align: center\"><img loading=\"lazy\" decoding=\"async\" width=\"201\" height=\"268\" title=\"\" style=\"width: 250px\" alt=\"product-sugarcane machine exprimidor de ca\u00f1a de az\u00facar extractor-Hommy-img-1\" src=\"https:\/\/www.hommy.com\/wp-content\/uploads\/15827116982531-5.png\"><\/p>\n<\/div>\n<\/div>\n<\/div>\n<\/div>\n<p><!-- \u8517\u6c41\u673aadvantages End --><\/p>\n<p>&nbsp;&nbsp;&nbsp;&nbsp;&nbsp;&nbsp;&nbsp;&nbsp;&nbsp;&nbsp;&nbsp;&nbsp;&nbsp;&nbsp;&nbsp;&nbsp;&nbsp;&nbsp;&nbsp;&nbsp;&nbsp;&nbsp;&nbsp;&nbsp;&nbsp;&nbsp;&nbsp;&nbsp;&nbsp;&nbsp;&nbsp;&nbsp;&nbsp;&nbsp;&nbsp;&nbsp;&nbsp;&nbsp;&nbsp;&nbsp;&nbsp;&nbsp;&nbsp;&nbsp;&nbsp;&nbsp;&nbsp;&nbsp;&nbsp;&nbsp;&nbsp;&nbsp;&nbsp;&nbsp;&nbsp;&nbsp;&nbsp;&nbsp;&nbsp;&nbsp;&nbsp;&nbsp;&nbsp;&nbsp;&nbsp;&nbsp;&nbsp;&nbsp;&nbsp;&nbsp;&nbsp;&nbsp;&nbsp;&nbsp;&nbsp;<\/p>\n<p>Documento\uff1a<img decoding=\"async\" src=\"https:\/\/www.hommy.com\/wp-content\/uploads\/icon_pdf-21.gif\" style=\"margin-right: 2px\" alt=\"producto-M\u00e1quina exprimidora de ca\u00f1a de az\u00facar extractor-img-1\" title=\"\"><a href=\"https:\/\/img80002414.weyesimg.com\/uploads\/www.hommy.com\/addon\/16028282795350.pdf\" title=\"16028282795350.pdf\" style=\"font-size: 12px\">16028282795350.pdf<\/a><\/p>\n<h2>\u00bfA qu\u00e9 velocidad crece la ca\u00f1a de az\u00facar?<\/h2>\n<p style=\"margin-top: 5px;margin-bottom: 5px\"><\/p>\n<p style=\"margin-top: 5px;margin-bottom: 5px\">La ca\u00f1a de az\u00facar se cultiva en una gran variedad de climas. En los climas tropicales, la ca\u00f1a se cultiva a gran escala para obtener az\u00facar. En climas templados, la ca\u00f1a se cultiva para obtener almid\u00f3n y aceite.<\/p>\n<p style=\"margin-top: 5px;margin-bottom: 5px\"><\/p>\n<p style=\"margin-top: 5px;margin-bottom: 5px\">La ca\u00f1a de az\u00facar es una hierba que crece desde la semilla hasta la producci\u00f3n de az\u00facar. La ca\u00f1a de az\u00facar crece mejor en climas tropicales con una temperatura de entre 22 y 34 grados Celsius (71-92 grados Fahrenheit). La humedad ideal oscila entre el 60 y el 80%.<\/p>\n<p style=\"margin-top: 5px;margin-bottom: 5px\"><\/p>\n<h2>\u00bfQu\u00e9 suelo es mejor para la ca\u00f1a de az\u00facar?<\/h2>\n<p style=\"margin-top: 5px;margin-bottom: 5px\"><\/p>\n<p style=\"margin-top: 5px;margin-bottom: 5px\">La ca\u00f1a de az\u00facar es un cultivo muy competitivo y sensible a las condiciones del suelo. La ca\u00f1a de az\u00facar necesita un suelo h\u00famedo, bien drenado y \u00e1cido para una producci\u00f3n \u00f3ptima. No le gustan los suelos arcillosos densos ni los h\u00famedos y pesados. Tampoco le gustan los suelos alcalinos.<\/p>\n<p style=\"margin-top: 5px;margin-bottom: 5px\"><\/p>\n<p style=\"margin-top: 5px;margin-bottom: 5px\"><\/p>\n<h2>\u00bfPueden comer pl\u00e1tanos los diab\u00e9ticos?<\/h2>\n<p style=\"margin-top: 5px;margin-bottom: 5px\"><\/p>\n<p style=\"margin-top: 5px;margin-bottom: 5px\">Esta es una pregunta que me han hecho muchas veces los diab\u00e9ticos. La respuesta corta es s\u00ed, un diab\u00e9tico puede comer pl\u00e1tanos.<\/p>\n<p style=\"margin-top: 5px;margin-bottom: 5px\"><\/p>\n<p style=\"margin-top: 5px;margin-bottom: 5px\">Los pl\u00e1tanos son una gran elecci\u00f3n alimentaria para un diab\u00e9tico porque son muy ricos en potasio y fibra, y tambi\u00e9n contienen vitaminas y minerales, especialmente vitamina B6.<\/p>\n<\/div><\/div>","protected":false},"excerpt":{"rendered":"<p>Sugar Cane Juice Extractor Machine with cooler Sugar Cane Juice Extractor Machine with cooler|PRODUCT FEATURES|Sugarcane Juice Machine With Cooler and freezer|PRODUCT ADVANTAGE &nbsp; Frozen sugarcane juice extract machine is a professional machine used to extract the juice from sugarcane and provide customers with frozen sugarcane juice drinks.. It is an efficient and powerful machine that [&hellip;]<\/p>\n","protected":false},"featured_media":500,"comment_status":"open","ping_status":"open","template":"","meta":{"_swt_meta_header_display":false,"_swt_meta_footer_display":false,"_swt_meta_site_title_display":false,"_swt_meta_sticky_header":false,"_swt_meta_transparent_header":false},"product_brand":[],"product_cat":[75],"product_tag":[],"class_list":{"0":"post-511","1":"product","2":"type-product","3":"status-publish","4":"has-post-thumbnail","6":"product_cat-sugarcane-juice-machine","8":"first","9":"instock","10":"shipping-taxable","11":"product-type-simple"},"_links":{"self":[{"href":"https:\/\/www.hommy.com\/es\/wp-json\/wp\/v2\/product\/511","targetHints":{"allow":["GET"]}}],"collection":[{"href":"https:\/\/www.hommy.com\/es\/wp-json\/wp\/v2\/product"}],"about":[{"href":"https:\/\/www.hommy.com\/es\/wp-json\/wp\/v2\/types\/product"}],"replies":[{"embeddable":true,"href":"https:\/\/www.hommy.com\/es\/wp-json\/wp\/v2\/comments?post=511"}],"wp:featuredmedia":[{"embeddable":true,"href":"https:\/\/www.hommy.com\/es\/wp-json\/wp\/v2\/media\/500"}],"wp:attachment":[{"href":"https:\/\/www.hommy.com\/es\/wp-json\/wp\/v2\/media?parent=511"}],"wp:term":[{"taxonomy":"product_brand","embeddable":true,"href":"https:\/\/www.hommy.com\/es\/wp-json\/wp\/v2\/product_brand?post=511"},{"taxonomy":"product_cat","embeddable":true,"href":"https:\/\/www.hommy.com\/es\/wp-json\/wp\/v2\/product_cat?post=511"},{"taxonomy":"product_tag","embeddable":true,"href":"https:\/\/www.hommy.com\/es\/wp-json\/wp\/v2\/product_tag?post=511"}],"curies":[{"name":"wp","href":"https:\/\/api.w.org\/{rel}","templated":true}]}}