{"id":399,"date":"2024-07-02T13:35:40","date_gmt":"2024-07-02T13:35:40","guid":{"rendered":"http:\/\/localhost\/hommywp\/zj150-table-top-sugarcane-juicer-desktop-juice-extractor-wholesale\/"},"modified":"2025-08-01T09:57:32","modified_gmt":"2025-08-01T09:57:32","slug":"exprimidor-de-cana-de-azucar-de-mesa","status":"publish","type":"product","link":"https:\/\/www.hommy.com\/es\/p\/exprimidor-de-cana-de-azucar-de-mesa\/","title":{"rendered":"Zj150 Exprimidor de Ca\u00f1a de Az\u00facar de Mesa Extractor de Zumo de Mesa al por Mayor"},"content":{"rendered":"<div>\n<p>&nbsp;<\/p>\n<h2 style=\"text-align: center\"><strong><span style=\"font-family: arial, helvetica, sans-serif;font-size: 24px\"><a name=\"Sugar Cane Juice Extractor Machine with cooler\"><\/a>M\u00e1quina extractora de zumo de ca\u00f1a de az\u00facar con refrigerador<\/span><\/strong><\/h2>\n<p style=\"text-align: center\"><span style=\"font-size: 16px\"><span style=\"font-family: arial, helvetica, sans-serif\"><a href=\"#Sugar Cane Juice Extractor Machine with cooler\" target=\"_self\" data-lv=\"0\" rel=\"noopener\">M\u00e1quina extractora de zumo de ca\u00f1a de az\u00facar con refrigerador<\/a>|<a href=\"#PRODUCT FEATURES\" target=\"_self\" data-lv=\"0\" rel=\"noopener\">CARACTER\u00cdSTICAS DEL PRODUCTO<\/a>|<a href=\"#Sugarcane extraction process\" target=\"_self\" data-lv=\"0\" rel=\"noopener\">Proceso de extracci\u00f3n de la ca\u00f1a de az\u00facar<\/a>|<a href=\"#PRODUCT DETAILS\" target=\"_self\" data-lv=\"0\" rel=\"noopener\">DETALLES DEL PRODUCTO<\/a>|<a href=\"#PRODUCT ADVANTAGE\" target=\"_self\" data-lv=\"0\" rel=\"noopener\">VENTAJA DEL PRODUCTO<\/a><\/span><\/span><\/p>\n<p style=\"text-align: center\">&nbsp;<\/p>\n<p><!-- Video start --><video poster=\"https:\/\/img80002414.weyesimg.com\/uploads\/wij2rdgc.allweyes.com\/video\/15553140195921.mp4?vframe\/jpg\/offset\/1\" id=\"video\" preload=\"auto\" controls=\"controls\" style=\"width:100%;height:510px\"><\/video><!-- Video end --><\/p>\n<p><\/p>\n<p>Este tablero <a style=\"color:blue\" href=\"https:\/\/www.hommy.com\/es\/sugarcan-juice-machine\/\">exprimidor de ca\u00f1a de az\u00facar<\/a> ha sido dise\u00f1ada y fabricada por nuestros expertos para ofrecerle un exprimidor de la mejor calidad. Nuestra m\u00e1quina exprimidora de ca\u00f1a de az\u00facar est\u00e1 equipada con componentes de primera calidad que le proporcionan la mejor calidad de zumo. Adem\u00e1s, nuestra m\u00e1quina exprimidora est\u00e1 equipada con un consumo de energ\u00eda muy bajo que la hace energ\u00e9ticamente eficiente. Esta m\u00e1quina exprimidora es muy f\u00e1cil de manejar y est\u00e1 disponible a un precio muy razonable.&nbsp;<\/p>\n<div class=\"text-left d-tem09-title d-interval\" data-detail=\"wrap\">\n<div class=\"title-header\">\n<h2><strong><span style=\"font-size: 24px;font-family: arial, helvetica, sans-serif\"><a name=\"PRODUCT FEATURES\"><\/a>CARACTER\u00cdSTICAS DEL PRODUCTO<\/span><\/strong><\/h2>\n<div class=\"subtitle\"><span>La planta de Hommy ocupa una superficie de 30.500 metros cuadrados en la ciudad de Xinhui Jiangmen, y consta de l\u00edneas de producci\u00f3n flexibles, laboratorio de I+D, centro de aprendizaje y taller equipado con equipos de vanguardia.<\/span><\/div>\n<\/div>\n<\/div>\n<p>&nbsp;<\/p>\n<div class=\"d-tem11-graphic tem11-graphic mockup\" data-detail=\"wrap\">\n<div class=\"tab_row\">\n<div class=\"img\" style=\"width: 50%\"><img decoding=\"async\" title=\"\" alt=\"producto-Hommy-img\" src=\"https:\/\/www.hommy.com\/wp-content\/uploads\/15553143755100.jpg\"><\/div>\n<div class=\"text_box\" style=\"width: 50%\">\n<div class=\"txt\">\n<p>&nbsp;<\/p>\n<h2><strong><span style=\"font-family: arial, helvetica, sans-serif;font-size: 24px\"><a name=\"Sugarcane extraction process\"><\/a>Proceso de extracci\u00f3n de la ca\u00f1a de az\u00facar<\/span><\/strong><\/h2>\n<p>&nbsp;<\/p>\n<p style=\"line-height: 1.5em\">Silenciosa, compacta, duradera, f\u00e1cil de limpiar, higi\u00e9nica y de funcionamiento seguro.<\/p>\n<p style=\"line-height: 1.5em\"><strong><span style=\"font-size: 18px\">Rodillo<\/span><\/strong><br \/>Fabricado en acero inoxidable 100%.<br \/>F\u00e1cil de tomar el rodillo para limpiar cada vez .<br \/>La ca\u00f1a de az\u00facar se tritura en una sola pasada con extracci\u00f3n 85% .<\/p>\n<p style=\"line-height: 1.5em\"><strong><span style=\"font-size: 18px\">Motorreductor<\/span><\/strong><br \/>Motorreductor de velocidad reducida para par m\u00e1ximo ,1\/2HP ,400watt, Monof\u00e1sico.<br \/>\nCa\u00f1a<br \/>Acomoda tallos de ca\u00f1a de az\u00facar de hasta 2-1\/4\" de di\u00e1metro.<\/p>\n<p style=\"line-height: 1.5em\"><strong><span style=\"font-size: 18px\">Sistema de control<\/span><\/strong><br \/>El rodillo de trabajo puede avanzar hacia atr\u00e1s Interruptor <br \/>Seguridad<br \/>Interruptor de seguridad de enclavamiento autom\u00e1tico<br \/>Higi\u00e9nico<\/p>\n<p>&nbsp;<\/p>\n<\/div>\n<\/div>\n<\/div>\n<\/div>\n<p>&nbsp;<\/p>\n<div class=\"text-left d-tem09-title d-interval\" data-detail=\"wrap\">\n<div class=\"title-header\">\n<h2><strong><span style=\"font-size: 24px;font-family: arial, helvetica, sans-serif\"><a name=\"PRODUCT DETAILS\"><\/a>DETALLES DEL PRODUCTO<\/span><\/strong><\/h2>\n<div class=\"subtitle\"><span>Tras a\u00f1os de desarrollo, hemos establecido una red de distribuci\u00f3n a gran escala en varios pa\u00edses y recibimos buenos comentarios de nuestros clientes.<\/span><\/div>\n<\/div>\n<\/div>\n<p>&nbsp;<\/p>\n<div class=\"d-tem18-graphic d-clearfix d-interval mockup clearfix\" data-detail=\"wrap\">\n<div class=\"col-lg-4 col-md-4 col-sm-4 col-xs-6\">\n<div class=\"item\">\n<div class=\"images\"><img decoding=\"async\" title=\"\" alt=\"producto-Hommy-img\" src=\"https:\/\/www.hommy.com\/wp-content\/uploads\/15553143982359.jpg\"><\/div>\n<\/div>\n<\/div>\n<div class=\"col-lg-4 col-md-4 col-sm-4 col-xs-6\">\n<div class=\"item\">\n<div class=\"images\"><img decoding=\"async\" title=\"\" alt=\"product-Hommy-ZJ150 Exprimidor de ca\u00f1a de az\u00facar de mesa-img\" src=\"https:\/\/www.hommy.com\/wp-content\/uploads\/15553144069641.jpg\"><\/div>\n<\/div>\n<\/div>\n<div class=\"col-lg-4 col-md-4 col-sm-4 col-xs-6\">\n<div class=\"item\">\n<div class=\"images\"><img decoding=\"async\" title=\"\" alt=\"product-ZJ150 Exprimidor de ca\u00f1a de az\u00facar de mesa-Hommy-img\" src=\"https:\/\/www.hommy.com\/wp-content\/uploads\/15553144137588.jpg\"><\/div>\n<\/div>\n<\/div>\n<\/div>\n<p>&nbsp;<\/p>\n<div class=\"d-tem18-graphic d-clearfix d-interval mockup clearfix\" data-detail=\"wrap\">\n<div class=\"col-lg-4 col-md-4 col-sm-4 col-xs-6\">\n<div class=\"item\">\n<div class=\"images\"><img decoding=\"async\" title=\"\" alt=\"producto-Hommy-img\" src=\"https:\/\/www.hommy.com\/wp-content\/uploads\/15553144276886.jpg\"><\/div>\n<\/div>\n<\/div>\n<div class=\"col-lg-4 col-md-4 col-sm-4 col-xs-6\">\n<div class=\"item\">\n<div class=\"images\"><img decoding=\"async\" title=\"\" alt=\"producto-Hommy-img\" src=\"https:\/\/www.hommy.com\/wp-content\/uploads\/15553144368062.jpg\"><\/div>\n<\/div>\n<\/div>\n<div class=\"col-lg-4 col-md-4 col-sm-4 col-xs-6\">\n<div class=\"item\">\n<div class=\"images\"><img decoding=\"async\" title=\"\" alt=\"producto-Hommy-img-1\" src=\"https:\/\/www.hommy.com\/wp-content\/uploads\/15553144427240.jpg\"><\/div>\n<\/div>\n<\/div>\n<\/div>\n<p>&nbsp;<\/p>\n<div class=\"text-left d-tem09-title d-interval\" data-detail=\"wrap\">\n<div class=\"title-header\">\n<h2><span style=\"font-family: arial, helvetica, sans-serif\"><strong><span style=\"font-size: 24px\"><a name=\"Product Advantage\"><\/a>VENTAJA DEL PRODUCTO<\/span><\/strong><\/span><\/h2>\n<p><span>Adem\u00e1s, los ingenieros m\u00e1s cualificados, los tecn\u00f3logos m\u00e1s h\u00e1biles y el personal con m\u00e1s conocimientos contribuyen en gran medida al desarrollo de la empresa.<\/span><\/p>\n<p><span><img loading=\"lazy\" decoding=\"async\" title=\"\" alt=\"producto-Hommy-img-1\" src=\"https:\/\/www.hommy.com\/wp-content\/uploads\/15553145973638.jpg\" style=\"font-size: 0px;width: 200px;height: 600px\" width=\"200\" height=\"600\" border=\"0\" vspace=\"0\"><\/span><\/p>\n<p><span><span style=\"text-align: center\"><img loading=\"lazy\" decoding=\"async\" src=\"https:\/\/www.hommy.com\/wp-content\/uploads\/15795117582501.jpg\" title=\"\" alt=\"product-Hommy-ZJ150 Exprimidor de ca\u00f1a de az\u00facar de mesa-img-1\" width=\"200\" height=\"666\" border=\"0\" vspace=\"0\" style=\"width: 200px;height: 666px\"><\/span><\/span><\/p>\n<p><span><span style=\"text-align: center\">1.Roller:100% Acero inoxidable #304 pasar rodillo de calidad alimentaria<\/span><br style=\"text-align: center\" \/><span style=\"text-align: center\">Rodillo f\u00e1cil de sacar para limpiar todos los d\u00edas&nbsp;<\/span><br style=\"text-align: center\" \/><span style=\"text-align: center\">Calentador de zumo para llevar : 85%&nbsp;<\/span><\/span><\/p>\n<p><span><img loading=\"lazy\" decoding=\"async\" src=\"https:\/\/www.hommy.com\/wp-content\/uploads\/15795118756560.jpg\" title=\"\" alt=\"producto-ZJ150 Exprimidor de ca\u00f1a de az\u00facar de mesa-Hommy-img-1\" width=\"200\" height=\"498\" border=\"0\" vspace=\"0\" style=\"width: 200px;height: 498px\"><\/span><\/p>\n<p><span><br style=\"text-align: center\" \/><span style=\"text-align: center\">2.Cuerpo de acero inoxidable .<\/span><\/span><\/p>\n<\/div>\n<\/div>\n<p>Documento:<img decoding=\"async\" src=\"https:\/\/www.hommy.com\/wp-content\/uploads\/icon_pdf-11.gif\" style=\"margin-right: 2px\" alt=\"producto-Hommy-img-1\" title=\"\"><a href=\"https:\/\/img80002414.weyesimg.com\/uploads\/www.hommy.com\/addon\/16028268331685.pdf\" title=\"16028268331685.pdf\" style=\"font-size: 12px\">16028268331685.pdf<\/a><\/p>\n<h2 style=\"font-family: sans-serif\">\u00bfPuedo congelar el zumo de ca\u00f1a de az\u00facar?<\/h2>\n<p style=\"margin-top: 5px;margin-bottom: 5px;font-family: sans-serif;font-size: 16px\">S\u00ed, es lo mismo que congelar limonada.  Eso s\u00ed, no la congeles demasiado o el zumo tendr\u00e1 az\u00facar cristalizado.  Si s\u00f3lo quieres guardarlo, m\u00e9telo en el frigor\u00edfico y aguantar\u00e1 una semana.<\/p>\n<p style=\"margin-top: 5px;margin-bottom: 5px;font-family: sans-serif;font-size: 16px\"><\/p>\n<h2 style=\"font-family: sans-serif\">\u00bfCu\u00e1ntas toneladas de ca\u00f1a de az\u00facar crecen en un acre?<\/h2>\n<p style=\"margin-top: 5px;margin-bottom: 5px;font-family: sans-serif;font-size: 16px\">Seg\u00fan el USDA, una tonelada de ca\u00f1a de az\u00facar equivale a 1.000 kilogramos. Este es el rendimiento medio de los productores comerciales de ca\u00f1a de az\u00facar en Estados Unidos. En 2014, el USDA inform\u00f3 que el rendimiento promedio para todos los productores de ca\u00f1a de az\u00facar fue de 5,383 toneladas de ca\u00f1a de az\u00facar por acre. Esto incluye todos los tipos de ca\u00f1a de az\u00facar, incluyendo seca y h\u00fameda.<\/p>\n<p style=\"margin-top: 5px;margin-bottom: 5px;font-family: sans-serif;font-size: 16px\"><\/p>\n<h2 style=\"font-family: sans-serif\">\u00bfCu\u00e1nto puede durar el zumo de ca\u00f1a de az\u00facar?<\/h2>\n<p style=\"margin-top: 5px;margin-bottom: 5px;font-family: sans-serif;font-size: 16px\">Aunque no he realizado ning\u00fan estudio a largo plazo sobre el zumo de ca\u00f1a de az\u00facar, tengo entendido que el zumo de ca\u00f1a de az\u00facar es mejor cuando se consume inmediatamente despu\u00e9s de su elaboraci\u00f3n.&nbsp;<\/p>\n<\/div><\/div>","protected":false},"excerpt":{"rendered":"<p>&nbsp; Sugar Cane Juice Extractor Machine with cooler Sugar Cane Juice Extractor Machine with cooler|PRODUCT FEATURES|Sugarcane extraction process|PRODUCT DETAILS|PRODUCT ADVANTAGE &nbsp; This Table top sugarcane juicer machine is designed and manufactured by our experts to provide you the best quality juicer. Our sugarcane juicer machine is equipped with top grade components that provide you the [&hellip;]<\/p>\n","protected":false},"featured_media":388,"comment_status":"open","ping_status":"open","template":"","meta":{"_swt_meta_header_display":false,"_swt_meta_footer_display":false,"_swt_meta_site_title_display":false,"_swt_meta_sticky_header":false,"_swt_meta_transparent_header":false},"product_brand":[],"product_cat":[75],"product_tag":[],"class_list":{"0":"post-399","1":"product","2":"type-product","3":"status-publish","4":"has-post-thumbnail","6":"product_cat-sugarcane-juice-machine","8":"first","9":"instock","10":"shipping-taxable","11":"product-type-simple"},"_links":{"self":[{"href":"https:\/\/www.hommy.com\/es\/wp-json\/wp\/v2\/product\/399","targetHints":{"allow":["GET"]}}],"collection":[{"href":"https:\/\/www.hommy.com\/es\/wp-json\/wp\/v2\/product"}],"about":[{"href":"https:\/\/www.hommy.com\/es\/wp-json\/wp\/v2\/types\/product"}],"replies":[{"embeddable":true,"href":"https:\/\/www.hommy.com\/es\/wp-json\/wp\/v2\/comments?post=399"}],"wp:featuredmedia":[{"embeddable":true,"href":"https:\/\/www.hommy.com\/es\/wp-json\/wp\/v2\/media\/388"}],"wp:attachment":[{"href":"https:\/\/www.hommy.com\/es\/wp-json\/wp\/v2\/media?parent=399"}],"wp:term":[{"taxonomy":"product_brand","embeddable":true,"href":"https:\/\/www.hommy.com\/es\/wp-json\/wp\/v2\/product_brand?post=399"},{"taxonomy":"product_cat","embeddable":true,"href":"https:\/\/www.hommy.com\/es\/wp-json\/wp\/v2\/product_cat?post=399"},{"taxonomy":"product_tag","embeddable":true,"href":"https:\/\/www.hommy.com\/es\/wp-json\/wp\/v2\/product_tag?post=399"}],"curies":[{"name":"wp","href":"https:\/\/api.w.org\/{rel}","templated":true}]}}