{"id":367,"date":"2024-07-02T13:06:07","date_gmt":"2024-07-02T13:06:07","guid":{"rendered":"http:\/\/localhost\/hommywp\/pa-c5b-auto-touch-screen-hot-dog-lunch-vending-machine\/"},"modified":"2025-08-01T09:57:32","modified_gmt":"2025-08-01T09:57:32","slug":"pa-c5b-maquina-expendedora-automatica-de-alimentos-calientes-y-congelados","status":"publish","type":"product","link":"https:\/\/www.hommy.com\/es\/p\/pa-c5b-maquina-expendedora-automatica-de-alimentos-calientes-y-congelados\/","title":{"rendered":"Pa-C5b M\u00e1quina expendedora de salchichas con pantalla t\u00e1ctil autom\u00e1tica"},"content":{"rendered":"<div>\n<h1 style=\"text-align: center\"><strong><span style=\"letter-spacing: 0px;font-family: arial, helvetica, sans-serif;font-size: 24px\"><a name=\"Hot meal vending machine in 24 hours\"><\/a>M\u00e1quina expendedora de comida caliente en 24 horas<\/span><\/strong><\/h1>\n<p style=\"text-align: center\"><a href=\"#Hot meal vending machine in 24 hours\" target=\"_self\" data-lv=\"0\" rel=\"noopener\"><span style=\"letter-spacing: 0px;font-family: arial, helvetica, sans-serif;font-size: 18px\">M\u00e1quina expendedora de comida caliente en 24 horas<\/span><\/a><span style=\"letter-spacing: 0px;font-family: arial, helvetica, sans-serif;font-size: 18px\">|<a href=\"#Product Features\" target=\"_self\" data-lv=\"0\" rel=\"noopener\">Caracter\u00edsticas del producto<\/a>|<a href=\"#Product specification\" target=\"_self\" data-lv=\"0\" rel=\"noopener\">Especificaci\u00f3n del producto<\/a>|<a href=\"#Product Advantage\" target=\"_self\" data-lv=\"0\" rel=\"noopener\">Ventajas del producto<\/a><\/span><\/p>\n<p><strong><span style=\"letter-spacing: 0px;font-family: arial, helvetica, sans-serif;font-size: 24px\"><br \/><\/span><\/strong><\/p>\n<p><\/p>\n<p style=\"text-align: center\">&nbsp;&nbsp;&nbsp;&nbsp;<\/p>\n<p><span style=\"font-family:\u5b8b\u4f53;letter-spacing:0;font-size:29px\">Hemos estado haciendo esto durante los \u00faltimos a\u00f1os. Nuestras m\u00e1quinas expendedoras de perritos calientes est\u00e1n dise\u00f1adas para hacerle ganar dinero. Las m\u00e1quinas expendedoras de perritos calientes son conocidos por ser los alimentos m\u00e1s populares en el mercado hoy en d\u00eda. Hay muchos alimentos diferentes que tambi\u00e9n se venden en el mercado hoy en d\u00eda. Nuestras m\u00e1quinas expendedoras de salchichas est\u00e1n dise\u00f1adas espec\u00edficamente para permitirle ganar dinero con la venta de salchichas en el mercado. Las m\u00e1quinas expendedoras de perritos calientes se pueden instalar en el mercado para que los clientes puedan hacer sus pedidos f\u00e1cilmente. Las m\u00e1quinas expendedoras de salchichas son muy f\u00e1ciles de usar e instalar.<\/span><\/p>\n<p><span style=\"font-family:\u5b8b\u4f53;letter-spacing:0;font-size:29px\"><\/span><\/p>\n<div class=\"d-tem01-graphic tem01-graphic mockup\" data-detail=\"wrap\">\n<div class=\"cont-section clearfix d-clearfix\">\n<div class=\"col-md-6 col-sm-6 col-xs-6\">\n<p><\/p>\n<p><\/p>\n<p><\/p>\n<p><\/p>\n<div class=\"graphic_pic animated wow bounceIn\" data-wow-delay=\".7s\">\n<p style=\"text-align:center\"><img loading=\"lazy\" decoding=\"async\" src=\"https:\/\/www.hommy.com\/wp-content\/uploads\/16103279005601.jpg\" alt=\"product-Hommy-PA-C5B M\u00e1quina expendedora autom\u00e1tica de alimentos calientes y congelados-img\" title=\"\" width=\"550\" height=\"500\" border=\"0\" vspace=\"0\" style=\"width: 550px;height: 500px\"><\/p>\n<\/div>\n<\/div>\n<div class=\"col-md-6 col-sm-6 col-xs-6\">\n<div class=\"right-p\">\n<div class=\"h2 heading\">\n<p><span style=\"font-family:Calibri;font-size:21px\"><\/span><\/p>\n<h1><span style=\"font-size: 24px\"><strong><span style=\"letter-spacing: 0px;font-family: arial, helvetica, sans-serif\"><a name=\"Product Features\"><\/a>Caracter\u00edsticas del producto<\/span><\/strong><\/span><\/h1>\n<p><span style=\"font-size: 24px\"><strong><span style=\"letter-spacing: 0px;font-family: arial, helvetica, sans-serif\"><br \/><\/span><\/strong><\/span><\/p>\n<p><span style=\"font-family: arial, helvetica, sans-serif;font-size: 18px\">1. Pantalla t\u00e1ctil de 32\" para promoci\u00f3n y operaci\u00f3n. 2. Sistema de gesti\u00f3n de plataforma en la nube. <br \/><\/span><\/p>\n<p style=\"margin: 0 0 17px;text-indent: 0;padding: 0;line-height: 18px\"><span style=\"font-family: arial, helvetica, sans-serif;font-size: 18px\">2. Ventana visual del producto. La puerta est\u00e1 hecha en dos capas de vidrio visual totalmente sellado y exterior con una capa de pel\u00edcula de vidrio con funci\u00f3n de descongelaci\u00f3n autom\u00e1tica.<\/span><\/p>\n<p style=\"margin: 0 0 17px;text-indent: 0;padding: 0;line-height: 18px\"><span style=\"font-family: arial, helvetica, sans-serif;font-size: 18px\">3. 3. Sistema de pago<span style=\"font-family: arial, helvetica, sans-serif;font-size: 21px\">\uff1a<\/span><\/span><\/p>\n<p style=\"margin: 0 0 17px;text-indent: 0;padding: 0\"><span style=\"font-family: arial, helvetica, sans-serif;font-size: 18px\">4. El interior de la m\u00e1quina puede mantener 81pcs comida sellada, comida sellada tama\u00f1o: 8 \"(L)x5 1\/8\"(W)*1 3\/8\"(H). <\/span><\/p>\n<p style=\"margin-left:0;text-indent:0\"><span style=\"font-family: arial, helvetica, sans-serif;font-size: 18px\">5. Hay 1-27 tipos de alimentos disponibles para la venta, y el precio y el tiempo de calentamiento de cada art\u00edculo se pueden configurar por separado.<\/span><\/p>\n<p style=\"margin-left:0;text-indent:0\"><span style=\"font-family: arial, helvetica, sans-serif;font-size: 18px\">6. La temperatura de la sala de almacenamiento est\u00e1 disponible desde 0\u2103\uff5e4\u2103. Puede ser base de la disposici\u00f3n en diversos productos.<\/span><\/p>\n<p style=\"margin-left:0;text-indent:0\"><span style=\"font-size: 18px;font-family: arial, helvetica, sans-serif\"><span style=\"font-size: 18px\">7. Temperatura de calentamiento: &nbsp;<\/span>60\u2103\uff5e90\u2103. N<span style=\"font-size: 18px;letter-spacing: 0px\">Se necesitan 45 segundos para hornear un plato precintado (fresco, nunca congelado).<\/span><span style=\"font-size: 18px;letter-spacing: 0px\">&nbsp;<\/span><span style=\"font-size: 18px\">El tiempo de calentamiento puede ajustarse en funci\u00f3n de los materiales.&nbsp;<\/span><\/span><\/p>\n<p style=\"margin-left:0;text-indent:0\"><span style=\"font-family: arial, helvetica, sans-serif;font-size: 18px\">8. M\u00e9todo de calentamiento: horno microondas comercial patentado (potencia del horno microondas: 3000W) <\/span><\/p>\n<p style=\"margin-left:0;text-indent:0\"><span style=\"font-family: arial, helvetica, sans-serif;font-size: 18px\">9. Velocidad de entrega de la barra de empuje: 60\uff5e90 segundos. La velocidad variar\u00e1 para diferentes capas de palets. <\/span><\/p>\n<p style=\"margin-left:0;text-indent:0\"><span style=\"font-family: arial, helvetica, sans-serif;font-size: 18px\">10. Material del cuerpo de la m\u00e1quina: moldeado de espuma de toda la m\u00e1quina, buen aislamiento t\u00e9rmico. &nbsp;<\/span><\/p>\n<p style=\"margin-left:0;text-indent:0\"><span style=\"font-family: arial, helvetica, sans-serif;font-size: 18px\">11. Compresor: potencia 550W, Marca Embraco\uff0cRefrigerante 134A.<\/span><\/p>\n<\/div>\n<\/div>\n<p>&nbsp; &nbsp; &nbsp; &nbsp; &nbsp; &nbsp;<\/p><\/div>\n<\/div>\n<\/div>\n<h1><span style=\"font-size: 24px;font-family: arial, helvetica, sans-serif\"><strong><span style=\"font-size: 24px;letter-spacing: 0px\"><br \/><\/span><\/strong><\/span><\/h1>\n<h1><span style=\"font-size: 24px;font-family: arial, helvetica, sans-serif\"><strong><span style=\"font-size: 24px;letter-spacing: 0px\"><a name=\"Product specification\"><\/a>Especificaci\u00f3n del producto<\/span><\/strong><\/span><\/h1>\n<p><span style=\"font-size: 24px;font-family: arial, helvetica, sans-serif\"><strong><span style=\"font-size: 24px;letter-spacing: 0px\"><br \/><\/span><\/strong><\/span><\/p>\n<p><span style=\"font-size: 24px;font-family: arial, helvetica, sans-serif\"><strong><span style=\"font-size: 24px;letter-spacing: 0px\"><img decoding=\"async\" src=\"https:\/\/www.hommy.com\/wp-content\/uploads\/16103283228193.png\" alt=\"producto-Hommy-img\" title=\"\"><\/span><\/strong><\/span><\/p>\n<h1><span style=\"font-family: arial, helvetica, sans-serif;font-size: 24px\"><strong><span style=\"font-family: arial, helvetica, sans-serif;letter-spacing: 0px\"><br \/><\/span><\/strong><\/span><\/h1>\n<h1><span style=\"font-family: arial, helvetica, sans-serif;font-size: 24px\"><strong><span style=\"font-family: arial, helvetica, sans-serif;letter-spacing: 0px\"><a name=\"Product Advantage\"><\/a>Ventajas del producto<\/span><\/strong><\/span><\/h1>\n<p><span style=\"font-family: arial, helvetica, sans-serif;font-size: 24px\"><strong><span style=\"font-family: arial, helvetica, sans-serif;letter-spacing: 0px\"><\/span><\/strong><\/span><\/p>\n<div class=\"d-tem01-graphic tem01-graphic mockup\" data-detail=\"wrap\">\n<div class=\"cont-section clearfix d-clearfix\">\n<div class=\"col-md-6 col-sm-6 col-xs-6\">\n<div class=\"right-p\">\n<div class=\"h2 heading\">\n<p style=\"margin-top: 0;margin-right: 0;margin-bottom: 0;padding: 0;vertical-align: baseline\"><span style=\"letter-spacing: 0px;font-family: arial, helvetica, sans-serif;font-size: 18px\">1. Salida del eje XY del manipulador inteligente y entrega del elevador&nbsp;<\/span><\/p>\n<p style=\"margin-top: 0;margin-right: 0;margin-bottom: 0;padding: 0;vertical-align: baseline\"><span style=\"letter-spacing: 0px;font-family: arial, helvetica, sans-serif;font-size: 18px\"><br \/><\/span><\/p>\n<p style=\"margin-top: 0;margin-right: 0;margin-bottom: 0;padding: 0;vertical-align: baseline\"><span style=\"letter-spacing: 0px;font-family: arial, helvetica, sans-serif;font-size: 18px\"><br \/><\/span><\/p>\n<\/div>\n<\/div>\n<div class=\"graphic_pic animated wow bounceIn\" data-wow-delay=\".7s\">\n<p style=\"text-align:center\"><img loading=\"lazy\" decoding=\"async\" src=\"https:\/\/www.hommy.com\/wp-content\/uploads\/16103285159669.jpg\" alt=\"producto-Hommy-img\" title=\"\" width=\"350\" height=\"500\" border=\"0\" vspace=\"0\" style=\"width: 350px;height: 500px\"><\/p>\n<\/div>\n<\/div>\n<div class=\"col-md-6 col-sm-6 col-xs-6\">\n<div class=\"right-p\">\n<div class=\"h2 heading\">\n<p style=\"text-indent: 0;padding: 0;vertical-align: baseline\"><span style=\"letter-spacing: 0px;font-size: 18px;font-family: arial, helvetica, sans-serif\">2. Mayor capacidad de 81 piezas: 3 carriles por capa X 3 cajas\/carril X 9 capas = 81 piezas.<\/span><\/p>\n<p style=\"text-indent: 0;padding: 0;vertical-align: baseline\"><span style=\"letter-spacing: 0px;font-size: 18px;font-family: arial, helvetica, sans-serif\"><br \/><\/span><\/p>\n<\/div>\n<\/div>\n<div class=\"graphic_pic animated wow bounceIn\" data-wow-delay=\".7s\">\n<p style=\"text-align:center\"><img loading=\"lazy\" decoding=\"async\" src=\"https:\/\/www.hommy.com\/wp-content\/uploads\/16103285488561.png\" alt=\"product-PA-C5B M\u00e1quina expendedora autom\u00e1tica de alimentos calientes y congelados-Hommy-img\" title=\"\" width=\"350\" height=\"500\" border=\"0\" vspace=\"0\" style=\"width: 350px;height: 500px\"><\/p>\n<\/div>\n<\/div>\n<\/div>\n<\/div>\n<p><span style=\"font-family: arial, helvetica, sans-serif;font-size: 24px\"><strong><span style=\"font-family: arial, helvetica, sans-serif;letter-spacing: 0px\"><\/span><\/strong><\/span><\/p>\n<div class=\"d-tem01-graphic tem01-graphic mockup\" data-detail=\"wrap\">\n<div class=\"cont-section clearfix d-clearfix\">\n<div class=\"col-md-6 col-sm-6 col-xs-6\">\n<div class=\"right-p\">\n<div class=\"h2 heading\">\n<p><span style=\"font-family: arial, helvetica, sans-serif;font-size: 18px\"><span style=\"font-family: arial, helvetica, sans-serif;letter-spacing: 0px\">3.&nbsp;<\/span><span style=\"font-family: arial, helvetica, sans-serif\">El sistema de pago puede aceptar: moneda, billete, moneda de cambio, interfaz de tarjeta de cr\u00e9dito.<\/span><\/span><\/p>\n<\/div>\n<\/div>\n<div class=\"graphic_pic animated wow bounceIn\" data-wow-delay=\".7s\">\n<p style=\"text-align:center\"><img loading=\"lazy\" decoding=\"async\" src=\"https:\/\/www.hommy.com\/wp-content\/uploads\/16103285763964.png\" alt=\"producto-Hommy-img\" title=\"\" width=\"350\" height=\"500\" border=\"0\" vspace=\"0\" style=\"width: 350px;height: 500px\"><\/p>\n<\/div>\n<\/div>\n<div class=\"col-md-6 col-sm-6 col-xs-6\">\n<div class=\"right-p\">\n<div class=\"h2 heading\">\n<p><span style=\"font-size: 18px;font-family: arial, helvetica, sans-serif\">4. 4. Sistema de gesti\u00f3n remota por ordenador: consulta de detalles de ventas, recordatorios de escasez, recordatorio de aver\u00eda de la m\u00e1quina.<\/span><\/p>\n<\/div>\n<\/div>\n<div class=\"graphic_pic animated wow bounceIn\" data-wow-delay=\".7s\">\n<p style=\"text-align:center\"><img loading=\"lazy\" decoding=\"async\" src=\"https:\/\/www.hommy.com\/wp-content\/uploads\/16103286021739.jpg\" alt=\"producto-Hommy-img\" title=\"\" width=\"350\" height=\"500\" border=\"0\" vspace=\"0\" style=\"width: 350px;height: 500px\"><\/p>\n<\/div>\n<\/div>\n<\/div>\n<\/div>\n<h2>\u00bfQu\u00e9 ciudad tiene m\u00e1s m\u00e1quinas expendedoras?<\/h2>\n<p style=\"margin-top: 5px;margin-bottom: 5px\"><\/p>\n<p style=\"margin-top: 5px;margin-bottom: 5px\">Estas son algunas de las respuestas m\u00e1s populares a esa pregunta.<\/p>\n<p style=\"margin-top: 5px;margin-bottom: 5px\"><\/p>\n<p style=\"margin-top: 5px;margin-bottom: 5px\">\u00bfLa ciudad con m\u00e1s m\u00e1quinas expendedoras del mundo?<\/p>\n<p style=\"margin-top: 5px;margin-bottom: 5px\"><\/p>\n<p style=\"margin-top: 5px;margin-bottom: 5px\">Seg\u00fan un nuevo informe de un estudio de la Universidad de California en San Diego (UCSD), Los \u00c1ngeles es la ciudad del mundo con m\u00e1s m\u00e1quinas expendedoras.<\/p>\n<p style=\"margin-top: 5px;margin-bottom: 5px\"><\/p>\n<p style=\"margin-top: 5px;margin-bottom: 5px\">El estudio tambi\u00e9n revel\u00f3 que en la ciudad hay m\u00e1s de una m\u00e1quina expendedora por cada 1.000 habitantes, pero sigue habiendo m\u00e1s del doble que en la siguiente ciudad m\u00e1s poblada, Nueva York.<\/p>\n<p style=\"margin-top: 5px;margin-bottom: 5px\"><\/p>\n<h2>\u00bfSon rentables las m\u00e1quinas expendedoras en l\u00ednea?<\/h2>\n<p style=\"margin-top: 5px;margin-bottom: 5px\"><\/p>\n<p style=\"margin-top: 5px;margin-bottom: 5px\">En pocas palabras, las m\u00e1quinas expendedoras en l\u00ednea son una soluci\u00f3n en l\u00ednea al problema del suministro de productos a los consumidores. Las m\u00e1quinas expendedoras en l\u00ednea son el equivalente en l\u00ednea de una m\u00e1quina expendedora, salvo que est\u00e1n basadas en la web.<\/p>\n<p style=\"margin-top: 5px;margin-bottom: 5px\"><\/p>\n<p style=\"margin-top: 5px;margin-bottom: 5px\">La m\u00e1quina expendedora en l\u00ednea permite a una empresa vender productos en l\u00ednea, sin tener que preocuparse de la log\u00edstica f\u00edsica de un producto. En su lugar, las m\u00e1quinas expendedoras en l\u00ednea se encargan del cumplimiento del producto.<\/p>\n<p style=\"margin-top: 5px;margin-bottom: 5px\"><\/p>\n<p style=\"margin-top: 5px;margin-bottom: 5px\"><\/p>\n<p style=\"margin-top: 5px;margin-bottom: 5px\">\u00bfQu\u00e9 se vende mejor en una m\u00e1quina expendedora? Una de las respuestas m\u00e1s interesantes procede de una entrevista reciente al inventor de la \"Tootsie Pop\" y de la moderna barra de caramelo, Forrest Mars, a quien le hicieron la pregunta de qu\u00e9 pondr\u00eda en una m\u00e1quina expendedora.<\/p>\n<\/p><\/div>","protected":false},"excerpt":{"rendered":"<p>Hot meal vending machine in 24 hours Hot meal vending machine in 24 hours|Product Features|Product specification|Product Advantage &nbsp;&nbsp;&nbsp;&nbsp; We have been doing this for the past several years. Our hot dog vending machines are designed to make you money. The hot dog vending machines are known to be the most popular food items in the [&hellip;]<\/p>\n","protected":false},"featured_media":361,"comment_status":"open","ping_status":"open","template":"","meta":{"_swt_meta_header_display":false,"_swt_meta_footer_display":false,"_swt_meta_site_title_display":false,"_swt_meta_sticky_header":false,"_swt_meta_transparent_header":false},"product_brand":[],"product_cat":[74,68],"product_tag":[],"class_list":{"0":"post-367","1":"product","2":"type-product","3":"status-publish","4":"has-post-thumbnail","6":"product_cat-hot-food-vending-machine","7":"product_cat-vending-machine","9":"first","10":"instock","11":"shipping-taxable","12":"product-type-simple"},"_links":{"self":[{"href":"https:\/\/www.hommy.com\/es\/wp-json\/wp\/v2\/product\/367","targetHints":{"allow":["GET"]}}],"collection":[{"href":"https:\/\/www.hommy.com\/es\/wp-json\/wp\/v2\/product"}],"about":[{"href":"https:\/\/www.hommy.com\/es\/wp-json\/wp\/v2\/types\/product"}],"replies":[{"embeddable":true,"href":"https:\/\/www.hommy.com\/es\/wp-json\/wp\/v2\/comments?post=367"}],"wp:featuredmedia":[{"embeddable":true,"href":"https:\/\/www.hommy.com\/es\/wp-json\/wp\/v2\/media\/361"}],"wp:attachment":[{"href":"https:\/\/www.hommy.com\/es\/wp-json\/wp\/v2\/media?parent=367"}],"wp:term":[{"taxonomy":"product_brand","embeddable":true,"href":"https:\/\/www.hommy.com\/es\/wp-json\/wp\/v2\/product_brand?post=367"},{"taxonomy":"product_cat","embeddable":true,"href":"https:\/\/www.hommy.com\/es\/wp-json\/wp\/v2\/product_cat?post=367"},{"taxonomy":"product_tag","embeddable":true,"href":"https:\/\/www.hommy.com\/es\/wp-json\/wp\/v2\/product_tag?post=367"}],"curies":[{"name":"wp","href":"https:\/\/api.w.org\/{rel}","templated":true}]}}