{"id":360,"date":"2024-07-02T13:06:03","date_gmt":"2024-07-02T13:06:03","guid":{"rendered":"http:\/\/localhost\/hommywp\/pa-c5a-buy-china-popular-intelligent-hamburger-vending-machine\/"},"modified":"2025-08-01T09:57:32","modified_gmt":"2025-08-01T09:57:32","slug":"maquina-expendedora-de-hamburguesas-pa-c5a","status":"publish","type":"product","link":"https:\/\/www.hommy.com\/es\/p\/maquina-expendedora-de-hamburguesas-pa-c5a\/","title":{"rendered":"Pa-C5A Comprar Popular m\u00e1quina expendedora inteligente de hamburguesas de China"},"content":{"rendered":"<div>\n<p style=\"margin: 0px;text-align: center\"><\/p>\n<h1 style=\"margin: 0px;text-align: center\"><strong><span style=\"letter-spacing: 0px;font-family: arial, helvetica, sans-serif;font-size: 24px\"><a name=\"Hot and Freeze vending machine 24hours\"><\/a>M\u00e1quina expendedora de productos calientes y congelados 24 horas<\/span><\/strong><br \/><\/h1>\n<p style=\"text-align: center\"><a href=\"#Hot and Freeze vending machine 24hours\" target=\"_self\" data-lv=\"0\" rel=\"noopener\"><span style=\"letter-spacing: 0px;font-family: arial, helvetica, sans-serif;font-size: 18px\">M\u00e1quina expendedora de productos calientes y congelados 24 horas<\/span><\/a><span style=\"letter-spacing: 0px;font-family: arial, helvetica, sans-serif;font-size: 18px\">|<a href=\"#Product Features\" target=\"_self\" data-lv=\"0\" rel=\"noopener\">Caracter\u00edsticas del producto<\/a>|<a href=\"#Product specification\" target=\"_self\" data-lv=\"0\" rel=\"noopener\">Especificaci\u00f3n del producto<\/a>|<a href=\"#Product Advantage\" target=\"_self\" data-lv=\"0\" rel=\"noopener\">Ventajas del producto<\/a><\/span><\/p>\n<p><\/p>\n<p style=\"text-align: center\">&nbsp;&nbsp;&nbsp;&nbsp;<\/p>\n<p>Nuestra clientela est\u00e1 formada por las principales cadenas minoristas de todo el pa\u00eds. Estas m\u00e1quinas ayudan a mejorar las ventas de su marca y la satisfacci\u00f3n de sus clientes. Se utilizan para la venta de hamburguesas en restaurantes, colegios, clubes, universidades, oficinas y centros comerciales. Estos tambi\u00e9n est\u00e1n dise\u00f1ados y fabricados por nuestros dise\u00f1adores competentes utilizando materias primas de excelente calidad y tecnolog\u00eda avanzada.<\/p>\n<p><\/p>\n<p>Estas m\u00e1quinas expendedoras de alimentos permiten a los clientes seleccionar las hamburguesas seg\u00fan sus preferencias. Podemos personalizar estas m\u00e1quinas seg\u00fan la elecci\u00f3n de nuestros clientes. Estas m\u00e1quinas pueden personalizarse seg\u00fan los requisitos de nuestros clientes. Tambi\u00e9n puede personalizar estas m\u00e1quinas de acuerdo con la elecci\u00f3n deseada de sus clientes.<\/p>\n<p><span style=\"font-family:\u5b8b\u4f53;letter-spacing:0;font-size:29px\"><\/span><\/p>\n<div class=\"d-tem01-graphic tem01-graphic mockup\" data-detail=\"wrap\">\n<div class=\"cont-section clearfix d-clearfix\">\n<div class=\"col-md-6 col-sm-6 col-xs-6\"><\/p>\n<div class=\"graphic_pic animated wow bounceIn\" data-wow-delay=\".7s\">\n<p style=\"text-align:center\"><img decoding=\"async\" src=\"https:\/\/www.hommy.com\/wp-content\/uploads\/16103263443281.jpg\" alt=\"product-Hommy-PA-C5A M\u00e1quina expendedora de hamburguesas-img\" title=\"\"><\/p>\n<\/div>\n<\/div>\n<div class=\"col-md-6 col-sm-6 col-xs-6\">\n<div class=\"right-p\">\n<div class=\"h2 heading\">\n<h1 style=\"margin: 0px;text-indent: 0px;text-align: justify\"><strong><span style=\"letter-spacing: 0px;font-family: arial, helvetica, sans-serif;font-size: 24px\"><a name=\"Product Features\"><\/a>Caracter\u00edsticas del producto<\/span><\/strong><\/h1>\n<p style=\"margin-top:0;margin-right:0;margin-bottom:0;margin-left:0;text-indent:0;text-align:justify\"><span style=\"letter-spacing: 0px;font-family: arial, helvetica, sans-serif;font-size: 18px\"><br \/><\/span><\/p>\n<p><span style=\"font-size: 18px;font-family: arial, helvetica, sans-serif\">1. Pantalla t\u00e1ctil de 32\" para promoci\u00f3n y operaci\u00f3n. 2. Sistema de gesti\u00f3n de plataforma en la nube. <\/span><\/p>\n<p style=\"margin-left:0;text-indent:0\"><span style=\"font-size: 18px;font-family: arial, helvetica, sans-serif\">2. Sistema de pago: Moneda, Billete, Tarjeta de cr\u00e9dito proporciona interfaz (puerto MDB), Monedas de retorno. &nbsp;<\/span><\/p>\n<p style=\"margin-left:0;text-indent:0\"><span style=\"font-size: 18px;font-family: arial, helvetica, sans-serif\">3. El interior de la m\u00e1quina puede mantener 54pcs hamburguesas, tama\u00f1o de las cajas de alimentos: (L)220mm*(W)180mm*(H)40\uff5e70mm. El almacenamiento puede ser 81 cajas si la anchura de la caja es 150mm.<\/span><\/p>\n<p style=\"margin-left:0;text-indent:0\"><span style=\"font-size: 18px;font-family: arial, helvetica, sans-serif\">4. La temperatura del \u00e1rea de almacenamiento puede ajustarse desde 5\u2103\uff5e10\u2103. Puede ser base de la disposici\u00f3n en diversos productos.<\/span><\/p>\n<p style=\"margin-left:0;text-indent:0\"><span style=\"font-size: 18px;font-family: arial, helvetica, sans-serif\"><span style=\"font-family: Calibri;font-size: 21px\">5. Temperatura de calentamiento:<\/span><span style=\"font-size: 18px;font-family: arial, helvetica, sans-serif\"><span style=\"font-size: 21px\"> &nbsp;60\u2103\uff5e90\u2103. N<\/span><span style=\"letter-spacing: 0px;font-size: 21px\">eed 30 <\/span><\/span><span style=\"font-family: arial, helvetica, sans-serif;letter-spacing: 0px;font-size: 21px\">segundos para hornear una<\/span><span style=\"font-family: \u5b8b\u4f53;letter-spacing: 0px;font-size: 21px\"> <\/span><span style=\"font-family: Calibri;letter-spacing: 0px;font-size: 21px\">hamburguesa<\/span><span style=\"font-family: \u5b8b\u4f53;letter-spacing: 0px;font-size: 21px\">.<\/span><span style=\"font-family: Calibri;letter-spacing: 0px;font-size: 21px\">&nbsp;<\/span><span style=\"font-family: Calibri;font-size: 21px\">El tiempo de calentamiento puede ajustarse en funci\u00f3n de los materiales.&nbsp;<\/span><\/span><\/p>\n<p style=\"margin-left:0;text-indent:0\"><span style=\"font-size: 18px;font-family: arial, helvetica, sans-serif\">6. Velocidad de entrega de la barra de empuje: 60\uff5e90 segundos. La velocidad variar\u00e1 para diferentes capas de palets. <\/span><\/p>\n<p style=\"margin-left:0;text-indent:0\"><span style=\"font-size: 18px;font-family: arial, helvetica, sans-serif\">7. M\u00e9todo de calentamiento: horno microondas comercial patentado ( 1600W )<\/span><\/p>\n<p style=\"margin-left:0;text-indent:0\"><span style=\"font-size: 18px;font-family: arial, helvetica, sans-serif\">8. Tipo de alimento disponible: 1-27 tipos, se puede configurar el precio de cada producto y el tiempo de calentamiento <\/span><\/p>\n<p style=\"margin-left:0;text-indent:0\"><span style=\"font-size: 18px;font-family: arial, helvetica, sans-serif\">9. Material del cuerpo de la m\u00e1quina: moldeado de espuma de toda la m\u00e1quina, buen aislamiento t\u00e9rmico. &nbsp;<\/span><\/p>\n<p style=\"margin-left:0;text-indent:0\"><span style=\"font-size: 18px;font-family: arial, helvetica, sans-serif\">10. Compresor: potencia 550W, Marca Embraco\uff0cRefrigerante 134A.<\/span><\/p>\n<\/div>\n<\/div>\n<p><span style=\"font-family: arial, helvetica, sans-serif;font-size: 18px\"><br \/>\n &nbsp; &nbsp; &nbsp; &nbsp; &nbsp; &nbsp;<\/span><\/div>\n<\/div>\n<\/div>\n<h1><span style=\"font-family: arial, helvetica, sans-serif\"><strong><span style=\"letter-spacing: 0px;font-size: 24px\"><a name=\"Product specification\"><\/a>Especificaci\u00f3n del producto<\/span><\/strong><\/span><\/h1>\n<p><span style=\"font-family: arial, helvetica, sans-serif\"><strong><span style=\"letter-spacing: 0px;font-size: 24px\"><br \/><\/span><\/strong><\/span><\/p>\n<p><span style=\"font-family: arial, helvetica, sans-serif\"><strong><span style=\"letter-spacing: 0px;font-size: 24px\"><img decoding=\"async\" src=\"https:\/\/www.hommy.com\/wp-content\/uploads\/16103258145399.png\" alt=\"producto-Hommy-img\" title=\"\"><\/span><\/strong><\/span><\/p>\n<p><\/p>\n<h1><strong><span style=\"letter-spacing: 0px;font-family: arial, helvetica, sans-serif;font-size: 24px\"><a name=\"Product Advantage\"><\/a>Ventajas del producto<\/span><\/strong><\/h1>\n<p><strong><span style=\"letter-spacing: 0px;font-family: arial, helvetica, sans-serif;font-size: 24px\"><\/span><\/strong><\/p>\n<div class=\"d-tem01-graphic tem01-graphic mockup\" data-detail=\"wrap\">\n<div class=\"cont-section clearfix d-clearfix\">\n<div class=\"col-md-6 col-sm-6 col-xs-6\">\n<div class=\"right-p\">\n<div class=\"h2 heading\">\n<p><span style=\"letter-spacing: 0px;font-family: arial, helvetica, sans-serif;font-size: 18px\">1. Salida del eje XY del manipulador inteligente y entrega del elevador<\/span><\/p>\n<p><span style=\"font-family: \u5b8b\u4f53;letter-spacing: 0;font-size: 20px\"><br \/><\/span><\/p>\n<\/div>\n<\/div>\n<div class=\"graphic_pic animated wow bounceIn\" data-wow-delay=\".7s\">\n<p style=\"text-align:center\"><img loading=\"lazy\" decoding=\"async\" src=\"https:\/\/www.hommy.com\/wp-content\/uploads\/16103259329622.jpg\" alt=\"producto-Hommy-img\" title=\"\" width=\"350\" height=\"500\" border=\"0\" vspace=\"0\" style=\"width: 350px;height: 500px\"><\/p>\n<\/div>\n<\/div>\n<div class=\"col-md-6 col-sm-6 col-xs-6\">\n<div class=\"right-p\">\n<div class=\"h2 heading\">\n<p style=\"text-indent: 0;padding: 0;vertical-align: baseline\"><span style=\"letter-spacing: 0px;font-family: arial, helvetica, sans-serif;font-size: 18px\">2. Mayor capacidad de 81 piezas: 3 carriles por capa X 3 cajas\/carril X 9 capas = 81 piezas.<\/span><\/p>\n<p style=\"text-indent: 0;padding: 0;vertical-align: baseline\"><span style=\"font-family: \u5b8b\u4f53;letter-spacing: 0;font-size: 20px\"><br \/><\/span><\/p>\n<\/div>\n<\/div>\n<div class=\"graphic_pic animated wow bounceIn\" data-wow-delay=\".7s\">\n<p style=\"text-align:center\"><img loading=\"lazy\" decoding=\"async\" src=\"https:\/\/www.hommy.com\/wp-content\/uploads\/16103259613183.png\" alt=\"product-PA-C5A M\u00e1quina expendedora de hamburguesas-Hommy-img\" title=\"\" width=\"350\" height=\"500\" border=\"0\" vspace=\"0\" style=\"width: 350px;height: 500px\"><\/p>\n<\/div>\n<\/div>\n<\/div>\n<\/div>\n<p><span style=\"font-family: arial, helvetica, sans-serif\"><strong><span style=\"letter-spacing: 0px;font-size: 24px\"><\/span><\/strong><\/span><\/p>\n<div class=\"d-tem01-graphic tem01-graphic mockup\" data-detail=\"wrap\">\n<div class=\"cont-section clearfix d-clearfix\">\n<div class=\"col-md-6 col-sm-6 col-xs-6\">\n<div class=\"right-p\">\n<div class=\"h2 heading\">\n<p><span style=\"font-family: arial, helvetica, sans-serif;font-size: 18px\"><span style=\"font-family: arial, helvetica, sans-serif;letter-spacing: 0px\">3.&nbsp;<\/span><span style=\"font-family: arial, helvetica, sans-serif\">El sistema de pago puede aceptar: moneda, billete, moneda de cambio, interfaz de tarjeta de cr\u00e9dito.<\/span><\/span><\/p>\n<p><span style=\"font-family:Calibri;font-size:21px\"><br \/><\/span><\/p>\n<\/div>\n<\/div>\n<div class=\"graphic_pic animated wow bounceIn\" data-wow-delay=\".7s\">\n<p style=\"text-align:center\"><img loading=\"lazy\" decoding=\"async\" src=\"https:\/\/www.hommy.com\/wp-content\/uploads\/16103261329674.png\" alt=\"producto-Hommy-img\" title=\"\" width=\"350\" height=\"500\" border=\"0\" vspace=\"0\" style=\"width: 350px;height: 500px\"><\/p>\n<\/div>\n<\/div>\n<div class=\"col-md-6 col-sm-6 col-xs-6\">\n<div class=\"right-p\">\n<div class=\"h2 heading\">\n<p><span style=\"font-family: arial, helvetica, sans-serif;font-size: 18px\">4. 4. Sistema de gesti\u00f3n remota por ordenador: consulta de detalles de ventas, recordatorios de escasez, recordatorio de aver\u00eda de la m\u00e1quina.<\/span><\/p>\n<\/div>\n<\/div>\n<div class=\"graphic_pic animated wow bounceIn\" data-wow-delay=\".7s\">\n<p style=\"text-align:center\"><img loading=\"lazy\" decoding=\"async\" src=\"https:\/\/www.hommy.com\/wp-content\/uploads\/16103261597199.jpg\" alt=\"producto-Hommy-img\" title=\"\" width=\"400\" height=\"350\" border=\"0\" vspace=\"0\" style=\"width: 400px;height: 350px\"><\/p>\n<\/div>\n<\/div>\n<\/div>\n<\/div>\n<p><span style=\"font-family:\u5b8b\u4f53;letter-spacing:0;font-size:29px\"><\/span><\/p>\n<h2>\u00bfC\u00f3mo ser propietario de una m\u00e1quina expendedora en Florida?<\/h2>\n<p style=\"margin-top: 5px;margin-bottom: 5px\">En Florida, las normas y reglamentos de las m\u00e1quinas expendedoras son controladas por la Oficina del Contralor del Estado de Florida, y usted tiene que tener una licencia. Hay tres tipos de licencias de m\u00e1quinas expendedoras: Distribuidores de m\u00e1quinas expendedoras, licenciatarios de m\u00e1quinas expendedoras, y licencias de expendedoras de tiendas minoristas. Las normas para la adquisici\u00f3n de una licencia de venta son completamente diferentes a las de las m\u00e1quinas expendedoras. He aqu\u00ed c\u00f3mo obtener una licencia de venta en la Florida y la tasa de licencia<\/p>\n<p style=\"margin-top: 5px;margin-bottom: 5px\"><\/p>\n<h2>\u00bfPuedo poner una m\u00e1quina expendedora en cualquier lugar del Reino Unido?<\/h2>\n<p style=\"margin-top: 5px;margin-bottom: 5px\">Las m\u00e1quinas expendedoras, tambi\u00e9n denominadas unidades automatizadas, de autoservicio y autoservicio, son un servicio de alimentos y bebidas que permite a los usuarios adquirir productos o servicios, normalmente de un proveedor, sin interactuar con un dependiente o persona de servicio. El uso de m\u00e1quinas expendedoras es especialmente com\u00fan en lugares p\u00fablicos, como sistemas de tr\u00e1nsito, bibliotecas, oficinas, instituciones educativas y empresas.<\/p>\n<p style=\"margin-top: 5px;margin-bottom: 5px\"><\/p>\n<h2>\u00bfCu\u00e1nto pesa una m\u00e1quina expendedora?<\/h2>\n<p style=\"margin-top: 5px;margin-bottom: 5px\">Una forma com\u00fan y sencilla de determinar el peso de una m\u00e1quina expendedora es abrirla y contar las monedas que hay en el compartimento (o en los contenedores, si hay m\u00e1s de un compartimento). Este m\u00e9todo no es perfecto, sobre todo si hay varios compartimentos o si \u00e9stos est\u00e1n llenos hasta los topes. Este sitio web te dice cu\u00e1nto pesa una m\u00e1quina expendedora y te calcula el cambio.<\/p>\n<\/p><\/div>","protected":false},"excerpt":{"rendered":"<p>Hot and Freeze vending machine 24hours Hot and Freeze vending machine 24hours|Product Features|Product specification|Product Advantage &nbsp;&nbsp;&nbsp;&nbsp; Our clientele consists of leading retail chains across the country. This machines helps in improving sales of their brand, and their customers\u2019 satisfaction. They are used for vending burgers at restaurants, colleges, clubs, universities, offices, and malls. These are [&hellip;]<\/p>\n","protected":false},"featured_media":354,"comment_status":"open","ping_status":"open","template":"","meta":{"_swt_meta_header_display":false,"_swt_meta_footer_display":false,"_swt_meta_site_title_display":false,"_swt_meta_sticky_header":false,"_swt_meta_transparent_header":false},"product_brand":[],"product_cat":[74,68],"product_tag":[],"class_list":{"0":"post-360","1":"product","2":"type-product","3":"status-publish","4":"has-post-thumbnail","6":"product_cat-hot-food-vending-machine","7":"product_cat-vending-machine","9":"first","10":"instock","11":"shipping-taxable","12":"product-type-simple"},"_links":{"self":[{"href":"https:\/\/www.hommy.com\/es\/wp-json\/wp\/v2\/product\/360","targetHints":{"allow":["GET"]}}],"collection":[{"href":"https:\/\/www.hommy.com\/es\/wp-json\/wp\/v2\/product"}],"about":[{"href":"https:\/\/www.hommy.com\/es\/wp-json\/wp\/v2\/types\/product"}],"replies":[{"embeddable":true,"href":"https:\/\/www.hommy.com\/es\/wp-json\/wp\/v2\/comments?post=360"}],"wp:featuredmedia":[{"embeddable":true,"href":"https:\/\/www.hommy.com\/es\/wp-json\/wp\/v2\/media\/354"}],"wp:attachment":[{"href":"https:\/\/www.hommy.com\/es\/wp-json\/wp\/v2\/media?parent=360"}],"wp:term":[{"taxonomy":"product_brand","embeddable":true,"href":"https:\/\/www.hommy.com\/es\/wp-json\/wp\/v2\/product_brand?post=360"},{"taxonomy":"product_cat","embeddable":true,"href":"https:\/\/www.hommy.com\/es\/wp-json\/wp\/v2\/product_cat?post=360"},{"taxonomy":"product_tag","embeddable":true,"href":"https:\/\/www.hommy.com\/es\/wp-json\/wp\/v2\/product_tag?post=360"}],"curies":[{"name":"wp","href":"https:\/\/api.w.org\/{rel}","templated":true}]}}