{"id":353,"date":"2024-07-02T13:05:59","date_gmt":"2024-07-02T13:05:59","guid":{"rendered":"http:\/\/localhost\/hommywp\/pa-c5b-automatic-smart-hot-and-frozen-food-vending-machine\/"},"modified":"2025-08-01T09:57:32","modified_gmt":"2025-08-01T09:57:32","slug":"pa-c5b-maquina-expendedora-automatica-de-alimentos-calientes-y-congelados-1","status":"publish","type":"product","link":"https:\/\/www.hommy.com\/es\/p\/pa-c5b-maquina-expendedora-automatica-de-alimentos-calientes-y-congelados-1\/","title":{"rendered":"Pa-C5b M\u00e1quina expendedora autom\u00e1tica inteligente de alimentos calientes y congelados"},"content":{"rendered":"<div>\n<p style=\"text-align: center\">\n<p>M\u00e1quina expendedora autom\u00e1tica de alimentos proporcionados por nosotros es fabricado a partir de los componentes de primera calidad que obtenemos de los proveedores genuinos del mercado y la \u00faltima tecnolog\u00eda en el cumplimiento de las normas establecidas por la industria.<\/p>\n<p>La m\u00e1quina expendedora autom\u00e1tica de alimentos que ofrecemos est\u00e1 dise\u00f1ada para ofrecer una forma segura y c\u00f3moda de vender una variedad de aperitivos y bebidas al p\u00fablico.<\/p>\n<p><\/p>\n<p>Ponemos a su disposici\u00f3n nuestra experiencia en el suministro e instalaci\u00f3n de m\u00e1quinas expendedoras autom\u00e1ticas de alimentos por el cual usted puede satisfacer la necesidad de una amplia clientela. Estas m\u00e1quinas expendedoras autom\u00e1ticas de alimentos son f\u00e1ciles de operar y mantener.<\/p>\n<p><span style=\"font-family:\u5b8b\u4f53;font-size:29px\">Producto <\/span><span style=\"font-family:\u5b8b\u4f53;font-size:29px\">especificaci\u00f3n:<\/span><\/p>\n<p><img decoding=\"async\" src=\"https:\/\/www.hommy.com\/wp-content\/uploads\/16429868956703.png\" alt=\"producto-Hommy-img\" title=\"\"><\/p>\n<p><img decoding=\"async\" src=\"https:\/\/www.hommy.com\/wp-content\/uploads\/16429869202673.jpg\" alt=\"producto-Hommy-img\" title=\"\"><\/p>\n<p style=\"margin-bottom:0;text-align:justify\"><span style=\"font-family:\u5b8b\u4f53;font-size:29px\"><br \/><\/span><\/p>\n<p style=\"margin-bottom:0;text-align:justify\"><span style=\"font-family:\u5b8b\u4f53;font-size:29px\">Caracter\u00edsticas del producto : <\/span><\/p>\n<p><span style=\"font-family:Calibri;font-size:21px\">1.&nbsp;<\/span><span style=\"font-family:Calibri;font-size:21px\">21<\/span><span style=\"font-family:\u7b49\u7ebf;font-size:21px\">.<\/span><span style=\"font-family:Calibri;font-size:21px\">5\" t\u00e1ctil<\/span><span style=\"font-family:Calibri;font-size:21px\">&nbsp;pantalla de promoci\u00f3n y funcionamiento<\/span><span style=\"font-family:Calibri;font-size:21px\">. Sistema de gesti\u00f3n de plataformas en nube. <\/span><\/p>\n<p style=\"margin-bottom: 17px;line-height: 18px\"><span style=\"font-family:\u5b8b\u4f53;font-size:21px\">2.<\/span><span style=\"font-family:\u5b8b\u4f53;font-size:21px\">Escaparate visual del producto<\/span><span style=\"font-family:Calibri;font-size:21px\">. La puerta est\u00e1 fabricada en<\/span><span style=\"font-family:\u5b8b\u4f53;font-size:21px\">&nbsp;dos capas de vidrio visual totalmente sellado y <\/span><span style=\"font-family:Calibri;font-size:21px\">fuera con <\/span><span style=\"font-family:\u5b8b\u4f53;font-size:21px\">una capa de pel\u00edcula de vidrio<\/span><span style=\"font-family:Calibri;font-size:21px\">&nbsp;con <\/span><span style=\"font-family:\u5b8b\u4f53;font-size:21px\">autom\u00e1tico <\/span><span style=\"font-family:Calibri;font-size:21px\">de<\/span><span style=\"font-family:\u5b8b\u4f53;font-size:21px\">escarcha<\/span><span style=\"font-family:Calibri;font-size:21px\">funci\u00f3n.<\/span><\/p>\n<p style=\"margin-bottom: 17px;line-height: 18px\"><span style=\"font-family:Calibri;font-size:21px\">3.&nbsp;<\/span><span style=\"font-family:Calibri;font-size:21px\">Sistema de pago<\/span><span style=\"font-family:Calibri;font-size:21px\">\uff1a<\/span><span style=\"font-family:\u7b49\u7ebf;font-size:21px\">b<\/span><span style=\"font-family:Calibri;font-size:21px\">ill , moneda y moneda de cambio , interfaz de tarjeta de cr\u00e9dito .<\/span><\/p>\n<p style=\"margin-bottom: 17px\"><span style=\"font-family:Calibri;font-size:21px\">4.&nbsp;<\/span><span style=\"font-family:Calibri;font-size:21px\">En<\/span><span style=\"font-family:Calibri;font-size:21px\">&nbsp;m\u00e1quina interior <\/span><span style=\"font-family:Calibri;font-size:21px\">puede mantener <\/span><span style=\"font-family:Calibri;font-size:21px\">72<\/span><span style=\"font-family:Calibri;font-size:21px\">piezas <\/span><span style=\"font-family:Calibri;font-size:21px\">comida sellada, Tama\u00f1o de la comida sellada: 8\"(L)x5 1\/8\"(A)<\/span><span style=\"font-family:Calibri;font-size:21px\">*<\/span><span style=\"font-family:Calibri;font-size:21px\">1 3\/8\"(H).<\/span><span style=\"font-family: Calibri;font-size: 21px\">La cantidad de cajas depende de su talla.<\/span><\/p>\n<p style=\"margin-bottom: 17px\"><span style=\"font-family:Calibri;font-size:21px\">5.&nbsp;<\/span><span style=\"font-family:Calibri;font-size:21px\">Hay 1-27 tipos de alimentos disponibles para la venta, y el precio y el tiempo de calentamiento de cada art\u00edculo se pueden ajustar por separado.<\/span><span style=\"font-family:Calibri;font-size:21px\">.<\/span><\/p>\n<p><span style=\"font-family:Calibri;font-size:21px\">6.&nbsp;<\/span><span style=\"font-family:Calibri;font-size:21px\">En <\/span><span style=\"font-family:Calibri;font-size:21px\">temperatura<\/span><span style=\"font-family:Calibri;font-size:21px\">&nbsp;de espacio de almacenamiento disponible <\/span><span style=\"font-family:Calibri;font-size:21px\">de <\/span><span style=\"font-family:Calibri;font-size:21px\">0<\/span><span style=\"font-family:Calibri;font-size:21px\">\u2103\uff5e<\/span><span style=\"font-family:Calibri;font-size:21px\">4<\/span><span style=\"font-family:Calibri;font-size:21px\">\u2103. <\/span><span style=\"font-family:Calibri;font-size:21px\">Puede <\/span><span style=\"font-family:Calibri;font-size:21px\">en funci\u00f3n de los distintos productos.<\/span><span style=\"font-family:Calibri;font-size:21px\">cts.<\/span><\/p>\n<p><span style=\"font-family:Calibri;font-size:21px\">7.&nbsp;<\/span><span style=\"font-family:Calibri;font-size:21px\">Temperatura de calentamiento: <\/span><span style=\"font-family:Calibri;font-size:21px\">&nbsp;60\u2103\uff5e90\u2103<\/span><span style=\"font-family:Calibri;font-size:21px\">. N<\/span><span style=\"font-family:\u5b8b\u4f53;font-size:21px\">eed 45 segundos<\/span><span style=\"font-family:Calibri;font-size:21px\">s<\/span><span style=\"font-family:\u5b8b\u4f53;font-size:21px\">&nbsp;para bak<\/span><span style=\"font-family:Calibri;font-size:21px\">ing<\/span><span style=\"font-family:\u5b8b\u4f53;font-size:21px\">&nbsp;una comida precintada(fresca nunca congelada) .<\/span><span style=\"font-family:Calibri;font-size:21px\">&nbsp;<\/span><span style=\"font-family:Calibri;font-size:21px\">El tiempo de calentamiento puede ajustarse en funci\u00f3n de los materiales.<\/span><span style=\"font-family:Calibri;font-size:21px\">&nbsp;<\/span><\/p>\n<p><span style=\"font-family:Calibri;font-size:21px\">8.&nbsp;<\/span><span style=\"font-family:Calibri;font-size:21px\">M\u00e9todo de calentamiento: horno microondas comercial patentado<\/span><span style=\"font-family:Calibri;font-size:21px\">(potencia del horno microondas :3000W ) <\/span><\/p>\n<p><span style=\"font-family:Calibri;font-size:21px\">9.&nbsp;<\/span><span style=\"font-family:Calibri;font-size:21px\">Velocidad de entrega de la barra de empuje: <\/span><span style=\"font-family:Calibri;font-size:21px\">60\uff5e90<\/span><span style=\"font-family:Calibri;font-size:21px\">&nbsp;segundos. La velocidad variar\u00e1 para diferentes capas de palets. <\/span><\/p>\n<p><span style=\"font-family:Calibri;font-size:21px\">10.&nbsp;<\/span><span style=\"font-family:Calibri;font-size:21px\">Material del cuerpo de la m\u00e1quina: moldeado de espuma de toda la m\u00e1quina, buen aislamiento t\u00e9rmico. &nbsp;<\/span><\/p>\n<p><span style=\"font-family:Calibri;font-size:21px\">11.&nbsp;<\/span><span style=\"font-family:Calibri;font-size:21px\">Compresor: potencia 550W, Marca Embraco\uff0cRefrigerante 134A.<\/span><\/p>\n<p><span style=\"font-family:Calibri;font-size:21px\">&nbsp;<\/span><\/p>\n<p style=\"margin-bottom:0;text-align:justify\"><span style=\"font-family:\u5b8b\u4f53;font-size:29px\">&nbsp;<\/span><\/p>\n<p style=\"margin-bottom:0;text-align:justify\"><span style=\"font-family:\u5b8b\u4f53;font-size:29px\">&nbsp;<\/span><\/p>\n<p style=\"margin-bottom:0;text-align:justify\"><span style=\"font-family:\u5b8b\u4f53;font-size:29px\">Ventaja del producto:<\/span><\/p>\n<p style=\"vertical-align: baseline\"><span style=\"font-family: \u5b8b\u4f53;font-size: 20px\">1.&nbsp;<\/span><span style=\"font-family: \u5b8b\u4f53;font-size: 20px\">Salida del eje XY del manipulador inteligente y entrega del elevador<\/span><\/p>\n<p style=\"vertical-align: baseline\"><span style=\"font-family: \u5b8b\u4f53;font-size: 20px\"><img decoding=\"async\" src=\"https:\/\/www.hommy.com\/wp-content\/uploads\/16429869909431.jpg\" alt=\"product-Hommy-PA-C5B M\u00e1quina expendedora autom\u00e1tica de alimentos calientes y congelados-img\" title=\"\"><\/span><\/p>\n<p style=\"vertical-align: baseline\"><span style=\"font-family: \u5b8b\u4f53;font-size: 20px\">2.<\/span><span style=\"font-family: \u5b8b\u4f53;font-size: 20px\">Mayor capacidad sobre <\/span><span style=\"font-family: Calibri;font-size: 20px\">72<\/span><span style=\"font-family: \u5b8b\u4f53;font-size: 20px\">piezas : 3 carriles de piezas por capa X 3 cajas\/carril de carga X <\/span><span style=\"font-family: Calibri;font-size: 20px\">8<\/span><span style=\"font-family: \u5b8b\u4f53;font-size: 20px\">&nbsp;capas=<\/span><span style=\"font-family: Calibri;font-size: 20px\">72<\/span><\/p>\n<p style=\"vertical-align: baseline\"><img loading=\"lazy\" decoding=\"async\" src=\"https:\/\/www.hommy.com\/wp-content\/uploads\/16429870106983.png\" title=\"\" alt=\"producto-Hommy-img\" width=\"350\" height=\"617\" border=\"0\" vspace=\"0\" style=\"width: 350px;height: 617px\"><\/p>\n<p><span style=\"font-family: \u5b8b\u4f53;font-size: 20px\">3.<\/span><span style=\"font-family:Calibri;font-size:21px\">El sistema de pago puede aceptar: moneda, billete, moneda de cambio, interfaz de tarjeta de cr\u00e9dito.<\/span><\/p>\n<p style=\"vertical-align: baseline\"><img loading=\"lazy\" decoding=\"async\" src=\"https:\/\/www.hommy.com\/wp-content\/uploads\/16429870508135.png\" title=\"\" alt=\"producto-Hommy-img\" width=\"350\" height=\"546\" border=\"0\" vspace=\"0\" style=\"width: 350px;height: 546px\"><\/p>\n<p><span style=\"font-family:Calibri;font-size:21px\">4.<\/span><span style=\"font-family:Calibri;font-size:21px\">Sistema inform\u00e1tico de gesti\u00f3n a distancia: consulta de detalles de ventas, recordatorio de faltas, recordatorio de aver\u00edas de m\u00e1quinas.<\/span><\/p>\n<p style=\"vertical-align: baseline\"><img decoding=\"async\" src=\"https:\/\/www.hommy.com\/wp-content\/uploads\/16429870792380.jpg\" alt=\"product-PA-C5B M\u00e1quina expendedora autom\u00e1tica de alimentos calientes y congelados-Hommy-img\" title=\"\"><\/p>\n<h2>\u00bfCu\u00e1ntos aperitivos caben en una m\u00e1quina expendedora?<\/h2>\n<p><\/p>\n<p>Tengo curiosidad por saber cu\u00e1l es el n\u00famero m\u00e1ximo de alimentos que puede contener una m\u00e1quina expendedora. \u00bfSon s\u00f3lo aperitivos o puede contener otros alimentos como bocadillos e incluso bebidas? \u00bfExiste un l\u00edmite fijo para la cantidad que puede caber en una m\u00e1quina expendedora, o es s\u00f3lo el l\u00edmite del fabricante?<\/p>\n<p><\/p>\n<p>Esta es mi mayor queja sobre mi m\u00e1quina expendedora en el trabajo. S\u00f3lo puede contener un m\u00e1ximo de 13 s\u00e1ndwiches a la vez, y s\u00f3lo puede contener un m\u00e1ximo de 5 bebidas (no latas). Eso sin contar los condimentos. Cuando trabajo, no encuentro tiempo suficiente para comer y comprar comida, as\u00ed que siempre intento hacer otra cosa o pagar para que me traigan algo. As\u00ed que normalmente acabo comprando 5 o 6 bocadillos de una vez, y tal vez<\/p>\n<p><\/p>\n<h2>\u00bfCu\u00e1nto cuesta una m\u00e1quina expendedora?<\/h2>\n<p><\/p>\n<p>R: Una m\u00e1quina expendedora es un dispositivo electromec\u00e1nico o el\u00e9ctrico que est\u00e1 programado para dispensar un producto determinado de entre una selecci\u00f3n de productos. El producto electromec\u00e1nico es un tipo de m\u00e1quina en la que se utiliza un motor o solenoide para dispensar uno o varios productos. La dispensaci\u00f3n se produce cuando el motor es accionado por un microprocesador para entregar el producto seleccionado a una tolva o abertura donde es retirado por un usuario.<\/p>\n<p><\/p>\n<h2>P: \u00bfPueden hacer ofertas especiales de m\u00e1quinas expendedoras?<\/h2>\n<p><\/p>\n<p>R: Esto var\u00eda de un fabricante a otro. Algunas m\u00e1quinas permiten combinar productos para rebajar el precio, mientras que otras est\u00e1n programadas para entregar el producto de la bandeja de menor precio.<\/p>\n<p><\/p>\n<h2>P: \u00bfPuedo pedir mi nueva m\u00e1quina expendedora por Internet?<\/h2>\n<p><\/p>\n<p>R: Esto var\u00eda seg\u00fan el fabricante. Algunos requieren que visite el sitio web del fabricante para pedir su m\u00e1quina, mientras que otros se pueden pedir a su representante de ventas local. Siempre debe investigar las m\u00e1quinas expendedoras que va a comprar para determinar si<\/p>\n<p><\/p>\n<h2>\u00bfCu\u00e1nto pesa una m\u00e1quina expendedora? La respuesta no es tan sencilla.<\/h2>\n<p><\/p>\n<p>La mayor\u00eda de la gente tiene su opini\u00f3n sobre lo que pesa una m\u00e1quina expendedora, pero la realidad es que los diferentes lugares tienen diferentes cantidades de peso. Por ejemplo, puedes obtener 10 libras de peso de m\u00e1quina expendedora en Seattle y 40 libras en Chicago. Y no, no es porque ese sea el peso real de la m\u00e1quina expendedora; es por la densidad de la ciudad, y los tipos de productos que se venden en las m\u00e1quinas expendedoras. Esto se debe a que el material con el que est\u00e1 construida una m\u00e1quina expendedora var\u00eda, y eso afecta a su peso.<\/p>\n<p><\/p>\n<\/p><\/div>","protected":false},"excerpt":{"rendered":"<p>Automatic Food Vending Machine provided by us is manufactured from the premium quality components that we procure from the genuine vendors of the market and the latest technology in compliance with industry set standards. The Automatic Food Vending Machine offered by us is designed to offer safe and convenient way to vend a variety of [&hellip;]<\/p>\n","protected":false},"featured_media":1956,"comment_status":"open","ping_status":"open","template":"","meta":{"_swt_meta_header_display":false,"_swt_meta_footer_display":false,"_swt_meta_site_title_display":false,"_swt_meta_sticky_header":false,"_swt_meta_transparent_header":false},"product_brand":[],"product_cat":[74,68],"product_tag":[],"class_list":{"0":"post-353","1":"product","2":"type-product","3":"status-publish","4":"has-post-thumbnail","6":"product_cat-hot-food-vending-machine","7":"product_cat-vending-machine","9":"first","10":"instock","11":"shipping-taxable","12":"product-type-simple"},"_links":{"self":[{"href":"https:\/\/www.hommy.com\/es\/wp-json\/wp\/v2\/product\/353","targetHints":{"allow":["GET"]}}],"collection":[{"href":"https:\/\/www.hommy.com\/es\/wp-json\/wp\/v2\/product"}],"about":[{"href":"https:\/\/www.hommy.com\/es\/wp-json\/wp\/v2\/types\/product"}],"replies":[{"embeddable":true,"href":"https:\/\/www.hommy.com\/es\/wp-json\/wp\/v2\/comments?post=353"}],"wp:featuredmedia":[{"embeddable":true,"href":"https:\/\/www.hommy.com\/es\/wp-json\/wp\/v2\/media\/1956"}],"wp:attachment":[{"href":"https:\/\/www.hommy.com\/es\/wp-json\/wp\/v2\/media?parent=353"}],"wp:term":[{"taxonomy":"product_brand","embeddable":true,"href":"https:\/\/www.hommy.com\/es\/wp-json\/wp\/v2\/product_brand?post=353"},{"taxonomy":"product_cat","embeddable":true,"href":"https:\/\/www.hommy.com\/es\/wp-json\/wp\/v2\/product_cat?post=353"},{"taxonomy":"product_tag","embeddable":true,"href":"https:\/\/www.hommy.com\/es\/wp-json\/wp\/v2\/product_tag?post=353"}],"curies":[{"name":"wp","href":"https:\/\/api.w.org\/{rel}","templated":true}]}}