{"id":346,"date":"2024-07-02T13:05:55","date_gmt":"2024-07-02T13:05:55","guid":{"rendered":"http:\/\/localhost\/hommywp\/pa-c5-e-24-7-baked-fresh-food-vending-machine-with-kiosk\/"},"modified":"2025-08-01T09:57:32","modified_gmt":"2025-08-01T09:57:32","slug":"pa-c5-e-baked-kiosk-vending-machine","status":"publish","type":"product","link":"https:\/\/www.hommy.com\/es\/p\/pa-c5-e-baked-kiosk-vending-machine\/","title":{"rendered":"Pa-C5-E M\u00e1quina expendedora de alimentos frescos horneados 24\/7 con quiosco"},"content":{"rendered":"<div>\n<p style=\"text-align: center\"><span style=\"font-family:Calibri;font-size:29px\">Quiosco de panader\u00eda M\u00e1quina expendedora 24 horas <\/span><span style=\"font-family:\u5b8b\u4f53;font-size:29px\">&nbsp;&nbsp;&nbsp;<\/span><span style=\"font-family:\u5b8b\u4f53;font-size:29px\">&nbsp;<\/span><\/p>\n<p><span style=\"font-family:\u5b8b\u4f53;font-size:29px\">Como un fabricante, un surtidor y exportador profesionales con una f\u00e1brica en Taiwan, nuestros productos principales incluyen todas las clases de maquinas expendedoras de alimentos. La M\u00e1quina expendedora de alimentos ofrecido es ampliamente demandado en el mercado por su durabilidad, f\u00e1cil instalaci\u00f3n y compacto.&nbsp;&nbsp;&nbsp;&nbsp;&nbsp;&nbsp;&nbsp;&nbsp;&nbsp;&nbsp;&nbsp;&nbsp;&nbsp;&nbsp;&nbsp;&nbsp;<\/span><span style=\"font-family:Calibri;font-size:29px\">&nbsp;<\/span><\/p>\n<p><span style=\"font-family:\u5b8b\u4f53;font-size:29px\">&nbsp; &nbsp; &nbsp; &nbsp; &nbsp; &nbsp; &nbsp; &nbsp; &nbsp; &nbsp; &nbsp;<\/span><\/p>\n<p><span style=\"font-family:\u5b8b\u4f53;font-size:29px\">Producto <\/span><span style=\"font-family:\u5b8b\u4f53;font-size:29px\">especificaci\u00f3n:<\/span><\/p>\n<p><span style=\"font-family:\u5b8b\u4f53;font-size:29px\"><img decoding=\"async\" src=\"https:\/\/www.hommy.com\/wp-content\/uploads\/16432479186040.png\" alt=\"producto-Hommy-img\" title=\"\"><\/span><\/p>\n<p><\/p>\n<p style=\"margin-bottom:0;text-align:justify\"><img decoding=\"async\" src=\"https:\/\/www.hommy.com\/wp-content\/uploads\/16432479979159.png\" alt=\"product-PA-C5-E M\u00e1quina expendedora de kioscos horneados-Hommy-img\" title=\"\"><\/p>\n<p style=\"margin-bottom:0;text-align:justify\"><span style=\"font-family:\u5b8b\u4f53;font-size:29px\"><br \/><\/span><\/p>\n<p style=\"margin-bottom:0;text-align:justify\"><span style=\"font-family:\u5b8b\u4f53;font-size:29px\">Caracter\u00edsticas del producto : <\/span><\/p>\n<p><span style=\"font-family:Calibri;font-size:21px\">1.&nbsp;<\/span><span style=\"font-family:Calibri;font-size:21px\">21<\/span><span style=\"font-family:\u7b49\u7ebf;font-size:21px\">.<\/span><span style=\"font-family:Calibri;font-size:21px\">5\" t\u00e1ctil<\/span><span style=\"font-family:Calibri;font-size:21px\">&nbsp;pantalla de promoci\u00f3n y funcionamiento<\/span><span style=\"font-family:Calibri;font-size:21px\">. Sistema de gesti\u00f3n de plataformas en nube. <\/span><\/p>\n<p style=\"margin-bottom: 17px;line-height: 18px\"><span style=\"font-family:\u5b8b\u4f53;font-size:21px\">2.&nbsp;<\/span><span style=\"font-family:\u5b8b\u4f53;font-size:21px\">Escaparate visual del producto<\/span><span style=\"font-family:Calibri;font-size:21px\">. La puerta est\u00e1 fabricada en<\/span><span style=\"font-family:\u5b8b\u4f53;font-size:21px\">&nbsp;dos capas de vidrio visual totalmente sellado y <\/span><span style=\"font-family:Calibri;font-size:21px\">fuera con <\/span><span style=\"font-family:\u5b8b\u4f53;font-size:21px\">una capa de pel\u00edcula de vidrio<\/span><span style=\"font-family:Calibri;font-size:21px\">&nbsp;con <\/span><span style=\"font-family:\u5b8b\u4f53;font-size:21px\">autom\u00e1tico <\/span><span style=\"font-family:Calibri;font-size:21px\">de<\/span><span style=\"font-family:\u5b8b\u4f53;font-size:21px\">escarcha<\/span><span style=\"font-family:Calibri;font-size:21px\">funci\u00f3n.<\/span><\/p>\n<p style=\"margin-bottom: 17px;line-height: 18px\"><span style=\"font-family:Calibri;font-size:21px\">3.&nbsp;<\/span><span style=\"font-family:Calibri;font-size:21px\">Sistema de pago<\/span><span style=\"font-family:Calibri;font-size:21px\">\uff1a<\/span><span style=\"font-family:\u7b49\u7ebf;font-size:21px\">b<\/span><span style=\"font-family:Calibri;font-size:21px\">ill , moneda y moneda de cambio , interfaz de tarjeta de cr\u00e9dito .<\/span><\/p>\n<p style=\"margin-bottom: 17px\"><span style=\"font-family:Calibri;font-size:21px\">4.&nbsp;<\/span><span style=\"font-family:Calibri;font-size:21px\">En<\/span><span style=\"font-family:Calibri;font-size:21px\">&nbsp;m\u00e1quina interior <\/span><span style=\"font-family:Calibri;font-size:21px\">puede mantener <\/span><span style=\"font-family:Calibri;font-size:21px\">72<\/span><span style=\"font-family:Calibri;font-size:21px\">piezas <\/span><span style=\"font-family:Calibri;font-size:21px\">comida sellada, Tama\u00f1o de la comida sellada: 8\"(L)x5 1\/8\"(A)<\/span><span style=\"font-family:Calibri;font-size:21px\">*<\/span><span style=\"font-family:Calibri;font-size:21px\">1 3\/8\"(H). <\/span><\/p>\n<p style=\"margin-bottom: 17px\"><span style=\"font-family:\u7b49\u7ebf;font-size:21px\">&nbsp;<\/span><span style=\"font-family:Calibri;font-size:21px\">&nbsp;La cantidad de cajas depende de su talla.<\/span><\/p>\n<p style=\"margin-bottom: 17px\"><span style=\"font-family:Calibri;font-size:21px\">5.&nbsp;<\/span><span style=\"font-family:Calibri;font-size:21px\">Hay 1-27 tipos de alimentos disponibles para la venta, y el precio y el tiempo de calentamiento de cada art\u00edculo se pueden ajustar por separado.<\/span><span style=\"font-family:Calibri;font-size:21px\">.<\/span><\/p>\n<p><span style=\"font-family:Calibri;font-size:21px\">6.&nbsp;<\/span><span style=\"font-family:Calibri;font-size:21px\">En <\/span><span style=\"font-family:Calibri;font-size:21px\">temperatura<\/span><span style=\"font-family:Calibri;font-size:21px\">&nbsp;de espacio de almacenamiento disponible <\/span><span style=\"font-family:Calibri;font-size:21px\">de <\/span><span style=\"font-family:Calibri;font-size:21px\">0<\/span><span style=\"font-family:Calibri;font-size:21px\">\u2103\uff5e<\/span><span style=\"font-family:Calibri;font-size:21px\">4<\/span><span style=\"font-family:Calibri;font-size:21px\">\u2103. <\/span><span style=\"font-family:Calibri;font-size:21px\">Puede <\/span><span style=\"font-family:Calibri;font-size:21px\">en funci\u00f3n de los distintos productos.<\/span><span style=\"font-family:Calibri;font-size:21px\">cts.<\/span><\/p>\n<p><span style=\"font-family:Calibri;font-size:21px\">7.&nbsp;<\/span><span style=\"font-family:Calibri;font-size:21px\">Temperatura de calentamiento: <\/span><span style=\"font-family:Calibri;font-size:21px\">&nbsp;60\u2103\uff5e90\u2103<\/span><span style=\"font-family:Calibri;font-size:21px\">. N<\/span><span style=\"font-family:\u5b8b\u4f53;font-size:21px\">eed 45 segundos<\/span><span style=\"font-family:Calibri;font-size:21px\">s<\/span><span style=\"font-family:\u5b8b\u4f53;font-size:21px\">&nbsp;para bak<\/span><span style=\"font-family:Calibri;font-size:21px\">ing<\/span><span style=\"font-family:\u5b8b\u4f53;font-size:21px\">&nbsp;una comida precintada(fresca nunca congelada) .<\/span><span style=\"font-family:Calibri;font-size:21px\">&nbsp;<\/span><span style=\"font-family:Calibri;font-size:21px\">El tiempo de calentamiento puede ajustarse en funci\u00f3n de los materiales.<\/span><span style=\"font-family:Calibri;font-size:21px\">&nbsp;<\/span><\/p>\n<p><span style=\"font-family:Calibri;font-size:21px\">8.&nbsp;<\/span><span style=\"font-family:Calibri;font-size:21px\">M\u00e9todo de calentamiento: horno microondas comercial patentado<\/span><span style=\"font-family:Calibri;font-size:21px\">(potencia del horno microondas :3000W ) <\/span><\/p>\n<p><span style=\"font-family:Calibri;font-size:21px\">9.&nbsp;<\/span><span style=\"font-family:Calibri;font-size:21px\">Velocidad de entrega de la barra de empuje: <\/span><span style=\"font-family:Calibri;font-size:21px\">60\uff5e90<\/span><span style=\"font-family:Calibri;font-size:21px\">&nbsp;segundos. La velocidad variar\u00e1 para diferentes capas de palets. <\/span><\/p>\n<p><span style=\"font-family:Calibri;font-size:21px\">10.&nbsp;<\/span><span style=\"font-family:Calibri;font-size:21px\">Material del cuerpo de la m\u00e1quina: moldeado de espuma de toda la m\u00e1quina, buen aislamiento t\u00e9rmico. &nbsp;<\/span><\/p>\n<p><span style=\"font-family:Calibri;font-size:21px\">11.&nbsp;<\/span><span style=\"font-family:Calibri;font-size:21px\">Compresor: potencia 550W, Marca Embraco\uff0cRefrigerante 134A.<\/span><\/p>\n<p><span style=\"font-family:Calibri;font-size:21px\"><br \/><\/span><\/p>\n<p><span style=\"font-family:Calibri;font-size:21px\"><\/span><\/p>\n<p style=\"margin-bottom:0;text-align:justify\"><span style=\"font-family:\u5b8b\u4f53;font-size:29px\">Ventaja del producto:<\/span><\/p>\n<p style=\"vertical-align: baseline\"><span style=\"font-family: \u5b8b\u4f53;font-size: 20px\">1.<\/span><span style=\"font-family: \u5b8b\u4f53;font-size: 20px\">Salida del eje XY del manipulador inteligente y entrega del elevador<\/span><\/p>\n<p style=\"vertical-align: baseline\"><span style=\"font-family: \u5b8b\u4f53;font-size: 20px\"><img loading=\"lazy\" decoding=\"async\" src=\"https:\/\/www.hommy.com\/wp-content\/uploads\/16432481569558.png\" title=\"\" alt=\"producto-Hommy-img\" width=\"350\" height=\"625\" border=\"0\" vspace=\"0\" style=\"width: 350px;height: 625px\"><\/span><\/p>\n<p style=\"vertical-align: baseline\"><span style=\"font-family: \u5b8b\u4f53;font-size: 20px\">2.<\/span><span style=\"font-family: \u5b8b\u4f53;font-size: 20px\">Mayor capacidad sobre <\/span><span style=\"font-family: Calibri;font-size: 20px\">72<\/span><span style=\"font-family: \u5b8b\u4f53;font-size: 20px\">piezas : 3 carriles de piezas por capa X 3 cajas\/carril de carga X <\/span><span style=\"font-family: Calibri;font-size: 20px\">8<\/span><span style=\"font-family: \u5b8b\u4f53;font-size: 20px\">&nbsp;capas=<\/span><span style=\"font-family: Calibri;font-size: 20px\">72<\/span><\/p>\n<p style=\"vertical-align: baseline\"><img loading=\"lazy\" decoding=\"async\" src=\"https:\/\/www.hommy.com\/wp-content\/uploads\/16432481748716.jpg\" title=\"\" alt=\"producto-Hommy-img\" width=\"350\" height=\"1706\" border=\"0\" vspace=\"0\" style=\"width: 350px;height: 1706px\"><\/p>\n<p><span style=\"font-family: \u5b8b\u4f53;font-size: 20px\">3.<\/span><span style=\"font-family:Calibri;font-size:21px\">El sistema de pago puede aceptar: moneda, billete, moneda de cambio, interfaz de tarjeta de cr\u00e9dito.<\/span><\/p>\n<p style=\"vertical-align: baseline\"><img loading=\"lazy\" decoding=\"async\" src=\"https:\/\/www.hommy.com\/wp-content\/uploads\/16432481982026.jpg\" title=\"\" alt=\"producto-Hommy-img\" width=\"350\" height=\"1167\" border=\"0\" vspace=\"0\" style=\"width: 350px;height: 1167px\"><\/p>\n<p><span style=\"font-family:Calibri;font-size:21px\">4.<\/span><span style=\"font-family:Calibri;font-size:21px\">Sistema inform\u00e1tico de gesti\u00f3n a distancia: consulta de detalles de ventas, recordatorio de faltas, recordatorio de aver\u00edas de m\u00e1quinas.<\/span><\/p>\n<p style=\"vertical-align: baseline\"><img decoding=\"async\" src=\"https:\/\/www.hommy.com\/wp-content\/uploads\/16432482259182.jpg\" alt=\"product-Hommy-PA-C5-E M\u00e1quina expendedora de kioscos horneados-img\" title=\"\"><\/p>\n<p><span style=\"font-family:Calibri;font-size:21px\"><\/span><\/p>\n<h2>\u00bfCu\u00e1nto cuesta una m\u00e1quina expendedora refrigerada?&nbsp;<\/h2>\n<p style=\"margin-top: 5px;margin-bottom: 5px\">La respuesta a estas preguntas no es sencilla. Si bien una m\u00e1quina expendedora puede funcionar con un beneficio sustancial, hay muchos otros costes de poseer una m\u00e1quina expendedora. En este art\u00edculo analizar\u00e9 algunos de estos costes y explicar\u00e9 en qu\u00e9 medida contribuyen a la rentabilidad de las m\u00e1quinas expendedoras.<\/p>\n<p style=\"margin-top: 5px;margin-bottom: 5px\"><\/p>\n<h2>\u00bfCu\u00e1nta electricidad consume una m\u00e1quina de aperitivos?<\/h2>\n<p style=\"margin-top: 5px;margin-bottom: 5px\">El consumo de energ\u00eda de las m\u00e1quinas de aperitivos se calcula en funci\u00f3n de una serie de caracter\u00edsticas, como el tama\u00f1o, el tipo, la potencia del motor el\u00e9ctrico de la m\u00e1quina, la capacidad del aparato, la frecuencia de compra, el precio, etc. La siguiente tabla pretende ayudarle a elegir una m\u00e1quina de aperitivos con la mejor eficiencia energ\u00e9tica (es decir, el mayor consumo de energ\u00eda por unidad de aperitivos comprados).<\/p>\n<p style=\"margin-top: 5px;margin-bottom: 5px\"><\/p>\n<h2>\u00bfQu\u00e9 alimentos hay en una m\u00e1quina expendedora?<\/h2>\n<p style=\"margin-top: 5px;margin-bottom: 5px\">Una m\u00e1quina para algunos, un lugar donde encontrar un tentempi\u00e9 o una comida r\u00e1pida para otros. Es una necesidad para muchos, aunque haya asumido el papel de centro de entretenimiento. Algunas m\u00e1quinas est\u00e1n dise\u00f1adas para tentar a los visitantes con una variedad de tentempi\u00e9s y comidas, como lugar para repostar, como una oportunidad para tomar un bocado r\u00e1pido o, a veces, como una divertida zona de juegos para los ni\u00f1os. \u00bfQu\u00e9 tipos de comida hay en las m\u00e1quinas? Hay muchos, desde un perrito caliente a un burrito, pasando por una variedad de dulces y aperitivos f\u00e1ciles de coger y consumir sobre la marcha.<\/p>\n<\/p><\/div>","protected":false},"excerpt":{"rendered":"<p>Baked kiosk Vending Machine 24hours &nbsp;&nbsp;&nbsp;&nbsp; We are one of the leading manufacturers, suppliers and exporters of this product.We are a renowned name in this industry that has earned a great reputation in the market for manufacturing, supplying and exporting this product. The offered Food Vending Machine is widely demanded in the market for its [&hellip;]<\/p>\n","protected":false},"featured_media":1955,"comment_status":"open","ping_status":"open","template":"","meta":{"_swt_meta_header_display":false,"_swt_meta_footer_display":false,"_swt_meta_site_title_display":false,"_swt_meta_sticky_header":false,"_swt_meta_transparent_header":false},"product_brand":[],"product_cat":[74,68],"product_tag":[],"class_list":{"0":"post-346","1":"product","2":"type-product","3":"status-publish","4":"has-post-thumbnail","6":"product_cat-hot-food-vending-machine","7":"product_cat-vending-machine","9":"first","10":"instock","11":"shipping-taxable","12":"product-type-simple"},"_links":{"self":[{"href":"https:\/\/www.hommy.com\/es\/wp-json\/wp\/v2\/product\/346","targetHints":{"allow":["GET"]}}],"collection":[{"href":"https:\/\/www.hommy.com\/es\/wp-json\/wp\/v2\/product"}],"about":[{"href":"https:\/\/www.hommy.com\/es\/wp-json\/wp\/v2\/types\/product"}],"replies":[{"embeddable":true,"href":"https:\/\/www.hommy.com\/es\/wp-json\/wp\/v2\/comments?post=346"}],"wp:featuredmedia":[{"embeddable":true,"href":"https:\/\/www.hommy.com\/es\/wp-json\/wp\/v2\/media\/1955"}],"wp:attachment":[{"href":"https:\/\/www.hommy.com\/es\/wp-json\/wp\/v2\/media?parent=346"}],"wp:term":[{"taxonomy":"product_brand","embeddable":true,"href":"https:\/\/www.hommy.com\/es\/wp-json\/wp\/v2\/product_brand?post=346"},{"taxonomy":"product_cat","embeddable":true,"href":"https:\/\/www.hommy.com\/es\/wp-json\/wp\/v2\/product_cat?post=346"},{"taxonomy":"product_tag","embeddable":true,"href":"https:\/\/www.hommy.com\/es\/wp-json\/wp\/v2\/product_tag?post=346"}],"curies":[{"name":"wp","href":"https:\/\/api.w.org\/{rel}","templated":true}]}}