{"id":339,"date":"2024-07-02T13:05:47","date_gmt":"2024-07-02T13:05:47","guid":{"rendered":"http:\/\/localhost\/hommywp\/pa-c5-a-automat-hamburgers-vending-machine-for-sale-price\/"},"modified":"2025-08-01T09:57:32","modified_gmt":"2025-08-01T09:57:32","slug":"pa-c5-a-maquina-expendedora-de-hamburguesas","status":"publish","type":"product","link":"https:\/\/www.hommy.com\/es\/p\/pa-c5-a-maquina-expendedora-de-hamburguesas\/","title":{"rendered":"Pa-C5-A M\u00e1quina expendedora autom\u00e1tica de hamburguesas Precio de venta"},"content":{"rendered":"<div>\n<p style=\"text-align: center\"><span style=\"font-size: 29px;font-family: Helvetica\">M\u00e1quina expendedora de productos calientes y congelados 24 horas<\/span><\/p>\n<p style=\"text-align: center\"><span style=\"font-size: 29px;font-family: Helvetica\">https:\/\/youtu.be\/fjqlShughpQ&nbsp; <\/span><span style=\"font-family:\u5b8b\u4f53;font-size:29px\">&nbsp;<\/span><\/p>\n<p><span style=\"font-family: Helvetica;font-size: 16px\">Fabricante, proveedor, exportador, distribuidor de Hamburguesas M\u00e1quina expendedora. Tenemos nuestra propia unidad de fabricaci\u00f3n y han tie-ups con varios fabricantes de renombre para asegurar que somos capaces de ofrecer m\u00e1quinas de alta calidad. Nuestras ofertas comprenden m\u00e1quinas completas, incluyendo la unidad, el dispositivo de refrigeraci\u00f3n y el sistema de venta. Ofrecemos m\u00e1quinas de alta calidad.<\/span><\/p>\n<p><span style=\"font-size: 29px;font-family: Helvetica\">Especificaciones del producto\uff1a<\/span><\/p>\n<p><span style=\"font-family:\u5b8b\u4f53;font-size:29px\"><img decoding=\"async\" src=\"https:\/\/www.hommy.com\/wp-content\/uploads\/16429863857179.png\" alt=\"producto-Hommy-img\" title=\"\"><\/span><\/p>\n<p><\/p>\n<p style=\"margin-bottom:0;text-align:justify\"><span style=\"font-family:\u5b8b\u4f53;font-size:29px\">Caracter\u00edsticas del producto: <\/span><\/p>\n<p><span style=\"font-family:Calibri;font-size:21px\">1. 21<\/span><span style=\"font-family:\u7b49\u7ebf;font-size:21px\">.<\/span><span style=\"font-family:Calibri;font-size:21px\">Pantalla t\u00e1ctil de 5\" para promoci\u00f3n y operaci\u00f3n. Sistema de gesti\u00f3n de plataforma en la nube. <\/span><\/p>\n<p><span style=\"font-family:Calibri;font-size:21px\">2. Sistema de pago: Moneda, Billete, Tarjeta de cr\u00e9dito proporciona interfaz (puerto MDB), Monedas de retorno. &nbsp;<\/span><\/p>\n<p><span style=\"font-family:Calibri;font-size:21px\">3. El interior de la m\u00e1quina puede mantener 72pcs hamburguesas, tama\u00f1o de las cajas de alimentos: (L)220mm*(W)180mm*(H)40\uff5e70mm. El almacenamiento puede ser 81 cajas si la anchura de la caja es 150mm.<\/span><span style=\"font-family:\u5b8b\u4f53;font-size:21px\"><span style=\"font-family:\u5b8b\u4f53\">\uff08<\/span>base en su caja para ajustarla \uff09.<\/span><\/p>\n<p><span style=\"font-family:Calibri;font-size:21px\">4. La temperatura del \u00e1rea de almacenamiento puede ajustarse desde 5\u2103\uff5e10\u2103. Puede ser base de la disposici\u00f3n en diversos productos.<\/span><\/p>\n<p><span style=\"font-family:Calibri;font-size:21px\">5. Temperatura de calentamiento: 60\u2103\uff5e90\u2103. N<\/span><span style=\"font-family:\u5b8b\u4f53;font-size:21px\">eed 30 segundos<\/span><span style=\"font-family:Calibri;font-size:21px\">s<\/span><span style=\"font-family:\u5b8b\u4f53;font-size:21px\">&nbsp;para bak<\/span><span style=\"font-family:Calibri;font-size:21px\">ing<\/span><span style=\"font-family:\u5b8b\u4f53;font-size:21px\">&nbsp;un <\/span><span style=\"font-family:Calibri;font-size:21px\">hamburguesa<\/span><span style=\"font-family:\u5b8b\u4f53;font-size:21px\">.<\/span><span style=\"font-family:Calibri;font-size:21px\">&nbsp;El tiempo de calentamiento puede ajustarse en funci\u00f3n de los materiales.&nbsp;<\/span><\/p>\n<p><span style=\"font-family:Calibri;font-size:21px\">6. Velocidad de entrega de la barra de empuje: 60\uff5e90 segundos. La velocidad variar\u00e1 para diferentes capas de palets. <\/span><\/p>\n<p><span style=\"font-family:Calibri;font-size:21px\">7. M\u00e9todo de calentamiento: horno microondas comercial patentado ( 2000W )<\/span><\/p>\n<p><span style=\"font-family:Calibri;font-size:21px\">8. Tipo de alimento disponible: 1-27 tipos, se puede configurar el precio de cada producto y el tiempo de calentamiento <\/span><\/p>\n<p><span style=\"font-family:Calibri;font-size:21px\">9. Material del cuerpo de la m\u00e1quina: moldeado de espuma de toda la m\u00e1quina, buen aislamiento t\u00e9rmico. &nbsp;<\/span><\/p>\n<p><span style=\"font-family:Calibri;font-size:21px\">10. Compresor: potencia 550W, Marca Embraco\uff0cRefrigerante 134A.<\/span><\/p>\n<p style=\"margin-bottom:0;text-align:justify\"><\/p>\n<p style=\"margin-bottom:0;text-align:justify\"><span style=\"font-family:\u5b8b\u4f53;font-size:29px\">Ventaja del producto:<\/span><\/p>\n<p style=\"margin-bottom:0;text-align:justify\"><span style=\"font-family: Calibri;font-size: 16px\">1.&nbsp;<\/span><span style=\"font-family: \u5b8b\u4f53;font-size: 20px\">Salida del eje XY del manipulador inteligente y entrega del elevador<\/span><\/p>\n<p style=\"margin-bottom:0;text-align:justify\"><span style=\"font-family: \u5b8b\u4f53;font-size: 20px\"><img decoding=\"async\" src=\"https:\/\/www.hommy.com\/wp-content\/uploads\/16429864739993.jpg\" alt=\"producto-Hommy-img\" title=\"\"><\/span><\/p>\n<p style=\"vertical-align: baseline\"><span style=\"font-family: Calibri;font-size: 20px\">2<\/span><span style=\"font-family: \u5b8b\u4f53;font-size: 20px\">Mayor capacidad <\/span><span style=\"font-family: Calibri;font-size: 20px\">72<\/span><span style=\"font-family: \u5b8b\u4f53;font-size: 20px\">piezas : 3 carriles de piezas por capa X 3 cajas\/carril de carga X <\/span><span style=\"font-family: Calibri;font-size: 20px\">8<\/span><span style=\"font-family: \u5b8b\u4f53;font-size: 20px\">&nbsp;capas=<\/span><span style=\"font-family: Calibri;font-size: 20px\">72<\/span><\/p>\n<p style=\"vertical-align: baseline\"><img loading=\"lazy\" decoding=\"async\" src=\"https:\/\/www.hommy.com\/wp-content\/uploads\/16429864907681.jpg\" title=\"\" alt=\"producto-Hommy-img\" width=\"350\" height=\"1440\" border=\"0\" vspace=\"0\" style=\"width: 350px;height: 1440px\"><\/p>\n<p><span style=\"font-family: \u5b8b\u4f53;font-size: 20px\">3.<\/span><span style=\"font-family:Calibri;font-size:21px\">El sistema de pago puede aceptar: moneda, billete, moneda de cambio, interfaz de tarjeta de cr\u00e9dito.<\/span><\/p>\n<p style=\"vertical-align: baseline\"><img loading=\"lazy\" decoding=\"async\" src=\"https:\/\/www.hommy.com\/wp-content\/uploads\/16429865163876.png\" title=\"\" alt=\"producto-Hommy-img\" width=\"350\" height=\"546\" border=\"0\" vspace=\"0\" style=\"width: 350px;height: 546px\"><\/p>\n<p><span style=\"font-family:Calibri;font-size:21px\">4.Sistema de gesti\u00f3n remota por ordenador: consulta de detalles de ventas, recordatorios de escasez, recordatorio de aver\u00eda de la m\u00e1quina.<\/span><\/p>\n<p style=\"vertical-align: baseline\"><img decoding=\"async\" src=\"https:\/\/www.hommy.com\/wp-content\/uploads\/16429865641427.jpg\" alt=\"product-PA-C5-A M\u00e1quina expendedora de hamburguesas-Hommy-img\" title=\"\"><\/p>\n<p><span style=\"font-family:\u5b8b\u4f53;font-size:29px\"><\/span><\/p>\n<h2 style=\"font-family: sans-serif\">\u00bfQu\u00e9 alimentos hay en una m\u00e1quina expendedora?<\/h2>\n<p style=\"margin-top: 5px;margin-bottom: 5px;font-family: sans-serif;font-size: 16px\">La mayor\u00eda de las m\u00e1quinas expendedoras tienen diferentes tipos de art\u00edculos disponibles, pero cada uno tiene un prop\u00f3sito diferente. Algunas est\u00e1n pensadas para los que tienen un presupuesto ajustado; otras, para los oficinistas que no tienen tiempo de salir corriendo a por un tentempi\u00e9 r\u00e1pido o una bebida.<\/p>\n<p style=\"margin-top: 5px;margin-bottom: 5px;font-family: sans-serif;font-size: 16px\"><\/p>\n<h2 style=\"font-family: sans-serif\">\u00bfQu\u00e9 puedo vender en una m\u00e1quina expendedora?<\/h2>\n<p style=\"margin-top: 5px;margin-bottom: 5px;font-family: sans-serif;font-size: 16px\">Esta respuesta no es espec\u00edfica para las m\u00e1quinas expendedoras y no pretende ser una lista exhaustiva. Hay muy pocos art\u00edculos que se puedan vender en las m\u00e1quinas expendedoras. En general, se trata de encontrar las cosas que una m\u00e1quina expendedora est\u00e1 equipada para aceptar y, a continuaci\u00f3n, las cosas que una m\u00e1quina expendedora est\u00e1 equipada para vender. Por ejemplo, una m\u00e1quina expendedora que acepta dinero, botellas de bebida y caramelos es m\u00e1s probable que acepte (o al menos pueda aceptar) las dos primeras cosas, pero probablemente no aceptar\u00eda, y muy probablemente no vender\u00eda la tercera. Es m\u00e1s probable que una m\u00e1quina expendedora que acepte dinero, botellas de bebida y caramelos venda las dos primeras cosas y venda la tercera. Una m\u00e1quina expendedora que s\u00f3lo acepta dinero, botellas de bebida y caramelos es menos probable que acepte alguno de ellos y m\u00e1s probable que no acepte ninguno. Una m\u00e1quina expendedora que s\u00f3lo acepte dinero y caramelos probablemente no acepte ninguno, y es poco probable que venda ninguno.<\/p>\n<p style=\"margin-top: 5px;margin-bottom: 5px;font-family: sans-serif;font-size: 16px\"><\/p>\n<h2 style=\"font-family: sans-serif\">\u00bfCu\u00e1ntos aperitivos caben en una m\u00e1quina expendedora?<\/h2>\n<p style=\"margin-top: 5px;margin-bottom: 5px;font-family: sans-serif;font-size: 16px\">La mayor\u00eda de las m\u00e1quinas expendedoras, y desde luego de las que estamos hablando aqu\u00ed, tienen un n\u00famero m\u00e1ximo de art\u00edculos que pueden almacenarse en la m\u00e1quina. En algunas, el n\u00famero m\u00e1ximo se establece como el \u00faltimo n\u00famero de un temporizador de cuenta atr\u00e1s; en otras, es la capacidad de la m\u00e1quina. El ejemplo m\u00e1s obvio es el n\u00famero de botones que se pueden pulsar en una sola m\u00e1quina o teclado. Algunas m\u00e1quinas tienen un n\u00famero m\u00e1ximo basado en el peso de los objetos que se pueden depositar en ellas, aunque generalmente s\u00f3lo se utilizan para detectar objetos robados o manipulados.<\/p>\n<\/p><\/div>","protected":false},"excerpt":{"rendered":"<p>Hot and Freeze vending machine 24hours https:\/\/youtu.be\/fjqlShughpQ&nbsp; &nbsp; Manufacturer, Supplier, Exporter, Distributor of Hamburgers Vending Machine. We have our own manufacturing unit and have tie-ups with various reputed manufacturers to ensure that we are able to offer high quality machines. Our offerings comprise of complete machines including the unit, the refrigeration device and the vending [&hellip;]<\/p>\n","protected":false},"featured_media":1954,"comment_status":"open","ping_status":"open","template":"","meta":{"_swt_meta_header_display":false,"_swt_meta_footer_display":false,"_swt_meta_site_title_display":false,"_swt_meta_sticky_header":false,"_swt_meta_transparent_header":false},"product_brand":[],"product_cat":[74,68],"product_tag":[],"class_list":{"0":"post-339","1":"product","2":"type-product","3":"status-publish","4":"has-post-thumbnail","6":"product_cat-hot-food-vending-machine","7":"product_cat-vending-machine","9":"first","10":"instock","11":"shipping-taxable","12":"product-type-simple"},"_links":{"self":[{"href":"https:\/\/www.hommy.com\/es\/wp-json\/wp\/v2\/product\/339","targetHints":{"allow":["GET"]}}],"collection":[{"href":"https:\/\/www.hommy.com\/es\/wp-json\/wp\/v2\/product"}],"about":[{"href":"https:\/\/www.hommy.com\/es\/wp-json\/wp\/v2\/types\/product"}],"replies":[{"embeddable":true,"href":"https:\/\/www.hommy.com\/es\/wp-json\/wp\/v2\/comments?post=339"}],"wp:featuredmedia":[{"embeddable":true,"href":"https:\/\/www.hommy.com\/es\/wp-json\/wp\/v2\/media\/1954"}],"wp:attachment":[{"href":"https:\/\/www.hommy.com\/es\/wp-json\/wp\/v2\/media?parent=339"}],"wp:term":[{"taxonomy":"product_brand","embeddable":true,"href":"https:\/\/www.hommy.com\/es\/wp-json\/wp\/v2\/product_brand?post=339"},{"taxonomy":"product_cat","embeddable":true,"href":"https:\/\/www.hommy.com\/es\/wp-json\/wp\/v2\/product_cat?post=339"},{"taxonomy":"product_tag","embeddable":true,"href":"https:\/\/www.hommy.com\/es\/wp-json\/wp\/v2\/product_tag?post=339"}],"curies":[{"name":"wp","href":"https:\/\/api.w.org\/{rel}","templated":true}]}}