{"id":333,"date":"2024-07-02T13:05:42","date_gmt":"2024-07-02T13:05:42","guid":{"rendered":"http:\/\/localhost\/hommywp\/pa-c5-d-fast-hot-food-dinner-vending-machine-manufacturers-cost\/"},"modified":"2025-08-01T09:57:30","modified_gmt":"2025-08-01T09:57:30","slug":"pa-c5-d-maquina-expendedora-de-comida-caliente","status":"publish","type":"product","link":"https:\/\/www.hommy.com\/es\/p\/pa-c5-d-maquina-expendedora-de-comida-caliente\/","title":{"rendered":"Pa-C5-D Fast Hot Food Cena M\u00e1quina expendedora Costo Fabricantes"},"content":{"rendered":"<div>\n<p style=\"text-align: center\"><strong><span style=\"font-family: Helvetica\"><span style=\"font-size: 29px\">M\u00e1quina expendedora de alimentos congelados <\/span><span style=\"font-size: 29px\">&nbsp;&nbsp;<\/span><\/span><\/strong><\/p>\n<p style=\"text-align: center\"><span style=\"font-family:Calibri;font-size:29px\"><a href=\"https:\/\/youtu.be\/BHUP1KlKXJ8\" style=\"font-size: 20px;text-decoration: underline\" rel=\"nofollow noopener\" target=\"_blank\"><span style=\"font-family: Calibri;font-size: 20px\">https:\/\/youtu.be\/BHUP1KlKXJ8<\/span><\/a><\/span><\/p>\n<p>Tambi\u00e9n somos proveedores de esta m\u00e1quina expendedora de cenas en cualquier capacidad que desee. Nuestros profesionales se aseguran de fabricar el mejor equipo de la calidad de una manera eficiente y rentable. Este equipo encuentra aplicaci\u00f3n en diversos sectores como hospitales, instituciones educativas y hoteles. Tiene varias caracter\u00edsticas que lo hacen compatible con varios sistemas operativos y es muy duradero. Aparte de esto, nuestro equipo tambi\u00e9n ofrece servicios post-venta, as\u00ed como viene con 1 a\u00f1o de garant\u00eda. Por lo tanto, p\u00f3ngase en contacto con nosotros y h\u00e1ganos saber acerca de sus demandas personalizadas.<\/p>\n<p><span style=\"font-size: 29px;font-family: Helvetica\">Especificaci\u00f3n del producto:<\/span><span style=\"font-family:\u5b8b\u4f53;font-size:29px\"> <\/span><\/p>\n<p><img decoding=\"async\" src=\"https:\/\/www.hommy.com\/wp-content\/uploads\/16429885749685.png\" alt=\"producto-Hommy-img\" title=\"\"><\/p>\n<p style=\"margin-bottom:0;text-align:justify\"><span style=\"font-family:\u5b8b\u4f53;font-size:29px\">Caracter\u00edsticas del producto:<\/span><\/p>\n<p style=\"margin-bottom:0;text-align:justify\"><span style=\"font-family:\u5b8b\u4f53;font-size:29px\"><img decoding=\"async\" src=\"https:\/\/www.hommy.com\/wp-content\/uploads\/16429886114114.png\" alt=\"product-PA-C5-D m\u00e1quina expendedora de comida caliente-Hommy-img\" title=\"\"><\/span><\/p>\n<p style=\"margin-bottom:0;text-align:justify\"><span style=\"font-family:\u5b8b\u4f53;font-size:29px\"><\/span><\/p>\n<p><span style=\"font-family:Calibri;font-size:21px\">1.&nbsp;<\/span><span style=\"font-family:Calibri;font-size:21px\">21.5\"<\/span><span style=\"font-family:Calibri;font-size:21px\">&nbsp;pantalla de promoci\u00f3n y funcionamiento .<\/span><\/p>\n<p><span style=\"font-family:\u5b8b\u4f53;font-size:21px\">2.<\/span><span style=\"font-family:Calibri;font-size:21px\">El sistema de pago puede aceptar: moneda, billete, moneda de cambio, interfaz de tarjeta de cr\u00e9dito.<\/span><\/p>\n<p style=\"margin-bottom: 17px\"><span style=\"font-family:Calibri;font-size:21px\">3. El<\/span><span style=\"font-family:Calibri;font-size:21px\">&nbsp;m\u00e1quina interior <\/span><span style=\"font-family:Calibri;font-size:21px\">puede mantener <\/span><span style=\"font-family:Calibri;font-size:21px\">alrededor del 60<\/span><span style=\"font-family:Calibri;font-size:21px\">piezas <\/span><span style=\"font-family:Calibri;font-size:21px\">cajas ,<\/span><span style=\"font-family:Calibri;font-size:21px\">&nbsp;La cantidad de cajas depende de su talla.<\/span><\/p>\n<p><span style=\"font-family:Calibri;font-size:21px\">&nbsp;que ser\u00e1 m\u00e1s cantidad y mantener la temperatura de -<\/span><span style=\"font-family:Calibri;font-size:21px\">10<\/span><span style=\"font-family:\u5b8b\u4f53;font-size:21px\">\u2103<\/span><span style=\"font-family:Calibri;font-size:21px\">&nbsp;a <\/span><span style=\"font-family:Calibri;font-size:21px\">-18<\/span><span style=\"font-family:\u5b8b\u4f53;font-size:21px\">\u2103<\/span><span style=\"font-family:Calibri;font-size:21px\">. <\/span><\/p>\n<p><span style=\"font-family:Calibri;font-size:21px\">4. Tablero de control avanzado de la PC, funci\u00f3n bien programada y funcionamiento estable.<\/span><\/p>\n<p><span style=\"font-family:Calibri;font-size:21px\">5. <\/span><span style=\"font-family:Calibri;font-size:21px\">el calentador de trabajo con 2units 3000W microondas para que funcione . &nbsp;&nbsp;<\/span><\/p>\n<p><span style=\"font-family:Calibri;font-size:21px\">6. <\/span><span style=\"font-family:Calibri;font-size:21px\">La temperatura del congelador puede ajustarse en funci\u00f3n de los diferentes productos.<\/span><span style=\"font-family:Calibri;font-size:21px\">t<\/span><span style=\"font-family:Calibri;font-size:21px\">, con funci\u00f3n de descongelaci\u00f3n autom\u00e1tica, para garantizar el funcionamiento normal de la m\u00e1quina en condiciones meteorol\u00f3gicas de alta temperatura y alta humedad <\/span><span style=\"font-family:Calibri;font-size:21px\">.<\/span><\/p>\n<p><span style=\"font-family:Calibri;font-size:21px\">7<\/span><span style=\"font-family:Calibri;font-size:21px\">. Hay una funci\u00f3n de protecci\u00f3n contra fallos de alimentaci\u00f3n, la m\u00e1quina todav\u00eda muestra el poder de estado, tiene la funci\u00f3n de memoria, la funci\u00f3n de protecci\u00f3n contra fugas de sobrecarga, garantizar el funcionamiento seguro de la m\u00e1quina. <\/span><\/p>\n<p style=\"margin-bottom:0;text-align:justify\"><span style=\"font-family:Calibri;font-size:21px\">8<\/span><span style=\"font-family:\u5b8b\u4f53;font-size:21px\">. El idioma es el ingl\u00e9s . &nbsp;<\/span><\/p>\n<p><span style=\"font-family:Calibri;font-size:21px\">9<\/span><span style=\"font-family:Calibri;font-size:21px\">. Sistema inform\u00e1tico de gesti\u00f3n a distancia: consulta de detalles de ventas, recordatorio de faltas, recordatorio de aver\u00edas de m\u00e1quinas.<\/span><\/p>\n<p style=\"margin-bottom:0;text-align:justify\"><\/p>\n<p style=\"margin-bottom:0;text-align:justify\"><span style=\"font-family:\u5b8b\u4f53;font-size:29px\">Ventaja del producto:<\/span><\/p>\n<p><span style=\"font-family:Calibri;font-size:21px\">2.&nbsp;<\/span><span style=\"font-family:Calibri;font-size:21px\">21.5\"<\/span><span style=\"font-family:Calibri;font-size:21px\">&nbsp;pantalla de promoci\u00f3n y funcionamiento .<\/span><\/p>\n<p style=\"vertical-align: baseline\"><img loading=\"lazy\" decoding=\"async\" src=\"https:\/\/www.hommy.com\/wp-content\/uploads\/16429886899474.png\" title=\"\" alt=\"producto-Hommy-img\" width=\"350\" height=\"600\" border=\"0\" vspace=\"0\" style=\"width: 350px;height: 600px\"><\/p>\n<p style=\"margin-bottom:0;text-align:justify\"><span style=\"font-family:Calibri;font-size:21px\">1.&nbsp;<\/span><span style=\"font-family:Calibri;font-size:21px\">El trabajo de la m\u00e1quina con 2units microondas que ser\u00e1 r\u00e1pidamente a agotarse . <\/span><\/p>\n<p style=\"vertical-align: baseline\"><img loading=\"lazy\" decoding=\"async\" src=\"https:\/\/www.hommy.com\/wp-content\/uploads\/16429887131008.jpg\" title=\"\" alt=\"product-Hommy-PA-C5-D m\u00e1quina expendedora de comida caliente-img\" width=\"350\" height=\"1440\" border=\"0\" vspace=\"0\" style=\"width: 350px;height: 1440px\"><\/p>\n<p style=\"vertical-align: baseline\"><span style=\"font-family: Calibri;font-size: 20px\">2.&nbsp;<\/span><span style=\"font-family: Calibri;font-size: 20px\">El canal interior de la caja de congelados puede ajustarse ligeramente seg\u00fan el tama\u00f1o de la caja<\/span><\/p>\n<p style=\"vertical-align: baseline\"><span style=\"font-family: Calibri;font-size: 20px\">&nbsp;<img loading=\"lazy\" decoding=\"async\" src=\"https:\/\/www.hommy.com\/wp-content\/uploads\/16429887421050.png\" title=\"\" alt=\"producto-Hommy-img\" width=\"350\" height=\"630\" border=\"0\" vspace=\"0\" style=\"width: 350px;height: 630px\"><\/span><\/p>\n<p><span style=\"font-family: \u5b8b\u4f53;font-size: 20px\">3.<\/span><span style=\"font-family:Calibri;font-size:21px\">El sistema de pago puede aceptar: moneda, billete, moneda de cambio, interfaz de tarjeta de cr\u00e9dito.<\/span><\/p>\n<p style=\"vertical-align: baseline\"><img loading=\"lazy\" decoding=\"async\" src=\"https:\/\/www.hommy.com\/wp-content\/uploads\/16429887821275.png\" title=\"\" alt=\"producto-Hommy-img\" width=\"350\" height=\"546\" border=\"0\" vspace=\"0\" style=\"width: 350px;height: 546px\"><\/p>\n<p><span style=\"font-family:Calibri;font-size:21px\">4.<\/span><span style=\"font-family:Calibri;font-size:21px\">Sistema inform\u00e1tico de gesti\u00f3n a distancia: consulta de detalles de ventas, recordatorio de faltas, recordatorio de aver\u00edas de m\u00e1quinas.<\/span><\/p>\n<p style=\"vertical-align: baseline\"><img decoding=\"async\" src=\"https:\/\/www.hommy.com\/wp-content\/uploads\/16429888126916.jpg\" alt=\"producto-Hommy-img-1\" title=\"\"><\/p>\n<p style=\"margin-bottom:0;text-align:justify\"><\/p>\n<h2 style=\"font-family: sans-serif\">\u00bfSon rentables las m\u00e1quinas expendedoras en l\u00ednea?<\/h2>\n<p style=\"margin-top: 5px;margin-bottom: 5px;font-family: sans-serif;font-size: 16px\">Las m\u00e1quinas expendedoras, o m\u00e1quinas de autoservicio al por menor, son m\u00e1quinas de venta al por menor que venden productos a un cliente, sin la intervenci\u00f3n de un miembro del personal. Se pueden encontrar en una amplia gama de establecimientos, como cadenas de comida r\u00e1pida, hoteles, supermercados y tiendas de conveniencia.<\/p>\n<p style=\"margin-top: 5px;margin-bottom: 5px;font-family: sans-serif;font-size: 16px\"><\/p>\n<h2 style=\"font-family: sans-serif\">\u00bfCu\u00e1nta electricidad consume una m\u00e1quina de aperitivos?<\/h2>\n<p style=\"margin-top: 5px;margin-bottom: 5px;font-family: sans-serif;font-size: 16px\">Puede que te sorprenda saber que en realidad es bastante.La cantidad de electricidad que se utiliza para hacer funcionar una m\u00e1quina expendedora es bastante considerable.La m\u00e1quina expendedora media en Australia consume hasta 2,5 kilovatios-hora de electricidad al mes, por m\u00e1quina.Eso equivale a hacer funcionar el aire acondicionado de tu casa durante m\u00e1s de un mes.<\/p>\n<p style=\"margin-top: 5px;margin-bottom: 5px;font-family: sans-serif;font-size: 16px\"><\/p>\n<h2 style=\"font-family: sans-serif\">\u00bfQu\u00e9 es una ruta expendedora?<\/h2>\n<p style=\"margin-top: 5px;margin-bottom: 5px;font-family: sans-serif;font-size: 16px\">Las rutas de m\u00e1quinas expendedoras son la unidad b\u00e1sica que se utiliza para describir la estructura de un grupo de m\u00e1quinas expendedoras en un punto de venta. Cada grupo de m\u00e1quinas expendedoras, o cluster, puede tener una o m\u00e1s rutas que son la secuencia de paradas que se realizan desde cada m\u00e1quina. La secuencia de paradas puede repetirse, denomin\u00e1ndose a veces ruta al patr\u00f3n de paradas utilizado en un grupo de m\u00e1quinas. Por ejemplo, la Ruta 1 de un grupo de m\u00e1quinas expendedoras puede consistir en la Ruta 1, la Ruta 2, la Ruta 3 y la Ruta 4.<\/p>\n<\/p><\/div>","protected":false},"excerpt":{"rendered":"<p>Frozen food vending machine &nbsp;&nbsp; https:\/\/youtu.be\/BHUP1KlKXJ8 We are also a supplier of this Dinner Vending Machine in any capacity you might want it in. Our professionals ensure to fabricate the best quality equipment in an efficient and cost-effective manner. This equipment finds application in varied sectors like hospitals, educational institutions, and hotels. It has various [&hellip;]<\/p>\n","protected":false},"featured_media":326,"comment_status":"open","ping_status":"open","template":"","meta":{"_swt_meta_header_display":false,"_swt_meta_footer_display":false,"_swt_meta_site_title_display":false,"_swt_meta_sticky_header":false,"_swt_meta_transparent_header":false},"product_brand":[],"product_cat":[74,68],"product_tag":[],"class_list":{"0":"post-333","1":"product","2":"type-product","3":"status-publish","4":"has-post-thumbnail","6":"product_cat-hot-food-vending-machine","7":"product_cat-vending-machine","9":"first","10":"instock","11":"shipping-taxable","12":"product-type-simple"},"_links":{"self":[{"href":"https:\/\/www.hommy.com\/es\/wp-json\/wp\/v2\/product\/333","targetHints":{"allow":["GET"]}}],"collection":[{"href":"https:\/\/www.hommy.com\/es\/wp-json\/wp\/v2\/product"}],"about":[{"href":"https:\/\/www.hommy.com\/es\/wp-json\/wp\/v2\/types\/product"}],"replies":[{"embeddable":true,"href":"https:\/\/www.hommy.com\/es\/wp-json\/wp\/v2\/comments?post=333"}],"wp:featuredmedia":[{"embeddable":true,"href":"https:\/\/www.hommy.com\/es\/wp-json\/wp\/v2\/media\/326"}],"wp:attachment":[{"href":"https:\/\/www.hommy.com\/es\/wp-json\/wp\/v2\/media?parent=333"}],"wp:term":[{"taxonomy":"product_brand","embeddable":true,"href":"https:\/\/www.hommy.com\/es\/wp-json\/wp\/v2\/product_brand?post=333"},{"taxonomy":"product_cat","embeddable":true,"href":"https:\/\/www.hommy.com\/es\/wp-json\/wp\/v2\/product_cat?post=333"},{"taxonomy":"product_tag","embeddable":true,"href":"https:\/\/www.hommy.com\/es\/wp-json\/wp\/v2\/product_tag?post=333"}],"curies":[{"name":"wp","href":"https:\/\/api.w.org\/{rel}","templated":true}]}}