{"id":325,"date":"2024-07-02T13:05:36","date_gmt":"2024-07-02T13:05:36","guid":{"rendered":"http:\/\/localhost\/hommywp\/pa-c5-c-18-degree-hot-frozen-vending-machine-coin-operated\/"},"modified":"2025-08-01T09:57:30","modified_gmt":"2025-08-01T09:57:30","slug":"maquina-expendedora-de-alimentos-calientes-pa-c5-c-18degree","status":"publish","type":"product","link":"https:\/\/www.hommy.com\/es\/p\/maquina-expendedora-de-alimentos-calientes-pa-c5-c-18degree\/","title":{"rendered":"Pa-C5-C -18 Grados M\u00e1quina expendedora de congelados calientes que funciona con monedas"},"content":{"rendered":"<div>\n<p style=\"text-align: center\"><span style=\"font-family:Calibri;font-size:29px\">&nbsp; &nbsp; &nbsp; &nbsp; &nbsp;M\u00e1quina expendedora de alimentos congelados <\/span><span style=\"font-family:\u5b8b\u4f53;font-size:29px\">&nbsp;<\/span><span style=\"font-family:\u5b8b\u4f53;font-size:29px\">&nbsp;<\/span><\/p>\n<p style=\"text-align: center\"><span style=\"font-family:Calibri;font-size:29px\"><a href=\"https:\/\/youtu.be\/mGrWMrU2t1E\" rel=\"nofollow noopener\" target=\"_blank\">https:\/\/youtu.be\/mGrWMrU2t1E<\/a> <\/span><\/p>\n<p>Somos un proveedor de confianza de m\u00e1quinas expendedoras de congelados a todos nuestros clientes. Con nuestra vasta experiencia en la industria, somos capaces de proporcionar estas m\u00e1quinas en una variedad de especificaciones y dise\u00f1os. Aparte de esto, tambi\u00e9n nos aseguramos de que nuestra gama de m\u00e1quinas est\u00e1 disponible en varios colores y acabados a un precio altamente competitivo. Adem\u00e1s de esto, nuestro refrigerador de la m\u00e1quina est\u00e1n disponibles con una garant\u00eda de un a\u00f1o tambi\u00e9n.<\/p>\n<p><span style=\"font-size: 29px;font-family: Helvetica\">Especificaci\u00f3n del producto:<\/span><\/p>\n<p><img decoding=\"async\" src=\"https:\/\/www.hommy.com\/wp-content\/uploads\/16429880106386.png\" alt=\"producto-Hommy-img\" title=\"\"><\/p>\n<p style=\"margin-bottom:0;text-align:justify\"><span style=\"font-family:\u5b8b\u4f53;font-size:29px\">Caracter\u00edsticas del producto: <\/span><\/p>\n<p><span style=\"font-family:Calibri;font-size:21px\">1.&nbsp;<\/span><span style=\"font-family:Calibri;font-size:21px\">21.5\"<\/span><span style=\"font-family:Calibri;font-size:21px\">&nbsp;pantalla de promoci\u00f3n y funcionamiento .<\/span><\/p>\n<p><span style=\"font-family:\u5b8b\u4f53;font-size:21px\">2.<\/span><span style=\"font-family:Calibri;font-size:21px\">&nbsp;El sistema de pago puede aceptar: moneda, billete, moneda de cambio, interfaz de tarjeta de cr\u00e9dito.<\/span><\/p>\n<p style=\"margin-bottom: 17px\"><span style=\"font-family:Calibri;font-size:21px\">3. El<\/span><span style=\"font-family:Calibri;font-size:21px\">&nbsp;m\u00e1quina interior <\/span><span style=\"font-family:Calibri;font-size:21px\">puede mantener <\/span><span style=\"font-family:Calibri;font-size:21px\">alrededor del 60<\/span><span style=\"font-family:Calibri;font-size:21px\">piezas <\/span><span style=\"font-family:Calibri;font-size:21px\">cajas ,<\/span><span style=\"font-family:Calibri;font-size:21px\">&nbsp;La cantidad de cajas depende de su talla.<\/span><\/p>\n<p><span style=\"font-family:Calibri;font-size:21px\">que ser\u00e1 m\u00e1s cantidad y mantener la temperatura de -<\/span><span style=\"font-family:Calibri;font-size:21px\">10<\/span><span style=\"font-family:\u5b8b\u4f53;font-size:21px\">\u2103<\/span><span style=\"font-family:Calibri;font-size:21px\">&nbsp;a <\/span><span style=\"font-family:Calibri;font-size:21px\">-18<\/span><span style=\"font-family:\u5b8b\u4f53;font-size:21px\">\u2103<\/span><span style=\"font-family:Calibri;font-size:21px\">. <\/span><\/p>\n<p><span style=\"font-family:Calibri;font-size:21px\">4. Tablero de control avanzado de la PC, funci\u00f3n bien programada y funcionamiento estable.<\/span><\/p>\n<p><span style=\"font-family:Calibri;font-size:21px\">5. <\/span><span style=\"font-family:Calibri;font-size:21px\">el calentador funciona con microondas de 3000W para hacerlo funcionar . &nbsp;&nbsp;<\/span><\/p>\n<p><span style=\"font-family:Calibri;font-size:21px\">6. <\/span><span style=\"font-family:Calibri;font-size:21px\">La temperatura del congelador puede ajustarse en funci\u00f3n de los diferentes productos.<\/span><span style=\"font-family:Calibri;font-size:21px\">t<\/span><span style=\"font-family:Calibri;font-size:21px\">, con funci\u00f3n de descongelaci\u00f3n autom\u00e1tica, para garantizar el funcionamiento normal de la m\u00e1quina en condiciones meteorol\u00f3gicas de alta temperatura y alta humedad <\/span><span style=\"font-family:Calibri;font-size:21px\">.<\/span><\/p>\n<p><span style=\"font-family:Calibri;font-size:21px\">7<\/span><span style=\"font-family:Calibri;font-size:21px\">. Hay una funci\u00f3n de protecci\u00f3n contra fallos de alimentaci\u00f3n, la m\u00e1quina todav\u00eda muestra el poder de estado, tiene la funci\u00f3n de memoria, la funci\u00f3n de protecci\u00f3n contra fugas de sobrecarga, garantizar el funcionamiento seguro de la m\u00e1quina. <\/span><\/p>\n<p style=\"margin-bottom:0;text-align:justify\"><span style=\"font-family:Calibri;font-size:21px\">8<\/span><span style=\"font-family:\u5b8b\u4f53;font-size:21px\">. El idioma es el ingl\u00e9s . &nbsp;<\/span><\/p>\n<p><span style=\"font-family:Calibri;font-size:21px\">9<\/span><span style=\"font-family:Calibri;font-size:21px\">. Sistema inform\u00e1tico de gesti\u00f3n a distancia: consulta de detalles de ventas, recordatorio de faltas, recordatorio de aver\u00edas de m\u00e1quinas.<\/span><\/p>\n<p style=\"margin-bottom:0;text-align:justify\"><\/p>\n<p style=\"margin-bottom:0;text-align:justify\"><span style=\"font-family:\u5b8b\u4f53;font-size:29px\">Ventaja del producto:<\/span><\/p>\n<p><span style=\"font-family:Calibri;font-size:21px\">2.&nbsp;<\/span><span style=\"font-family:Calibri;font-size:21px\">21.5\"<\/span><span style=\"font-family:Calibri;font-size:21px\">&nbsp;pantalla de promoci\u00f3n y funcionamiento .<\/span><\/p>\n<p style=\"vertical-align: baseline\"><img loading=\"lazy\" decoding=\"async\" src=\"https:\/\/www.hommy.com\/wp-content\/uploads\/16429880684263.png\" title=\"\" alt=\"producto-Hommy-img\" width=\"450\" height=\"600\" border=\"0\" vspace=\"0\" style=\"width: 450px;height: 600px\"><\/p>\n<p style=\"margin-bottom:0;text-align:justify\"><span style=\"font-family:Calibri;font-size:21px\">1.&nbsp;<\/span><span style=\"font-family:Calibri;font-size:21px\">La m\u00e1quina funciona con microondas . <\/span><\/p>\n<p style=\"vertical-align: baseline\"><img loading=\"lazy\" decoding=\"async\" src=\"https:\/\/www.hommy.com\/wp-content\/uploads\/16429880974892.jpg\" title=\"\" alt=\"product-Hommy-PA-C5-C -18degree m\u00e1quina expendedora de comida caliente-img\" width=\"350\" height=\"1440\" border=\"0\" vspace=\"0\" style=\"width: 350px;height: 1440px\"><\/p>\n<p style=\"vertical-align: baseline\"><span style=\"font-family: Calibri;font-size: 20px\">2.&nbsp;<\/span><span style=\"font-family: Calibri;font-size: 20px\">El canal interior de la caja de congelados puede ajustarse ligeramente seg\u00fan el tama\u00f1o de la caja<\/span><\/p>\n<p style=\"vertical-align: baseline\"><span style=\"font-family: Calibri;font-size: 20px\">&nbsp;<img loading=\"lazy\" decoding=\"async\" src=\"https:\/\/www.hommy.com\/wp-content\/uploads\/16429881268233.png\" title=\"\" alt=\"producto-Hommy-img\" width=\"350\" height=\"630\" border=\"0\" vspace=\"0\" style=\"width: 350px;height: 630px\"><\/span><\/p>\n<p><span style=\"font-family: \u5b8b\u4f53;font-size: 20px\">3.<\/span><span style=\"font-family:Calibri;font-size:21px\">El sistema de pago puede aceptar: moneda, billete, moneda de cambio, interfaz de tarjeta de cr\u00e9dito.<\/span><\/p>\n<p style=\"vertical-align: baseline\"><img loading=\"lazy\" decoding=\"async\" src=\"https:\/\/www.hommy.com\/wp-content\/uploads\/16429881522399.png\" title=\"\" alt=\"producto-Hommy-img\" width=\"350\" height=\"546\" border=\"0\" vspace=\"0\" style=\"width: 350px;height: 546px\"><\/p>\n<p><span style=\"font-family:Calibri;font-size:21px\">4.<\/span><span style=\"font-family:Calibri;font-size:21px\">Sistema inform\u00e1tico de gesti\u00f3n a distancia: consulta de detalles de ventas, recordatorio de faltas, recordatorio de aver\u00edas de m\u00e1quinas.<\/span><\/p>\n<p style=\"vertical-align: baseline\"><img decoding=\"async\" src=\"https:\/\/www.hommy.com\/wp-content\/uploads\/16429881852523.jpg\" alt=\"product-PA-C5-C -18degree m\u00e1quina expendedora de comida caliente-Hommy-img\" title=\"\"><\/p>\n<h2 style=\"font-family: sans-serif\">\u00bfQu\u00e9 ciudad tiene m\u00e1s m\u00e1quinas expendedoras?<\/h2>\n<p style=\"margin-top: 5px;margin-bottom: 5px;font-family: sans-serif;font-size: 16px\">En cierto modo, las m\u00e1quinas expendedoras son el hijastro olvidado del consumidor. Las vemos como soluciones c\u00f3modas y r\u00e1pidas, pero rara vez pensamos en ellas como una opci\u00f3n viable. Sin embargo, las cifras dicen lo contrario. Las m\u00e1quinas expendedoras est\u00e1n en uso, y las cifras de compras demuestran que la popularidad de estas m\u00e1quinas sigue creciendo.La respuesta parece ser que hay unas 12.000 m\u00e1quinas en todo Jap\u00f3n.As\u00ed lo revel\u00f3 un art\u00edculo de una revista en 2005, cuando s\u00f3lo hab\u00eda unas 7.500 m\u00e1quinas en Jap\u00f3n.<\/p>\n<p style=\"margin-top: 5px;margin-bottom: 5px;font-family: sans-serif;font-size: 16px\"><\/p>\n<h2 style=\"font-family: sans-serif\">\u00bfC\u00f3mo de bueno es el negocio de las m\u00e1quinas expendedoras?<\/h2>\n<p style=\"margin-top: 5px;margin-bottom: 5px;font-family: sans-serif;font-size: 16px\">Las m\u00e1quinas expendedoras existen desde hace muchos a\u00f1os. Han existido tanto en restaurantes como en tiendas de conveniencia. Con la llegada de los tiempos actuales, las m\u00e1quinas expendedoras se han convertido en uno de los m\u00e9todos m\u00e1s eficaces para vender su producto. Con la popularidad de las empresas de m\u00e1quinas expendedoras, es f\u00e1cil encontrar empresas de m\u00e1quinas expendedoras de calidad y conseguir que instalen una en su empresa. En el siguiente art\u00edculo encontrar\u00e1 consejos que puede seguir para encontrar la mejor empresa de m\u00e1quinas expendedoras.<\/p>\n<p style=\"margin-top: 5px;margin-bottom: 5px;font-family: sans-serif;font-size: 16px\"><\/p>\n<h2 style=\"font-family: sans-serif\">\u00bfC\u00f3mo funcionan las m\u00e1quinas expendedoras de alimentos?<\/h2>\n<p style=\"margin-top: 5px;margin-bottom: 5px;font-family: sans-serif;font-size: 16px\">Las m\u00e1quinas expendedoras de alimentos constan de dos partes. La primera es una m\u00e1quina expendedora mec\u00e1nica, que es la parte que le entrega un \u00fanico tipo de comida. Esta m\u00e1quina no cambia la comida, pero s\u00ed el tipo de comida que recibes. En general, las m\u00e1quinas expendedoras de alimentos son m\u00e1s comunes en las grandes ciudades o centros comerciales, pero no siempre es as\u00ed. Tampoco es raro que una sola tienda de comestibles tenga sus propias m\u00e1quinas. La mayor\u00eda de los supermercados tienen m\u00e1quinas expendedoras de alimentos. Son las m\u00e1quinas que te entregan la comida al entrar en la tienda. Hay diferentes tipos de m\u00e1quinas expendedoras que ofrecen distintos tipos de comida. Algunas ofrecen un solo tipo de comida, como pizzas congeladas. Otras ofrecen dos tipos de comida, como s\u00e1ndwiches y refrescos. Por \u00faltimo, a veces hay m\u00e1quinas que combinan dos tipos de comida, como un perrito caliente con refresco o un bocadillo de queso a la plancha.Cada m\u00e1quina expendedora tiene asignado un c\u00f3digo que indica la cantidad que dispensa. Algunas m\u00e1quinas dispensan la cantidad justa, mientras que otras te dar\u00e1n mucho m\u00e1s o menos de lo que necesitas.<\/p>\n<\/p><\/div>","protected":false},"excerpt":{"rendered":"<p>&nbsp; &nbsp; &nbsp; &nbsp; &nbsp;Sealing frozen food vending machine &nbsp;&nbsp; https:\/\/youtu.be\/mGrWMrU2t1E We are a trusted supplier of Frozen Vending Machines to all of our clients. With our vast industry experience, we are able to provide these machines in a variety of specifications and designs. Apart from this, we also ensure that our range of machines [&hellip;]<\/p>\n","protected":false},"featured_media":1953,"comment_status":"open","ping_status":"open","template":"","meta":{"_swt_meta_header_display":false,"_swt_meta_footer_display":false,"_swt_meta_site_title_display":false,"_swt_meta_sticky_header":false,"_swt_meta_transparent_header":false},"product_brand":[],"product_cat":[74,68],"product_tag":[],"class_list":{"0":"post-325","1":"product","2":"type-product","3":"status-publish","4":"has-post-thumbnail","6":"product_cat-hot-food-vending-machine","7":"product_cat-vending-machine","9":"first","10":"instock","11":"shipping-taxable","12":"product-type-simple"},"_links":{"self":[{"href":"https:\/\/www.hommy.com\/es\/wp-json\/wp\/v2\/product\/325","targetHints":{"allow":["GET"]}}],"collection":[{"href":"https:\/\/www.hommy.com\/es\/wp-json\/wp\/v2\/product"}],"about":[{"href":"https:\/\/www.hommy.com\/es\/wp-json\/wp\/v2\/types\/product"}],"replies":[{"embeddable":true,"href":"https:\/\/www.hommy.com\/es\/wp-json\/wp\/v2\/comments?post=325"}],"wp:featuredmedia":[{"embeddable":true,"href":"https:\/\/www.hommy.com\/es\/wp-json\/wp\/v2\/media\/1953"}],"wp:attachment":[{"href":"https:\/\/www.hommy.com\/es\/wp-json\/wp\/v2\/media?parent=325"}],"wp:term":[{"taxonomy":"product_brand","embeddable":true,"href":"https:\/\/www.hommy.com\/es\/wp-json\/wp\/v2\/product_brand?post=325"},{"taxonomy":"product_cat","embeddable":true,"href":"https:\/\/www.hommy.com\/es\/wp-json\/wp\/v2\/product_cat?post=325"},{"taxonomy":"product_tag","embeddable":true,"href":"https:\/\/www.hommy.com\/es\/wp-json\/wp\/v2\/product_tag?post=325"}],"curies":[{"name":"wp","href":"https:\/\/api.w.org\/{rel}","templated":true}]}}