{"id":318,"date":"2024-07-02T12:48:38","date_gmt":"2024-07-02T12:48:38","guid":{"rendered":"http:\/\/localhost\/hommywp\/pa-c8-french-fries-vending-machine\/"},"modified":"2025-08-01T09:57:30","modified_gmt":"2025-08-01T09:57:30","slug":"pa-c8-maquina-expendedora-de-patatas-fritas","status":"publish","type":"product","link":"https:\/\/www.hommy.com\/es\/p\/pa-c8-maquina-expendedora-de-patatas-fritas\/","title":{"rendered":"PA-C8 M\u00e1quina expendedora de patatas fritas"},"content":{"rendered":"<div>\n<h1 style=\"text-align: center\"><strong><span style=\"letter-spacing: 0px;font-family: arial, helvetica, sans-serif;font-size: 24px\"><a name=\"Fries vending machine\"><\/a>M\u00e1quina expendedora de patatas fritas<\/span><\/strong><\/h1>\n<p style=\"text-align: center\"><a href=\"#Fries vending machine\" target=\"_self\" data-lv=\"0\" rel=\"noopener\"><span style=\"letter-spacing: 0px;font-family: arial, helvetica, sans-serif;font-size: 18px\">M\u00e1quina expendedora de patatas fritas<\/span><\/a><span style=\"letter-spacing: 0px;font-family: arial, helvetica, sans-serif;font-size: 18px\">|<a href=\"#Product Features\" target=\"_self\" data-lv=\"0\" rel=\"noopener\">Caracter\u00edsticas del producto<\/a>|<a href=\"#Product specification\" target=\"_self\" data-lv=\"0\" rel=\"noopener\">Especificaci\u00f3n del producto<\/a>|<a href=\"#Product Advantage\" target=\"_self\" data-lv=\"0\" rel=\"noopener\">Ventajas del producto<\/a><\/span><\/p>\n<p><strong><span style=\"letter-spacing: 0px;font-family: arial, helvetica, sans-serif;font-size: 24px\"><br \/><\/span><\/strong><\/p>\n<p><strong><span style=\"letter-spacing: 0px;font-family: arial, helvetica, sans-serif;font-size: 24px\"><br \/><\/span><\/strong><\/p>\n<p><\/p>\n<p style=\"text-align: center\">&nbsp;&nbsp;&nbsp;&nbsp;<\/p>\n<p><\/p>\n<p><span style=\"font-family:\u5b8b\u4f53;letter-spacing:0;font-size:29px\"><\/span><\/p>\n<div class=\"d-tem01-graphic tem01-graphic mockup\" data-detail=\"wrap\">\n<div class=\"cont-section clearfix d-clearfix\">\n<div class=\"col-md-6 col-sm-6 col-xs-6\"><\/p>\n<p><\/p>\n<p><\/p>\n<p><\/p>\n<p style=\"text-align:center\"><img loading=\"lazy\" decoding=\"async\" src=\"https:\/\/www.hommy.com\/wp-content\/uploads\/16841138152247.png\" alt=\"product-Hommy-PA-C8 M\u00e1quina expendedora de patatas fritas-img\" title=\"\" width=\"700\" height=\"551\" border=\"0\" vspace=\"0\" style=\"width: 700px;height: 551px\"><\/p>\n<p>&nbsp; &nbsp; &nbsp; &nbsp; &nbsp; &nbsp;<\/p>\n<\/div>\n<div class=\"col-md-6 col-sm-6 col-xs-6\">\n<div class=\"right-p\">\n<div class=\"h2 heading\">\n<h1 style=\"margin: 0px;text-indent: 0px;text-align: justify\"><span style=\"font-size: 24px\"><strong><span style=\"letter-spacing: 0px;font-family: arial, helvetica, sans-serif\"><a name=\"Product Features\"><\/a>Caracter\u00edsticas del producto<\/span><\/strong><\/span><\/h1>\n<p style=\"margin-top:0;margin-right:0;margin-bottom:0;margin-left:0;text-indent:0;text-align:justify\"><span style=\"letter-spacing: 0px;font-family: arial, helvetica, sans-serif;font-size: 18px\"><br \/><\/span><\/p>\n<p><span style=\"font-size: 18px;font-family: arial, helvetica, sans-serif\">1: la pantalla publicitaria de 42\" frente a la m\u00e1quina&nbsp;<\/span><\/p>\n<p><span style=\"font-size: 18px;font-family: arial, helvetica, sans-serif\">2: Tiempo de fritura: 90-145 segundos ajustables<\/span><\/p>\n<p><span style=\"font-family: arial, helvetica, sans-serif;font-size: 18px\"><span style=\"font-family: arial, helvetica, sans-serif\">3: Temperatura de fritura: 175<\/span><span style=\"font-family: arial, helvetica, sans-serif\">\u2103<\/span><span style=\"font-family: arial, helvetica, sans-serif\">-185<\/span><span style=\"font-family: arial, helvetica, sans-serif\">\u2103<\/span><span style=\"font-family: arial, helvetica, sans-serif\">.<\/span><\/span><\/p>\n<p><span style=\"font-family: arial, helvetica, sans-serif;font-size: 18px\"><span style=\"font-family: arial, helvetica, sans-serif\">4: mantener la tienda de fritos mantener la <\/span><span style=\"font-family: arial, helvetica, sans-serif\">temperatura : -7\u2103-0\u2103 .<\/span><span style=\"font-family: arial, helvetica, sans-serif\">&nbsp;<\/span><\/span><\/p>\n<p><span style=\"font-size: 18px;font-family: arial, helvetica, sans-serif\">5: La m\u00e1quina puede utilizar el aceite vegetal o la grasa de la carne de vaca, cuenco encendido guarda el aceite 5.6L. <\/span><span style=\"font-family: arial, helvetica, sans-serif;font-size: 18px\"><span style=\"font-family: Calibri\"><br \/><\/span><span style=\"font-family: arial, helvetica, sans-serif\"><span style=\"font-family: arial, helvetica, sans-serif\">6: Caldo de patatas fritas congeladas: 25 kg, <\/span><span style=\"font-family: arial, helvetica, sans-serif\">unos 110 <\/span><span style=\"font-family: arial, helvetica, sans-serif\">porciones (6 bolsas )<\/span><\/span><\/span><span style=\"font-family: Calibri;font-size: 20px\"> <\/span><\/p>\n<p><span style=\"font-size: 18px;font-family: arial, helvetica, sans-serif\">7: la m\u00e1quina puede mantener interior o al aire libre, al aire libre necesidad de a\u00f1adir techo.<\/span><\/p>\n<p><span style=\"font-size: 18px;font-family: arial, helvetica, sans-serif\">8: Sin humo de aceite, sin olores<br \/>9: Conector con sistema de pago: billete de papel, moneda, moneda de cambio, tarjeta de cr\u00e9dito s\u00f3lo interfaz MDB.<\/span><\/p>\n<p><span style=\"font-size: 18px;font-family: arial, helvetica, sans-serif\">10:Cada 16 d\u00edas, es necesario sacar la freidora y llevarla a limpiar .<\/span><\/p>\n<p><span style=\"font-size: 18px;font-family: arial, helvetica, sans-serif\">11.La m\u00e1quina tiene la funci\u00f3n remota, se puede ver todos los d\u00edas informe de venta tambi\u00e9n la m\u00e1quina tiene la funci\u00f3n de recordatorio. &nbsp;<\/span><\/p>\n<p><span style=\"font-size: 18px;font-family: arial, helvetica, sans-serif\">12. cada 400 porciones o trabajo de la m\u00e1quina 4 d\u00edas, necesita ser cambiar el aceite.<\/span><\/p>\n<p><span style=\"font-size: 18px;font-family: arial, helvetica, sans-serif\">13: que la m\u00e1quina en el interior tiene 3 tipos de caja de jugo para que usted elija. <\/span><\/p>\n<p><span style=\"font-size: 18px;font-family: arial, helvetica, sans-serif\">14:Prevenci\u00f3n de incendios y seguridad alimentaria<\/span><\/p>\n<p><span style=\"font-family: arial, helvetica, sans-serif;font-size: 18px\"><span style=\"font-family: arial, helvetica, sans-serif\">A:<\/span><span style=\"font-family: arial, helvetica, sans-serif\">&nbsp;Hay 2 sensores en el aceite para detectar la temperatura del aceite. Durante la detecci\u00f3n, se comparar\u00e1n entre s\u00ed, cualquier sensor de encontrar la temperatura demasiado alta, la m\u00e1quina se detendr\u00e1.<\/span><\/span><\/p>\n<p><span style=\"font-family: arial, helvetica, sans-serif;font-size: 18px\"><span style=\"font-family: \u5b8b\u4f53;font-size: 20px\">B:<\/span><span style=\"font-family: Calibri;font-size: 20px\">en la parte trasera de la freidora, hay 2 sensores de sobrecalentamiento.<\/span><\/span><\/p>\n<p><span style=\"font-size: 18px;font-family: arial, helvetica, sans-serif\">C: la freidora de la m\u00e1quina est\u00e1 completamente sellada, incluso si el aceite se quema, es s\u00f3lo dentro de la freidora, el fuego nunca saldr\u00e1 para causar da\u00f1os. <\/span><\/p>\n<p><span style=\"font-family: arial, helvetica, sans-serif;font-size: 18px\">15:La m\u00e1quina tiene funci\u00f3n de control de seguridad alimentaria :<\/span><\/p>\n<p><span style=\"font-family: arial, helvetica, sans-serif;font-size: 18px\">La m\u00e1quina tiene una funci\u00f3n de recordatorio, recordamos regularmente al personal que cambie el aceite con regularidad para lograr la seguridad alimentaria<\/span><\/p>\n<p><span style=\"font-family: arial, helvetica, sans-serif;font-size: 18px\">R: la m\u00e1quina puede calcular el tiempo de calentamiento del aceite, despu\u00e9s de 48 horas, la m\u00e1quina informar\u00e1 al operador para reemplazar el aceite por SMS, si el operador no reemplaza el aceite a tiempo, la m\u00e1quina se detendr\u00e1 autom\u00e1ticamente.<\/span><\/p>\n<p><span style=\"font-family: arial, helvetica, sans-serif;font-size: 18px\">B: si la m\u00e1quina detecta que la temperatura del frigor\u00edfico se mantiene por encima de 0 \u00baC durante m\u00e1s de 2 horas, informar\u00e1 al operador.<\/span><\/p>\n<p><span style=\"font-family: arial, helvetica, sans-serif;font-size: 18px\">16: Potencia: 2800W cuando la freidora est\u00e1 encendida. La potencia media es de 1000W.<\/span><\/p>\n<p><span style=\"font-size: 18px\"><span style=\"font-family: arial, helvetica, sans-serif\">17\uff1aTama\u00f1o\uff1a<\/span><span style=\"font-family: Calibri\"><span style=\"font-family: Calibri\"><\/span><span style=\"font-family: arial, helvetica, sans-serif\">1050mm * 833mm * 1998mm<\/span><\/span><\/span><\/p>\n<\/div>\n<\/div>\n<p>&nbsp; &nbsp; &nbsp; &nbsp; &nbsp; &nbsp;<\/p><\/div>\n<\/div>\n<\/div>\n<h1><strong><span style=\"letter-spacing: 0px;font-size: 24px;font-family: arial, helvetica, sans-serif\"><a name=\"Product specification\"><\/a>Especificaci\u00f3n del producto<\/span><\/strong><\/h1>\n<p><img decoding=\"async\" src=\"https:\/\/www.hommy.com\/wp-content\/uploads\/16841138634873.jpg\" alt=\"producto-Hommy-img\" title=\"\"><\/p>\n<p><\/p>\n<p><span style=\"font-family:\u5b8b\u4f53;letter-spacing:0;font-size:29px\"><\/span><\/p>\n<h1><span style=\"font-family: arial, helvetica, sans-serif;font-size: 24px\"><strong><span style=\"font-family: arial, helvetica, sans-serif;letter-spacing: 0px\"><a name=\"Product Advantage\"><\/a>Ventajas del producto<\/span><\/strong><\/span><\/h1>\n<p><span style=\"font-family: arial, helvetica, sans-serif;font-size: 24px\"><strong><span style=\"font-family: arial, helvetica, sans-serif;letter-spacing: 0px\"><\/span><\/strong><\/span><\/p>\n<div class=\"d-tem01-graphic tem01-graphic mockup\" data-detail=\"wrap\">\n<div class=\"cont-section clearfix d-clearfix\">\n<div class=\"col-md-6 col-sm-6 col-xs-6\">\n<div class=\"right-p\">\n<div class=\"h2 heading\">\n<p style=\"margin-top: 0;margin-right: 0;margin-bottom: 0;padding: 0;vertical-align: baseline\"><span style=\"letter-spacing: 0px;font-family: arial, helvetica, sans-serif;font-size: 18px\">1. El interior de la m\u00e1quina tiene 3 tipos de jugo para que usted elija, la caja de jugo que usted puede poner cualquier base de sabor en su mercado.&nbsp;<\/span><span style=\"font-family: \u5b8b\u4f53;letter-spacing: 0;font-size: 20px\">&nbsp;<\/span><\/p>\n<\/div>\n<\/div>\n<div class=\"graphic_pic animated wow bounceIn\" data-wow-delay=\".7s\">\n<p style=\"text-align:center\"><img loading=\"lazy\" decoding=\"async\" src=\"https:\/\/www.hommy.com\/wp-content\/uploads\/16104273736605.png\" alt=\"producto-Hommy-img\" title=\"\" width=\"350\" height=\"500\" border=\"0\" vspace=\"0\" style=\"width: 350px;height: 500px\"><\/p>\n<\/div>\n<\/div>\n<div class=\"col-md-6 col-sm-6 col-xs-6\">\n<div class=\"right-p\">\n<div class=\"h2 heading\">\n<p style=\"text-indent: 0;padding: 0;vertical-align: baseline\"><span style=\"letter-spacing: 0px;font-family: arial, helvetica, sans-serif;font-size: 18px\">2.  El sistema de dosificaci\u00f3n cuantitativa de la m\u00e1quina se acciona por varilla para garantizar que las al\u00edcuotas sean similares cada vez.<\/span><\/p>\n<p style=\"text-indent: 0;padding: 0;vertical-align: baseline\"><span style=\"letter-spacing: 0px;font-family: arial, helvetica, sans-serif;font-size: 18px\"><br \/><\/span><\/p>\n<\/div>\n<\/div>\n<div class=\"graphic_pic animated wow bounceIn\" data-wow-delay=\".7s\">\n<p style=\"text-align:center\"><img loading=\"lazy\" decoding=\"async\" src=\"https:\/\/www.hommy.com\/wp-content\/uploads\/16104279021623.png\" alt=\"product-Hommy-PA-C8 M\u00e1quina expendedora de patatas fritas-img\" title=\"\" width=\"350\" height=\"436\" border=\"0\" vspace=\"0\" style=\"width: 350px;height: 436px\"><\/p>\n<\/div>\n<\/div>\n<\/div>\n<\/div>\n<p><span style=\"font-family: arial, helvetica, sans-serif;font-size: 24px\"><strong><span style=\"font-family: arial, helvetica, sans-serif;letter-spacing: 0px\"><\/span><\/strong><\/span><\/p>\n<div class=\"d-tem01-graphic tem01-graphic mockup\" data-detail=\"wrap\">\n<div class=\"cont-section clearfix d-clearfix\">\n<div class=\"col-md-6 col-sm-6 col-xs-6\">\n<div class=\"right-p\">\n<div class=\"h2 heading\">\n<p><span style=\"font-family: arial, helvetica, sans-serif;font-size: 18px\"><span style=\"font-family: arial, helvetica, sans-serif;letter-spacing: 0px\">3.&nbsp;<\/span><span style=\"font-family: arial, helvetica, sans-serif\">El sistema de pago puede aceptar: moneda, billete, moneda de cambio, interfaz de tarjeta de cr\u00e9dito.<\/span><\/span><\/p>\n<p><span style=\"font-family: arial, helvetica, sans-serif;font-size: 18px\"><span style=\"font-family: arial, helvetica, sans-serif\"><br \/><\/span><\/span><\/p>\n<\/div>\n<\/div>\n<div class=\"graphic_pic animated wow bounceIn\" data-wow-delay=\".7s\">\n<p style=\"text-align:center\"><img loading=\"lazy\" decoding=\"async\" src=\"https:\/\/www.hommy.com\/wp-content\/uploads\/16104282731690.png\" alt=\"producto-Hommy-img\" title=\"\" width=\"350\" height=\"500\" border=\"0\" vspace=\"0\" style=\"width: 350px;height: 500px\"><\/p>\n<\/div>\n<\/div>\n<div class=\"col-md-6 col-sm-6 col-xs-6\">\n<div class=\"right-p\">\n<div class=\"h2 heading\">\n<p><span style=\"font-family: arial, helvetica, sans-serif;font-size: 18px\">4. 4. Sistema de gesti\u00f3n remota por ordenador: consulta de detalles de ventas, recordatorios de escasez, recordatorio de aver\u00eda de la m\u00e1quina.<\/span><\/p>\n<\/div>\n<\/div>\n<div class=\"graphic_pic animated wow bounceIn\" data-wow-delay=\".7s\">\n<p style=\"text-align:center\"><img loading=\"lazy\" decoding=\"async\" src=\"https:\/\/www.hommy.com\/wp-content\/uploads\/16104281316072.jpg\" alt=\"product-PA-C8 M\u00e1quina expendedora de patatas fritas-Hommy-img\" title=\"\" width=\"350\" height=\"500\" border=\"0\" vspace=\"0\" style=\"width: 350px;height: 500px\"><\/p>\n<\/div>\n<\/div>\n<\/div>\n<\/div>\n<p><span style=\"font-family:\u5b8b\u4f53;letter-spacing:0;font-size:29px\"><\/span><\/p>\n<p><\/p>\n<\/p><\/div>","protected":false},"excerpt":{"rendered":"<p>Fries vending machine Fries vending machine|Product Features|Product specification|Product Advantage &nbsp;&nbsp;&nbsp;&nbsp; &nbsp; &nbsp; &nbsp; &nbsp; &nbsp; &nbsp; Product Features 1:&nbsp;the 42&quot; advertising screen in front of the machine&nbsp; 2: Frying time: 90-145 Seconds adjustable 3: Frying&nbsp;temperature: 175\u2103-185\u2103. 4: keep french fried store keep the temperature :&nbsp;-7\u2103&#8211;0\u2103&nbsp;.&nbsp; 5:&nbsp;Machine can use vegetable oil or beef fat, fired bowl [&hellip;]<\/p>\n","protected":false},"featured_media":312,"comment_status":"open","ping_status":"open","template":"","meta":{"_swt_meta_header_display":false,"_swt_meta_footer_display":false,"_swt_meta_site_title_display":false,"_swt_meta_sticky_header":false,"_swt_meta_transparent_header":false},"product_brand":[],"product_cat":[73,68],"product_tag":[],"class_list":{"0":"post-318","1":"product","2":"type-product","3":"status-publish","4":"has-post-thumbnail","6":"product_cat-french-fries-vending-machine","7":"product_cat-vending-machine","9":"first","10":"instock","11":"shipping-taxable","12":"product-type-simple"},"_links":{"self":[{"href":"https:\/\/www.hommy.com\/es\/wp-json\/wp\/v2\/product\/318","targetHints":{"allow":["GET"]}}],"collection":[{"href":"https:\/\/www.hommy.com\/es\/wp-json\/wp\/v2\/product"}],"about":[{"href":"https:\/\/www.hommy.com\/es\/wp-json\/wp\/v2\/types\/product"}],"replies":[{"embeddable":true,"href":"https:\/\/www.hommy.com\/es\/wp-json\/wp\/v2\/comments?post=318"}],"wp:featuredmedia":[{"embeddable":true,"href":"https:\/\/www.hommy.com\/es\/wp-json\/wp\/v2\/media\/312"}],"wp:attachment":[{"href":"https:\/\/www.hommy.com\/es\/wp-json\/wp\/v2\/media?parent=318"}],"wp:term":[{"taxonomy":"product_brand","embeddable":true,"href":"https:\/\/www.hommy.com\/es\/wp-json\/wp\/v2\/product_brand?post=318"},{"taxonomy":"product_cat","embeddable":true,"href":"https:\/\/www.hommy.com\/es\/wp-json\/wp\/v2\/product_cat?post=318"},{"taxonomy":"product_tag","embeddable":true,"href":"https:\/\/www.hommy.com\/es\/wp-json\/wp\/v2\/product_tag?post=318"}],"curies":[{"name":"wp","href":"https:\/\/api.w.org\/{rel}","templated":true}]}}