{"id":291,"date":"2024-07-02T12:32:25","date_gmt":"2024-07-02T12:32:25","guid":{"rendered":"http:\/\/localhost\/hommywp\/hm160a-automated-milkshake-vending-machine-for-sale-price\/"},"modified":"2025-08-01T09:57:30","modified_gmt":"2025-08-01T09:57:30","slug":"maquina-expendedora-de-batidos-2","status":"publish","type":"product","link":"https:\/\/www.hommy.com\/es\/p\/maquina-expendedora-de-batidos-2\/","title":{"rendered":"HM160A Automated Milkshake Vending Machine Precio de venta"},"content":{"rendered":"<p style=\"text-align: center\"><\/p>\n<h2 style=\"text-align: center\">&nbsp;<strong><span style=\"line-height: 1.42857;font-family: arial, helvetica, sans-serif;font-size: 24px\"><a name=\"http:\/\/wij2rdgc.allweyes.com\/table-top-vending-ice-cream-machine\"><\/a>M\u00e1quina expendedora de batidos<\/span><\/strong><\/h2>\n<p style=\"text-align: center\"><span style=\"font-size: 16px\"><span style=\"line-height: 1.42857;font-family: arial, helvetica, sans-serif\"><a href=\"#PRODUCT FEATURES\" target=\"_self\" data-lv=\"0\" rel=\"noopener\">CARACTER\u00cdSTICAS DEL PRODUCTO<\/a>|<a href=\"#Vending milkshake machine\" target=\"_self\" data-lv=\"0\" rel=\"noopener\">M\u00e1quina expendedora de batidos<\/a>|<a href=\"#PRODUCT SPECIFICATION\" target=\"_self\" data-lv=\"0\" rel=\"noopener\">ESPECIFICACI\u00d3N DEL PRODUCTO<\/a>|<a href=\"#PRODUCT ADVANTAG\" target=\"_self\" data-lv=\"0\" rel=\"noopener\">VENTAJAS DEL PRODUCTO<\/a><\/span><\/span><\/p>\n<p><\/p>\n<p><!-- Video start --><video poster=\"https:\/\/img80002414.weyesimg.com\/uploads\/www.hommy.com\/video\/15866853031191.mp4?vframe\/jpg\/offset\/1\" id=\"video\" preload=\"auto\" controls=\"controls\" style=\"width:100%;height:510px\"><\/video><!-- Video end --><\/p>\n<p>Las m\u00e1quinas expendedoras de batidos son unas de las m\u00e1s comunes y fiables en supermercados, grandes cadenas de tiendas e incluso cadenas de comida r\u00e1pida. La Milkshake Vending Machine es una m\u00e1quina expendedora que prepara batidos refrescantes y saciantes, perfectos para el verano. Cuando compras un batido en la m\u00e1quina, puedes elegir tus sabores favoritos, como vainilla, chocolate, fresa, etc., luego pagas, esperas un poco y obtienes el batido que necesitas.<\/p>\n<p><\/p>\n<p>Si alguna vez ha querido tener su propio negocio, pero no quiere las complicaciones de una tienda f\u00edsica, un negocio de m\u00e1quinas expendedoras de batidos podr\u00eda ser perfecto para usted. Con unos gastos generales m\u00ednimos y sin inventario que controlar, este tipo de negocio es perfecto para empresarios ocupados. Adem\u00e1s, \u00bfa qui\u00e9n no le gustan los batidos?<\/p>\n<p>Con nuestras m\u00e1quinas expendedoras, podr\u00e1 ofrecer a sus clientes un delicioso batido que podr\u00e1n disfrutar en cualquier momento. Adem\u00e1s, nuestras m\u00e1quinas son f\u00e1ciles de usar y requieren un mantenimiento m\u00ednimo, para que puedas centrarte en dirigir tu negocio.<\/p>\n<h2><strong><span style=\"font-size: 24px;font-family: arial, helvetica, sans-serif\"><a name=\"PRODUCT FEATURES\"><\/a>CARACTER\u00cdSTICAS DEL PRODUCTO<\/span><\/strong><\/h2>\n<div class=\"text-left d-tem09-title d-interval\" data-detail=\"wrap\">\n<div class=\"title-header\">\n<p style=\"margin: 0px;text-align: justify;text-indent: 0px\"><span style=\"letter-spacing: 0px;font-family: Calibri;font-size: 16px\">La m\u00e1quina expendedora de batidos Hommy tiene una funci\u00f3n m\u00e1s humanizada: en el interior tiene 3 sabores para que usted elija, mantener fresco, mezclador en la tolva, descongelar, pasteurizaci\u00f3n, remoto, vende informe, recordar, <\/span><span style=\"letter-spacing: 0px;font-family: \u5b8b\u4f53;font-size: 16px\">Tambi\u00e9n aceptamos OEM y ODM.&nbsp;<\/span><\/p>\n<\/div>\n<\/div>\n<p>&nbsp;<\/p>\n<div class=\"d-tem11-graphic tem11-graphic mockup\" data-detail=\"wrap\">\n<div class=\"tab_row\">\n<div class=\"img\" style=\"width: 50%\"><img loading=\"lazy\" decoding=\"async\" width=\"563\" height=\"747\" title=\"\" style=\"width: 563px;height: 747px\" alt=\"producto-Hommy-img\" src=\"https:\/\/www.hommy.com\/wp-content\/uploads\/15866853985802.png\" border=\"0\" vspace=\"0\"><\/div>\n<div class=\"text_box\" style=\"width: 50%\">\n<div class=\"txt\">\n<div class=\"title\">\n<h2>&nbsp;<strong><span style=\"font-size: 24px;font-family: arial, helvetica, sans-serif\"><a name=\"Vending milkshake machine\"><\/a>M\u00e1quina expendedora de batidos<\/span><\/strong><\/h2>\n<\/div>\n<p>&nbsp;<\/p>\n<p style=\"line-height: 1.75em\">Mando con pantalla t\u00e1ctil de 10,1 pulgadas tipo tableta con sistema Android&nbsp;<\/p>\n<p style=\"line-height: 1.75em\">Estados de la m\u00e1quina (temperatura de la tolva y el cilindro, ajuste de racionamiento, proceso de producci\u00f3n, error, alerta de nivel de material, precio) <\/p>\n<p style=\"line-height: 1.75em\">Comprobaci\u00f3n de datos (volumen de ventas) <\/p>\n<p style=\"line-height: 1.75em\">Control de dispensaci\u00f3n <\/p>\n<p style=\"line-height: 1.75em\">Ajustes de la m\u00e1quina <\/p>\n<p style=\"line-height: 1.75em\">Funcionamiento inteligente <\/p>\n<p style=\"line-height: 1.75em\">Funci\u00f3n enviar alerta al m\u00f3vil <\/p>\n<p style=\"line-height: 1.75em\">La m\u00e1quina interior tiene m\u00e1s funci\u00f3n, que puede ayudarle a ahorrar m\u00e1s coste artificial:<\/p>\n<p style=\"line-height: 1.75em\">El sistema de preenfriamiento mantiene la mezcla por debajo de 5\u2103 durante los modos autom\u00e1tico y de espera. <\/p>\n<p style=\"line-height: 1.75em\">La bomba de aire suministra la mezcla con cierta cantidad de aire a los cilindros de congelaci\u00f3n. <\/p>\n<p style=\"line-height: 1.75em\">La mezcladora mantiene la uniformidad de la mezcla en las tolvas. <\/p>\n<p style=\"line-height: 1.75em\">El tratamiento t\u00e9rmico proporciona una rutina de limpieza diaria para mantener el producto conforme a las normas de calidad y seguridad hasta dos semanas antes de la limpieza completa con desmontaje. <\/p>\n<p style=\"line-height: 1.75em\"><span style=\"font-size: 18px\"><strong><br \/><\/strong><\/span><\/p>\n<p style=\"line-height: 1.75em\"><span style=\"font-size: 18px\"><strong>Descongelaci\u00f3n <\/strong><\/span><\/p>\n<p style=\"line-height: 1.75em\">La descongelaci\u00f3n de producci\u00f3n funde r\u00e1pidamente el producto en ambos cilindros y, a continuaci\u00f3n, vuelve al modo de producci\u00f3n para reproducirse. <\/p>\n<p style=\"line-height: 1.75em\">La descongelaci\u00f3n por lavado funde r\u00e1pidamente el producto en los cilindros, lo que reduce considerablemente los restos antes de la limpieza. <\/p>\n<p style=\"line-height: 1.75em\"><strong><span style=\"font-size: 18px\"><br \/><\/span><\/strong><\/p>\n<p style=\"line-height: 1.75em\"><strong><span style=\"font-size: 18px\">Desinfecci\u00f3n <\/span><\/strong><\/p>\n<p style=\"line-height: 1.75em\">Funci\u00f3n especial que hace que el proceso de higienizaci\u00f3n sea semiautom\u00e1tico y sencillo. <\/p>\n<p style=\"line-height: 1.75em\">No desmonte la m\u00e1quina para limpiar la unidad de bloque de garganta, la unidad de bomba de aire, el batidor y el cilindro.<br \/>\nEl contador permite al operador ver el n\u00famero de raciones dispensadas. <\/p>\n<p style=\"line-height: 1.75em\">&nbsp;<\/p>\n<\/div>\n<\/div>\n<\/div>\n<\/div>\n<p>&nbsp;<\/p>\n<div class=\"text-left d-tem09-title d-interval\" data-detail=\"wrap\">\n<div class=\"title-header\">\n<h2><strong><span style=\"font-size: 24px;font-family: arial, helvetica, sans-serif\"><a name=\"PRODUCT SPECIFICATION\"><\/a>ESPECIFICACI\u00d3N DEL PRODUCTO<\/span><\/strong><\/h2>\n<p><span>La excelente experiencia del cliente es el punto de partida de Hommy.<\/span><\/p>\n<p><span><\/span><\/p>\n<p><span><br \/><img decoding=\"async\" src=\"https:\/\/www.hommy.com\/wp-content\/uploads\/15866860778248.png\" title=\"cargas\/www.hommy.com\/images\/https:\/\/www.hommy.com\/wp-content\/uploads\/15866860778248.png\" alt=\"imagen.png\" \/><\/span><\/p>\n<p><span><br \/><\/span><\/p>\n<h2><strong><span style=\"font-size: 24px;font-family: arial, helvetica, sans-serif\"><a name=\"PRODUCT ADVANTAG\"><\/a>VENTAJAS DEL PRODUCTO<\/span><\/strong><br \/><\/h2>\n<\/div>\n<\/div>\n<div class=\"text-left d-tem09-title d-interval\" data-detail=\"wrap\">\n<div class=\"title-header\">\n<p>Hommy tiene productos <a style=\"color:blue\" href=\"\/es\/\">m\u00e1quina de helados<\/a> durante 20 a\u00f1os de experiencia, la m\u00e1quina expendedora de helados a\u00f1adir m\u00e1s funci\u00f3n de helado suave, porque no hay hombre para el servicio todo el tiempo. nos basamos en esta a\u00f1adir m\u00e1s sensores y el uso de software para controlar que es de buena calidad y buena funci\u00f3n.<\/p>\n<\/div>\n<\/div>\n<div class=\"d-tem01-graphic tem01-graphic mockup\" data-detail=\"wrap\">\n<div class=\"cont-section clearfix d-clearfix\">\n<div class=\"col-md-6 col-sm-6 col-xs-6\">\n<div class=\"right-p\">\n<div class=\"h2 heading\">Pasteurizaci\u00f3n&nbsp;<\/div>\n<div class=\"description\"><span style=\"letter-spacing: 0px;font-family: \u5b8b\u4f53;font-size: 16px\">Si usted vende a cabo el helado en la noche la configuraci\u00f3n autom\u00e1tica del sistema Pasteurizaci\u00f3n : Puede matar a <\/span><span style=\"font-family: Calibri;font-size: 16px\">las bacterias <\/span><span style=\"font-family: \u5b8b\u4f53;font-size: 16px\">que <\/span><span style=\"font-family: Calibri;font-size: 16px\">producir<\/span><span style=\"font-family: \u5b8b\u4f53;font-size: 16px\">&nbsp;<\/span><span style=\"font-family: Calibri;font-size: 16px\">dentro de la m\u00e1quina<\/span><span style=\"font-family: \u5b8b\u4f53;font-size: 16px\">&nbsp;de -5<\/span><span style=\"font-family: \u5b8b\u4f53;font-size: 16px\">\u2103<\/span><span style=\"font-family: \u5b8b\u4f53;font-size: 16px\">&nbsp;<\/span><span style=\"font-family: Arial;font-size: 16px\">\u2192<\/span><span style=\"font-family: \u5b8b\u4f53;font-size: 16px\">&nbsp;<\/span><span style=\"font-family: \u5b8b\u4f53;font-size: 16px\">65<\/span><span style=\"font-family: \u5b8b\u4f53;font-size: 16px\">\u2103<\/span><span style=\"font-family: Arial;font-size: 16px\">\u2192<\/span><span style=\"font-family: \u5b8b\u4f53;font-size: 16px\">&nbsp;-5<\/span><span style=\"font-family: \u5b8b\u4f53;font-size: 16px\">\u2103<\/span><span style=\"font-family: Calibri;font-size: 16px\">proceso<\/span><span style=\"font-family: \u5b8b\u4f53;font-size: 16px\">&nbsp;( desinfectar el cilindro de carga y la materia prima en el interior , a continuaci\u00f3n, refrigerar al estado de reserva ) . por lo que puede mantener la m\u00e1quina cada 14 d\u00edas una vez .&nbsp;<\/span>&nbsp;&nbsp;&nbsp;&nbsp;&nbsp;&nbsp;&nbsp;&nbsp;&nbsp;&nbsp;&nbsp;&nbsp;<\/p>\n<p style=\"text-align: center\"><img decoding=\"async\" title=\"\" alt=\"producto-m\u00e1quina de batidos -Hommy-img\" src=\"https:\/\/www.hommy.com\/wp-content\/uploads\/15787019009152-5.png\"><\/p>\n<\/div>\n<\/div>\n<\/div>\n<div class=\"col-md-6 col-sm-6 col-xs-6\">\n<div class=\"right-p\">\n<div class=\"h2 heading\">Dejar sensor<\/div>\n<div class=\"description\"><span style=\"font-family: \u5b8b\u4f53;font-size: 16px\">Dejar sensor tienen <\/span><span style=\"font-family: Calibri;font-size: 16px\">Segunda etapa, la primera etapa de alarma de nivel de material faltante, la segunda etapa de apagado autom\u00e1tico.<\/span><span style=\"font-family: \u5b8b\u4f53;font-size: 16px\">&nbsp;Cuando reciba el primer mensaje, tiene un tiempo para a\u00f1adir material, no es necesario que la m\u00e1quina se detenga para trabajar. <\/span><\/div>\n<\/div>\n<div class=\"graphic_pic animated wow bounceIn\" data-wow-delay=\".7s\">\n<p style=\"text-align: center\"><img loading=\"lazy\" decoding=\"async\" width=\"473\" height=\"306\" title=\"\" style=\"width: 203px\" alt=\"producto-M\u00e1quina de batidos -img\" src=\"https:\/\/www.hommy.com\/wp-content\/uploads\/15788874673345-5.jpg\"><\/p>\n<\/div>\n<\/div>\n<\/div>\n<\/div>\n<p><\/p>\n<p>&nbsp;<\/p>\n<div class=\"d-tem01-graphic tem01-graphic mockup\" data-detail=\"wrap\">\n<div class=\"cont-section clearfix d-clearfix\">\n<div class=\"col-md-6 col-sm-6 col-xs-6\">\n<div class=\"right-p\">\n<div class=\"h2 heading\">Funci\u00f3n de promoci\u00f3n<\/div>\n<div class=\"description\">\n<p style=\"font-family: Calibri;font-size: 16px;font-style: normal;font-weight: normal;margin-top: 0px;margin-bottom: 0px\"><span style=\"font-family: \u5b8b\u4f53;font-size: 16px\">La m\u00e1quina en el interior tienen la funci\u00f3n de promoci\u00f3n, la configuraci\u00f3n de la promoci\u00f3n en cualquier momento del d\u00eda a la hora de todo es seguir. puede configurar segundo helado mitad de precio que dar al cliente m\u00e1s descuento <\/span><\/p>\n<p style=\"margin: 1em 0px 13px\"><span style=\"font-family: \u5b8b\u4f53;font-size: 16px\"><span>&nbsp;&nbsp;&nbsp;Eso puede ayudarle a a\u00f1adir cantidad de sell out .<\/span><\/span><\/p>\n<\/div>\n<\/div>\n<div class=\"graphic_pic animated wow bounceIn\" data-wow-delay=\".7s\">\n<p style=\"text-align: center\"><img decoding=\"async\" title=\"\" alt=\"producto-HM160A M\u00e1quina expendedora de batidos-Hommy-img\" src=\"https:\/\/www.hommy.com\/wp-content\/uploads\/15788858121941-5.png\"><\/p>\n<\/div>\n<\/div>\n<div class=\"col-md-6 col-sm-6 col-xs-6\">\n<div class=\"right-p\">\n<div class=\"h2 heading\">Idioma diferente<\/div>\n<div class=\"description\">\n<p style=\"font-family: Calibri;font-size: 16px;font-style: normal;font-weight: normal;margin-top: 0px;margin-bottom: 0px\"><span style=\"font-family: \u5b8b\u4f53;font-size: 16px\">La m\u00e1quina en el interior tienen m\u00e1s idiomas para que usted elija: chino, Ingl\u00e9s, Polonia, Arabia Saudita, Malasia, Tailandia, Espa\u00f1a.<\/span><\/p>\n<p>.<\/p><\/div>\n<\/div>\n<div class=\"graphic_pic animated wow bounceIn\" data-wow-delay=\".7s\">\n<p style=\"text-align: center\"><img loading=\"lazy\" decoding=\"async\" width=\"404\" height=\"209\" title=\"\" style=\"width: 271px\" alt=\"product-Hommy-HM160A M\u00e1quina expendedora de batidos-img\" src=\"https:\/\/www.hommy.com\/wp-content\/uploads\/15788858317746-5.png\"><\/p>\n<\/div>\n<\/div>\n<\/div>\n<\/div>\n<p style=\"text-align: center\"><\/p>\n<p>Documento\uff1a<img decoding=\"async\" src=\"https:\/\/www.hommy.com\/wp-content\/uploads\/icon_pdf-9.gif\" style=\"margin-right: 2px\" alt=\"producto-Hommy-img-1\" title=\"\"><a href=\"https:\/\/img80002414.weyesimg.com\/uploads\/www.hommy.com\/addon\/16028350847689.pdf\" title=\"16028350847689.pdf\" style=\"font-size: 12px\">16028350847689.pdf<\/a><\/p>\n<h2 style=\"font-family: sans-serif\">\u00bfC\u00f3mo funciona una m\u00e1quina expendedora de batidos?<\/h2>\n<p style=\"margin-top: 5px;margin-bottom: 5px;font-family: sans-serif;font-size: 16px\">El proceso de compra es muy sencillo, s\u00f3lo tiene que seleccionar el sabor y la cantidad de batido que desee en el men\u00fa de la pantalla y, a continuaci\u00f3n, pagar con factura o tarjeta de cr\u00e9dito, esperar a que se dispense el batido y ya puede cogerlo y disfrutarlo.<\/p>\n<p style=\"margin-top: 5px;margin-bottom: 5px;font-family: sans-serif;font-size: 16px\"><\/p>\n<h2 style=\"font-family: sans-serif\">\u00bfSon rentables las m\u00e1quinas expendedoras de batidos?<\/h2>\n<p style=\"margin-top: 5px;margin-bottom: 5px;font-family: sans-serif;font-size: 16px\">Es un hecho que el negocio de los batidos est\u00e1 ganando gran popularidad en muchas partes del mundo. Muchas cafeter\u00edas, restaurantes, establecimientos de comida r\u00e1pida e incluso tiendas de comestibles est\u00e1n a\u00f1adiendo m\u00e1quinas expendedoras de batidos a sus servicios. Si est\u00e1 pensando en entrar en el negocio de las m\u00e1quinas expendedoras de batidos, puede estar seguro de que se trata de un negocio muy rentable.<\/p>\n<\/p><\/div>","protected":false},"excerpt":{"rendered":"<p>&nbsp;Vending milkshake machine PRODUCT FEATURES|Vending milkshake machine|PRODUCT SPECIFICATION|PRODUCT ADVANTAG Milkshake vending machines are one of the most common and reliable vending machines in supermarkets, large chain stores and even fast food chains. The Milkshake Vending Machine is a vending machine that makes cool and satisfying milkshakes, perfect for summer. When you buy a milkshake from [&hellip;]<\/p>\n","protected":false},"featured_media":284,"comment_status":"open","ping_status":"open","template":"","meta":{"_swt_meta_header_display":false,"_swt_meta_footer_display":false,"_swt_meta_site_title_display":false,"_swt_meta_sticky_header":false,"_swt_meta_transparent_header":false},"product_brand":[],"product_cat":[71,68],"product_tag":[],"class_list":{"0":"post-291","1":"product","2":"type-product","3":"status-publish","4":"has-post-thumbnail","6":"product_cat-ice-cream-vending-machine","7":"product_cat-vending-machine","9":"first","10":"instock","11":"shipping-taxable","12":"product-type-simple"},"_links":{"self":[{"href":"https:\/\/www.hommy.com\/es\/wp-json\/wp\/v2\/product\/291","targetHints":{"allow":["GET"]}}],"collection":[{"href":"https:\/\/www.hommy.com\/es\/wp-json\/wp\/v2\/product"}],"about":[{"href":"https:\/\/www.hommy.com\/es\/wp-json\/wp\/v2\/types\/product"}],"replies":[{"embeddable":true,"href":"https:\/\/www.hommy.com\/es\/wp-json\/wp\/v2\/comments?post=291"}],"wp:featuredmedia":[{"embeddable":true,"href":"https:\/\/www.hommy.com\/es\/wp-json\/wp\/v2\/media\/284"}],"wp:attachment":[{"href":"https:\/\/www.hommy.com\/es\/wp-json\/wp\/v2\/media?parent=291"}],"wp:term":[{"taxonomy":"product_brand","embeddable":true,"href":"https:\/\/www.hommy.com\/es\/wp-json\/wp\/v2\/product_brand?post=291"},{"taxonomy":"product_cat","embeddable":true,"href":"https:\/\/www.hommy.com\/es\/wp-json\/wp\/v2\/product_cat?post=291"},{"taxonomy":"product_tag","embeddable":true,"href":"https:\/\/www.hommy.com\/es\/wp-json\/wp\/v2\/product_tag?post=291"}],"curies":[{"name":"wp","href":"https:\/\/api.w.org\/{rel}","templated":true}]}}