{"id":283,"date":"2024-07-02T12:32:18","date_gmt":"2024-07-02T12:32:18","guid":{"rendered":"http:\/\/localhost\/hommywp\/hm116c-table-top-frozen-yogurt-ice-cream-vending-machine-for-shop\/"},"modified":"2025-08-01T09:57:30","modified_gmt":"2025-08-01T09:57:30","slug":"hm116c-maquina-expendedora-de-helados-de-sobremesa","status":"publish","type":"product","link":"https:\/\/www.hommy.com\/es\/p\/hm116c-maquina-expendedora-de-helados-de-sobremesa\/","title":{"rendered":"Hm116c Mesa de Yogur Helado M\u00e1quina expendedora de helados para la tienda"},"content":{"rendered":"<p>&nbsp;<\/p>\n<h2 style=\"text-align: center\"><strong><span style=\"font-family: arial, helvetica, sans-serif;font-size: 24px\"><a name=\"Tablet top Semi-Automatic Vending ice cream machine\"><\/a>Tablet top M\u00e1quina expendedora semiautom\u00e1tica de helados<\/span><\/strong><\/h2>\n<p style=\"text-align: center\"><a href=\"#Tablet top Semi-Automatic Vending ice cream machine\" target=\"_self\" data-lv=\"0\" rel=\"noopener\"><span style=\"font-size: 16px;font-family: arial, helvetica, sans-serif\">Tablet top M\u00e1quina expendedora semiautom\u00e1tica de helados<\/span><\/a><span style=\"font-size: 16px;font-family: arial, helvetica, sans-serif\">|<a href=\"#PRODUCT FEATURES\" target=\"_self\" data-lv=\"0\" rel=\"noopener\">CARACTER\u00cdSTICAS DEL PRODUCTO<\/a>|<a href=\"#One flavour Semi-Automatic Vending ice cream machine\" target=\"_self\" data-lv=\"0\" rel=\"noopener\">M\u00e1quina expendedora semiautom\u00e1tica de helados de un sabor<\/a>|<a href=\"#PRODUCT SPECIFICATION\" target=\"_self\" data-lv=\"0\" rel=\"noopener\">ESPECIFICACI\u00d3N DEL PRODUCTO<\/a><\/span><\/p>\n<p><span style=\"font-size: 20px\"><br \/><\/span><\/p>\n<p><!-- Video start --><video poster=\"https:\/\/img80002414.weyesimg.com\/uploads\/www.hommy.com\/video\/15866891701789.mp4?vframe\/jpg\/offset\/1\" id=\"video\" preload=\"auto\" controls=\"controls\" style=\"width:100%;height:510px\"><\/video><!-- Video end --><\/p>\n<p><!-- Video start --><video poster=\"https:\/\/img80002414.weyesimg.com\/uploads\/www.hommy.com\/video\/15866892228873.mp4?vframe\/jpg\/offset\/1\" id=\"video\" preload=\"auto\" controls=\"controls\" style=\"width:100%;height:510px\"><\/video><!-- Video end --><\/p>\n<div class=\"text-left d-tem09-title d-interval\" data-detail=\"wrap\">\n<div class=\"title-header\">\n<p>Nuestra planta de fabricaci\u00f3n se encuentra en una base de producci\u00f3n avanzada. Est\u00e1 bien equipado con tecnolog\u00eda moderna y las mejores m\u00e1quinas en su clase para entregar nuestra gama de m\u00e1quinas en el extremo de los clientes. Aparte de esto, tambi\u00e9n hemos tenido cuidado de embalaje personalizado para nuestra gama. Las m\u00e1quinas que se ofrecen se pueden comprar de nosotros a un precio de bolsillo de usar.<\/p>\n<h2><strong><span style=\"font-size: 24px;font-family: arial, helvetica, sans-serif\"><a name=\"PRODUCT FEATURES\"><\/a>CARACTER\u00cdSTICAS DEL PRODUCTO<\/span><\/strong><\/h2>\n<div class=\"subtitle\"><span>La planta de Hommy ocupa una superficie de 30.500 metros cuadrados en la ciudad de Xinhui Jiangmen, y consta de l\u00edneas de producci\u00f3n flexibles, laboratorio de I+D, centro de aprendizaje y taller equipado con equipos de vanguardia.<\/span><\/div>\n<\/div>\n<\/div>\n<p>&nbsp;<\/p>\n<div class=\"d-tem11-graphic tem11-graphic mockup\" data-detail=\"wrap\">\n<div class=\"tab_row\">\n<div class=\"img\" style=\"width: 50%\"><img loading=\"lazy\" decoding=\"async\" title=\"\" alt=\"producto-Hommy-img\" src=\"https:\/\/www.hommy.com\/wp-content\/uploads\/15866897447758.png\" width=\"747\" height=\"1205\" border=\"0\" vspace=\"0\" style=\"width: 747px;height: 1205px\"><\/div>\n<div class=\"text_box\" style=\"width: 50%\">\n<div class=\"txt\">\n<div class=\"title\">\n<h2><strong><span style=\"font-family: arial, helvetica, sans-serif;font-size: 24px\"><a name=\"One flavour Semi-Automatic Vending ice cream machine\"><\/a>M\u00e1quina expendedora semiautom\u00e1tica de helados de un sabor<\/span><\/strong><\/h2>\n<p><\/p>\n<p>puede elegir dispensador de vasos o de conos para la m\u00e1quina&nbsp;<span style=\"font-size: 14px\">&nbsp;<\/span><\/p>\n<\/div>\n<p style=\"line-height: 2em\">Mando con pantalla t\u00e1ctil de 10,1 pulgadas tipo tableta con sistema Android<br \/>Estados de la m\u00e1quina (temperatura de la tolva y el cilindro, ajuste de racionamiento, proceso de producci\u00f3n, error, alerta de nivel de material, precio)<br \/>Comprobaci\u00f3n de datos (volumen de ventas)<br \/>Control de dispensaci\u00f3n<br \/>Ajustes de la m\u00e1quina<br \/>Funcionamiento inteligente<br \/>Funci\u00f3n enviar alerta al m\u00f3vil<br \/>La m\u00e1quina interior tiene m\u00e1s funci\u00f3n, que puede ayudarle a ahorrar m\u00e1s coste artificial: <br \/>El sistema de preenfriamiento mantiene la mezcla por debajo de 5\u2103 durante los modos autom\u00e1tico y de espera.<br \/>La bomba de aire suministra la mezcla con cierta cantidad de aire a los cilindros de congelaci\u00f3n.<br \/>La mezcladora mantiene la uniformidad de la mezcla en las tolvas.<br \/>El tratamiento t\u00e9rmico proporciona una rutina de limpieza diaria para mantener el producto conforme a las normas de calidad y seguridad hasta dos semanas antes de la limpieza completa con desmontaje.<br \/><span style=\"font-size: 18px\"><strong><br \/><\/strong><\/span><\/p>\n<p style=\"line-height: 2em\"><span style=\"font-size: 18px\"><strong>Descongelaci\u00f3n <\/strong><\/span><br \/>La descongelaci\u00f3n de producci\u00f3n funde r\u00e1pidamente el producto en ambos cilindros y, a continuaci\u00f3n, vuelve al modo de producci\u00f3n para reproducirse. <br \/>La descongelaci\u00f3n por lavado funde r\u00e1pidamente el producto en los cilindros, lo que reduce considerablemente los restos antes de la limpieza. <br \/><strong><span style=\"font-size: 18px\"><br \/><\/span><\/strong><\/p>\n<p style=\"line-height: 2em\"><strong><span style=\"font-size: 18px\">Desinfecci\u00f3n<\/span><\/strong><br \/>Funci\u00f3n especial que hace que el proceso de higienizaci\u00f3n sea semiautom\u00e1tico y sencillo.<br \/>No desmonte la m\u00e1quina para limpiar la unidad de bloque de garganta, la unidad de bomba de aire, el batidor y el cilindro. <\/p>\n<p>&nbsp;<\/p>\n<\/div>\n<\/div>\n<\/div>\n<\/div>\n<p>&nbsp;<\/p>\n<div class=\"text-left d-tem09-title d-interval\" data-detail=\"wrap\">\n<div class=\"title-header\">\n<p><span style=\"font-size: 24px\"><br \/><\/span><\/p>\n<p><span style=\"font-size: 24px\"><\/span><\/p>\n<h2><strong><span style=\"font-size: 24px;font-family: arial, helvetica, sans-serif\"><a name=\"PRODUCT SPECIFICATION\"><\/a>ESPECIFICACI\u00d3N DEL PRODUCTO<\/span><\/strong><\/h2>\n<p><span>La excelente experiencia del cliente es el punto de partida de Hommy.<\/span><\/p>\n<p><span><br \/><img decoding=\"async\" src=\"https:\/\/www.hommy.com\/wp-content\/uploads\/15866898582668.png\" title=\"cargas\/www.hommy.com\/images\/https:\/\/www.hommy.com\/wp-content\/uploads\/15866898582668.png\" alt=\"imagen.png\" \/><\/span><\/p>\n<p><span style=\"font-size: 24px\"><br \/><\/span><\/p>\n<h2><strong><span style=\"font-size: 24px;font-family: arial, helvetica, sans-serif\"><a name=\"PRODUCT ADVANTAGE\"><\/a>VENTAJA DEL PRODUCTO<\/span><\/strong><\/h2>\n<\/div>\n<\/div>\n<div class=\"text-left d-tem09-title d-interval\" data-detail=\"wrap\">\n<div class=\"title-header\">\n<p>Hommy tiene productos <a style=\"color:blue\" href=\"\/es\/\">m\u00e1quina de helados<\/a> durante 20 a\u00f1os de experiencia, la m\u00e1quina expendedora de helados a\u00f1adir m\u00e1s funci\u00f3n de helado suave, porque no hay hombre para el servicio todo el tiempo. nos basamos en esta a\u00f1adir m\u00e1s sensores y el uso de software para controlar que es de buena calidad y buena funci\u00f3n.<\/p>\n<\/div>\n<\/div>\n<div class=\"d-tem01-graphic tem01-graphic mockup\" data-detail=\"wrap\">\n<div class=\"cont-section clearfix d-clearfix\">\n<div class=\"col-md-6 col-sm-6 col-xs-6\" style=\"width: 501px\">\n<div class=\"right-p\">\n<div class=\"h2 heading\">Descongelar&nbsp;<\/div>\n<p><\/p>\n<p><span style=\"letter-spacing: 0px;font-family: \u5b8b\u4f53;font-size: 16px\">Cuando la m\u00e1quina est\u00e1 trabajando 1 hora no se venden a cabo helado, cilindro alg\u00fan tiempo ser\u00e1 bloque, que la configuraci\u00f3n del sistema de descongelaci\u00f3n autom\u00e1tica, por lo que la m\u00e1quina puede seguir trabajando y descongelar el interior de hielo e hizo helado de buena calidad o yogur congelado.&nbsp;<\/span><\/p>\n<\/div>\n<div class=\"graphic_pic animated wow bounceIn\" data-wow-delay=\".7s\">\n<p style=\"text-align: center\"><img loading=\"lazy\" decoding=\"async\" width=\"393\" height=\"211\" title=\"\" alt=\"producto-HM116C m\u00e1quina expendedora de helados de sobremesa-Hommy-img\" src=\"https:\/\/www.hommy.com\/wp-content\/uploads\/15788853994504-4.png\" style=\"width: 415px\"><\/p>\n<p><\/p>\n<p>&nbsp; &nbsp; &nbsp; &nbsp; &nbsp; &nbsp;<\/p><\/div>\n<\/div>\n<div class=\"col-md-6 col-sm-6 col-xs-6\" style=\"width: 501px\">\n<div class=\"right-p\">\n<div class=\"h2 heading\">Dispensador de conos de gofre y copas de helado&nbsp;&nbsp;<\/div>\n<p><\/p>\n<p>La HM116T se combina con el dispensador de conos wfffle o el dispensador de vasos para formar la m\u00e1quina HM116C, que puede colocarse en una tienda desatendida 24 horas o fuera de la tienda.<\/p>\n<p><\/p>\n<\/div>\n<div class=\"graphic_pic animated wow bounceIn\" data-wow-delay=\".7s\"><img loading=\"lazy\" decoding=\"async\" width=\"473\" height=\"228\" title=\"\" alt=\"product-Hommy-HM116C m\u00e1quina expendedora de helados de sobremesa-img\" src=\"https:\/\/www.hommy.com\/wp-content\/uploads\/15866909545893.jpg\" style=\"width: 473px\">&nbsp; &nbsp; &nbsp; &nbsp; &nbsp; &nbsp; &nbsp;&nbsp;<\/div>\n<\/div>\n<\/div>\n<\/div>\n<div class=\"d-tem01-graphic tem01-graphic mockup\" data-detail=\"wrap\">\n<div class=\"cont-section clearfix d-clearfix\">\n<div class=\"col-md-6 col-sm-6 col-xs-6\" style=\"width: 501px\">\n<div class=\"right-p\">\n<div class=\"h2 heading\">Pasteurizaci\u00f3n&nbsp;<\/div>\n<div class=\"description\" style=\"line-height: 24.5px\"><span style=\"letter-spacing: 0px;font-family: \u5b8b\u4f53;font-size: 16px\">Si usted vende a cabo el helado en la noche la configuraci\u00f3n autom\u00e1tica del sistema Pasteurizaci\u00f3n : Puede matar a&nbsp;<\/span><span style=\"font-family: Calibri;font-size: 16px\">las bacterias&nbsp;<\/span><span style=\"font-family: \u5b8b\u4f53;font-size: 16px\">que&nbsp;<\/span><span style=\"font-family: Calibri;font-size: 16px\">producir<\/span><span style=\"font-family: \u5b8b\u4f53;font-size: 16px\">&nbsp;<\/span><span style=\"font-family: Calibri;font-size: 16px\">dentro de la m\u00e1quina<\/span><span style=\"font-family: \u5b8b\u4f53;font-size: 16px\">&nbsp;de -5<\/span><span style=\"font-family: \u5b8b\u4f53;font-size: 16px\">\u2103<\/span><span style=\"font-family: \u5b8b\u4f53;font-size: 16px\">&nbsp;<\/span><span style=\"font-family: Arial;font-size: 16px\">\u2192<\/span><span style=\"font-family: \u5b8b\u4f53;font-size: 16px\">&nbsp;<\/span><span style=\"font-family: \u5b8b\u4f53;font-size: 16px\">65<\/span><span style=\"font-family: \u5b8b\u4f53;font-size: 16px\">\u2103<\/span><span style=\"font-family: Arial;font-size: 16px\">\u2192<\/span><span style=\"font-family: \u5b8b\u4f53;font-size: 16px\">&nbsp;-5<\/span><span style=\"font-family: \u5b8b\u4f53;font-size: 16px\">\u2103<\/span><span style=\"font-family: Calibri;font-size: 16px\">proceso<\/span><span style=\"font-family: \u5b8b\u4f53;font-size: 16px\">&nbsp;( desinfectar el cilindro de carga y la materia prima en el interior , a continuaci\u00f3n, refrigerar al estado de reserva ) . por lo que puede mantener la m\u00e1quina cada 14 d\u00edas una vez .&nbsp;<\/span>&nbsp;&nbsp;&nbsp;&nbsp;&nbsp;&nbsp;&nbsp;&nbsp;&nbsp;&nbsp;&nbsp;&nbsp;<\/p>\n<p style=\"text-align: center\"><img decoding=\"async\" title=\"\" alt=\"producto-Hommy-img\" src=\"https:\/\/www.hommy.com\/wp-content\/uploads\/15787019009152-4.png\"><\/p>\n<\/div>\n<\/div>\n<\/div>\n<div class=\"col-md-6 col-sm-6 col-xs-6\" style=\"width: 501px\">\n<div class=\"right-p\">\n<div class=\"h2 heading\">Dejar sensor<\/div>\n<div class=\"description\" style=\"line-height: 24.5px\"><span style=\"font-family: \u5b8b\u4f53;font-size: 16px\">Dejar sensor tienen&nbsp;<\/span><span style=\"font-family: Calibri;font-size: 16px\">Segunda etapa, la primera etapa de alarma de nivel de material faltante, la segunda etapa de apagado autom\u00e1tico.<\/span><span style=\"font-family: \u5b8b\u4f53;font-size: 16px\">&nbsp;Cuando reciba el primer mensaje, tiene un tiempo para a\u00f1adir material, no es necesario que la m\u00e1quina se detenga para trabajar.<\/span><\/div>\n<\/div>\n<div class=\"graphic_pic animated wow bounceIn\" data-wow-delay=\".7s\">\n<p style=\"text-align: center\"><img loading=\"lazy\" decoding=\"async\" width=\"473\" height=\"306\" title=\"\" alt=\"producto-M\u00e1quina expendedora de helados -img\" src=\"https:\/\/www.hommy.com\/wp-content\/uploads\/15788874673345-4.jpg\" style=\"width: 203px\"><\/p>\n<\/div>\n<\/div>\n<\/div>\n<\/div>\n<p>&nbsp;<\/p>\n<div class=\"d-tem01-graphic tem01-graphic mockup\" data-detail=\"wrap\">\n<div class=\"cont-section clearfix d-clearfix\">\n<div class=\"col-md-6 col-sm-6 col-xs-6\" style=\"width: 501px\">\n<div class=\"right-p\">\n<div class=\"h2 heading\">Funci\u00f3n de promoci\u00f3n<\/div>\n<div class=\"description\" style=\"line-height: 24.5px\">\n<p style=\"margin-bottom: 0px;font-family: Calibri;font-size: 16px\"><span style=\"font-family: \u5b8b\u4f53\">La m\u00e1quina en el interior tienen la funci\u00f3n de promoci\u00f3n, la configuraci\u00f3n de la promoci\u00f3n en cualquier momento del d\u00eda a la hora de todo es seguir. puede configurar segundo helado mitad de precio que dar al cliente m\u00e1s descuento<\/span><\/p>\n<p style=\"margin-top: 1em;margin-bottom: 13px\"><span style=\"font-family: \u5b8b\u4f53;font-size: 16px\"><span>&nbsp;&nbsp;&nbsp;Eso puede ayudarle a a\u00f1adir cantidad de sell out .<\/span><\/span><\/p>\n<\/div>\n<\/div>\n<div class=\"graphic_pic animated wow bounceIn\" data-wow-delay=\".7s\">\n<p style=\"text-align: center\"><img decoding=\"async\" title=\"\" alt=\"producto-Hommy-img-1\" src=\"https:\/\/www.hommy.com\/wp-content\/uploads\/15788858121941-4.png\"><\/p>\n<\/div>\n<\/div>\n<div class=\"col-md-6 col-sm-6 col-xs-6\" style=\"width: 501px\">\n<div class=\"right-p\">\n<div class=\"h2 heading\">Idioma diferente<\/div>\n<div class=\"description\" style=\"line-height: 24.5px\">\n<p style=\"margin-bottom: 0px;font-family: Calibri;font-size: 16px\"><span style=\"font-family: \u5b8b\u4f53\">La m\u00e1quina en el interior tienen m\u00e1s idiomas para que usted elija: chino, Ingl\u00e9s, Polonia, Arabia Saudita, Malasia, Tailandia, Espa\u00f1a.<\/span><\/p>\n<p>.<\/p><\/div>\n<\/div>\n<div class=\"graphic_pic animated wow bounceIn\" data-wow-delay=\".7s\">\n<p style=\"text-align: center\"><img loading=\"lazy\" decoding=\"async\" width=\"404\" height=\"209\" title=\"\" alt=\"producto m\u00e1quina expendedora de helados -Hommy-img-1\" src=\"https:\/\/www.hommy.com\/wp-content\/uploads\/15788858317746-4.png\" style=\"width: 271px\"><\/p>\n<\/div>\n<\/div>\n<\/div>\n<\/div>\n<p> &nbsp; &nbsp; &nbsp; &nbsp; &nbsp; &nbsp; &nbsp; &nbsp; &nbsp; &nbsp; &nbsp; &nbsp; &nbsp; &nbsp; &nbsp; &nbsp; &nbsp; &nbsp; &nbsp; &nbsp; &nbsp; &nbsp; &nbsp; &nbsp; &nbsp; &nbsp; &nbsp; &nbsp; &nbsp; &nbsp; &nbsp; &nbsp; &nbsp; &nbsp; &nbsp; &nbsp; &nbsp; &nbsp;<\/p>\n<p>Documento\uff1a<img decoding=\"async\" src=\"https:\/\/www.hommy.com\/wp-content\/uploads\/icon_pdf-8.gif\" style=\"margin-right: 2px\" alt=\"producto-HM116C m\u00e1quina expendedora de helados de sobremesa-Hommy-img-1\" title=\"\"><a href=\"https:\/\/img80002414.weyesimg.com\/uploads\/www.hommy.com\/addon\/16028360706859.pdf\" title=\"16028360706859.pdf\" style=\"font-size: 12px\">16028360706859.pdf<\/a><\/p>\n<h2 style=\"font-family: sans-serif\">\u00bfC\u00f3mo funcionan las m\u00e1quinas expendedoras de ramen?<\/h2>\n<p style=\"margin-top: 5px;margin-bottom: 5px;font-family: sans-serif;font-size: 16px\">Las m\u00e1quinas expendedoras de ramen son una forma muy com\u00fan de m\u00e1quina expendedora y forman parte integral de la industria del ramen. Existen muchos modelos diferentes de m\u00e1quinas expendedoras de ramen en el mercado, pero los fundamentos son los mismos y consisten en un armario grande y cerrado, en el que el cliente deposita los productos alimenticios, con un mecanismo de dispensaci\u00f3n que se activa mediante una moneda o una llave.<\/p>\n<p style=\"margin-top: 5px;margin-bottom: 5px;font-family: sans-serif;font-size: 16px\"><\/p>\n<h2 style=\"font-family: sans-serif\">\u00bfC\u00f3mo funciona yo Kai Express?<\/h2>\n<p style=\"margin-top: 5px;margin-bottom: 5px;font-family: sans-serif;font-size: 16px\">El producto funciona de la siguiente manera: se coloca en la lengua para administrar el principio activo. Al tragar agua, el sistema digestivo disuelve el producto y procesa el agua, con lo que el principio activo llega a su destino.<\/p>\n<p style=\"margin-top: 5px;margin-bottom: 5px;font-family: sans-serif;font-size: 16px\"><\/p>\n<h2 style=\"font-family: sans-serif\">\u00bfMerecen la pena las m\u00e1quinas expendedoras de hielo?<\/h2>\n<p style=\"margin-top: 5px;margin-bottom: 5px;font-family: sans-serif;font-size: 16px\">La tecnolog\u00eda de las m\u00e1quinas de hielo sigue evolucionando, aportando innovaciones que cambian la forma en que consumimos hielo. Hemos recorrido un largo camino desde las primeras m\u00e1quinas que utilizaban una manguera de vac\u00edo para succionar el agua de un gran bloque de hielo. Hoy tenemos m\u00e1quinas que dispensan y sirven hielo al menos parcialmente congelado.<\/p>\n<\/p><\/div>","protected":false},"excerpt":{"rendered":"<p>&nbsp; Tablet top Semi-Automatic Vending ice cream machine Tablet top Semi-Automatic Vending ice cream machine|PRODUCT FEATURES|One flavour Semi-Automatic Vending ice cream machine|PRODUCT SPECIFICATION Our manufacturing facility is located in an advanced production base. It is well equipped with modern technology and the best-in-class machines to deliver our range of machines at clients&#039; end. Apart from [&hellip;]<\/p>\n","protected":false},"featured_media":274,"comment_status":"open","ping_status":"open","template":"","meta":{"_swt_meta_header_display":false,"_swt_meta_footer_display":false,"_swt_meta_site_title_display":false,"_swt_meta_sticky_header":false,"_swt_meta_transparent_header":false},"product_brand":[],"product_cat":[71,68],"product_tag":[],"class_list":{"0":"post-283","1":"product","2":"type-product","3":"status-publish","4":"has-post-thumbnail","6":"product_cat-ice-cream-vending-machine","7":"product_cat-vending-machine","9":"first","10":"instock","11":"shipping-taxable","12":"product-type-simple"},"_links":{"self":[{"href":"https:\/\/www.hommy.com\/es\/wp-json\/wp\/v2\/product\/283","targetHints":{"allow":["GET"]}}],"collection":[{"href":"https:\/\/www.hommy.com\/es\/wp-json\/wp\/v2\/product"}],"about":[{"href":"https:\/\/www.hommy.com\/es\/wp-json\/wp\/v2\/types\/product"}],"replies":[{"embeddable":true,"href":"https:\/\/www.hommy.com\/es\/wp-json\/wp\/v2\/comments?post=283"}],"wp:featuredmedia":[{"embeddable":true,"href":"https:\/\/www.hommy.com\/es\/wp-json\/wp\/v2\/media\/274"}],"wp:attachment":[{"href":"https:\/\/www.hommy.com\/es\/wp-json\/wp\/v2\/media?parent=283"}],"wp:term":[{"taxonomy":"product_brand","embeddable":true,"href":"https:\/\/www.hommy.com\/es\/wp-json\/wp\/v2\/product_brand?post=283"},{"taxonomy":"product_cat","embeddable":true,"href":"https:\/\/www.hommy.com\/es\/wp-json\/wp\/v2\/product_cat?post=283"},{"taxonomy":"product_tag","embeddable":true,"href":"https:\/\/www.hommy.com\/es\/wp-json\/wp\/v2\/product_tag?post=283"}],"curies":[{"name":"wp","href":"https:\/\/api.w.org\/{rel}","templated":true}]}}