{"id":273,"date":"2024-07-02T12:32:11","date_gmt":"2024-07-02T12:32:11","guid":{"rendered":"http:\/\/localhost\/hommywp\/china-froyo-ice-cream-self-serve-vending-machine-suppliers\/"},"modified":"2025-08-01T09:57:30","modified_gmt":"2025-08-01T09:57:30","slug":"maquina-expendedora-automatica-de-yogur-congelado","status":"publish","type":"product","link":"https:\/\/www.hommy.com\/es\/p\/maquina-expendedora-automatica-de-yogur-congelado\/","title":{"rendered":"Proveedores de m\u00e1quinas expendedoras de helados Froyo en China"},"content":{"rendered":"<p style=\"text-align: center\">&nbsp;<\/p>\n<h2 style=\"text-align: center\"><strong><span style=\"line-height: 1.42857;font-family: arial, helvetica, sans-serif;font-size: 24px\"><a name=\"Automatic vending frozn Yogurt\"><\/a>M\u00e1quina expendedora autom\u00e1tica de yogures y helados blandos Frozn<\/span><\/strong><\/h2>\n<p style=\"text-align: center\"><a href=\"#Automatic vending frozn Yogurt\" target=\"_self\" data-lv=\"0\" rel=\"noopener\"><span style=\"font-size: 16px\"><span style=\"line-height: 1.42857;font-family: arial, helvetica, sans-serif\">Distribuidor autom\u00e1tico Frozn Yogur<\/span><\/span><\/a><span style=\"font-size: 16px\"><span style=\"line-height: 1.42857;font-family: arial, helvetica, sans-serif\">|<a href=\"#PRODUCT FEATURES\" target=\"_self\" data-lv=\"0\" rel=\"noopener\">CARACTER\u00cdSTICAS DEL PRODUCTO<\/a>|<a href=\"#HM931 Vending Frozen Yogurt\" target=\"_self\" data-lv=\"0\" rel=\"noopener\">HM931 M\u00e1quinas expendedoras de yogur helado<\/a>|<a href=\"#PRODUCT DETAILS\" target=\"_self\" data-lv=\"0\" rel=\"noopener\">DETALLES DEL PRODUCTO<\/a>|<a href=\"#PRODUCT ADVANTAGE\" target=\"_self\" data-lv=\"0\" rel=\"noopener\">VENTAJA DEL PRODUCTO<\/a>|<a href=\"#Automatic vending frozn Yogurt machine\" target=\"_self\" data-lv=\"0\" rel=\"noopener\">M\u00e1quina expendedora autom\u00e1tica de yogures congelados<\/a><\/span><\/span><\/p>\n<p><strong><span style=\"line-height: 1.42857;font-family: arial, helvetica, sans-serif;font-size: 24px\"><br \/><\/span><\/strong><\/p>\n<p><span style=\"font-size: 20px;line-height: 1.42857\"><br \/><\/span><\/p>\n<p><!-- Video start --><video poster=\"https:\/\/img80002414.weyesimg.com\/uploads\/wij2rdgc.allweyes.com\/video\/15553826498991.mp4?vframe\/jpg\/offset\/1\" id=\"video\" preload=\"auto\" controls=\"controls\" style=\"width:100%;height:510px\"><\/video><!-- Video end --><\/p>\n<p>&nbsp;M\u00e1quinas expendedoras de helados de autoservicio son el producto m\u00e1s popular entre los clientes. Ofrecemos <a style=\"color:blue\" href=\"https:\/\/www.hommy.com\/es\/maquina-expendedora\/\">m\u00e1quina expendedora de helados<\/a>s a nuestros clientes a un precio muy asequible. Estas m\u00e1quinas son muy f\u00e1ciles de instalar y de manejar. Son la mejor manera de servir el helado a los clientes.<\/p>\n<div class=\"text-left d-tem09-title d-interval\" data-detail=\"wrap\">\n<div class=\"title-header\">\n<h2><strong><span style=\"font-size: 24px;font-family: arial, helvetica, sans-serif\"><a name=\"PRODUCT FEATURES\"><\/a>CARACTER\u00cdSTICAS DEL PRODUCTO<\/span><\/strong><\/h2>\n<div class=\"subtitle\"><span>La planta de Hommy ocupa una superficie de 30.500 metros cuadrados en la ciudad de Xinhui Jiangmen, y consta de l\u00edneas de producci\u00f3n flexibles, laboratorio de I+D, centro de aprendizaje y taller equipado con equipos de vanguardia.<\/span><\/div>\n<\/div>\n<\/div>\n<p>&nbsp;<\/p>\n<div class=\"d-tem11-graphic tem11-graphic mockup\" data-detail=\"wrap\">\n<div class=\"tab_row\">\n<div class=\"img\" style=\"width: 50%\">\n<p style=\"text-align:center\"><img decoding=\"async\" title=\"\" alt=\"producto-HM931 M\u00e1quina expendedora semiautom\u00e1tica de helados-Hommy-img\" src=\"https:\/\/www.hommy.com\/wp-content\/uploads\/15865900183784.jpg\"><\/p>\n<\/div>\n<div class=\"text_box\" style=\"width: 50%\">\n<div class=\"txt\">\n<p><strong style=\"font-family: arial, helvetica, sans-serif;font-size: 24px;color: inherit\"><a name=\"HM931 Vending Frozen Yogurt\"><\/a>HM931 M\u00e1quina expendedora de yogur helado y helados blandos&nbsp;<\/strong><\/p>\n<p>&nbsp;<\/p>\n<p style=\"line-height: 2em\">Mando con pantalla t\u00e1ctil de 10,1 pulgadas tipo tableta con sistema Android<br \/>Estados de la m\u00e1quina (temperatura de la tolva y el cilindro, ajuste de racionamiento, proceso de producci\u00f3n, error, alerta de nivel de material, precio)<br \/>Comprobaci\u00f3n de datos (volumen de ventas)<br \/>Control de dispensaci\u00f3n<br \/>Ajustes de la m\u00e1quina<br \/>Funcionamiento inteligente<br \/>Funci\u00f3n enviar alerta al m\u00f3vil<br \/>La m\u00e1quina interior tiene m\u00e1s funci\u00f3n, que puede ayudarle a ahorrar m\u00e1s coste artificial: <br \/>El sistema de preenfriamiento mantiene la mezcla por debajo de 5\u2103 durante los modos autom\u00e1tico y de espera.<br \/>La bomba de aire suministra la mezcla con cierta cantidad de aire a los cilindros de congelaci\u00f3n.<br \/>La mezcladora mantiene la uniformidad de la mezcla en las tolvas.<br \/>El tratamiento t\u00e9rmico proporciona una rutina de limpieza diaria para mantener el producto conforme a las normas de calidad y seguridad hasta dos semanas antes de la limpieza completa con desmontaje.<br \/><span style=\"font-size: 18px\"><strong><br \/><\/strong><\/span><\/p>\n<p style=\"line-height: 2em\"><span style=\"font-size: 18px\"><strong>Descongelaci\u00f3n <\/strong><\/span><br \/>La descongelaci\u00f3n de producci\u00f3n funde r\u00e1pidamente el producto en ambos cilindros y, a continuaci\u00f3n, vuelve al modo de producci\u00f3n para reproducirse. <br \/>La descongelaci\u00f3n por lavado funde r\u00e1pidamente el producto en los cilindros, lo que reduce considerablemente los restos antes de la limpieza. <br \/><strong><span style=\"font-size: 18px\"><br \/><\/span><\/strong><\/p>\n<p style=\"line-height: 2em\"><strong><span style=\"font-size: 18px\">Desinfecci\u00f3n<\/span><\/strong><br \/>Funci\u00f3n especial que hace que el proceso de higienizaci\u00f3n sea semiautom\u00e1tico y sencillo.<br \/>No desmonte la m\u00e1quina para limpiar la unidad de bloque de garganta, la unidad de bomba de aire, el batidor y el cilindro. <br \/>El contador permite al operador ver el n\u00famero de raciones dispensadas.<\/p>\n<p>&nbsp;<\/p>\n<\/div>\n<\/div>\n<\/div>\n<\/div>\n<p>&nbsp;<\/p>\n<div class=\"text-left d-tem09-title d-interval\" data-detail=\"wrap\">\n<div class=\"title-header\">\n<h2><strong><span style=\"font-size: 24px;font-family: arial, helvetica, sans-serif\"><a name=\"PRODUCT DETAILS\"><\/a>DETALLES DEL PRODUCTO<\/span><\/strong><\/h2>\n<p><span>Tras a\u00f1os de desarrollo, hemos establecido una red de distribuci\u00f3n a gran escala en varios pa\u00edses y recibimos buenos comentarios de nuestros clientes.<\/span><\/p>\n<p><span><img decoding=\"async\" src=\"https:\/\/www.hommy.com\/wp-content\/uploads\/15865889343417.png\" title=\"cargas\/www.hommy.com\/images\/https:\/\/www.hommy.com\/wp-content\/uploads\/15865889343417.png\" alt=\"imagen.png\" \/><\/span><\/p>\n<\/div>\n<\/div>\n<p>&nbsp;<\/p>\n<div class=\"d-tem18-graphic d-clearfix d-interval mockup clearfix\" data-detail=\"wrap\">\n<div class=\"col-md-3 col-sm-6 col-xs-6\">\n<div class=\"item\">\n<div class=\"images\"><img decoding=\"async\" title=\"\" alt=\"producto m\u00e1quina expendedora de helados -Hommy-img\" src=\"https:\/\/www.hommy.com\/wp-content\/uploads\/15553836668919.jpg\"><\/div>\n<\/div>\n<\/div>\n<div class=\"col-md-3 col-sm-6 col-xs-6\">\n<div class=\"item\">\n<div class=\"images\"><img decoding=\"async\" title=\"\" alt=\"producto-Hommy-img\" src=\"https:\/\/www.hommy.com\/wp-content\/uploads\/15553836743956.jpg\"><\/div>\n<\/div>\n<\/div>\n<div class=\"col-md-3 col-sm-6 col-xs-6\">\n<div class=\"item\">\n<div class=\"images\"><img decoding=\"async\" title=\"\" alt=\"producto-M\u00e1quina expendedora de helados -img\" src=\"https:\/\/www.hommy.com\/wp-content\/uploads\/15553836824820.jpg\"><\/div>\n<\/div>\n<\/div>\n<div class=\"col-md-3 col-sm-6 col-xs-6\">\n<div class=\"item\">\n<div class=\"images\"><img decoding=\"async\" title=\"\" alt=\"product-Hommy-HM931 M\u00e1quina expendedora semiautom\u00e1tica de helados-img\" src=\"https:\/\/www.hommy.com\/wp-content\/uploads\/15553836974995.jpg\"><\/div>\n<\/div>\n<\/div>\n<\/div>\n<p>&nbsp;<\/p>\n<div class=\"d-tem18-graphic d-clearfix d-interval mockup clearfix\" data-detail=\"wrap\">\n<div class=\"col-md-3 col-sm-6 col-xs-6\">\n<div class=\"item\">\n<div class=\"images\"><img decoding=\"async\" title=\"\" alt=\"producto-HM931 M\u00e1quina expendedora semiautom\u00e1tica de helados-Hommy-img-1\" src=\"https:\/\/www.hommy.com\/wp-content\/uploads\/15553837083520.jpg\"><\/div>\n<\/div>\n<\/div>\n<div class=\"col-md-3 col-sm-6 col-xs-6\">\n<div class=\"item\">\n<div class=\"images\"><img decoding=\"async\" title=\"\" alt=\"producto-Hommy-img-1\" src=\"https:\/\/www.hommy.com\/wp-content\/uploads\/15553837173715.jpg\"><\/div>\n<\/div>\n<\/div>\n<div class=\"col-md-3 col-sm-6 col-xs-6\">\n<div class=\"item\">\n<div class=\"images\"><img decoding=\"async\" title=\"\" alt=\"producto m\u00e1quina expendedora de helados -Hommy-img-1\" src=\"https:\/\/www.hommy.com\/wp-content\/uploads\/15553837259830.jpg\"><\/div>\n<\/div>\n<\/div>\n<div class=\"col-md-3 col-sm-6 col-xs-6\">\n<div class=\"item\">\n<div class=\"images\"><img decoding=\"async\" title=\"\" alt=\"producto-Hommy-img-1\" src=\"https:\/\/www.hommy.com\/wp-content\/uploads\/15553837338758.jpg\"><\/div>\n<\/div>\n<\/div>\n<\/div>\n<p>&nbsp;<\/p>\n<div class=\"text-left d-tem09-title d-interval\" data-detail=\"wrap\">\n<div class=\"title-header\">\n<h2><strong><span style=\"font-size: 24px;font-family: arial, helvetica, sans-serif\"><a name=\"PRODUCT ADVANTAGE\"><\/a>VENTAJA DEL PRODUCTO<\/span><\/strong><\/h2>\n<div class=\"subtitle\">\n<p><span>Adem\u00e1s, los ingenieros m\u00e1s cualificados, los tecn\u00f3logos m\u00e1s h\u00e1biles y el personal con m\u00e1s conocimientos contribuyen en gran medida al desarrollo de la empresa.<\/span><\/p>\n<p><span><br \/><\/span><\/p>\n<\/div>\n<\/div>\n<\/div>\n<p style=\"text-align:center\"><img decoding=\"async\" src=\"https:\/\/www.hommy.com\/wp-content\/uploads\/15553838159494.jpg\" alt=\"producto-Hommy-m\u00e1quina expendedora de helados -img-1\" title=\"\"><\/p>\n<p><\/p>\n<div class=\"d-tem04-promotion d-tem01-promotion mockup\" data-detail=\"wrap\">\n<div class=\"cont-section\">\n<div class=\"main\">\n<div class=\"header text-center\">\n<h2><strong><span style=\"font-family: arial, helvetica, sans-serif;font-size: 24px\"><a name=\"Automatic vending frozn Yogurt machine\"><\/a>M\u00e1quina expendedora autom\u00e1tica de yogures congelados<\/span><\/strong><\/h2>\n<div class=\"subtitle\" style=\"text-align: left\">\n<p><\/p>\n<p style=\"line-height: 2em\"><strong><span><\/span><\/strong>Descongelaci\u00f3n: cuando la m\u00e1quina est\u00e1 trabajando 1 hora no se venden a cabo el helado, el cilindro de alg\u00fan tiempo ser\u00e1 bloque, la configuraci\u00f3n del sistema de descongelaci\u00f3n autom\u00e1tica, por lo que la m\u00e1quina puede seguir trabajando y descongelar el interior de hielo y helado de buena calidad o yogur congelado.<\/p>\n<p style=\"line-height: 2em\"><strong><span><\/span><\/strong>Bomba de aire : rebasamiento ajustable de 20% a 80% , reducir la generaci\u00f3n de cristales de hielo , hecho yogur congelado (helado ) sabor suave y aspecto blanco ; reducir el uso de materias primas , aumentar los beneficios .<\/p>\n<p style=\"line-height: 2em\"><strong><span><\/span><\/strong>Deje el incensario tienen Segunda etapa, la primera etapa de la falta de alarma de nivel de material, la segunda etapa de apagado autom\u00e1tico. Cuando usted recibe el primer mensaje, usted tiene un cierto tiempo para que usted agregue el material ninguna necesidad dej\u00f3 la parada de la m\u00e1quina trabajarla.<\/p>\n<p style=\"line-height: 2em\"><strong><span><\/span><\/strong>La m\u00e1quina en el interior tienen la funci\u00f3n de promoci\u00f3n, la configuraci\u00f3n de lunes a viernes en 10:00 a 12:00 comprar helado con alg\u00fan descuento<br \/>\nEso puede ayudarle a a\u00f1adir cantidad de sell out .<\/p>\n<p style=\"line-height: 2em\"><strong><span><\/span><\/strong>La m\u00e1quina en el interior tienen m\u00e1s idiomas para que usted elija: chino, Ingl\u00e9s, Polonia, Arabia Saudita, Malasia, Tailandia, Espa\u00f1a.<\/p>\n<p style=\"line-height: 2em\"><strong><span><\/span><\/strong>La m\u00e1quina interior tiene 3 topping para que el cliente lo elija.<\/p>\n<\/div>\n<\/div>\n<\/div>\n<\/div>\n<\/div>\n<p>&nbsp;Documento\uff1a<img decoding=\"async\" src=\"https:\/\/www.hommy.com\/wp-content\/uploads\/icon_pdf-7.gif\" style=\"margin-right: 2px\" alt=\"product-Hommy-HM931 M\u00e1quina expendedora semiautom\u00e1tica de helados-img-1\" title=\"\"><a href=\"https:\/\/img80002414.weyesimg.com\/uploads\/www.hommy.com\/addon\/16028336929840.pdf\" title=\"16028336929840.pdf\" style=\"font-size: 12px\">16028336929840.pdf<\/a><\/p>\n<h2>\u00bfC\u00f3mo lee el dinero una m\u00e1quina expendedora?<\/h2>\n<p style=\"margin-top: 5px;margin-bottom: 5px\">Una m\u00e1quina expendedora es una cajita en la que metes una moneda y aprietas un bot\u00f3n. Entonces dispensa lo que hayas pedido. Por ejemplo, yo puedo pulsar un bot\u00f3n para pedir un caf\u00e9 y la m\u00e1quina lo dispensa en una taza.<\/p>\n<p style=\"margin-top: 5px;margin-bottom: 5px\"><\/p>\n<h2>\u00bfCu\u00e1nto cuesta comprar una m\u00e1quina expendedora de hielo?<\/h2>\n<p style=\"margin-top: 5px;margin-bottom: 5px\">Las m\u00e1quinas expendedoras de hielo se utilizan en una gran variedad de entornos con distintos fines. El coste de las m\u00e1quinas expendedoras de hielo depende en gran medida de la cantidad de hielo y agua que se necesite, el espacio requerido, el coste de la m\u00e1quina y otros factores.<\/p>\n<p style=\"margin-top: 5px;margin-bottom: 5px\"><\/p>\n<h2>\u00bfC\u00f3mo utilizan los japoneses las m\u00e1quinas expendedoras?<\/h2>\n<p style=\"margin-top: 5px;margin-bottom: 5px\">Las m\u00e1quinas expendedoras son muy comunes en Jap\u00f3n, y se utilizan de diversas maneras. En este art\u00edculo, veremos los diferentes tipos de m\u00e1quinas expendedoras, c\u00f3mo funcionan y las diferentes formas en que la gente las utiliza.<\/p>\n<\/p><\/div>","protected":false},"excerpt":{"rendered":"<p>&nbsp; Automatic vending frozn Yogurt &amp; soft ice cream machine Automatic vending frozn Yogurt|PRODUCT FEATURES|HM931 Vending Frozen Yogurt|PRODUCT DETAILS|PRODUCT ADVANTAGE|Automatic vending frozn Yogurt machine &nbsp;Ice Cream Self Serve Vending Machines are the most popular product among the customers. We are offering ice cream vending machines to our customers at a very affordable price. These machines [&hellip;]<\/p>\n","protected":false},"featured_media":261,"comment_status":"open","ping_status":"open","template":"","meta":{"_swt_meta_header_display":false,"_swt_meta_footer_display":false,"_swt_meta_site_title_display":false,"_swt_meta_sticky_header":false,"_swt_meta_transparent_header":false},"product_brand":[],"product_cat":[71,68],"product_tag":[],"class_list":{"0":"post-273","1":"product","2":"type-product","3":"status-publish","4":"has-post-thumbnail","6":"product_cat-ice-cream-vending-machine","7":"product_cat-vending-machine","9":"first","10":"instock","11":"shipping-taxable","12":"product-type-simple"},"_links":{"self":[{"href":"https:\/\/www.hommy.com\/es\/wp-json\/wp\/v2\/product\/273","targetHints":{"allow":["GET"]}}],"collection":[{"href":"https:\/\/www.hommy.com\/es\/wp-json\/wp\/v2\/product"}],"about":[{"href":"https:\/\/www.hommy.com\/es\/wp-json\/wp\/v2\/types\/product"}],"replies":[{"embeddable":true,"href":"https:\/\/www.hommy.com\/es\/wp-json\/wp\/v2\/comments?post=273"}],"wp:featuredmedia":[{"embeddable":true,"href":"https:\/\/www.hommy.com\/es\/wp-json\/wp\/v2\/media\/261"}],"wp:attachment":[{"href":"https:\/\/www.hommy.com\/es\/wp-json\/wp\/v2\/media?parent=273"}],"wp:term":[{"taxonomy":"product_brand","embeddable":true,"href":"https:\/\/www.hommy.com\/es\/wp-json\/wp\/v2\/product_brand?post=273"},{"taxonomy":"product_cat","embeddable":true,"href":"https:\/\/www.hommy.com\/es\/wp-json\/wp\/v2\/product_cat?post=273"},{"taxonomy":"product_tag","embeddable":true,"href":"https:\/\/www.hommy.com\/es\/wp-json\/wp\/v2\/product_tag?post=273"}],"curies":[{"name":"wp","href":"https:\/\/api.w.org\/{rel}","templated":true}]}}