{"id":260,"date":"2024-07-02T12:32:04","date_gmt":"2024-07-02T12:32:04","guid":{"rendered":"http:\/\/localhost\/hommywp\/hm931s-sundae-ice-cream-self-vending-machine-factory-cheap-cost\/"},"modified":"2025-08-01T09:57:30","modified_gmt":"2025-08-01T09:57:30","slug":"hm931s-maquina-expendedora-de-helados-sundae","status":"publish","type":"product","link":"https:\/\/www.hommy.com\/es\/p\/hm931s-maquina-expendedora-de-helados-sundae\/","title":{"rendered":"Hm931s Sundae Helado Auto m\u00e1quina expendedora de f\u00e1brica de bajo costo"},"content":{"rendered":"<p style=\"text-align: center\"><\/p>\n<h2 style=\"text-align: center\">&nbsp;<strong><span style=\"line-height: 1.42857;font-family: arial, helvetica, sans-serif;font-size: 24px\"><a name=\"Vending sundae ice cream machine\"><\/a>M\u00e1quina expendedora de helados<\/span><\/strong><\/h2>\n<p style=\"text-align: center\"><span style=\"font-size: 16px\"><span style=\"line-height: 1.42857;font-family: arial, helvetica, sans-serif\"><a href=\"#Vending sundae ice cream machine\" target=\"_self\" data-lv=\"0\" rel=\"noopener\">M\u00e1quina expendedora de helados<\/a>|<a href=\"#RODUCT FEATURES\" target=\"_self\" data-lv=\"0\" rel=\"noopener\">ARACTER\u00cdSTICAS DEL PRODUCTO<\/a>|<a href=\"#Vending Sundae ice cream machine\" target=\"_self\" data-lv=\"0\" rel=\"noopener\">M\u00e1quina expendedora de helados Sundae<\/a>|<a href=\"#PRODUCT SPECIFICATION\" target=\"_self\" data-lv=\"0\" rel=\"noopener\">ESPECIFICACI\u00d3N DEL PRODUCTO<\/a>|<a href=\"#PRODUCT SPECIFICATION\" target=\"_self\" data-lv=\"0\" rel=\"noopener\">ESPECIFICACI\u00d3N DEL PRODUCTO<\/a><\/span><\/span><\/p>\n<p><span style=\"font-size: 20px;line-height: 1.42857\"><br \/><\/span><\/p>\n<p><!-- Video start --><video poster=\"https:\/\/img80002414.weyesimg.com\/uploads\/www.hommy.com\/video\/15865859723575.mp4?vframe\/jpg\/offset\/1\" id=\"video\" preload=\"auto\" controls=\"controls\" style=\"width:100%;height:510px\"><\/video><!-- Video end --><\/p>\n<p>Nuestra amplia gama de m\u00e1quinas autoexpendedoras de helados de calidad aprobada garantiza que los helados y batidos producidos sean de una calidad inigualable y que usted pueda estar seguro de su sabor, textura y aroma. Nuestra producci\u00f3n de m\u00e1quinas auto expendedoras de helados son ampliamente aplaudidos por sus caracter\u00edsticas \u00fanicas como la producci\u00f3n de cero residuos, cero emisiones, las operaciones ecol\u00f3gicas y cero costes de mantenimiento.<\/p>\n<p><span style=\"font-size: 24px\"><br \/><\/span><\/p>\n<h2><strong><span style=\"font-family: arial, helvetica, sans-serif;font-size: 24px\"><a name=\"RODUCT FEATURES\"><\/a>ARACTER\u00cdSTICAS DEL PRODUCTO<\/span><\/strong><\/h2>\n<div class=\"text-left d-tem09-title d-interval\" data-detail=\"wrap\">\n<div class=\"title-header\">\n<p style=\"margin: 0px;text-align: justify;text-indent: 0px\"><span style=\"letter-spacing: 0px;font-family: Calibri;font-size: 16px\">Hommy vending <a style=\"color:blue\" href=\"\/es\/\">m\u00e1quina de helados<\/a> tiene m\u00e1s funciones humanizadas: mantener fresco, bomba de aire, mezclador en la tolva, descongelar, pasteurizaci\u00f3n, remoto, vende informe, recordar , <\/span><span style=\"letter-spacing: 0px;font-family: \u5b8b\u4f53;font-size: 16px\">Tambi\u00e9n aceptamos OEM y ODM.&nbsp;<\/span><\/p>\n<\/div>\n<\/div>\n<p>&nbsp;<\/p>\n<div class=\"d-tem11-graphic tem11-graphic mockup\" data-detail=\"wrap\">\n<div class=\"tab_row\">\n<div class=\"img\" style=\"width: 50%\"><img loading=\"lazy\" decoding=\"async\" width=\"563\" height=\"682\" title=\"\" style=\"width: 563px;height: 682px\" alt=\"producto-Hommy-img\" src=\"https:\/\/www.hommy.com\/wp-content\/uploads\/15865861187157.png\" border=\"0\" vspace=\"0\"><\/div>\n<div class=\"text_box\" style=\"width: 50%\">\n<div class=\"txt\">\n<div class=\"title\">\n<h2><strong><span style=\"font-family: arial, helvetica, sans-serif;font-size: 24px\"><a name=\"Vending Sundae ice cream machine\"><\/a>M\u00e1quina expendedora de helados Sundae<\/span><\/strong><\/h2>\n<\/div>\n<p>&nbsp;<\/p>\n<p style=\"margin-top:0;margin-right:0;margin-bottom:0;margin-left:0;text-indent:0;text-align:justify\"><span style=\"font-family:\u5b8b\u4f53;letter-spacing:0;font-size:14px\">1.3 sabores de helado para que usted elija .<\/span><\/p>\n<p style=\"margin-top:0;margin-right:0;margin-bottom:0;margin-left:0;text-indent:0;text-align:justify\"><span style=\"font-family:\u5b8b\u4f53;letter-spacing:0;font-size:14px\">2. en el interior puede mantener sobre 70pcs taza y cuchara 70pcs .<\/span><\/p>\n<p style=\"margin-top:0;margin-right:0;margin-bottom:0;margin-left:0;text-indent:0;text-align:justify\"><span style=\"font-family:\u5b8b\u4f53;letter-spacing:0;font-size:14px\">3. sistema de pago: En moneda local -Cash \/coin \/ exchange coin \/credit card \/online pay .<\/span><\/p>\n<p style=\"margin-top:0;margin-right:0;margin-bottom:0;margin-left:0;text-indent:0;text-align:justify\"><span style=\"font-family:\u5b8b\u4f53;letter-spacing:0;font-size:14px\">4.<\/span><span style=\"font-family: Calibri;letter-spacing: 0px\">Mando con pantalla t\u00e1ctil de 10,1 pulgadas similar a la de una tableta con<\/span><span style=\"font-family: \u5b8b\u4f53;letter-spacing: 0px\">&nbsp;<\/span><span style=\"font-family: Calibri;letter-spacing: 0px\">Sistema Android<\/span><\/p>\n<p style=\"margin-top:0;margin-right:0;margin-bottom:0;margin-left:0;text-indent:0;text-align:justify\"><span style=\"font-family:Calibri;letter-spacing:0;font-size:14px\">5. Estados de la m\u00e1quina (temperatura de la tolva y del cilindro<\/span><span style=\"font-family:\u5b8b\u4f53;letter-spacing:0;font-size:14px\">&nbsp;,<\/span><span style=\"font-family:Calibri;letter-spacing:0;font-size:14px\">ajuste racionado,proceso de producci\u00f3n,error , Alerta de nivel de material,Precio<\/span><span style=\"font-family:\u5b8b\u4f53;letter-spacing:0;font-size:14px\">)<\/span><\/p>\n<p style=\"margin-top:0;margin-right:0;margin-bottom:0;margin-left:0;text-indent:0;text-align:justify\"><span style=\"font-family:Calibri;letter-spacing:0;font-size:14px\">Comprobaci\u00f3n de datos (volumen de ventas) ,&nbsp;<\/span><span style=\"font-family: Calibri;letter-spacing: 0px\">Control de dispensaci\u00f3n,&nbsp;<\/span><span style=\"font-family: Calibri;letter-spacing: 0px\">Ajustes de la m\u00e1quina&nbsp;<\/span><span style=\"font-family: Calibri;letter-spacing: 0px\">Funcionamiento inteligente<\/span><span style=\"font-family: Calibri;letter-spacing: 0px\">Funci\u00f3n de env\u00edo de alerta al tel\u00e9fono m\u00f3vil.<\/span><\/p>\n<p style=\"line-height: 1.75em\">6. La m\u00e1quina interior tiene m\u00e1s funci\u00f3n, que puede ayudarle a ahorrar m\u00e1s coste artificial:<\/p>\n<p style=\"line-height: 1.75em\"><span style=\"text-align: justify;font-family: \u5b8b\u4f53;letter-spacing: 0px;font-size: 16px\">-<\/span><span style=\"text-align: justify;font-family: Calibri;letter-spacing: 0px;font-size: 16px\">El sistema de preenfriamiento mantiene la mezcla por debajo del 5<\/span><span style=\"text-align: justify;font-family: \u5b8b\u4f53;letter-spacing: 0px;font-size: 16px\">\u2103<\/span><span style=\"text-align: justify;font-family: Calibri;letter-spacing: 0px;font-size: 16px\">&nbsp;durante los modos autom\u00e1tico y de espera.<\/span><\/p>\n<p style=\"margin-top:0;margin-right:0;margin-bottom:0;margin-left:0;text-indent:0;text-align:justify\"><span style=\"font-family:\u5b8b\u4f53;letter-spacing:0;font-size:16px\">-<\/span><span style=\"font-family:Calibri;letter-spacing:0;font-size:16px\">La bomba de aire suministra la mezcla con cierta cantidad de aire a los cilindros de congelaci\u00f3n.<\/span><\/p>\n<p style=\"margin-top:0;margin-right:0;margin-bottom:0;margin-left:0;text-indent:0;text-align:justify\"><span style=\"font-family:\u5b8b\u4f53;letter-spacing:0;font-size:16px\">-<\/span><span style=\"font-family:Calibri;letter-spacing:0;font-size:16px\">La mezcladora mantiene la uniformidad de la mezcla en las tolvas.<\/span><\/p>\n<p style=\"margin-top:0;margin-right:0;margin-bottom:0;margin-left:0;text-indent:0;text-align:justify\"><span style=\"font-family:\u5b8b\u4f53;letter-spacing:0;font-size:16px\">-<\/span><span style=\"font-family:Calibri;letter-spacing:0;font-size:16px\">El tratamiento t\u00e9rmico proporciona una rutina de limpieza diaria para mantener el producto conforme a las normas de calidad y seguridad hasta dos semanas antes de la limpieza completa con desmontaje.<\/span><\/p>\n<p style=\"margin-top:0;margin-right:0;margin-bottom:0;margin-left:0;text-indent:0;text-align:justify\"><span style=\"font-family:\u5b8b\u4f53;letter-spacing:0;font-size:16px\">-<\/span><span style=\"font-family:Calibri;letter-spacing:0;font-size:16px\">Descongelaci\u00f3n <\/span><\/p>\n<p style=\"margin-top:0;margin-right:0;margin-bottom:0;margin-left:0;text-indent:0;text-align:justify\"><span style=\"font-family:Calibri;letter-spacing:0;font-size:16px\">- La descongelaci\u00f3n de producci\u00f3n funde r\u00e1pidamente el producto en ambos cilindros y, a continuaci\u00f3n, vuelve al modo de producci\u00f3n para reproducirse. <\/span><\/p>\n<p style=\"margin-top:0;margin-right:0;margin-bottom:0;margin-left:0;text-indent:0;text-align:justify\"><span style=\"font-family:Calibri;letter-spacing:0;font-size:16px\">- La descongelaci\u00f3n por lavado funde r\u00e1pidamente el producto en los cilindros, lo que reduce considerablemente los restos antes de la limpieza. <\/span><\/p>\n<p style=\"margin-top:0;margin-right:0;margin-bottom:0;margin-left:0;text-indent:0;text-align:justify\"><span style=\"font-family:\u5b8b\u4f53;letter-spacing:0;font-size:16px\">-<\/span><span style=\"font-family:Calibri;letter-spacing:0;font-size:16px\">Desinfecci\u00f3n<\/span><\/p>\n<p style=\"margin-top:0;margin-right:0;margin-bottom:0;margin-left:0;text-indent:0;text-align:justify\"><span style=\"font-family:Calibri;letter-spacing:0;font-size:16px\">- Funci\u00f3n especial que hace que el proceso de higienizaci\u00f3n sea semiautom\u00e1tico y sencillo.<\/span><\/p>\n<p style=\"margin-top:0;margin-right:0;margin-bottom:0;margin-left:0;text-indent:0;text-align:justify\"><span style=\"font-family:Calibri;letter-spacing:0;font-size:16px\">- No desmonte la m\u00e1quina para limpiar la unidad de bloque de garganta, la unidad de bomba de aire, el batidor y el cilindro. <\/span><\/p>\n<p style=\"margin-top:0;margin-right:0;margin-bottom:0;margin-left:0;text-indent:0;text-align:justify\"><span style=\"font-family:\u5b8b\u4f53;letter-spacing:0;font-size:16px\">-<\/span><span style=\"font-family:Calibri;letter-spacing:0;font-size:16px\">El contador permite al operador ver el n\u00famero de raciones dispensadas.<\/span><\/p>\n<p style=\"line-height: 1.75em\"><span style=\"font-size: 18px\"><strong><br \/><\/strong><\/span><\/p>\n<p style=\"line-height: 1.75em\"><\/p>\n<p style=\"line-height: 1.75em\">&nbsp;<\/p>\n<\/div>\n<\/div>\n<\/div>\n<\/div>\n<p>&nbsp;<\/p>\n<div class=\"text-left d-tem09-title d-interval\" data-detail=\"wrap\">\n<div class=\"title-header\">\n<h2><strong><span style=\"font-family: arial, helvetica, sans-serif;font-size: 24px\"><a name=\"PRODUCT SPECIFICATION\"><\/a>ESPECIFICACI\u00d3N DEL PRODUCTO<\/span><\/strong><\/h2>\n<p><span>La excelente experiencia del cliente es el punto de partida de Hommy.<\/span><\/p>\n<p><span><img decoding=\"async\" src=\"https:\/\/www.hommy.com\/wp-content\/uploads\/15865866043625.png\" title=\"cargas\/www.hommy.com\/images\/https:\/\/www.hommy.com\/wp-content\/uploads\/15865866043625.png\" alt=\"imagen.png\" \/><\/span><\/p>\n<p><span><br \/><\/span><\/p>\n<h2><strong><span style=\"font-size: 24px;font-family: arial, helvetica, sans-serif\"><a name=\"PRODUCT SPECIFICATION\"><\/a>ESPECIFICACI\u00d3N DEL PRODUCTO<\/span><\/strong><br \/><\/h2>\n<p><\/p>\n<p>Hommy han producir m\u00e1quina de helados durante 20 a\u00f1os de experiencia, expendedora de m\u00e1quinas de helados a\u00f1adir m\u00e1s funci\u00f3n de helado suave, porque no hay hombre para el servicio todo el tiempo. nos basamos en esta a\u00f1adir m\u00e1s sensores y el uso de software para controlarlo que es de buena calidad y buena funci\u00f3n.<\/p>\n<\/div>\n<\/div>\n<div class=\"d-tem01-graphic tem01-graphic mockup\" data-detail=\"wrap\">\n<div class=\"cont-section clearfix d-clearfix\">\n<div class=\"col-md-6 col-sm-6 col-xs-6\">\n<div class=\"right-p\">\n<div class=\"h2 heading\">Descongelar&nbsp;<\/div>\n<p><\/p>\n<p><span style=\"letter-spacing: 0px;font-family: \u5b8b\u4f53;font-size: 16px\">Cuando la m\u00e1quina est\u00e1 trabajando 1 hora no se venden a cabo helado, cilindro alg\u00fan tiempo ser\u00e1 bloque, que la configuraci\u00f3n del sistema de descongelaci\u00f3n autom\u00e1tica, por lo que la m\u00e1quina puede seguir trabajando y descongelar el interior de hielo e hizo helado de buena calidad o yogur congelado.&nbsp;<\/span><\/p>\n<\/div>\n<div class=\"graphic_pic animated wow bounceIn\" data-wow-delay=\".7s\">\n<p style=\"text-align: center\"><img loading=\"lazy\" decoding=\"async\" width=\"393\" height=\"211\" title=\"\" style=\"width: 415px\" alt=\"producto-M\u00e1quina expendedora -img\" src=\"https:\/\/www.hommy.com\/wp-content\/uploads\/15788853994504-3.png\"><\/p>\n<p><\/p>\n<p>&nbsp; &nbsp; &nbsp; &nbsp; &nbsp; &nbsp;<\/p><\/div>\n<\/div>\n<div class=\"col-md-6 col-sm-6 col-xs-6\">\n<div class=\"right-p\">\n<div class=\"h2 heading\">Bomba de aire&nbsp;<\/div>\n<div class=\"description\">\n<p><span style=\"letter-spacing: 0px;font-family: \u5b8b\u4f53;font-size: 16px\">Superaci\u00f3n ajustable de 20% a 80%, reduce la generaci\u00f3n de cristales de hielo, hace que el yogur helado (helado) tenga un sabor suave y un aspecto blanco; reduce el uso de materias primas, aumenta los beneficios.<\/span><\/p>\n<p>.<\/p><\/div>\n<\/div>\n<div class=\"graphic_pic animated wow bounceIn\" data-wow-delay=\".7s\"><img loading=\"lazy\" decoding=\"async\" width=\"473\" height=\"228\" title=\"\" style=\"width: 473px\" alt=\"m\u00e1quina expendedora de productos -Hommy-img\" src=\"https:\/\/www.hommy.com\/wp-content\/uploads\/15787019643805-3.png\"><br \/>\n &nbsp; &nbsp; &nbsp; &nbsp; &nbsp; &nbsp;<\/div>\n<\/div>\n<\/div>\n<\/div>\n<p>&nbsp;<\/p>\n<p>&nbsp;<\/p>\n<div class=\"d-tem01-graphic tem01-graphic mockup\" data-detail=\"wrap\">\n<div class=\"cont-section clearfix d-clearfix\">\n<div class=\"col-md-6 col-sm-6 col-xs-6\">\n<div class=\"right-p\">\n<div class=\"h2 heading\">Pasteurizaci\u00f3n&nbsp;<\/div>\n<div class=\"description\"><span style=\"letter-spacing: 0px;font-family: \u5b8b\u4f53;font-size: 16px\">Si usted vende a cabo el helado en la noche la configuraci\u00f3n autom\u00e1tica del sistema Pasteurizaci\u00f3n : Puede matar a <\/span><span style=\"font-family: Calibri;font-size: 16px\">las bacterias <\/span><span style=\"font-family: \u5b8b\u4f53;font-size: 16px\">que <\/span><span style=\"font-family: Calibri;font-size: 16px\">producir<\/span><span style=\"font-family: \u5b8b\u4f53;font-size: 16px\">&nbsp;<\/span><span style=\"font-family: Calibri;font-size: 16px\">dentro de la m\u00e1quina<\/span><span style=\"font-family: \u5b8b\u4f53;font-size: 16px\">&nbsp;de -5<\/span><span style=\"font-family: \u5b8b\u4f53;font-size: 16px\">\u2103<\/span><span style=\"font-family: \u5b8b\u4f53;font-size: 16px\">&nbsp;<\/span><span style=\"font-family: Arial;font-size: 16px\">\u2192<\/span><span style=\"font-family: \u5b8b\u4f53;font-size: 16px\">&nbsp;<\/span><span style=\"font-family: \u5b8b\u4f53;font-size: 16px\">65<\/span><span style=\"font-family: \u5b8b\u4f53;font-size: 16px\">\u2103<\/span><span style=\"font-family: Arial;font-size: 16px\">\u2192<\/span><span style=\"font-family: \u5b8b\u4f53;font-size: 16px\">&nbsp;-5<\/span><span style=\"font-family: \u5b8b\u4f53;font-size: 16px\">\u2103<\/span><span style=\"font-family: Calibri;font-size: 16px\">proceso<\/span><span style=\"font-family: \u5b8b\u4f53;font-size: 16px\">&nbsp;( desinfectar el cilindro de carga y la materia prima en el interior , a continuaci\u00f3n, refrigerar al estado de reserva ) . por lo que puede mantener la m\u00e1quina cada 14 d\u00edas una vez .&nbsp;<\/span>&nbsp;&nbsp;&nbsp;&nbsp;&nbsp;&nbsp;&nbsp;&nbsp;&nbsp;&nbsp;&nbsp;&nbsp;<\/p>\n<p style=\"text-align: center\"><img decoding=\"async\" title=\"\" alt=\"producto-M\u00e1quina expendedora de helados HM931S-Hommy-img\" src=\"https:\/\/www.hommy.com\/wp-content\/uploads\/15787019009152-3.png\"><\/p>\n<\/div>\n<\/div>\n<\/div>\n<div class=\"col-md-6 col-sm-6 col-xs-6\">\n<div class=\"right-p\">\n<div class=\"h2 heading\">Dejar sensor<\/div>\n<div class=\"description\"><span style=\"font-family: \u5b8b\u4f53;font-size: 16px\">Dejar sensor tienen <\/span><span style=\"font-family: Calibri;font-size: 16px\">Segunda etapa, la primera etapa de alarma de nivel de material faltante, la segunda etapa de apagado autom\u00e1tico.<\/span><span style=\"font-family: \u5b8b\u4f53;font-size: 16px\">&nbsp;Cuando reciba el primer mensaje, tiene un tiempo para a\u00f1adir material, no es necesario que la m\u00e1quina se detenga para trabajar. <\/span><\/div>\n<\/div>\n<div class=\"graphic_pic animated wow bounceIn\" data-wow-delay=\".7s\">\n<p style=\"text-align: center\"><img loading=\"lazy\" decoding=\"async\" width=\"473\" height=\"306\" title=\"\" style=\"width: 203px\" alt=\"producto-Hommy-img\" src=\"https:\/\/www.hommy.com\/wp-content\/uploads\/15788874673345-3.jpg\"><\/p>\n<\/div>\n<\/div>\n<\/div>\n<\/div>\n<p><\/p>\n<p>&nbsp;<\/p>\n<div class=\"d-tem01-graphic tem01-graphic mockup\" data-detail=\"wrap\">\n<div class=\"cont-section clearfix d-clearfix\">\n<div class=\"col-md-6 col-sm-6 col-xs-6\">\n<div class=\"right-p\">\n<div class=\"h2 heading\">Funci\u00f3n de promoci\u00f3n<\/div>\n<div class=\"description\">\n<p style=\"font-family: Calibri;font-size: 16px;font-style: normal;font-weight: normal;margin-top: 0px;margin-bottom: 0px\"><span style=\"font-family: \u5b8b\u4f53;font-size: 16px\">La m\u00e1quina en el interior tienen la funci\u00f3n de promoci\u00f3n, la configuraci\u00f3n de la promoci\u00f3n en cualquier momento del d\u00eda a la hora de todo es seguir. puede configurar segundo helado mitad de precio que dar al cliente m\u00e1s descuento <\/span><\/p>\n<p style=\"margin: 1em 0px 13px\"><span style=\"font-family: \u5b8b\u4f53;font-size: 16px\"><span>&nbsp;&nbsp;&nbsp;Eso puede ayudarle a a\u00f1adir cantidad de sell out .<\/span><\/span><\/p>\n<\/div>\n<\/div>\n<div class=\"graphic_pic animated wow bounceIn\" data-wow-delay=\".7s\">\n<p style=\"text-align: center\"><img decoding=\"async\" title=\"\" alt=\"producto-Hommy-img-1\" src=\"https:\/\/www.hommy.com\/wp-content\/uploads\/15788858121941-3.png\"><\/p>\n<\/div>\n<\/div>\n<div class=\"col-md-6 col-sm-6 col-xs-6\">\n<div class=\"right-p\">\n<div class=\"h2 heading\">Idioma diferente<\/div>\n<div class=\"description\">\n<p style=\"font-family: Calibri;font-size: 16px;font-style: normal;font-weight: normal;margin-top: 0px;margin-bottom: 0px\"><span style=\"font-family: \u5b8b\u4f53;font-size: 16px\">La m\u00e1quina en el interior tienen m\u00e1s idiomas para que usted elija: chino, Ingl\u00e9s, Polonia, Arabia Saudita, Malasia, Tailandia, Espa\u00f1a.<\/span><\/p>\n<p>.<\/p><\/div>\n<\/div>\n<div class=\"graphic_pic animated wow bounceIn\" data-wow-delay=\".7s\">\n<p style=\"text-align: center\"><img loading=\"lazy\" decoding=\"async\" width=\"404\" height=\"209\" title=\"\" style=\"width: 271px\" alt=\"producto-M\u00e1quina expendedora de helados Hommy-HM931S-img-1\" src=\"https:\/\/www.hommy.com\/wp-content\/uploads\/15788858317746-3.png\"><\/p>\n<\/div>\n<\/div>\n<\/div>\n<\/div>\n<p>Documento\uff1a<img decoding=\"async\" src=\"https:\/\/www.hommy.com\/wp-content\/uploads\/icon_pdf-6.gif\" style=\"margin-right: 2px\" alt=\"producto-M\u00e1quina expendedora -img-1\" title=\"\"><a href=\"https:\/\/img80002414.weyesimg.com\/uploads\/www.hommy.com\/addon\/16028339783025.pdf\" title=\"16028339783025.pdf\" style=\"font-size: 12px\">16028339783025.pdf<\/a><\/p>\n<h2>Es <a style=\"color:blue\" href=\"\/es\/\">heladora<\/a> \u00bfmerece la pena el dinero?<\/h2>\n<p style=\"margin-top: 5px;margin-bottom: 5px\">A mi hijo le encantan los helados. Le gusta porque sabe a helado y porque puede ponerle los ingredientes que quiera. Cuando vamos a la tienda, siempre pide helado de vainilla con trocitos de chocolate, sirope de chocolate y virutas de chocolate. Creo que ser\u00eda genial poder hacer mi propio helado, o hacer el suyo.<\/p>\n<p style=\"margin-top: 5px;margin-bottom: 5px\"><\/p>\n<h2>\u00bfCu\u00e1nto cuesta fabricar tu propio hielo?<\/h2>\n<p style=\"margin-top: 5px;margin-bottom: 5px\">El hielo es una forma estupenda de enfriar bebidas y alimentos. La mayor\u00eda de las veces, cuando la gente hace hielo, utiliza una m\u00e1quina que hace el trabajo por ellos. Hay muchos tipos de m\u00e1quinas de hielo que se pueden utilizar para crear hielo y esto incluye:Home Ice Makers.There muchos fabricantes de hielo en casa que la gente puede comprar o construir ellos mismos. La mayor\u00eda de estas m\u00e1quinas hacen grandes cantidades de hielo a la vez. Esto es ideal para fiestas y reuniones. Si desea hacer su propio hielo en casa es f\u00e1cil de hacer y hay muchos tutoriales sobre c\u00f3mo hacerlo.<\/p>\n<p style=\"margin-top: 5px;margin-bottom: 5px\"><\/p>\n<h2>Son <a style=\"color:blue\" href=\"https:\/\/www.hommy.com\/es\/maquina-expendedora\/\">m\u00e1quina expendedora de helados<\/a>\u00bfEs rentable?<\/h2>\n<p style=\"margin-top: 5px;margin-bottom: 5px\">Las m\u00e1quinas expendedoras de helados son muy rentables para sus propietarios. A la gente le encanta el helado y est\u00e1 dispuesta a pagar por \u00e9l. Los m\u00e1rgenes de beneficio de estas m\u00e1quinas son superiores a los de otras m\u00e1quinas. Las m\u00e1quinas expendedoras de helados son utilizadas por las masas para satisfacer sus antojos de helado. Estas m\u00e1quinas son capaces de proporcionar todo tipo de sabores de helado que la gente puede disfrutar en casa. Estas m\u00e1quinas se utilizan mucho en universidades, aeropuertos, cafeter\u00edas y tiendas de conveniencia. Las m\u00e1quinas expendedoras de helados est\u00e1n equipadas con diferentes sabores de helado y otros tipos de productos.<\/p>\n<\/p><\/div>","protected":false},"excerpt":{"rendered":"<p>&nbsp;Vending sundae ice cream machine Vending sundae ice cream machine|RODUCT FEATURES|Vending Sundae ice cream machine|PRODUCT SPECIFICATION|PRODUCT SPECIFICATION Our wide range of quality-approved Ice Cream Self Vending Machine ensures that the produced ice creams, milk shakes, are of unmatched quality and that you can be certain of their taste, texture, and aroma. Our production of Ice [&hellip;]<\/p>\n","protected":false},"featured_media":251,"comment_status":"open","ping_status":"open","template":"","meta":{"_swt_meta_header_display":false,"_swt_meta_footer_display":false,"_swt_meta_site_title_display":false,"_swt_meta_sticky_header":false,"_swt_meta_transparent_header":false},"product_brand":[],"product_cat":[71,68],"product_tag":[],"class_list":{"0":"post-260","1":"product","2":"type-product","3":"status-publish","4":"has-post-thumbnail","6":"product_cat-ice-cream-vending-machine","7":"product_cat-vending-machine","9":"first","10":"instock","11":"shipping-taxable","12":"product-type-simple"},"_links":{"self":[{"href":"https:\/\/www.hommy.com\/es\/wp-json\/wp\/v2\/product\/260","targetHints":{"allow":["GET"]}}],"collection":[{"href":"https:\/\/www.hommy.com\/es\/wp-json\/wp\/v2\/product"}],"about":[{"href":"https:\/\/www.hommy.com\/es\/wp-json\/wp\/v2\/types\/product"}],"replies":[{"embeddable":true,"href":"https:\/\/www.hommy.com\/es\/wp-json\/wp\/v2\/comments?post=260"}],"wp:featuredmedia":[{"embeddable":true,"href":"https:\/\/www.hommy.com\/es\/wp-json\/wp\/v2\/media\/251"}],"wp:attachment":[{"href":"https:\/\/www.hommy.com\/es\/wp-json\/wp\/v2\/media?parent=260"}],"wp:term":[{"taxonomy":"product_brand","embeddable":true,"href":"https:\/\/www.hommy.com\/es\/wp-json\/wp\/v2\/product_brand?post=260"},{"taxonomy":"product_cat","embeddable":true,"href":"https:\/\/www.hommy.com\/es\/wp-json\/wp\/v2\/product_cat?post=260"},{"taxonomy":"product_tag","embeddable":true,"href":"https:\/\/www.hommy.com\/es\/wp-json\/wp\/v2\/product_tag?post=260"}],"curies":[{"name":"wp","href":"https:\/\/api.w.org\/{rel}","templated":true}]}}